{"id":349,"date":"2022-08-05T11:21:13","date_gmt":"2022-08-05T10:21:13","guid":{"rendered":"http:\/\/therifles.net\/ask-isteyen-bekarlar-icin-gercek-tanisma-uygulamalari\/"},"modified":"2022-08-05T14:33:09","modified_gmt":"2022-08-05T13:33:09","slug":"ask-isteyen-bekarlar-icin-gercek-tanisma-uygulamalari","status":"publish","type":"page","link":"https:\/\/therifles.net\/tr\/","title":{"rendered":"A\u015fk \u0130steyen Bekarlar \u0130\u00e7in Ger\u00e7ek Tan\u0131\u015fma Uygulamalar\u0131"},"content":{"rendered":"<p>A\u015fk\u0131 veya benzer d\u00fc\u015f\u00fcnen kad\u0131nlar\u0131 bulmakta zorlan\u0131yor musunuz?<\/p>\n<p>A\u015fk\u0131 \u00e7evrimi\u00e7i aramak zorunda kalmadan bulman\u0131n yeterince zor oldu\u011funu d\u00fc\u015f\u00fcnebilirsiniz. Ancak yeti\u015fkin tan\u0131\u015fma siteleri i\u015fleri kolayla\u015ft\u0131r\u0131r \u00e7\u00fcnk\u00fc \u00fcyeleri ya\u015f, cinsiyet, konum, ilgi alanlar\u0131, etnik k\u00f6ken, din, v\u00fccut tipi, cinsel y\u00f6nelim, ya\u015fam tarz\u0131 se\u00e7imleri, ili\u015fki durumu vb. G\u00f6re filtreleyebilirsiniz. D\u0131\u015far\u0131 \u00e7\u0131k\u0131p onlar\u0131 bulman\u0131za bile gerek yok. Tek yapman\u0131z gereken online kay\u0131t olmak. Bunu yapt\u0131ktan sonra, profillere g\u00f6z atabilir ve potansiyel e\u015fle\u015fmelere mesaj g\u00f6nderebilirsiniz.<\/p>\n<p>Yeti\u015fkin arkada\u015fl\u0131k uygulamalar\u0131n\u0131n en iyi yan\u0131, kendinizi ifade etmekte \u00f6zg\u00fcr olman\u0131zd\u0131r. Kural veya d\u00fczenleme yoktur &#8211; sadece a\u015fk\u0131 arayan insanlar. Ve sizi d\u00fcr\u00fcst, a\u00e7\u0131k ve \u015feffaf olmaktan al\u0131koyan hi\u00e7bir \u015fey olmad\u0131\u011f\u0131ndan, bir partnerden tam olarak ne istedi\u011finizi s\u00f6yleyebilirsiniz.<\/p>\n<p><img loading=\"lazy\" class=\"aligncenter wp-image-35\" src=\"http:\/\/therifles.net\/wp-content\/uploads\/2022\/08\/tinder-app-1024x683.jpeg\" alt=\"\" width=\"633\" height=\"422\" srcset=\"https:\/\/therifles.net\/wp-content\/uploads\/2022\/08\/tinder-app-1024x683.jpeg 1024w, https:\/\/therifles.net\/wp-content\/uploads\/2022\/08\/tinder-app-300x200.jpeg 300w, https:\/\/therifles.net\/wp-content\/uploads\/2022\/08\/tinder-app-768x512.jpeg 768w, https:\/\/therifles.net\/wp-content\/uploads\/2022\/08\/tinder-app-120x80.jpeg 120w, https:\/\/therifles.net\/wp-content\/uploads\/2022\/08\/tinder-app.jpeg 1125w\" sizes=\"(max-width: 633px) 100vw, 633px\" \/><\/p>\n<h2>Misyonumuz<\/h2>\n<p>Ger\u00e7ek ad\u0131n\u0131z\u0131, e-posta adresinizi ve hatta kredi kart\u0131 numaran\u0131z\u0131 vermek zorunda olmad\u0131\u011f\u0131n\u0131z \u00e7evrimi\u00e7i bir tan\u0131\u015fma inceleme sitesiyiz. Profillere g\u00f6z atabilir, mesaj g\u00f6nderebilir, foto\u011fraf ve videolar\u0131 g\u00f6r\u00fcnt\u00fcleyebilir ve hatta g\u00fcvenli ve emniyetli sitemizde arkada\u015f edinebilirsiniz.<\/p>\n<p>A\u015fk, romantizm, arkada\u015fl\u0131k veya seks ar\u0131yorsan\u0131z, do\u011fru yere geldiniz. Kimsenin sizin hakk\u0131n\u0131zda hi\u00e7bir \u015fey bilmedi\u011fi tamamen anonim bir deneyim sunuyoruz, b\u00f6ylece a\u015fk\u0131 ve daha fazlas\u0131n\u0131 bulmak i\u00e7in en iyi ba\u011flant\u0131 uygulamalar\u0131na kat\u0131labilirsiniz. Kaydolmak 5 dakikadan az s\u00fcrer ve hemen kat\u0131labilirsiniz.<\/p>\n<p>Sitemizi a\u015fk\u0131 bulmak i\u00e7in zaten kullanan binlerce yeti\u015fkin var ve bu insanlar\u0131n \u00e7o\u011fu s\u0131radan kar\u015f\u0131la\u015fmalar ar\u0131yor. \u00d6zel birini bulmakla ilgileniyorsan\u0131z, neden bug\u00fcn bu siteleri denemiyorsunuz?<\/p>\n<h2>En \u0130yi 4 Se\u00e7imimiz<\/h2>\n<h3>Bumble<\/h3>\n<p>Bumble, Tinder&#8217;a benzer, ancak erkeklerin temas ba\u015flatmas\u0131 gerekmez. Kad\u0131nlar yapar. Bir kad\u0131n bir erkekle e\u015fle\u015fmek istiyorsa, ona bir istek g\u00f6ndermek zorundad\u0131r. Ona ula\u015fmas\u0131 i\u00e7in beklemek zorunda de\u011fil. Bunun yerine, ilgilenmiyorsa sola kayd\u0131rabilir veya ilgileniyorsa sa\u011fa kayd\u0131rabilir.<\/p>\n<p>S\u0131radan bulu\u015fmaya ek olarak, Bumble ciddi bir ili\u015fki bulmak i\u00e7in de kullan\u0131labilir. Bir profil olu\u015fturduktan sonra, ki\u015fi kendileri hakk\u0131nda yazabilir ve hobiler, kariyer hedefleri gibi \u015feyleri i\u00e7erebilir. Ayr\u0131ca, fiziksel \u00f6zellikler, ki\u015filik vb. dahil olmak \u00fczere ideal partnerleri hakk\u0131nda bir \u015feyler yazabilirler.<\/p>\n<h3>Kasual<\/h3>\n<p>Kasual, a\u015fk\u0131 bulmay\u0131 kolayla\u015ft\u0131ran \u00fccretsiz bir arkada\u015fl\u0131k uygulamas\u0131d\u0131r. \u0130nsanlar \u00f6zel birini bulmaya \u00e7al\u0131\u015f\u0131yor ve bunu anonim olarak yapman\u0131n yollar\u0131n\u0131 ar\u0131yorlar. Uygulama, g\u00f6rd\u00fcklerinizi be\u011fenmezseniz sola veya be\u011fenmezseniz sa\u011fa kayd\u0131rd\u0131\u011f\u0131n\u0131z Tinder gibi \u00e7al\u0131\u015f\u0131r. Ancak Tinder&#8217;\u0131n aksine, ba\u015fkalar\u0131na mesaj g\u00f6ndermenin bir yolu yoktur. Bunun yerine, ba\u015fka biriyle vuraca\u011f\u0131n\u0131z\u0131 d\u00fc\u015f\u00fcn\u00fcyorsan\u0131z sa\u011fa kayd\u0131rman\u0131z yeterlidir. Y\u00fcz\u00fcn\u00fcz\u00fc bulan\u0131kla\u015ft\u0131rabilir ve kendinizi sevimli g\u00f6stermek i\u00e7in birka\u00e7 emoji ekleyebilirsiniz. Uygulama herhangi bir veri toplamad\u0131\u011f\u0131ndan, aramalarda g\u00f6r\u00fcnmez.<\/p>\n<h3>Yaramaz Ol<\/h3>\n<p>BeNaughty, konum ve ilgi alanlar\u0131na g\u00f6re insanlarla tan\u0131\u015fman\u0131z\u0131 sa\u011flayan \u00e7evrimi\u00e7i bir e\u015fle\u015ftirme uygulamas\u0131d\u0131r. \u0130ndirmek ve kullanmak \u00fccretsizdir, ancak sizin i\u00e7in minimum \u00e7aba gerektirir. \u00c7evrimi\u00e7i bir tan\u0131\u015fma sitesine kaydolman\u0131n \u00e7ok fazla i\u015f oldu\u011funu d\u00fc\u015f\u00fcnen insanlardan biri olmak istemezsiniz. \u00d6yleyse daha ne bekliyorsun? BeNaughty&#8217;yi \u015fimdi indirin ve nas\u0131l \u00e7al\u0131\u015ft\u0131\u011f\u0131n\u0131 g\u00f6r\u00fcn.<\/p>\n<h3>Kav<\/h3>\n<p>Tinder, d\u00fcnyan\u0131n en \u00fcnl\u00fc arkada\u015fl\u0131k uygulamas\u0131d\u0131r ve buna \u015fa\u015fmamal\u0131. \u00dccretsiz, kullan\u0131m\u0131 kolay ve biriyle tan\u0131\u015ft\u0131\u011f\u0131n\u0131zda unutmak daha da kolay. Biriyle ba\u011flant\u0131 kurmak istiyorsan\u0131z, b\u00f6lgenizdeki her bir ki\u015fiyi sola veya sa\u011fa kayd\u0131rman\u0131z yeterlidir. Ve e\u011fer ilgin\u00e7 birini g\u00f6rm\u00fcyorsan\u0131z, d\u0131\u015far\u0131da sizi bekleyen bir\u00e7ok ki\u015fi var. Tinder m\u00fckemmel de\u011fil, ama kesinlikle kontrol etmeye de\u011fer.<\/p>\n<p><img loading=\"lazy\" class=\"aligncenter wp-image-36\" src=\"http:\/\/therifles.net\/wp-content\/uploads\/2022\/08\/bench-dating.jpeg\" alt=\"\" width=\"580\" height=\"435\" srcset=\"https:\/\/therifles.net\/wp-content\/uploads\/2022\/08\/bench-dating.jpeg 1000w, https:\/\/therifles.net\/wp-content\/uploads\/2022\/08\/bench-dating-300x225.jpeg 300w, https:\/\/therifles.net\/wp-content\/uploads\/2022\/08\/bench-dating-768x576.jpeg 768w, https:\/\/therifles.net\/wp-content\/uploads\/2022\/08\/bench-dating-880x660.jpeg 880w\" sizes=\"(max-width: 580px) 100vw, 580px\" \/><\/p>\n<h2>Arkada\u015fl\u0131k Uygulamalar\u0131ndan En \u0130yi \u015eekilde Yararlanmak<\/h2>\n<p>Uyumlu birini bulmaya \u00e7al\u0131\u015fman\u0131n ne kadar sinir bozucu olabilece\u011fini anl\u0131yoruz. Bu nedenle, ki\u015fisel tercihlerinize g\u00f6re tan\u0131\u015fma sitelerinde ba\u015fkalar\u0131yla ba\u011flant\u0131 kurman\u0131za yard\u0131mc\u0131 olmak i\u00e7in incelemelerimizi olu\u015fturduk. Ya\u015fam tarz\u0131n\u0131za uymayan bir tarihe tak\u0131l\u0131p kalma konusunda endi\u015felenmenize gerek yok. Ve her profilin beklentilerinizi kar\u015f\u0131lad\u0131\u011f\u0131ndan emin oldu\u011fumuz i\u00e7in ne bekleyece\u011finizi her zaman bileceksiniz.<\/p>\n<p>\u0130ster s\u0131radan seks ister ciddi ili\u015fkiler olsun, \u00f6zel biriyle tan\u0131\u015fmak i\u00e7in bir\u00e7ok f\u0131rsat var. Ancak insanlarla ba\u011flant\u0131 kurman\u0131n en iyi yolunu bulmak zor olabilir. Benzer ilgi alanlar\u0131n\u0131 payla\u015fan benzer d\u00fc\u015f\u00fcnen yeti\u015fkinlerle tan\u0131\u015fmaya ba\u015flamak istiyorsan\u0131z.<\/p>\n<p>1. Kendin Ol &#8211; Ba\u015fka biriymi\u015f gibi davranmaya \u00e7al\u0131\u015fmay\u0131n. Ciddi bir ili\u015fki ar\u0131yorsan\u0131z, herkesin sadece e\u011flendi\u011fi bir siteye kat\u0131lmay\u0131n. \u0130nsanlar sizi neyin i\u015faretledi\u011fini bilmek istiyor. \u00d6yleyse bize kendinizden bahsedin. Bize ne yapmaktan ho\u015fland\u0131\u011f\u0131n\u0131z\u0131, ne kadar para kazand\u0131\u011f\u0131n\u0131z\u0131, hobilerinizi vb. S\u00f6yleyin. Bu, sizi benzer \u00f6zellikleri payla\u015fan di\u011fer ki\u015filerle e\u015fle\u015ftirmemize yard\u0131mc\u0131 olur. De\u011ferlerinizi ve ki\u015fili\u011finizi payla\u015fan birini bulman\u0131za yard\u0131mc\u0131 olaca\u011f\u0131z.<\/p>\n<p>2. Profilinizi Bir \u0130\u015f Orta\u011f\u0131nda \u0130stediklerinizle E\u015fle\u015ftirin &#8211; Bir partnerde hangi nitelikleri istedi\u011finizi d\u00fc\u015f\u00fcn\u00fcn.<\/p>\n<ul>\n<li>Komik mi?<\/li>\n<li>Ak\u0131ll\u0131?<\/li>\n<li>Atletik?<\/li>\n<li>A\u00e7\u0131k havada vakit ge\u00e7irmekten ho\u015flan\u0131yor mu?<\/li>\n<\/ul>\n<p>Bu \u015feyler potansiyel ma\u00e7lar\u0131n alan\u0131n\u0131 daraltman\u0131za yard\u0131mc\u0131 olabilir. \u00d6rne\u011fin, spordan ho\u015flanan birini istemiyorsan\u0131z, eHarmony.com gibi sitelerde basketbol oynayan kimseyi g\u00f6rmezsiniz. Ya da tak\u0131lmaktan ho\u015flanan birini istiyorsan\u0131z.<\/p>\n<h3>LGBT+ Kapsay\u0131c\u0131<\/h3>\n<p>\u00c7evrimi\u00e7i bulu\u015fma d\u00fcnyas\u0131 \u00e7ok geni\u015ftir. Orada y\u00fczlerce site ile, ihtiya\u00e7lar\u0131n\u0131za uygun birini bulmak s\u00f6ylemekten daha kolayd\u0131r. Bununla birlikte, belirli bir \u015fey ar\u0131yorsan\u0131z, d\u00fcz, e\u015fcinsel, bi, trans ve aralar\u0131ndaki di\u011fer her \u015fey dahil olmak \u00fczere t\u00fcm cinsel y\u00f6nelim spektrumuna yay\u0131lan kategorilerin tam bir listesini derledik.<\/p>\n","protected":false},"excerpt":{"rendered":"<p>A\u015fk\u0131 veya benzer d\u00fc\u015f\u00fcnen kad\u0131nlar\u0131 bulmakta zorlan\u0131yor musunuz? A\u015fk\u0131 \u00e7evrimi\u00e7i aramak zorunda kalmadan bulman\u0131n yeterince zor oldu\u011funu d\u00fc\u015f\u00fcnebilirsiniz. Ancak yeti\u015fkin<\/p>\n","protected":false},"author":1,"featured_media":0,"parent":0,"menu_order":0,"comment_status":"closed","ping_status":"closed","template":"","meta":[],"yoast_head":"<!-- This site is optimized with the Yoast SEO plugin v17.7.1 - https:\/\/yoast.com\/wordpress\/plugins\/seo\/ -->\n<title>A\u015fk \u0130steyen Bekarlar \u0130\u00e7in Ger\u00e7ek Tan\u0131\u015fma Uygulamalar\u0131 - Modern Ba\u011flant\u0131 K\u0131lavuzu<\/title>\n<meta name=\"robots\" content=\"index, follow, max-snippet:-1, max-image-preview:large, max-video-preview:-1\" \/>\n<link rel=\"canonical\" href=\"https:\/\/therifles.net\/tr\/\" \/>\n<meta property=\"og:locale\" content=\"tr_TR\" \/>\n<meta property=\"og:type\" content=\"article\" \/>\n<meta property=\"og:title\" content=\"A\u015fk \u0130steyen Bekarlar \u0130\u00e7in Ger\u00e7ek Tan\u0131\u015fma Uygulamalar\u0131 - Modern Ba\u011flant\u0131 K\u0131lavuzu\" \/>\n<meta property=\"og:description\" content=\"A\u015fk\u0131 veya benzer d\u00fc\u015f\u00fcnen kad\u0131nlar\u0131 bulmakta zorlan\u0131yor musunuz? A\u015fk\u0131 \u00e7evrimi\u00e7i aramak zorunda kalmadan bulman\u0131n yeterince zor oldu\u011funu d\u00fc\u015f\u00fcnebilirsiniz. Ancak yeti\u015fkin\" \/>\n<meta property=\"og:url\" content=\"https:\/\/therifles.net\/tr\/\" \/>\n<meta property=\"og:site_name\" content=\"Modern Ba\u011flant\u0131 K\u0131lavuzu\" \/>\n<meta property=\"article:modified_time\" content=\"2022-08-05T13:33:09+00:00\" \/>\n<meta property=\"og:image\" content=\"http:\/\/therifles.net\/wp-content\/uploads\/2022\/08\/tinder-app-1024x683.jpeg\" \/>\n<meta name=\"twitter:card\" content=\"summary_large_image\" \/>\n<meta name=\"twitter:label1\" content=\"Tahmini okuma s\u00fcresi\" \/>\n\t<meta name=\"twitter:data1\" content=\"5 dakika\" \/>\n<script type=\"application\/ld+json\" class=\"yoast-schema-graph\">{\"@context\":\"https:\/\/schema.org\",\"@graph\":[{\"@type\":\"WebSite\",\"@id\":\"https:\/\/therifles.net\/#website\",\"url\":\"https:\/\/therifles.net\/\",\"name\":\"Modern Ba\\u011flant\\u0131 K\\u0131lavuzu\",\"description\":\"Ki\\u015fisel Dan\\u0131\\u015fman\",\"potentialAction\":[{\"@type\":\"SearchAction\",\"target\":{\"@type\":\"EntryPoint\",\"urlTemplate\":\"https:\/\/therifles.net\/?s={search_term_string}\"},\"query-input\":\"required name=search_term_string\"}],\"inLanguage\":\"tr\"},{\"@type\":\"ImageObject\",\"@id\":\"https:\/\/therifles.net\/tr\/#primaryimage\",\"inLanguage\":\"tr\",\"url\":\"http:\/\/therifles.net\/wp-content\/uploads\/2022\/08\/tinder-app-1024x683.jpeg\",\"contentUrl\":\"http:\/\/therifles.net\/wp-content\/uploads\/2022\/08\/tinder-app-1024x683.jpeg\"},{\"@type\":\"WebPage\",\"@id\":\"https:\/\/therifles.net\/tr\/#webpage\",\"url\":\"https:\/\/therifles.net\/tr\/\",\"name\":\"A\\u015fk \\u0130steyen Bekarlar \\u0130\\u00e7in Ger\\u00e7ek Tan\\u0131\\u015fma Uygulamalar\\u0131 - Modern Ba\\u011flant\\u0131 K\\u0131lavuzu\",\"isPartOf\":{\"@id\":\"https:\/\/therifles.net\/#website\"},\"primaryImageOfPage\":{\"@id\":\"https:\/\/therifles.net\/tr\/#primaryimage\"},\"datePublished\":\"2022-08-05T10:21:13+00:00\",\"dateModified\":\"2022-08-05T13:33:09+00:00\",\"breadcrumb\":{\"@id\":\"https:\/\/therifles.net\/tr\/#breadcrumb\"},\"inLanguage\":\"tr\",\"potentialAction\":[{\"@type\":\"ReadAction\",\"target\":[\"https:\/\/therifles.net\/tr\/\"]}]},{\"@type\":\"BreadcrumbList\",\"@id\":\"https:\/\/therifles.net\/tr\/#breadcrumb\",\"itemListElement\":[{\"@type\":\"ListItem\",\"position\":1,\"name\":\"Home\",\"item\":\"https:\/\/therifles.net\/tr\/\"},{\"@type\":\"ListItem\",\"position\":2,\"name\":\"A\\u015fk \\u0130steyen Bekarlar \\u0130\\u00e7in Ger\\u00e7ek Tan\\u0131\\u015fma Uygulamalar\\u0131\"}]}]}<\/script>\n<!-- \/ Yoast SEO plugin. -->","yoast_head_json":{"title":"A\u015fk \u0130steyen Bekarlar \u0130\u00e7in Ger\u00e7ek Tan\u0131\u015fma Uygulamalar\u0131 - Modern Ba\u011flant\u0131 K\u0131lavuzu","robots":{"index":"index","follow":"follow","max-snippet":"max-snippet:-1","max-image-preview":"max-image-preview:large","max-video-preview":"max-video-preview:-1"},"canonical":"https:\/\/therifles.net\/tr\/","og_locale":"tr_TR","og_type":"article","og_title":"A\u015fk \u0130steyen Bekarlar \u0130\u00e7in Ger\u00e7ek Tan\u0131\u015fma Uygulamalar\u0131 - Modern Ba\u011flant\u0131 K\u0131lavuzu","og_description":"A\u015fk\u0131 veya benzer d\u00fc\u015f\u00fcnen kad\u0131nlar\u0131 bulmakta zorlan\u0131yor musunuz? A\u015fk\u0131 \u00e7evrimi\u00e7i aramak zorunda kalmadan bulman\u0131n yeterince zor oldu\u011funu d\u00fc\u015f\u00fcnebilirsiniz. Ancak yeti\u015fkin","og_url":"https:\/\/therifles.net\/tr\/","og_site_name":"Modern Ba\u011flant\u0131 K\u0131lavuzu","article_modified_time":"2022-08-05T13:33:09+00:00","og_image":[{"url":"http:\/\/therifles.net\/wp-content\/uploads\/2022\/08\/tinder-app-1024x683.jpeg"}],"twitter_card":"summary_large_image","twitter_misc":{"Tahmini okuma s\u00fcresi":"5 dakika"},"schema":{"@context":"https:\/\/schema.org","@graph":[{"@type":"WebSite","@id":"https:\/\/therifles.net\/#website","url":"https:\/\/therifles.net\/","name":"Modern Ba\u011flant\u0131 K\u0131lavuzu","description":"Ki\u015fisel Dan\u0131\u015fman","potentialAction":[{"@type":"SearchAction","target":{"@type":"EntryPoint","urlTemplate":"https:\/\/therifles.net\/?s={search_term_string}"},"query-input":"required name=search_term_string"}],"inLanguage":"tr"},{"@type":"ImageObject","@id":"https:\/\/therifles.net\/tr\/#primaryimage","inLanguage":"tr","url":"http:\/\/therifles.net\/wp-content\/uploads\/2022\/08\/tinder-app-1024x683.jpeg","contentUrl":"http:\/\/therifles.net\/wp-content\/uploads\/2022\/08\/tinder-app-1024x683.jpeg"},{"@type":"WebPage","@id":"https:\/\/therifles.net\/tr\/#webpage","url":"https:\/\/therifles.net\/tr\/","name":"A\u015fk \u0130steyen Bekarlar \u0130\u00e7in Ger\u00e7ek Tan\u0131\u015fma Uygulamalar\u0131 - Modern Ba\u011flant\u0131 K\u0131lavuzu","isPartOf":{"@id":"https:\/\/therifles.net\/#website"},"primaryImageOfPage":{"@id":"https:\/\/therifles.net\/tr\/#primaryimage"},"datePublished":"2022-08-05T10:21:13+00:00","dateModified":"2022-08-05T13:33:09+00:00","breadcrumb":{"@id":"https:\/\/therifles.net\/tr\/#breadcrumb"},"inLanguage":"tr","potentialAction":[{"@type":"ReadAction","target":["https:\/\/therifles.net\/tr\/"]}]},{"@type":"BreadcrumbList","@id":"https:\/\/therifles.net\/tr\/#breadcrumb","itemListElement":[{"@type":"ListItem","position":1,"name":"Home","item":"https:\/\/therifles.net\/tr\/"},{"@type":"ListItem","position":2,"name":"A\u015fk \u0130steyen Bekarlar \u0130\u00e7in Ger\u00e7ek Tan\u0131\u015fma Uygulamalar\u0131"}]}]}},"_links":{"self":[{"href":"https:\/\/therifles.net\/tr\/wp-json\/wp\/v2\/pages\/349"}],"collection":[{"href":"https:\/\/therifles.net\/tr\/wp-json\/wp\/v2\/pages"}],"about":[{"href":"https:\/\/therifles.net\/tr\/wp-json\/wp\/v2\/types\/page"}],"author":[{"embeddable":true,"href":"https:\/\/therifles.net\/tr\/wp-json\/wp\/v2\/users\/1"}],"replies":[{"embeddable":true,"href":"https:\/\/therifles.net\/tr\/wp-json\/wp\/v2\/comments?post=349"}],"version-history":[{"count":1,"href":"https:\/\/therifles.net\/tr\/wp-json\/wp\/v2\/pages\/349\/revisions"}],"predecessor-version":[{"id":351,"href":"https:\/\/therifles.net\/tr\/wp-json\/wp\/v2\/pages\/349\/revisions\/351"}],"wp:attachment":[{"href":"https:\/\/therifles.net\/tr\/wp-json\/wp\/v2\/media?parent=349"}],"curies":[{"name":"wp","href":"https:\/\/api.w.org\/{rel}","templated":true}]}}