{"id":342,"date":"2022-08-05T13:22:17","date_gmt":"2022-08-05T12:22:17","guid":{"rendered":"http:\/\/therifles.net\/cinsel-icerikli-mesajlasma\/"},"modified":"2022-08-05T14:32:47","modified_gmt":"2022-08-05T13:32:47","slug":"cinsel-icerikli-mesajlasma","status":"publish","type":"page","link":"https:\/\/therifles.net\/tr\/cinsel-icerikli-mesajlasma\/","title":{"rendered":"Cinsel i\u00e7erikli mesajla\u015fma"},"content":{"rendered":"<p>Seksi \u00e7evreleyen ba\u011flant\u0131 k\u00fclt\u00fcr\u00fc yeni bir \u015fey de\u011fil, ancak sosyal medya, mobil teknoloji ve Tinder, Grindr, Bumble ve di\u011ferleri gibi \u00e7evrimi\u00e7i bulu\u015fma uygulamalar\u0131n\u0131n y\u00fckseli\u015fi sayesinde, ba\u011flanacak birini bulmak \u00e7ok daha kolay hale geldi. Ancak, t\u00fcm bu uygulamalarla hangisinin sizin i\u00e7in en iyisi olaca\u011f\u0131n\u0131 bulmak zor olabilir.<\/p>\n<h2>Hangi Uygulama Denenmeli?<\/h2>\n<p>Daha da ileri gittik ve en iyi seks sitelerinin bir listesini yapt\u0131k.<\/p>\n<p>\u00dccretsiz <a href=\"http:\/\/therifles.net\/texting-with-your-partner\/\">k\u0131sa mesaj<\/a> uygulamalar\u0131ndan premium yeti\u015fkin arkada\u015fl\u0131k platformlar\u0131na kadar her \u015feyi bulacaks\u0131n\u0131z ve <a href=\"http:\/\/therifles.net\/is-online-dating-what-you-need\/\">d\u00fcnyadaki binlerce seksi bekarlara<\/a> eri\u015fmenizi sa\u011flayacaks\u0131n\u0131z. Kendiniz i\u00e7in seks yapmay\u0131 denemek istiyorsan\u0131z, ba\u015flamak i\u00e7in en iyi yerler burada.<\/p>\n<p>Peki neden bu sitelerin en iyisi oldu\u011funu d\u00fc\u015f\u00fcn\u00fcyoruz? \u0130\u015fte \u00e7evrimi\u00e7i seks web sitelerinin ilk on listesi:<\/p>\n<h3>JerkMate<\/h3>\n<p>Jerkmate genel olarak en iyi \u00fccretsiz seks sitelerinden biridir \u00e7\u00fcnk\u00fc bir\u00e7ok \u00f6zellik sunar. Web kameras\u0131 sohbet odalar\u0131, yaramaz k\u0131zlar, amat\u00f6r modeller ve \u00e7ok daha fazlas\u0131 gibi bir\u00e7ok kategori vard\u0131r. \u0130stedi\u011finiz her \u015feyi burada bulabilirsiniz. Bu sitenin kullan\u0131m\u0131 ve gezinmesi \u00e7ok kolayd\u0131r.<\/p>\n<h3>Kik<\/h3>\n<p>Kik, web&#8217;deki en eski <a href=\"http:\/\/therifles.net\/how-hookup-apps-work-finding-the-right-type-of-dating-app\/\">tan\u0131\u015fma platformlar\u0131ndan<\/a> biridir. 2005&#8217;ten beri var ve d\u00fcnya \u00e7ap\u0131nda milyonlarca insan taraf\u0131ndan kullan\u0131l\u0131yor. \u00d6zellikle gen\u00e7ler ve gen\u00e7 yeti\u015fkinler i\u00e7in tasarlanm\u0131\u015ft\u0131r, ancak herkes kullanabilir.<\/p>\n<h3>Arjantin<\/h3>\n<p>Omegle&#8217;\u0131 hi\u00e7 duymad\u0131ysan\u0131z, bunun nedeni muhtemelen \u00e7ok iyi bilinmemesidir. Bu site rastgele ba\u015fka bir ki\u015fiyle ba\u011flant\u0131 kurman\u0131za izin verir. Ka\u00e7 ya\u015f\u0131nda olursa olsun, istedi\u011finiz ki\u015fiyle konu\u015fabilirsiniz. \u00c7o\u011fu insan\u0131n \u00e7evrimi\u00e7i tan\u0131\u015ft\u0131\u011f\u0131 biriyle konu\u015fmakla ilgilenmedi\u011fini unutmay\u0131n.<\/p>\n<h3>Chatroulette<\/h3>\n<p>Ad\u0131ndan da anla\u015f\u0131laca\u011f\u0131 gibi, Chatroulette rastgele insanlarla tan\u0131\u015fman\u0131za ve onlarla sohbet etmeye ba\u015flaman\u0131za izin verir. Omegle&#8217;a benzer, ancak zaten tan\u0131d\u0131\u011f\u0131n\u0131z insanlarla ba\u011flant\u0131 kurmak yerine, tamamen yabanc\u0131larla ba\u011flant\u0131 kurars\u0131n\u0131z.<\/p>\n<h3>Scruff<\/h3>\n<p>Scuff, di\u011fer tan\u0131\u015fma sitelerinden biraz farkl\u0131d\u0131r. Sizi tercihlerinize g\u00f6re potansiyel tarihlerle e\u015fle\u015ftirmek yerine, konumunuza g\u00f6re sizinle e\u015fle\u015fir. Yani New York&#8217;taysan\u0131z ve yak\u0131n\u0131n\u0131zdaki biriyle e\u015fle\u015fiyorsan\u0131z, birlikte tak\u0131lmay\u0131 ayarlayabilirsiniz.<\/p>\n<h3>BeNaughty (Yaramaz)<\/h3>\n<p>BeNaughty, insanlar\u0131n cinsel ilgi alanlar\u0131na dayanarak ba\u015fkalar\u0131yla ba\u011flant\u0131 kurmas\u0131n\u0131 sa\u011flayan ba\u015fka bir \u00fccretsiz arkada\u015fl\u0131k uygulamas\u0131d\u0131r. Bunun gibi bir\u00e7ok site gibi, \u00f6zellikle i\u00e7ecekler veya ak\u015fam yeme\u011fi i\u00e7in \u00f6deme yapmak zorunda kalmadan bulu\u015fmak isteyen insanlar i\u00e7in ba\u011flant\u0131lar\u0131 kolayla\u015ft\u0131rmak i\u00e7in tasarlanm\u0131\u015ft\u0131r. Ancak di\u011fer uygulamalar\u0131n aksine, BeNaughty, yapt\u0131\u011f\u0131n\u0131z i\u015fi ba\u015fka kimin be\u011fendi\u011fini g\u00f6rmek i\u00e7in sola veya sa\u011fa kayd\u0131rman\u0131za izin vermez; asl\u0131nda \u00e7\u0131plak foto\u011fraflar\u0131 ve videolar\u0131 do\u011frudan birbirinize g\u00f6ndermenizi sa\u011flar. Yakalanma konusunda endi\u015felenmenize gerek yok \u00e7\u00fcnk\u00fc uygulama her \u015feyi tamamen anonim tutuyor. Ve tamamen \u00fccretsiz oldu\u011fu i\u00e7in, denemek i\u00e7in bir kuru\u015f harcaman\u0131za gerek kalmayacak.<\/p>\n<h2>Seks Yapmak Sizin \u0130\u00e7in mi?<\/h2>\n<ul>\n<li>G\u00fcvende Olun: Bu a\u00e7\u0131k g\u00f6r\u00fcn\u00fcyor, ancak tekrarlanmaya devam ediyor. Ba\u015fka birinin g\u00f6rmesini istemedi\u011finiz hi\u00e7bir \u015fey g\u00f6ndermeyin. \u0130letilerinizin nereye varaca\u011f\u0131n\u0131 asla bilemezsiniz.<\/li>\n<li>Sa\u011fduyulu Olun: Y\u00fcz y\u00fcze g\u00f6r\u00fc\u015fmeseniz bile, metin yoluyla ileti\u015fim kurmaya devam edece\u011finizi unutmay\u0131n. \u0130\u015fleri a\u00e7\u0131k y\u00fcrekli ve fl\u00f6rt\u00f6z tutun; Ki\u015fisel hayat\u0131n\u0131z hakk\u0131nda \u00e7ok fazla bilgi g\u00f6ndermekten ka\u00e7\u0131n\u0131n.<\/li>\n<li>S\u0131n\u0131rlar\u0131n\u0131z\u0131 Bilin: Ara s\u0131ra ayartmaya kap\u0131lmak sorun olmasa da, a\u015f\u0131r\u0131ya ka\u00e7mad\u0131\u011f\u0131n\u0131zdan emin olun. Ne s\u0131kl\u0131kta k\u0131sa mesaj almak istedi\u011finize dair s\u0131n\u0131rlar belirleyin ve bunlara ba\u011fl\u0131 kal\u0131n.<\/li>\n<li>G\u00f6ndermeden \u00d6nce D\u00fc\u015f\u00fcn\u00fcn: Komik veya sevimli oldu\u011funuzu d\u00fc\u015f\u00fcnseniz de, \u015fans\u0131n\u0131z yoktur. S\u00f6ylemeyi d\u00fc\u015f\u00fcnd\u00fc\u011f\u00fcn\u00fcz bir \u015feyin uygun olup olmad\u0131\u011f\u0131n\u0131 d\u00fc\u015f\u00fcn\u00fcn.<\/li>\n<\/ul>\n","protected":false},"excerpt":{"rendered":"<p>Seksi \u00e7evreleyen ba\u011flant\u0131 k\u00fclt\u00fcr\u00fc yeni bir \u015fey de\u011fil, ancak sosyal medya, mobil teknoloji ve Tinder, Grindr, Bumble ve di\u011ferleri gibi<\/p>\n","protected":false},"author":1,"featured_media":136,"parent":0,"menu_order":0,"comment_status":"closed","ping_status":"closed","template":"","meta":[],"yoast_head":"<!-- This site is optimized with the Yoast SEO plugin v17.7.1 - https:\/\/yoast.com\/wordpress\/plugins\/seo\/ -->\n<title>Cinsel i\u00e7erikli mesajla\u015fma - Modern Ba\u011flant\u0131 K\u0131lavuzu<\/title>\n<meta name=\"robots\" content=\"index, follow, max-snippet:-1, max-image-preview:large, max-video-preview:-1\" \/>\n<link rel=\"canonical\" href=\"https:\/\/therifles.net\/tr\/cinsel-icerikli-mesajlasma\/\" \/>\n<meta property=\"og:locale\" content=\"tr_TR\" \/>\n<meta property=\"og:type\" content=\"article\" \/>\n<meta property=\"og:title\" content=\"Cinsel i\u00e7erikli mesajla\u015fma - Modern Ba\u011flant\u0131 K\u0131lavuzu\" \/>\n<meta property=\"og:description\" content=\"Seksi \u00e7evreleyen ba\u011flant\u0131 k\u00fclt\u00fcr\u00fc yeni bir \u015fey de\u011fil, ancak sosyal medya, mobil teknoloji ve Tinder, Grindr, Bumble ve di\u011ferleri gibi\" \/>\n<meta property=\"og:url\" content=\"https:\/\/therifles.net\/tr\/cinsel-icerikli-mesajlasma\/\" \/>\n<meta property=\"og:site_name\" content=\"Modern Ba\u011flant\u0131 K\u0131lavuzu\" \/>\n<meta property=\"article:modified_time\" content=\"2022-08-05T13:32:47+00:00\" \/>\n<meta name=\"twitter:card\" content=\"summary_large_image\" \/>\n<meta name=\"twitter:image\" content=\"https:\/\/therifles.net\/wp-content\/uploads\/2022\/08\/dating.webp\" \/>\n<meta name=\"twitter:label1\" content=\"Tahmini okuma s\u00fcresi\" \/>\n\t<meta name=\"twitter:data1\" content=\"3 dakika\" \/>\n<script type=\"application\/ld+json\" class=\"yoast-schema-graph\">{\"@context\":\"https:\/\/schema.org\",\"@graph\":[{\"@type\":\"WebSite\",\"@id\":\"https:\/\/therifles.net\/#website\",\"url\":\"https:\/\/therifles.net\/\",\"name\":\"Modern Ba\\u011flant\\u0131 K\\u0131lavuzu\",\"description\":\"Ki\\u015fisel Dan\\u0131\\u015fman\",\"potentialAction\":[{\"@type\":\"SearchAction\",\"target\":{\"@type\":\"EntryPoint\",\"urlTemplate\":\"https:\/\/therifles.net\/?s={search_term_string}\"},\"query-input\":\"required name=search_term_string\"}],\"inLanguage\":\"tr\"},{\"@type\":\"ImageObject\",\"@id\":\"https:\/\/therifles.net\/tr\/cinsel-icerikli-mesajlasma\/#primaryimage\",\"inLanguage\":\"tr\",\"url\":\"https:\/\/therifles.net\/wp-content\/uploads\/2022\/08\/dating.webp\",\"contentUrl\":\"https:\/\/therifles.net\/wp-content\/uploads\/2022\/08\/dating.webp\",\"width\":539,\"height\":750},{\"@type\":\"WebPage\",\"@id\":\"https:\/\/therifles.net\/tr\/cinsel-icerikli-mesajlasma\/#webpage\",\"url\":\"https:\/\/therifles.net\/tr\/cinsel-icerikli-mesajlasma\/\",\"name\":\"Cinsel i\\u00e7erikli mesajla\\u015fma - Modern Ba\\u011flant\\u0131 K\\u0131lavuzu\",\"isPartOf\":{\"@id\":\"https:\/\/therifles.net\/#website\"},\"primaryImageOfPage\":{\"@id\":\"https:\/\/therifles.net\/tr\/cinsel-icerikli-mesajlasma\/#primaryimage\"},\"datePublished\":\"2022-08-05T12:22:17+00:00\",\"dateModified\":\"2022-08-05T13:32:47+00:00\",\"breadcrumb\":{\"@id\":\"https:\/\/therifles.net\/tr\/cinsel-icerikli-mesajlasma\/#breadcrumb\"},\"inLanguage\":\"tr\",\"potentialAction\":[{\"@type\":\"ReadAction\",\"target\":[\"https:\/\/therifles.net\/tr\/cinsel-icerikli-mesajlasma\/\"]}]},{\"@type\":\"BreadcrumbList\",\"@id\":\"https:\/\/therifles.net\/tr\/cinsel-icerikli-mesajlasma\/#breadcrumb\",\"itemListElement\":[{\"@type\":\"ListItem\",\"position\":1,\"name\":\"Home\",\"item\":\"http:\/\/therifles.net\/tr\/\"},{\"@type\":\"ListItem\",\"position\":2,\"name\":\"Cinsel i\\u00e7erikli mesajla\\u015fma\"}]}]}<\/script>\n<!-- \/ Yoast SEO plugin. -->","yoast_head_json":{"title":"Cinsel i\u00e7erikli mesajla\u015fma - Modern Ba\u011flant\u0131 K\u0131lavuzu","robots":{"index":"index","follow":"follow","max-snippet":"max-snippet:-1","max-image-preview":"max-image-preview:large","max-video-preview":"max-video-preview:-1"},"canonical":"https:\/\/therifles.net\/tr\/cinsel-icerikli-mesajlasma\/","og_locale":"tr_TR","og_type":"article","og_title":"Cinsel i\u00e7erikli mesajla\u015fma - Modern Ba\u011flant\u0131 K\u0131lavuzu","og_description":"Seksi \u00e7evreleyen ba\u011flant\u0131 k\u00fclt\u00fcr\u00fc yeni bir \u015fey de\u011fil, ancak sosyal medya, mobil teknoloji ve Tinder, Grindr, Bumble ve di\u011ferleri gibi","og_url":"https:\/\/therifles.net\/tr\/cinsel-icerikli-mesajlasma\/","og_site_name":"Modern Ba\u011flant\u0131 K\u0131lavuzu","article_modified_time":"2022-08-05T13:32:47+00:00","twitter_card":"summary_large_image","twitter_image":"https:\/\/therifles.net\/wp-content\/uploads\/2022\/08\/dating.webp","twitter_misc":{"Tahmini okuma s\u00fcresi":"3 dakika"},"schema":{"@context":"https:\/\/schema.org","@graph":[{"@type":"WebSite","@id":"https:\/\/therifles.net\/#website","url":"https:\/\/therifles.net\/","name":"Modern Ba\u011flant\u0131 K\u0131lavuzu","description":"Ki\u015fisel Dan\u0131\u015fman","potentialAction":[{"@type":"SearchAction","target":{"@type":"EntryPoint","urlTemplate":"https:\/\/therifles.net\/?s={search_term_string}"},"query-input":"required name=search_term_string"}],"inLanguage":"tr"},{"@type":"ImageObject","@id":"https:\/\/therifles.net\/tr\/cinsel-icerikli-mesajlasma\/#primaryimage","inLanguage":"tr","url":"https:\/\/therifles.net\/wp-content\/uploads\/2022\/08\/dating.webp","contentUrl":"https:\/\/therifles.net\/wp-content\/uploads\/2022\/08\/dating.webp","width":539,"height":750},{"@type":"WebPage","@id":"https:\/\/therifles.net\/tr\/cinsel-icerikli-mesajlasma\/#webpage","url":"https:\/\/therifles.net\/tr\/cinsel-icerikli-mesajlasma\/","name":"Cinsel i\u00e7erikli mesajla\u015fma - Modern Ba\u011flant\u0131 K\u0131lavuzu","isPartOf":{"@id":"https:\/\/therifles.net\/#website"},"primaryImageOfPage":{"@id":"https:\/\/therifles.net\/tr\/cinsel-icerikli-mesajlasma\/#primaryimage"},"datePublished":"2022-08-05T12:22:17+00:00","dateModified":"2022-08-05T13:32:47+00:00","breadcrumb":{"@id":"https:\/\/therifles.net\/tr\/cinsel-icerikli-mesajlasma\/#breadcrumb"},"inLanguage":"tr","potentialAction":[{"@type":"ReadAction","target":["https:\/\/therifles.net\/tr\/cinsel-icerikli-mesajlasma\/"]}]},{"@type":"BreadcrumbList","@id":"https:\/\/therifles.net\/tr\/cinsel-icerikli-mesajlasma\/#breadcrumb","itemListElement":[{"@type":"ListItem","position":1,"name":"Home","item":"http:\/\/therifles.net\/tr\/"},{"@type":"ListItem","position":2,"name":"Cinsel i\u00e7erikli mesajla\u015fma"}]}]}},"_links":{"self":[{"href":"https:\/\/therifles.net\/tr\/wp-json\/wp\/v2\/pages\/342"}],"collection":[{"href":"https:\/\/therifles.net\/tr\/wp-json\/wp\/v2\/pages"}],"about":[{"href":"https:\/\/therifles.net\/tr\/wp-json\/wp\/v2\/types\/page"}],"author":[{"embeddable":true,"href":"https:\/\/therifles.net\/tr\/wp-json\/wp\/v2\/users\/1"}],"replies":[{"embeddable":true,"href":"https:\/\/therifles.net\/tr\/wp-json\/wp\/v2\/comments?post=342"}],"version-history":[{"count":1,"href":"https:\/\/therifles.net\/tr\/wp-json\/wp\/v2\/pages\/342\/revisions"}],"predecessor-version":[{"id":345,"href":"https:\/\/therifles.net\/tr\/wp-json\/wp\/v2\/pages\/342\/revisions\/345"}],"wp:featuredmedia":[{"embeddable":true,"href":"https:\/\/therifles.net\/tr\/wp-json\/wp\/v2\/media\/136"}],"wp:attachment":[{"href":"https:\/\/therifles.net\/tr\/wp-json\/wp\/v2\/media?parent=342"}],"curies":[{"name":"wp","href":"https:\/\/api.w.org\/{rel}","templated":true}]}}