{"id":341,"date":"2022-08-05T13:12:16","date_gmt":"2022-08-05T12:12:16","guid":{"rendered":"http:\/\/therifles.net\/ihtiyaciniz-olan-cevrimici-bulusma-mi\/"},"modified":"2022-08-05T14:32:47","modified_gmt":"2022-08-05T13:32:47","slug":"ihtiyaciniz-olan-cevrimici-bulusma-mi","status":"publish","type":"page","link":"https:\/\/therifles.net\/tr\/ihtiyaciniz-olan-cevrimici-bulusma-mi\/","title":{"rendered":"\u0130htiyac\u0131n\u0131z Olan \u00c7evrimi\u00e7i Bulu\u015fma m\u0131?"},"content":{"rendered":"<p>Bilgisayar ekran\u0131n\u0131z\u0131n \u00f6n\u00fcnde tek ba\u015f\u0131na otururken &#8220;bir&#8221; i bulabilece\u011finiz fikri, bir filmden \u00e7\u0131km\u0131\u015f gibi g\u00f6r\u00fcnebilir, ancak yak\u0131n zamanda yap\u0131lan bir ankete g\u00f6re, Amerikal\u0131lar\u0131n yakla\u015f\u0131k yar\u0131s\u0131 tam da bunu yapt\u0131klar\u0131n\u0131 s\u00f6yl\u00fcyor.<\/p>\n<p>Asl\u0131nda, ara\u015ft\u0131rmac\u0131lar \u00e7evrimi\u00e7i tan\u0131\u015fma sitelerini kullanan ki\u015filerin, kullanmayanlardan daha ya\u015fl\u0131 ve daha zengin olma e\u011filiminde olduklar\u0131n\u0131 ve <a href=\"http:\/\/therifles.net\/texting-with-your-partner\/\">\u00e7evrimi\u00e7i<\/a> randevu alan ki\u015filerin birbirleriyle evlenme olas\u0131l\u0131klar\u0131n\u0131n \u00e7ok daha y\u00fcksek oldu\u011funu bulmu\u015flard\u0131r.<\/p>\n<p>\u00c7evrimi\u00e7i bulu\u015fmay\u0131 denemeyi d\u00fc\u015f\u00fcn\u00fcyorsan\u0131z, hen\u00fcz bir siteye kat\u0131lmak i\u00e7in \u00f6deme yapmaman\u0131z i\u00e7in baz\u0131 nedenler.<\/p>\n<h2>Harika randevular\u0131 ka\u00e7\u0131racaks\u0131n\u0131z<\/h2>\n<p>D\u0131\u015far\u0131da bir\u00e7ok \u00fccretsiz tan\u0131\u015fma sitesi var ve her zaman en iyi se\u00e7enek olmasa da, genellikle iyi bir ba\u015flang\u0131\u00e7 yeri sa\u011fl\u0131yorlar. Bununla birlikte, \u00f6zel bir \u015fey ar\u0131yorsan\u0131z, premium \u00fcyelik i\u00e7in \u00f6deme yapmay\u0131 d\u00fc\u015f\u00fcnebilirsiniz. Bu \u015fekilde, standartlar\u0131n\u0131z\u0131 kar\u015f\u0131lamayan herhangi biriyle e\u015fle\u015ftirilme konusunda endi\u015felenmenize gerek kalmayacak.<\/p>\n<h2>Daha az zaman kaybedersiniz<\/h2>\n<p>\u00dccretli bir hizmet kulland\u0131\u011f\u0131n\u0131zda, potansiyel e\u015fle\u015fmelerinizi konum, ya\u015f aral\u0131\u011f\u0131, ili\u015fki durumu ve hatta hobiler gibi \u015feylere g\u00f6re filtreleyebilirsiniz. Bu, benzer ilgi alanlar\u0131n\u0131 payla\u015fan birini bulmay\u0131 kolayla\u015ft\u0131r\u0131r. Profillere \u00fccretsiz olarak g\u00f6z atabilece\u011finiz i\u00e7in, sola ve sa\u011fa kayd\u0131rarak saatler harcamayacaks\u0131n\u0131z.<\/p>\n<h2>Paradan tasarruf edersiniz<\/h2>\n<p>Bu pahal\u0131 ayl\u0131k abonelik \u00fccretlerini biliyor musunuz? H\u0131zl\u0131 bir \u015fekilde toplan\u0131rlar. \u00dccretsiz bir hizmet de genellikle daha ucuzdur, \u00f6zellikle de birden fazla hesaba kaydoluyorsan\u0131z. \u00d6rne\u011fin, Match.com \u00fc\u00e7 farkl\u0131 plan sunar: temel eri\u015fim i\u00e7in ayda 9,99 ABD dolar\u0131; S\u0131n\u0131rs\u0131z mesajla\u015fma i\u00e7in ayl\u0131k $ 19.95; ve g\u00f6r\u00fcnt\u00fcl\u00fc sohbet gibi premium \u00f6zellikler i\u00e7in ayda $ 29.95.<\/p>\n<h2>G\u00fcndelik Seks \u0130\u00e7in Denemek \u0130\u00e7in Pop\u00fcler Se\u00e7im &#8211; Ashely Madison<\/h2>\n<p>Ashley Madison o kadar pop\u00fcler ki bir\u00e7ok insan bunu biliyor. Bu \u00e7evrimi\u00e7i tan\u0131\u015fma ve ili\u015fki sitesi 2002&#8217;den beri aktiftir ve ciddi bir \u015fey arayanlar i\u00e7in \u00fccretli \u00fcyelikler sunmaktad\u0131r. Ancak, s\u0131radan kullan\u0131c\u0131lar bile sitede \u00f6zel birini bulabilirler. D\u00fcnya \u00e7ap\u0131nda 20 milyondan fazla kay\u0131tl\u0131 \u00fcyeyle, \u00e7\u0131kmak istedi\u011finiz biriyle tan\u0131\u015fmak i\u00e7in bir\u00e7ok f\u0131rsat var.<\/p>\n<p>Site esas olarak evli insanlar\u0131n hile yapmas\u0131na yard\u0131mc\u0131 olmaya odaklanm\u0131\u015ft\u0131r, ancak ayn\u0131 zamanda s\u0131radan seks arayan bekar erkekler ve kad\u0131nlar i\u00e7in de harikad\u0131r. Ya\u015f veya cinsiyet konusunda herhangi bir k\u0131s\u0131tlama yoktur ve yakalanma endi\u015fesi duymadan istedi\u011finiz her \u015feyi yapabilirsiniz. Canl\u0131 kamera modelleri, telefon seksi ve s\u0131n\u0131rs\u0131z e-posta gibi ekstra \u00f6zellikler i\u00e7in \u00f6deme yapmak \u00fczere PayPal arac\u0131l\u0131\u011f\u0131yla para bile g\u00f6nderebilirsiniz.<\/p>\n<p>Site ki\u015fisel bilgilerinizi g\u00fcvende tutmak i\u00e7in \u015fifreleme teknolojisi kulland\u0131\u011f\u0131ndan \u00f6\u011frenilme konusunda endi\u015felenmenize gerek yoktur. Asl\u0131nda, site &#8220;gizlili\u011finizin \u00f6nemli oldu\u011fu&#8221; ile \u00f6v\u00fcn\u00fcyor.<\/p>\n","protected":false},"excerpt":{"rendered":"<p>Bilgisayar ekran\u0131n\u0131z\u0131n \u00f6n\u00fcnde tek ba\u015f\u0131na otururken &#8220;bir&#8221; i bulabilece\u011finiz fikri, bir filmden \u00e7\u0131km\u0131\u015f gibi g\u00f6r\u00fcnebilir, ancak yak\u0131n zamanda yap\u0131lan bir<\/p>\n","protected":false},"author":1,"featured_media":125,"parent":0,"menu_order":0,"comment_status":"closed","ping_status":"closed","template":"","meta":[],"yoast_head":"<!-- This site is optimized with the Yoast SEO plugin v17.7.1 - https:\/\/yoast.com\/wordpress\/plugins\/seo\/ -->\n<title>\u0130htiyac\u0131n\u0131z Olan \u00c7evrimi\u00e7i Bulu\u015fma m\u0131? - Modern Ba\u011flant\u0131 K\u0131lavuzu<\/title>\n<meta name=\"robots\" content=\"index, follow, max-snippet:-1, max-image-preview:large, max-video-preview:-1\" \/>\n<link rel=\"canonical\" href=\"https:\/\/therifles.net\/tr\/ihtiyaciniz-olan-cevrimici-bulusma-mi\/\" \/>\n<meta property=\"og:locale\" content=\"tr_TR\" \/>\n<meta property=\"og:type\" content=\"article\" \/>\n<meta property=\"og:title\" content=\"\u0130htiyac\u0131n\u0131z Olan \u00c7evrimi\u00e7i Bulu\u015fma m\u0131? - Modern Ba\u011flant\u0131 K\u0131lavuzu\" \/>\n<meta property=\"og:description\" content=\"Bilgisayar ekran\u0131n\u0131z\u0131n \u00f6n\u00fcnde tek ba\u015f\u0131na otururken &#8220;bir&#8221; i bulabilece\u011finiz fikri, bir filmden \u00e7\u0131km\u0131\u015f gibi g\u00f6r\u00fcnebilir, ancak yak\u0131n zamanda yap\u0131lan bir\" \/>\n<meta property=\"og:url\" content=\"https:\/\/therifles.net\/tr\/ihtiyaciniz-olan-cevrimici-bulusma-mi\/\" \/>\n<meta property=\"og:site_name\" content=\"Modern Ba\u011flant\u0131 K\u0131lavuzu\" \/>\n<meta property=\"article:modified_time\" content=\"2022-08-05T13:32:47+00:00\" \/>\n<meta property=\"og:image\" content=\"https:\/\/therifles.net\/wp-content\/uploads\/2022\/08\/dating-list.jpeg\" \/>\n\t<meta property=\"og:image:width\" content=\"1125\" \/>\n\t<meta property=\"og:image:height\" content=\"750\" \/>\n<meta name=\"twitter:card\" content=\"summary_large_image\" \/>\n<meta name=\"twitter:label1\" content=\"Tahmini okuma s\u00fcresi\" \/>\n\t<meta name=\"twitter:data1\" content=\"3 dakika\" \/>\n<script type=\"application\/ld+json\" class=\"yoast-schema-graph\">{\"@context\":\"https:\/\/schema.org\",\"@graph\":[{\"@type\":\"WebSite\",\"@id\":\"https:\/\/therifles.net\/#website\",\"url\":\"https:\/\/therifles.net\/\",\"name\":\"Modern Ba\\u011flant\\u0131 K\\u0131lavuzu\",\"description\":\"Ki\\u015fisel Dan\\u0131\\u015fman\",\"potentialAction\":[{\"@type\":\"SearchAction\",\"target\":{\"@type\":\"EntryPoint\",\"urlTemplate\":\"https:\/\/therifles.net\/?s={search_term_string}\"},\"query-input\":\"required name=search_term_string\"}],\"inLanguage\":\"tr\"},{\"@type\":\"ImageObject\",\"@id\":\"https:\/\/therifles.net\/tr\/ihtiyaciniz-olan-cevrimici-bulusma-mi\/#primaryimage\",\"inLanguage\":\"tr\",\"url\":\"https:\/\/therifles.net\/wp-content\/uploads\/2022\/08\/dating-list.jpeg\",\"contentUrl\":\"https:\/\/therifles.net\/wp-content\/uploads\/2022\/08\/dating-list.jpeg\",\"width\":1125,\"height\":750},{\"@type\":\"WebPage\",\"@id\":\"https:\/\/therifles.net\/tr\/ihtiyaciniz-olan-cevrimici-bulusma-mi\/#webpage\",\"url\":\"https:\/\/therifles.net\/tr\/ihtiyaciniz-olan-cevrimici-bulusma-mi\/\",\"name\":\"\\u0130htiyac\\u0131n\\u0131z Olan \\u00c7evrimi\\u00e7i Bulu\\u015fma m\\u0131? - Modern Ba\\u011flant\\u0131 K\\u0131lavuzu\",\"isPartOf\":{\"@id\":\"https:\/\/therifles.net\/#website\"},\"primaryImageOfPage\":{\"@id\":\"https:\/\/therifles.net\/tr\/ihtiyaciniz-olan-cevrimici-bulusma-mi\/#primaryimage\"},\"datePublished\":\"2022-08-05T12:12:16+00:00\",\"dateModified\":\"2022-08-05T13:32:47+00:00\",\"breadcrumb\":{\"@id\":\"https:\/\/therifles.net\/tr\/ihtiyaciniz-olan-cevrimici-bulusma-mi\/#breadcrumb\"},\"inLanguage\":\"tr\",\"potentialAction\":[{\"@type\":\"ReadAction\",\"target\":[\"https:\/\/therifles.net\/tr\/ihtiyaciniz-olan-cevrimici-bulusma-mi\/\"]}]},{\"@type\":\"BreadcrumbList\",\"@id\":\"https:\/\/therifles.net\/tr\/ihtiyaciniz-olan-cevrimici-bulusma-mi\/#breadcrumb\",\"itemListElement\":[{\"@type\":\"ListItem\",\"position\":1,\"name\":\"Home\",\"item\":\"http:\/\/therifles.net\/tr\/\"},{\"@type\":\"ListItem\",\"position\":2,\"name\":\"\\u0130htiyac\\u0131n\\u0131z Olan \\u00c7evrimi\\u00e7i Bulu\\u015fma m\\u0131?\"}]}]}<\/script>\n<!-- \/ Yoast SEO plugin. -->","yoast_head_json":{"title":"\u0130htiyac\u0131n\u0131z Olan \u00c7evrimi\u00e7i Bulu\u015fma m\u0131? - Modern Ba\u011flant\u0131 K\u0131lavuzu","robots":{"index":"index","follow":"follow","max-snippet":"max-snippet:-1","max-image-preview":"max-image-preview:large","max-video-preview":"max-video-preview:-1"},"canonical":"https:\/\/therifles.net\/tr\/ihtiyaciniz-olan-cevrimici-bulusma-mi\/","og_locale":"tr_TR","og_type":"article","og_title":"\u0130htiyac\u0131n\u0131z Olan \u00c7evrimi\u00e7i Bulu\u015fma m\u0131? - Modern Ba\u011flant\u0131 K\u0131lavuzu","og_description":"Bilgisayar ekran\u0131n\u0131z\u0131n \u00f6n\u00fcnde tek ba\u015f\u0131na otururken &#8220;bir&#8221; i bulabilece\u011finiz fikri, bir filmden \u00e7\u0131km\u0131\u015f gibi g\u00f6r\u00fcnebilir, ancak yak\u0131n zamanda yap\u0131lan bir","og_url":"https:\/\/therifles.net\/tr\/ihtiyaciniz-olan-cevrimici-bulusma-mi\/","og_site_name":"Modern Ba\u011flant\u0131 K\u0131lavuzu","article_modified_time":"2022-08-05T13:32:47+00:00","og_image":[{"width":1125,"height":750,"url":"https:\/\/therifles.net\/wp-content\/uploads\/2022\/08\/dating-list.jpeg","type":"image\/jpeg"}],"twitter_card":"summary_large_image","twitter_misc":{"Tahmini okuma s\u00fcresi":"3 dakika"},"schema":{"@context":"https:\/\/schema.org","@graph":[{"@type":"WebSite","@id":"https:\/\/therifles.net\/#website","url":"https:\/\/therifles.net\/","name":"Modern Ba\u011flant\u0131 K\u0131lavuzu","description":"Ki\u015fisel Dan\u0131\u015fman","potentialAction":[{"@type":"SearchAction","target":{"@type":"EntryPoint","urlTemplate":"https:\/\/therifles.net\/?s={search_term_string}"},"query-input":"required name=search_term_string"}],"inLanguage":"tr"},{"@type":"ImageObject","@id":"https:\/\/therifles.net\/tr\/ihtiyaciniz-olan-cevrimici-bulusma-mi\/#primaryimage","inLanguage":"tr","url":"https:\/\/therifles.net\/wp-content\/uploads\/2022\/08\/dating-list.jpeg","contentUrl":"https:\/\/therifles.net\/wp-content\/uploads\/2022\/08\/dating-list.jpeg","width":1125,"height":750},{"@type":"WebPage","@id":"https:\/\/therifles.net\/tr\/ihtiyaciniz-olan-cevrimici-bulusma-mi\/#webpage","url":"https:\/\/therifles.net\/tr\/ihtiyaciniz-olan-cevrimici-bulusma-mi\/","name":"\u0130htiyac\u0131n\u0131z Olan \u00c7evrimi\u00e7i Bulu\u015fma m\u0131? - Modern Ba\u011flant\u0131 K\u0131lavuzu","isPartOf":{"@id":"https:\/\/therifles.net\/#website"},"primaryImageOfPage":{"@id":"https:\/\/therifles.net\/tr\/ihtiyaciniz-olan-cevrimici-bulusma-mi\/#primaryimage"},"datePublished":"2022-08-05T12:12:16+00:00","dateModified":"2022-08-05T13:32:47+00:00","breadcrumb":{"@id":"https:\/\/therifles.net\/tr\/ihtiyaciniz-olan-cevrimici-bulusma-mi\/#breadcrumb"},"inLanguage":"tr","potentialAction":[{"@type":"ReadAction","target":["https:\/\/therifles.net\/tr\/ihtiyaciniz-olan-cevrimici-bulusma-mi\/"]}]},{"@type":"BreadcrumbList","@id":"https:\/\/therifles.net\/tr\/ihtiyaciniz-olan-cevrimici-bulusma-mi\/#breadcrumb","itemListElement":[{"@type":"ListItem","position":1,"name":"Home","item":"http:\/\/therifles.net\/tr\/"},{"@type":"ListItem","position":2,"name":"\u0130htiyac\u0131n\u0131z Olan \u00c7evrimi\u00e7i Bulu\u015fma m\u0131?"}]}]}},"_links":{"self":[{"href":"https:\/\/therifles.net\/tr\/wp-json\/wp\/v2\/pages\/341"}],"collection":[{"href":"https:\/\/therifles.net\/tr\/wp-json\/wp\/v2\/pages"}],"about":[{"href":"https:\/\/therifles.net\/tr\/wp-json\/wp\/v2\/types\/page"}],"author":[{"embeddable":true,"href":"https:\/\/therifles.net\/tr\/wp-json\/wp\/v2\/users\/1"}],"replies":[{"embeddable":true,"href":"https:\/\/therifles.net\/tr\/wp-json\/wp\/v2\/comments?post=341"}],"version-history":[{"count":1,"href":"https:\/\/therifles.net\/tr\/wp-json\/wp\/v2\/pages\/341\/revisions"}],"predecessor-version":[{"id":344,"href":"https:\/\/therifles.net\/tr\/wp-json\/wp\/v2\/pages\/341\/revisions\/344"}],"wp:featuredmedia":[{"embeddable":true,"href":"https:\/\/therifles.net\/tr\/wp-json\/wp\/v2\/media\/125"}],"wp:attachment":[{"href":"https:\/\/therifles.net\/tr\/wp-json\/wp\/v2\/media?parent=341"}],"curies":[{"name":"wp","href":"https:\/\/api.w.org\/{rel}","templated":true}]}}