{"id":327,"date":"2022-08-05T13:26:39","date_gmt":"2022-08-05T12:26:39","guid":{"rendered":"http:\/\/therifles.net\/kerata\/"},"modified":"2022-08-05T14:32:47","modified_gmt":"2022-08-05T13:32:47","slug":"kerata","status":"publish","type":"page","link":"https:\/\/therifles.net\/tr\/kerata\/","title":{"rendered":"Kerata"},"content":{"rendered":"<p>Erkeklerin e\u015flerinin kendilerini aldatmas\u0131n\u0131 izlemek istemelerinin bir\u00e7ok farkl\u0131 nedeni vard\u0131r. Baz\u0131 insanlar partnerlerinin bir ba\u015fkas\u0131n\u0131 sikmesini izlemenin heyecan\u0131n\u0131 ya\u015farken, di\u011ferleri sadece e\u015flerini \/ k\u0131z arkada\u015flar\u0131n\u0131 e\u011flenirken g\u00f6rmekten ho\u015flan\u0131rlar. Sebep ne olursa olsun, bir hotwife <a href=\"http:\/\/therifles.net\/sexting\/\">ba\u011flant\u0131 sitesi<\/a> ar\u0131yorsan\u0131z, sizi koruduk.<\/p>\n<p>Hemen hemen her siteyi ve uygulamay\u0131 denedik ve i\u015fte bizim i\u00e7in en uygun olanlar. Farkl\u0131 bir \u015fey ar\u0131yorsan\u0131z, yorumlar b\u00f6l\u00fcm\u00fcnde bize bildirin.<\/p>\n<p>\u0130\u015fte bug\u00fcn en iyi aldat\u0131c\u0131 tan\u0131\u015fma sitelerinden 4&#8217;\u00fc:<\/p>\n<h3>Edinin<\/h3>\n<p>GetItOn.com, e\u015flerini aldatmak isteyen insanlar i\u00e7in 1 numaral\u0131 Yeti\u015fkin Bulu\u015fma Toplulu\u011fudur. Erkeklerin ve kad\u0131nlar\u0131n e\u011flence, arkada\u015fl\u0131k ve muhtemelen evlilik i\u00e7in \u00e7evrimi\u00e7i olarak birbirleriyle tan\u0131\u015fmalar\u0131na yard\u0131mc\u0131 oluyoruz. \u00dcyelerimiz, aldatma d\u00fcnyas\u0131n\u0131 ke\u015ffetmek isteyen evli, bekar ve dul yeti\u015fkinlerden olu\u015fmaktad\u0131r. \u0130ster hile yapmak i\u00e7in bir erkek arayan bir kad\u0131n olun, ister ate\u015fli bir e\u015f arayan bir erkek olun, sizi koruduk.<\/p>\n<h3>3Toplam<\/h3>\n<p>3Sum, di\u011fer \u00e7iftlerle bulu\u015fmak isteyen insanlar i\u00e7in 1 numaral\u0131 \u00fc\u00e7l\u00fc bulu\u015fma uygulamas\u0131d\u0131r. \u0130ster tek gecelik bir stand ister uzun vadeli bir \u015fey ar\u0131yor olun, sizi koruyoruz. G\u00fcndelik kar\u015f\u0131la\u015fmalar, sallanan partiler veya hatta tam geli\u015fmi\u015f bir \u00fc\u00e7l\u00fc seks ar\u0131yorsan\u0131z, yerel seks tarihlerini h\u0131zl\u0131 ve kolay bir \u015fekilde bulman\u0131z\u0131 sa\u011fl\u0131yoruz. \u00dcyelerimiz hem d\u00fcz hem de iki \u00e7iftin yan\u0131 s\u0131ra BDSM ile ilgilenenleri i\u00e7erir. Profillerimize konum, ya\u015f, ilgi alanlar\u0131, ili\u015fki durumu ve cinsel y\u00f6nelime g\u00f6re g\u00f6z atabilirsiniz.<\/p>\n<p>Sizinle ayn\u0131 \u015feyleri seven di\u011fer ki\u015filerle tan\u0131\u015fmak i\u00e7in en kapsaml\u0131 \u00e7evrimi\u00e7i deneyimi sunuyoruz. 2 milyondan fazla aktif kullan\u0131c\u0131yla, herkes i\u00e7in d\u0131\u015far\u0131da biri oldu\u011fundan eminiz. \u015eimdi kat\u0131l\u0131n ve bug\u00fcn arkada\u015f edinmeye ba\u015flay\u0131n!<\/p>\n<h3>Alt<\/h3>\n<p>Alt, en b\u00fcy\u00fck \u00e7evrimi\u00e7i yeti\u015fkin tan\u0131\u015fma sitelerinden biridir ve gizli ili\u015fkiler, g\u00fcndelik kar\u015f\u0131la\u015fmalar, hi\u00e7bir ip ba\u011fl\u0131 seks veya sadece faydalar\u0131 olan arkada\u015flar arayan binlerce insan sunar. Bir ortak, arkada\u015f veya sevgili ar\u0131yor olsun, Alt, herkesin benzer ilgi alanlar\u0131n\u0131 payla\u015fan ba\u015fkalar\u0131yla ba\u011flant\u0131 kurabilece\u011fi g\u00fcvenli bir ortam sunar. D\u00fcnya \u00e7ap\u0131nda 10 milyondan fazla kay\u0131tl\u0131 kullan\u0131c\u0131s\u0131 olan Alt, yeti\u015fkinlerin cinselliklerini yarg\u0131lamadan ke\u015ffetmeleri i\u00e7in g\u00fcvenli bir alan sa\u011flar.<\/p>\n<h3>AFF<\/h3>\n<p><a href=\"http:\/\/therifles.net\/best-apps-for-finding-a-serious-relationship\/\">\u00c7evrimi\u00e7i olarak ba\u011flant\u0131<\/a> kurmak isteyen bir\u00e7ok ate\u015fli erkek bulaca\u011f\u0131n\u0131z bir yer ar\u0131yorsan\u0131z, Yeti\u015fkin Arkada\u015f Bulucu orada en iyi se\u00e7enek olabilir. Ancak AFF&#8217;nin m\u00fckemmel olmad\u0131\u011f\u0131 bir s\u0131r de\u011fil. Asl\u0131nda, etraf\u0131ndaki en tart\u0131\u015fmal\u0131 sitelerden biri olmas\u0131n\u0131n bir\u00e7ok nedeni var. AFF&#8217;nin baz\u0131 benzersiz \u00f6zellikler sundu\u011fu kesinlikle do\u011fru olsa da, orada da tonlarca ba\u015fka se\u00e7enek oldu\u011funu da belirtmek gerekir.<\/p>\n<p>Tabii ki, premium \u00fcyelik i\u00e7in \u00f6deme yapman\u0131z gerekir, ancak bu iste\u011fe ba\u011fl\u0131d\u0131r. Y\u00fckseltmeye karar verirseniz, g\u00f6r\u00fcnt\u00fcl\u00fc sohbetler, web kameras\u0131 ak\u0131\u015flar\u0131, anl\u0131k mesajla\u015fma, e-postalama, mobil uygulamalar ve \u00e7ok daha fazlas\u0131 dahil olmak \u00fczere bir\u00e7ok ek \u00f6zelli\u011fe eri\u015febilirsiniz.<\/p>\n<h2>\u00d6zellik T\u00fcrleri<\/h2>\n<h3>\u0130yi Bir Kullan\u0131c\u0131 Deneyimi<\/h3>\n<p>Muhtemelen sitenin ne kadar g\u00fczel g\u00f6r\u00fcnd\u00fc\u011f\u00fcn\u00fc umursam\u0131yorsun. Ancak insanlar\u0131n arad\u0131klar\u0131n\u0131 h\u0131zl\u0131 ve kolay bir \u015fekilde bulup bulamayacaklar\u0131 \u00f6nemlidir. Konu\u015facak birini aramak i\u00e7in saatler harcamak zorunda kalmamal\u0131s\u0131n\u0131z. Siteniz yeterince h\u0131zl\u0131 y\u00fcklenmezse, insanlar z\u0131plar.<\/p>\n<h3>Kolay Gezinme<\/h3>\n<p>Kolay navigasyon sunmazsan\u0131z, insanlar indikten sonra nereye gideceklerini bilemezler. Onlar\u0131 doland\u0131rd\u0131\u011f\u0131n\u0131z\u0131 bile d\u00fc\u015f\u00fcnebilirler. Sitenizde gezinmeyi ve istedi\u011finizi bulmay\u0131 kolayla\u015ft\u0131r\u0131n.<\/p>\n<h3>\u00c7ok Say\u0131da Se\u00e7enek<\/h3>\n<p>Bir ba\u011flant\u0131 sitesine kaydolmaktan ve \u00e7ok fazla se\u00e7enek olmad\u0131\u011f\u0131n\u0131 bulmaktan daha k\u00f6t\u00fc bir \u015fey yoktur. Bunun ba\u015f\u0131n\u0131za gelmesine izin vermeyin. Farkl\u0131 insan t\u00fcrleriyle ba\u011flant\u0131 kurman\u0131n bir\u00e7ok yolu olmal\u0131d\u0131r.<\/p>\n","protected":false},"excerpt":{"rendered":"<p>Erkeklerin e\u015flerinin kendilerini aldatmas\u0131n\u0131 izlemek istemelerinin bir\u00e7ok farkl\u0131 nedeni vard\u0131r. Baz\u0131 insanlar partnerlerinin bir ba\u015fkas\u0131n\u0131 sikmesini izlemenin heyecan\u0131n\u0131 ya\u015farken, di\u011ferleri<\/p>\n","protected":false},"author":1,"featured_media":147,"parent":0,"menu_order":0,"comment_status":"closed","ping_status":"closed","template":"","meta":[],"yoast_head":"<!-- This site is optimized with the Yoast SEO plugin v17.7.1 - https:\/\/yoast.com\/wordpress\/plugins\/seo\/ -->\n<title>Kerata - Modern Ba\u011flant\u0131 K\u0131lavuzu<\/title>\n<meta name=\"robots\" content=\"index, follow, max-snippet:-1, max-image-preview:large, max-video-preview:-1\" \/>\n<link rel=\"canonical\" href=\"https:\/\/therifles.net\/tr\/kerata\/\" \/>\n<meta property=\"og:locale\" content=\"tr_TR\" \/>\n<meta property=\"og:type\" content=\"article\" \/>\n<meta property=\"og:title\" content=\"Kerata - Modern Ba\u011flant\u0131 K\u0131lavuzu\" \/>\n<meta property=\"og:description\" content=\"Erkeklerin e\u015flerinin kendilerini aldatmas\u0131n\u0131 izlemek istemelerinin bir\u00e7ok farkl\u0131 nedeni vard\u0131r. Baz\u0131 insanlar partnerlerinin bir ba\u015fkas\u0131n\u0131 sikmesini izlemenin heyecan\u0131n\u0131 ya\u015farken, di\u011ferleri\" \/>\n<meta property=\"og:url\" content=\"https:\/\/therifles.net\/tr\/kerata\/\" \/>\n<meta property=\"og:site_name\" content=\"Modern Ba\u011flant\u0131 K\u0131lavuzu\" \/>\n<meta property=\"article:modified_time\" content=\"2022-08-05T13:32:47+00:00\" \/>\n<meta name=\"twitter:card\" content=\"summary_large_image\" \/>\n<meta name=\"twitter:image\" content=\"https:\/\/therifles.net\/wp-content\/uploads\/2022\/08\/real-sex-apps.webp\" \/>\n<meta name=\"twitter:label1\" content=\"Tahmini okuma s\u00fcresi\" \/>\n\t<meta name=\"twitter:data1\" content=\"3 dakika\" \/>\n<script type=\"application\/ld+json\" class=\"yoast-schema-graph\">{\"@context\":\"https:\/\/schema.org\",\"@graph\":[{\"@type\":\"WebSite\",\"@id\":\"http:\/\/therifles.net\/#website\",\"url\":\"http:\/\/therifles.net\/\",\"name\":\"Modern Ba\\u011flant\\u0131 K\\u0131lavuzu\",\"description\":\"Ki\\u015fisel Dan\\u0131\\u015fman\",\"potentialAction\":[{\"@type\":\"SearchAction\",\"target\":{\"@type\":\"EntryPoint\",\"urlTemplate\":\"http:\/\/therifles.net\/?s={search_term_string}\"},\"query-input\":\"required name=search_term_string\"}],\"inLanguage\":\"tr\"},{\"@type\":\"ImageObject\",\"@id\":\"https:\/\/therifles.net\/tr\/kerata\/#primaryimage\",\"inLanguage\":\"tr\",\"url\":\"https:\/\/therifles.net\/wp-content\/uploads\/2022\/08\/real-sex-apps.webp\",\"contentUrl\":\"https:\/\/therifles.net\/wp-content\/uploads\/2022\/08\/real-sex-apps.webp\",\"width\":1125,\"height\":750},{\"@type\":\"WebPage\",\"@id\":\"https:\/\/therifles.net\/tr\/kerata\/#webpage\",\"url\":\"https:\/\/therifles.net\/tr\/kerata\/\",\"name\":\"Kerata - Modern Ba\\u011flant\\u0131 K\\u0131lavuzu\",\"isPartOf\":{\"@id\":\"http:\/\/therifles.net\/#website\"},\"primaryImageOfPage\":{\"@id\":\"https:\/\/therifles.net\/tr\/kerata\/#primaryimage\"},\"datePublished\":\"2022-08-05T12:26:39+00:00\",\"dateModified\":\"2022-08-05T13:32:47+00:00\",\"breadcrumb\":{\"@id\":\"https:\/\/therifles.net\/tr\/kerata\/#breadcrumb\"},\"inLanguage\":\"tr\",\"potentialAction\":[{\"@type\":\"ReadAction\",\"target\":[\"https:\/\/therifles.net\/tr\/kerata\/\"]}]},{\"@type\":\"BreadcrumbList\",\"@id\":\"https:\/\/therifles.net\/tr\/kerata\/#breadcrumb\",\"itemListElement\":[{\"@type\":\"ListItem\",\"position\":1,\"name\":\"Home\",\"item\":\"https:\/\/therifles.net\/tr\/\"},{\"@type\":\"ListItem\",\"position\":2,\"name\":\"Kerata\"}]}]}<\/script>\n<!-- \/ Yoast SEO plugin. -->","yoast_head_json":{"title":"Kerata - Modern Ba\u011flant\u0131 K\u0131lavuzu","robots":{"index":"index","follow":"follow","max-snippet":"max-snippet:-1","max-image-preview":"max-image-preview:large","max-video-preview":"max-video-preview:-1"},"canonical":"https:\/\/therifles.net\/tr\/kerata\/","og_locale":"tr_TR","og_type":"article","og_title":"Kerata - Modern Ba\u011flant\u0131 K\u0131lavuzu","og_description":"Erkeklerin e\u015flerinin kendilerini aldatmas\u0131n\u0131 izlemek istemelerinin bir\u00e7ok farkl\u0131 nedeni vard\u0131r. Baz\u0131 insanlar partnerlerinin bir ba\u015fkas\u0131n\u0131 sikmesini izlemenin heyecan\u0131n\u0131 ya\u015farken, di\u011ferleri","og_url":"https:\/\/therifles.net\/tr\/kerata\/","og_site_name":"Modern Ba\u011flant\u0131 K\u0131lavuzu","article_modified_time":"2022-08-05T13:32:47+00:00","twitter_card":"summary_large_image","twitter_image":"https:\/\/therifles.net\/wp-content\/uploads\/2022\/08\/real-sex-apps.webp","twitter_misc":{"Tahmini okuma s\u00fcresi":"3 dakika"},"schema":{"@context":"https:\/\/schema.org","@graph":[{"@type":"WebSite","@id":"http:\/\/therifles.net\/#website","url":"http:\/\/therifles.net\/","name":"Modern Ba\u011flant\u0131 K\u0131lavuzu","description":"Ki\u015fisel Dan\u0131\u015fman","potentialAction":[{"@type":"SearchAction","target":{"@type":"EntryPoint","urlTemplate":"http:\/\/therifles.net\/?s={search_term_string}"},"query-input":"required name=search_term_string"}],"inLanguage":"tr"},{"@type":"ImageObject","@id":"https:\/\/therifles.net\/tr\/kerata\/#primaryimage","inLanguage":"tr","url":"https:\/\/therifles.net\/wp-content\/uploads\/2022\/08\/real-sex-apps.webp","contentUrl":"https:\/\/therifles.net\/wp-content\/uploads\/2022\/08\/real-sex-apps.webp","width":1125,"height":750},{"@type":"WebPage","@id":"https:\/\/therifles.net\/tr\/kerata\/#webpage","url":"https:\/\/therifles.net\/tr\/kerata\/","name":"Kerata - Modern Ba\u011flant\u0131 K\u0131lavuzu","isPartOf":{"@id":"http:\/\/therifles.net\/#website"},"primaryImageOfPage":{"@id":"https:\/\/therifles.net\/tr\/kerata\/#primaryimage"},"datePublished":"2022-08-05T12:26:39+00:00","dateModified":"2022-08-05T13:32:47+00:00","breadcrumb":{"@id":"https:\/\/therifles.net\/tr\/kerata\/#breadcrumb"},"inLanguage":"tr","potentialAction":[{"@type":"ReadAction","target":["https:\/\/therifles.net\/tr\/kerata\/"]}]},{"@type":"BreadcrumbList","@id":"https:\/\/therifles.net\/tr\/kerata\/#breadcrumb","itemListElement":[{"@type":"ListItem","position":1,"name":"Home","item":"https:\/\/therifles.net\/tr\/"},{"@type":"ListItem","position":2,"name":"Kerata"}]}]}},"_links":{"self":[{"href":"https:\/\/therifles.net\/tr\/wp-json\/wp\/v2\/pages\/327"}],"collection":[{"href":"https:\/\/therifles.net\/tr\/wp-json\/wp\/v2\/pages"}],"about":[{"href":"https:\/\/therifles.net\/tr\/wp-json\/wp\/v2\/types\/page"}],"author":[{"embeddable":true,"href":"https:\/\/therifles.net\/tr\/wp-json\/wp\/v2\/users\/1"}],"replies":[{"embeddable":true,"href":"https:\/\/therifles.net\/tr\/wp-json\/wp\/v2\/comments?post=327"}],"version-history":[{"count":1,"href":"https:\/\/therifles.net\/tr\/wp-json\/wp\/v2\/pages\/327\/revisions"}],"predecessor-version":[{"id":330,"href":"https:\/\/therifles.net\/tr\/wp-json\/wp\/v2\/pages\/327\/revisions\/330"}],"wp:featuredmedia":[{"embeddable":true,"href":"https:\/\/therifles.net\/tr\/wp-json\/wp\/v2\/media\/147"}],"wp:attachment":[{"href":"https:\/\/therifles.net\/tr\/wp-json\/wp\/v2\/media?parent=327"}],"curies":[{"name":"wp","href":"https:\/\/api.w.org\/{rel}","templated":true}]}}