{"id":326,"date":"2022-08-05T13:38:51","date_gmt":"2022-08-05T12:38:51","guid":{"rendered":"http:\/\/therifles.net\/baglanti-uygulamalari-nasil-calisir-dogru-arkadaslik-uygulamasi-turunu-bulma\/"},"modified":"2022-08-05T14:32:47","modified_gmt":"2022-08-05T13:32:47","slug":"baglanti-uygulamalari-nasil-calisir-dogru-arkadaslik-uygulamasi-turunu-bulma","status":"publish","type":"page","link":"https:\/\/therifles.net\/tr\/baglanti-uygulamalari-nasil-calisir-dogru-arkadaslik-uygulamasi-turunu-bulma\/","title":{"rendered":"Ba\u011flant\u0131 Uygulamalar\u0131 Nas\u0131l \u00c7al\u0131\u015f\u0131r: Do\u011fru Arkada\u015fl\u0131k Uygulamas\u0131 T\u00fcr\u00fcn\u00fc Bulma"},"content":{"rendered":"<p>Sizin i\u00e7in m\u00fckemmel g\u00fcndelik ba\u011flant\u0131 sitelerini bulmak kolayd\u0131r. Bilmeniz gereken tek \u015fey tercihlerinizin ne oldu\u011fudur. Her \u015feyden biraz ald\u0131\u011f\u0131n\u0131z genel bir bulu\u015fma \/ ba\u011flant\u0131 sitesi ar\u0131yorsan\u0131z, Bumble, Tinder veya Hinge&#8217;i \u00f6neririz.<\/p>\n<p>Titiz aramalara ve e\u015fle\u015ftirme \u00f6nerilerine gerek kalmadan <a href=\"http:\/\/therifles.net\/texting-with-your-partner\/\">kolayca seksi bir ba\u011flant\u0131<\/a> bulmak istiyorsan\u0131z, Yeti\u015fkin Arkada\u015f Bulucu, Dize Eklenmemi\u015f ve Arama gibi uygulamalar m\u00fckemmeldir. Ni\u015f ba\u011flant\u0131lar bulmak istiyorsan\u0131z, Alt, SilverSingles veya Kinky Dates&#8217;e g\u00f6z at\u0131n. Mesele \u015fu ki, herhangi bir ba\u011flant\u0131 sitesinin ne t\u00fcr bir kalabal\u0131k sundu\u011funu bilmeniz ve ihtiya\u00e7lar\u0131n\u0131za uyup uymad\u0131klar\u0131n\u0131 belirlemeniz yeterlidir.<\/p>\n<h2>Sizin \u0130\u00e7in En \u0130yisi Hangisi?<\/h2>\n<p>Bu <a href=\"http:\/\/therifles.net\/is-online-dating-what-you-need\/\">tan\u0131\u015fma uygulamas\u0131<\/a> , kad\u0131nlara konu\u015fma \u00fczerinde daha fazla g\u00fc\u00e7 verir, \u00e7\u00fcnk\u00fc potansiyel tarihlerle temas\u0131 ba\u015flatanlar onlard\u0131r. Asl\u0131nda, erkeklerin ilk hamleyi yapmalar\u0131na izin veren Tinder&#8217;\u0131n tam tersi. Kapak taraf\u0131nda, Bumble erkeklerin \u00f6nce temas kurmadan mesaj g\u00f6ndermesine izin vermiyor. Yani, size \u00e7\u0131kma teklif etmekten korkmayan bir adam ar\u0131yorsan\u0131z, o zaman bu sizin i\u00e7in bir site olabilir.<\/p>\n<h3>Mente\u015fe<\/h3>\n<p>Mente\u015fe, kullan\u0131c\u0131lar\u0131n foto\u011fraf e\u015fle\u015ftirme ve sorular arac\u0131l\u0131\u011f\u0131yla di\u011fer bekarlarla ba\u011flant\u0131 kurmas\u0131n\u0131 sa\u011flayan \u00e7evrimi\u00e7i bir tan\u0131\u015fma hizmetidir. \u0130OS ve Android cihazlarda kullan\u0131labilir. Uygulama ayr\u0131ca kullan\u0131c\u0131lar\u0131 birbirleri i\u00e7in istemler yazmaya te\u015fvik eder. Bu istemler her iki taraf\u0131n da birbirini daha iyi tan\u0131mas\u0131n\u0131 sa\u011flar. Kullan\u0131c\u0131lar ayr\u0131ca profillerine ses kay\u0131tlar\u0131 ekleyebilir ve bu da birbirlerini daha iyi anlamalar\u0131na yard\u0131mc\u0131 olur.<\/p>\n<p>Ancak Uygulama g\u00fcnde sadece 12 be\u011feni ile s\u0131n\u0131rl\u0131d\u0131r. Daha fazlas\u0131n\u0131 ar\u0131yorsan\u0131z, ayda 29,99 ABD dolar\u0131 \u00f6demeniz gerekir. Veya 399,99 $ kar\u015f\u0131l\u0131\u011f\u0131nda y\u0131ll\u0131k abonelik sat\u0131n alabilirsiniz. Ancak Facebook Reklamlar\u0131n\u0131 kullanm\u0131yorsan\u0131z, bu se\u00e7eneklerin hi\u00e7birinden yararlanamazs\u0131n\u0131z.<\/p>\n<h3>Pof<\/h3>\n<p>Plenty Of Fish, Tinder ve Bumble gibi di\u011fer arkada\u015fl\u0131k uygulamalar\u0131yla ayn\u0131 kitleye sahip olmayabilir. Ancak yine de \u00e7ok pop\u00fcler bir se\u00e7imdir &#8211; ve \u00fccretsiz olmas\u0131 avantaj\u0131na sahiptir. Daha uzun bir s\u00fcre i\u00e7in \u00f6deme yapmak istiyorsan\u0131z daha ucuz bir abonelik de alabilirsiniz. Uzun vadeli bir ili\u015fki ar\u0131yorsan\u0131z, Plenty of Fish ba\u015flamak i\u00e7in m\u00fckemmel bir yerdir.<\/p>\n<h3>Ma\u00e7<\/h3>\n<p>Match, ciddi bir \u015fey ar\u0131yorsan\u0131z insanlarla tan\u0131\u015fmak i\u00e7in harika bir yerdir. Ayr\u0131ca etrafta oynamak ve ne t\u00fcr ba\u011flant\u0131lar kurabilece\u011finizi g\u00f6rmek i\u00e7in harika bir yer. Biriyle tan\u0131\u015fmak istiyorsan\u0131z, kesinlikle Match.com g\u00f6z atmal\u0131s\u0131n\u0131z. OKCupid veya PlentyOfFish gibi bir\u00e7ok ba\u015fka se\u00e7enek var, ancak Match en iyi genel se\u00e7imdir.<\/p>\n<h3>eHarmony (eUyum)<\/h3>\n<p>eHarmony, Match Group&#8217;a ait \u00fccretsiz bir \u00e7evrimi\u00e7i tan\u0131\u015fma hizmetidir. 2001&#8217;den beri aktiftir ve bir\u00e7ok televizyon reklam\u0131 yapm\u0131\u015ft\u0131r. \u00dcyeler, g\u00f6r\u00fcnt\u00fcl\u00fc sohbet, mesaj hat\u0131rlat\u0131c\u0131lar\u0131 ve s\u0131n\u0131rs\u0131z mesajlar gibi ek \u00f6zellikler elde etmek i\u00e7in premium abonelik i\u00e7in \u00f6deme yapabilir. Site ayr\u0131ca \u00fcyelerin konum, ya\u015f ve cinsiyete g\u00f6re e\u015fle\u015fmeleri aramas\u0131na izin verir.<\/p>\n<h3>Kahve Simitle Bulu\u015fuyor<\/h3>\n<p>Coffee Meets Bagel, ili\u015fki arayanlara en uygun olan\u0131d\u0131r, ancak hen\u00fcz taahh\u00fct etmeye haz\u0131r de\u011fildir. CMB&#8217;nin algoritmas\u0131 sizin i\u00e7in kimin uygun oldu\u011funu belirler ve her g\u00fcn potansiyel e\u015fle\u015fmelerin bir se\u00e7imini \u00f6nerir. \u00d6nerilerinizi bir g\u00fcnl\u00fc\u011f\u00fcne kontrol etmezseniz, daha sonra size \u00f6nerilecek ba\u015fka birini be\u011fenme \u015fans\u0131n\u0131 ka\u00e7\u0131rabilirsiniz.<\/p>\n<h3>Kav<\/h3>\n<p>Tinder, d\u00fcnyan\u0131n en pop\u00fcler arkada\u015fl\u0131k uygulamalar\u0131ndan biri haline geldi. Ancak, ba\u015fka bir \u015feye ge\u00e7me zaman\u0131n\u0131n geldi\u011fini hissetmek nadir de\u011fildir. Belki de ayn\u0131 insanlar\u0131 g\u00f6rmekten ya da e\u015fle\u015fme alamamaktan b\u0131kt\u0131n\u0131z. Neyse ki, orada ba\u015fka bir\u00e7ok arkada\u015fl\u0131k uygulamas\u0131 var. Sizin i\u00e7in en iyilerini bulduk. Asla bilemezsin, belki de ger\u00e7ek a\u015fk\u0131n seni bekliyor olacak.<\/p>\n<h2>Son<\/h2>\n<p>Biraz e\u011flenmek i\u00e7in biriyle bulu\u015fmak isteyen bir kad\u0131nsan\u0131z, bunu yapman\u0131za izin veren bir\u00e7ok uygulama var. Peki ya ger\u00e7ek bir randevuya \u00e7\u0131kmak istedi\u011finiz, ancak ger\u00e7ekten kimseyi tan\u0131mad\u0131\u011f\u0131n\u0131z zamanlar? Ya da belki bir s\u00fcredir bekars\u0131n ve farkl\u0131 bir \u015fey denemek istiyorsun? G\u00fczel ve rahat bir randevu bulmakla ilgileniyorsan\u0131z, Bumble&#8217;a bir \u015fans vermek isteyebilirsiniz.<\/p>\n","protected":false},"excerpt":{"rendered":"<p>Sizin i\u00e7in m\u00fckemmel g\u00fcndelik ba\u011flant\u0131 sitelerini bulmak kolayd\u0131r. Bilmeniz gereken tek \u015fey tercihlerinizin ne oldu\u011fudur. Her \u015feyden biraz ald\u0131\u011f\u0131n\u0131z genel<\/p>\n","protected":false},"author":1,"featured_media":169,"parent":0,"menu_order":0,"comment_status":"closed","ping_status":"closed","template":"","meta":[],"yoast_head":"<!-- This site is optimized with the Yoast SEO plugin v17.7.1 - https:\/\/yoast.com\/wordpress\/plugins\/seo\/ -->\n<title>Ba\u011flant\u0131 Uygulamalar\u0131 Nas\u0131l \u00c7al\u0131\u015f\u0131r: Do\u011fru Arkada\u015fl\u0131k Uygulamas\u0131 T\u00fcr\u00fcn\u00fc Bulma - Modern Ba\u011flant\u0131 K\u0131lavuzu<\/title>\n<meta name=\"robots\" content=\"index, follow, max-snippet:-1, max-image-preview:large, max-video-preview:-1\" \/>\n<link rel=\"canonical\" href=\"https:\/\/therifles.net\/tr\/baglanti-uygulamalari-nasil-calisir-dogru-arkadaslik-uygulamasi-turunu-bulma\/\" \/>\n<meta property=\"og:locale\" content=\"tr_TR\" \/>\n<meta property=\"og:type\" content=\"article\" \/>\n<meta property=\"og:title\" content=\"Ba\u011flant\u0131 Uygulamalar\u0131 Nas\u0131l \u00c7al\u0131\u015f\u0131r: Do\u011fru Arkada\u015fl\u0131k Uygulamas\u0131 T\u00fcr\u00fcn\u00fc Bulma - Modern Ba\u011flant\u0131 K\u0131lavuzu\" \/>\n<meta property=\"og:description\" content=\"Sizin i\u00e7in m\u00fckemmel g\u00fcndelik ba\u011flant\u0131 sitelerini bulmak kolayd\u0131r. Bilmeniz gereken tek \u015fey tercihlerinizin ne oldu\u011fudur. Her \u015feyden biraz ald\u0131\u011f\u0131n\u0131z genel\" \/>\n<meta property=\"og:url\" content=\"https:\/\/therifles.net\/tr\/baglanti-uygulamalari-nasil-calisir-dogru-arkadaslik-uygulamasi-turunu-bulma\/\" \/>\n<meta property=\"og:site_name\" content=\"Modern Ba\u011flant\u0131 K\u0131lavuzu\" \/>\n<meta property=\"article:modified_time\" content=\"2022-08-05T13:32:47+00:00\" \/>\n<meta name=\"twitter:card\" content=\"summary_large_image\" \/>\n<meta name=\"twitter:image\" content=\"https:\/\/therifles.net\/wp-content\/uploads\/2022\/08\/sex-hookups.webp\" \/>\n<meta name=\"twitter:label1\" content=\"Tahmini okuma s\u00fcresi\" \/>\n\t<meta name=\"twitter:data1\" content=\"4 dakika\" \/>\n<script type=\"application\/ld+json\" class=\"yoast-schema-graph\">{\"@context\":\"https:\/\/schema.org\",\"@graph\":[{\"@type\":\"WebSite\",\"@id\":\"https:\/\/therifles.net\/#website\",\"url\":\"https:\/\/therifles.net\/\",\"name\":\"Modern Ba\\u011flant\\u0131 K\\u0131lavuzu\",\"description\":\"Ki\\u015fisel Dan\\u0131\\u015fman\",\"potentialAction\":[{\"@type\":\"SearchAction\",\"target\":{\"@type\":\"EntryPoint\",\"urlTemplate\":\"https:\/\/therifles.net\/?s={search_term_string}\"},\"query-input\":\"required name=search_term_string\"}],\"inLanguage\":\"tr\"},{\"@type\":\"ImageObject\",\"@id\":\"https:\/\/therifles.net\/tr\/baglanti-uygulamalari-nasil-calisir-dogru-arkadaslik-uygulamasi-turunu-bulma\/#primaryimage\",\"inLanguage\":\"tr\",\"url\":\"https:\/\/therifles.net\/wp-content\/uploads\/2022\/08\/sex-hookups.webp\",\"contentUrl\":\"https:\/\/therifles.net\/wp-content\/uploads\/2022\/08\/sex-hookups.webp\",\"width\":1125,\"height\":750},{\"@type\":\"WebPage\",\"@id\":\"https:\/\/therifles.net\/tr\/baglanti-uygulamalari-nasil-calisir-dogru-arkadaslik-uygulamasi-turunu-bulma\/#webpage\",\"url\":\"https:\/\/therifles.net\/tr\/baglanti-uygulamalari-nasil-calisir-dogru-arkadaslik-uygulamasi-turunu-bulma\/\",\"name\":\"Ba\\u011flant\\u0131 Uygulamalar\\u0131 Nas\\u0131l \\u00c7al\\u0131\\u015f\\u0131r: Do\\u011fru Arkada\\u015fl\\u0131k Uygulamas\\u0131 T\\u00fcr\\u00fcn\\u00fc Bulma - Modern Ba\\u011flant\\u0131 K\\u0131lavuzu\",\"isPartOf\":{\"@id\":\"https:\/\/therifles.net\/#website\"},\"primaryImageOfPage\":{\"@id\":\"https:\/\/therifles.net\/tr\/baglanti-uygulamalari-nasil-calisir-dogru-arkadaslik-uygulamasi-turunu-bulma\/#primaryimage\"},\"datePublished\":\"2022-08-05T12:38:51+00:00\",\"dateModified\":\"2022-08-05T13:32:47+00:00\",\"breadcrumb\":{\"@id\":\"https:\/\/therifles.net\/tr\/baglanti-uygulamalari-nasil-calisir-dogru-arkadaslik-uygulamasi-turunu-bulma\/#breadcrumb\"},\"inLanguage\":\"tr\",\"potentialAction\":[{\"@type\":\"ReadAction\",\"target\":[\"https:\/\/therifles.net\/tr\/baglanti-uygulamalari-nasil-calisir-dogru-arkadaslik-uygulamasi-turunu-bulma\/\"]}]},{\"@type\":\"BreadcrumbList\",\"@id\":\"https:\/\/therifles.net\/tr\/baglanti-uygulamalari-nasil-calisir-dogru-arkadaslik-uygulamasi-turunu-bulma\/#breadcrumb\",\"itemListElement\":[{\"@type\":\"ListItem\",\"position\":1,\"name\":\"Home\",\"item\":\"http:\/\/therifles.net\/tr\/\"},{\"@type\":\"ListItem\",\"position\":2,\"name\":\"Ba\\u011flant\\u0131 Uygulamalar\\u0131 Nas\\u0131l \\u00c7al\\u0131\\u015f\\u0131r: Do\\u011fru Arkada\\u015fl\\u0131k Uygulamas\\u0131 T\\u00fcr\\u00fcn\\u00fc Bulma\"}]}]}<\/script>\n<!-- \/ Yoast SEO plugin. -->","yoast_head_json":{"title":"Ba\u011flant\u0131 Uygulamalar\u0131 Nas\u0131l \u00c7al\u0131\u015f\u0131r: Do\u011fru Arkada\u015fl\u0131k Uygulamas\u0131 T\u00fcr\u00fcn\u00fc Bulma - Modern Ba\u011flant\u0131 K\u0131lavuzu","robots":{"index":"index","follow":"follow","max-snippet":"max-snippet:-1","max-image-preview":"max-image-preview:large","max-video-preview":"max-video-preview:-1"},"canonical":"https:\/\/therifles.net\/tr\/baglanti-uygulamalari-nasil-calisir-dogru-arkadaslik-uygulamasi-turunu-bulma\/","og_locale":"tr_TR","og_type":"article","og_title":"Ba\u011flant\u0131 Uygulamalar\u0131 Nas\u0131l \u00c7al\u0131\u015f\u0131r: Do\u011fru Arkada\u015fl\u0131k Uygulamas\u0131 T\u00fcr\u00fcn\u00fc Bulma - Modern Ba\u011flant\u0131 K\u0131lavuzu","og_description":"Sizin i\u00e7in m\u00fckemmel g\u00fcndelik ba\u011flant\u0131 sitelerini bulmak kolayd\u0131r. Bilmeniz gereken tek \u015fey tercihlerinizin ne oldu\u011fudur. Her \u015feyden biraz ald\u0131\u011f\u0131n\u0131z genel","og_url":"https:\/\/therifles.net\/tr\/baglanti-uygulamalari-nasil-calisir-dogru-arkadaslik-uygulamasi-turunu-bulma\/","og_site_name":"Modern Ba\u011flant\u0131 K\u0131lavuzu","article_modified_time":"2022-08-05T13:32:47+00:00","twitter_card":"summary_large_image","twitter_image":"https:\/\/therifles.net\/wp-content\/uploads\/2022\/08\/sex-hookups.webp","twitter_misc":{"Tahmini okuma s\u00fcresi":"4 dakika"},"schema":{"@context":"https:\/\/schema.org","@graph":[{"@type":"WebSite","@id":"https:\/\/therifles.net\/#website","url":"https:\/\/therifles.net\/","name":"Modern Ba\u011flant\u0131 K\u0131lavuzu","description":"Ki\u015fisel Dan\u0131\u015fman","potentialAction":[{"@type":"SearchAction","target":{"@type":"EntryPoint","urlTemplate":"https:\/\/therifles.net\/?s={search_term_string}"},"query-input":"required name=search_term_string"}],"inLanguage":"tr"},{"@type":"ImageObject","@id":"https:\/\/therifles.net\/tr\/baglanti-uygulamalari-nasil-calisir-dogru-arkadaslik-uygulamasi-turunu-bulma\/#primaryimage","inLanguage":"tr","url":"https:\/\/therifles.net\/wp-content\/uploads\/2022\/08\/sex-hookups.webp","contentUrl":"https:\/\/therifles.net\/wp-content\/uploads\/2022\/08\/sex-hookups.webp","width":1125,"height":750},{"@type":"WebPage","@id":"https:\/\/therifles.net\/tr\/baglanti-uygulamalari-nasil-calisir-dogru-arkadaslik-uygulamasi-turunu-bulma\/#webpage","url":"https:\/\/therifles.net\/tr\/baglanti-uygulamalari-nasil-calisir-dogru-arkadaslik-uygulamasi-turunu-bulma\/","name":"Ba\u011flant\u0131 Uygulamalar\u0131 Nas\u0131l \u00c7al\u0131\u015f\u0131r: Do\u011fru Arkada\u015fl\u0131k Uygulamas\u0131 T\u00fcr\u00fcn\u00fc Bulma - Modern Ba\u011flant\u0131 K\u0131lavuzu","isPartOf":{"@id":"https:\/\/therifles.net\/#website"},"primaryImageOfPage":{"@id":"https:\/\/therifles.net\/tr\/baglanti-uygulamalari-nasil-calisir-dogru-arkadaslik-uygulamasi-turunu-bulma\/#primaryimage"},"datePublished":"2022-08-05T12:38:51+00:00","dateModified":"2022-08-05T13:32:47+00:00","breadcrumb":{"@id":"https:\/\/therifles.net\/tr\/baglanti-uygulamalari-nasil-calisir-dogru-arkadaslik-uygulamasi-turunu-bulma\/#breadcrumb"},"inLanguage":"tr","potentialAction":[{"@type":"ReadAction","target":["https:\/\/therifles.net\/tr\/baglanti-uygulamalari-nasil-calisir-dogru-arkadaslik-uygulamasi-turunu-bulma\/"]}]},{"@type":"BreadcrumbList","@id":"https:\/\/therifles.net\/tr\/baglanti-uygulamalari-nasil-calisir-dogru-arkadaslik-uygulamasi-turunu-bulma\/#breadcrumb","itemListElement":[{"@type":"ListItem","position":1,"name":"Home","item":"http:\/\/therifles.net\/tr\/"},{"@type":"ListItem","position":2,"name":"Ba\u011flant\u0131 Uygulamalar\u0131 Nas\u0131l \u00c7al\u0131\u015f\u0131r: Do\u011fru Arkada\u015fl\u0131k Uygulamas\u0131 T\u00fcr\u00fcn\u00fc Bulma"}]}]}},"_links":{"self":[{"href":"https:\/\/therifles.net\/tr\/wp-json\/wp\/v2\/pages\/326"}],"collection":[{"href":"https:\/\/therifles.net\/tr\/wp-json\/wp\/v2\/pages"}],"about":[{"href":"https:\/\/therifles.net\/tr\/wp-json\/wp\/v2\/types\/page"}],"author":[{"embeddable":true,"href":"https:\/\/therifles.net\/tr\/wp-json\/wp\/v2\/users\/1"}],"replies":[{"embeddable":true,"href":"https:\/\/therifles.net\/tr\/wp-json\/wp\/v2\/comments?post=326"}],"version-history":[{"count":1,"href":"https:\/\/therifles.net\/tr\/wp-json\/wp\/v2\/pages\/326\/revisions"}],"predecessor-version":[{"id":329,"href":"https:\/\/therifles.net\/tr\/wp-json\/wp\/v2\/pages\/326\/revisions\/329"}],"wp:featuredmedia":[{"embeddable":true,"href":"https:\/\/therifles.net\/tr\/wp-json\/wp\/v2\/media\/169"}],"wp:attachment":[{"href":"https:\/\/therifles.net\/tr\/wp-json\/wp\/v2\/media?parent=326"}],"curies":[{"name":"wp","href":"https:\/\/api.w.org\/{rel}","templated":true}]}}