{"id":297,"date":"2022-08-05T13:45:29","date_gmt":"2022-08-05T12:45:29","guid":{"rendered":"http:\/\/therifles.net\/ciddi-bir-iliski-bulmak-icin-en-iyi-uygulamalar\/"},"modified":"2022-08-05T14:32:46","modified_gmt":"2022-08-05T13:32:46","slug":"ciddi-bir-iliski-bulmak-icin-en-iyi-uygulamalar","status":"publish","type":"page","link":"https:\/\/therifles.net\/tr\/ciddi-bir-iliski-bulmak-icin-en-iyi-uygulamalar\/","title":{"rendered":"Ciddi Bir \u0130li\u015fki Bulmak \u0130\u00e7in En \u0130yi Uygulamalar"},"content":{"rendered":"<p>Daha ciddi bir \u015fey ar\u0131yorsan\u0131z, burada sizin i\u00e7in en iyi \u00f6nerilerden ikisine sahibiz.<\/p>\n<p>Bu iki site, sadece <a href=\"http:\/\/therifles.net\/sexting\/\">s\u0131radan bir beslenme<\/a> yerine uzun vadeli bir ili\u015fki ar\u0131yorsan\u0131z en iyisidir. Bu sitelere kaydolursan\u0131z, l\u00fctfen her ikisinin de kullan\u0131m\u0131n\u0131n \u00fccretsiz oldu\u011funu unutmay\u0131n, ancak premium \u00f6zellikleri kullanmak istiyorsan\u0131z bir \u00fccret al\u0131nmaktad\u0131r.<\/p>\n<h3>Ma\u00e7<\/h3>\n<p>Match, \u00f6zellikle a\u015fk arayanlar i\u00e7in tasarlanm\u0131\u015f \u00e7evrimi\u00e7i bir tan\u0131\u015fma sitesidir. \u0130ster uzun vadeli bir ili\u015fki ister g\u00fcndelik bir \u015fey olsun, Match, insanlar\u0131n hayattan ger\u00e7ekten ne istediklerine dayanarak a\u015fk\u0131 bulmalar\u0131n\u0131 sa\u011flayan e\u015fsiz bir deneyim sunar. Etkinli\u011finizi takip etmek i\u00e7in kendi hesab\u0131n\u0131z\u0131 da olu\u015fturabilirsiniz. Ve ba\u015fka biriyle tan\u0131\u015fmak istiyorsan\u0131z, bunu da yapabilirsiniz. \u00dcyeler, uyumlu ortaklar bulmalar\u0131na yard\u0131mc\u0131 olmak i\u00e7in arkada\u015f gruplar\u0131 olu\u015fturabilir.<\/p>\n<p>Site, profillere kat\u0131lmak ve profillere g\u00f6z atmak, mesaj g\u00f6ndermek ve hatta \u00f6zel biriyle tan\u0131\u015fmak i\u00e7in \u00fccretsizdir. \u0130\u015fleri daha da ileri g\u00f6t\u00fcrmeye karar verirseniz, daha fazla potansiyel e\u015fle\u015fme g\u00f6rmek i\u00e7in \u00f6deme yapman\u0131z gerekmez. Sitenin premium abonelik modelini kullanabilir veya \u00fccretsiz s\u00fcr\u00fcm\u00fc tercih edebilirsiniz. Y\u00fckseltmeyi se\u00e7erseniz, \u00e7ok say\u0131da e\u015fle\u015fmeyi g\u00f6r\u00fcnt\u00fcleme yetene\u011fi de dahil olmak \u00fczere sitenin bir\u00e7ok \u00f6zelli\u011fine s\u0131n\u0131rs\u0131z eri\u015fim elde edersiniz. Di\u011fer \u00fcyelerle ba\u011flant\u0131 kurman\u0131n bir\u00e7ok yolu da vard\u0131r. \u00d6rne\u011fin, metin, e-posta, telefon g\u00f6r\u00fc\u015fmeleri, g\u00f6r\u00fcnt\u00fcl\u00fc sohbetler yoluyla ileti\u015fim kurabilir ve hatta sanal tarihlere gidebilirsiniz.<\/p>\n<p>\u0130ster ciddi bir ili\u015fki ar\u0131yor olun, ister sadece biraz e\u011flence ar\u0131yor olun, Match ba\u015flamak i\u00e7in do\u011fru yerdir.<\/p>\n<h3>OKCupid<\/h3>\n<p>OkCupid, d\u00fcnyan\u0131n en pop\u00fcler \u00e7evrimi\u00e7i tan\u0131\u015fma sitelerinden biridir. 2004 y\u0131l\u0131nda ba\u015flat\u0131lan site, 10 milyondan fazla aktif g\u00fcnl\u00fck kullan\u0131c\u0131ya sahiptir. Kullan\u0131m\u0131 \u00fccretsizdir, ancak s\u0131n\u0131rs\u0131z mesaj ve e\u015fle\u015fme gibi premium \u00f6zelliklere eri\u015fmek i\u00e7in ayda 20 ABD dolar\u0131 \u00f6demeniz gerekir.<\/p>\n<p>Site, <a href=\"http:\/\/therifles.net\/how-hookup-apps-work-finding-the-right-type-of-dating-app\/\">profillere g\u00f6z atma<\/a>, arkada\u015f bulma, grup olu\u015fturma ve metin, sesli aramalar, g\u00f6r\u00fcnt\u00fcl\u00fc sohbetler ve anl\u0131k ileti yoluyla ba\u015fkalar\u0131yla sohbet etme dahil olmak \u00fczere insanlarla ba\u011flant\u0131 kurman\u0131n birka\u00e7 farkl\u0131 yolunu sunar. \u0130lgilendi\u011finiz birine hediyeler bile g\u00f6nderebilirsiniz. \u00dccretsiz mesajla\u015fma t\u00fcm kullan\u0131c\u0131lar taraf\u0131ndan kullan\u0131labilir. Ba\u015fka bir \u00fcyeyle ileti\u015fim kurmak istiyorsan\u0131z, foto\u011fraf\u0131na dokunman\u0131z yeterlidir. Oradan, h\u0131zl\u0131 bir mesaj g\u00f6ndermeyi, ne yapt\u0131klar\u0131n\u0131 sormay\u0131 veya ilginizi \u00e7eken ba\u015fka bir \u015fey hakk\u0131nda sohbet etmeyi se\u00e7ebilirsiniz.<\/p>\n<p>Ayr\u0131ca di\u011fer kullan\u0131c\u0131lar\u0131n foto\u011fraflar\u0131na g\u00f6z atabilir ve biyografilerini okuyabilirsiniz. Bu \u015fekilde, ileti\u015fim kurmaya ba\u015flamak isteyip istemedi\u011finize karar vermeden \u00f6nce ki\u015fi hakk\u0131nda daha fazla bilgi edinebilirsiniz.<\/p>\n<h2>SSS<\/h2>\n<h3>Bir k\u0131z arkada\u015f bulmak i\u00e7in en iyi tan\u0131\u015fma sitesi nedir?<\/h3>\n<p>Bir k\u0131z arkada\u015f bulman\u0131n en iyi yolu, Match.com, eHarmony, PlentyOfFish, Zoosk, OkCupid ve Tinder gibi \u00e7evrimi\u00e7i tan\u0131\u015fma siteleridir. \u00c7evrimi\u00e7i tan\u0131\u015fma siteleri, kullan\u0131c\u0131lar\u0131n ya\u015f, konum, ilgi alanlar\u0131, hobiler, ili\u015fki durumu ve di\u011fer kriterlere g\u00f6re potansiyel e\u015fle\u015fmeleri aramas\u0131na olanak tan\u0131r. \u00c7o\u011fu \u00e7evrimi\u00e7i tan\u0131\u015fma sitesi, \u00fcyelerin yeni insanlarla tan\u0131\u015fabilece\u011fi sohbet odalar\u0131 da sunar.<\/p>\n<h3>2022 y\u0131l\u0131nda en iyi% 100 \u00fccretsiz tan\u0131\u015fma siteleri hangileri?<\/h3>\n<p>2022&#8217;deki en iyi y\u00fczde 100 \u00fccretsiz tan\u0131\u015fma sitesi Plenty Of Fish. Bu web sitesinin d\u00fcnyan\u0131n her yerinden milyonlarca kullan\u0131c\u0131s\u0131 var ve onlar da sizin gibi a\u015fk\u0131 ar\u0131yorlar! Yeni insanlarla tan\u0131\u015fmak istiyorsan\u0131z, POF kesinlikle ba\u015flamak i\u00e7in do\u011fru yerdir.<\/p>\n<h3>ABD&#8217;de bekarlar i\u00e7in bir tan\u0131\u015fma sitesi var m\u0131?<\/h3>\n<p>Evet, New York&#8217;ta a\u015fk arayan bekar erkekler ve kad\u0131nlar i\u00e7in \u00f6zel olarak tasarlanm\u0131\u015f Zoosk ad\u0131nda bir tan\u0131\u015fma sitesi var. Hizmet, kullan\u0131c\u0131lar\u0131n ya\u015f, konum, ilgi alanlar\u0131 ve ili\u015fki durumuna g\u00f6re di\u011fer \u00fcyelerin profillerinde arama yapmas\u0131na olanak tan\u0131r. Kullan\u0131c\u0131lar ayr\u0131ca do\u011frudan siteden birbirlerine mesaj g\u00f6nderebilirler.<\/p>\n","protected":false},"excerpt":{"rendered":"<p>Daha ciddi bir \u015fey ar\u0131yorsan\u0131z, burada sizin i\u00e7in en iyi \u00f6nerilerden ikisine sahibiz. Bu iki site, sadece s\u0131radan bir beslenme<\/p>\n","protected":false},"author":1,"featured_media":180,"parent":0,"menu_order":0,"comment_status":"closed","ping_status":"closed","template":"","meta":[],"yoast_head":"<!-- This site is optimized with the Yoast SEO plugin v17.7.1 - https:\/\/yoast.com\/wordpress\/plugins\/seo\/ -->\n<title>Ciddi Bir \u0130li\u015fki Bulmak \u0130\u00e7in En \u0130yi Uygulamalar - Modern Ba\u011flant\u0131 K\u0131lavuzu<\/title>\n<meta name=\"robots\" content=\"index, follow, max-snippet:-1, max-image-preview:large, max-video-preview:-1\" \/>\n<link rel=\"canonical\" href=\"https:\/\/therifles.net\/tr\/ciddi-bir-iliski-bulmak-icin-en-iyi-uygulamalar\/\" \/>\n<meta property=\"og:locale\" content=\"tr_TR\" \/>\n<meta property=\"og:type\" content=\"article\" \/>\n<meta property=\"og:title\" content=\"Ciddi Bir \u0130li\u015fki Bulmak \u0130\u00e7in En \u0130yi Uygulamalar - Modern Ba\u011flant\u0131 K\u0131lavuzu\" \/>\n<meta property=\"og:description\" content=\"Daha ciddi bir \u015fey ar\u0131yorsan\u0131z, burada sizin i\u00e7in en iyi \u00f6nerilerden ikisine sahibiz. Bu iki site, sadece s\u0131radan bir beslenme\" \/>\n<meta property=\"og:url\" content=\"https:\/\/therifles.net\/tr\/ciddi-bir-iliski-bulmak-icin-en-iyi-uygulamalar\/\" \/>\n<meta property=\"og:site_name\" content=\"Modern Ba\u011flant\u0131 K\u0131lavuzu\" \/>\n<meta property=\"article:modified_time\" content=\"2022-08-05T13:32:46+00:00\" \/>\n<meta property=\"og:image\" content=\"http:\/\/therifles.net\/wp-content\/uploads\/2022\/08\/real-dating.jpeg\" \/>\n\t<meta property=\"og:image:width\" content=\"1125\" \/>\n\t<meta property=\"og:image:height\" content=\"750\" \/>\n<meta name=\"twitter:card\" content=\"summary_large_image\" \/>\n<meta name=\"twitter:label1\" content=\"Tahmini okuma s\u00fcresi\" \/>\n\t<meta name=\"twitter:data1\" content=\"4 dakika\" \/>\n<script type=\"application\/ld+json\" class=\"yoast-schema-graph\">{\"@context\":\"https:\/\/schema.org\",\"@graph\":[{\"@type\":\"WebSite\",\"@id\":\"http:\/\/therifles.net\/#website\",\"url\":\"http:\/\/therifles.net\/\",\"name\":\"Modern Ba\\u011flant\\u0131 K\\u0131lavuzu\",\"description\":\"Ki\\u015fisel Dan\\u0131\\u015fman\",\"potentialAction\":[{\"@type\":\"SearchAction\",\"target\":{\"@type\":\"EntryPoint\",\"urlTemplate\":\"http:\/\/therifles.net\/?s={search_term_string}\"},\"query-input\":\"required name=search_term_string\"}],\"inLanguage\":\"tr\"},{\"@type\":\"ImageObject\",\"@id\":\"https:\/\/therifles.net\/tr\/ciddi-bir-iliski-bulmak-icin-en-iyi-uygulamalar\/#primaryimage\",\"inLanguage\":\"tr\",\"url\":\"https:\/\/therifles.net\/wp-content\/uploads\/2022\/08\/real-dating.jpeg\",\"contentUrl\":\"https:\/\/therifles.net\/wp-content\/uploads\/2022\/08\/real-dating.jpeg\",\"width\":1125,\"height\":750},{\"@type\":\"WebPage\",\"@id\":\"https:\/\/therifles.net\/tr\/ciddi-bir-iliski-bulmak-icin-en-iyi-uygulamalar\/#webpage\",\"url\":\"https:\/\/therifles.net\/tr\/ciddi-bir-iliski-bulmak-icin-en-iyi-uygulamalar\/\",\"name\":\"Ciddi Bir \\u0130li\\u015fki Bulmak \\u0130\\u00e7in En \\u0130yi Uygulamalar - Modern Ba\\u011flant\\u0131 K\\u0131lavuzu\",\"isPartOf\":{\"@id\":\"http:\/\/therifles.net\/#website\"},\"primaryImageOfPage\":{\"@id\":\"https:\/\/therifles.net\/tr\/ciddi-bir-iliski-bulmak-icin-en-iyi-uygulamalar\/#primaryimage\"},\"datePublished\":\"2022-08-05T12:45:29+00:00\",\"dateModified\":\"2022-08-05T13:32:46+00:00\",\"breadcrumb\":{\"@id\":\"https:\/\/therifles.net\/tr\/ciddi-bir-iliski-bulmak-icin-en-iyi-uygulamalar\/#breadcrumb\"},\"inLanguage\":\"tr\",\"potentialAction\":[{\"@type\":\"ReadAction\",\"target\":[\"https:\/\/therifles.net\/tr\/ciddi-bir-iliski-bulmak-icin-en-iyi-uygulamalar\/\"]}]},{\"@type\":\"BreadcrumbList\",\"@id\":\"https:\/\/therifles.net\/tr\/ciddi-bir-iliski-bulmak-icin-en-iyi-uygulamalar\/#breadcrumb\",\"itemListElement\":[{\"@type\":\"ListItem\",\"position\":1,\"name\":\"Home\",\"item\":\"http:\/\/therifles.net\/tr\/\"},{\"@type\":\"ListItem\",\"position\":2,\"name\":\"Ciddi Bir \\u0130li\\u015fki Bulmak \\u0130\\u00e7in En \\u0130yi Uygulamalar\"}]}]}<\/script>\n<!-- \/ Yoast SEO plugin. -->","yoast_head_json":{"title":"Ciddi Bir \u0130li\u015fki Bulmak \u0130\u00e7in En \u0130yi Uygulamalar - Modern Ba\u011flant\u0131 K\u0131lavuzu","robots":{"index":"index","follow":"follow","max-snippet":"max-snippet:-1","max-image-preview":"max-image-preview:large","max-video-preview":"max-video-preview:-1"},"canonical":"https:\/\/therifles.net\/tr\/ciddi-bir-iliski-bulmak-icin-en-iyi-uygulamalar\/","og_locale":"tr_TR","og_type":"article","og_title":"Ciddi Bir \u0130li\u015fki Bulmak \u0130\u00e7in En \u0130yi Uygulamalar - Modern Ba\u011flant\u0131 K\u0131lavuzu","og_description":"Daha ciddi bir \u015fey ar\u0131yorsan\u0131z, burada sizin i\u00e7in en iyi \u00f6nerilerden ikisine sahibiz. Bu iki site, sadece s\u0131radan bir beslenme","og_url":"https:\/\/therifles.net\/tr\/ciddi-bir-iliski-bulmak-icin-en-iyi-uygulamalar\/","og_site_name":"Modern Ba\u011flant\u0131 K\u0131lavuzu","article_modified_time":"2022-08-05T13:32:46+00:00","og_image":[{"width":1125,"height":750,"url":"http:\/\/therifles.net\/wp-content\/uploads\/2022\/08\/real-dating.jpeg","type":"image\/jpeg"}],"twitter_card":"summary_large_image","twitter_misc":{"Tahmini okuma s\u00fcresi":"4 dakika"},"schema":{"@context":"https:\/\/schema.org","@graph":[{"@type":"WebSite","@id":"http:\/\/therifles.net\/#website","url":"http:\/\/therifles.net\/","name":"Modern Ba\u011flant\u0131 K\u0131lavuzu","description":"Ki\u015fisel Dan\u0131\u015fman","potentialAction":[{"@type":"SearchAction","target":{"@type":"EntryPoint","urlTemplate":"http:\/\/therifles.net\/?s={search_term_string}"},"query-input":"required name=search_term_string"}],"inLanguage":"tr"},{"@type":"ImageObject","@id":"https:\/\/therifles.net\/tr\/ciddi-bir-iliski-bulmak-icin-en-iyi-uygulamalar\/#primaryimage","inLanguage":"tr","url":"https:\/\/therifles.net\/wp-content\/uploads\/2022\/08\/real-dating.jpeg","contentUrl":"https:\/\/therifles.net\/wp-content\/uploads\/2022\/08\/real-dating.jpeg","width":1125,"height":750},{"@type":"WebPage","@id":"https:\/\/therifles.net\/tr\/ciddi-bir-iliski-bulmak-icin-en-iyi-uygulamalar\/#webpage","url":"https:\/\/therifles.net\/tr\/ciddi-bir-iliski-bulmak-icin-en-iyi-uygulamalar\/","name":"Ciddi Bir \u0130li\u015fki Bulmak \u0130\u00e7in En \u0130yi Uygulamalar - Modern Ba\u011flant\u0131 K\u0131lavuzu","isPartOf":{"@id":"http:\/\/therifles.net\/#website"},"primaryImageOfPage":{"@id":"https:\/\/therifles.net\/tr\/ciddi-bir-iliski-bulmak-icin-en-iyi-uygulamalar\/#primaryimage"},"datePublished":"2022-08-05T12:45:29+00:00","dateModified":"2022-08-05T13:32:46+00:00","breadcrumb":{"@id":"https:\/\/therifles.net\/tr\/ciddi-bir-iliski-bulmak-icin-en-iyi-uygulamalar\/#breadcrumb"},"inLanguage":"tr","potentialAction":[{"@type":"ReadAction","target":["https:\/\/therifles.net\/tr\/ciddi-bir-iliski-bulmak-icin-en-iyi-uygulamalar\/"]}]},{"@type":"BreadcrumbList","@id":"https:\/\/therifles.net\/tr\/ciddi-bir-iliski-bulmak-icin-en-iyi-uygulamalar\/#breadcrumb","itemListElement":[{"@type":"ListItem","position":1,"name":"Home","item":"http:\/\/therifles.net\/tr\/"},{"@type":"ListItem","position":2,"name":"Ciddi Bir \u0130li\u015fki Bulmak \u0130\u00e7in En \u0130yi Uygulamalar"}]}]}},"_links":{"self":[{"href":"https:\/\/therifles.net\/tr\/wp-json\/wp\/v2\/pages\/297"}],"collection":[{"href":"https:\/\/therifles.net\/tr\/wp-json\/wp\/v2\/pages"}],"about":[{"href":"https:\/\/therifles.net\/tr\/wp-json\/wp\/v2\/types\/page"}],"author":[{"embeddable":true,"href":"https:\/\/therifles.net\/tr\/wp-json\/wp\/v2\/users\/1"}],"replies":[{"embeddable":true,"href":"https:\/\/therifles.net\/tr\/wp-json\/wp\/v2\/comments?post=297"}],"version-history":[{"count":1,"href":"https:\/\/therifles.net\/tr\/wp-json\/wp\/v2\/pages\/297\/revisions"}],"predecessor-version":[{"id":300,"href":"https:\/\/therifles.net\/tr\/wp-json\/wp\/v2\/pages\/297\/revisions\/300"}],"wp:featuredmedia":[{"embeddable":true,"href":"https:\/\/therifles.net\/tr\/wp-json\/wp\/v2\/media\/180"}],"wp:attachment":[{"href":"https:\/\/therifles.net\/tr\/wp-json\/wp\/v2\/media?parent=297"}],"curies":[{"name":"wp","href":"https:\/\/api.w.org\/{rel}","templated":true}]}}