{"id":267,"date":"2022-08-05T13:34:04","date_gmt":"2022-08-05T12:34:04","guid":{"rendered":"http:\/\/therifles.net\/online-arkadaslik-guvenligi-tavsiyesi\/"},"modified":"2022-08-05T14:32:33","modified_gmt":"2022-08-05T13:32:33","slug":"online-arkadaslik-guvenligi-tavsiyesi","status":"publish","type":"page","link":"https:\/\/therifles.net\/tr\/online-arkadaslik-guvenligi-tavsiyesi\/","title":{"rendered":"Online Arkada\u015fl\u0131k G\u00fcvenli\u011fi Tavsiyesi"},"content":{"rendered":"<h2>Do\u011fru Uygulamay\u0131 Se\u00e7me<\/h2>\n<h3>\u00dccretsiz mi?<\/h3>\n<p>\u00d6nceden para talep eden bir\u00e7ok site var, ancak <a href=\"http:\/\/therifles.net\/best-apps-for-finding-a-serious-relationship\/\">di\u011ferleri \u00fccretsiz denemeler sunuyor<\/a>. \u00d6nceden \u00f6deme bilgisi gerektirmedi\u011finden genellikle deneme s\u00fcr\u00fcm\u00fcn\u00fcn yasal olup olmad\u0131\u011f\u0131n\u0131 anlayabilirsiniz. Bunun yerine, ge\u00e7erli bir e-posta adresi sa\u011flaman\u0131z istenir.<\/p>\n<h3>Gizlilik politikas\u0131 var m\u0131?<\/h3>\n<p>Bir\u00e7ok \u015firket gizlili\u011finize sayg\u0131 duyduklar\u0131n\u0131 iddia edecek, ancak size ger\u00e7ekten hi\u00e7bir \u015fey s\u00f6ylemiyorlar. Sadece kaydolman\u0131z i\u00e7in sizi korkutmaya \u00e7al\u0131\u015f\u0131yorlar. Hangi verileri toplad\u0131klar\u0131 ve nas\u0131l kulland\u0131klar\u0131 hakk\u0131nda net bir ifade aray\u0131n.<\/p>\n<h3>Site hakk\u0131nda ne diyor?<\/h3>\n<p>Baz\u0131 siteler yaln\u0131zca \u00fcyeler olmakla \u00f6v\u00fcn\u00fcrken, di\u011ferleri takdir yetkisi vaat edecektir. Ve baz\u0131lar\u0131 sizi profesyoneller taraf\u0131ndan y\u00f6netildiklerini d\u00fc\u015f\u00fcnmeniz i\u00e7in kand\u0131rmaya \u00e7al\u0131\u015facakt\u0131r. Bunun i\u00e7in d\u00fc\u015fmeyin.<\/p>\n<h3>Kim y\u00f6netiyor?<\/h3>\n<p>Bir\u00e7ok site, sahibi olan ki\u015finin ad\u0131 da dahil olmak \u00fczere bir dizi farkl\u0131 ad listeleyecektir. Bu bir k\u0131rm\u0131z\u0131 bayrak gibi g\u00f6r\u00fcnebilir, ancak sahibinin kimli\u011fini korumak istedi\u011fi anlam\u0131na gelebilir. Sonu\u00e7ta, mecbur de\u011filseniz neden ki\u015fisel bilgilerinizi veriyorsunuz?<\/p>\n<h3>Ne kadar zamand\u0131r var?<\/h3>\n<p>Bir s\u00fcredir etrafta olan siteler, bir gecede ortaya \u00e7\u0131kanlardan daha <a href=\"http:\/\/therifles.net\/cuckold\/\">g\u00fcvenilir<\/a> olma e\u011filimindedir. Ayr\u0131ca, daha uzun s\u00fcredir var olan siteler, alandaki uzmanlar aras\u0131nda genellikle daha iyi bir \u00fcne sahiptir.<\/p>\n<h3>Yorumlar olumlu mu?<\/h3>\n<p>Yorumlar, \u00f6zellikle g\u00fcvenilir kaynaklardan geldiklerinde harikad\u0131r. Ancak, orada bir\u00e7ok sahte yorum var. Sitenin olumsuz yorum yay\u0131nlama ge\u00e7mi\u015fine sahip olup olmad\u0131\u011f\u0131n\u0131 g\u00f6rmek i\u00e7in Yelp, Trustpilot ve ConsumerAffairs gibi inceleme sitelerine g\u00f6z att\u0131\u011f\u0131n\u0131zdan emin olun.<\/p>\n<h2>Doland\u0131r\u0131c\u0131lara Dikkat Edin<\/h2>\n<p>\u0130nternette a\u015fk\u0131 ar\u0131yorsan\u0131z, ger\u00e7e\u011fi kurgudan ay\u0131rman\u0131n ne kadar zor olabilece\u011fini biliyorsunuzdur. Ancak kendinizi doland\u0131r\u0131lmaktan veya kand\u0131r\u0131lmaktan koruman\u0131n yollar\u0131 vard\u0131r. \u00c7evrimi\u00e7i insanlarla tan\u0131\u015f\u0131rken sizi g\u00fcvende tutacak baz\u0131 ipu\u00e7lar\u0131n\u0131 burada bulabilirsiniz.<\/p>\n<ul>\n<li>\u00c7ok fazla ki\u015fisel bilgi vermeyin.<\/li>\n<li>Western Union veya MoneyGram arac\u0131l\u0131\u011f\u0131yla para g\u00f6ndermenizi isteyen herkese kar\u015f\u0131 dikkatli olun. Bu \u015firketler genellikle doland\u0131r\u0131c\u0131lar taraf\u0131ndan \u00e7al\u0131nan fonlar\u0131 aklamak i\u00e7in kullan\u0131l\u0131r.<\/li>\n<li>Hi\u00e7bir \u015fey i\u00e7in asla pe\u015fin \u00f6deme yapmay\u0131n. \u00d6\u011feyi bir daha asla g\u00f6rmezsiniz.<\/li>\n<li>K\u0131rm\u0131z\u0131 bayraklar\u0131 aray\u0131n. Doland\u0131r\u0131c\u0131lar, aile \u00fcyelerini veya arkada\u015flar\u0131n\u0131 kaybettiklerini iddia ederek sizi ger\u00e7ek insanlar olduklar\u0131na ikna etmeye \u00e7al\u0131\u015fabilirler. Kolluk kuvvetleri i\u00e7in \u00e7al\u0131\u015ft\u0131klar\u0131n\u0131 bile iddia edebilirler.<\/li>\n<li>Kahve d\u00fckkanlar\u0131 veya restoranlar gibi halka a\u00e7\u0131k yerlerde bulu\u015fman\u0131z\u0131 isteyen ki\u015filere dikkat edin.<\/li>\n<li>Dikkat \u00e7ekmek i\u00e7in \u00e7aresiz g\u00f6r\u00fcnen insanlara dikkat edin. Bir doland\u0131r\u0131c\u0131 size hayat\u0131n\u0131 bir araya getirmek i\u00e7in yard\u0131ma ihtiyac\u0131 oldu\u011funu veya kanser oldu\u011funu s\u00f6yleyebilir.<\/li>\n<\/ul>\n<p>Olas\u0131 bir tarihle e\u015fle\u015ftikten ve sohbet ettikten sonra, onlarla bir g\u00f6r\u00fcnt\u00fcl\u00fc sohbet planlay\u0131n. Bir\u00e7ok insan bunu yapmakta teredd\u00fct ediyor \u00e7\u00fcnk\u00fc kendilerini muhta\u00e7 g\u00f6sterdi\u011fini d\u00fc\u015f\u00fcn\u00fcyorlar. Ancak, \u015fahsen tan\u0131\u015ft\u0131ktan sonra, randevunuzun s\u00f6yledikleri ki\u015fi olmad\u0131\u011f\u0131n\u0131 \u00f6\u011frenmekten daha k\u00f6t\u00fc bir \u015fey yoktur. Bu nedenle, burada baz\u0131 \u00f6nlemler al\u0131n.<\/p>\n<p>G\u00f6r\u00fcnt\u00fcl\u00fc sohbete \u015fiddetle direnirlerse, bu bir k\u0131rm\u0131z\u0131 bayrak olabilir. Bu, \u00e7evrimi\u00e7i olarak g\u00f6r\u00fclmek istemedikleri veya bir \u015feyler saklad\u0131klar\u0131 anlam\u0131na gelebilir.<\/p>\n","protected":false},"excerpt":{"rendered":"<p>Do\u011fru Uygulamay\u0131 Se\u00e7me \u00dccretsiz mi? \u00d6nceden para talep eden bir\u00e7ok site var, ancak di\u011ferleri \u00fccretsiz denemeler sunuyor. \u00d6nceden \u00f6deme bilgisi<\/p>\n","protected":false},"author":1,"featured_media":158,"parent":0,"menu_order":0,"comment_status":"closed","ping_status":"closed","template":"","meta":[],"yoast_head":"<!-- This site is optimized with the Yoast SEO plugin v17.7.1 - https:\/\/yoast.com\/wordpress\/plugins\/seo\/ -->\n<title>Online Arkada\u015fl\u0131k G\u00fcvenli\u011fi Tavsiyesi - Modern Ba\u011flant\u0131 K\u0131lavuzu<\/title>\n<meta name=\"robots\" content=\"index, follow, max-snippet:-1, max-image-preview:large, max-video-preview:-1\" \/>\n<link rel=\"canonical\" href=\"https:\/\/therifles.net\/tr\/online-arkadaslik-guvenligi-tavsiyesi\/\" \/>\n<meta property=\"og:locale\" content=\"tr_TR\" \/>\n<meta property=\"og:type\" content=\"article\" \/>\n<meta property=\"og:title\" content=\"Online Arkada\u015fl\u0131k G\u00fcvenli\u011fi Tavsiyesi - Modern Ba\u011flant\u0131 K\u0131lavuzu\" \/>\n<meta property=\"og:description\" content=\"Do\u011fru Uygulamay\u0131 Se\u00e7me \u00dccretsiz mi? \u00d6nceden para talep eden bir\u00e7ok site var, ancak di\u011ferleri \u00fccretsiz denemeler sunuyor. \u00d6nceden \u00f6deme bilgisi\" \/>\n<meta property=\"og:url\" content=\"https:\/\/therifles.net\/tr\/online-arkadaslik-guvenligi-tavsiyesi\/\" \/>\n<meta property=\"og:site_name\" content=\"Modern Ba\u011flant\u0131 K\u0131lavuzu\" \/>\n<meta property=\"article:modified_time\" content=\"2022-08-05T13:32:33+00:00\" \/>\n<meta name=\"twitter:card\" content=\"summary_large_image\" \/>\n<meta name=\"twitter:image\" content=\"https:\/\/therifles.net\/wp-content\/uploads\/2022\/08\/unnamed-file.webp\" \/>\n<meta name=\"twitter:label1\" content=\"Tahmini okuma s\u00fcresi\" \/>\n\t<meta name=\"twitter:data1\" content=\"3 dakika\" \/>\n<script type=\"application\/ld+json\" class=\"yoast-schema-graph\">{\"@context\":\"https:\/\/schema.org\",\"@graph\":[{\"@type\":\"WebSite\",\"@id\":\"http:\/\/therifles.net\/#website\",\"url\":\"http:\/\/therifles.net\/\",\"name\":\"Modern Ba\\u011flant\\u0131 K\\u0131lavuzu\",\"description\":\"Ki\\u015fisel Dan\\u0131\\u015fman\",\"potentialAction\":[{\"@type\":\"SearchAction\",\"target\":{\"@type\":\"EntryPoint\",\"urlTemplate\":\"http:\/\/therifles.net\/?s={search_term_string}\"},\"query-input\":\"required name=search_term_string\"}],\"inLanguage\":\"tr\"},{\"@type\":\"ImageObject\",\"@id\":\"https:\/\/therifles.net\/tr\/online-arkadaslik-guvenligi-tavsiyesi\/#primaryimage\",\"inLanguage\":\"tr\",\"url\":\"https:\/\/therifles.net\/wp-content\/uploads\/2022\/08\/unnamed-file.webp\",\"contentUrl\":\"https:\/\/therifles.net\/wp-content\/uploads\/2022\/08\/unnamed-file.webp\",\"width\":500,\"height\":750},{\"@type\":\"WebPage\",\"@id\":\"https:\/\/therifles.net\/tr\/online-arkadaslik-guvenligi-tavsiyesi\/#webpage\",\"url\":\"https:\/\/therifles.net\/tr\/online-arkadaslik-guvenligi-tavsiyesi\/\",\"name\":\"Online Arkada\\u015fl\\u0131k G\\u00fcvenli\\u011fi Tavsiyesi - Modern Ba\\u011flant\\u0131 K\\u0131lavuzu\",\"isPartOf\":{\"@id\":\"http:\/\/therifles.net\/#website\"},\"primaryImageOfPage\":{\"@id\":\"https:\/\/therifles.net\/tr\/online-arkadaslik-guvenligi-tavsiyesi\/#primaryimage\"},\"datePublished\":\"2022-08-05T12:34:04+00:00\",\"dateModified\":\"2022-08-05T13:32:33+00:00\",\"breadcrumb\":{\"@id\":\"https:\/\/therifles.net\/tr\/online-arkadaslik-guvenligi-tavsiyesi\/#breadcrumb\"},\"inLanguage\":\"tr\",\"potentialAction\":[{\"@type\":\"ReadAction\",\"target\":[\"https:\/\/therifles.net\/tr\/online-arkadaslik-guvenligi-tavsiyesi\/\"]}]},{\"@type\":\"BreadcrumbList\",\"@id\":\"https:\/\/therifles.net\/tr\/online-arkadaslik-guvenligi-tavsiyesi\/#breadcrumb\",\"itemListElement\":[{\"@type\":\"ListItem\",\"position\":1,\"name\":\"Home\",\"item\":\"https:\/\/therifles.net\/tr\/\"},{\"@type\":\"ListItem\",\"position\":2,\"name\":\"Online Arkada\\u015fl\\u0131k G\\u00fcvenli\\u011fi Tavsiyesi\"}]}]}<\/script>\n<!-- \/ Yoast SEO plugin. -->","yoast_head_json":{"title":"Online Arkada\u015fl\u0131k G\u00fcvenli\u011fi Tavsiyesi - Modern Ba\u011flant\u0131 K\u0131lavuzu","robots":{"index":"index","follow":"follow","max-snippet":"max-snippet:-1","max-image-preview":"max-image-preview:large","max-video-preview":"max-video-preview:-1"},"canonical":"https:\/\/therifles.net\/tr\/online-arkadaslik-guvenligi-tavsiyesi\/","og_locale":"tr_TR","og_type":"article","og_title":"Online Arkada\u015fl\u0131k G\u00fcvenli\u011fi Tavsiyesi - Modern Ba\u011flant\u0131 K\u0131lavuzu","og_description":"Do\u011fru Uygulamay\u0131 Se\u00e7me \u00dccretsiz mi? \u00d6nceden para talep eden bir\u00e7ok site var, ancak di\u011ferleri \u00fccretsiz denemeler sunuyor. \u00d6nceden \u00f6deme bilgisi","og_url":"https:\/\/therifles.net\/tr\/online-arkadaslik-guvenligi-tavsiyesi\/","og_site_name":"Modern Ba\u011flant\u0131 K\u0131lavuzu","article_modified_time":"2022-08-05T13:32:33+00:00","twitter_card":"summary_large_image","twitter_image":"https:\/\/therifles.net\/wp-content\/uploads\/2022\/08\/unnamed-file.webp","twitter_misc":{"Tahmini okuma s\u00fcresi":"3 dakika"},"schema":{"@context":"https:\/\/schema.org","@graph":[{"@type":"WebSite","@id":"http:\/\/therifles.net\/#website","url":"http:\/\/therifles.net\/","name":"Modern Ba\u011flant\u0131 K\u0131lavuzu","description":"Ki\u015fisel Dan\u0131\u015fman","potentialAction":[{"@type":"SearchAction","target":{"@type":"EntryPoint","urlTemplate":"http:\/\/therifles.net\/?s={search_term_string}"},"query-input":"required name=search_term_string"}],"inLanguage":"tr"},{"@type":"ImageObject","@id":"https:\/\/therifles.net\/tr\/online-arkadaslik-guvenligi-tavsiyesi\/#primaryimage","inLanguage":"tr","url":"https:\/\/therifles.net\/wp-content\/uploads\/2022\/08\/unnamed-file.webp","contentUrl":"https:\/\/therifles.net\/wp-content\/uploads\/2022\/08\/unnamed-file.webp","width":500,"height":750},{"@type":"WebPage","@id":"https:\/\/therifles.net\/tr\/online-arkadaslik-guvenligi-tavsiyesi\/#webpage","url":"https:\/\/therifles.net\/tr\/online-arkadaslik-guvenligi-tavsiyesi\/","name":"Online Arkada\u015fl\u0131k G\u00fcvenli\u011fi Tavsiyesi - Modern Ba\u011flant\u0131 K\u0131lavuzu","isPartOf":{"@id":"http:\/\/therifles.net\/#website"},"primaryImageOfPage":{"@id":"https:\/\/therifles.net\/tr\/online-arkadaslik-guvenligi-tavsiyesi\/#primaryimage"},"datePublished":"2022-08-05T12:34:04+00:00","dateModified":"2022-08-05T13:32:33+00:00","breadcrumb":{"@id":"https:\/\/therifles.net\/tr\/online-arkadaslik-guvenligi-tavsiyesi\/#breadcrumb"},"inLanguage":"tr","potentialAction":[{"@type":"ReadAction","target":["https:\/\/therifles.net\/tr\/online-arkadaslik-guvenligi-tavsiyesi\/"]}]},{"@type":"BreadcrumbList","@id":"https:\/\/therifles.net\/tr\/online-arkadaslik-guvenligi-tavsiyesi\/#breadcrumb","itemListElement":[{"@type":"ListItem","position":1,"name":"Home","item":"https:\/\/therifles.net\/tr\/"},{"@type":"ListItem","position":2,"name":"Online Arkada\u015fl\u0131k G\u00fcvenli\u011fi Tavsiyesi"}]}]}},"_links":{"self":[{"href":"https:\/\/therifles.net\/tr\/wp-json\/wp\/v2\/pages\/267"}],"collection":[{"href":"https:\/\/therifles.net\/tr\/wp-json\/wp\/v2\/pages"}],"about":[{"href":"https:\/\/therifles.net\/tr\/wp-json\/wp\/v2\/types\/page"}],"author":[{"embeddable":true,"href":"https:\/\/therifles.net\/tr\/wp-json\/wp\/v2\/users\/1"}],"replies":[{"embeddable":true,"href":"https:\/\/therifles.net\/tr\/wp-json\/wp\/v2\/comments?post=267"}],"version-history":[{"count":1,"href":"https:\/\/therifles.net\/tr\/wp-json\/wp\/v2\/pages\/267\/revisions"}],"predecessor-version":[{"id":268,"href":"https:\/\/therifles.net\/tr\/wp-json\/wp\/v2\/pages\/267\/revisions\/268"}],"wp:featuredmedia":[{"embeddable":true,"href":"https:\/\/therifles.net\/tr\/wp-json\/wp\/v2\/media\/158"}],"wp:attachment":[{"href":"https:\/\/therifles.net\/tr\/wp-json\/wp\/v2\/media?parent=267"}],"curies":[{"name":"wp","href":"https:\/\/api.w.org\/{rel}","templated":true}]}}