{"id":357,"date":"2022-08-05T11:21:13","date_gmt":"2022-08-05T10:21:13","guid":{"rendered":"http:\/\/therifles.net\/aplicativos-de-namoro-real-para-solteiros-que-querem-amor\/"},"modified":"2022-08-05T14:33:10","modified_gmt":"2022-08-05T13:33:10","slug":"aplicativos-de-namoro-real-para-solteiros-que-querem-amor","status":"publish","type":"page","link":"https:\/\/therifles.net\/pt-pt\/","title":{"rendered":"Aplicativos de namoro real para solteiros que querem amor"},"content":{"rendered":"<p>Lutando para encontrar o amor ou f\u00eameas semelhantes?<\/p>\n<p>Pode pensar que encontrar o amor j\u00e1 \u00e9 dif\u00edcil o suficiente sem ter que procurar online. Mas sites de encontros para adultos facilitam as coisas porque voc\u00ea pode filtrar membros com base na idade, sexo, localiza\u00e7\u00e3o, interesses, etnia, religi\u00e3o, tipo de corpo, orienta\u00e7\u00e3o sexual, escolhas de estilo de vida, estado de relacionamento, etc. Nem precisas de sair e encontr\u00e1-los. Tudo o que precisa fazer \u00e9 registar-se online. Uma vez feito isso, poder\u00e1 navegar nos perfis e enviar mensagens para potenciais correspond\u00eancias.<\/p>\n<p>A melhor parte sobre aplicativos de namoro para adultos \u00e9 que voc\u00ea \u00e9 livre para se expressar. N\u00e3o h\u00e1 regras ou regulamentos, apenas pessoas \u00e0 procura de amor. E como n\u00e3o h\u00e1 nada que te impe\u00e7a de ser honesto, aberto e transparente, podes dizer exatamente o que queres de um parceiro.<\/p>\n<p><img loading=\"lazy\" class=\"aligncenter wp-image-35\" src=\"http:\/\/therifles.net\/wp-content\/uploads\/2022\/08\/tinder-app-1024x683.jpeg\" alt=\"\" width=\"633\" height=\"422\" srcset=\"https:\/\/therifles.net\/wp-content\/uploads\/2022\/08\/tinder-app-1024x683.jpeg 1024w, https:\/\/therifles.net\/wp-content\/uploads\/2022\/08\/tinder-app-300x200.jpeg 300w, https:\/\/therifles.net\/wp-content\/uploads\/2022\/08\/tinder-app-768x512.jpeg 768w, https:\/\/therifles.net\/wp-content\/uploads\/2022\/08\/tinder-app-120x80.jpeg 120w, https:\/\/therifles.net\/wp-content\/uploads\/2022\/08\/tinder-app.jpeg 1125w\" sizes=\"(max-width: 633px) 100vw, 633px\" \/><\/p>\n<h2>A Nossa Miss\u00e3o<\/h2>\n<p>Somos um site de an\u00e1lise de encontros online onde voc\u00ea n\u00e3o precisa fornecer o seu nome real, endere\u00e7o de e-mail ou mesmo n\u00famero de cart\u00e3o de cr\u00e9dito. Pode navegar nos perfis, enviar mensagens, ver fotos e v\u00eddeos e at\u00e9 fazer amigos no nosso site seguro e seguro.<\/p>\n<p>Se procura amor, romance, amizade ou sexo, veio ao lugar certo. Oferecemos uma experi\u00eancia completamente an\u00f3nima onde ningu\u00e9m sabe nada sobre si para que possa juntar-se \u00e0s melhores apps para encontrar o amor e muito mais. A inscri\u00e7\u00e3o demora menos de 5 minutos e pode participar imediatamente.<\/p>\n<p>H\u00e1 milhares de adultos que j\u00e1 usam o nosso site para encontrar o amor e muitas dessas pessoas procuram encontros casuais. Se est\u00e1 interessado em encontrar algu\u00e9m especial, por que n\u00e3o experimentar estes sites hoje?<\/p>\n<h2>As nossas 4 melhores escolhas<\/h2>\n<h3>Rio Bumble<\/h3>\n<p>O Bumble \u00e9 parecido com o Tinder, exceto que os homens n\u00e3o t\u00eam de iniciar contacto. As mulheres sim. Se uma mulher quer combinar com um homem, tem que enviar-lhe um pedido. Ela n\u00e3o tem de esperar que ele a contacte. Em vez disso, ela pode simplesmente passar para a esquerda se ele n\u00e3o estiver interessado ou passar para a direita se estiver.<\/p>\n<p>Al\u00e9m de encontros casuais, Bumble tamb\u00e9m pode ser usado para encontrar uma rela\u00e7\u00e3o s\u00e9ria. Depois de criar um perfil, pode-se escrever sobre si mesmo e incluir coisas como hobbies, objetivos de carreira, etc. Tamb\u00e9m podem escrever algo sobre o seu parceiro ideal, incluindo tra\u00e7os f\u00edsicos, personalidade, etc.<\/p>\n<h3>Rio Kasual<\/h3>\n<p>Kasual \u00e9 uma aplica\u00e7\u00e3o de encontros gratuitos que facilita encontrar o amor. As pessoas est\u00e3o a tentar encontrar algu\u00e9m especial, e est\u00e3o \u00e0 procura de formas de o fazer anonimamente. A aplica\u00e7\u00e3o funciona como o Tinder, onde passas para a esquerda se n\u00e3o gostares do que v\u00eas, ou se o fizeres. Mas ao contr\u00e1rio do Tinder, n\u00e3o h\u00e1 como enviar mensagens aos outros. Em vez disso, basta passar para a direita se acha que se d\u00e1 bem com outra pessoa. Pode esbater o rosto e adicionar alguns emojis para ficar bonito. E como a aplica\u00e7\u00e3o n\u00e3o est\u00e1 a recolher dados, n\u00e3o vai aparecer nas pesquisas.<\/p>\n<h3>Seja travesso<\/h3>\n<p>BeNaughty \u00e9 uma aplica\u00e7\u00e3o de matchmaking online que permite conhecer pessoas com base na localiza\u00e7\u00e3o e interesses. \u00c9 gratuito para descarregar e usar, mas requer algum esfor\u00e7o m\u00ednimo da sua parte. N\u00e3o queres ser uma daquelas pessoas que pensa que inscreveres-te num site de encontros online \u00e9 muito trabalho. Ent\u00e3o, do que est\u00e1 \u00e0 espera? Baixe beNaughty agora e veja como funciona.<\/p>\n<h3>Rio Tinder<\/h3>\n<p>O Tinder \u00e9 a aplica\u00e7\u00e3o de encontros mais famosa do mundo e n\u00e3o admira. \u00c9 gr\u00e1tis, f\u00e1cil de usar, e ainda mais f\u00e1cil de esquecer quando se conhece algu\u00e9m. Se quiser se encontrar com algu\u00e9m, passe para a esquerda ou para a direita em todas as pessoas da sua \u00e1rea. E se n\u00e3o vires ningu\u00e9m interessante, h\u00e1 muitos outros \u00e0 tua espera. O Tinder n\u00e3o \u00e9 perfeito, mas vale a pena verificar.<\/p>\n<p><img loading=\"lazy\" class=\"aligncenter wp-image-36\" src=\"http:\/\/therifles.net\/wp-content\/uploads\/2022\/08\/bench-dating.jpeg\" alt=\"\" width=\"580\" height=\"435\" srcset=\"https:\/\/therifles.net\/wp-content\/uploads\/2022\/08\/bench-dating.jpeg 1000w, https:\/\/therifles.net\/wp-content\/uploads\/2022\/08\/bench-dating-300x225.jpeg 300w, https:\/\/therifles.net\/wp-content\/uploads\/2022\/08\/bench-dating-768x576.jpeg 768w, https:\/\/therifles.net\/wp-content\/uploads\/2022\/08\/bench-dating-880x660.jpeg 880w\" sizes=\"(max-width: 580px) 100vw, 580px\" \/><\/p>\n<h2>Tirar o melhor de aplicativos de namoro<\/h2>\n<p>Entendemos como pode ser frustrante tentar encontrar algu\u00e9m compat\u00edvel. Por isso, constru\u00edmos as nossas avalia\u00e7\u00f5es para o ajudar a conectar-se com outros em sites de encontros com base nas suas prefer\u00eancias pessoais. N\u00e3o tens de te preocupar em ficar preso a um encontro que n\u00e3o se encaixa no teu estilo de vida. E saber\u00e1 sempre o que esperar porque nos certificamos de que todos os perfis correspondem \u00e0s suas expectativas.<\/p>\n<p>Seja sexo casual ou relacionamentos s\u00e9rios, h\u00e1 muitas oportunidades para conhecer algu\u00e9m especial. Mas encontrar a melhor maneira de se relacionar com as pessoas pode ser dif\u00edcil. Se quiser come\u00e7ar a conhecer adultos semelhantes que partilham interesses semelhantes.<\/p>\n<p>1. Seja voc\u00ea mesmo &#8211; N\u00e3o tente fingir ser outra pessoa. Se procura uma rela\u00e7\u00e3o s\u00e9ria, n\u00e3o se junte a um site onde todos se est\u00e3o a divertir. As pessoas querem saber o que te faz vibrar. Ent\u00e3o, fale-nos de si mesmo. Diga-nos o que gosta de fazer, quanto dinheiro ganha, passatempos, etc. Isto ajuda-nos a compar\u00e1-lo com outros que partilham caracter\u00edsticas semelhantes. Vamos ajud\u00e1-lo a encontrar algu\u00e9m que partilhe os seus valores e personalidade.<\/p>\n<p>2. Combine o seu perfil com o que quer num parceiro &#8211; Pense nas qualidades que deseja num parceiro.<\/p>\n<ul>\n<li>\u00c9 engra\u00e7ado?<\/li>\n<li>Inteligente?<\/li>\n<li>Atl\u00e9tico?<\/li>\n<li>Gosta de passar tempo ao ar livre?<\/li>\n<\/ul>\n<p>Estas coisas podem ajud\u00e1-lo a reduzir o campo de potenciais partidas. Por exemplo, se n\u00e3o queres algu\u00e9m que goste de desporto, n\u00e3o ver\u00e1s ningu\u00e9m que jogue basquetebol em sites como eHarmony.com. Ou, se quiser algu\u00e9m que goste de sair.<\/p>\n<h3>LGBT+ Inclusive<\/h3>\n<p>O mundo dos encontros online \u00e9 vasto. Com centenas de sites l\u00e1 fora, encontrar um que se adapte \u00e0s suas necessidades \u00e9 mais f\u00e1cil dizer do que fazer. No entanto, se voc\u00ea est\u00e1 procurando algo espec\u00edfico, n\u00f3s compilamos uma lista completa de categorias que se estendem por todo o espectro de orienta\u00e7\u00e3o sexual, incluindo hetero, gay, bi, trans, e tudo o mais no meio.<\/p>\n","protected":false},"excerpt":{"rendered":"<p>Lutando para encontrar o amor ou f\u00eameas semelhantes? Pode pensar que encontrar o amor j\u00e1 \u00e9 dif\u00edcil o suficiente sem<\/p>\n","protected":false},"author":1,"featured_media":0,"parent":0,"menu_order":0,"comment_status":"closed","ping_status":"closed","template":"","meta":[],"yoast_head":"<!-- This site is optimized with the Yoast SEO plugin v17.7.1 - https:\/\/yoast.com\/wordpress\/plugins\/seo\/ -->\n<title>Aplicativos de namoro real para solteiros que querem amor - Guia moderno de liga\u00e7\u00e3o<\/title>\n<meta name=\"robots\" content=\"index, follow, max-snippet:-1, max-image-preview:large, max-video-preview:-1\" \/>\n<link rel=\"canonical\" href=\"https:\/\/therifles.net\/pt-pt\/\" \/>\n<meta property=\"og:locale\" content=\"pt_PT\" \/>\n<meta property=\"og:type\" content=\"article\" \/>\n<meta property=\"og:title\" content=\"Aplicativos de namoro real para solteiros que querem amor - Guia moderno de liga\u00e7\u00e3o\" \/>\n<meta property=\"og:description\" content=\"Lutando para encontrar o amor ou f\u00eameas semelhantes? Pode pensar que encontrar o amor j\u00e1 \u00e9 dif\u00edcil o suficiente sem\" \/>\n<meta property=\"og:url\" content=\"https:\/\/therifles.net\/pt-pt\/\" \/>\n<meta property=\"og:site_name\" content=\"Guia moderno de liga\u00e7\u00e3o\" \/>\n<meta property=\"article:modified_time\" content=\"2022-08-05T13:33:10+00:00\" \/>\n<meta property=\"og:image\" content=\"http:\/\/therifles.net\/wp-content\/uploads\/2022\/08\/tinder-app-1024x683.jpeg\" \/>\n<meta name=\"twitter:card\" content=\"summary_large_image\" \/>\n<meta name=\"twitter:label1\" content=\"Tempo estimado de leitura\" \/>\n\t<meta name=\"twitter:data1\" content=\"5 minutos\" \/>\n<script type=\"application\/ld+json\" class=\"yoast-schema-graph\">{\"@context\":\"https:\/\/schema.org\",\"@graph\":[{\"@type\":\"WebSite\",\"@id\":\"https:\/\/therifles.net\/#website\",\"url\":\"https:\/\/therifles.net\/\",\"name\":\"Guia moderno de liga\\u00e7\\u00e3o\",\"description\":\"Conselheiro Pessoal\",\"potentialAction\":[{\"@type\":\"SearchAction\",\"target\":{\"@type\":\"EntryPoint\",\"urlTemplate\":\"https:\/\/therifles.net\/?s={search_term_string}\"},\"query-input\":\"required name=search_term_string\"}],\"inLanguage\":\"pt-PT\"},{\"@type\":\"ImageObject\",\"@id\":\"https:\/\/therifles.net\/pt-pt\/#primaryimage\",\"inLanguage\":\"pt-PT\",\"url\":\"http:\/\/therifles.net\/wp-content\/uploads\/2022\/08\/tinder-app-1024x683.jpeg\",\"contentUrl\":\"http:\/\/therifles.net\/wp-content\/uploads\/2022\/08\/tinder-app-1024x683.jpeg\"},{\"@type\":\"WebPage\",\"@id\":\"https:\/\/therifles.net\/pt-pt\/#webpage\",\"url\":\"https:\/\/therifles.net\/pt-pt\/\",\"name\":\"Aplicativos de namoro real para solteiros que querem amor - Guia moderno de liga\\u00e7\\u00e3o\",\"isPartOf\":{\"@id\":\"https:\/\/therifles.net\/#website\"},\"primaryImageOfPage\":{\"@id\":\"https:\/\/therifles.net\/pt-pt\/#primaryimage\"},\"datePublished\":\"2022-08-05T10:21:13+00:00\",\"dateModified\":\"2022-08-05T13:33:10+00:00\",\"breadcrumb\":{\"@id\":\"https:\/\/therifles.net\/pt-pt\/#breadcrumb\"},\"inLanguage\":\"pt-PT\",\"potentialAction\":[{\"@type\":\"ReadAction\",\"target\":[\"https:\/\/therifles.net\/pt-pt\/\"]}]},{\"@type\":\"BreadcrumbList\",\"@id\":\"https:\/\/therifles.net\/pt-pt\/#breadcrumb\",\"itemListElement\":[{\"@type\":\"ListItem\",\"position\":1,\"name\":\"Home\",\"item\":\"https:\/\/therifles.net\/pt-pt\/\"},{\"@type\":\"ListItem\",\"position\":2,\"name\":\"Aplicativos de namoro real para solteiros que querem amor\"}]}]}<\/script>\n<!-- \/ Yoast SEO plugin. -->","yoast_head_json":{"title":"Aplicativos de namoro real para solteiros que querem amor - Guia moderno de liga\u00e7\u00e3o","robots":{"index":"index","follow":"follow","max-snippet":"max-snippet:-1","max-image-preview":"max-image-preview:large","max-video-preview":"max-video-preview:-1"},"canonical":"https:\/\/therifles.net\/pt-pt\/","og_locale":"pt_PT","og_type":"article","og_title":"Aplicativos de namoro real para solteiros que querem amor - Guia moderno de liga\u00e7\u00e3o","og_description":"Lutando para encontrar o amor ou f\u00eameas semelhantes? Pode pensar que encontrar o amor j\u00e1 \u00e9 dif\u00edcil o suficiente sem","og_url":"https:\/\/therifles.net\/pt-pt\/","og_site_name":"Guia moderno de liga\u00e7\u00e3o","article_modified_time":"2022-08-05T13:33:10+00:00","og_image":[{"url":"http:\/\/therifles.net\/wp-content\/uploads\/2022\/08\/tinder-app-1024x683.jpeg"}],"twitter_card":"summary_large_image","twitter_misc":{"Tempo estimado de leitura":"5 minutos"},"schema":{"@context":"https:\/\/schema.org","@graph":[{"@type":"WebSite","@id":"https:\/\/therifles.net\/#website","url":"https:\/\/therifles.net\/","name":"Guia moderno de liga\u00e7\u00e3o","description":"Conselheiro Pessoal","potentialAction":[{"@type":"SearchAction","target":{"@type":"EntryPoint","urlTemplate":"https:\/\/therifles.net\/?s={search_term_string}"},"query-input":"required name=search_term_string"}],"inLanguage":"pt-PT"},{"@type":"ImageObject","@id":"https:\/\/therifles.net\/pt-pt\/#primaryimage","inLanguage":"pt-PT","url":"http:\/\/therifles.net\/wp-content\/uploads\/2022\/08\/tinder-app-1024x683.jpeg","contentUrl":"http:\/\/therifles.net\/wp-content\/uploads\/2022\/08\/tinder-app-1024x683.jpeg"},{"@type":"WebPage","@id":"https:\/\/therifles.net\/pt-pt\/#webpage","url":"https:\/\/therifles.net\/pt-pt\/","name":"Aplicativos de namoro real para solteiros que querem amor - Guia moderno de liga\u00e7\u00e3o","isPartOf":{"@id":"https:\/\/therifles.net\/#website"},"primaryImageOfPage":{"@id":"https:\/\/therifles.net\/pt-pt\/#primaryimage"},"datePublished":"2022-08-05T10:21:13+00:00","dateModified":"2022-08-05T13:33:10+00:00","breadcrumb":{"@id":"https:\/\/therifles.net\/pt-pt\/#breadcrumb"},"inLanguage":"pt-PT","potentialAction":[{"@type":"ReadAction","target":["https:\/\/therifles.net\/pt-pt\/"]}]},{"@type":"BreadcrumbList","@id":"https:\/\/therifles.net\/pt-pt\/#breadcrumb","itemListElement":[{"@type":"ListItem","position":1,"name":"Home","item":"https:\/\/therifles.net\/pt-pt\/"},{"@type":"ListItem","position":2,"name":"Aplicativos de namoro real para solteiros que querem amor"}]}]}},"_links":{"self":[{"href":"https:\/\/therifles.net\/pt-pt\/wp-json\/wp\/v2\/pages\/357"}],"collection":[{"href":"https:\/\/therifles.net\/pt-pt\/wp-json\/wp\/v2\/pages"}],"about":[{"href":"https:\/\/therifles.net\/pt-pt\/wp-json\/wp\/v2\/types\/page"}],"author":[{"embeddable":true,"href":"https:\/\/therifles.net\/pt-pt\/wp-json\/wp\/v2\/users\/1"}],"replies":[{"embeddable":true,"href":"https:\/\/therifles.net\/pt-pt\/wp-json\/wp\/v2\/comments?post=357"}],"version-history":[{"count":1,"href":"https:\/\/therifles.net\/pt-pt\/wp-json\/wp\/v2\/pages\/357\/revisions"}],"predecessor-version":[{"id":359,"href":"https:\/\/therifles.net\/pt-pt\/wp-json\/wp\/v2\/pages\/357\/revisions\/359"}],"wp:attachment":[{"href":"https:\/\/therifles.net\/pt-pt\/wp-json\/wp\/v2\/media?parent=357"}],"curies":[{"name":"wp","href":"https:\/\/api.w.org\/{rel}","templated":true}]}}