{"id":310,"date":"2022-08-05T13:12:16","date_gmt":"2022-08-05T12:12:16","guid":{"rendered":"http:\/\/therifles.net\/namoro-online-e-o-que-precisa\/"},"modified":"2022-08-05T14:32:47","modified_gmt":"2022-08-05T13:32:47","slug":"namoro-online-e-o-que-precisa","status":"publish","type":"page","link":"https:\/\/therifles.net\/pt-pt\/namoro-online-e-o-que-precisa\/","title":{"rendered":"Namoro online \u00e9 o que precisa?"},"content":{"rendered":"<p>A ideia de que se pode encontrar &#8220;o tal&#8221; sentado sozinho em frente ao ecr\u00e3 do computador pode parecer algo sa\u00eddo de um filme, mas de acordo com uma pesquisa recente conduzida por cerca de metade dos americanos dizem que fizeram isso mesmo.<\/p>\n<p>De facto, os investigadores descobriram que as pessoas que usam sites <a href=\"http:\/\/therifles.net\/texting-with-your-partner\/\">de encontros online<\/a> tendem a ser mais velhas e mais ricas do que as que n\u00e3o namoram online s\u00e3o muito mais propensas a acabar em casar umas com as outras.<\/p>\n<p>Se tem pensado em experimentar encontros online, aqui est\u00e3o algumas raz\u00f5es pelas quais ainda n\u00e3o deve pagar para se juntar a um site.<\/p>\n<h2>Vai perder grandes encontros.<\/h2>\n<p>Existem muitos sites de encontros gratuitos l\u00e1 fora, e embora nem sempre sejam a melhor op\u00e7\u00e3o, geralmente fornecem um bom lugar de partida. No entanto, se procura algo especial, talvez deva considerar pagar por uma associa\u00e7\u00e3o premium. Assim, n\u00e3o ter\u00e1s de te preocupar em ser compat\u00edvel com algu\u00e9m que n\u00e3o cumpra os teus padr\u00f5es.<\/p>\n<h2>Vai perder menos tempo.<\/h2>\n<p>Quando utilizar um servi\u00e7o pago, poder\u00e1 filtrar os seus potenciais jogos com base em coisas como localiza\u00e7\u00e3o, faixa et\u00e1ria, estado de relacionamento e at\u00e9 hobbies. Isto torna mais f\u00e1cil encontrar algu\u00e9m que partilhe interesses semelhantes. E como pode navegar nos perfis de gra\u00e7a, n\u00e3o passar\u00e1 horas a rodar \u00e0 esquerda e \u00e0 direita.<\/p>\n<h2>Vais poupar dinheiro.<\/h2>\n<p>Sabe aquelas taxas de subscri\u00e7\u00e3o mensais caras? Fazem uma r\u00e1pida soma. Um servi\u00e7o gratuito tamb\u00e9m \u00e9 muitas vezes mais barato, especialmente se estiver a inscrever-se para v\u00e1rias contas. Por exemplo, Match.com oferece tr\u00eas planos diferentes: $9,99 por m\u00eas para acesso b\u00e1sico; $19,95 por m\u00eas para mensagens ilimitadas; e $29,95 por m\u00eas para funcionalidades premium como videochat.<\/p>\n<h2>Escolha Popular Para Tentar Sexo Casual &#8211; Ashely Madison<\/h2>\n<p>Ashley Madison \u00e9 t\u00e3o popular que muitas pessoas sabem disso. Este site de encontros e casos online est\u00e1 ativo desde 2002 e oferece ades\u00f5es pagas para aqueles que procuram algo s\u00e9rio. No entanto, at\u00e9 os utilizadores casuais s\u00e3o capazes de encontrar algu\u00e9m especial no site. Com mais de 20 milh\u00f5es de membros registados em todo o mundo, h\u00e1 muitas oportunidades para conhecer algu\u00e9m que voc\u00ea quer namorar.<\/p>\n<p>O site est\u00e1 focado principalmente em ajudar pessoas casadas a fazer batota, mas tamb\u00e9m \u00e9 \u00f3timo para homens solteiros e mulheres que procuram sexo casual. N\u00e3o h\u00e1 restri\u00e7\u00f5es \u00e0 idade ou ao g\u00e9nero, e pode fazer o que quiser sem se preocupar em ser apanhado. Voc\u00ea pode at\u00e9 enviar dinheiro atrav\u00e9s de PayPal para pagar por funcionalidades extra, como modelos de c\u00e2mara ao vivo, sexo telef\u00f3nico e e-mails ilimitados.<\/p>\n<p>N\u00e3o tens de te preocupar em ser descoberto porque o site usa tecnologia de encripta\u00e7\u00e3o para manter as tuas informa\u00e7\u00f5es pessoais seguras. Na verdade, o site vangloria-se de que &#8220;a sua privacidade importa&#8221;.<\/p>\n","protected":false},"excerpt":{"rendered":"<p>A ideia de que se pode encontrar &#8220;o tal&#8221; sentado sozinho em frente ao ecr\u00e3 do computador pode parecer algo<\/p>\n","protected":false},"author":1,"featured_media":122,"parent":0,"menu_order":0,"comment_status":"closed","ping_status":"closed","template":"","meta":[],"yoast_head":"<!-- This site is optimized with the Yoast SEO plugin v17.7.1 - https:\/\/yoast.com\/wordpress\/plugins\/seo\/ -->\n<title>Namoro online \u00e9 o que precisa? - Guia moderno de liga\u00e7\u00e3o<\/title>\n<meta name=\"robots\" content=\"index, follow, max-snippet:-1, max-image-preview:large, max-video-preview:-1\" \/>\n<link rel=\"canonical\" href=\"https:\/\/therifles.net\/pt-pt\/namoro-online-e-o-que-precisa\/\" \/>\n<meta property=\"og:locale\" content=\"pt_PT\" \/>\n<meta property=\"og:type\" content=\"article\" \/>\n<meta property=\"og:title\" content=\"Namoro online \u00e9 o que precisa? - Guia moderno de liga\u00e7\u00e3o\" \/>\n<meta property=\"og:description\" content=\"A ideia de que se pode encontrar &#8220;o tal&#8221; sentado sozinho em frente ao ecr\u00e3 do computador pode parecer algo\" \/>\n<meta property=\"og:url\" content=\"https:\/\/therifles.net\/pt-pt\/namoro-online-e-o-que-precisa\/\" \/>\n<meta property=\"og:site_name\" content=\"Guia moderno de liga\u00e7\u00e3o\" \/>\n<meta property=\"article:modified_time\" content=\"2022-08-05T13:32:47+00:00\" \/>\n<meta property=\"og:image\" content=\"http:\/\/therifles.net\/wp-content\/uploads\/2022\/08\/dating-list.jpeg\" \/>\n\t<meta property=\"og:image:width\" content=\"1125\" \/>\n\t<meta property=\"og:image:height\" content=\"750\" \/>\n<meta name=\"twitter:card\" content=\"summary_large_image\" \/>\n<meta name=\"twitter:label1\" content=\"Tempo estimado de leitura\" \/>\n\t<meta name=\"twitter:data1\" content=\"2 minutos\" \/>\n<script type=\"application\/ld+json\" class=\"yoast-schema-graph\">{\"@context\":\"https:\/\/schema.org\",\"@graph\":[{\"@type\":\"WebSite\",\"@id\":\"https:\/\/therifles.net\/#website\",\"url\":\"https:\/\/therifles.net\/\",\"name\":\"Guia moderno de liga\\u00e7\\u00e3o\",\"description\":\"Conselheiro Pessoal\",\"potentialAction\":[{\"@type\":\"SearchAction\",\"target\":{\"@type\":\"EntryPoint\",\"urlTemplate\":\"https:\/\/therifles.net\/?s={search_term_string}\"},\"query-input\":\"required name=search_term_string\"}],\"inLanguage\":\"pt-PT\"},{\"@type\":\"ImageObject\",\"@id\":\"https:\/\/therifles.net\/pt-pt\/namoro-online-e-o-que-precisa\/#primaryimage\",\"inLanguage\":\"pt-PT\",\"url\":\"https:\/\/therifles.net\/wp-content\/uploads\/2022\/08\/dating-list.jpeg\",\"contentUrl\":\"https:\/\/therifles.net\/wp-content\/uploads\/2022\/08\/dating-list.jpeg\",\"width\":1125,\"height\":750},{\"@type\":\"WebPage\",\"@id\":\"https:\/\/therifles.net\/pt-pt\/namoro-online-e-o-que-precisa\/#webpage\",\"url\":\"https:\/\/therifles.net\/pt-pt\/namoro-online-e-o-que-precisa\/\",\"name\":\"Namoro online \\u00e9 o que precisa? - Guia moderno de liga\\u00e7\\u00e3o\",\"isPartOf\":{\"@id\":\"https:\/\/therifles.net\/#website\"},\"primaryImageOfPage\":{\"@id\":\"https:\/\/therifles.net\/pt-pt\/namoro-online-e-o-que-precisa\/#primaryimage\"},\"datePublished\":\"2022-08-05T12:12:16+00:00\",\"dateModified\":\"2022-08-05T13:32:47+00:00\",\"breadcrumb\":{\"@id\":\"https:\/\/therifles.net\/pt-pt\/namoro-online-e-o-que-precisa\/#breadcrumb\"},\"inLanguage\":\"pt-PT\",\"potentialAction\":[{\"@type\":\"ReadAction\",\"target\":[\"https:\/\/therifles.net\/pt-pt\/namoro-online-e-o-que-precisa\/\"]}]},{\"@type\":\"BreadcrumbList\",\"@id\":\"https:\/\/therifles.net\/pt-pt\/namoro-online-e-o-que-precisa\/#breadcrumb\",\"itemListElement\":[{\"@type\":\"ListItem\",\"position\":1,\"name\":\"Home\",\"item\":\"http:\/\/therifles.net\/pt-pt\/\"},{\"@type\":\"ListItem\",\"position\":2,\"name\":\"Namoro online \\u00e9 o que precisa?\"}]}]}<\/script>\n<!-- \/ Yoast SEO plugin. -->","yoast_head_json":{"title":"Namoro online \u00e9 o que precisa? - Guia moderno de liga\u00e7\u00e3o","robots":{"index":"index","follow":"follow","max-snippet":"max-snippet:-1","max-image-preview":"max-image-preview:large","max-video-preview":"max-video-preview:-1"},"canonical":"https:\/\/therifles.net\/pt-pt\/namoro-online-e-o-que-precisa\/","og_locale":"pt_PT","og_type":"article","og_title":"Namoro online \u00e9 o que precisa? - Guia moderno de liga\u00e7\u00e3o","og_description":"A ideia de que se pode encontrar &#8220;o tal&#8221; sentado sozinho em frente ao ecr\u00e3 do computador pode parecer algo","og_url":"https:\/\/therifles.net\/pt-pt\/namoro-online-e-o-que-precisa\/","og_site_name":"Guia moderno de liga\u00e7\u00e3o","article_modified_time":"2022-08-05T13:32:47+00:00","og_image":[{"width":1125,"height":750,"url":"http:\/\/therifles.net\/wp-content\/uploads\/2022\/08\/dating-list.jpeg","type":"image\/jpeg"}],"twitter_card":"summary_large_image","twitter_misc":{"Tempo estimado de leitura":"2 minutos"},"schema":{"@context":"https:\/\/schema.org","@graph":[{"@type":"WebSite","@id":"https:\/\/therifles.net\/#website","url":"https:\/\/therifles.net\/","name":"Guia moderno de liga\u00e7\u00e3o","description":"Conselheiro Pessoal","potentialAction":[{"@type":"SearchAction","target":{"@type":"EntryPoint","urlTemplate":"https:\/\/therifles.net\/?s={search_term_string}"},"query-input":"required name=search_term_string"}],"inLanguage":"pt-PT"},{"@type":"ImageObject","@id":"https:\/\/therifles.net\/pt-pt\/namoro-online-e-o-que-precisa\/#primaryimage","inLanguage":"pt-PT","url":"https:\/\/therifles.net\/wp-content\/uploads\/2022\/08\/dating-list.jpeg","contentUrl":"https:\/\/therifles.net\/wp-content\/uploads\/2022\/08\/dating-list.jpeg","width":1125,"height":750},{"@type":"WebPage","@id":"https:\/\/therifles.net\/pt-pt\/namoro-online-e-o-que-precisa\/#webpage","url":"https:\/\/therifles.net\/pt-pt\/namoro-online-e-o-que-precisa\/","name":"Namoro online \u00e9 o que precisa? - Guia moderno de liga\u00e7\u00e3o","isPartOf":{"@id":"https:\/\/therifles.net\/#website"},"primaryImageOfPage":{"@id":"https:\/\/therifles.net\/pt-pt\/namoro-online-e-o-que-precisa\/#primaryimage"},"datePublished":"2022-08-05T12:12:16+00:00","dateModified":"2022-08-05T13:32:47+00:00","breadcrumb":{"@id":"https:\/\/therifles.net\/pt-pt\/namoro-online-e-o-que-precisa\/#breadcrumb"},"inLanguage":"pt-PT","potentialAction":[{"@type":"ReadAction","target":["https:\/\/therifles.net\/pt-pt\/namoro-online-e-o-que-precisa\/"]}]},{"@type":"BreadcrumbList","@id":"https:\/\/therifles.net\/pt-pt\/namoro-online-e-o-que-precisa\/#breadcrumb","itemListElement":[{"@type":"ListItem","position":1,"name":"Home","item":"http:\/\/therifles.net\/pt-pt\/"},{"@type":"ListItem","position":2,"name":"Namoro online \u00e9 o que precisa?"}]}]}},"_links":{"self":[{"href":"https:\/\/therifles.net\/pt-pt\/wp-json\/wp\/v2\/pages\/310"}],"collection":[{"href":"https:\/\/therifles.net\/pt-pt\/wp-json\/wp\/v2\/pages"}],"about":[{"href":"https:\/\/therifles.net\/pt-pt\/wp-json\/wp\/v2\/types\/page"}],"author":[{"embeddable":true,"href":"https:\/\/therifles.net\/pt-pt\/wp-json\/wp\/v2\/users\/1"}],"replies":[{"embeddable":true,"href":"https:\/\/therifles.net\/pt-pt\/wp-json\/wp\/v2\/comments?post=310"}],"version-history":[{"count":1,"href":"https:\/\/therifles.net\/pt-pt\/wp-json\/wp\/v2\/pages\/310\/revisions"}],"predecessor-version":[{"id":314,"href":"https:\/\/therifles.net\/pt-pt\/wp-json\/wp\/v2\/pages\/310\/revisions\/314"}],"wp:featuredmedia":[{"embeddable":true,"href":"https:\/\/therifles.net\/pt-pt\/wp-json\/wp\/v2\/media\/122"}],"wp:attachment":[{"href":"https:\/\/therifles.net\/pt-pt\/wp-json\/wp\/v2\/media?parent=310"}],"curies":[{"name":"wp","href":"https:\/\/api.w.org\/{rel}","templated":true}]}}