{"id":305,"date":"2022-08-05T13:22:17","date_gmt":"2022-08-05T12:22:17","guid":{"rendered":"http:\/\/therifles.net\/sexting\/"},"modified":"2022-08-05T14:32:47","modified_gmt":"2022-08-05T13:32:47","slug":"sexting","status":"publish","type":"page","link":"https:\/\/therifles.net\/pt-pt\/sexting\/","title":{"rendered":"Sexting"},"content":{"rendered":"<p>A cultura de namoro em torno do sexo n\u00e3o \u00e9 novidade, mas gra\u00e7as \u00e0s redes sociais, \u00e0 tecnologia m\u00f3vel e ao aumento de aplica\u00e7\u00f5es de encontros online como o Tinder, Grindr, Bumble, entre outros, tornou-se muito mais f\u00e1cil encontrar algu\u00e9m com quem se encontrar. No entanto, com todas estas aplica\u00e7\u00f5es pode ser dif\u00edcil descobrir qual delas vai ser a melhor para si.<\/p>\n<h2>Que aplicativo experimentar?<\/h2>\n<p>Fomos ainda mais longe e fizemos uma lista dos melhores sites de sexo.<\/p>\n<p>Voc\u00ea encontrar\u00e1 tudo, desde <a href=\"http:\/\/therifles.net\/texting-with-your-partner\/\">aplicativos de mensagens de texto<\/a> gratuitos a plataformas de namoro para adultos premium, dando-lhe acesso a milhares de <a href=\"http:\/\/therifles.net\/is-online-dating-what-you-need\/\">solteiros sexy em todo o mundo<\/a>. Por isso, se queres fazer sexo por ti mesmo, aqui est\u00e3o os melhores s\u00edtios para come\u00e7ar.<\/p>\n<p>Ent\u00e3o por que achamos que estes sites s\u00e3o os melhores? Bem, aqui est\u00e1 a nossa lista dos dez melhores sites de sexo online:<\/p>\n<h3>JerkMate<\/h3>\n<p>Jerkmate \u00e9 um dos melhores sites de sexo gratuito em geral porque oferece um monte de caracter\u00edsticas. Existem muitas categorias como salas de chat webcam, meninas travessas, modelos amadores e muito mais. Pode encontrar tudo o que quiser aqui. Este site \u00e9 muito f\u00e1cil de usar e navegar.<\/p>\n<h3>Rio Kik<\/h3>\n<p>Kik \u00e9 uma das plataformas de namoro mais antigas <a href=\"http:\/\/therifles.net\/how-hookup-apps-work-finding-the-right-type-of-dating-app\/\">da web<\/a>. Existe desde 2005, e \u00e9 usado por milh\u00f5es de pessoas em todo o mundo. \u00c9 projetado especificamente para adolescentes e jovens adultos, mas qualquer um pode us\u00e1-lo.<\/p>\n<h3>Omegle<\/h3>\n<p>Se nunca ouviu falar de Omegle, provavelmente porque n\u00e3o \u00e9 muito conhecido. Este site permite-lhe conectar-se aleatoriamente com outra pessoa. Podes falar com quem quiseres, n\u00e3o importa a idade. Lembre-se que a maioria das pessoas n\u00e3o est\u00e1 interessada em falar com algu\u00e9m que conheceu online.<\/p>\n<h3>Rio Chatroulette<\/h3>\n<p>Como o nome sugere, Chatroulette permite-lhe conhecer pessoas aleat\u00f3rias e come\u00e7ar a conversar com elas. \u00c9 semelhante ao Omegle, exceto que em vez de te ligares a pessoas que j\u00e1 conheces, ligas-te a estranhos.<\/p>\n<h3>Scruff<\/h3>\n<p>Scruff \u00e9 um pouco diferente de outros sites de encontros. Em vez de o combinar com datas potenciais com base nas suas prefer\u00eancias, corresponde a si com base na sua localiza\u00e7\u00e3o. Por isso, se estiveres em Nova Iorque e combinares com algu\u00e9m por perto, podes arranjar maneira de sair juntos.<\/p>\n<h3>BeNaughty<\/h3>\n<p>BeNaughty \u00e9 mais uma aplica\u00e7\u00e3o de encontros gratuitos que permite que as pessoas se conectem com outras pessoas com base em interesses sexuais. Como muitos sites como este, \u00e9 projetado para tornar os encontros mais f\u00e1ceis, especialmente para pessoas que querem se encontrar sem ter que pagar por bebidas ou jantar. Mas, ao contr\u00e1rio de outras aplica\u00e7\u00f5es, BeNaughty n\u00e3o s\u00f3 o deixa passar para a esquerda ou para a direita para ver quem mais gosta do que faz; permite-lhe enviar fotos e v\u00eddeos nus diretamente um para o outro. Tamb\u00e9m n\u00e3o tens de te preocupar em ser apanhado porque a aplica\u00e7\u00e3o mant\u00e9m tudo completamente an\u00f3nimo. E como \u00e9 totalmente gratuito, n\u00e3o ter\u00e1 que gastar um tost\u00e3o para experimentar.<\/p>\n<h2>O sexo \u00e9 para ti?<\/h2>\n<ul>\n<li>Be Safe: Este parece \u00f3bvio, mas tem repeti\u00e7\u00e3o. N\u00e3o mande nada que n\u00e3o queira que outra pessoa veja. Nunca se sabe onde as suas mensagens podem acabar.<\/li>\n<li>Seja discreto: Lembre-se que mesmo que n\u00e3o se encontre cara a cara, continuar\u00e1 a comunicar por texto. Manter as coisas leves e flertantes; evite enviar demasiada informa\u00e7\u00e3o sobre a sua vida pessoal.<\/li>\n<li>Conhe\u00e7a os seus limites: Embora seja normal ceder ocasionalmente \u00e0 tenta\u00e7\u00e3o, certifique-se de que n\u00e3o exagera. Desente os limites da frequ\u00eancia com que gostaria de receber textos e cingir-se a eles.<\/li>\n<li>Pense antes de enviar: Mesmo que ache que est\u00e1 a ser engra\u00e7ado ou giro, \u00e9 prov\u00e1vel que n\u00e3o seja. Considere se algo que est\u00e1 a pensar dizer \u00e9 apropriado.<\/li>\n<\/ul>\n","protected":false},"excerpt":{"rendered":"<p>A cultura de namoro em torno do sexo n\u00e3o \u00e9 novidade, mas gra\u00e7as \u00e0s redes sociais, \u00e0 tecnologia m\u00f3vel e<\/p>\n","protected":false},"author":1,"featured_media":133,"parent":0,"menu_order":0,"comment_status":"closed","ping_status":"closed","template":"","meta":[],"yoast_head":"<!-- This site is optimized with the Yoast SEO plugin v17.7.1 - https:\/\/yoast.com\/wordpress\/plugins\/seo\/ -->\n<title>Sexting - Guia moderno de liga\u00e7\u00e3o<\/title>\n<meta name=\"robots\" content=\"index, follow, max-snippet:-1, max-image-preview:large, max-video-preview:-1\" \/>\n<link rel=\"canonical\" href=\"https:\/\/therifles.net\/pt-pt\/sexting\/\" \/>\n<meta property=\"og:locale\" content=\"pt_PT\" \/>\n<meta property=\"og:type\" content=\"article\" \/>\n<meta property=\"og:title\" content=\"Sexting - Guia moderno de liga\u00e7\u00e3o\" \/>\n<meta property=\"og:description\" content=\"A cultura de namoro em torno do sexo n\u00e3o \u00e9 novidade, mas gra\u00e7as \u00e0s redes sociais, \u00e0 tecnologia m\u00f3vel e\" \/>\n<meta property=\"og:url\" content=\"https:\/\/therifles.net\/pt-pt\/sexting\/\" \/>\n<meta property=\"og:site_name\" content=\"Guia moderno de liga\u00e7\u00e3o\" \/>\n<meta property=\"article:modified_time\" content=\"2022-08-05T13:32:47+00:00\" \/>\n<meta name=\"twitter:card\" content=\"summary_large_image\" \/>\n<meta name=\"twitter:image\" content=\"https:\/\/therifles.net\/wp-content\/uploads\/2022\/08\/dating.webp\" \/>\n<meta name=\"twitter:label1\" content=\"Tempo estimado de leitura\" \/>\n\t<meta name=\"twitter:data1\" content=\"3 minutos\" \/>\n<script type=\"application\/ld+json\" class=\"yoast-schema-graph\">{\"@context\":\"https:\/\/schema.org\",\"@graph\":[{\"@type\":\"WebSite\",\"@id\":\"https:\/\/therifles.net\/#website\",\"url\":\"https:\/\/therifles.net\/\",\"name\":\"Guia moderno de liga\\u00e7\\u00e3o\",\"description\":\"Conselheiro Pessoal\",\"potentialAction\":[{\"@type\":\"SearchAction\",\"target\":{\"@type\":\"EntryPoint\",\"urlTemplate\":\"https:\/\/therifles.net\/?s={search_term_string}\"},\"query-input\":\"required name=search_term_string\"}],\"inLanguage\":\"pt-PT\"},{\"@type\":\"ImageObject\",\"@id\":\"https:\/\/therifles.net\/pt-pt\/sexting\/#primaryimage\",\"inLanguage\":\"pt-PT\",\"url\":\"https:\/\/therifles.net\/wp-content\/uploads\/2022\/08\/dating.webp\",\"contentUrl\":\"https:\/\/therifles.net\/wp-content\/uploads\/2022\/08\/dating.webp\",\"width\":539,\"height\":750},{\"@type\":\"WebPage\",\"@id\":\"https:\/\/therifles.net\/pt-pt\/sexting\/#webpage\",\"url\":\"https:\/\/therifles.net\/pt-pt\/sexting\/\",\"name\":\"Sexting - Guia moderno de liga\\u00e7\\u00e3o\",\"isPartOf\":{\"@id\":\"https:\/\/therifles.net\/#website\"},\"primaryImageOfPage\":{\"@id\":\"https:\/\/therifles.net\/pt-pt\/sexting\/#primaryimage\"},\"datePublished\":\"2022-08-05T12:22:17+00:00\",\"dateModified\":\"2022-08-05T13:32:47+00:00\",\"breadcrumb\":{\"@id\":\"https:\/\/therifles.net\/pt-pt\/sexting\/#breadcrumb\"},\"inLanguage\":\"pt-PT\",\"potentialAction\":[{\"@type\":\"ReadAction\",\"target\":[\"https:\/\/therifles.net\/pt-pt\/sexting\/\"]}]},{\"@type\":\"BreadcrumbList\",\"@id\":\"https:\/\/therifles.net\/pt-pt\/sexting\/#breadcrumb\",\"itemListElement\":[{\"@type\":\"ListItem\",\"position\":1,\"name\":\"Home\",\"item\":\"http:\/\/therifles.net\/pt-pt\/\"},{\"@type\":\"ListItem\",\"position\":2,\"name\":\"Sexting\"}]}]}<\/script>\n<!-- \/ Yoast SEO plugin. -->","yoast_head_json":{"title":"Sexting - Guia moderno de liga\u00e7\u00e3o","robots":{"index":"index","follow":"follow","max-snippet":"max-snippet:-1","max-image-preview":"max-image-preview:large","max-video-preview":"max-video-preview:-1"},"canonical":"https:\/\/therifles.net\/pt-pt\/sexting\/","og_locale":"pt_PT","og_type":"article","og_title":"Sexting - Guia moderno de liga\u00e7\u00e3o","og_description":"A cultura de namoro em torno do sexo n\u00e3o \u00e9 novidade, mas gra\u00e7as \u00e0s redes sociais, \u00e0 tecnologia m\u00f3vel e","og_url":"https:\/\/therifles.net\/pt-pt\/sexting\/","og_site_name":"Guia moderno de liga\u00e7\u00e3o","article_modified_time":"2022-08-05T13:32:47+00:00","twitter_card":"summary_large_image","twitter_image":"https:\/\/therifles.net\/wp-content\/uploads\/2022\/08\/dating.webp","twitter_misc":{"Tempo estimado de leitura":"3 minutos"},"schema":{"@context":"https:\/\/schema.org","@graph":[{"@type":"WebSite","@id":"https:\/\/therifles.net\/#website","url":"https:\/\/therifles.net\/","name":"Guia moderno de liga\u00e7\u00e3o","description":"Conselheiro Pessoal","potentialAction":[{"@type":"SearchAction","target":{"@type":"EntryPoint","urlTemplate":"https:\/\/therifles.net\/?s={search_term_string}"},"query-input":"required name=search_term_string"}],"inLanguage":"pt-PT"},{"@type":"ImageObject","@id":"https:\/\/therifles.net\/pt-pt\/sexting\/#primaryimage","inLanguage":"pt-PT","url":"https:\/\/therifles.net\/wp-content\/uploads\/2022\/08\/dating.webp","contentUrl":"https:\/\/therifles.net\/wp-content\/uploads\/2022\/08\/dating.webp","width":539,"height":750},{"@type":"WebPage","@id":"https:\/\/therifles.net\/pt-pt\/sexting\/#webpage","url":"https:\/\/therifles.net\/pt-pt\/sexting\/","name":"Sexting - Guia moderno de liga\u00e7\u00e3o","isPartOf":{"@id":"https:\/\/therifles.net\/#website"},"primaryImageOfPage":{"@id":"https:\/\/therifles.net\/pt-pt\/sexting\/#primaryimage"},"datePublished":"2022-08-05T12:22:17+00:00","dateModified":"2022-08-05T13:32:47+00:00","breadcrumb":{"@id":"https:\/\/therifles.net\/pt-pt\/sexting\/#breadcrumb"},"inLanguage":"pt-PT","potentialAction":[{"@type":"ReadAction","target":["https:\/\/therifles.net\/pt-pt\/sexting\/"]}]},{"@type":"BreadcrumbList","@id":"https:\/\/therifles.net\/pt-pt\/sexting\/#breadcrumb","itemListElement":[{"@type":"ListItem","position":1,"name":"Home","item":"http:\/\/therifles.net\/pt-pt\/"},{"@type":"ListItem","position":2,"name":"Sexting"}]}]}},"_links":{"self":[{"href":"https:\/\/therifles.net\/pt-pt\/wp-json\/wp\/v2\/pages\/305"}],"collection":[{"href":"https:\/\/therifles.net\/pt-pt\/wp-json\/wp\/v2\/pages"}],"about":[{"href":"https:\/\/therifles.net\/pt-pt\/wp-json\/wp\/v2\/types\/page"}],"author":[{"embeddable":true,"href":"https:\/\/therifles.net\/pt-pt\/wp-json\/wp\/v2\/users\/1"}],"replies":[{"embeddable":true,"href":"https:\/\/therifles.net\/pt-pt\/wp-json\/wp\/v2\/comments?post=305"}],"version-history":[{"count":1,"href":"https:\/\/therifles.net\/pt-pt\/wp-json\/wp\/v2\/pages\/305\/revisions"}],"predecessor-version":[{"id":311,"href":"https:\/\/therifles.net\/pt-pt\/wp-json\/wp\/v2\/pages\/305\/revisions\/311"}],"wp:featuredmedia":[{"embeddable":true,"href":"https:\/\/therifles.net\/pt-pt\/wp-json\/wp\/v2\/media\/133"}],"wp:attachment":[{"href":"https:\/\/therifles.net\/pt-pt\/wp-json\/wp\/v2\/media?parent=305"}],"curies":[{"name":"wp","href":"https:\/\/api.w.org\/{rel}","templated":true}]}}