{"id":288,"date":"2022-08-05T13:26:39","date_gmt":"2022-08-05T12:26:39","guid":{"rendered":"http:\/\/therifles.net\/cuckold\/"},"modified":"2022-08-05T14:32:46","modified_gmt":"2022-08-05T13:32:46","slug":"cuckold","status":"publish","type":"page","link":"https:\/\/therifles.net\/pt-pt\/cuckold\/","title":{"rendered":"Cuckold"},"content":{"rendered":"<p>H\u00e1 muitas raz\u00f5es diferentes para os homens quererem ver as suas mulheres a tra\u00ed-los. Algumas pessoas gostam da emo\u00e7\u00e3o de ver os seus parceiros foderem outra pessoa, enquanto outras simplesmente gostam de ver a mulher\/namoradas a divertirem-se. Seja qual for a raz\u00e3o, se est\u00e1s \u00e0 procura de um <a href=\"http:\/\/therifles.net\/sexting\/\">site de encontros<\/a> de pol\u00edcias, temos-te protegido.<\/p>\n<p>Tent\u00e1mos praticamente todos os sites e aplica\u00e7\u00f5es que existem e aqui est\u00e3o os que funcionam melhor para n\u00f3s. Se procura algo diferente, avise-nos na sec\u00e7\u00e3o de coment\u00e1rios.<\/p>\n<p>Aqui est\u00e3o 4 dos melhores sites de encontros de corno por aqui hoje:<\/p>\n<h3>Get It On<\/h3>\n<p>GetItOn.com \u00e9 a Comunidade de Namoro Para Adultos n\u00ba 1 para pessoas que querem trair o c\u00f4njuge. Ajudamos homens e mulheres a encontrarem-se online por divers\u00e3o, amizade e possivelmente casamento. Os nossos membros incluem adultos casados, solteiros e vi\u00favos que querem explorar o mundo da batota. Quer sejas uma mulher \u00e0 procura de um homem para trair, ou um homem \u00e0 procura de uma mulher boazona, temos-te protegido.<\/p>\n<h3>3Sum<\/h3>\n<p>3Sum \u00e9 o n\u00famero 1 de aplicativos de encontros para pessoas que querem se encontrar com outros casais. Quer esteja \u00e0 procura de um encontro de uma noite ou algo a longo prazo, temos-te protegido. Fazemos encontros sexuais locais r\u00e1pidos e f\u00e1ceis, quer estejas \u00e0 procura de encontros casuais, festas de baloi\u00e7o, ou at\u00e9 mesmo um trio completo. Os nossos membros incluem casais heterossexuais e bi, bem como os interessados em BDSM. Pode navegar nos nossos perfis com base na localiza\u00e7\u00e3o, idade, interesses, estado de relacionamento e orienta\u00e7\u00e3o sexual.<\/p>\n<p>Fornecemos a experi\u00eancia online mais abrangente para conhecer outros que est\u00e3o nas mesmas coisas que voc\u00ea. Com mais de 2 milh\u00f5es de utilizadores ativos, temos a certeza que h\u00e1 algu\u00e9m l\u00e1 fora para todos. Junte-se agora e comece a fazer amigos hoje!<\/p>\n<h3>Rio Alt<\/h3>\n<p>Alt \u00e9 um dos maiores sites de namoro online para adultos, oferecendo milhares de pessoas que procuram relacionamentos discretos, encontros casuais, sem compromissos com sexo, ou apenas amigos com benef\u00edcios. Quer esteja \u00e0 procura de um parceiro, de um amigo ou de um amante, a Alt oferece um ambiente seguro onde todos se podem conectar com outros que partilham interesses semelhantes. Com mais de 10 milh\u00f5es de utilizadores registados em todo o mundo, a Alt oferece um espa\u00e7o seguro para os adultos explorarem a sua sexualidade sem julgamento.<\/p>\n<h3>AFF<\/h3>\n<p>Se procura um lugar onde encontrar\u00e1 muitos homens quentes que queiram <a href=\"http:\/\/therifles.net\/best-apps-for-finding-a-serious-relationship\/\">se encontrar online<\/a>, o Adult Friend Finder pode ser a melhor op\u00e7\u00e3o l\u00e1 fora. Mas n\u00e3o \u00e9 segredo que a AFF n\u00e3o \u00e9 perfeita. Na verdade, h\u00e1 muitas raz\u00f5es pelas quais \u00e9 um dos sites mais controversos ao redor. E embora seja definitivamente verdade que a AFF oferece algumas caracter\u00edsticas \u00fanicas, tamb\u00e9m vale a pena notar que existem toneladas de outras op\u00e7\u00f5es l\u00e1 fora tamb\u00e9m.<\/p>\n<p>Claro que tens de pagar por ades\u00e3o premium, mas isso \u00e9 opcional. Se decidir fazer upgrade, ter\u00e1 acesso a muitas funcionalidades adicionais, incluindo chats de v\u00eddeo, feeds de webcam, mensagens instant\u00e2neas, e-mails, aplica\u00e7\u00f5es m\u00f3veis e muito mais.<\/p>\n<h2>Tipos de Funcionalidades<\/h2>\n<h3>Uma boa experi\u00eancia de utilizador<\/h3>\n<p>Provavelmente n\u00e3o te importas com o aspeto bonito do site. Mas importa se as pessoas podem encontrar o que procuram de forma r\u00e1pida e f\u00e1cil. N\u00e3o devias ter de passar horas \u00e0 procura de algu\u00e9m com quem falar. Se o seu site n\u00e3o carregar r\u00e1pido o suficiente, as pessoas v\u00e3o saltar.<\/p>\n<h3>F\u00e1cil Navega\u00e7\u00e3o<\/h3>\n<p>Se n\u00e3o oferecer navega\u00e7\u00e3o f\u00e1cil, as pessoas n\u00e3o saber\u00e3o para onde ir quando aterrarem. Podem at\u00e9 pensar que est\u00e1s a engan\u00e1-los. Facilite a navega\u00e7\u00e3o em torno do seu site e encontre o que quer.<\/p>\n<h3>Muitas op\u00e7\u00f5es<\/h3>\n<p>N\u00e3o h\u00e1 nada pior do que inscrever-se num site de encontros e descobrir que n\u00e3o h\u00e1 muitas op\u00e7\u00f5es. N\u00e3o deixes que isso te aconte\u00e7a. Deve haver muitas maneiras de se conectar com diferentes tipos de pessoas.<\/p>\n","protected":false},"excerpt":{"rendered":"<p>H\u00e1 muitas raz\u00f5es diferentes para os homens quererem ver as suas mulheres a tra\u00ed-los. Algumas pessoas gostam da emo\u00e7\u00e3o de<\/p>\n","protected":false},"author":1,"featured_media":144,"parent":0,"menu_order":0,"comment_status":"closed","ping_status":"closed","template":"","meta":[],"yoast_head":"<!-- This site is optimized with the Yoast SEO plugin v17.7.1 - https:\/\/yoast.com\/wordpress\/plugins\/seo\/ -->\n<title>Cuckold - Guia moderno de liga\u00e7\u00e3o<\/title>\n<meta name=\"robots\" content=\"index, follow, max-snippet:-1, max-image-preview:large, max-video-preview:-1\" \/>\n<link rel=\"canonical\" href=\"https:\/\/therifles.net\/pt-pt\/cuckold\/\" \/>\n<meta property=\"og:locale\" content=\"pt_PT\" \/>\n<meta property=\"og:type\" content=\"article\" \/>\n<meta property=\"og:title\" content=\"Cuckold - Guia moderno de liga\u00e7\u00e3o\" \/>\n<meta property=\"og:description\" content=\"H\u00e1 muitas raz\u00f5es diferentes para os homens quererem ver as suas mulheres a tra\u00ed-los. Algumas pessoas gostam da emo\u00e7\u00e3o de\" \/>\n<meta property=\"og:url\" content=\"https:\/\/therifles.net\/pt-pt\/cuckold\/\" \/>\n<meta property=\"og:site_name\" content=\"Guia moderno de liga\u00e7\u00e3o\" \/>\n<meta property=\"article:modified_time\" content=\"2022-08-05T13:32:46+00:00\" \/>\n<meta name=\"twitter:card\" content=\"summary_large_image\" \/>\n<meta name=\"twitter:image\" content=\"https:\/\/therifles.net\/wp-content\/uploads\/2022\/08\/real-sex-apps.webp\" \/>\n<meta name=\"twitter:label1\" content=\"Tempo estimado de leitura\" \/>\n\t<meta name=\"twitter:data1\" content=\"3 minutos\" \/>\n<script type=\"application\/ld+json\" class=\"yoast-schema-graph\">{\"@context\":\"https:\/\/schema.org\",\"@graph\":[{\"@type\":\"WebSite\",\"@id\":\"http:\/\/therifles.net\/#website\",\"url\":\"http:\/\/therifles.net\/\",\"name\":\"Guia moderno de liga\\u00e7\\u00e3o\",\"description\":\"Conselheiro Pessoal\",\"potentialAction\":[{\"@type\":\"SearchAction\",\"target\":{\"@type\":\"EntryPoint\",\"urlTemplate\":\"http:\/\/therifles.net\/?s={search_term_string}\"},\"query-input\":\"required name=search_term_string\"}],\"inLanguage\":\"pt-PT\"},{\"@type\":\"ImageObject\",\"@id\":\"https:\/\/therifles.net\/pt-pt\/cuckold\/#primaryimage\",\"inLanguage\":\"pt-PT\",\"url\":\"https:\/\/therifles.net\/wp-content\/uploads\/2022\/08\/real-sex-apps.webp\",\"contentUrl\":\"https:\/\/therifles.net\/wp-content\/uploads\/2022\/08\/real-sex-apps.webp\",\"width\":1125,\"height\":750},{\"@type\":\"WebPage\",\"@id\":\"https:\/\/therifles.net\/pt-pt\/cuckold\/#webpage\",\"url\":\"https:\/\/therifles.net\/pt-pt\/cuckold\/\",\"name\":\"Cuckold - Guia moderno de liga\\u00e7\\u00e3o\",\"isPartOf\":{\"@id\":\"http:\/\/therifles.net\/#website\"},\"primaryImageOfPage\":{\"@id\":\"https:\/\/therifles.net\/pt-pt\/cuckold\/#primaryimage\"},\"datePublished\":\"2022-08-05T12:26:39+00:00\",\"dateModified\":\"2022-08-05T13:32:46+00:00\",\"breadcrumb\":{\"@id\":\"https:\/\/therifles.net\/pt-pt\/cuckold\/#breadcrumb\"},\"inLanguage\":\"pt-PT\",\"potentialAction\":[{\"@type\":\"ReadAction\",\"target\":[\"https:\/\/therifles.net\/pt-pt\/cuckold\/\"]}]},{\"@type\":\"BreadcrumbList\",\"@id\":\"https:\/\/therifles.net\/pt-pt\/cuckold\/#breadcrumb\",\"itemListElement\":[{\"@type\":\"ListItem\",\"position\":1,\"name\":\"Home\",\"item\":\"http:\/\/therifles.net\/pt-pt\/\"},{\"@type\":\"ListItem\",\"position\":2,\"name\":\"Cuckold\"}]}]}<\/script>\n<!-- \/ Yoast SEO plugin. -->","yoast_head_json":{"title":"Cuckold - Guia moderno de liga\u00e7\u00e3o","robots":{"index":"index","follow":"follow","max-snippet":"max-snippet:-1","max-image-preview":"max-image-preview:large","max-video-preview":"max-video-preview:-1"},"canonical":"https:\/\/therifles.net\/pt-pt\/cuckold\/","og_locale":"pt_PT","og_type":"article","og_title":"Cuckold - Guia moderno de liga\u00e7\u00e3o","og_description":"H\u00e1 muitas raz\u00f5es diferentes para os homens quererem ver as suas mulheres a tra\u00ed-los. Algumas pessoas gostam da emo\u00e7\u00e3o de","og_url":"https:\/\/therifles.net\/pt-pt\/cuckold\/","og_site_name":"Guia moderno de liga\u00e7\u00e3o","article_modified_time":"2022-08-05T13:32:46+00:00","twitter_card":"summary_large_image","twitter_image":"https:\/\/therifles.net\/wp-content\/uploads\/2022\/08\/real-sex-apps.webp","twitter_misc":{"Tempo estimado de leitura":"3 minutos"},"schema":{"@context":"https:\/\/schema.org","@graph":[{"@type":"WebSite","@id":"http:\/\/therifles.net\/#website","url":"http:\/\/therifles.net\/","name":"Guia moderno de liga\u00e7\u00e3o","description":"Conselheiro Pessoal","potentialAction":[{"@type":"SearchAction","target":{"@type":"EntryPoint","urlTemplate":"http:\/\/therifles.net\/?s={search_term_string}"},"query-input":"required name=search_term_string"}],"inLanguage":"pt-PT"},{"@type":"ImageObject","@id":"https:\/\/therifles.net\/pt-pt\/cuckold\/#primaryimage","inLanguage":"pt-PT","url":"https:\/\/therifles.net\/wp-content\/uploads\/2022\/08\/real-sex-apps.webp","contentUrl":"https:\/\/therifles.net\/wp-content\/uploads\/2022\/08\/real-sex-apps.webp","width":1125,"height":750},{"@type":"WebPage","@id":"https:\/\/therifles.net\/pt-pt\/cuckold\/#webpage","url":"https:\/\/therifles.net\/pt-pt\/cuckold\/","name":"Cuckold - Guia moderno de liga\u00e7\u00e3o","isPartOf":{"@id":"http:\/\/therifles.net\/#website"},"primaryImageOfPage":{"@id":"https:\/\/therifles.net\/pt-pt\/cuckold\/#primaryimage"},"datePublished":"2022-08-05T12:26:39+00:00","dateModified":"2022-08-05T13:32:46+00:00","breadcrumb":{"@id":"https:\/\/therifles.net\/pt-pt\/cuckold\/#breadcrumb"},"inLanguage":"pt-PT","potentialAction":[{"@type":"ReadAction","target":["https:\/\/therifles.net\/pt-pt\/cuckold\/"]}]},{"@type":"BreadcrumbList","@id":"https:\/\/therifles.net\/pt-pt\/cuckold\/#breadcrumb","itemListElement":[{"@type":"ListItem","position":1,"name":"Home","item":"http:\/\/therifles.net\/pt-pt\/"},{"@type":"ListItem","position":2,"name":"Cuckold"}]}]}},"_links":{"self":[{"href":"https:\/\/therifles.net\/pt-pt\/wp-json\/wp\/v2\/pages\/288"}],"collection":[{"href":"https:\/\/therifles.net\/pt-pt\/wp-json\/wp\/v2\/pages"}],"about":[{"href":"https:\/\/therifles.net\/pt-pt\/wp-json\/wp\/v2\/types\/page"}],"author":[{"embeddable":true,"href":"https:\/\/therifles.net\/pt-pt\/wp-json\/wp\/v2\/users\/1"}],"replies":[{"embeddable":true,"href":"https:\/\/therifles.net\/pt-pt\/wp-json\/wp\/v2\/comments?post=288"}],"version-history":[{"count":1,"href":"https:\/\/therifles.net\/pt-pt\/wp-json\/wp\/v2\/pages\/288\/revisions"}],"predecessor-version":[{"id":293,"href":"https:\/\/therifles.net\/pt-pt\/wp-json\/wp\/v2\/pages\/288\/revisions\/293"}],"wp:featuredmedia":[{"embeddable":true,"href":"https:\/\/therifles.net\/pt-pt\/wp-json\/wp\/v2\/media\/144"}],"wp:attachment":[{"href":"https:\/\/therifles.net\/pt-pt\/wp-json\/wp\/v2\/media?parent=288"}],"curies":[{"name":"wp","href":"https:\/\/api.w.org\/{rel}","templated":true}]}}