{"id":284,"date":"2022-08-05T13:34:04","date_gmt":"2022-08-05T12:34:04","guid":{"rendered":"http:\/\/therifles.net\/conselhos-de-seguranca-de-encontros-online\/"},"modified":"2022-08-05T14:32:34","modified_gmt":"2022-08-05T13:32:34","slug":"conselhos-de-seguranca-de-encontros-online","status":"publish","type":"page","link":"https:\/\/therifles.net\/pt-pt\/conselhos-de-seguranca-de-encontros-online\/","title":{"rendered":"Conselhos de Seguran\u00e7a de Encontros Online"},"content":{"rendered":"<h2>Escolher a app certa<\/h2>\n<h3>\u00c9 de gra\u00e7a?<\/h3>\n<p>H\u00e1 muitos sites que cobram dinheiro adiantado, mas muitos <a href=\"http:\/\/therifles.net\/best-apps-for-finding-a-serious-relationship\/\">outros oferecem testes gratuitos<\/a>. Normalmente pode dizer se um julgamento \u00e9 leg\u00edtimo porque n\u00e3o requer informa\u00e7\u00e3o de pagamento adiantadamente. Em vez disso, ser\u00e1 pedido que lhe seja enviado um endere\u00e7o de e-mail v\u00e1lido.<\/p>\n<h3>Tem uma pol\u00edtica de privacidade?<\/h3>\n<p>Muitas empresas v\u00e3o alegar que respeitam a sua privacidade, mas n\u00e3o te dizem nada. S\u00f3 est\u00e3o a tentar assustar-te para te inscreveres. Procure uma declara\u00e7\u00e3o clara sobre os dados que recolhem e como os utilizam.<\/p>\n<h3>O que diz sobre o site?<\/h3>\n<p>Alguns sites gabar-se-\u00e3o de serem apenas membros, enquanto outros prometem discri\u00e7\u00e3o. E alguns at\u00e9 v\u00e3o tentar engan\u00e1-lo a pensar que s\u00e3o dirigidos por profissionais. N\u00e3o se apaixone por isso.<\/p>\n<h3>Quem dirige?<\/h3>\n<p>Muitos sites listar\u00e3o v\u00e1rios nomes diferentes, incluindo o nome da pessoa que o possui. Isto pode parecer uma bandeira vermelha, mas pode simplesmente significar que o propriet\u00e1rio quer proteger a sua identidade. Afinal, por que dar as suas informa\u00e7\u00f5es pessoais se n\u00e3o precisa?<\/p>\n<h3>H\u00e1 quanto tempo existe?<\/h3>\n<p>Sites que existem h\u00e1 algum tempo tendem a ser mais <a href=\"http:\/\/therifles.net\/cuckold\/\">confi\u00e1veis<\/a> do que aqueles que apareceram durante a noite. Al\u00e9m disso, sites que existem h\u00e1 mais tempo muitas vezes t\u00eam uma melhor reputa\u00e7\u00e3o entre os especialistas na \u00e1rea.<\/p>\n<h3>As cr\u00edticas s\u00e3o positivas?<\/h3>\n<p>As cr\u00edticas s\u00e3o \u00f3timas, especialmente quando v\u00eam de fontes fidedignas. No entanto, h\u00e1 muitas cr\u00edticas falsas por a\u00ed. Certifique-se de consultar sites de coment\u00e1rios como Yelp, Trustpilot e ConsumerAffairs para ver se o site tem um hist\u00f3rico de publica\u00e7\u00f5es negativas.<\/p>\n<h2>Cuidado com os vigaristas<\/h2>\n<p>Se andaste \u00e0 procura de amor online, sabes como pode ser dif\u00edcil separar os factos da fic\u00e7\u00e3o. Mas h\u00e1 maneiras de se proteger de ser enganado ou enganado. Aqui ficam algumas dicas para mant\u00ea-lo seguro enquanto conhece pessoas online.<\/p>\n<ul>\n<li>N\u00e3o d\u00ea muita informa\u00e7\u00e3o pessoal.<\/li>\n<li>Desconfie de quem lhe pedir para enviar dinheiro atrav\u00e9s da Western Union ou do MoneyGram. Estas empresas s\u00e3o frequentemente usadas por burl\u00f5es para lavar fundos roubados.<\/li>\n<li>Nunca pagues nada adiantado. Nunca mais ver\u00e1 o artigo.<\/li>\n<li>Procurem bandeiras vermelhas. Os burl\u00f5es podem tentar convencer-te de que s\u00e3o pessoas reais, alegando ter perdido familiares ou amigos. Podem at\u00e9 alegar trabalhar para a aplica\u00e7\u00e3o da lei.<\/li>\n<li>Tenha cuidado com as pessoas que lhe pedem para se encontrar em lugares p\u00fablicos, como caf\u00e9s ou restaurantes.<\/li>\n<li>Cuidado com as pessoas que parecem desesperadas por aten\u00e7\u00e3o. Um burl\u00e3o pode dizer-te que precisa de ajuda para recompo-lo ou que tem cancro.<\/li>\n<\/ul>\n<p>Depois de ter combinado com uma poss\u00edvel data e conversado, agende uma conversa de v\u00eddeo com eles. Muitas pessoas hesitam em fazer isto porque acham que as faz parecer necessitadas. Mas, uma vez conhecido pessoalmente, n\u00e3o h\u00e1 nada pior do que descobrir que o seu par n\u00e3o \u00e9 quem eles dizem que s\u00e3o. Ent\u00e3o, tome algumas precau\u00e7\u00f5es aqui.<\/p>\n<p>Se resistirem fortemente a uma conversa de v\u00eddeo, pode ser uma bandeira vermelha. Pode significar que n\u00e3o querem ser vistos online, ou que podem estar a esconder alguma coisa.<\/p>\n","protected":false},"excerpt":{"rendered":"<p>Escolher a app certa \u00c9 de gra\u00e7a? H\u00e1 muitos sites que cobram dinheiro adiantado, mas muitos outros oferecem testes gratuitos.<\/p>\n","protected":false},"author":1,"featured_media":155,"parent":0,"menu_order":0,"comment_status":"closed","ping_status":"closed","template":"","meta":[],"yoast_head":"<!-- This site is optimized with the Yoast SEO plugin v17.7.1 - https:\/\/yoast.com\/wordpress\/plugins\/seo\/ -->\n<title>Conselhos de Seguran\u00e7a de Encontros Online - Guia moderno de liga\u00e7\u00e3o<\/title>\n<meta name=\"robots\" content=\"index, follow, max-snippet:-1, max-image-preview:large, max-video-preview:-1\" \/>\n<link rel=\"canonical\" href=\"https:\/\/therifles.net\/pt-pt\/conselhos-de-seguranca-de-encontros-online\/\" \/>\n<meta property=\"og:locale\" content=\"pt_PT\" \/>\n<meta property=\"og:type\" content=\"article\" \/>\n<meta property=\"og:title\" content=\"Conselhos de Seguran\u00e7a de Encontros Online - Guia moderno de liga\u00e7\u00e3o\" \/>\n<meta property=\"og:description\" content=\"Escolher a app certa \u00c9 de gra\u00e7a? H\u00e1 muitos sites que cobram dinheiro adiantado, mas muitos outros oferecem testes gratuitos.\" \/>\n<meta property=\"og:url\" content=\"https:\/\/therifles.net\/pt-pt\/conselhos-de-seguranca-de-encontros-online\/\" \/>\n<meta property=\"og:site_name\" content=\"Guia moderno de liga\u00e7\u00e3o\" \/>\n<meta property=\"article:modified_time\" content=\"2022-08-05T13:32:34+00:00\" \/>\n<meta name=\"twitter:card\" content=\"summary_large_image\" \/>\n<meta name=\"twitter:image\" content=\"https:\/\/therifles.net\/wp-content\/uploads\/2022\/08\/unnamed-file.webp\" \/>\n<meta name=\"twitter:label1\" content=\"Tempo estimado de leitura\" \/>\n\t<meta name=\"twitter:data1\" content=\"3 minutos\" \/>\n<script type=\"application\/ld+json\" class=\"yoast-schema-graph\">{\"@context\":\"https:\/\/schema.org\",\"@graph\":[{\"@type\":\"WebSite\",\"@id\":\"http:\/\/therifles.net\/#website\",\"url\":\"http:\/\/therifles.net\/\",\"name\":\"Guia moderno de liga\\u00e7\\u00e3o\",\"description\":\"Conselheiro Pessoal\",\"potentialAction\":[{\"@type\":\"SearchAction\",\"target\":{\"@type\":\"EntryPoint\",\"urlTemplate\":\"http:\/\/therifles.net\/?s={search_term_string}\"},\"query-input\":\"required name=search_term_string\"}],\"inLanguage\":\"pt-PT\"},{\"@type\":\"ImageObject\",\"@id\":\"https:\/\/therifles.net\/pt-pt\/conselhos-de-seguranca-de-encontros-online\/#primaryimage\",\"inLanguage\":\"pt-PT\",\"url\":\"https:\/\/therifles.net\/wp-content\/uploads\/2022\/08\/unnamed-file.webp\",\"contentUrl\":\"https:\/\/therifles.net\/wp-content\/uploads\/2022\/08\/unnamed-file.webp\",\"width\":500,\"height\":750},{\"@type\":\"WebPage\",\"@id\":\"https:\/\/therifles.net\/pt-pt\/conselhos-de-seguranca-de-encontros-online\/#webpage\",\"url\":\"https:\/\/therifles.net\/pt-pt\/conselhos-de-seguranca-de-encontros-online\/\",\"name\":\"Conselhos de Seguran\\u00e7a de Encontros Online - Guia moderno de liga\\u00e7\\u00e3o\",\"isPartOf\":{\"@id\":\"http:\/\/therifles.net\/#website\"},\"primaryImageOfPage\":{\"@id\":\"https:\/\/therifles.net\/pt-pt\/conselhos-de-seguranca-de-encontros-online\/#primaryimage\"},\"datePublished\":\"2022-08-05T12:34:04+00:00\",\"dateModified\":\"2022-08-05T13:32:34+00:00\",\"breadcrumb\":{\"@id\":\"https:\/\/therifles.net\/pt-pt\/conselhos-de-seguranca-de-encontros-online\/#breadcrumb\"},\"inLanguage\":\"pt-PT\",\"potentialAction\":[{\"@type\":\"ReadAction\",\"target\":[\"https:\/\/therifles.net\/pt-pt\/conselhos-de-seguranca-de-encontros-online\/\"]}]},{\"@type\":\"BreadcrumbList\",\"@id\":\"https:\/\/therifles.net\/pt-pt\/conselhos-de-seguranca-de-encontros-online\/#breadcrumb\",\"itemListElement\":[{\"@type\":\"ListItem\",\"position\":1,\"name\":\"Home\",\"item\":\"http:\/\/therifles.net\/pt-pt\/\"},{\"@type\":\"ListItem\",\"position\":2,\"name\":\"Conselhos de Seguran\\u00e7a de Encontros Online\"}]}]}<\/script>\n<!-- \/ Yoast SEO plugin. -->","yoast_head_json":{"title":"Conselhos de Seguran\u00e7a de Encontros Online - Guia moderno de liga\u00e7\u00e3o","robots":{"index":"index","follow":"follow","max-snippet":"max-snippet:-1","max-image-preview":"max-image-preview:large","max-video-preview":"max-video-preview:-1"},"canonical":"https:\/\/therifles.net\/pt-pt\/conselhos-de-seguranca-de-encontros-online\/","og_locale":"pt_PT","og_type":"article","og_title":"Conselhos de Seguran\u00e7a de Encontros Online - Guia moderno de liga\u00e7\u00e3o","og_description":"Escolher a app certa \u00c9 de gra\u00e7a? H\u00e1 muitos sites que cobram dinheiro adiantado, mas muitos outros oferecem testes gratuitos.","og_url":"https:\/\/therifles.net\/pt-pt\/conselhos-de-seguranca-de-encontros-online\/","og_site_name":"Guia moderno de liga\u00e7\u00e3o","article_modified_time":"2022-08-05T13:32:34+00:00","twitter_card":"summary_large_image","twitter_image":"https:\/\/therifles.net\/wp-content\/uploads\/2022\/08\/unnamed-file.webp","twitter_misc":{"Tempo estimado de leitura":"3 minutos"},"schema":{"@context":"https:\/\/schema.org","@graph":[{"@type":"WebSite","@id":"http:\/\/therifles.net\/#website","url":"http:\/\/therifles.net\/","name":"Guia moderno de liga\u00e7\u00e3o","description":"Conselheiro Pessoal","potentialAction":[{"@type":"SearchAction","target":{"@type":"EntryPoint","urlTemplate":"http:\/\/therifles.net\/?s={search_term_string}"},"query-input":"required name=search_term_string"}],"inLanguage":"pt-PT"},{"@type":"ImageObject","@id":"https:\/\/therifles.net\/pt-pt\/conselhos-de-seguranca-de-encontros-online\/#primaryimage","inLanguage":"pt-PT","url":"https:\/\/therifles.net\/wp-content\/uploads\/2022\/08\/unnamed-file.webp","contentUrl":"https:\/\/therifles.net\/wp-content\/uploads\/2022\/08\/unnamed-file.webp","width":500,"height":750},{"@type":"WebPage","@id":"https:\/\/therifles.net\/pt-pt\/conselhos-de-seguranca-de-encontros-online\/#webpage","url":"https:\/\/therifles.net\/pt-pt\/conselhos-de-seguranca-de-encontros-online\/","name":"Conselhos de Seguran\u00e7a de Encontros Online - Guia moderno de liga\u00e7\u00e3o","isPartOf":{"@id":"http:\/\/therifles.net\/#website"},"primaryImageOfPage":{"@id":"https:\/\/therifles.net\/pt-pt\/conselhos-de-seguranca-de-encontros-online\/#primaryimage"},"datePublished":"2022-08-05T12:34:04+00:00","dateModified":"2022-08-05T13:32:34+00:00","breadcrumb":{"@id":"https:\/\/therifles.net\/pt-pt\/conselhos-de-seguranca-de-encontros-online\/#breadcrumb"},"inLanguage":"pt-PT","potentialAction":[{"@type":"ReadAction","target":["https:\/\/therifles.net\/pt-pt\/conselhos-de-seguranca-de-encontros-online\/"]}]},{"@type":"BreadcrumbList","@id":"https:\/\/therifles.net\/pt-pt\/conselhos-de-seguranca-de-encontros-online\/#breadcrumb","itemListElement":[{"@type":"ListItem","position":1,"name":"Home","item":"http:\/\/therifles.net\/pt-pt\/"},{"@type":"ListItem","position":2,"name":"Conselhos de Seguran\u00e7a de Encontros Online"}]}]}},"_links":{"self":[{"href":"https:\/\/therifles.net\/pt-pt\/wp-json\/wp\/v2\/pages\/284"}],"collection":[{"href":"https:\/\/therifles.net\/pt-pt\/wp-json\/wp\/v2\/pages"}],"about":[{"href":"https:\/\/therifles.net\/pt-pt\/wp-json\/wp\/v2\/types\/page"}],"author":[{"embeddable":true,"href":"https:\/\/therifles.net\/pt-pt\/wp-json\/wp\/v2\/users\/1"}],"replies":[{"embeddable":true,"href":"https:\/\/therifles.net\/pt-pt\/wp-json\/wp\/v2\/comments?post=284"}],"version-history":[{"count":1,"href":"https:\/\/therifles.net\/pt-pt\/wp-json\/wp\/v2\/pages\/284\/revisions"}],"predecessor-version":[{"id":285,"href":"https:\/\/therifles.net\/pt-pt\/wp-json\/wp\/v2\/pages\/284\/revisions\/285"}],"wp:featuredmedia":[{"embeddable":true,"href":"https:\/\/therifles.net\/pt-pt\/wp-json\/wp\/v2\/media\/155"}],"wp:attachment":[{"href":"https:\/\/therifles.net\/pt-pt\/wp-json\/wp\/v2\/media?parent=284"}],"curies":[{"name":"wp","href":"https:\/\/api.w.org\/{rel}","templated":true}]}}