{"id":205,"date":"2022-08-05T13:45:29","date_gmt":"2022-08-05T12:45:29","guid":{"rendered":"http:\/\/therifles.net\/melhores-aplicativos-para-encontrar-uma-relacao-seria\/"},"modified":"2022-08-05T14:32:31","modified_gmt":"2022-08-05T13:32:31","slug":"melhores-aplicativos-para-encontrar-uma-relacao-seria","status":"publish","type":"page","link":"https:\/\/therifles.net\/pt-pt\/melhores-aplicativos-para-encontrar-uma-relacao-seria\/","title":{"rendered":"Melhores aplicativos para encontrar uma rela\u00e7\u00e3o s\u00e9ria"},"content":{"rendered":"<p>Se procura algo mais s\u00e9rio, temos duas das melhores recomenda\u00e7\u00f5es para si aqui.<\/p>\n<p>Estes dois sites s\u00e3o os melhores se voc\u00ea estiver procurando uma rela\u00e7\u00e3o de longo prazo, em vez de apenas uma <a href=\"http:\/\/therifles.net\/pt-pt\/?page_id=305\">fing casual<\/a>. Se voc\u00ea se inscrever nestes sites, por favor, esteja ciente de que ambos s\u00e3o gratuitos para usar, no entanto existe uma taxa se voc\u00ea deseja usar as funcionalidades premium.<\/p>\n<h3>Correspond\u00eancia<\/h3>\n<p>Match \u00e9 um site de encontros online projetado especificamente para aqueles que procuram por amor. Seja uma rela\u00e7\u00e3o de longo prazo ou algo casual, a Match oferece uma experi\u00eancia \u00fanica que permite que as pessoas encontrem o amor com base no que realmente querem da vida. Tamb\u00e9m pode configurar a sua pr\u00f3pria conta para acompanhar a sua atividade. E se est\u00e1s interessado em conhecer outra pessoa, tamb\u00e9m podes fazer isso. Os membros podem criar grupos de amigos para ajudar uns aos outros a encontrar parceiros compat\u00edveis.<\/p>\n<p>O site \u00e9 gratuito para se juntar e navegar perfis, enviar mensagens e at\u00e9 mesmo conhecer algu\u00e9m especial. Se decidires ir mais longe, n\u00e3o h\u00e1 custo a pagar para ver mais potenciais partidas. Pode utilizar o modelo de subscri\u00e7\u00e3o premium do site ou optar pela vers\u00e3o gratuita. Se optar por fazer upgrade, receber\u00e1 acesso ilimitado \u00e0s muitas funcionalidades do site, incluindo a capacidade de visualizar um grande n\u00famero de jogos. H\u00e1 tamb\u00e9m muitas formas de se conectar com outros membros. Por exemplo, pode comunicar via texto, e-mail, chamadas telef\u00f3nicas, chats de v\u00eddeo e at\u00e9 mesmo ir a datas virtuais.<\/p>\n<p>Por isso, quer estejas \u00e0 procura de uma rela\u00e7\u00e3o s\u00e9ria ou apenas um pouco de divers\u00e3o, o Match \u00e9 o s\u00edtio certo para come\u00e7ar.<\/p>\n<h3>OKCupid<\/h3>\n<p>OkCupid \u00e9 um dos sites de encontros online mais populares do mundo. Lan\u00e7ado em 2004, o site conta com mais de 10 milh\u00f5es de utilizadores di\u00e1rios ativos. \u00c9 gratuito, mas tem de pagar 20 d\u00f3lares por m\u00eas para aceder a funcionalidades premium, como mensagens e f\u00f3sforos ilimitados.<\/p>\n<p>O site oferece v\u00e1rias maneiras diferentes de se conectar com as <a href=\"http:\/\/therifles.net\/pt-pt\/?page_id=196\">pessoas, incluindo perfis de navega\u00e7\u00e3o, encontrar amigos<\/a>, criar grupos e conversar com outros atrav\u00e9s de texto, chamadas de voz, chats de v\u00eddeo e IM. Pode at\u00e9 enviar presentes a algu\u00e9m que lhe interesse. As mensagens gratuitas est\u00e3o dispon\u00edveis para todos os utilizadores. Se quiser iniciar contacto com outro membro, basta tocar na foto deles. A partir da\u00ed, pode optar por enviar uma mensagem r\u00e1pida, perguntar sobre o que est\u00e3o a fazer, ou conversar sobre qualquer outra coisa que lhe interesse.<\/p>\n<p>Tamb\u00e9m pode navegar nas fotos de outros utilizadores e ler as suas biografias. Desta forma, pode aprender mais sobre a pessoa antes de decidir se quer ou n\u00e3o come\u00e7ar a comunicar.<\/p>\n<h2>PERGUNTAS FREQUENTES<\/h2>\n<h3>Qual \u00e9 o melhor site de encontros para encontrar uma namorada?<\/h3>\n<p>A melhor maneira de encontrar uma namorada \u00e9 atrav\u00e9s de sites de encontros online como Match.com, eHarmony, PlentyOfFish, Zoosk, OkCupid e Tinder. Os sites de encontros online permitem que os utilizadores procurem potenciais partidas com base na idade, localiza\u00e7\u00e3o, interesses, passatempos, estado de relacionamento e outros crit\u00e9rios. A maioria dos sites de encontros online tamb\u00e9m oferecem salas de chat onde os membros podem conhecer novas pessoas.<\/p>\n<h3>Quais s\u00e3o os melhores sites de encontros 100% gratuitos em 2022?<\/h3>\n<p>O melhor site de encontros gratuitos 100% em 2022 \u00e9 Plenty Of Fish. Este site tem milh\u00f5es de utilizadores de todo o mundo, e eles est\u00e3o \u00e0 procura de amor como voc\u00ea! Se queres conhecer novas pessoas, ent\u00e3o o POF \u00e9 definitivamente o s\u00edtio certo para come\u00e7ar.<\/p>\n<h3>Existe um site de encontros para solteiros nos EUA?<\/h3>\n<p>Sim, h\u00e1 um site de encontros chamado Zoosk que foi especificamente projetado para homens solteiros e mulheres \u00e0 procura de amor em Nova Iorque. O servi\u00e7o permite que os utilizadores procurem atrav\u00e9s de perfis de outros membros com base na idade, localiza\u00e7\u00e3o, interesses e estado de relacionamento. Os utilizadores tamb\u00e9m podem enviar mensagens uns aos outros diretamente do site.<\/p>\n","protected":false},"excerpt":{"rendered":"<p>Se procura algo mais s\u00e9rio, temos duas das melhores recomenda\u00e7\u00f5es para si aqui. Estes dois sites s\u00e3o os melhores se<\/p>\n","protected":false},"author":1,"featured_media":177,"parent":0,"menu_order":0,"comment_status":"closed","ping_status":"closed","template":"","meta":[],"yoast_head":"<!-- This site is optimized with the Yoast SEO plugin v17.7.1 - https:\/\/yoast.com\/wordpress\/plugins\/seo\/ -->\n<title>Melhores aplicativos para encontrar uma rela\u00e7\u00e3o s\u00e9ria - Guia moderno de liga\u00e7\u00e3o<\/title>\n<meta name=\"robots\" content=\"index, follow, max-snippet:-1, max-image-preview:large, max-video-preview:-1\" \/>\n<link rel=\"canonical\" href=\"https:\/\/therifles.net\/pt-pt\/melhores-aplicativos-para-encontrar-uma-relacao-seria\/\" \/>\n<meta property=\"og:locale\" content=\"pt_PT\" \/>\n<meta property=\"og:type\" content=\"article\" \/>\n<meta property=\"og:title\" content=\"Melhores aplicativos para encontrar uma rela\u00e7\u00e3o s\u00e9ria - Guia moderno de liga\u00e7\u00e3o\" \/>\n<meta property=\"og:description\" content=\"Se procura algo mais s\u00e9rio, temos duas das melhores recomenda\u00e7\u00f5es para si aqui. Estes dois sites s\u00e3o os melhores se\" \/>\n<meta property=\"og:url\" content=\"https:\/\/therifles.net\/pt-pt\/melhores-aplicativos-para-encontrar-uma-relacao-seria\/\" \/>\n<meta property=\"og:site_name\" content=\"Guia moderno de liga\u00e7\u00e3o\" \/>\n<meta property=\"article:modified_time\" content=\"2022-08-05T13:32:31+00:00\" \/>\n<meta property=\"og:image\" content=\"https:\/\/therifles.net\/wp-content\/uploads\/2022\/08\/real-dating.jpeg\" \/>\n\t<meta property=\"og:image:width\" content=\"1125\" \/>\n\t<meta property=\"og:image:height\" content=\"750\" \/>\n<meta name=\"twitter:card\" content=\"summary_large_image\" \/>\n<meta name=\"twitter:label1\" content=\"Tempo estimado de leitura\" \/>\n\t<meta name=\"twitter:data1\" content=\"3 minutos\" \/>\n<script type=\"application\/ld+json\" class=\"yoast-schema-graph\">{\"@context\":\"https:\/\/schema.org\",\"@graph\":[{\"@type\":\"WebSite\",\"@id\":\"http:\/\/therifles.net\/#website\",\"url\":\"http:\/\/therifles.net\/\",\"name\":\"Guia moderno de liga\\u00e7\\u00e3o\",\"description\":\"Conselheiro Pessoal\",\"potentialAction\":[{\"@type\":\"SearchAction\",\"target\":{\"@type\":\"EntryPoint\",\"urlTemplate\":\"http:\/\/therifles.net\/?s={search_term_string}\"},\"query-input\":\"required name=search_term_string\"}],\"inLanguage\":\"pt-PT\"},{\"@type\":\"ImageObject\",\"@id\":\"https:\/\/therifles.net\/pt-pt\/melhores-aplicativos-para-encontrar-uma-relacao-seria\/#primaryimage\",\"inLanguage\":\"pt-PT\",\"url\":\"https:\/\/therifles.net\/wp-content\/uploads\/2022\/08\/real-dating.jpeg\",\"contentUrl\":\"https:\/\/therifles.net\/wp-content\/uploads\/2022\/08\/real-dating.jpeg\",\"width\":1125,\"height\":750},{\"@type\":\"WebPage\",\"@id\":\"https:\/\/therifles.net\/pt-pt\/melhores-aplicativos-para-encontrar-uma-relacao-seria\/#webpage\",\"url\":\"https:\/\/therifles.net\/pt-pt\/melhores-aplicativos-para-encontrar-uma-relacao-seria\/\",\"name\":\"Melhores aplicativos para encontrar uma rela\\u00e7\\u00e3o s\\u00e9ria - Guia moderno de liga\\u00e7\\u00e3o\",\"isPartOf\":{\"@id\":\"http:\/\/therifles.net\/#website\"},\"primaryImageOfPage\":{\"@id\":\"https:\/\/therifles.net\/pt-pt\/melhores-aplicativos-para-encontrar-uma-relacao-seria\/#primaryimage\"},\"datePublished\":\"2022-08-05T12:45:29+00:00\",\"dateModified\":\"2022-08-05T13:32:31+00:00\",\"breadcrumb\":{\"@id\":\"https:\/\/therifles.net\/pt-pt\/melhores-aplicativos-para-encontrar-uma-relacao-seria\/#breadcrumb\"},\"inLanguage\":\"pt-PT\",\"potentialAction\":[{\"@type\":\"ReadAction\",\"target\":[\"https:\/\/therifles.net\/pt-pt\/melhores-aplicativos-para-encontrar-uma-relacao-seria\/\"]}]},{\"@type\":\"BreadcrumbList\",\"@id\":\"https:\/\/therifles.net\/pt-pt\/melhores-aplicativos-para-encontrar-uma-relacao-seria\/#breadcrumb\",\"itemListElement\":[{\"@type\":\"ListItem\",\"position\":1,\"name\":\"Home\",\"item\":\"http:\/\/therifles.net\/pt-pt\/\"},{\"@type\":\"ListItem\",\"position\":2,\"name\":\"Melhores aplicativos para encontrar uma rela\\u00e7\\u00e3o s\\u00e9ria\"}]}]}<\/script>\n<!-- \/ Yoast SEO plugin. -->","yoast_head_json":{"title":"Melhores aplicativos para encontrar uma rela\u00e7\u00e3o s\u00e9ria - Guia moderno de liga\u00e7\u00e3o","robots":{"index":"index","follow":"follow","max-snippet":"max-snippet:-1","max-image-preview":"max-image-preview:large","max-video-preview":"max-video-preview:-1"},"canonical":"https:\/\/therifles.net\/pt-pt\/melhores-aplicativos-para-encontrar-uma-relacao-seria\/","og_locale":"pt_PT","og_type":"article","og_title":"Melhores aplicativos para encontrar uma rela\u00e7\u00e3o s\u00e9ria - Guia moderno de liga\u00e7\u00e3o","og_description":"Se procura algo mais s\u00e9rio, temos duas das melhores recomenda\u00e7\u00f5es para si aqui. Estes dois sites s\u00e3o os melhores se","og_url":"https:\/\/therifles.net\/pt-pt\/melhores-aplicativos-para-encontrar-uma-relacao-seria\/","og_site_name":"Guia moderno de liga\u00e7\u00e3o","article_modified_time":"2022-08-05T13:32:31+00:00","og_image":[{"width":1125,"height":750,"url":"https:\/\/therifles.net\/wp-content\/uploads\/2022\/08\/real-dating.jpeg","type":"image\/jpeg"}],"twitter_card":"summary_large_image","twitter_misc":{"Tempo estimado de leitura":"3 minutos"},"schema":{"@context":"https:\/\/schema.org","@graph":[{"@type":"WebSite","@id":"http:\/\/therifles.net\/#website","url":"http:\/\/therifles.net\/","name":"Guia moderno de liga\u00e7\u00e3o","description":"Conselheiro Pessoal","potentialAction":[{"@type":"SearchAction","target":{"@type":"EntryPoint","urlTemplate":"http:\/\/therifles.net\/?s={search_term_string}"},"query-input":"required name=search_term_string"}],"inLanguage":"pt-PT"},{"@type":"ImageObject","@id":"https:\/\/therifles.net\/pt-pt\/melhores-aplicativos-para-encontrar-uma-relacao-seria\/#primaryimage","inLanguage":"pt-PT","url":"https:\/\/therifles.net\/wp-content\/uploads\/2022\/08\/real-dating.jpeg","contentUrl":"https:\/\/therifles.net\/wp-content\/uploads\/2022\/08\/real-dating.jpeg","width":1125,"height":750},{"@type":"WebPage","@id":"https:\/\/therifles.net\/pt-pt\/melhores-aplicativos-para-encontrar-uma-relacao-seria\/#webpage","url":"https:\/\/therifles.net\/pt-pt\/melhores-aplicativos-para-encontrar-uma-relacao-seria\/","name":"Melhores aplicativos para encontrar uma rela\u00e7\u00e3o s\u00e9ria - Guia moderno de liga\u00e7\u00e3o","isPartOf":{"@id":"http:\/\/therifles.net\/#website"},"primaryImageOfPage":{"@id":"https:\/\/therifles.net\/pt-pt\/melhores-aplicativos-para-encontrar-uma-relacao-seria\/#primaryimage"},"datePublished":"2022-08-05T12:45:29+00:00","dateModified":"2022-08-05T13:32:31+00:00","breadcrumb":{"@id":"https:\/\/therifles.net\/pt-pt\/melhores-aplicativos-para-encontrar-uma-relacao-seria\/#breadcrumb"},"inLanguage":"pt-PT","potentialAction":[{"@type":"ReadAction","target":["https:\/\/therifles.net\/pt-pt\/melhores-aplicativos-para-encontrar-uma-relacao-seria\/"]}]},{"@type":"BreadcrumbList","@id":"https:\/\/therifles.net\/pt-pt\/melhores-aplicativos-para-encontrar-uma-relacao-seria\/#breadcrumb","itemListElement":[{"@type":"ListItem","position":1,"name":"Home","item":"http:\/\/therifles.net\/pt-pt\/"},{"@type":"ListItem","position":2,"name":"Melhores aplicativos para encontrar uma rela\u00e7\u00e3o s\u00e9ria"}]}]}},"_links":{"self":[{"href":"https:\/\/therifles.net\/pt-pt\/wp-json\/wp\/v2\/pages\/205"}],"collection":[{"href":"https:\/\/therifles.net\/pt-pt\/wp-json\/wp\/v2\/pages"}],"about":[{"href":"https:\/\/therifles.net\/pt-pt\/wp-json\/wp\/v2\/types\/page"}],"author":[{"embeddable":true,"href":"https:\/\/therifles.net\/pt-pt\/wp-json\/wp\/v2\/users\/1"}],"replies":[{"embeddable":true,"href":"https:\/\/therifles.net\/pt-pt\/wp-json\/wp\/v2\/comments?post=205"}],"version-history":[{"count":1,"href":"https:\/\/therifles.net\/pt-pt\/wp-json\/wp\/v2\/pages\/205\/revisions"}],"predecessor-version":[{"id":212,"href":"https:\/\/therifles.net\/pt-pt\/wp-json\/wp\/v2\/pages\/205\/revisions\/212"}],"wp:featuredmedia":[{"embeddable":true,"href":"https:\/\/therifles.net\/pt-pt\/wp-json\/wp\/v2\/media\/177"}],"wp:attachment":[{"href":"https:\/\/therifles.net\/pt-pt\/wp-json\/wp\/v2\/media?parent=205"}],"curies":[{"name":"wp","href":"https:\/\/api.w.org\/{rel}","templated":true}]}}