{"id":196,"date":"2022-08-05T13:38:51","date_gmt":"2022-08-05T12:38:51","guid":{"rendered":"http:\/\/therifles.net\/como-funcionam-as-apps-de-encontro-encontrar-o-tipo-certo-de-app-de-encontros\/"},"modified":"2022-08-05T14:32:31","modified_gmt":"2022-08-05T13:32:31","slug":"como-funcionam-as-apps-de-encontro-encontrar-o-tipo-certo-de-app-de-encontros","status":"publish","type":"page","link":"https:\/\/therifles.net\/pt-pt\/como-funcionam-as-apps-de-encontro-encontrar-o-tipo-certo-de-app-de-encontros\/","title":{"rendered":"Como funcionam as apps de encontro: encontrar o tipo certo de app de encontros"},"content":{"rendered":"<p>Encontrar os locais de encontros casuais perfeitos para si \u00e9 f\u00e1cil. Tudo o que precisas de saber \u00e9 quais s\u00e3o as tuas prefer\u00eancias. Se procura um site geral de encontros\/encontros onde obt\u00e9m um pouco de tudo, ent\u00e3o recomendamos Bumble, Tinder ou Hinge.<\/p>\n<p>Se procura encontrar um <a href=\"http:\/\/therifles.net\/pt-pt\/?p=220\">encontro sexy facilmente<\/a> sem a necessidade de pesquisas rigorosas e sugest\u00f5es de emparelhamento, ent\u00e3o apps como Adult Friend Finder, No Strings Attached e Seekking s\u00e3o perfeitas. Se procura encontros de nicho, confira Alt, SilverSingles ou Kinky Dates. A quest\u00e3o \u00e9 que s\u00f3 precisas de saber que tipo de multid\u00e3o qualquer site de liga\u00e7\u00e3o oferece e determinar se eles correspondem \u00e0s tuas necessidades.<\/p>\n<h2>O que \u00e9 melhor para si?<\/h2>\n<p>Esta <a href=\"http:\/\/therifles.net\/pt-pt\/?page_id=310\">aplica\u00e7\u00e3o de encontros<\/a> d\u00e1 \u00e0s mulheres mais poder sobre a conversa, j\u00e1 que s\u00e3o elas que iniciam o contacto com datas potenciais. Na verdade, \u00e9 praticamente o oposto do Tinder, o que permite que os rapazes d\u00eaem o primeiro passo. Por outro lado, no entanto, o Bumble n\u00e3o permite que os rapazes enviem mensagens sem terem iniciado o contacto primeiro. Ent\u00e3o, se est\u00e1s \u00e0 procura de um tipo que n\u00e3o tenha medo de te convidar para sair, ent\u00e3o este pode ser o s\u00edtio certo para ti.<\/p>\n<h3>Dobradi\u00e7a<\/h3>\n<p>Hinge \u00e9 um servi\u00e7o de encontros online que permite aos utilizadores conectarem-se com outros singles atrav\u00e9s de combina\u00e7\u00f5es de fotos e perguntas. Est\u00e1 dispon\u00edvel em dispositivos iOS e Android. A aplica\u00e7\u00e3o tamb\u00e9m incentiva os utilizadores a escreverem pedidos uns para os outros. Estes pedidos permitem que ambas as partes se conhe\u00e7am melhor. Os utilizadores tamb\u00e9m podem adicionar grava\u00e7\u00f5es \u00e1udio ao seu perfil, o que ajuda a entender-se melhor.<\/p>\n<p>Mas a App est\u00e1 limitada a apenas 12 gostos por dia. Se est\u00e1s \u00e0 procura de mais, ent\u00e3o ter\u00e1s de pagar 29,99 d\u00f3lares por m\u00eas. Ou pode comprar uma subscri\u00e7\u00e3o anual por $399.99. Mas se n\u00e3o estiver a usar an\u00fancios do Facebook, n\u00e3o beneficiar\u00e1 de nenhuma destas op\u00e7\u00f5es.<\/p>\n<h3>POF<\/h3>\n<p>Plenty Of Fish pode n\u00e3o ter o mesmo p\u00fablico que outras aplica\u00e7\u00f5es de namoro como Tinder e Bumble. Mas ainda \u00e9 uma escolha muito popular &#8211; e tem a vantagem de ser livre. Tamb\u00e9m pode obter uma subscri\u00e7\u00e3o mais barata se quiser pagar por um per\u00edodo de tempo mais longo. Se procura uma rela\u00e7\u00e3o a longo prazo, ent\u00e3o Plenty of Fish \u00e9 um excelente lugar para come\u00e7ar.<\/p>\n<h3>Correspond\u00eancia<\/h3>\n<p>O jogo \u00e9 um \u00f3timo lugar para conhecer pessoas se voc\u00ea est\u00e1 procurando algo s\u00e9rio. Tamb\u00e9m \u00e9 um \u00f3timo lugar para brincar e ver que tipo de conex\u00f5es voc\u00ea pode fazer. Se est\u00e1 interessado em conhecer algu\u00e9m, devia sair Match.com. Existem muitas outras op\u00e7\u00f5es dispon\u00edveis &#8211; como OKCupid ou PlentyOfFish &#8211; mas match \u00e9 a melhor escolha geral.<\/p>\n<h3>eHarmony<\/h3>\n<p>O eHarmony \u00e9 um servi\u00e7o de encontros online gratuito propriedade do Match Group. Est\u00e1 ativo desde 2001 e tem tido muitos an\u00fancios televisivos. Os membros podem pagar uma subscri\u00e7\u00e3o premium para obter funcionalidades adicionais como chat de v\u00eddeo, lembretes de mensagens e mensagens ilimitadas. O site tamb\u00e9m permite que os membros procurem f\u00f3sforos com base na localiza\u00e7\u00e3o, idade e sexo.<\/p>\n<h3>Caf\u00e9 encontra Bagel<\/h3>\n<p>Coffee Meets Bagel melhor se adequa a quem procura relacionamentos, mas ainda n\u00e3o est\u00e1 pronto para se comprometer. O algoritmo da CMB trabalha quem \u00e9 adequado para si e sugere uma sele\u00e7\u00e3o de potenciais partidas todos os dias. Se n\u00e3o verificares as tuas sugest\u00f5es por um dia, podes perder a oportunidade de gostar de outra pessoa se te forem sugeridas mais tarde.<\/p>\n<h3>Rio Tinder<\/h3>\n<p>O Tinder tornou-se numa das aplica\u00e7\u00f5es de namoro mais populares do mundo. Mas n\u00e3o \u00e9 incomum sentir que est\u00e1 na hora de passar para outra coisa. Talvez estejas cansado de ver as mesmas pessoas, ou de n\u00e3o ter f\u00f3sforos. Felizmente, h\u00e1 muitos outros aplicativos de encontros por a\u00ed. Encontr\u00e1mos os melhores para si. Nunca se sabe, talvez o teu verdadeiro amor esteja \u00e0 tua espera.<\/p>\n<h2>Conclus\u00e3o<\/h2>\n<p>Se \u00e9s uma mulher que quer encontrar-te com algu\u00e9m para te divertires, h\u00e1 muitas aplica\u00e7\u00f5es por a\u00ed que te deixam fazer isso. Mas e aquelas alturas em que queres sair a s\u00e9rio, mas n\u00e3o conheces ningu\u00e9m? Ou talvez esteja solteira h\u00e1 algum tempo e gostaria de tentar algo diferente? Bem, se est\u00e1s interessado em encontrar um encontro casual, ent\u00e3o talvez queiras dar uma oportunidade ao Bumble.<\/p>\n","protected":false},"excerpt":{"rendered":"<p>Encontrar os locais de encontros casuais perfeitos para si \u00e9 f\u00e1cil. Tudo o que precisas de saber \u00e9 quais s\u00e3o<\/p>\n","protected":false},"author":1,"featured_media":166,"parent":0,"menu_order":0,"comment_status":"closed","ping_status":"closed","template":"","meta":[],"yoast_head":"<!-- This site is optimized with the Yoast SEO plugin v17.7.1 - https:\/\/yoast.com\/wordpress\/plugins\/seo\/ -->\n<title>Como funcionam as apps de encontro: encontrar o tipo certo de app de encontros - Guia moderno de liga\u00e7\u00e3o<\/title>\n<meta name=\"robots\" content=\"index, follow, max-snippet:-1, max-image-preview:large, max-video-preview:-1\" \/>\n<link rel=\"canonical\" href=\"https:\/\/therifles.net\/pt-pt\/como-funcionam-as-apps-de-encontro-encontrar-o-tipo-certo-de-app-de-encontros\/\" \/>\n<meta property=\"og:locale\" content=\"pt_PT\" \/>\n<meta property=\"og:type\" content=\"article\" \/>\n<meta property=\"og:title\" content=\"Como funcionam as apps de encontro: encontrar o tipo certo de app de encontros - Guia moderno de liga\u00e7\u00e3o\" \/>\n<meta property=\"og:description\" content=\"Encontrar os locais de encontros casuais perfeitos para si \u00e9 f\u00e1cil. Tudo o que precisas de saber \u00e9 quais s\u00e3o\" \/>\n<meta property=\"og:url\" content=\"https:\/\/therifles.net\/pt-pt\/como-funcionam-as-apps-de-encontro-encontrar-o-tipo-certo-de-app-de-encontros\/\" \/>\n<meta property=\"og:site_name\" content=\"Guia moderno de liga\u00e7\u00e3o\" \/>\n<meta property=\"article:modified_time\" content=\"2022-08-05T13:32:31+00:00\" \/>\n<meta name=\"twitter:card\" content=\"summary_large_image\" \/>\n<meta name=\"twitter:image\" content=\"https:\/\/therifles.net\/wp-content\/uploads\/2022\/08\/sex-hookups.webp\" \/>\n<meta name=\"twitter:label1\" content=\"Tempo estimado de leitura\" \/>\n\t<meta name=\"twitter:data1\" content=\"4 minutos\" \/>\n<script type=\"application\/ld+json\" class=\"yoast-schema-graph\">{\"@context\":\"https:\/\/schema.org\",\"@graph\":[{\"@type\":\"WebSite\",\"@id\":\"https:\/\/therifles.net\/#website\",\"url\":\"https:\/\/therifles.net\/\",\"name\":\"Guia moderno de liga\\u00e7\\u00e3o\",\"description\":\"Conselheiro Pessoal\",\"potentialAction\":[{\"@type\":\"SearchAction\",\"target\":{\"@type\":\"EntryPoint\",\"urlTemplate\":\"https:\/\/therifles.net\/?s={search_term_string}\"},\"query-input\":\"required name=search_term_string\"}],\"inLanguage\":\"pt-PT\"},{\"@type\":\"ImageObject\",\"@id\":\"https:\/\/therifles.net\/pt-pt\/como-funcionam-as-apps-de-encontro-encontrar-o-tipo-certo-de-app-de-encontros\/#primaryimage\",\"inLanguage\":\"pt-PT\",\"url\":\"https:\/\/therifles.net\/wp-content\/uploads\/2022\/08\/sex-hookups.webp\",\"contentUrl\":\"https:\/\/therifles.net\/wp-content\/uploads\/2022\/08\/sex-hookups.webp\",\"width\":1125,\"height\":750},{\"@type\":\"WebPage\",\"@id\":\"https:\/\/therifles.net\/pt-pt\/como-funcionam-as-apps-de-encontro-encontrar-o-tipo-certo-de-app-de-encontros\/#webpage\",\"url\":\"https:\/\/therifles.net\/pt-pt\/como-funcionam-as-apps-de-encontro-encontrar-o-tipo-certo-de-app-de-encontros\/\",\"name\":\"Como funcionam as apps de encontro: encontrar o tipo certo de app de encontros - Guia moderno de liga\\u00e7\\u00e3o\",\"isPartOf\":{\"@id\":\"https:\/\/therifles.net\/#website\"},\"primaryImageOfPage\":{\"@id\":\"https:\/\/therifles.net\/pt-pt\/como-funcionam-as-apps-de-encontro-encontrar-o-tipo-certo-de-app-de-encontros\/#primaryimage\"},\"datePublished\":\"2022-08-05T12:38:51+00:00\",\"dateModified\":\"2022-08-05T13:32:31+00:00\",\"breadcrumb\":{\"@id\":\"https:\/\/therifles.net\/pt-pt\/como-funcionam-as-apps-de-encontro-encontrar-o-tipo-certo-de-app-de-encontros\/#breadcrumb\"},\"inLanguage\":\"pt-PT\",\"potentialAction\":[{\"@type\":\"ReadAction\",\"target\":[\"https:\/\/therifles.net\/pt-pt\/como-funcionam-as-apps-de-encontro-encontrar-o-tipo-certo-de-app-de-encontros\/\"]}]},{\"@type\":\"BreadcrumbList\",\"@id\":\"https:\/\/therifles.net\/pt-pt\/como-funcionam-as-apps-de-encontro-encontrar-o-tipo-certo-de-app-de-encontros\/#breadcrumb\",\"itemListElement\":[{\"@type\":\"ListItem\",\"position\":1,\"name\":\"Home\",\"item\":\"http:\/\/therifles.net\/pt-pt\/\"},{\"@type\":\"ListItem\",\"position\":2,\"name\":\"Como funcionam as apps de encontro: encontrar o tipo certo de app de encontros\"}]}]}<\/script>\n<!-- \/ Yoast SEO plugin. -->","yoast_head_json":{"title":"Como funcionam as apps de encontro: encontrar o tipo certo de app de encontros - Guia moderno de liga\u00e7\u00e3o","robots":{"index":"index","follow":"follow","max-snippet":"max-snippet:-1","max-image-preview":"max-image-preview:large","max-video-preview":"max-video-preview:-1"},"canonical":"https:\/\/therifles.net\/pt-pt\/como-funcionam-as-apps-de-encontro-encontrar-o-tipo-certo-de-app-de-encontros\/","og_locale":"pt_PT","og_type":"article","og_title":"Como funcionam as apps de encontro: encontrar o tipo certo de app de encontros - Guia moderno de liga\u00e7\u00e3o","og_description":"Encontrar os locais de encontros casuais perfeitos para si \u00e9 f\u00e1cil. Tudo o que precisas de saber \u00e9 quais s\u00e3o","og_url":"https:\/\/therifles.net\/pt-pt\/como-funcionam-as-apps-de-encontro-encontrar-o-tipo-certo-de-app-de-encontros\/","og_site_name":"Guia moderno de liga\u00e7\u00e3o","article_modified_time":"2022-08-05T13:32:31+00:00","twitter_card":"summary_large_image","twitter_image":"https:\/\/therifles.net\/wp-content\/uploads\/2022\/08\/sex-hookups.webp","twitter_misc":{"Tempo estimado de leitura":"4 minutos"},"schema":{"@context":"https:\/\/schema.org","@graph":[{"@type":"WebSite","@id":"https:\/\/therifles.net\/#website","url":"https:\/\/therifles.net\/","name":"Guia moderno de liga\u00e7\u00e3o","description":"Conselheiro Pessoal","potentialAction":[{"@type":"SearchAction","target":{"@type":"EntryPoint","urlTemplate":"https:\/\/therifles.net\/?s={search_term_string}"},"query-input":"required name=search_term_string"}],"inLanguage":"pt-PT"},{"@type":"ImageObject","@id":"https:\/\/therifles.net\/pt-pt\/como-funcionam-as-apps-de-encontro-encontrar-o-tipo-certo-de-app-de-encontros\/#primaryimage","inLanguage":"pt-PT","url":"https:\/\/therifles.net\/wp-content\/uploads\/2022\/08\/sex-hookups.webp","contentUrl":"https:\/\/therifles.net\/wp-content\/uploads\/2022\/08\/sex-hookups.webp","width":1125,"height":750},{"@type":"WebPage","@id":"https:\/\/therifles.net\/pt-pt\/como-funcionam-as-apps-de-encontro-encontrar-o-tipo-certo-de-app-de-encontros\/#webpage","url":"https:\/\/therifles.net\/pt-pt\/como-funcionam-as-apps-de-encontro-encontrar-o-tipo-certo-de-app-de-encontros\/","name":"Como funcionam as apps de encontro: encontrar o tipo certo de app de encontros - Guia moderno de liga\u00e7\u00e3o","isPartOf":{"@id":"https:\/\/therifles.net\/#website"},"primaryImageOfPage":{"@id":"https:\/\/therifles.net\/pt-pt\/como-funcionam-as-apps-de-encontro-encontrar-o-tipo-certo-de-app-de-encontros\/#primaryimage"},"datePublished":"2022-08-05T12:38:51+00:00","dateModified":"2022-08-05T13:32:31+00:00","breadcrumb":{"@id":"https:\/\/therifles.net\/pt-pt\/como-funcionam-as-apps-de-encontro-encontrar-o-tipo-certo-de-app-de-encontros\/#breadcrumb"},"inLanguage":"pt-PT","potentialAction":[{"@type":"ReadAction","target":["https:\/\/therifles.net\/pt-pt\/como-funcionam-as-apps-de-encontro-encontrar-o-tipo-certo-de-app-de-encontros\/"]}]},{"@type":"BreadcrumbList","@id":"https:\/\/therifles.net\/pt-pt\/como-funcionam-as-apps-de-encontro-encontrar-o-tipo-certo-de-app-de-encontros\/#breadcrumb","itemListElement":[{"@type":"ListItem","position":1,"name":"Home","item":"http:\/\/therifles.net\/pt-pt\/"},{"@type":"ListItem","position":2,"name":"Como funcionam as apps de encontro: encontrar o tipo certo de app de encontros"}]}]}},"_links":{"self":[{"href":"https:\/\/therifles.net\/pt-pt\/wp-json\/wp\/v2\/pages\/196"}],"collection":[{"href":"https:\/\/therifles.net\/pt-pt\/wp-json\/wp\/v2\/pages"}],"about":[{"href":"https:\/\/therifles.net\/pt-pt\/wp-json\/wp\/v2\/types\/page"}],"author":[{"embeddable":true,"href":"https:\/\/therifles.net\/pt-pt\/wp-json\/wp\/v2\/users\/1"}],"replies":[{"embeddable":true,"href":"https:\/\/therifles.net\/pt-pt\/wp-json\/wp\/v2\/comments?post=196"}],"version-history":[{"count":1,"href":"https:\/\/therifles.net\/pt-pt\/wp-json\/wp\/v2\/pages\/196\/revisions"}],"predecessor-version":[{"id":199,"href":"https:\/\/therifles.net\/pt-pt\/wp-json\/wp\/v2\/pages\/196\/revisions\/199"}],"wp:featuredmedia":[{"embeddable":true,"href":"https:\/\/therifles.net\/pt-pt\/wp-json\/wp\/v2\/media\/166"}],"wp:attachment":[{"href":"https:\/\/therifles.net\/pt-pt\/wp-json\/wp\/v2\/media?parent=196"}],"curies":[{"name":"wp","href":"https:\/\/api.w.org\/{rel}","templated":true}]}}