{"id":340,"date":"2022-08-05T13:12:16","date_gmt":"2022-08-05T12:12:16","guid":{"rendered":"http:\/\/therifles.net\/gli-appuntamenti-online-sono-cio-di-cui-hai-bisogno\/"},"modified":"2022-08-05T14:32:47","modified_gmt":"2022-08-05T13:32:47","slug":"gli-appuntamenti-online-sono-cio-di-cui-hai-bisogno","status":"publish","type":"page","link":"https:\/\/therifles.net\/it\/gli-appuntamenti-online-sono-cio-di-cui-hai-bisogno\/","title":{"rendered":"Gli appuntamenti online sono ci\u00f2 di cui hai bisogno?"},"content":{"rendered":"<p>L&#8217;idea che tu possa trovare &#8220;quello&#8221; mentre sei seduto da solo davanti allo schermo del tuo computer potrebbe sembrare qualcosa uscito da un film, ma secondo un recente sondaggio condotto da, circa la met\u00e0 degli americani afferma di aver fatto proprio questo.<\/p>\n<p>In effetti, i ricercatori hanno scoperto che le persone che usano i siti di <a href=\"http:\/\/therifles.net\/texting-with-your-partner\/\">incontri online<\/a> tendono ad essere pi\u00f9 vecchie e pi\u00f9 ricche di quelle che non lo fanno, e che le persone che escono online hanno molte pi\u00f9 probabilit\u00e0 di finire per sposarsi.<\/p>\n<p>Se hai pensato di provare gli appuntamenti online, ecco alcuni motivi per cui non dovresti ancora pagare per iscriverti a un sito.<\/p>\n<h2>Ti perderai grandi appuntamenti<\/h2>\n<p>Ci sono molti siti di incontri gratuiti l\u00e0 fuori e, sebbene non siano sempre l&#8217;opzione migliore, di solito forniscono un buon punto di partenza. Se stai cercando qualcosa di speciale, tuttavia, potresti prendere in considerazione l&#8217;idea di pagare per un abbonamento premium. In questo modo, non dovrai preoccuparti di essere abbinato a chiunque non soddisfi i tuoi standard.<\/p>\n<h2>Perderai meno tempo<\/h2>\n<p>Quando utilizzi un servizio a pagamento, sarai in grado di filtrare le tue potenziali corrispondenze in base a cose come posizione, fascia d&#8217;et\u00e0, stato della relazione e persino hobby. Questo rende pi\u00f9 facile trovare qualcuno che condivide interessi simili. E poich\u00e9 puoi sfogliare i profili gratuitamente, non passerai ore a scorrere a sinistra ea destra.<\/p>\n<h2>Risparmierai denaro<\/h2>\n<p>Conosci quei costosi canoni di abbonamento mensile? Si sommano velocemente. Un servizio gratuito \u00e8 spesso anche pi\u00f9 economico, soprattutto se ti stai registrando per pi\u00f9 account. Ad esempio, Match.com offre tre diversi piani: $ 9.99 al mese per l&#8217;accesso di base; $ 19.95 al mese per messaggi illimitati; e $ 29.95 al mese per funzionalit\u00e0 premium come la chat video.<\/p>\n<h2>Scelta popolare da provare per il sesso occasionale &#8211; Ashely Madison<\/h2>\n<p>Ashley Madison \u00e8 cos\u00ec popolare che molte persone lo sanno. Questo sito di incontri e affari online \u00e8 attivo dal 2002 e offre abbonamenti a pagamento per coloro che cercano qualcosa di serio. Tuttavia, anche gli utenti occasionali sono in grado di trovare qualcuno di speciale sul sito. Con oltre 20 milioni di membri registrati in tutto il mondo, ci sono molte opportunit\u00e0 per incontrare qualcuno con cui vuoi uscire.<\/p>\n<p>Il sito si concentra principalmente sull&#8217;aiutare le persone sposate a imbrogliare, ma \u00e8 anche ottimo per uomini e donne single in cerca di sesso occasionale. Non ci sono restrizioni sull&#8217;et\u00e0 o sul sesso e puoi fare quello che vuoi senza preoccuparti di essere scoperto. Puoi anche inviare denaro tramite PayPal per pagare funzionalit\u00e0 extra come modelli di cam dal vivo, sesso telefonico ed e-mail illimitate.<\/p>\n<p>Non devi preoccuparti di essere scoperto perch\u00e9 il sito utilizza la tecnologia di crittografia per proteggere le tue informazioni personali. In effetti, il sito si vanta che &#8220;la tua privacy \u00e8 importante&#8221;.<\/p>\n","protected":false},"excerpt":{"rendered":"<p>L&#8217;idea che tu possa trovare &#8220;quello&#8221; mentre sei seduto da solo davanti allo schermo del tuo computer potrebbe sembrare qualcosa<\/p>\n","protected":false},"author":1,"featured_media":120,"parent":0,"menu_order":0,"comment_status":"closed","ping_status":"closed","template":"","meta":[],"yoast_head":"<!-- This site is optimized with the Yoast SEO plugin v17.7.1 - https:\/\/yoast.com\/wordpress\/plugins\/seo\/ -->\n<title>Gli appuntamenti online sono ci\u00f2 di cui hai bisogno? - Guida moderna ai collegamenti<\/title>\n<meta name=\"robots\" content=\"index, follow, max-snippet:-1, max-image-preview:large, max-video-preview:-1\" \/>\n<link rel=\"canonical\" href=\"https:\/\/therifles.net\/it\/gli-appuntamenti-online-sono-cio-di-cui-hai-bisogno\/\" \/>\n<meta property=\"og:locale\" content=\"it_IT\" \/>\n<meta property=\"og:type\" content=\"article\" \/>\n<meta property=\"og:title\" content=\"Gli appuntamenti online sono ci\u00f2 di cui hai bisogno? - Guida moderna ai collegamenti\" \/>\n<meta property=\"og:description\" content=\"L&#8217;idea che tu possa trovare &#8220;quello&#8221; mentre sei seduto da solo davanti allo schermo del tuo computer potrebbe sembrare qualcosa\" \/>\n<meta property=\"og:url\" content=\"https:\/\/therifles.net\/it\/gli-appuntamenti-online-sono-cio-di-cui-hai-bisogno\/\" \/>\n<meta property=\"og:site_name\" content=\"Guida moderna ai collegamenti\" \/>\n<meta property=\"article:modified_time\" content=\"2022-08-05T13:32:47+00:00\" \/>\n<meta property=\"og:image\" content=\"https:\/\/therifles.net\/wp-content\/uploads\/2022\/08\/dating-list.jpeg\" \/>\n\t<meta property=\"og:image:width\" content=\"1125\" \/>\n\t<meta property=\"og:image:height\" content=\"750\" \/>\n<meta name=\"twitter:card\" content=\"summary_large_image\" \/>\n<meta name=\"twitter:label1\" content=\"Tempo di lettura stimato\" \/>\n\t<meta name=\"twitter:data1\" content=\"2 minuti\" \/>\n<script type=\"application\/ld+json\" class=\"yoast-schema-graph\">{\"@context\":\"https:\/\/schema.org\",\"@graph\":[{\"@type\":\"WebSite\",\"@id\":\"http:\/\/therifles.net\/#website\",\"url\":\"http:\/\/therifles.net\/\",\"name\":\"Guida moderna ai collegamenti\",\"description\":\"Consulente personale\",\"potentialAction\":[{\"@type\":\"SearchAction\",\"target\":{\"@type\":\"EntryPoint\",\"urlTemplate\":\"http:\/\/therifles.net\/?s={search_term_string}\"},\"query-input\":\"required name=search_term_string\"}],\"inLanguage\":\"it-IT\"},{\"@type\":\"ImageObject\",\"@id\":\"https:\/\/therifles.net\/it\/gli-appuntamenti-online-sono-cio-di-cui-hai-bisogno\/#primaryimage\",\"inLanguage\":\"it-IT\",\"url\":\"https:\/\/therifles.net\/wp-content\/uploads\/2022\/08\/dating-list.jpeg\",\"contentUrl\":\"https:\/\/therifles.net\/wp-content\/uploads\/2022\/08\/dating-list.jpeg\",\"width\":1125,\"height\":750},{\"@type\":\"WebPage\",\"@id\":\"https:\/\/therifles.net\/it\/gli-appuntamenti-online-sono-cio-di-cui-hai-bisogno\/#webpage\",\"url\":\"https:\/\/therifles.net\/it\/gli-appuntamenti-online-sono-cio-di-cui-hai-bisogno\/\",\"name\":\"Gli appuntamenti online sono ci\\u00f2 di cui hai bisogno? - Guida moderna ai collegamenti\",\"isPartOf\":{\"@id\":\"http:\/\/therifles.net\/#website\"},\"primaryImageOfPage\":{\"@id\":\"https:\/\/therifles.net\/it\/gli-appuntamenti-online-sono-cio-di-cui-hai-bisogno\/#primaryimage\"},\"datePublished\":\"2022-08-05T12:12:16+00:00\",\"dateModified\":\"2022-08-05T13:32:47+00:00\",\"breadcrumb\":{\"@id\":\"https:\/\/therifles.net\/it\/gli-appuntamenti-online-sono-cio-di-cui-hai-bisogno\/#breadcrumb\"},\"inLanguage\":\"it-IT\",\"potentialAction\":[{\"@type\":\"ReadAction\",\"target\":[\"https:\/\/therifles.net\/it\/gli-appuntamenti-online-sono-cio-di-cui-hai-bisogno\/\"]}]},{\"@type\":\"BreadcrumbList\",\"@id\":\"https:\/\/therifles.net\/it\/gli-appuntamenti-online-sono-cio-di-cui-hai-bisogno\/#breadcrumb\",\"itemListElement\":[{\"@type\":\"ListItem\",\"position\":1,\"name\":\"Home\",\"item\":\"https:\/\/therifles.net\/it\/\"},{\"@type\":\"ListItem\",\"position\":2,\"name\":\"Gli appuntamenti online sono ci\\u00f2 di cui hai bisogno?\"}]}]}<\/script>\n<!-- \/ Yoast SEO plugin. -->","yoast_head_json":{"title":"Gli appuntamenti online sono ci\u00f2 di cui hai bisogno? - Guida moderna ai collegamenti","robots":{"index":"index","follow":"follow","max-snippet":"max-snippet:-1","max-image-preview":"max-image-preview:large","max-video-preview":"max-video-preview:-1"},"canonical":"https:\/\/therifles.net\/it\/gli-appuntamenti-online-sono-cio-di-cui-hai-bisogno\/","og_locale":"it_IT","og_type":"article","og_title":"Gli appuntamenti online sono ci\u00f2 di cui hai bisogno? - Guida moderna ai collegamenti","og_description":"L&#8217;idea che tu possa trovare &#8220;quello&#8221; mentre sei seduto da solo davanti allo schermo del tuo computer potrebbe sembrare qualcosa","og_url":"https:\/\/therifles.net\/it\/gli-appuntamenti-online-sono-cio-di-cui-hai-bisogno\/","og_site_name":"Guida moderna ai collegamenti","article_modified_time":"2022-08-05T13:32:47+00:00","og_image":[{"width":1125,"height":750,"url":"https:\/\/therifles.net\/wp-content\/uploads\/2022\/08\/dating-list.jpeg","type":"image\/jpeg"}],"twitter_card":"summary_large_image","twitter_misc":{"Tempo di lettura stimato":"2 minuti"},"schema":{"@context":"https:\/\/schema.org","@graph":[{"@type":"WebSite","@id":"http:\/\/therifles.net\/#website","url":"http:\/\/therifles.net\/","name":"Guida moderna ai collegamenti","description":"Consulente personale","potentialAction":[{"@type":"SearchAction","target":{"@type":"EntryPoint","urlTemplate":"http:\/\/therifles.net\/?s={search_term_string}"},"query-input":"required name=search_term_string"}],"inLanguage":"it-IT"},{"@type":"ImageObject","@id":"https:\/\/therifles.net\/it\/gli-appuntamenti-online-sono-cio-di-cui-hai-bisogno\/#primaryimage","inLanguage":"it-IT","url":"https:\/\/therifles.net\/wp-content\/uploads\/2022\/08\/dating-list.jpeg","contentUrl":"https:\/\/therifles.net\/wp-content\/uploads\/2022\/08\/dating-list.jpeg","width":1125,"height":750},{"@type":"WebPage","@id":"https:\/\/therifles.net\/it\/gli-appuntamenti-online-sono-cio-di-cui-hai-bisogno\/#webpage","url":"https:\/\/therifles.net\/it\/gli-appuntamenti-online-sono-cio-di-cui-hai-bisogno\/","name":"Gli appuntamenti online sono ci\u00f2 di cui hai bisogno? - Guida moderna ai collegamenti","isPartOf":{"@id":"http:\/\/therifles.net\/#website"},"primaryImageOfPage":{"@id":"https:\/\/therifles.net\/it\/gli-appuntamenti-online-sono-cio-di-cui-hai-bisogno\/#primaryimage"},"datePublished":"2022-08-05T12:12:16+00:00","dateModified":"2022-08-05T13:32:47+00:00","breadcrumb":{"@id":"https:\/\/therifles.net\/it\/gli-appuntamenti-online-sono-cio-di-cui-hai-bisogno\/#breadcrumb"},"inLanguage":"it-IT","potentialAction":[{"@type":"ReadAction","target":["https:\/\/therifles.net\/it\/gli-appuntamenti-online-sono-cio-di-cui-hai-bisogno\/"]}]},{"@type":"BreadcrumbList","@id":"https:\/\/therifles.net\/it\/gli-appuntamenti-online-sono-cio-di-cui-hai-bisogno\/#breadcrumb","itemListElement":[{"@type":"ListItem","position":1,"name":"Home","item":"https:\/\/therifles.net\/it\/"},{"@type":"ListItem","position":2,"name":"Gli appuntamenti online sono ci\u00f2 di cui hai bisogno?"}]}]}},"_links":{"self":[{"href":"https:\/\/therifles.net\/it\/wp-json\/wp\/v2\/pages\/340"}],"collection":[{"href":"https:\/\/therifles.net\/it\/wp-json\/wp\/v2\/pages"}],"about":[{"href":"https:\/\/therifles.net\/it\/wp-json\/wp\/v2\/types\/page"}],"author":[{"embeddable":true,"href":"https:\/\/therifles.net\/it\/wp-json\/wp\/v2\/users\/1"}],"replies":[{"embeddable":true,"href":"https:\/\/therifles.net\/it\/wp-json\/wp\/v2\/comments?post=340"}],"version-history":[{"count":1,"href":"https:\/\/therifles.net\/it\/wp-json\/wp\/v2\/pages\/340\/revisions"}],"predecessor-version":[{"id":343,"href":"https:\/\/therifles.net\/it\/wp-json\/wp\/v2\/pages\/340\/revisions\/343"}],"wp:featuredmedia":[{"embeddable":true,"href":"https:\/\/therifles.net\/it\/wp-json\/wp\/v2\/media\/120"}],"wp:attachment":[{"href":"https:\/\/therifles.net\/it\/wp-json\/wp\/v2\/media?parent=340"}],"curies":[{"name":"wp","href":"https:\/\/api.w.org\/{rel}","templated":true}]}}