{"id":328,"date":"2022-08-05T13:22:17","date_gmt":"2022-08-05T12:22:17","guid":{"rendered":"http:\/\/therifles.net\/sexting\/"},"modified":"2022-08-05T14:32:47","modified_gmt":"2022-08-05T13:32:47","slug":"sexting","status":"publish","type":"page","link":"https:\/\/therifles.net\/it\/sexting\/","title":{"rendered":"Sexting"},"content":{"rendered":"<p>La cultura del collegamento che circonda il sesso non \u00e8 una novit\u00e0, ma grazie ai social media, alla tecnologia mobile e all&#8217;ascesa di app di appuntamenti online come Tinder, Grindr, Bumble e altre, \u00e8 diventato molto pi\u00f9 facile trovare qualcuno con cui collegarsi. Tuttavia, con tutte queste app pu\u00f2 essere difficile trovare quale sar\u00e0 la migliore per te.<\/p>\n<h2>Quale app provare?<\/h2>\n<p>Siamo andati ancora oltre e abbiamo fatto una lista dei migliori siti di sexting.<\/p>\n<p>Troverai di tutto, dalle app di <a href=\"http:\/\/therifles.net\/texting-with-your-partner\/\">messaggistica di testo<\/a> gratuite alle piattaforme di incontri per adulti premium, dandoti accesso a migliaia di <a href=\"http:\/\/therifles.net\/is-online-dating-what-you-need\/\">single sexy in tutto il mondo<\/a>. Quindi, se vuoi provare il sexting per te stesso, ecco i posti migliori per iniziare.<\/p>\n<p>Allora perch\u00e9 pensiamo che questi siti siano i migliori? Bene, ecco la nostra top ten dei siti web di sexting online:<\/p>\n<h3>JerkMate<\/h3>\n<p>Jerkmate \u00e8 uno dei migliori siti di sexting gratuiti in generale perch\u00e9 offre molte funzionalit\u00e0. Ci sono molte categorie come chat room webcam, ragazze cattive, modelli amatoriali e molto altro. Puoi trovare tutto ci\u00f2 che vuoi qui. Questo sito \u00e8 molto facile da usare e navigare.<\/p>\n<h3>Gianluca<\/h3>\n<p>Kik \u00e8 una delle pi\u00f9 antiche <a href=\"http:\/\/therifles.net\/how-hookup-apps-work-finding-the-right-type-of-dating-app\/\">piattaforme di incontri sul web<\/a>. \u00c8 in circolazione dal 2005 ed \u00e8 utilizzato da milioni di persone in tutto il mondo. \u00c8 progettato specificamente per adolescenti e giovani adulti, ma chiunque pu\u00f2 usarlo.<\/p>\n<h3>Omegle \u00b7<\/h3>\n<p>Se non hai mai sentito parlare di Omegle, probabilmente \u00e8 perch\u00e9 non \u00e8 molto conosciuto. Questo sito ti consente di connetterti in modo casuale con un&#8217;altra persona. Puoi parlare con chi vuoi, non importa quanti anni abbiano. Tieni presente che la maggior parte delle persone non \u00e8 interessata a parlare con qualcuno che ha incontrato online.<\/p>\n<h3>Chatroulette<\/h3>\n<p>Come suggerisce il nome, Chatroulette ti consente di incontrare persone a caso e iniziare a chattare con loro. \u00c8 simile a Omegle, tranne per il fatto che invece di connetterti con persone che gi\u00e0 conosci, ti connetti con perfetti sconosciuti.<\/p>\n<h3>Nuca<\/h3>\n<p>Scruff \u00e8 un po &#8216;diverso da altri siti di incontri. Invece di abbinarti a potenziali date in base alle tue preferenze, ti abbina in base alla tua posizione. Quindi, se sei a New York City e ti abbini a qualcuno nelle vicinanze, puoi organizzare un appuntamento insieme.<\/p>\n<h3>BeNaughty \u00b7<\/h3>\n<p>BeNaughty \u00e8 un&#8217;altra app di appuntamenti gratuita che consente alle persone di connettersi con gli altri in base agli interessi sessuali. Come molti siti simili, \u00e8 progettato per rendere pi\u00f9 facili i collegamenti, specialmente per le persone che vogliono incontrarsi senza dover pagare per bevande o cene. Ma a differenza di altre app, BeNaughty non ti consente solo di scorrere verso sinistra o destra per vedere a chi altro piace quello che fai; in realt\u00e0 ti consente di inviare foto e video nudi direttamente l&#8217;uno all&#8217;altro. Non devi preoccuparti di essere scoperto perch\u00e9 l&#8217;app mantiene tutto completamente anonimo. E poich\u00e9 \u00e8 totalmente gratuito, non dovrai spendere un centesimo per provarlo.<\/p>\n<h2>Il sexting fa per te?<\/h2>\n<ul>\n<li>Sii sicuro: questo sembra ovvio, ma vale la pena ripeterlo. Non inviare nulla che non vorresti che qualcun altro vedesse. Non sai mai dove potrebbero finire i tuoi messaggi.<\/li>\n<li>Sii discreto: ricorda che anche se non ti incontrerai faccia a faccia, comunicherai comunque tramite testo. Mantieni le cose spensierate e civettuole; evita di inviare troppe informazioni sulla tua vita personale.<\/li>\n<li>Conosci i tuoi limiti: mentre va bene cedere occasionalmente alla tentazione, assicurati di non esagerare. Imposta limiti sulla frequenza con cui desideri ricevere messaggi e attieniti ad essi.<\/li>\n<li>Pensa prima di inviare: anche se potresti pensare di essere divertente o carino, \u00e8 probabile che tu non lo sia. Considera se qualcosa che stai pensando di dire \u00e8 appropriato.<\/li>\n<\/ul>\n","protected":false},"excerpt":{"rendered":"<p>La cultura del collegamento che circonda il sesso non \u00e8 una novit\u00e0, ma grazie ai social media, alla tecnologia mobile<\/p>\n","protected":false},"author":1,"featured_media":131,"parent":0,"menu_order":0,"comment_status":"closed","ping_status":"closed","template":"","meta":[],"yoast_head":"<!-- This site is optimized with the Yoast SEO plugin v17.7.1 - https:\/\/yoast.com\/wordpress\/plugins\/seo\/ -->\n<title>Sexting - Guida moderna ai collegamenti<\/title>\n<meta name=\"robots\" content=\"index, follow, max-snippet:-1, max-image-preview:large, max-video-preview:-1\" \/>\n<link rel=\"canonical\" href=\"https:\/\/therifles.net\/it\/sexting\/\" \/>\n<meta property=\"og:locale\" content=\"it_IT\" \/>\n<meta property=\"og:type\" content=\"article\" \/>\n<meta property=\"og:title\" content=\"Sexting - Guida moderna ai collegamenti\" \/>\n<meta property=\"og:description\" content=\"La cultura del collegamento che circonda il sesso non \u00e8 una novit\u00e0, ma grazie ai social media, alla tecnologia mobile\" \/>\n<meta property=\"og:url\" content=\"https:\/\/therifles.net\/it\/sexting\/\" \/>\n<meta property=\"og:site_name\" content=\"Guida moderna ai collegamenti\" \/>\n<meta property=\"article:modified_time\" content=\"2022-08-05T13:32:47+00:00\" \/>\n<meta name=\"twitter:card\" content=\"summary_large_image\" \/>\n<meta name=\"twitter:image\" content=\"https:\/\/therifles.net\/wp-content\/uploads\/2022\/08\/dating.webp\" \/>\n<meta name=\"twitter:label1\" content=\"Tempo di lettura stimato\" \/>\n\t<meta name=\"twitter:data1\" content=\"3 minuti\" \/>\n<script type=\"application\/ld+json\" class=\"yoast-schema-graph\">{\"@context\":\"https:\/\/schema.org\",\"@graph\":[{\"@type\":\"WebSite\",\"@id\":\"https:\/\/therifles.net\/#website\",\"url\":\"https:\/\/therifles.net\/\",\"name\":\"Guida moderna ai collegamenti\",\"description\":\"Consulente personale\",\"potentialAction\":[{\"@type\":\"SearchAction\",\"target\":{\"@type\":\"EntryPoint\",\"urlTemplate\":\"https:\/\/therifles.net\/?s={search_term_string}\"},\"query-input\":\"required name=search_term_string\"}],\"inLanguage\":\"it-IT\"},{\"@type\":\"ImageObject\",\"@id\":\"https:\/\/therifles.net\/it\/sexting\/#primaryimage\",\"inLanguage\":\"it-IT\",\"url\":\"https:\/\/therifles.net\/wp-content\/uploads\/2022\/08\/dating.webp\",\"contentUrl\":\"https:\/\/therifles.net\/wp-content\/uploads\/2022\/08\/dating.webp\",\"width\":539,\"height\":750},{\"@type\":\"WebPage\",\"@id\":\"https:\/\/therifles.net\/it\/sexting\/#webpage\",\"url\":\"https:\/\/therifles.net\/it\/sexting\/\",\"name\":\"Sexting - Guida moderna ai collegamenti\",\"isPartOf\":{\"@id\":\"https:\/\/therifles.net\/#website\"},\"primaryImageOfPage\":{\"@id\":\"https:\/\/therifles.net\/it\/sexting\/#primaryimage\"},\"datePublished\":\"2022-08-05T12:22:17+00:00\",\"dateModified\":\"2022-08-05T13:32:47+00:00\",\"breadcrumb\":{\"@id\":\"https:\/\/therifles.net\/it\/sexting\/#breadcrumb\"},\"inLanguage\":\"it-IT\",\"potentialAction\":[{\"@type\":\"ReadAction\",\"target\":[\"https:\/\/therifles.net\/it\/sexting\/\"]}]},{\"@type\":\"BreadcrumbList\",\"@id\":\"https:\/\/therifles.net\/it\/sexting\/#breadcrumb\",\"itemListElement\":[{\"@type\":\"ListItem\",\"position\":1,\"name\":\"Home\",\"item\":\"http:\/\/therifles.net\/it\/\"},{\"@type\":\"ListItem\",\"position\":2,\"name\":\"Sexting\"}]}]}<\/script>\n<!-- \/ Yoast SEO plugin. -->","yoast_head_json":{"title":"Sexting - Guida moderna ai collegamenti","robots":{"index":"index","follow":"follow","max-snippet":"max-snippet:-1","max-image-preview":"max-image-preview:large","max-video-preview":"max-video-preview:-1"},"canonical":"https:\/\/therifles.net\/it\/sexting\/","og_locale":"it_IT","og_type":"article","og_title":"Sexting - Guida moderna ai collegamenti","og_description":"La cultura del collegamento che circonda il sesso non \u00e8 una novit\u00e0, ma grazie ai social media, alla tecnologia mobile","og_url":"https:\/\/therifles.net\/it\/sexting\/","og_site_name":"Guida moderna ai collegamenti","article_modified_time":"2022-08-05T13:32:47+00:00","twitter_card":"summary_large_image","twitter_image":"https:\/\/therifles.net\/wp-content\/uploads\/2022\/08\/dating.webp","twitter_misc":{"Tempo di lettura stimato":"3 minuti"},"schema":{"@context":"https:\/\/schema.org","@graph":[{"@type":"WebSite","@id":"https:\/\/therifles.net\/#website","url":"https:\/\/therifles.net\/","name":"Guida moderna ai collegamenti","description":"Consulente personale","potentialAction":[{"@type":"SearchAction","target":{"@type":"EntryPoint","urlTemplate":"https:\/\/therifles.net\/?s={search_term_string}"},"query-input":"required name=search_term_string"}],"inLanguage":"it-IT"},{"@type":"ImageObject","@id":"https:\/\/therifles.net\/it\/sexting\/#primaryimage","inLanguage":"it-IT","url":"https:\/\/therifles.net\/wp-content\/uploads\/2022\/08\/dating.webp","contentUrl":"https:\/\/therifles.net\/wp-content\/uploads\/2022\/08\/dating.webp","width":539,"height":750},{"@type":"WebPage","@id":"https:\/\/therifles.net\/it\/sexting\/#webpage","url":"https:\/\/therifles.net\/it\/sexting\/","name":"Sexting - Guida moderna ai collegamenti","isPartOf":{"@id":"https:\/\/therifles.net\/#website"},"primaryImageOfPage":{"@id":"https:\/\/therifles.net\/it\/sexting\/#primaryimage"},"datePublished":"2022-08-05T12:22:17+00:00","dateModified":"2022-08-05T13:32:47+00:00","breadcrumb":{"@id":"https:\/\/therifles.net\/it\/sexting\/#breadcrumb"},"inLanguage":"it-IT","potentialAction":[{"@type":"ReadAction","target":["https:\/\/therifles.net\/it\/sexting\/"]}]},{"@type":"BreadcrumbList","@id":"https:\/\/therifles.net\/it\/sexting\/#breadcrumb","itemListElement":[{"@type":"ListItem","position":1,"name":"Home","item":"http:\/\/therifles.net\/it\/"},{"@type":"ListItem","position":2,"name":"Sexting"}]}]}},"_links":{"self":[{"href":"https:\/\/therifles.net\/it\/wp-json\/wp\/v2\/pages\/328"}],"collection":[{"href":"https:\/\/therifles.net\/it\/wp-json\/wp\/v2\/pages"}],"about":[{"href":"https:\/\/therifles.net\/it\/wp-json\/wp\/v2\/types\/page"}],"author":[{"embeddable":true,"href":"https:\/\/therifles.net\/it\/wp-json\/wp\/v2\/users\/1"}],"replies":[{"embeddable":true,"href":"https:\/\/therifles.net\/it\/wp-json\/wp\/v2\/comments?post=328"}],"version-history":[{"count":1,"href":"https:\/\/therifles.net\/it\/wp-json\/wp\/v2\/pages\/328\/revisions"}],"predecessor-version":[{"id":331,"href":"https:\/\/therifles.net\/it\/wp-json\/wp\/v2\/pages\/328\/revisions\/331"}],"wp:featuredmedia":[{"embeddable":true,"href":"https:\/\/therifles.net\/it\/wp-json\/wp\/v2\/media\/131"}],"wp:attachment":[{"href":"https:\/\/therifles.net\/it\/wp-json\/wp\/v2\/media?parent=328"}],"curies":[{"name":"wp","href":"https:\/\/api.w.org\/{rel}","templated":true}]}}