{"id":279,"date":"2022-08-05T13:34:04","date_gmt":"2022-08-05T12:34:04","guid":{"rendered":"http:\/\/therifles.net\/consigli-sulla-sicurezza-degli-appuntamenti-online\/"},"modified":"2022-09-08T15:51:11","modified_gmt":"2022-09-08T14:51:11","slug":"consigli-sulla-sicurezza-degli-appuntamenti-online","status":"publish","type":"page","link":"https:\/\/therifles.net\/it\/consigli-sulla-sicurezza-degli-appuntamenti-online\/","title":{"rendered":"Consigli sulla sicurezza degli appuntamenti online"},"content":{"rendered":"<h2>Scegliere l&#8217;app giusta<\/h2>\n<h3>\u00c8 gratis?<\/h3>\n<p>Ci sono molti siti che fanno pagare soldi in anticipo, ma molti <a href=\"http:\/\/therifles.net\/best-apps-for-finding-a-serious-relationship\/\">altri offrono prove gratuite<\/a>. Di solito puoi dire se una prova \u00e8 legittima perch\u00e9 non richieder\u00e0 informazioni di pagamento in anticipo. Invece, ti verr\u00e0 chiesto di fornire un indirizzo email valido.<\/p>\n<h3>Ha una politica sulla privacy?<\/h3>\n<p>Molte aziende affermeranno di rispettare la tua privacy, ma in realt\u00e0 non ti stanno <a href=\"https:\/\/www.singles-in-my-area.com\/it\/siti-di-sexting-locali-gratuiti\/\">sexting siti<\/a> dicendo nulla. Stanno solo cercando di spaventarti a iscriverti. Cerca una dichiarazione chiara su quali dati raccolgono e come li usano.<\/p>\n<h3>Cosa dice del sito?<\/h3>\n<p>Alcuni siti si vanteranno di essere solo membri, mentre altri prometteranno discrezione. E alcuni cercheranno persino di indurti a pensare che siano gestiti da professionisti. Non ci cascate.<\/p>\n<h3>Chi lo gestisce?<\/h3>\n<p>Molti siti elencheranno un sacco di nomi diversi, incluso il <a href=\"http:\/\/www.gay-hookups.com\/it\/gay-sugar-daddy-app\/\">sugar daddy gay<\/a> nome della persona che lo possiede. Questa potrebbe sembrare una bandiera rossa, ma potrebbe semplicemente significare che il proprietario vuole proteggere la propria identit\u00e0. Dopotutto, perch\u00e9 dare via le tue informazioni personali se non \u00e8 necessario?<\/p>\n<h3>Da quanto tempo esiste?<\/h3>\n<p>I siti che sono in circolazione da un po &#8216;tendono ad essere pi\u00f9 <a href=\"http:\/\/therifles.net\/cuckold\/\">affidabili<\/a> di quelli che sono spuntati durante la notte. Inoltre, i siti che sono stati in giro pi\u00f9 a lungo spesso hanno una migliore reputazione tra gli esperti del settore.<\/p>\n<h3>Le recensioni sono positive?<\/h3>\n<p>Le recensioni sono ottime, soprattutto quando provengono da fonti attendibili. Tuttavia, ci sono molte recensioni false l\u00e0 fuori. Assicurati di controllare siti di recensioni come Yelp, Trustpilot e ConsumerAffairs per vedere se il sito ha una storia di pubblicazione di recensioni negative.<\/p>\n<h2>Attenzione ai truffatori<\/h2>\n<p>Se hai cercato l&#8217;amore online, sai quanto pu\u00f2 essere difficile <a href=\"https:\/\/www.local-horny-women.net\/it\/donne-mature-in-cerca-di-sesso\/\">mature in cerca di sesso<\/a> separare i fatti dalla finzione. Ma ci sono modi per proteggersi dall&#8217;essere truffati o ingannati. Ecco alcuni suggerimenti per tenerti al sicuro mentre incontri persone online.<\/p>\n<ul>\n<li>Non fornire troppe informazioni personali.<\/li>\n<li>Diffida di chiunque ti chieda di inviare denaro tramite Western Union o MoneyGram. Queste aziende sono spesso utilizzate dai truffatori per riciclare fondi rubati.<\/li>\n<li>Non pagare mai nulla in anticipo. Non vedrai mai pi\u00f9 l&#8217;oggetto.<\/li>\n<li>Cerca le bandiere rosse. I truffatori potrebbero cercare di convincerti che sono persone reali sostenendo di aver perso familiari o amici. Potrebbero persino affermare di lavorare per le forze dell&#8217;ordine.<\/li>\n<li>Fai attenzione alle persone che ti chiedono di incontrarti in luoghi pubblici come caffetterie o ristoranti.<\/li>\n<li>Fai attenzione alle persone che sembrano alla disperata ricerca di attenzione. Un truffatore potrebbe dirti che ha bisogno di aiuto per rimettere insieme la sua vita o che ha il cancro.<\/li>\n<\/ul>\n<p>Una volta che hai abbinato un possibile appuntamento e chattato, pianifica una chat video con loro. Molte persone sono riluttanti a farlo perch\u00e9 pensano che li faccia sembrare bisognosi. Ma, una volta che ti sei incontrato di persona, non c&#8217;\u00e8 niente di peggio che scoprire che il tuo appuntamento non \u00e8 chi dicono di essere. Quindi, prendi alcune precauzioni qui.<\/p>\n<p>Se resistono fortemente a una chat video, potrebbe essere una bandiera rossa. Potrebbe significare che non vogliono essere visti online o che potrebbero nascondere qualcosa.<\/p>\n","protected":false},"excerpt":{"rendered":"<p>Scegliere l&#8217;app giusta \u00c8 gratis? Ci sono molti siti che fanno pagare soldi in anticipo, ma molti altri offrono prove<\/p>\n","protected":false},"author":1,"featured_media":153,"parent":0,"menu_order":0,"comment_status":"closed","ping_status":"closed","template":"","meta":[],"yoast_head":"<!-- This site is optimized with the Yoast SEO plugin v17.7.1 - https:\/\/yoast.com\/wordpress\/plugins\/seo\/ -->\n<title>Consigli sulla sicurezza degli appuntamenti online - Guida moderna ai collegamenti<\/title>\n<meta name=\"robots\" content=\"index, follow, max-snippet:-1, max-image-preview:large, max-video-preview:-1\" \/>\n<link rel=\"canonical\" href=\"https:\/\/therifles.net\/it\/consigli-sulla-sicurezza-degli-appuntamenti-online\/\" \/>\n<meta property=\"og:locale\" content=\"it_IT\" \/>\n<meta property=\"og:type\" content=\"article\" \/>\n<meta property=\"og:title\" content=\"Consigli sulla sicurezza degli appuntamenti online - Guida moderna ai collegamenti\" \/>\n<meta property=\"og:description\" content=\"Scegliere l&#8217;app giusta \u00c8 gratis? Ci sono molti siti che fanno pagare soldi in anticipo, ma molti altri offrono prove\" \/>\n<meta property=\"og:url\" content=\"https:\/\/therifles.net\/it\/consigli-sulla-sicurezza-degli-appuntamenti-online\/\" \/>\n<meta property=\"og:site_name\" content=\"Guida moderna ai collegamenti\" \/>\n<meta property=\"article:modified_time\" content=\"2022-09-08T14:51:11+00:00\" \/>\n<meta name=\"twitter:card\" content=\"summary_large_image\" \/>\n<meta name=\"twitter:image\" content=\"https:\/\/therifles.net\/wp-content\/uploads\/2022\/08\/unnamed-file.webp\" \/>\n<meta name=\"twitter:label1\" content=\"Tempo di lettura stimato\" \/>\n\t<meta name=\"twitter:data1\" content=\"3 minuti\" \/>\n<script type=\"application\/ld+json\" class=\"yoast-schema-graph\">{\"@context\":\"https:\/\/schema.org\",\"@graph\":[{\"@type\":\"WebSite\",\"@id\":\"http:\/\/therifles.net\/#website\",\"url\":\"http:\/\/therifles.net\/\",\"name\":\"Guida moderna ai collegamenti\",\"description\":\"Consulente personale\",\"potentialAction\":[{\"@type\":\"SearchAction\",\"target\":{\"@type\":\"EntryPoint\",\"urlTemplate\":\"http:\/\/therifles.net\/?s={search_term_string}\"},\"query-input\":\"required name=search_term_string\"}],\"inLanguage\":\"it-IT\"},{\"@type\":\"ImageObject\",\"@id\":\"https:\/\/therifles.net\/it\/consigli-sulla-sicurezza-degli-appuntamenti-online\/#primaryimage\",\"inLanguage\":\"it-IT\",\"url\":\"https:\/\/therifles.net\/wp-content\/uploads\/2022\/08\/unnamed-file.webp\",\"contentUrl\":\"https:\/\/therifles.net\/wp-content\/uploads\/2022\/08\/unnamed-file.webp\",\"width\":500,\"height\":750},{\"@type\":\"WebPage\",\"@id\":\"https:\/\/therifles.net\/it\/consigli-sulla-sicurezza-degli-appuntamenti-online\/#webpage\",\"url\":\"https:\/\/therifles.net\/it\/consigli-sulla-sicurezza-degli-appuntamenti-online\/\",\"name\":\"Consigli sulla sicurezza degli appuntamenti online - Guida moderna ai collegamenti\",\"isPartOf\":{\"@id\":\"http:\/\/therifles.net\/#website\"},\"primaryImageOfPage\":{\"@id\":\"https:\/\/therifles.net\/it\/consigli-sulla-sicurezza-degli-appuntamenti-online\/#primaryimage\"},\"datePublished\":\"2022-08-05T12:34:04+00:00\",\"dateModified\":\"2022-09-08T14:51:11+00:00\",\"breadcrumb\":{\"@id\":\"https:\/\/therifles.net\/it\/consigli-sulla-sicurezza-degli-appuntamenti-online\/#breadcrumb\"},\"inLanguage\":\"it-IT\",\"potentialAction\":[{\"@type\":\"ReadAction\",\"target\":[\"https:\/\/therifles.net\/it\/consigli-sulla-sicurezza-degli-appuntamenti-online\/\"]}]},{\"@type\":\"BreadcrumbList\",\"@id\":\"https:\/\/therifles.net\/it\/consigli-sulla-sicurezza-degli-appuntamenti-online\/#breadcrumb\",\"itemListElement\":[{\"@type\":\"ListItem\",\"position\":1,\"name\":\"Home\",\"item\":\"http:\/\/therifles.net\/it\/\"},{\"@type\":\"ListItem\",\"position\":2,\"name\":\"Consigli sulla sicurezza degli appuntamenti online\"}]}]}<\/script>\n<!-- \/ Yoast SEO plugin. -->","yoast_head_json":{"title":"Consigli sulla sicurezza degli appuntamenti online - Guida moderna ai collegamenti","robots":{"index":"index","follow":"follow","max-snippet":"max-snippet:-1","max-image-preview":"max-image-preview:large","max-video-preview":"max-video-preview:-1"},"canonical":"https:\/\/therifles.net\/it\/consigli-sulla-sicurezza-degli-appuntamenti-online\/","og_locale":"it_IT","og_type":"article","og_title":"Consigli sulla sicurezza degli appuntamenti online - Guida moderna ai collegamenti","og_description":"Scegliere l&#8217;app giusta \u00c8 gratis? Ci sono molti siti che fanno pagare soldi in anticipo, ma molti altri offrono prove","og_url":"https:\/\/therifles.net\/it\/consigli-sulla-sicurezza-degli-appuntamenti-online\/","og_site_name":"Guida moderna ai collegamenti","article_modified_time":"2022-09-08T14:51:11+00:00","twitter_card":"summary_large_image","twitter_image":"https:\/\/therifles.net\/wp-content\/uploads\/2022\/08\/unnamed-file.webp","twitter_misc":{"Tempo di lettura stimato":"3 minuti"},"schema":{"@context":"https:\/\/schema.org","@graph":[{"@type":"WebSite","@id":"http:\/\/therifles.net\/#website","url":"http:\/\/therifles.net\/","name":"Guida moderna ai collegamenti","description":"Consulente personale","potentialAction":[{"@type":"SearchAction","target":{"@type":"EntryPoint","urlTemplate":"http:\/\/therifles.net\/?s={search_term_string}"},"query-input":"required name=search_term_string"}],"inLanguage":"it-IT"},{"@type":"ImageObject","@id":"https:\/\/therifles.net\/it\/consigli-sulla-sicurezza-degli-appuntamenti-online\/#primaryimage","inLanguage":"it-IT","url":"https:\/\/therifles.net\/wp-content\/uploads\/2022\/08\/unnamed-file.webp","contentUrl":"https:\/\/therifles.net\/wp-content\/uploads\/2022\/08\/unnamed-file.webp","width":500,"height":750},{"@type":"WebPage","@id":"https:\/\/therifles.net\/it\/consigli-sulla-sicurezza-degli-appuntamenti-online\/#webpage","url":"https:\/\/therifles.net\/it\/consigli-sulla-sicurezza-degli-appuntamenti-online\/","name":"Consigli sulla sicurezza degli appuntamenti online - Guida moderna ai collegamenti","isPartOf":{"@id":"http:\/\/therifles.net\/#website"},"primaryImageOfPage":{"@id":"https:\/\/therifles.net\/it\/consigli-sulla-sicurezza-degli-appuntamenti-online\/#primaryimage"},"datePublished":"2022-08-05T12:34:04+00:00","dateModified":"2022-09-08T14:51:11+00:00","breadcrumb":{"@id":"https:\/\/therifles.net\/it\/consigli-sulla-sicurezza-degli-appuntamenti-online\/#breadcrumb"},"inLanguage":"it-IT","potentialAction":[{"@type":"ReadAction","target":["https:\/\/therifles.net\/it\/consigli-sulla-sicurezza-degli-appuntamenti-online\/"]}]},{"@type":"BreadcrumbList","@id":"https:\/\/therifles.net\/it\/consigli-sulla-sicurezza-degli-appuntamenti-online\/#breadcrumb","itemListElement":[{"@type":"ListItem","position":1,"name":"Home","item":"http:\/\/therifles.net\/it\/"},{"@type":"ListItem","position":2,"name":"Consigli sulla sicurezza degli appuntamenti online"}]}]}},"_links":{"self":[{"href":"https:\/\/therifles.net\/it\/wp-json\/wp\/v2\/pages\/279"}],"collection":[{"href":"https:\/\/therifles.net\/it\/wp-json\/wp\/v2\/pages"}],"about":[{"href":"https:\/\/therifles.net\/it\/wp-json\/wp\/v2\/types\/page"}],"author":[{"embeddable":true,"href":"https:\/\/therifles.net\/it\/wp-json\/wp\/v2\/users\/1"}],"replies":[{"embeddable":true,"href":"https:\/\/therifles.net\/it\/wp-json\/wp\/v2\/comments?post=279"}],"version-history":[{"count":2,"href":"https:\/\/therifles.net\/it\/wp-json\/wp\/v2\/pages\/279\/revisions"}],"predecessor-version":[{"id":392,"href":"https:\/\/therifles.net\/it\/wp-json\/wp\/v2\/pages\/279\/revisions\/392"}],"wp:featuredmedia":[{"embeddable":true,"href":"https:\/\/therifles.net\/it\/wp-json\/wp\/v2\/media\/153"}],"wp:attachment":[{"href":"https:\/\/therifles.net\/it\/wp-json\/wp\/v2\/media?parent=279"}],"curies":[{"name":"wp","href":"https:\/\/api.w.org\/{rel}","templated":true}]}}