{"id":233,"date":"2022-08-05T13:38:51","date_gmt":"2022-08-05T12:38:51","guid":{"rendered":"http:\/\/therifles.net\/come-funzionano-le-app-di-collegamento-trovare-il-giusto-tipo-di-app-di-appuntamenti\/"},"modified":"2022-09-08T15:50:42","modified_gmt":"2022-09-08T14:50:42","slug":"come-funzionano-le-app-di-collegamento-trovare-il-giusto-tipo-di-app-di-appuntamenti","status":"publish","type":"page","link":"https:\/\/therifles.net\/it\/come-funzionano-le-app-di-collegamento-trovare-il-giusto-tipo-di-app-di-appuntamenti\/","title":{"rendered":"Come funzionano le app di collegamento: trovare il giusto tipo di app di appuntamenti"},"content":{"rendered":"<p>Trovare i siti di collegamento casual perfetti per te \u00e8 facile. Tutto quello che devi sapere \u00e8 quali sono le tue preferenze. Se stai cercando un sito di incontri \/ collegamenti generale in cui ottieni un po &#8216;di tutto, ti consigliamo Bumble, Tinder o Hinge.<\/p>\n<p>Se stai cercando di trovare <a href=\"http:\/\/therifles.net\/texting-with-your-partner\/\">facilmente un collegamento sexy<\/a> senza la necessit\u00e0 di ricerche rigorose e suggerimenti di abbinamento, allora app come Adult Friend Finder, No Strings Attached e Seeking sono perfette. Se stai cercando di trovare collegamenti di nicchia, dai un&#8217;occhiata ad Alt, SilverSingles o Kinky Dates. Il punto \u00e8 che devi solo sapere che tipo di folla offre un determinato sito di collegamento e determinare se corrispondono alle tue esigenze.<\/p>\n<h2>Qual \u00e8 il migliore per te?<\/h2>\n<p>Questa <a href=\"http:\/\/therifles.net\/is-online-dating-what-you-need\/\">app di appuntamenti offre alle<\/a> donne pi\u00f9 potere sulla conversazione, in quanto sono quelle che iniziano il contatto con potenziali appuntamenti. In realt\u00e0, \u00e8 praticamente l&#8217;opposto di Tinder, che consente ai ragazzi di fare la prima mossa. Il rovescio della medaglia, per\u00f2, Bumble non consente ai ragazzi di inviare messaggi senza aver prima avviato il contatto. Quindi, se stai cercando un ragazzo che non abbia paura di chiederti di uscire, allora questo potrebbe essere il sito che fa per te.<\/p>\n<h3>Cardine<\/h3>\n<p>Hinge \u00e8 un servizio di appuntamenti online che consente agli utenti di connettersi con altri single attraverso la corrispondenza di foto e domande. \u00c8 disponibile su dispositivi iOS e Android. L&#8217;app incoraggia anche gli utenti a scrivere prompt l&#8217;uno per l&#8217;altro. Questi suggerimenti consentono a entrambe le parti di conoscersi meglio. Gli utenti possono anche aggiungere registrazioni audio al proprio profilo, il che aiuta a capirsi meglio.<\/p>\n<p>Ma l&#8217;app \u00e8 limitata a soli 12 Mi piace al giorno <a href=\"http:\/\/www.freesexmessaging.com\/it\/donne-anziane-in-cerca-di-sesso-libero\/\">donne anziane cercano sesso<\/a>. Se stai cercando di pi\u00f9, dovrai pagare $ 29.99 al mese. Oppure potresti acquistare un abbonamento annuale per $ 399.99. Ma se non usi Facebook Ads, non trarrai vantaggio da nessuna di queste opzioni.<\/p>\n<h3>Pof<\/h3>\n<p>Plenty Of Fish potrebbe non avere lo stesso pubblico <a href=\"https:\/\/www.jerkoffforme.com\/it\/teen-cams\/\">teen cam online<\/a> di altre app di appuntamenti come Tinder e Bumble. Ma \u00e8 ancora una scelta molto popolare &#8211; e ha il vantaggio di essere gratuito. Puoi anche ottenere un abbonamento pi\u00f9 economico se vuoi pagare per un periodo di tempo pi\u00f9 lungo. Se stai cercando una relazione a lungo termine, Plenty of Fish \u00e8 un ottimo punto di partenza.<\/p>\n<h3>Fiammifero<\/h3>\n<p>Match \u00e8 un ottimo posto per incontrare persone se stai cercando qualcosa di serio. \u00c8 anche un ottimo posto per giocare e vedere che tipo di connessioni potresti fare. Se sei interessato a incontrare qualcuno, dovresti assolutamente dare un&#8217;occhiata Match.com. Ci sono molte altre opzioni disponibili, come OKCupid o PlentyOfFish, ma Match \u00e8 la scelta migliore in generale.<\/p>\n<h3>eHarmony<\/h3>\n<p>eHarmony \u00e8 un servizio di incontri online gratuito di propriet\u00e0 di Match Group. \u00c8 attivo dal 2001 e ha avuto molti annunci televisivi. I membri possono pagare un abbonamento premium per ottenere funzionalit\u00e0 aggiuntive come chat video, promemoria dei messaggi e messaggi illimitati. Il sito consente inoltre ai membri di cercare corrispondenze in base a posizione, et\u00e0 e sesso.<\/p>\n<h3>Il caff\u00e8 incontra il bagel<\/h3>\n<p>Coffee Meets Bagel si adatta meglio a chi cerca <a href=\"https:\/\/www.no-strings-attached-sex.com\/it\/sexting-gratis-senza-registrazione\/\">siti di incontri senza registrazione<\/a> relazioni, ma non \u00e8 ancora pronto a impegnarsi. L&#8217;algoritmo di CMB elabora chi \u00e8 adatto a te e suggerisce una selezione di potenziali corrispondenze ogni giorno. Se non controlli i tuoi suggerimenti per un giorno, potresti perdere l&#8217;occasione di mettere mi piace a qualcun altro se ti viene suggerito in seguito.<\/p>\n<h3>Esca<\/h3>\n<p>Tinder \u00e8 diventata una delle app di appuntamenti pi\u00f9 popolari al mondo. Ma non \u00e8 raro sentirsi come se fosse il momento di passare a qualcos&#8217;altro. Forse sei stanco di vedere le stesse persone o di non ottenere corrispondenze. Fortunatamente, ci sono molte altre app di appuntamenti l\u00e0 fuori. Abbiamo trovato i migliori per te. Non si sa mai, forse il tuo vero amore ti aspetter\u00e0.<\/p>\n<h2>Conclusione<\/h2>\n<p>Se sei una donna che cerca di incontrare qualcuno per un po &#8216;di divertimento, ci sono molte app l\u00e0 fuori che ti permettono di fare proprio questo. Ma che dire di quelle volte in cui vuoi andare a un vero appuntamento, ma non conosci davvero nessuno? O forse sei single da un po &#8216;e ti piacerebbe provare qualcosa di diverso? Bene, se sei interessato a trovare un bel appuntamento casuale, allora potresti voler provare Bumble.<\/p>\n","protected":false},"excerpt":{"rendered":"<p>Trovare i siti di collegamento casual perfetti per te \u00e8 facile. Tutto quello che devi sapere \u00e8 quali sono le<\/p>\n","protected":false},"author":1,"featured_media":164,"parent":0,"menu_order":0,"comment_status":"closed","ping_status":"closed","template":"","meta":[],"yoast_head":"<!-- This site is optimized with the Yoast SEO plugin v17.7.1 - https:\/\/yoast.com\/wordpress\/plugins\/seo\/ -->\n<title>Come funzionano le app di collegamento: trovare il giusto tipo di app di appuntamenti - Guida moderna ai collegamenti<\/title>\n<meta name=\"robots\" content=\"index, follow, max-snippet:-1, max-image-preview:large, max-video-preview:-1\" \/>\n<link rel=\"canonical\" href=\"https:\/\/therifles.net\/it\/come-funzionano-le-app-di-collegamento-trovare-il-giusto-tipo-di-app-di-appuntamenti\/\" \/>\n<meta property=\"og:locale\" content=\"it_IT\" \/>\n<meta property=\"og:type\" content=\"article\" \/>\n<meta property=\"og:title\" content=\"Come funzionano le app di collegamento: trovare il giusto tipo di app di appuntamenti - Guida moderna ai collegamenti\" \/>\n<meta property=\"og:description\" content=\"Trovare i siti di collegamento casual perfetti per te \u00e8 facile. Tutto quello che devi sapere \u00e8 quali sono le\" \/>\n<meta property=\"og:url\" content=\"https:\/\/therifles.net\/it\/come-funzionano-le-app-di-collegamento-trovare-il-giusto-tipo-di-app-di-appuntamenti\/\" \/>\n<meta property=\"og:site_name\" content=\"Guida moderna ai collegamenti\" \/>\n<meta property=\"article:modified_time\" content=\"2022-09-08T14:50:42+00:00\" \/>\n<meta name=\"twitter:card\" content=\"summary_large_image\" \/>\n<meta name=\"twitter:image\" content=\"https:\/\/therifles.net\/wp-content\/uploads\/2022\/08\/sex-hookups.webp\" \/>\n<meta name=\"twitter:label1\" content=\"Tempo di lettura stimato\" \/>\n\t<meta name=\"twitter:data1\" content=\"3 minuti\" \/>\n<script type=\"application\/ld+json\" class=\"yoast-schema-graph\">{\"@context\":\"https:\/\/schema.org\",\"@graph\":[{\"@type\":\"WebSite\",\"@id\":\"https:\/\/therifles.net\/#website\",\"url\":\"https:\/\/therifles.net\/\",\"name\":\"Guida moderna ai collegamenti\",\"description\":\"Consulente personale\",\"potentialAction\":[{\"@type\":\"SearchAction\",\"target\":{\"@type\":\"EntryPoint\",\"urlTemplate\":\"https:\/\/therifles.net\/?s={search_term_string}\"},\"query-input\":\"required name=search_term_string\"}],\"inLanguage\":\"it-IT\"},{\"@type\":\"ImageObject\",\"@id\":\"https:\/\/therifles.net\/it\/come-funzionano-le-app-di-collegamento-trovare-il-giusto-tipo-di-app-di-appuntamenti\/#primaryimage\",\"inLanguage\":\"it-IT\",\"url\":\"https:\/\/therifles.net\/wp-content\/uploads\/2022\/08\/sex-hookups.webp\",\"contentUrl\":\"https:\/\/therifles.net\/wp-content\/uploads\/2022\/08\/sex-hookups.webp\",\"width\":1125,\"height\":750},{\"@type\":\"WebPage\",\"@id\":\"https:\/\/therifles.net\/it\/come-funzionano-le-app-di-collegamento-trovare-il-giusto-tipo-di-app-di-appuntamenti\/#webpage\",\"url\":\"https:\/\/therifles.net\/it\/come-funzionano-le-app-di-collegamento-trovare-il-giusto-tipo-di-app-di-appuntamenti\/\",\"name\":\"Come funzionano le app di collegamento: trovare il giusto tipo di app di appuntamenti - Guida moderna ai collegamenti\",\"isPartOf\":{\"@id\":\"https:\/\/therifles.net\/#website\"},\"primaryImageOfPage\":{\"@id\":\"https:\/\/therifles.net\/it\/come-funzionano-le-app-di-collegamento-trovare-il-giusto-tipo-di-app-di-appuntamenti\/#primaryimage\"},\"datePublished\":\"2022-08-05T12:38:51+00:00\",\"dateModified\":\"2022-09-08T14:50:42+00:00\",\"breadcrumb\":{\"@id\":\"https:\/\/therifles.net\/it\/come-funzionano-le-app-di-collegamento-trovare-il-giusto-tipo-di-app-di-appuntamenti\/#breadcrumb\"},\"inLanguage\":\"it-IT\",\"potentialAction\":[{\"@type\":\"ReadAction\",\"target\":[\"https:\/\/therifles.net\/it\/come-funzionano-le-app-di-collegamento-trovare-il-giusto-tipo-di-app-di-appuntamenti\/\"]}]},{\"@type\":\"BreadcrumbList\",\"@id\":\"https:\/\/therifles.net\/it\/come-funzionano-le-app-di-collegamento-trovare-il-giusto-tipo-di-app-di-appuntamenti\/#breadcrumb\",\"itemListElement\":[{\"@type\":\"ListItem\",\"position\":1,\"name\":\"Home\",\"item\":\"http:\/\/therifles.net\/it\/\"},{\"@type\":\"ListItem\",\"position\":2,\"name\":\"Come funzionano le app di collegamento: trovare il giusto tipo di app di appuntamenti\"}]}]}<\/script>\n<!-- \/ Yoast SEO plugin. -->","yoast_head_json":{"title":"Come funzionano le app di collegamento: trovare il giusto tipo di app di appuntamenti - Guida moderna ai collegamenti","robots":{"index":"index","follow":"follow","max-snippet":"max-snippet:-1","max-image-preview":"max-image-preview:large","max-video-preview":"max-video-preview:-1"},"canonical":"https:\/\/therifles.net\/it\/come-funzionano-le-app-di-collegamento-trovare-il-giusto-tipo-di-app-di-appuntamenti\/","og_locale":"it_IT","og_type":"article","og_title":"Come funzionano le app di collegamento: trovare il giusto tipo di app di appuntamenti - Guida moderna ai collegamenti","og_description":"Trovare i siti di collegamento casual perfetti per te \u00e8 facile. Tutto quello che devi sapere \u00e8 quali sono le","og_url":"https:\/\/therifles.net\/it\/come-funzionano-le-app-di-collegamento-trovare-il-giusto-tipo-di-app-di-appuntamenti\/","og_site_name":"Guida moderna ai collegamenti","article_modified_time":"2022-09-08T14:50:42+00:00","twitter_card":"summary_large_image","twitter_image":"https:\/\/therifles.net\/wp-content\/uploads\/2022\/08\/sex-hookups.webp","twitter_misc":{"Tempo di lettura stimato":"3 minuti"},"schema":{"@context":"https:\/\/schema.org","@graph":[{"@type":"WebSite","@id":"https:\/\/therifles.net\/#website","url":"https:\/\/therifles.net\/","name":"Guida moderna ai collegamenti","description":"Consulente personale","potentialAction":[{"@type":"SearchAction","target":{"@type":"EntryPoint","urlTemplate":"https:\/\/therifles.net\/?s={search_term_string}"},"query-input":"required name=search_term_string"}],"inLanguage":"it-IT"},{"@type":"ImageObject","@id":"https:\/\/therifles.net\/it\/come-funzionano-le-app-di-collegamento-trovare-il-giusto-tipo-di-app-di-appuntamenti\/#primaryimage","inLanguage":"it-IT","url":"https:\/\/therifles.net\/wp-content\/uploads\/2022\/08\/sex-hookups.webp","contentUrl":"https:\/\/therifles.net\/wp-content\/uploads\/2022\/08\/sex-hookups.webp","width":1125,"height":750},{"@type":"WebPage","@id":"https:\/\/therifles.net\/it\/come-funzionano-le-app-di-collegamento-trovare-il-giusto-tipo-di-app-di-appuntamenti\/#webpage","url":"https:\/\/therifles.net\/it\/come-funzionano-le-app-di-collegamento-trovare-il-giusto-tipo-di-app-di-appuntamenti\/","name":"Come funzionano le app di collegamento: trovare il giusto tipo di app di appuntamenti - Guida moderna ai collegamenti","isPartOf":{"@id":"https:\/\/therifles.net\/#website"},"primaryImageOfPage":{"@id":"https:\/\/therifles.net\/it\/come-funzionano-le-app-di-collegamento-trovare-il-giusto-tipo-di-app-di-appuntamenti\/#primaryimage"},"datePublished":"2022-08-05T12:38:51+00:00","dateModified":"2022-09-08T14:50:42+00:00","breadcrumb":{"@id":"https:\/\/therifles.net\/it\/come-funzionano-le-app-di-collegamento-trovare-il-giusto-tipo-di-app-di-appuntamenti\/#breadcrumb"},"inLanguage":"it-IT","potentialAction":[{"@type":"ReadAction","target":["https:\/\/therifles.net\/it\/come-funzionano-le-app-di-collegamento-trovare-il-giusto-tipo-di-app-di-appuntamenti\/"]}]},{"@type":"BreadcrumbList","@id":"https:\/\/therifles.net\/it\/come-funzionano-le-app-di-collegamento-trovare-il-giusto-tipo-di-app-di-appuntamenti\/#breadcrumb","itemListElement":[{"@type":"ListItem","position":1,"name":"Home","item":"http:\/\/therifles.net\/it\/"},{"@type":"ListItem","position":2,"name":"Come funzionano le app di collegamento: trovare il giusto tipo di app di appuntamenti"}]}]}},"_links":{"self":[{"href":"https:\/\/therifles.net\/it\/wp-json\/wp\/v2\/pages\/233"}],"collection":[{"href":"https:\/\/therifles.net\/it\/wp-json\/wp\/v2\/pages"}],"about":[{"href":"https:\/\/therifles.net\/it\/wp-json\/wp\/v2\/types\/page"}],"author":[{"embeddable":true,"href":"https:\/\/therifles.net\/it\/wp-json\/wp\/v2\/users\/1"}],"replies":[{"embeddable":true,"href":"https:\/\/therifles.net\/it\/wp-json\/wp\/v2\/comments?post=233"}],"version-history":[{"count":2,"href":"https:\/\/therifles.net\/it\/wp-json\/wp\/v2\/pages\/233\/revisions"}],"predecessor-version":[{"id":391,"href":"https:\/\/therifles.net\/it\/wp-json\/wp\/v2\/pages\/233\/revisions\/391"}],"wp:featuredmedia":[{"embeddable":true,"href":"https:\/\/therifles.net\/it\/wp-json\/wp\/v2\/media\/164"}],"wp:attachment":[{"href":"https:\/\/therifles.net\/it\/wp-json\/wp\/v2\/media?parent=233"}],"curies":[{"name":"wp","href":"https:\/\/api.w.org\/{rel}","templated":true}]}}