{"id":194,"date":"2022-08-05T13:45:29","date_gmt":"2022-08-05T12:45:29","guid":{"rendered":"http:\/\/therifles.net\/le-migliori-app-per-trovare-una-relazione-seria\/"},"modified":"2022-08-05T14:32:31","modified_gmt":"2022-08-05T13:32:31","slug":"le-migliori-app-per-trovare-una-relazione-seria","status":"publish","type":"page","link":"https:\/\/therifles.net\/it\/le-migliori-app-per-trovare-una-relazione-seria\/","title":{"rendered":"Le migliori app per trovare una relazione seria"},"content":{"rendered":"<p>Se stai cercando qualcosa di pi\u00f9 serio, abbiamo due dei migliori consigli per te proprio qui.<\/p>\n<p>Questi due siti sono i migliori se stai cercando una relazione a lungo termine, piuttosto che solo una <a href=\"http:\/\/therifles.net\/it\/?page_id=328\">fing casuale<\/a>. Se ti iscrivi a questi siti, tieni presente che sono entrambi gratuiti, tuttavia \u00e8 previsto un costo se desideri utilizzare le funzionalit\u00e0 premium.<\/p>\n<h3>Fiammifero<\/h3>\n<p>Match \u00e8 un sito di incontri online progettato specificamente per chi cerca l&#8217;amore. Che si tratti di una relazione a lungo termine o di qualcosa di casuale, Match offre un&#8217;esperienza unica che consente alle persone di trovare l&#8217;amore in base a ci\u00f2 che vogliono davvero dalla vita. Puoi anche configurare il tuo account per tenere traccia della tua attivit\u00e0. E se sei interessato a incontrare qualcun altro, puoi farlo anche tu. I membri possono creare gruppi di amici per aiutarsi a vicenda a trovare partner compatibili.<\/p>\n<p>Il sito \u00e8 gratuito per unirsi e sfogliare i profili, inviare messaggi e persino incontrare qualcuno di speciale. Se decidi di andare oltre, non c&#8217;\u00e8 alcun costo da pagare per vedere pi\u00f9 potenziali corrispondenze. Puoi utilizzare il modello di abbonamento premium del sito o optare per la versione gratuita. Se scegli di eseguire l&#8217;aggiornamento, riceverai accesso illimitato alle numerose funzionalit\u00e0 del sito, inclusa la possibilit\u00e0 di visualizzare un gran numero di corrispondenze. Ci sono anche molti modi per connettersi con altri membri. Ad esempio, puoi comunicare tramite SMS, e-mail, telefonate, chat video e persino andare in appuntamenti virtuali.<\/p>\n<p>Quindi, sia che tu stia cercando una relazione seria o solo un po &#8216;di divertimento, Match \u00e8 il punto di partenza.<\/p>\n<h3>OKCupid<\/h3>\n<p>OkCupid \u00e8 uno dei siti di incontri online pi\u00f9 popolari al mondo. Lanciato nel 2004, il sito vanta oltre 10 milioni di utenti giornalieri attivi. \u00c8 gratuito da usare, ma devi pagare $ 20 \/ mese per accedere a funzionalit\u00e0 premium come messaggi e corrispondenze illimitati.<\/p>\n<p>Il sito offre diversi modi per connettersi con le persone, tra cui <a href=\"http:\/\/therifles.net\/it\/?page_id=233\">profili di navigazione<\/a>, ricerca di amici, creazione di gruppi e chat con gli altri tramite testo, chiamate vocali, chat video e messaggistica istantanea. Puoi anche inviare regali a qualcuno che ti interessa. La messaggistica gratuita \u00e8 disponibile per tutti gli utenti. Se vuoi avviare un contatto con un altro membro, tocca la sua foto. Da l\u00ec, puoi scegliere di inviare un messaggio rapido, chiedere cosa stanno facendo o chattare su qualsiasi altra cosa che ti interessa.<\/p>\n<p>Puoi anche sfogliare le foto di altri utenti e leggere le loro biografie. In questo modo, puoi saperne di pi\u00f9 sulla persona prima di decidere se vuoi o meno iniziare a comunicare.<\/p>\n<h2>DOMANDE FREQUENTI<\/h2>\n<h3>Qual \u00e8 il miglior sito di incontri per trovare una ragazza?<\/h3>\n<p>Il modo migliore per trovare una ragazza \u00e8 attraverso siti di incontri online come Match.com, eHarmony, PlentyOfFish, Zoosk, OkCupid e Tinder. I siti di incontri online consentono agli utenti di cercare potenziali corrispondenze in base a et\u00e0, posizione, interessi, hobby, stato della relazione e altri criteri. La maggior parte dei siti di incontri online offre anche chat room in cui i membri possono incontrare nuove persone.<\/p>\n<h3>Quali sono i migliori siti di incontri gratuiti al 100% nel 2022?<\/h3>\n<p>Il miglior sito di incontri gratuiti al 100% nel 2022 \u00e8 Plenty Of Fish. Questo sito web ha milioni di utenti da tutto il mondo e stanno cercando l&#8217;amore proprio come te! Se vuoi incontrare nuove persone, allora POF \u00e8 sicuramente il posto giusto per iniziare.<\/p>\n<h3>Esiste un sito di incontri per single negli Stati Uniti?<\/h3>\n<p>S\u00ec, c&#8217;\u00e8 un sito di incontri chiamato Zoosk che \u00e8 stato specificamente progettato per uomini e donne single in cerca di amore a New York. Il servizio consente agli utenti di cercare tra i profili di altri membri in base all&#8217;et\u00e0, alla posizione, agli interessi e allo stato della relazione. Gli utenti possono anche inviarsi messaggi direttamente dal sito.<\/p>\n","protected":false},"excerpt":{"rendered":"<p>Se stai cercando qualcosa di pi\u00f9 serio, abbiamo due dei migliori consigli per te proprio qui. Questi due siti sono<\/p>\n","protected":false},"author":1,"featured_media":175,"parent":0,"menu_order":0,"comment_status":"closed","ping_status":"closed","template":"","meta":[],"yoast_head":"<!-- This site is optimized with the Yoast SEO plugin v17.7.1 - https:\/\/yoast.com\/wordpress\/plugins\/seo\/ -->\n<title>Le migliori app per trovare una relazione seria - Guida moderna ai collegamenti<\/title>\n<meta name=\"robots\" content=\"index, follow, max-snippet:-1, max-image-preview:large, max-video-preview:-1\" \/>\n<link rel=\"canonical\" href=\"https:\/\/therifles.net\/it\/le-migliori-app-per-trovare-una-relazione-seria\/\" \/>\n<meta property=\"og:locale\" content=\"it_IT\" \/>\n<meta property=\"og:type\" content=\"article\" \/>\n<meta property=\"og:title\" content=\"Le migliori app per trovare una relazione seria - Guida moderna ai collegamenti\" \/>\n<meta property=\"og:description\" content=\"Se stai cercando qualcosa di pi\u00f9 serio, abbiamo due dei migliori consigli per te proprio qui. Questi due siti sono\" \/>\n<meta property=\"og:url\" content=\"https:\/\/therifles.net\/it\/le-migliori-app-per-trovare-una-relazione-seria\/\" \/>\n<meta property=\"og:site_name\" content=\"Guida moderna ai collegamenti\" \/>\n<meta property=\"article:modified_time\" content=\"2022-08-05T13:32:31+00:00\" \/>\n<meta property=\"og:image\" content=\"https:\/\/therifles.net\/wp-content\/uploads\/2022\/08\/real-dating.jpeg\" \/>\n\t<meta property=\"og:image:width\" content=\"1125\" \/>\n\t<meta property=\"og:image:height\" content=\"750\" \/>\n<meta name=\"twitter:card\" content=\"summary_large_image\" \/>\n<meta name=\"twitter:label1\" content=\"Tempo di lettura stimato\" \/>\n\t<meta name=\"twitter:data1\" content=\"3 minuti\" \/>\n<script type=\"application\/ld+json\" class=\"yoast-schema-graph\">{\"@context\":\"https:\/\/schema.org\",\"@graph\":[{\"@type\":\"WebSite\",\"@id\":\"http:\/\/therifles.net\/#website\",\"url\":\"http:\/\/therifles.net\/\",\"name\":\"Guida moderna ai collegamenti\",\"description\":\"Consulente personale\",\"potentialAction\":[{\"@type\":\"SearchAction\",\"target\":{\"@type\":\"EntryPoint\",\"urlTemplate\":\"http:\/\/therifles.net\/?s={search_term_string}\"},\"query-input\":\"required name=search_term_string\"}],\"inLanguage\":\"it-IT\"},{\"@type\":\"ImageObject\",\"@id\":\"https:\/\/therifles.net\/it\/le-migliori-app-per-trovare-una-relazione-seria\/#primaryimage\",\"inLanguage\":\"it-IT\",\"url\":\"https:\/\/therifles.net\/wp-content\/uploads\/2022\/08\/real-dating.jpeg\",\"contentUrl\":\"https:\/\/therifles.net\/wp-content\/uploads\/2022\/08\/real-dating.jpeg\",\"width\":1125,\"height\":750},{\"@type\":\"WebPage\",\"@id\":\"https:\/\/therifles.net\/it\/le-migliori-app-per-trovare-una-relazione-seria\/#webpage\",\"url\":\"https:\/\/therifles.net\/it\/le-migliori-app-per-trovare-una-relazione-seria\/\",\"name\":\"Le migliori app per trovare una relazione seria - Guida moderna ai collegamenti\",\"isPartOf\":{\"@id\":\"http:\/\/therifles.net\/#website\"},\"primaryImageOfPage\":{\"@id\":\"https:\/\/therifles.net\/it\/le-migliori-app-per-trovare-una-relazione-seria\/#primaryimage\"},\"datePublished\":\"2022-08-05T12:45:29+00:00\",\"dateModified\":\"2022-08-05T13:32:31+00:00\",\"breadcrumb\":{\"@id\":\"https:\/\/therifles.net\/it\/le-migliori-app-per-trovare-una-relazione-seria\/#breadcrumb\"},\"inLanguage\":\"it-IT\",\"potentialAction\":[{\"@type\":\"ReadAction\",\"target\":[\"https:\/\/therifles.net\/it\/le-migliori-app-per-trovare-una-relazione-seria\/\"]}]},{\"@type\":\"BreadcrumbList\",\"@id\":\"https:\/\/therifles.net\/it\/le-migliori-app-per-trovare-una-relazione-seria\/#breadcrumb\",\"itemListElement\":[{\"@type\":\"ListItem\",\"position\":1,\"name\":\"Home\",\"item\":\"https:\/\/therifles.net\/it\/\"},{\"@type\":\"ListItem\",\"position\":2,\"name\":\"Le migliori app per trovare una relazione seria\"}]}]}<\/script>\n<!-- \/ Yoast SEO plugin. -->","yoast_head_json":{"title":"Le migliori app per trovare una relazione seria - Guida moderna ai collegamenti","robots":{"index":"index","follow":"follow","max-snippet":"max-snippet:-1","max-image-preview":"max-image-preview:large","max-video-preview":"max-video-preview:-1"},"canonical":"https:\/\/therifles.net\/it\/le-migliori-app-per-trovare-una-relazione-seria\/","og_locale":"it_IT","og_type":"article","og_title":"Le migliori app per trovare una relazione seria - Guida moderna ai collegamenti","og_description":"Se stai cercando qualcosa di pi\u00f9 serio, abbiamo due dei migliori consigli per te proprio qui. Questi due siti sono","og_url":"https:\/\/therifles.net\/it\/le-migliori-app-per-trovare-una-relazione-seria\/","og_site_name":"Guida moderna ai collegamenti","article_modified_time":"2022-08-05T13:32:31+00:00","og_image":[{"width":1125,"height":750,"url":"https:\/\/therifles.net\/wp-content\/uploads\/2022\/08\/real-dating.jpeg","type":"image\/jpeg"}],"twitter_card":"summary_large_image","twitter_misc":{"Tempo di lettura stimato":"3 minuti"},"schema":{"@context":"https:\/\/schema.org","@graph":[{"@type":"WebSite","@id":"http:\/\/therifles.net\/#website","url":"http:\/\/therifles.net\/","name":"Guida moderna ai collegamenti","description":"Consulente personale","potentialAction":[{"@type":"SearchAction","target":{"@type":"EntryPoint","urlTemplate":"http:\/\/therifles.net\/?s={search_term_string}"},"query-input":"required name=search_term_string"}],"inLanguage":"it-IT"},{"@type":"ImageObject","@id":"https:\/\/therifles.net\/it\/le-migliori-app-per-trovare-una-relazione-seria\/#primaryimage","inLanguage":"it-IT","url":"https:\/\/therifles.net\/wp-content\/uploads\/2022\/08\/real-dating.jpeg","contentUrl":"https:\/\/therifles.net\/wp-content\/uploads\/2022\/08\/real-dating.jpeg","width":1125,"height":750},{"@type":"WebPage","@id":"https:\/\/therifles.net\/it\/le-migliori-app-per-trovare-una-relazione-seria\/#webpage","url":"https:\/\/therifles.net\/it\/le-migliori-app-per-trovare-una-relazione-seria\/","name":"Le migliori app per trovare una relazione seria - Guida moderna ai collegamenti","isPartOf":{"@id":"http:\/\/therifles.net\/#website"},"primaryImageOfPage":{"@id":"https:\/\/therifles.net\/it\/le-migliori-app-per-trovare-una-relazione-seria\/#primaryimage"},"datePublished":"2022-08-05T12:45:29+00:00","dateModified":"2022-08-05T13:32:31+00:00","breadcrumb":{"@id":"https:\/\/therifles.net\/it\/le-migliori-app-per-trovare-una-relazione-seria\/#breadcrumb"},"inLanguage":"it-IT","potentialAction":[{"@type":"ReadAction","target":["https:\/\/therifles.net\/it\/le-migliori-app-per-trovare-una-relazione-seria\/"]}]},{"@type":"BreadcrumbList","@id":"https:\/\/therifles.net\/it\/le-migliori-app-per-trovare-una-relazione-seria\/#breadcrumb","itemListElement":[{"@type":"ListItem","position":1,"name":"Home","item":"https:\/\/therifles.net\/it\/"},{"@type":"ListItem","position":2,"name":"Le migliori app per trovare una relazione seria"}]}]}},"_links":{"self":[{"href":"https:\/\/therifles.net\/it\/wp-json\/wp\/v2\/pages\/194"}],"collection":[{"href":"https:\/\/therifles.net\/it\/wp-json\/wp\/v2\/pages"}],"about":[{"href":"https:\/\/therifles.net\/it\/wp-json\/wp\/v2\/types\/page"}],"author":[{"embeddable":true,"href":"https:\/\/therifles.net\/it\/wp-json\/wp\/v2\/users\/1"}],"replies":[{"embeddable":true,"href":"https:\/\/therifles.net\/it\/wp-json\/wp\/v2\/comments?post=194"}],"version-history":[{"count":1,"href":"https:\/\/therifles.net\/it\/wp-json\/wp\/v2\/pages\/194\/revisions"}],"predecessor-version":[{"id":197,"href":"https:\/\/therifles.net\/it\/wp-json\/wp\/v2\/pages\/194\/revisions\/197"}],"wp:featuredmedia":[{"embeddable":true,"href":"https:\/\/therifles.net\/it\/wp-json\/wp\/v2\/media\/175"}],"wp:attachment":[{"href":"https:\/\/therifles.net\/it\/wp-json\/wp\/v2\/media?parent=194"}],"curies":[{"name":"wp","href":"https:\/\/api.w.org\/{rel}","templated":true}]}}