{"id":360,"date":"2022-08-05T11:21:13","date_gmt":"2022-08-05T10:21:13","guid":{"rendered":"http:\/\/therifles.net\/de-vraies-applications-de-rencontres-pour-les-celibataires-qui-veulent-de-lamour\/"},"modified":"2022-08-15T13:36:11","modified_gmt":"2022-08-15T12:36:11","slug":"de-vraies-applications-de-rencontres-pour-les-celibataires-qui-veulent-de-lamour","status":"publish","type":"page","link":"https:\/\/therifles.net\/fr\/","title":{"rendered":"De vraies applications de rencontres pour les c\u00e9libataires qui veulent de l\u2019amour"},"content":{"rendered":"<p>Vous avez du mal \u00e0 trouver l\u2019amour ou des femmes partageant les m\u00eames id\u00e9es?<\/p>\n<p>Vous pourriez penser que trouver l\u2019amour est assez difficile sans avoir \u00e0 le chercher en ligne. Mais les sites de rencontres pour adultes facilitent les choses car vous pouvez filtrer les membres en fonction de l\u2019\u00e2ge, du sexe, de l\u2019emplacement, des int\u00e9r\u00eats, de l\u2019origine ethnique, de la religion, du type de corps, de l\u2019orientation sexuelle, des choix de mode de vie <a href=\"https:\/\/www.rencontresexuelle.net\/tchat-sexe-gratuit\/\">chat sexe gratuit<\/a>, du statut de la relation, etc. Vous n\u2019avez m\u00eame pas besoin de sortir et de les trouver. Tout ce que vous avez \u00e0 faire est de vous inscrire en ligne. Une fois que vous avez fait cela, vous serez en mesure de parcourir les profils et d\u2019envoyer des messages \u00e0 des correspondances potentielles.<\/p>\n<p>La meilleure partie des applications de rencontres pour adultes est que vous \u00eates libre de vous exprimer. Il n\u2019y a pas de r\u00e8gles ou de r\u00e8glements &#8211; juste des gens \u00e0 la recherche de l\u2019amour. Et comme rien ne vous emp\u00eache d\u2019\u00eatre honn\u00eate, ouvert et transparent, vous pouvez dire exactement ce que vous attendez d\u2019un partenaire.<\/p>\n<p><img loading=\"lazy\" class=\"aligncenter wp-image-35\" src=\"http:\/\/therifles.net\/wp-content\/uploads\/2022\/08\/tinder-app-1024x683.jpeg\" alt=\"\" width=\"633\" height=\"422\" srcset=\"https:\/\/therifles.net\/wp-content\/uploads\/2022\/08\/tinder-app-1024x683.jpeg 1024w, https:\/\/therifles.net\/wp-content\/uploads\/2022\/08\/tinder-app-300x200.jpeg 300w, https:\/\/therifles.net\/wp-content\/uploads\/2022\/08\/tinder-app-768x512.jpeg 768w, https:\/\/therifles.net\/wp-content\/uploads\/2022\/08\/tinder-app-120x80.jpeg 120w, https:\/\/therifles.net\/wp-content\/uploads\/2022\/08\/tinder-app.jpeg 1125w\" sizes=\"(max-width: 633px) 100vw, 633px\" \/><\/p>\n<h2>Notre mission<\/h2>\n<p>Nous sommes un site d\u2019examen de rencontres en ligne o\u00f9 vous n\u2019avez pas \u00e0 fournir votre vrai nom, votre adresse e-mail ou m\u00eame votre num\u00e9ro de carte de cr\u00e9dit. Vous pouvez parcourir les profils, envoyer des messages, afficher des photos et des vid\u00e9os et m\u00eame vous faire des amis sur notre site s\u00fbr et s\u00e9curis\u00e9.<\/p>\n<p>Si vous recherchez l\u2019amour, la romance, l\u2019amiti\u00e9 ou le sexe, vous \u00eates au bon endroit. Nous offrons une exp\u00e9rience compl\u00e8tement anonyme o\u00f9 personne ne sait rien de vous afin que vous puissiez rejoindre les meilleures applications de connexion pour trouver l\u2019amour et plus encore. L\u2019inscription prend moins de 5 minutes et vous pouvez vous inscrire imm\u00e9diatement.<\/p>\n<p>Il y a des milliers d\u2019adultes qui utilisent d\u00e9j\u00e0 notre site pour trouver l\u2019amour et beaucoup de ces personnes recherchent des rencontres occasionnelles. Si vous \u00eates int\u00e9ress\u00e9 \u00e0 trouver quelqu\u2019un de sp\u00e9cial, pourquoi ne pas essayer ces sites aujourd\u2019hui?<\/p>\n<h2>Nos 4 meilleurs choix<\/h2>\n<h3>Bumble<\/h3>\n<p>Bumble est similaire \u00e0 Tinder, sauf que les hommes n\u2019ont pas besoin d\u2019initier le contact. Les femmes le font. Si une femme veut correspondre avec un homme, elle doit lui envoyer une demande. Elle n\u2019a pas besoin d\u2019attendre qu\u2019il lui tende la main. Au lieu de cela, elle peut simplement glisser vers la gauche s\u2019il n\u2019est pas int\u00e9ress\u00e9 ou glisser vers la droite s\u2019il l\u2019est.<\/p>\n<p>En plus des rencontres occasionnelles, Bumble peut \u00e9galement \u00eatre utilis\u00e9 pour trouver une relation s\u00e9rieuse un <a href=\"http:\/\/www.site-de-rencontre-sexe.com\/petites-annonces-gratuites-rencontres\/\">rencontre sexe local<\/a>. Apr\u00e8s avoir cr\u00e9\u00e9 un profil, on peut \u00e9crire sur soi-m\u00eame et inclure des choses telles que des passe-temps, des objectifs de carri\u00e8re, etc. Ils peuvent \u00e9galement \u00e9crire quelque chose sur leur partenaire id\u00e9al, y compris les traits physiques, la personnalit\u00e9, etc.<\/p>\n<h3>Kasual<\/h3>\n<p>Kasual est une application de <a href=\"https:\/\/www.free-adult-cams.com\/fr\/cam2cam-gratuit\/\">cam2cam<\/a> gratuite qui facilite la recherche de l\u2019amour. Les gens essaient de trouver quelqu\u2019un de sp\u00e9cial, et ils cherchent des moyens de le faire anonymement. L\u2019application fonctionne comme Tinder, o\u00f9 vous balayez vers la gauche si vous n\u2019aimez pas ce que vous voyez, ou vers la droite si vous le faites. Mais contrairement \u00e0 Tinder, il n\u2019y a aucun moyen d\u2019envoyer des messages aux autres. Au lieu de cela, vous faites simplement glisser votre doigt vers la droite si vous pensez que vous vous en sortiriez avec une autre personne. Vous pouvez flouter votre visage et ajouter quelques emojis pour vous faire para\u00eetre mignon. Et comme l\u2019application ne collecte aucune donn\u00e9e, elle n\u2019appara\u00eetra pas dans les recherches.<\/p>\n<h3>Soyez m\u00e9chant<\/h3>\n<p>BeNaughty est une application de jumelage en ligne qui vous permet de rencontrer des gens en fonction de l\u2019emplacement et des int\u00e9r\u00eats. Il est gratuit \u00e0 t\u00e9l\u00e9charger et \u00e0 utiliser, mais il n\u00e9cessite un effort minimal de votre part. Vous ne voulez pas \u00eatre l\u2019une de ces personnes qui pensent que s\u2019inscrire \u00e0 un site de rencontre en ligne est trop de travail. Alors, qu\u2019attendez-vous? T\u00e9l\u00e9chargez BeNaughty maintenant et voyez comment cela fonctionne.<\/p>\n<h3>Amadou<\/h3>\n<p>Tinder est l\u2019application de rencontres la plus c\u00e9l\u00e8bre au monde, et ce n\u2019est pas \u00e9tonnant. C\u2019est gratuit, facile \u00e0 utiliser et encore plus facile \u00e0 oublier une fois que vous rencontrez quelqu\u2019un. Si vous voulez vous connecter avec quelqu\u2019un, faites simplement glisser votre doigt vers la gauche ou la droite sur chaque personne de votre r\u00e9gion. Et si vous ne voyez personne d\u2019int\u00e9ressant, il y en a beaucoup d\u2019autres qui vous attendent. Tinder n\u2019est pas parfait, mais cela vaut vraiment la peine d\u2019\u00eatre v\u00e9rifi\u00e9.<\/p>\n<p><img loading=\"lazy\" class=\"aligncenter wp-image-36\" src=\"http:\/\/therifles.net\/wp-content\/uploads\/2022\/08\/bench-dating.jpeg\" alt=\"\" width=\"580\" height=\"435\" srcset=\"https:\/\/therifles.net\/wp-content\/uploads\/2022\/08\/bench-dating.jpeg 1000w, https:\/\/therifles.net\/wp-content\/uploads\/2022\/08\/bench-dating-300x225.jpeg 300w, https:\/\/therifles.net\/wp-content\/uploads\/2022\/08\/bench-dating-768x576.jpeg 768w, https:\/\/therifles.net\/wp-content\/uploads\/2022\/08\/bench-dating-880x660.jpeg 880w\" sizes=\"(max-width: 580px) 100vw, 580px\" \/><\/p>\n<h2>Tirer le meilleur parti des applications de rencontres<\/h2>\n<p>Nous comprenons \u00e0 quel point il peut \u00eatre frustrant d\u2019essayer de trouver quelqu\u2019un de compatible. Nous avons donc construit nos critiques pour vous aider \u00e0 vous connecter avec d\u2019autres personnes sur des sites de rencontres en fonction de vos pr\u00e9f\u00e9rences personnelles. Vous n\u2019avez pas \u00e0 vous soucier de rester coinc\u00e9 avec une date qui ne correspond pas \u00e0 votre style de vie. Et vous saurez toujours \u00e0 quoi vous attendre car nous nous assurons que chaque profil correspond \u00e0 vos attentes.<\/p>\n<p>Qu\u2019il s\u2019agisse de relations sexuelles occasionnelles ou de relations s\u00e9rieuses, il existe de nombreuses occasions de rencontrer quelqu\u2019un de sp\u00e9cial. Mais trouver la meilleure fa\u00e7on de se connecter avec les gens peut \u00eatre difficile. Si vous voulez commencer \u00e0 rencontrer des adultes partageant les m\u00eames id\u00e9es et partageant des int\u00e9r\u00eats similaires.<\/p>\n<p>1. Soyez vous-m\u00eame &#8211; N\u2019essayez pas de faire semblant d\u2019\u00eatre quelqu\u2019un d\u2019autre. Si vous \u00eates \u00e0 la recherche d\u2019une relation s\u00e9rieuse, ne rejoignez pas un site o\u00f9 tout le monde s\u2019amuse. Les gens veulent savoir ce qui vous fait vibrer. Alors, parlez-nous de vous. Dites-nous ce que vous aimez faire, combien d\u2019argent vous gagnez, passe-temps, etc. Cela nous aide \u00e0 vous mettre en relation avec d\u2019autres personnes qui partagent des traits similaires. Nous vous aiderons \u00e0 trouver quelqu\u2019un qui partage vos valeurs et votre personnalit\u00e9.<\/p>\n<p>2. Faites correspondre votre profil avec ce que vous voulez chez un partenaire &#8211; Pensez aux qualit\u00e9s que vous voulez chez un partenaire.<\/p>\n<ul>\n<li>Est-il dr\u00f4le ?<\/li>\n<li>Intelligent?<\/li>\n<li>Athl\u00e9tique?<\/li>\n<li>Aime-t-il passer du temps \u00e0 l\u2019ext\u00e9rieur?<\/li>\n<\/ul>\n<p>Ces choses peuvent vous aider \u00e0 affiner le champ des correspondances potentielles. Par exemple, si vous ne voulez pas quelqu\u2019un qui aime le sport, vous ne verrez personne qui joue au basket-ball sur des sites comme eHarmony.com. Ou, si vous voulez quelqu\u2019un qui aime tra\u00eener.<\/p>\n<h3>LGBT+ Inclusif<\/h3>\n<p>Le monde des rencontres en ligne est vaste. Avec des centaines de sites, en trouver un qui r\u00e9pond \u00e0 vos besoins est plus facile \u00e0 dire qu\u2019\u00e0 faire. Cependant, si vous recherchez quelque chose de sp\u00e9cifique, nous avons compil\u00e9 une liste compl\u00e8te de cat\u00e9gories qui couvrent tout le spectre de l\u2019orientation sexuelle, y compris les h\u00e9t\u00e9rosexuels, les gays, les bi, les trans et tout le reste.<\/p>\n","protected":false},"excerpt":{"rendered":"<p>Vous avez du mal \u00e0 trouver l\u2019amour ou des femmes partageant les m\u00eames id\u00e9es? Vous pourriez penser que trouver l\u2019amour<\/p>\n","protected":false},"author":1,"featured_media":0,"parent":0,"menu_order":0,"comment_status":"closed","ping_status":"closed","template":"","meta":[],"yoast_head":"<!-- This site is optimized with the Yoast SEO plugin v17.7.1 - https:\/\/yoast.com\/wordpress\/plugins\/seo\/ -->\n<title>De vraies applications de rencontres pour les c\u00e9libataires qui veulent de l\u2019amour - Guide de connexion moderne<\/title>\n<meta name=\"robots\" content=\"index, follow, max-snippet:-1, max-image-preview:large, max-video-preview:-1\" \/>\n<link rel=\"canonical\" href=\"https:\/\/therifles.net\/fr\/\" \/>\n<meta property=\"og:locale\" content=\"fr_FR\" \/>\n<meta property=\"og:type\" content=\"article\" \/>\n<meta property=\"og:title\" content=\"De vraies applications de rencontres pour les c\u00e9libataires qui veulent de l\u2019amour - Guide de connexion moderne\" \/>\n<meta property=\"og:description\" content=\"Vous avez du mal \u00e0 trouver l\u2019amour ou des femmes partageant les m\u00eames id\u00e9es? Vous pourriez penser que trouver l\u2019amour\" \/>\n<meta property=\"og:url\" content=\"https:\/\/therifles.net\/fr\/\" \/>\n<meta property=\"og:site_name\" content=\"Guide de connexion moderne\" \/>\n<meta property=\"article:modified_time\" content=\"2022-08-15T12:36:11+00:00\" \/>\n<meta property=\"og:image\" content=\"http:\/\/therifles.net\/wp-content\/uploads\/2022\/08\/tinder-app-1024x683.jpeg\" \/>\n<meta name=\"twitter:card\" content=\"summary_large_image\" \/>\n<meta name=\"twitter:label1\" content=\"Dur\u00e9e de lecture estim\u00e9e\" \/>\n\t<meta name=\"twitter:data1\" content=\"6 minutes\" \/>\n<script type=\"application\/ld+json\" class=\"yoast-schema-graph\">{\"@context\":\"https:\/\/schema.org\",\"@graph\":[{\"@type\":\"WebSite\",\"@id\":\"https:\/\/therifles.net\/#website\",\"url\":\"https:\/\/therifles.net\/\",\"name\":\"Guide de connexion moderne\",\"description\":\"Conseiller personnel\",\"potentialAction\":[{\"@type\":\"SearchAction\",\"target\":{\"@type\":\"EntryPoint\",\"urlTemplate\":\"https:\/\/therifles.net\/?s={search_term_string}\"},\"query-input\":\"required name=search_term_string\"}],\"inLanguage\":\"fr-FR\"},{\"@type\":\"ImageObject\",\"@id\":\"https:\/\/therifles.net\/fr\/#primaryimage\",\"inLanguage\":\"fr-FR\",\"url\":\"http:\/\/therifles.net\/wp-content\/uploads\/2022\/08\/tinder-app-1024x683.jpeg\",\"contentUrl\":\"http:\/\/therifles.net\/wp-content\/uploads\/2022\/08\/tinder-app-1024x683.jpeg\"},{\"@type\":\"WebPage\",\"@id\":\"https:\/\/therifles.net\/fr\/#webpage\",\"url\":\"https:\/\/therifles.net\/fr\/\",\"name\":\"De vraies applications de rencontres pour les c\\u00e9libataires qui veulent de l\\u2019amour - Guide de connexion moderne\",\"isPartOf\":{\"@id\":\"https:\/\/therifles.net\/#website\"},\"primaryImageOfPage\":{\"@id\":\"https:\/\/therifles.net\/fr\/#primaryimage\"},\"datePublished\":\"2022-08-05T10:21:13+00:00\",\"dateModified\":\"2022-08-15T12:36:11+00:00\",\"breadcrumb\":{\"@id\":\"https:\/\/therifles.net\/fr\/#breadcrumb\"},\"inLanguage\":\"fr-FR\",\"potentialAction\":[{\"@type\":\"ReadAction\",\"target\":[\"https:\/\/therifles.net\/fr\/\"]}]},{\"@type\":\"BreadcrumbList\",\"@id\":\"https:\/\/therifles.net\/fr\/#breadcrumb\",\"itemListElement\":[{\"@type\":\"ListItem\",\"position\":1,\"name\":\"Home\",\"item\":\"https:\/\/therifles.net\/fr\/\"},{\"@type\":\"ListItem\",\"position\":2,\"name\":\"De vraies applications de rencontres pour les c\\u00e9libataires qui veulent de l\\u2019amour\"}]}]}<\/script>\n<!-- \/ Yoast SEO plugin. -->","yoast_head_json":{"title":"De vraies applications de rencontres pour les c\u00e9libataires qui veulent de l\u2019amour - Guide de connexion moderne","robots":{"index":"index","follow":"follow","max-snippet":"max-snippet:-1","max-image-preview":"max-image-preview:large","max-video-preview":"max-video-preview:-1"},"canonical":"https:\/\/therifles.net\/fr\/","og_locale":"fr_FR","og_type":"article","og_title":"De vraies applications de rencontres pour les c\u00e9libataires qui veulent de l\u2019amour - Guide de connexion moderne","og_description":"Vous avez du mal \u00e0 trouver l\u2019amour ou des femmes partageant les m\u00eames id\u00e9es? Vous pourriez penser que trouver l\u2019amour","og_url":"https:\/\/therifles.net\/fr\/","og_site_name":"Guide de connexion moderne","article_modified_time":"2022-08-15T12:36:11+00:00","og_image":[{"url":"http:\/\/therifles.net\/wp-content\/uploads\/2022\/08\/tinder-app-1024x683.jpeg"}],"twitter_card":"summary_large_image","twitter_misc":{"Dur\u00e9e de lecture estim\u00e9e":"6 minutes"},"schema":{"@context":"https:\/\/schema.org","@graph":[{"@type":"WebSite","@id":"https:\/\/therifles.net\/#website","url":"https:\/\/therifles.net\/","name":"Guide de connexion moderne","description":"Conseiller personnel","potentialAction":[{"@type":"SearchAction","target":{"@type":"EntryPoint","urlTemplate":"https:\/\/therifles.net\/?s={search_term_string}"},"query-input":"required name=search_term_string"}],"inLanguage":"fr-FR"},{"@type":"ImageObject","@id":"https:\/\/therifles.net\/fr\/#primaryimage","inLanguage":"fr-FR","url":"http:\/\/therifles.net\/wp-content\/uploads\/2022\/08\/tinder-app-1024x683.jpeg","contentUrl":"http:\/\/therifles.net\/wp-content\/uploads\/2022\/08\/tinder-app-1024x683.jpeg"},{"@type":"WebPage","@id":"https:\/\/therifles.net\/fr\/#webpage","url":"https:\/\/therifles.net\/fr\/","name":"De vraies applications de rencontres pour les c\u00e9libataires qui veulent de l\u2019amour - Guide de connexion moderne","isPartOf":{"@id":"https:\/\/therifles.net\/#website"},"primaryImageOfPage":{"@id":"https:\/\/therifles.net\/fr\/#primaryimage"},"datePublished":"2022-08-05T10:21:13+00:00","dateModified":"2022-08-15T12:36:11+00:00","breadcrumb":{"@id":"https:\/\/therifles.net\/fr\/#breadcrumb"},"inLanguage":"fr-FR","potentialAction":[{"@type":"ReadAction","target":["https:\/\/therifles.net\/fr\/"]}]},{"@type":"BreadcrumbList","@id":"https:\/\/therifles.net\/fr\/#breadcrumb","itemListElement":[{"@type":"ListItem","position":1,"name":"Home","item":"https:\/\/therifles.net\/fr\/"},{"@type":"ListItem","position":2,"name":"De vraies applications de rencontres pour les c\u00e9libataires qui veulent de l\u2019amour"}]}]}},"_links":{"self":[{"href":"https:\/\/therifles.net\/fr\/wp-json\/wp\/v2\/pages\/360"}],"collection":[{"href":"https:\/\/therifles.net\/fr\/wp-json\/wp\/v2\/pages"}],"about":[{"href":"https:\/\/therifles.net\/fr\/wp-json\/wp\/v2\/types\/page"}],"author":[{"embeddable":true,"href":"https:\/\/therifles.net\/fr\/wp-json\/wp\/v2\/users\/1"}],"replies":[{"embeddable":true,"href":"https:\/\/therifles.net\/fr\/wp-json\/wp\/v2\/comments?post=360"}],"version-history":[{"count":3,"href":"https:\/\/therifles.net\/fr\/wp-json\/wp\/v2\/pages\/360\/revisions"}],"predecessor-version":[{"id":380,"href":"https:\/\/therifles.net\/fr\/wp-json\/wp\/v2\/pages\/360\/revisions\/380"}],"wp:attachment":[{"href":"https:\/\/therifles.net\/fr\/wp-json\/wp\/v2\/media?parent=360"}],"curies":[{"name":"wp","href":"https:\/\/api.w.org\/{rel}","templated":true}]}}