{"id":322,"date":"2022-08-05T13:12:16","date_gmt":"2022-08-05T12:12:16","guid":{"rendered":"http:\/\/therifles.net\/les-rencontres-en-ligne-sont-elles-ce-dont-vous-avez-besoin\/"},"modified":"2022-08-05T14:32:47","modified_gmt":"2022-08-05T13:32:47","slug":"les-rencontres-en-ligne-sont-elles-ce-dont-vous-avez-besoin","status":"publish","type":"page","link":"https:\/\/therifles.net\/fr\/les-rencontres-en-ligne-sont-elles-ce-dont-vous-avez-besoin\/","title":{"rendered":"Les rencontres en ligne sont-elles ce dont vous avez besoin?"},"content":{"rendered":"<p>L\u2019id\u00e9e que vous puissiez trouver \u00ab&nbsp;celui&nbsp;\u00bb assis seul devant votre \u00e9cran d\u2019ordinateur peut sembler sortir d\u2019un film, mais selon un r\u00e9cent sondage men\u00e9 par, environ la moiti\u00e9 des Am\u00e9ricains disent qu\u2019ils ont fait exactement cela.<\/p>\n<p>En fait, les chercheurs ont constat\u00e9 que les personnes qui utilisent des sites <a href=\"http:\/\/therifles.net\/texting-with-your-partner\/\">de rencontres en ligne<\/a> ont tendance \u00e0 \u00eatre plus \u00e2g\u00e9es et plus riches que celles qui ne le font pas, et que les personnes qui sortent en ligne sont beaucoup plus susceptibles de finir par se marier.<\/p>\n<p>Si vous avez pens\u00e9 \u00e0 essayer les rencontres en ligne, voici quelques raisons pour lesquelles vous ne devriez pas payer pour rejoindre un site pour le moment.<\/p>\n<h2>Vous passerez \u00e0 c\u00f4t\u00e9 de grands rendez-vous<\/h2>\n<p>Il existe de nombreux sites de rencontres gratuits, et bien qu\u2019ils ne soient pas toujours la meilleure option, ils constituent g\u00e9n\u00e9ralement un bon point de d\u00e9part. Si vous recherchez quelque chose de sp\u00e9cial, cependant, vous voudrez peut-\u00eatre envisager de payer pour un abonnement premium. De cette fa\u00e7on, vous n\u2019aurez pas \u00e0 vous soucier d\u2019\u00eatre jumel\u00e9 avec quelqu\u2019un qui ne r\u00e9pond pas \u00e0 vos normes.<\/p>\n<h2>Vous perdrez moins de temps<\/h2>\n<p>Lorsque vous utilisez un service payant, vous serez en mesure de filtrer vos correspondances potentielles en fonction de facteurs tels que l\u2019emplacement, la tranche d\u2019\u00e2ge, le statut de la relation et m\u00eame les passe-temps. Cela facilite la recherche de quelqu\u2019un qui partage des int\u00e9r\u00eats similaires. Et parce que vous pouvez parcourir les profils gratuitement, vous ne passerez pas des heures \u00e0 glisser vers la gauche et la droite.<\/p>\n<h2>Vous \u00e9conomiserez de l\u2019argent<\/h2>\n<p>Vous connaissez ces frais d\u2019abonnement mensuels co\u00fbteux? Ils s\u2019additionnent rapidement. Un service gratuit est souvent moins cher, surtout si vous vous inscrivez \u00e0 plusieurs comptes. Par exemple, Match.com propose trois plans diff\u00e9rents: 9,99 $ par mois pour l\u2019acc\u00e8s de base; 19,95 $ par mois pour une messagerie illimit\u00e9e; et 29,95 $ par mois pour les fonctionnalit\u00e9s premium comme le chat vid\u00e9o.<\/p>\n<h2>Choix populaire \u00e0 essayer pour le sexe occasionnel &#8211; Ashely Madison<\/h2>\n<p>Ashley Madison est si populaire que beaucoup de gens le savent. Ce site de rencontres et d\u2019affaires en ligne est actif depuis 2002 et propose des abonnements payants pour ceux qui recherchent quelque chose de s\u00e9rieux. Cependant, m\u00eame les utilisateurs occasionnels sont en mesure de trouver quelqu\u2019un de sp\u00e9cial sur le site. Avec plus de 20 millions de membres enregistr\u00e9s dans le monde, il existe de nombreuses occasions de rencontrer quelqu\u2019un que vous voulez fr\u00e9quenter.<\/p>\n<p>Le site est principalement ax\u00e9 sur l\u2019aide aux personnes mari\u00e9es qui trichent, mais il est \u00e9galement id\u00e9al pour les hommes et les femmes c\u00e9libataires \u00e0 la recherche de relations sexuelles occasionnelles. Il n\u2019y a pas de restrictions sur l\u2019\u00e2ge ou le sexe, et vous pouvez faire ce que vous voulez sans vous soucier de vous faire prendre. Vous pouvez m\u00eame envoyer de l\u2019argent via PayPal pour payer des fonctionnalit\u00e9s suppl\u00e9mentaires telles que les mod\u00e8les de webcams en direct, le sexe par t\u00e9l\u00e9phone et les e-mails illimit\u00e9s.<\/p>\n<p>Vous n\u2019avez pas \u00e0 vous soucier d\u2019\u00eatre d\u00e9couvert car le site utilise une technologie de cryptage pour prot\u00e9ger vos informations personnelles. En fait, le site se vante que \u00ab&nbsp;votre vie priv\u00e9e compte&nbsp;\u00bb.<\/p>\n","protected":false},"excerpt":{"rendered":"<p>L\u2019id\u00e9e que vous puissiez trouver \u00ab&nbsp;celui&nbsp;\u00bb assis seul devant votre \u00e9cran d\u2019ordinateur peut sembler sortir d\u2019un film, mais selon un<\/p>\n","protected":false},"author":1,"featured_media":118,"parent":0,"menu_order":0,"comment_status":"closed","ping_status":"closed","template":"","meta":[],"yoast_head":"<!-- This site is optimized with the Yoast SEO plugin v17.7.1 - https:\/\/yoast.com\/wordpress\/plugins\/seo\/ -->\n<title>Les rencontres en ligne sont-elles ce dont vous avez besoin? - Guide de connexion moderne<\/title>\n<meta name=\"robots\" content=\"index, follow, max-snippet:-1, max-image-preview:large, max-video-preview:-1\" \/>\n<link rel=\"canonical\" href=\"https:\/\/therifles.net\/fr\/les-rencontres-en-ligne-sont-elles-ce-dont-vous-avez-besoin\/\" \/>\n<meta property=\"og:locale\" content=\"fr_FR\" \/>\n<meta property=\"og:type\" content=\"article\" \/>\n<meta property=\"og:title\" content=\"Les rencontres en ligne sont-elles ce dont vous avez besoin? - Guide de connexion moderne\" \/>\n<meta property=\"og:description\" content=\"L\u2019id\u00e9e que vous puissiez trouver \u00ab&nbsp;celui&nbsp;\u00bb assis seul devant votre \u00e9cran d\u2019ordinateur peut sembler sortir d\u2019un film, mais selon un\" \/>\n<meta property=\"og:url\" content=\"https:\/\/therifles.net\/fr\/les-rencontres-en-ligne-sont-elles-ce-dont-vous-avez-besoin\/\" \/>\n<meta property=\"og:site_name\" content=\"Guide de connexion moderne\" \/>\n<meta property=\"article:modified_time\" content=\"2022-08-05T13:32:47+00:00\" \/>\n<meta property=\"og:image\" content=\"https:\/\/therifles.net\/wp-content\/uploads\/2022\/08\/dating-list.jpeg\" \/>\n\t<meta property=\"og:image:width\" content=\"1125\" \/>\n\t<meta property=\"og:image:height\" content=\"750\" \/>\n<meta name=\"twitter:card\" content=\"summary_large_image\" \/>\n<meta name=\"twitter:label1\" content=\"Dur\u00e9e de lecture estim\u00e9e\" \/>\n\t<meta name=\"twitter:data1\" content=\"3 minutes\" \/>\n<script type=\"application\/ld+json\" class=\"yoast-schema-graph\">{\"@context\":\"https:\/\/schema.org\",\"@graph\":[{\"@type\":\"WebSite\",\"@id\":\"https:\/\/therifles.net\/#website\",\"url\":\"https:\/\/therifles.net\/\",\"name\":\"Guide de connexion moderne\",\"description\":\"Conseiller personnel\",\"potentialAction\":[{\"@type\":\"SearchAction\",\"target\":{\"@type\":\"EntryPoint\",\"urlTemplate\":\"https:\/\/therifles.net\/?s={search_term_string}\"},\"query-input\":\"required name=search_term_string\"}],\"inLanguage\":\"fr-FR\"},{\"@type\":\"ImageObject\",\"@id\":\"https:\/\/therifles.net\/fr\/les-rencontres-en-ligne-sont-elles-ce-dont-vous-avez-besoin\/#primaryimage\",\"inLanguage\":\"fr-FR\",\"url\":\"https:\/\/therifles.net\/wp-content\/uploads\/2022\/08\/dating-list.jpeg\",\"contentUrl\":\"https:\/\/therifles.net\/wp-content\/uploads\/2022\/08\/dating-list.jpeg\",\"width\":1125,\"height\":750},{\"@type\":\"WebPage\",\"@id\":\"https:\/\/therifles.net\/fr\/les-rencontres-en-ligne-sont-elles-ce-dont-vous-avez-besoin\/#webpage\",\"url\":\"https:\/\/therifles.net\/fr\/les-rencontres-en-ligne-sont-elles-ce-dont-vous-avez-besoin\/\",\"name\":\"Les rencontres en ligne sont-elles ce dont vous avez besoin? - Guide de connexion moderne\",\"isPartOf\":{\"@id\":\"https:\/\/therifles.net\/#website\"},\"primaryImageOfPage\":{\"@id\":\"https:\/\/therifles.net\/fr\/les-rencontres-en-ligne-sont-elles-ce-dont-vous-avez-besoin\/#primaryimage\"},\"datePublished\":\"2022-08-05T12:12:16+00:00\",\"dateModified\":\"2022-08-05T13:32:47+00:00\",\"breadcrumb\":{\"@id\":\"https:\/\/therifles.net\/fr\/les-rencontres-en-ligne-sont-elles-ce-dont-vous-avez-besoin\/#breadcrumb\"},\"inLanguage\":\"fr-FR\",\"potentialAction\":[{\"@type\":\"ReadAction\",\"target\":[\"https:\/\/therifles.net\/fr\/les-rencontres-en-ligne-sont-elles-ce-dont-vous-avez-besoin\/\"]}]},{\"@type\":\"BreadcrumbList\",\"@id\":\"https:\/\/therifles.net\/fr\/les-rencontres-en-ligne-sont-elles-ce-dont-vous-avez-besoin\/#breadcrumb\",\"itemListElement\":[{\"@type\":\"ListItem\",\"position\":1,\"name\":\"Home\",\"item\":\"https:\/\/therifles.net\/fr\/\"},{\"@type\":\"ListItem\",\"position\":2,\"name\":\"Les rencontres en ligne sont-elles ce dont vous avez besoin?\"}]}]}<\/script>\n<!-- \/ Yoast SEO plugin. -->","yoast_head_json":{"title":"Les rencontres en ligne sont-elles ce dont vous avez besoin? - Guide de connexion moderne","robots":{"index":"index","follow":"follow","max-snippet":"max-snippet:-1","max-image-preview":"max-image-preview:large","max-video-preview":"max-video-preview:-1"},"canonical":"https:\/\/therifles.net\/fr\/les-rencontres-en-ligne-sont-elles-ce-dont-vous-avez-besoin\/","og_locale":"fr_FR","og_type":"article","og_title":"Les rencontres en ligne sont-elles ce dont vous avez besoin? - Guide de connexion moderne","og_description":"L\u2019id\u00e9e que vous puissiez trouver \u00ab&nbsp;celui&nbsp;\u00bb assis seul devant votre \u00e9cran d\u2019ordinateur peut sembler sortir d\u2019un film, mais selon un","og_url":"https:\/\/therifles.net\/fr\/les-rencontres-en-ligne-sont-elles-ce-dont-vous-avez-besoin\/","og_site_name":"Guide de connexion moderne","article_modified_time":"2022-08-05T13:32:47+00:00","og_image":[{"width":1125,"height":750,"url":"https:\/\/therifles.net\/wp-content\/uploads\/2022\/08\/dating-list.jpeg","type":"image\/jpeg"}],"twitter_card":"summary_large_image","twitter_misc":{"Dur\u00e9e de lecture estim\u00e9e":"3 minutes"},"schema":{"@context":"https:\/\/schema.org","@graph":[{"@type":"WebSite","@id":"https:\/\/therifles.net\/#website","url":"https:\/\/therifles.net\/","name":"Guide de connexion moderne","description":"Conseiller personnel","potentialAction":[{"@type":"SearchAction","target":{"@type":"EntryPoint","urlTemplate":"https:\/\/therifles.net\/?s={search_term_string}"},"query-input":"required name=search_term_string"}],"inLanguage":"fr-FR"},{"@type":"ImageObject","@id":"https:\/\/therifles.net\/fr\/les-rencontres-en-ligne-sont-elles-ce-dont-vous-avez-besoin\/#primaryimage","inLanguage":"fr-FR","url":"https:\/\/therifles.net\/wp-content\/uploads\/2022\/08\/dating-list.jpeg","contentUrl":"https:\/\/therifles.net\/wp-content\/uploads\/2022\/08\/dating-list.jpeg","width":1125,"height":750},{"@type":"WebPage","@id":"https:\/\/therifles.net\/fr\/les-rencontres-en-ligne-sont-elles-ce-dont-vous-avez-besoin\/#webpage","url":"https:\/\/therifles.net\/fr\/les-rencontres-en-ligne-sont-elles-ce-dont-vous-avez-besoin\/","name":"Les rencontres en ligne sont-elles ce dont vous avez besoin? - Guide de connexion moderne","isPartOf":{"@id":"https:\/\/therifles.net\/#website"},"primaryImageOfPage":{"@id":"https:\/\/therifles.net\/fr\/les-rencontres-en-ligne-sont-elles-ce-dont-vous-avez-besoin\/#primaryimage"},"datePublished":"2022-08-05T12:12:16+00:00","dateModified":"2022-08-05T13:32:47+00:00","breadcrumb":{"@id":"https:\/\/therifles.net\/fr\/les-rencontres-en-ligne-sont-elles-ce-dont-vous-avez-besoin\/#breadcrumb"},"inLanguage":"fr-FR","potentialAction":[{"@type":"ReadAction","target":["https:\/\/therifles.net\/fr\/les-rencontres-en-ligne-sont-elles-ce-dont-vous-avez-besoin\/"]}]},{"@type":"BreadcrumbList","@id":"https:\/\/therifles.net\/fr\/les-rencontres-en-ligne-sont-elles-ce-dont-vous-avez-besoin\/#breadcrumb","itemListElement":[{"@type":"ListItem","position":1,"name":"Home","item":"https:\/\/therifles.net\/fr\/"},{"@type":"ListItem","position":2,"name":"Les rencontres en ligne sont-elles ce dont vous avez besoin?"}]}]}},"_links":{"self":[{"href":"https:\/\/therifles.net\/fr\/wp-json\/wp\/v2\/pages\/322"}],"collection":[{"href":"https:\/\/therifles.net\/fr\/wp-json\/wp\/v2\/pages"}],"about":[{"href":"https:\/\/therifles.net\/fr\/wp-json\/wp\/v2\/types\/page"}],"author":[{"embeddable":true,"href":"https:\/\/therifles.net\/fr\/wp-json\/wp\/v2\/users\/1"}],"replies":[{"embeddable":true,"href":"https:\/\/therifles.net\/fr\/wp-json\/wp\/v2\/comments?post=322"}],"version-history":[{"count":1,"href":"https:\/\/therifles.net\/fr\/wp-json\/wp\/v2\/pages\/322\/revisions"}],"predecessor-version":[{"id":325,"href":"https:\/\/therifles.net\/fr\/wp-json\/wp\/v2\/pages\/322\/revisions\/325"}],"wp:featuredmedia":[{"embeddable":true,"href":"https:\/\/therifles.net\/fr\/wp-json\/wp\/v2\/media\/118"}],"wp:attachment":[{"href":"https:\/\/therifles.net\/fr\/wp-json\/wp\/v2\/media?parent=322"}],"curies":[{"name":"wp","href":"https:\/\/api.w.org\/{rel}","templated":true}]}}