{"id":304,"date":"2022-08-05T13:22:17","date_gmt":"2022-08-05T12:22:17","guid":{"rendered":"http:\/\/therifles.net\/sexting\/"},"modified":"2022-08-05T14:32:47","modified_gmt":"2022-08-05T13:32:47","slug":"sexting","status":"publish","type":"page","link":"https:\/\/therifles.net\/fr\/sexting\/","title":{"rendered":"Sexting"},"content":{"rendered":"<p>La culture de la connexion entourant le sexe n\u2019est pas nouvelle, mais gr\u00e2ce aux m\u00e9dias sociaux, \u00e0 la technologie mobile et \u00e0 la mont\u00e9e en puissance des applications de rencontres en ligne comme Tinder, Grindr, Bumble et autres, il est devenu beaucoup plus facile de trouver quelqu\u2019un avec qui se connecter. Cependant, avec toutes ces applications, il peut \u00eatre difficile de trouver celle qui sera la meilleure pour vous.<\/p>\n<h2>Quelle application essayer?<\/h2>\n<p>Nous sommes all\u00e9s encore plus loin et avons fait une liste des meilleurs sites de sexting.<\/p>\n<p>Vous trouverez de tout, des applications de <a href=\"http:\/\/therifles.net\/texting-with-your-partner\/\">messagerie texte gratuites<\/a> aux plateformes de rencontres pour adultes haut de gamme, vous donnant acc\u00e8s \u00e0 des milliers de <a href=\"http:\/\/therifles.net\/is-online-dating-what-you-need\/\">c\u00e9libataires sexy \u00e0 travers le monde<\/a>. Donc, si vous voulez essayer le sexting par vous-m\u00eame, voici les meilleurs endroits pour commencer.<\/p>\n<p>Alors, pourquoi pensons-nous que ces sites sont les meilleurs? Eh bien, voici notre liste des dix meilleurs sites Web de sexting en ligne:<\/p>\n<h3>JerkMate<\/h3>\n<p>Jerkmate est l\u2019un des meilleurs sites de sexting gratuits dans l\u2019ensemble, car il offre de nombreuses fonctionnalit\u00e9s. Il existe de nombreuses cat\u00e9gories telles que les salles de discussion par webcam, les filles coquines, les mod\u00e8les amateurs et bien plus encore. Vous pouvez trouver tout ce que vous voulez ici. Ce site est tr\u00e8s facile \u00e0 utiliser et \u00e0 naviguer.<\/p>\n<h3>Kik<\/h3>\n<p>Kik est l\u2019une des plus <a href=\"http:\/\/therifles.net\/how-hookup-apps-work-finding-the-right-type-of-dating-app\/\">anciennes plateformes de rencontres sur le web<\/a>. Il existe depuis 2005 et est utilis\u00e9 par des millions de personnes dans le monde entier. Il est con\u00e7u sp\u00e9cifiquement pour les adolescents et les jeunes adultes, mais tout le monde peut l\u2019utiliser.<\/p>\n<h3>Omegle<\/h3>\n<p>Si vous n\u2019avez jamais entendu parler d\u2019Omegle, c\u2019est probablement parce qu\u2019il n\u2019est pas tr\u00e8s connu. Ce site vous permet de vous connecter au hasard avec une autre personne. Vous pouvez parler \u00e0 qui vous voulez, quel que soit leur \u00e2ge. Gardez simplement \u00e0 l\u2019esprit que la plupart des gens ne sont pas int\u00e9ress\u00e9s \u00e0 parler \u00e0 quelqu\u2019un qu\u2019ils ont rencontr\u00e9 en ligne.<\/p>\n<h3>Chatroulette<\/h3>\n<p>Comme son nom l\u2019indique, Chatroulette vous permet de rencontrer des gens au hasard et de commencer \u00e0 discuter avec eux. C\u2019est similaire \u00e0 Omegle, sauf qu\u2019au lieu de vous connecter avec des gens que vous connaissez d\u00e9j\u00e0, vous vous connectez avec de parfaits inconnus.<\/p>\n<h3>Nuque<\/h3>\n<p>Scruff est un peu diff\u00e9rent des autres sites de rencontres. Au lieu de vous faire correspondre avec des dates potentielles en fonction de vos pr\u00e9f\u00e9rences, il vous correspond en fonction de votre emplacement. Donc, si vous \u00eates \u00e0 New York et que vous correspondez avec quelqu\u2019un \u00e0 proximit\u00e9, vous pouvez organiser pour passer du temps ensemble.<\/p>\n<h3>BeNaughty<\/h3>\n<p>BeNaughty est encore une autre application de rencontres gratuite qui permet aux gens de se connecter avec d\u2019autres en fonction de leurs int\u00e9r\u00eats sexuels. Comme beaucoup de sites comme celui-ci, il est con\u00e7u pour faciliter les connexions, en particulier pour les personnes qui veulent se rencontrer sans avoir \u00e0 payer pour des boissons ou un d\u00eener. Mais contrairement \u00e0 d\u2019autres applications, BeNaughty ne vous permet pas simplement de glisser vers la gauche ou la droite pour voir qui d\u2019autre aime ce que vous faites; il vous permet en fait d\u2019envoyer des photos et des vid\u00e9os nues directement les uns aux autres. Vous n\u2019avez pas \u00e0 vous soucier de vous faire prendre non plus, car l\u2019application garde tout compl\u00e8tement anonyme. Et comme c\u2019est totalement gratuit, vous n\u2019aurez pas \u00e0 d\u00e9penser un centime pour l\u2019essayer.<\/p>\n<h2>Le sexting est-il pour vous?<\/h2>\n<ul>\n<li>Soyez prudent: Celui-ci semble \u00e9vident, mais il m\u00e9rite d\u2019\u00eatre r\u00e9p\u00e9t\u00e9. N\u2019envoyez rien que vous ne voudriez pas que quelqu\u2019un d\u2019autre voie. Vous ne savez jamais o\u00f9 vos messages pourraient aboutir.<\/li>\n<li>Soyez discret : N\u2019oubliez pas que m\u00eame si vous ne vous rencontrerez pas en personne, vous communiquerez toujours par SMS. Gardez les choses l\u00e9g\u00e8res et coquettes; \u00e9vitez d\u2019envoyer trop d\u2019informations sur votre vie personnelle.<\/li>\n<li>Connaissez vos limites: Bien qu\u2019il soit acceptable de c\u00e9der occasionnellement \u00e0 la tentation, assurez-vous de ne pas en faire trop. Fixez des limites \u00e0 la fr\u00e9quence \u00e0 laquelle vous souhaitez recevoir des SMS et respectez-les.<\/li>\n<li>R\u00e9fl\u00e9chissez avant d\u2019envoyer: M\u00eame si vous pensez que vous \u00eates dr\u00f4le ou mignon, il y a de fortes chances que vous ne le soyez pas. Demandez-vous si quelque chose que vous pensez dire est appropri\u00e9.<\/li>\n<\/ul>\n","protected":false},"excerpt":{"rendered":"<p>La culture de la connexion entourant le sexe n\u2019est pas nouvelle, mais gr\u00e2ce aux m\u00e9dias sociaux, \u00e0 la technologie mobile<\/p>\n","protected":false},"author":1,"featured_media":129,"parent":0,"menu_order":0,"comment_status":"closed","ping_status":"closed","template":"","meta":[],"yoast_head":"<!-- This site is optimized with the Yoast SEO plugin v17.7.1 - https:\/\/yoast.com\/wordpress\/plugins\/seo\/ -->\n<title>Sexting - Guide de connexion moderne<\/title>\n<meta name=\"robots\" content=\"index, follow, max-snippet:-1, max-image-preview:large, max-video-preview:-1\" \/>\n<link rel=\"canonical\" href=\"https:\/\/therifles.net\/fr\/sexting\/\" \/>\n<meta property=\"og:locale\" content=\"fr_FR\" \/>\n<meta property=\"og:type\" content=\"article\" \/>\n<meta property=\"og:title\" content=\"Sexting - Guide de connexion moderne\" \/>\n<meta property=\"og:description\" content=\"La culture de la connexion entourant le sexe n\u2019est pas nouvelle, mais gr\u00e2ce aux m\u00e9dias sociaux, \u00e0 la technologie mobile\" \/>\n<meta property=\"og:url\" content=\"https:\/\/therifles.net\/fr\/sexting\/\" \/>\n<meta property=\"og:site_name\" content=\"Guide de connexion moderne\" \/>\n<meta property=\"article:modified_time\" content=\"2022-08-05T13:32:47+00:00\" \/>\n<meta name=\"twitter:card\" content=\"summary_large_image\" \/>\n<meta name=\"twitter:image\" content=\"https:\/\/therifles.net\/wp-content\/uploads\/2022\/08\/dating.webp\" \/>\n<meta name=\"twitter:label1\" content=\"Dur\u00e9e de lecture estim\u00e9e\" \/>\n\t<meta name=\"twitter:data1\" content=\"4 minutes\" \/>\n<script type=\"application\/ld+json\" class=\"yoast-schema-graph\">{\"@context\":\"https:\/\/schema.org\",\"@graph\":[{\"@type\":\"WebSite\",\"@id\":\"https:\/\/therifles.net\/#website\",\"url\":\"https:\/\/therifles.net\/\",\"name\":\"Guide de connexion moderne\",\"description\":\"Conseiller personnel\",\"potentialAction\":[{\"@type\":\"SearchAction\",\"target\":{\"@type\":\"EntryPoint\",\"urlTemplate\":\"https:\/\/therifles.net\/?s={search_term_string}\"},\"query-input\":\"required name=search_term_string\"}],\"inLanguage\":\"fr-FR\"},{\"@type\":\"ImageObject\",\"@id\":\"https:\/\/therifles.net\/fr\/sexting\/#primaryimage\",\"inLanguage\":\"fr-FR\",\"url\":\"https:\/\/therifles.net\/wp-content\/uploads\/2022\/08\/dating.webp\",\"contentUrl\":\"https:\/\/therifles.net\/wp-content\/uploads\/2022\/08\/dating.webp\",\"width\":539,\"height\":750},{\"@type\":\"WebPage\",\"@id\":\"https:\/\/therifles.net\/fr\/sexting\/#webpage\",\"url\":\"https:\/\/therifles.net\/fr\/sexting\/\",\"name\":\"Sexting - Guide de connexion moderne\",\"isPartOf\":{\"@id\":\"https:\/\/therifles.net\/#website\"},\"primaryImageOfPage\":{\"@id\":\"https:\/\/therifles.net\/fr\/sexting\/#primaryimage\"},\"datePublished\":\"2022-08-05T12:22:17+00:00\",\"dateModified\":\"2022-08-05T13:32:47+00:00\",\"breadcrumb\":{\"@id\":\"https:\/\/therifles.net\/fr\/sexting\/#breadcrumb\"},\"inLanguage\":\"fr-FR\",\"potentialAction\":[{\"@type\":\"ReadAction\",\"target\":[\"https:\/\/therifles.net\/fr\/sexting\/\"]}]},{\"@type\":\"BreadcrumbList\",\"@id\":\"https:\/\/therifles.net\/fr\/sexting\/#breadcrumb\",\"itemListElement\":[{\"@type\":\"ListItem\",\"position\":1,\"name\":\"Home\",\"item\":\"https:\/\/therifles.net\/fr\/\"},{\"@type\":\"ListItem\",\"position\":2,\"name\":\"Sexting\"}]}]}<\/script>\n<!-- \/ Yoast SEO plugin. -->","yoast_head_json":{"title":"Sexting - Guide de connexion moderne","robots":{"index":"index","follow":"follow","max-snippet":"max-snippet:-1","max-image-preview":"max-image-preview:large","max-video-preview":"max-video-preview:-1"},"canonical":"https:\/\/therifles.net\/fr\/sexting\/","og_locale":"fr_FR","og_type":"article","og_title":"Sexting - Guide de connexion moderne","og_description":"La culture de la connexion entourant le sexe n\u2019est pas nouvelle, mais gr\u00e2ce aux m\u00e9dias sociaux, \u00e0 la technologie mobile","og_url":"https:\/\/therifles.net\/fr\/sexting\/","og_site_name":"Guide de connexion moderne","article_modified_time":"2022-08-05T13:32:47+00:00","twitter_card":"summary_large_image","twitter_image":"https:\/\/therifles.net\/wp-content\/uploads\/2022\/08\/dating.webp","twitter_misc":{"Dur\u00e9e de lecture estim\u00e9e":"4 minutes"},"schema":{"@context":"https:\/\/schema.org","@graph":[{"@type":"WebSite","@id":"https:\/\/therifles.net\/#website","url":"https:\/\/therifles.net\/","name":"Guide de connexion moderne","description":"Conseiller personnel","potentialAction":[{"@type":"SearchAction","target":{"@type":"EntryPoint","urlTemplate":"https:\/\/therifles.net\/?s={search_term_string}"},"query-input":"required name=search_term_string"}],"inLanguage":"fr-FR"},{"@type":"ImageObject","@id":"https:\/\/therifles.net\/fr\/sexting\/#primaryimage","inLanguage":"fr-FR","url":"https:\/\/therifles.net\/wp-content\/uploads\/2022\/08\/dating.webp","contentUrl":"https:\/\/therifles.net\/wp-content\/uploads\/2022\/08\/dating.webp","width":539,"height":750},{"@type":"WebPage","@id":"https:\/\/therifles.net\/fr\/sexting\/#webpage","url":"https:\/\/therifles.net\/fr\/sexting\/","name":"Sexting - Guide de connexion moderne","isPartOf":{"@id":"https:\/\/therifles.net\/#website"},"primaryImageOfPage":{"@id":"https:\/\/therifles.net\/fr\/sexting\/#primaryimage"},"datePublished":"2022-08-05T12:22:17+00:00","dateModified":"2022-08-05T13:32:47+00:00","breadcrumb":{"@id":"https:\/\/therifles.net\/fr\/sexting\/#breadcrumb"},"inLanguage":"fr-FR","potentialAction":[{"@type":"ReadAction","target":["https:\/\/therifles.net\/fr\/sexting\/"]}]},{"@type":"BreadcrumbList","@id":"https:\/\/therifles.net\/fr\/sexting\/#breadcrumb","itemListElement":[{"@type":"ListItem","position":1,"name":"Home","item":"https:\/\/therifles.net\/fr\/"},{"@type":"ListItem","position":2,"name":"Sexting"}]}]}},"_links":{"self":[{"href":"https:\/\/therifles.net\/fr\/wp-json\/wp\/v2\/pages\/304"}],"collection":[{"href":"https:\/\/therifles.net\/fr\/wp-json\/wp\/v2\/pages"}],"about":[{"href":"https:\/\/therifles.net\/fr\/wp-json\/wp\/v2\/types\/page"}],"author":[{"embeddable":true,"href":"https:\/\/therifles.net\/fr\/wp-json\/wp\/v2\/users\/1"}],"replies":[{"embeddable":true,"href":"https:\/\/therifles.net\/fr\/wp-json\/wp\/v2\/comments?post=304"}],"version-history":[{"count":1,"href":"https:\/\/therifles.net\/fr\/wp-json\/wp\/v2\/pages\/304\/revisions"}],"predecessor-version":[{"id":309,"href":"https:\/\/therifles.net\/fr\/wp-json\/wp\/v2\/pages\/304\/revisions\/309"}],"wp:featuredmedia":[{"embeddable":true,"href":"https:\/\/therifles.net\/fr\/wp-json\/wp\/v2\/media\/129"}],"wp:attachment":[{"href":"https:\/\/therifles.net\/fr\/wp-json\/wp\/v2\/media?parent=304"}],"curies":[{"name":"wp","href":"https:\/\/api.w.org\/{rel}","templated":true}]}}