{"id":266,"date":"2022-08-05T13:34:04","date_gmt":"2022-08-05T12:34:04","guid":{"rendered":"http:\/\/therifles.net\/conseils-de-securite-pour-les-rencontres-en-ligne\/"},"modified":"2022-08-05T14:32:33","modified_gmt":"2022-08-05T13:32:33","slug":"conseils-de-securite-pour-les-rencontres-en-ligne","status":"publish","type":"page","link":"https:\/\/therifles.net\/fr\/conseils-de-securite-pour-les-rencontres-en-ligne\/","title":{"rendered":"Conseils de s\u00e9curit\u00e9 pour les rencontres en ligne"},"content":{"rendered":"<h2>Choisir la bonne application<\/h2>\n<h3>Est-ce gratuit??<\/h3>\n<p>Il existe de nombreux sites qui facturent de l\u2019argent \u00e0 l\u2019avance, mais beaucoup <a href=\"http:\/\/therifles.net\/best-apps-for-finding-a-serious-relationship\/\">d\u2019autres offrent des essais gratuits<\/a>. Vous pouvez g\u00e9n\u00e9ralement savoir si un essai est l\u00e9gitime car il ne n\u00e9cessitera pas d\u2019informations de paiement \u00e0 l\u2019avance. Au lieu de cela, il vous sera demand\u00e9 de fournir une adresse e-mail valide.<\/p>\n<h3>A-t-il une politique de confidentialit\u00e9?<\/h3>\n<p>Beaucoup d\u2019entreprises pr\u00e9tendront respecter votre vie priv\u00e9e, mais elles ne vous disent vraiment rien. Ils essaient juste de vous effrayer pour que vous vous inscriviez. Recherchez une d\u00e9claration claire sur les donn\u00e9es qu\u2019ils collectent et la fa\u00e7on dont ils les utilisent.<\/p>\n<h3>Que dit-il du site?<\/h3>\n<p>Certains sites se vanteront d\u2019\u00eatre r\u00e9serv\u00e9s aux membres, tandis que d\u2019autres promettront la discr\u00e9tion. Et certains essaieront m\u00eame de vous faire croire qu\u2019ils sont dirig\u00e9s par des professionnels. Ne tombez pas dans le panneau.<\/p>\n<h3>Qui le dirige?<\/h3>\n<p>De nombreux sites r\u00e9pertorient un tas de noms diff\u00e9rents, y compris le nom de la personne qui le poss\u00e8de. Cela peut sembler un drapeau rouge, mais cela pourrait simplement signifier que le propri\u00e9taire veut prot\u00e9ger son identit\u00e9. Apr\u00e8s tout, pourquoi donner vos informations personnelles si vous n\u2019\u00eates pas oblig\u00e9 de le faire?<\/p>\n<h3>Depuis combien de temps existe-t-il?<\/h3>\n<p>Les sites qui existent depuis un certain temps ont tendance \u00e0 \u00eatre plus <a href=\"http:\/\/therifles.net\/cuckold\/\">fiables<\/a> que ceux qui sont apparus du jour au lendemain. En outre, les sites qui existent depuis plus longtemps ont souvent une meilleure r\u00e9putation parmi les experts dans le domaine.<\/p>\n<h3>Les avis sont-ils positifs ?<\/h3>\n<p>Les critiques sont excellentes, surtout lorsqu\u2019elles proviennent de sources fiables. Cependant, il existe de nombreuses fausses critiques. Assurez-vous de consulter des sites d\u2019avis tels que Yelp, Trustpilot et ConsumerAffairs pour voir si le site a l\u2019habitude de publier des avis n\u00e9gatifs.<\/p>\n<h2>M\u00e9fiez-vous des escrocs<\/h2>\n<p>Si vous avez cherch\u00e9 l\u2019amour en ligne, vous savez \u00e0 quel point il peut \u00eatre difficile de s\u00e9parer les faits de la fiction. Mais il existe des moyens de vous prot\u00e9ger contre l\u2019arnaque ou la duperie. Voici quelques conseils pour vous prot\u00e9ger lorsque vous rencontrez des gens en ligne.<\/p>\n<ul>\n<li>Ne donnez pas trop d\u2019informations personnelles.<\/li>\n<li>M\u00e9fiez-vous de quiconque vous demande d\u2019envoyer de l\u2019argent via Western Union ou MoneyGram. Ces entreprises sont souvent utilis\u00e9es par les escrocs pour blanchir des fonds vol\u00e9s.<\/li>\n<li>Ne payez jamais rien \u00e0 l\u2019avance. Vous ne verrez plus jamais l\u2019objet.<\/li>\n<li>Recherchez les drapeaux rouges. Les escrocs pourraient essayer de vous convaincre qu\u2019ils sont de vraies personnes en pr\u00e9tendant avoir perdu des membres de leur famille ou des amis. Ils pourraient m\u00eame pr\u00e9tendre travailler pour les forces de l\u2019ordre.<\/li>\n<li>M\u00e9fiez-vous des personnes qui vous demandent de vous rencontrer dans des lieux publics comme les caf\u00e9s ou les restaurants.<\/li>\n<li>M\u00e9fiez-vous des gens qui semblent d\u00e9sesp\u00e9r\u00e9ment avoir besoin d\u2019attention. Un escroc pourrait vous dire qu\u2019il a besoin d\u2019aide pour mettre sa vie en place ou qu\u2019il a un cancer.<\/li>\n<\/ul>\n<p>Une fois que vous avez correspondu \u00e0 une date possible et que vous avez discut\u00e9, planifiez un chat vid\u00e9o avec eux. Beaucoup de gens h\u00e9sitent \u00e0 le faire parce qu\u2019ils pensent que cela leur donne l\u2019air dans le besoin. Mais, une fois que vous vous \u00eates rencontr\u00e9 en personne, il n\u2019y a rien de pire que de d\u00e9couvrir que votre rendez-vous n\u2019est pas celui qu\u2019ils pr\u00e9tendent \u00eatre. Alors, prenez quelques pr\u00e9cautions ici.<\/p>\n<p>S\u2019ils r\u00e9sistent fortement \u00e0 un chat vid\u00e9o, cela pourrait \u00eatre un drapeau rouge. Cela pourrait signifier qu\u2019ils ne veulent pas \u00eatre vus en ligne, ou qu\u2019ils peuvent cacher quelque chose.<\/p>\n","protected":false},"excerpt":{"rendered":"<p>Choisir la bonne application Est-ce gratuit?? Il existe de nombreux sites qui facturent de l\u2019argent \u00e0 l\u2019avance, mais beaucoup d\u2019autres<\/p>\n","protected":false},"author":1,"featured_media":151,"parent":0,"menu_order":0,"comment_status":"closed","ping_status":"closed","template":"","meta":[],"yoast_head":"<!-- This site is optimized with the Yoast SEO plugin v17.7.1 - https:\/\/yoast.com\/wordpress\/plugins\/seo\/ -->\n<title>Conseils de s\u00e9curit\u00e9 pour les rencontres en ligne - Guide de connexion moderne<\/title>\n<meta name=\"robots\" content=\"index, follow, max-snippet:-1, max-image-preview:large, max-video-preview:-1\" \/>\n<link rel=\"canonical\" href=\"https:\/\/therifles.net\/fr\/conseils-de-securite-pour-les-rencontres-en-ligne\/\" \/>\n<meta property=\"og:locale\" content=\"fr_FR\" \/>\n<meta property=\"og:type\" content=\"article\" \/>\n<meta property=\"og:title\" content=\"Conseils de s\u00e9curit\u00e9 pour les rencontres en ligne - Guide de connexion moderne\" \/>\n<meta property=\"og:description\" content=\"Choisir la bonne application Est-ce gratuit?? Il existe de nombreux sites qui facturent de l\u2019argent \u00e0 l\u2019avance, mais beaucoup d\u2019autres\" \/>\n<meta property=\"og:url\" content=\"https:\/\/therifles.net\/fr\/conseils-de-securite-pour-les-rencontres-en-ligne\/\" \/>\n<meta property=\"og:site_name\" content=\"Guide de connexion moderne\" \/>\n<meta property=\"article:modified_time\" content=\"2022-08-05T13:32:33+00:00\" \/>\n<meta name=\"twitter:card\" content=\"summary_large_image\" \/>\n<meta name=\"twitter:image\" content=\"https:\/\/therifles.net\/wp-content\/uploads\/2022\/08\/unnamed-file.webp\" \/>\n<meta name=\"twitter:label1\" content=\"Dur\u00e9e de lecture estim\u00e9e\" \/>\n\t<meta name=\"twitter:data1\" content=\"3 minutes\" \/>\n<script type=\"application\/ld+json\" class=\"yoast-schema-graph\">{\"@context\":\"https:\/\/schema.org\",\"@graph\":[{\"@type\":\"WebSite\",\"@id\":\"http:\/\/therifles.net\/#website\",\"url\":\"http:\/\/therifles.net\/\",\"name\":\"Guide de connexion moderne\",\"description\":\"Conseiller personnel\",\"potentialAction\":[{\"@type\":\"SearchAction\",\"target\":{\"@type\":\"EntryPoint\",\"urlTemplate\":\"http:\/\/therifles.net\/?s={search_term_string}\"},\"query-input\":\"required name=search_term_string\"}],\"inLanguage\":\"fr-FR\"},{\"@type\":\"ImageObject\",\"@id\":\"https:\/\/therifles.net\/fr\/conseils-de-securite-pour-les-rencontres-en-ligne\/#primaryimage\",\"inLanguage\":\"fr-FR\",\"url\":\"https:\/\/therifles.net\/wp-content\/uploads\/2022\/08\/unnamed-file.webp\",\"contentUrl\":\"https:\/\/therifles.net\/wp-content\/uploads\/2022\/08\/unnamed-file.webp\",\"width\":500,\"height\":750},{\"@type\":\"WebPage\",\"@id\":\"https:\/\/therifles.net\/fr\/conseils-de-securite-pour-les-rencontres-en-ligne\/#webpage\",\"url\":\"https:\/\/therifles.net\/fr\/conseils-de-securite-pour-les-rencontres-en-ligne\/\",\"name\":\"Conseils de s\\u00e9curit\\u00e9 pour les rencontres en ligne - Guide de connexion moderne\",\"isPartOf\":{\"@id\":\"http:\/\/therifles.net\/#website\"},\"primaryImageOfPage\":{\"@id\":\"https:\/\/therifles.net\/fr\/conseils-de-securite-pour-les-rencontres-en-ligne\/#primaryimage\"},\"datePublished\":\"2022-08-05T12:34:04+00:00\",\"dateModified\":\"2022-08-05T13:32:33+00:00\",\"breadcrumb\":{\"@id\":\"https:\/\/therifles.net\/fr\/conseils-de-securite-pour-les-rencontres-en-ligne\/#breadcrumb\"},\"inLanguage\":\"fr-FR\",\"potentialAction\":[{\"@type\":\"ReadAction\",\"target\":[\"https:\/\/therifles.net\/fr\/conseils-de-securite-pour-les-rencontres-en-ligne\/\"]}]},{\"@type\":\"BreadcrumbList\",\"@id\":\"https:\/\/therifles.net\/fr\/conseils-de-securite-pour-les-rencontres-en-ligne\/#breadcrumb\",\"itemListElement\":[{\"@type\":\"ListItem\",\"position\":1,\"name\":\"Home\",\"item\":\"https:\/\/therifles.net\/fr\/\"},{\"@type\":\"ListItem\",\"position\":2,\"name\":\"Conseils de s\\u00e9curit\\u00e9 pour les rencontres en ligne\"}]}]}<\/script>\n<!-- \/ Yoast SEO plugin. -->","yoast_head_json":{"title":"Conseils de s\u00e9curit\u00e9 pour les rencontres en ligne - Guide de connexion moderne","robots":{"index":"index","follow":"follow","max-snippet":"max-snippet:-1","max-image-preview":"max-image-preview:large","max-video-preview":"max-video-preview:-1"},"canonical":"https:\/\/therifles.net\/fr\/conseils-de-securite-pour-les-rencontres-en-ligne\/","og_locale":"fr_FR","og_type":"article","og_title":"Conseils de s\u00e9curit\u00e9 pour les rencontres en ligne - Guide de connexion moderne","og_description":"Choisir la bonne application Est-ce gratuit?? Il existe de nombreux sites qui facturent de l\u2019argent \u00e0 l\u2019avance, mais beaucoup d\u2019autres","og_url":"https:\/\/therifles.net\/fr\/conseils-de-securite-pour-les-rencontres-en-ligne\/","og_site_name":"Guide de connexion moderne","article_modified_time":"2022-08-05T13:32:33+00:00","twitter_card":"summary_large_image","twitter_image":"https:\/\/therifles.net\/wp-content\/uploads\/2022\/08\/unnamed-file.webp","twitter_misc":{"Dur\u00e9e de lecture estim\u00e9e":"3 minutes"},"schema":{"@context":"https:\/\/schema.org","@graph":[{"@type":"WebSite","@id":"http:\/\/therifles.net\/#website","url":"http:\/\/therifles.net\/","name":"Guide de connexion moderne","description":"Conseiller personnel","potentialAction":[{"@type":"SearchAction","target":{"@type":"EntryPoint","urlTemplate":"http:\/\/therifles.net\/?s={search_term_string}"},"query-input":"required name=search_term_string"}],"inLanguage":"fr-FR"},{"@type":"ImageObject","@id":"https:\/\/therifles.net\/fr\/conseils-de-securite-pour-les-rencontres-en-ligne\/#primaryimage","inLanguage":"fr-FR","url":"https:\/\/therifles.net\/wp-content\/uploads\/2022\/08\/unnamed-file.webp","contentUrl":"https:\/\/therifles.net\/wp-content\/uploads\/2022\/08\/unnamed-file.webp","width":500,"height":750},{"@type":"WebPage","@id":"https:\/\/therifles.net\/fr\/conseils-de-securite-pour-les-rencontres-en-ligne\/#webpage","url":"https:\/\/therifles.net\/fr\/conseils-de-securite-pour-les-rencontres-en-ligne\/","name":"Conseils de s\u00e9curit\u00e9 pour les rencontres en ligne - Guide de connexion moderne","isPartOf":{"@id":"http:\/\/therifles.net\/#website"},"primaryImageOfPage":{"@id":"https:\/\/therifles.net\/fr\/conseils-de-securite-pour-les-rencontres-en-ligne\/#primaryimage"},"datePublished":"2022-08-05T12:34:04+00:00","dateModified":"2022-08-05T13:32:33+00:00","breadcrumb":{"@id":"https:\/\/therifles.net\/fr\/conseils-de-securite-pour-les-rencontres-en-ligne\/#breadcrumb"},"inLanguage":"fr-FR","potentialAction":[{"@type":"ReadAction","target":["https:\/\/therifles.net\/fr\/conseils-de-securite-pour-les-rencontres-en-ligne\/"]}]},{"@type":"BreadcrumbList","@id":"https:\/\/therifles.net\/fr\/conseils-de-securite-pour-les-rencontres-en-ligne\/#breadcrumb","itemListElement":[{"@type":"ListItem","position":1,"name":"Home","item":"https:\/\/therifles.net\/fr\/"},{"@type":"ListItem","position":2,"name":"Conseils de s\u00e9curit\u00e9 pour les rencontres en ligne"}]}]}},"_links":{"self":[{"href":"https:\/\/therifles.net\/fr\/wp-json\/wp\/v2\/pages\/266"}],"collection":[{"href":"https:\/\/therifles.net\/fr\/wp-json\/wp\/v2\/pages"}],"about":[{"href":"https:\/\/therifles.net\/fr\/wp-json\/wp\/v2\/types\/page"}],"author":[{"embeddable":true,"href":"https:\/\/therifles.net\/fr\/wp-json\/wp\/v2\/users\/1"}],"replies":[{"embeddable":true,"href":"https:\/\/therifles.net\/fr\/wp-json\/wp\/v2\/comments?post=266"}],"version-history":[{"count":1,"href":"https:\/\/therifles.net\/fr\/wp-json\/wp\/v2\/pages\/266\/revisions"}],"predecessor-version":[{"id":270,"href":"https:\/\/therifles.net\/fr\/wp-json\/wp\/v2\/pages\/266\/revisions\/270"}],"wp:featuredmedia":[{"embeddable":true,"href":"https:\/\/therifles.net\/fr\/wp-json\/wp\/v2\/media\/151"}],"wp:attachment":[{"href":"https:\/\/therifles.net\/fr\/wp-json\/wp\/v2\/media?parent=266"}],"curies":[{"name":"wp","href":"https:\/\/api.w.org\/{rel}","templated":true}]}}