{"id":259,"date":"2022-08-05T13:26:39","date_gmt":"2022-08-05T12:26:39","guid":{"rendered":"http:\/\/therifles.net\/cocu\/"},"modified":"2022-08-05T14:32:33","modified_gmt":"2022-08-05T13:32:33","slug":"cocu","status":"publish","type":"page","link":"https:\/\/therifles.net\/fr\/cocu\/","title":{"rendered":"Cocu"},"content":{"rendered":"<p>Il y a beaucoup de raisons diff\u00e9rentes pour lesquelles les hommes veulent regarder leurs femmes les tromper. Certaines personnes aiment le frisson de regarder leurs partenaires baiser quelqu\u2019un d\u2019autre, tandis que d\u2019autres aiment simplement voir leur femme \/ petite amie s\u2019amuser. Quelle que soit la raison, si vous recherchez un <a href=\"http:\/\/therifles.net\/sexting\/\">site de connexion<\/a> hotwife, nous avons ce qu\u2019il vous faut.<\/p>\n<p>Nous avons essay\u00e9 \u00e0 peu pr\u00e8s tous les sites et applications et voici ceux qui fonctionnent le mieux pour nous. Si vous cherchez quelque chose de diff\u00e9rent, faites-le nous savoir dans la section commentaires.<\/p>\n<p>Voici 4 des meilleurs sites de rencontres cocu autour d\u2019aujourd\u2019hui:<\/p>\n<h3>Obtenez-le<\/h3>\n<p>GetItOn.com est la communaut\u00e9 de rencontres pour adultes n \u00b0 1 pour les personnes souhaitant tromper leur conjoint. Nous aidons les hommes et les femmes \u00e0 se rencontrer en ligne pour le plaisir, l\u2019amiti\u00e9 et \u00e9ventuellement le mariage. Nos membres comprennent des adultes mari\u00e9s, c\u00e9libataires et veufs qui veulent explorer le monde de la tricherie. Que vous soyez une femme \u00e0 la recherche d\u2019un homme avec qui tricher, ou un homme \u00e0 la recherche d\u2019une femme chaude, nous avons ce qu\u2019il vous faut.<\/p>\n<h3>3Soum<\/h3>\n<p>3Sum est l\u2019application de rencontres \u00e0 trois n \u00b0 1 pour les personnes qui veulent rencontrer d\u2019autres couples. Que vous recherchiez une aventure d\u2019un soir ou quelque chose \u00e0 long terme, nous avons ce qu\u2019il vous faut. Nous rendons la recherche de rendez-vous sexuels locaux rapides et faciles, que vous recherchiez des rencontres occasionnelles, des soir\u00e9es \u00e9changistes ou m\u00eame un trio complet. Nos membres comprennent des couples h\u00e9t\u00e9rosexuels et bi, ainsi que ceux qui s\u2019int\u00e9ressent au BDSM. Vous pouvez parcourir nos profils en fonction de l\u2019emplacement, de l\u2019\u00e2ge, des int\u00e9r\u00eats, du statut de la relation et de l\u2019orientation sexuelle.<\/p>\n<p>Nous offrons l\u2019exp\u00e9rience en ligne la plus compl\u00e8te pour rencontrer d\u2019autres personnes qui sont dans les m\u00eames choses que vous. Avec plus de 2 millions d\u2019utilisateurs actifs, nous sommes s\u00fbrs qu\u2019il y a quelqu\u2019un pour tout le monde. Inscrivez-vous maintenant et commencez \u00e0 vous faire des amis d\u00e8s aujourd\u2019hui!<\/p>\n<h3>Alt<\/h3>\n<p>Alt est l\u2019un des plus grands sites de rencontres en ligne pour adultes, offrant des milliers de personnes \u00e0 la recherche de relations discr\u00e8tes, de rencontres occasionnelles, de relations sexuelles sans conditions ou simplement d\u2019amis avec des avantages. Qu\u2019il s\u2019agisse de rechercher un partenaire, un ami ou un amant, Alt offre un environnement s\u00fbr o\u00f9 tout le monde peut se connecter avec d\u2019autres personnes qui partagent des int\u00e9r\u00eats similaires. Avec plus de 10 millions d\u2019utilisateurs enregistr\u00e9s dans le monde, Alt offre un espace s\u00fbr aux adultes pour explorer leur sexualit\u00e9 sans jugement.<\/p>\n<h3>Aff<\/h3>\n<p>Si vous cherchez un endroit o\u00f9 vous trouverez beaucoup d\u2019hommes chauds qui veulent <a href=\"http:\/\/therifles.net\/best-apps-for-finding-a-serious-relationship\/\">se connecter en ligne<\/a>, Adult Friend Finder pourrait \u00eatre la meilleure option sur le march\u00e9. Mais ce n\u2019est un secret pour personne que l\u2019AFF n\u2019est pas parfait. En fait, il y a beaucoup de raisons pour lesquelles c\u2019est l\u2019un des sites les plus controvers\u00e9s. Et bien qu\u2019il soit certainement vrai que AFF offre des fonctionnalit\u00e9s uniques, il convient \u00e9galement de noter qu\u2019il existe \u00e9galement des tonnes d\u2019autres options.<\/p>\n<p>Bien s\u00fbr, vous devez payer pour un abonnement premium, mais c\u2019est facultatif. Si vous d\u00e9cidez de mettre \u00e0 niveau, vous aurez acc\u00e8s \u00e0 de nombreuses fonctionnalit\u00e9s suppl\u00e9mentaires, notamment des chats vid\u00e9o, des flux de webcam, de la messagerie instantan\u00e9e, des e-mails, des applications mobiles et bien plus encore.<\/p>\n<h2>Types de fonctionnalit\u00e9s<\/h2>\n<h3>Une bonne exp\u00e9rience utilisateur<\/h3>\n<p>Vous ne vous souciez probablement pas de la beaut\u00e9 du site. Mais il importe que les gens puissent trouver ce qu\u2019ils recherchent rapidement et facilement. Vous ne devriez pas avoir \u00e0 passer des heures \u00e0 chercher quelqu\u2019un \u00e0 qui parler. Si votre site ne se charge pas assez rapidement, les gens rebondiront.<\/p>\n<h3>Navigation facile<\/h3>\n<p>Si vous n\u2019offrez pas une navigation facile, les gens ne sauront pas o\u00f9 aller une fois qu\u2019ils auront atterri. Ils pourraient m\u00eame penser que vous les arnaquez. Facilitez la navigation sur votre site et trouvez ce que vous voulez.<\/p>\n<h3>Beaucoup d\u2019options<\/h3>\n<p>Il n\u2019y a rien de pire que de s\u2019inscrire \u00e0 un site de connexion et de constater qu\u2019il n\u2019y a pas beaucoup d\u2019options. Ne laissez pas cela vous arriver. Il devrait y avoir beaucoup de fa\u00e7ons de se connecter avec diff\u00e9rents types de personnes.<\/p>\n","protected":false},"excerpt":{"rendered":"<p>Il y a beaucoup de raisons diff\u00e9rentes pour lesquelles les hommes veulent regarder leurs femmes les tromper. Certaines personnes aiment<\/p>\n","protected":false},"author":1,"featured_media":140,"parent":0,"menu_order":0,"comment_status":"closed","ping_status":"closed","template":"","meta":[],"yoast_head":"<!-- This site is optimized with the Yoast SEO plugin v17.7.1 - https:\/\/yoast.com\/wordpress\/plugins\/seo\/ -->\n<title>Cocu - Guide de connexion moderne<\/title>\n<meta name=\"robots\" content=\"index, follow, max-snippet:-1, max-image-preview:large, max-video-preview:-1\" \/>\n<link rel=\"canonical\" href=\"https:\/\/therifles.net\/fr\/cocu\/\" \/>\n<meta property=\"og:locale\" content=\"fr_FR\" \/>\n<meta property=\"og:type\" content=\"article\" \/>\n<meta property=\"og:title\" content=\"Cocu - Guide de connexion moderne\" \/>\n<meta property=\"og:description\" content=\"Il y a beaucoup de raisons diff\u00e9rentes pour lesquelles les hommes veulent regarder leurs femmes les tromper. Certaines personnes aiment\" \/>\n<meta property=\"og:url\" content=\"https:\/\/therifles.net\/fr\/cocu\/\" \/>\n<meta property=\"og:site_name\" content=\"Guide de connexion moderne\" \/>\n<meta property=\"article:modified_time\" content=\"2022-08-05T13:32:33+00:00\" \/>\n<meta name=\"twitter:card\" content=\"summary_large_image\" \/>\n<meta name=\"twitter:image\" content=\"https:\/\/therifles.net\/wp-content\/uploads\/2022\/08\/real-sex-apps.webp\" \/>\n<meta name=\"twitter:label1\" content=\"Dur\u00e9e de lecture estim\u00e9e\" \/>\n\t<meta name=\"twitter:data1\" content=\"4 minutes\" \/>\n<script type=\"application\/ld+json\" class=\"yoast-schema-graph\">{\"@context\":\"https:\/\/schema.org\",\"@graph\":[{\"@type\":\"WebSite\",\"@id\":\"http:\/\/therifles.net\/#website\",\"url\":\"http:\/\/therifles.net\/\",\"name\":\"Guide de connexion moderne\",\"description\":\"Conseiller personnel\",\"potentialAction\":[{\"@type\":\"SearchAction\",\"target\":{\"@type\":\"EntryPoint\",\"urlTemplate\":\"http:\/\/therifles.net\/?s={search_term_string}\"},\"query-input\":\"required name=search_term_string\"}],\"inLanguage\":\"fr-FR\"},{\"@type\":\"ImageObject\",\"@id\":\"https:\/\/therifles.net\/fr\/cocu\/#primaryimage\",\"inLanguage\":\"fr-FR\",\"url\":\"https:\/\/therifles.net\/wp-content\/uploads\/2022\/08\/real-sex-apps.webp\",\"contentUrl\":\"https:\/\/therifles.net\/wp-content\/uploads\/2022\/08\/real-sex-apps.webp\",\"width\":1125,\"height\":750},{\"@type\":\"WebPage\",\"@id\":\"https:\/\/therifles.net\/fr\/cocu\/#webpage\",\"url\":\"https:\/\/therifles.net\/fr\/cocu\/\",\"name\":\"Cocu - Guide de connexion moderne\",\"isPartOf\":{\"@id\":\"http:\/\/therifles.net\/#website\"},\"primaryImageOfPage\":{\"@id\":\"https:\/\/therifles.net\/fr\/cocu\/#primaryimage\"},\"datePublished\":\"2022-08-05T12:26:39+00:00\",\"dateModified\":\"2022-08-05T13:32:33+00:00\",\"breadcrumb\":{\"@id\":\"https:\/\/therifles.net\/fr\/cocu\/#breadcrumb\"},\"inLanguage\":\"fr-FR\",\"potentialAction\":[{\"@type\":\"ReadAction\",\"target\":[\"https:\/\/therifles.net\/fr\/cocu\/\"]}]},{\"@type\":\"BreadcrumbList\",\"@id\":\"https:\/\/therifles.net\/fr\/cocu\/#breadcrumb\",\"itemListElement\":[{\"@type\":\"ListItem\",\"position\":1,\"name\":\"Home\",\"item\":\"https:\/\/therifles.net\/fr\/\"},{\"@type\":\"ListItem\",\"position\":2,\"name\":\"Cocu\"}]}]}<\/script>\n<!-- \/ Yoast SEO plugin. -->","yoast_head_json":{"title":"Cocu - Guide de connexion moderne","robots":{"index":"index","follow":"follow","max-snippet":"max-snippet:-1","max-image-preview":"max-image-preview:large","max-video-preview":"max-video-preview:-1"},"canonical":"https:\/\/therifles.net\/fr\/cocu\/","og_locale":"fr_FR","og_type":"article","og_title":"Cocu - Guide de connexion moderne","og_description":"Il y a beaucoup de raisons diff\u00e9rentes pour lesquelles les hommes veulent regarder leurs femmes les tromper. Certaines personnes aiment","og_url":"https:\/\/therifles.net\/fr\/cocu\/","og_site_name":"Guide de connexion moderne","article_modified_time":"2022-08-05T13:32:33+00:00","twitter_card":"summary_large_image","twitter_image":"https:\/\/therifles.net\/wp-content\/uploads\/2022\/08\/real-sex-apps.webp","twitter_misc":{"Dur\u00e9e de lecture estim\u00e9e":"4 minutes"},"schema":{"@context":"https:\/\/schema.org","@graph":[{"@type":"WebSite","@id":"http:\/\/therifles.net\/#website","url":"http:\/\/therifles.net\/","name":"Guide de connexion moderne","description":"Conseiller personnel","potentialAction":[{"@type":"SearchAction","target":{"@type":"EntryPoint","urlTemplate":"http:\/\/therifles.net\/?s={search_term_string}"},"query-input":"required name=search_term_string"}],"inLanguage":"fr-FR"},{"@type":"ImageObject","@id":"https:\/\/therifles.net\/fr\/cocu\/#primaryimage","inLanguage":"fr-FR","url":"https:\/\/therifles.net\/wp-content\/uploads\/2022\/08\/real-sex-apps.webp","contentUrl":"https:\/\/therifles.net\/wp-content\/uploads\/2022\/08\/real-sex-apps.webp","width":1125,"height":750},{"@type":"WebPage","@id":"https:\/\/therifles.net\/fr\/cocu\/#webpage","url":"https:\/\/therifles.net\/fr\/cocu\/","name":"Cocu - Guide de connexion moderne","isPartOf":{"@id":"http:\/\/therifles.net\/#website"},"primaryImageOfPage":{"@id":"https:\/\/therifles.net\/fr\/cocu\/#primaryimage"},"datePublished":"2022-08-05T12:26:39+00:00","dateModified":"2022-08-05T13:32:33+00:00","breadcrumb":{"@id":"https:\/\/therifles.net\/fr\/cocu\/#breadcrumb"},"inLanguage":"fr-FR","potentialAction":[{"@type":"ReadAction","target":["https:\/\/therifles.net\/fr\/cocu\/"]}]},{"@type":"BreadcrumbList","@id":"https:\/\/therifles.net\/fr\/cocu\/#breadcrumb","itemListElement":[{"@type":"ListItem","position":1,"name":"Home","item":"https:\/\/therifles.net\/fr\/"},{"@type":"ListItem","position":2,"name":"Cocu"}]}]}},"_links":{"self":[{"href":"https:\/\/therifles.net\/fr\/wp-json\/wp\/v2\/pages\/259"}],"collection":[{"href":"https:\/\/therifles.net\/fr\/wp-json\/wp\/v2\/pages"}],"about":[{"href":"https:\/\/therifles.net\/fr\/wp-json\/wp\/v2\/types\/page"}],"author":[{"embeddable":true,"href":"https:\/\/therifles.net\/fr\/wp-json\/wp\/v2\/users\/1"}],"replies":[{"embeddable":true,"href":"https:\/\/therifles.net\/fr\/wp-json\/wp\/v2\/comments?post=259"}],"version-history":[{"count":1,"href":"https:\/\/therifles.net\/fr\/wp-json\/wp\/v2\/pages\/259\/revisions"}],"predecessor-version":[{"id":261,"href":"https:\/\/therifles.net\/fr\/wp-json\/wp\/v2\/pages\/259\/revisions\/261"}],"wp:featuredmedia":[{"embeddable":true,"href":"https:\/\/therifles.net\/fr\/wp-json\/wp\/v2\/media\/140"}],"wp:attachment":[{"href":"https:\/\/therifles.net\/fr\/wp-json\/wp\/v2\/media?parent=259"}],"curies":[{"name":"wp","href":"https:\/\/api.w.org\/{rel}","templated":true}]}}