{"id":232,"date":"2022-08-05T13:45:29","date_gmt":"2022-08-05T12:45:29","guid":{"rendered":"http:\/\/therifles.net\/meilleures-applications-pour-trouver-une-relation-serieuse\/"},"modified":"2022-08-05T14:32:31","modified_gmt":"2022-08-05T13:32:31","slug":"meilleures-applications-pour-trouver-une-relation-serieuse","status":"publish","type":"page","link":"https:\/\/therifles.net\/fr\/meilleures-applications-pour-trouver-une-relation-serieuse\/","title":{"rendered":"Meilleures applications pour trouver une relation s\u00e9rieuse"},"content":{"rendered":"<p>Si vous cherchez quelque chose de plus s\u00e9rieux, nous avons deux des meilleures recommandations pour vous ici.<\/p>\n<p>Ces deux sites sont les meilleurs si vous recherchez une relation \u00e0 long terme, plut\u00f4t qu\u2019un simple <a href=\"http:\/\/therifles.net\/sexting\/\">fing occasionnel<\/a>. Si vous vous inscrivez sur ces sites, sachez qu\u2019ils sont tous deux gratuits, mais il y a des frais si vous souhaitez utiliser les fonctionnalit\u00e9s premium.<\/p>\n<h3>Allumette<\/h3>\n<p>Match est un site de rencontre en ligne con\u00e7u sp\u00e9cifiquement pour ceux qui recherchent l\u2019amour. Qu\u2019il s\u2019agisse d\u2019une relation \u00e0 long terme ou de quelque chose de d\u00e9contract\u00e9, Match offre une exp\u00e9rience unique qui permet aux gens de trouver l\u2019amour en fonction de ce qu\u2019ils veulent vraiment de la vie. Vous pouvez \u00e9galement cr\u00e9er votre propre compte pour suivre votre activit\u00e9. Et si vous \u00eates int\u00e9ress\u00e9 \u00e0 rencontrer quelqu\u2019un d\u2019autre, vous pouvez le faire aussi. Les membres peuvent cr\u00e9er des groupes d\u2019amis pour s\u2019entraider \u00e0 trouver des partenaires compatibles.<\/p>\n<p>Le site est gratuit pour rejoindre et parcourir des profils, envoyer des messages et m\u00eame rencontrer quelqu\u2019un de sp\u00e9cial. Si vous d\u00e9cidez d\u2019aller plus loin, il n\u2019y a aucun co\u00fbt \u00e0 payer pour voir plus de correspondances potentielles. Vous pouvez soit utiliser le mod\u00e8le d\u2019abonnement premium du site, soit opter pour la version gratuite. Si vous choisissez de mettre \u00e0 niveau, vous recevrez un acc\u00e8s illimit\u00e9 aux nombreuses fonctionnalit\u00e9s du site, y compris la possibilit\u00e9 de visualiser un grand nombre de correspondances. Il existe \u00e9galement de nombreuses fa\u00e7ons de se connecter avec d\u2019autres membres. Par exemple, vous pouvez communiquer par SMS, e-mail, appels t\u00e9l\u00e9phoniques, chats vid\u00e9o et m\u00eame aller \u00e0 des rendez-vous virtuels.<\/p>\n<p>Donc, que vous recherchiez une relation s\u00e9rieuse ou juste un peu de plaisir, Match est l\u2019endroit o\u00f9 commencer.<\/p>\n<h3>OKCupid<\/h3>\n<p>OkCupid est l\u2019un des sites de rencontres en ligne les plus populaires au monde. Lanc\u00e9 en 2004, le site compte plus de 10 millions d\u2019utilisateurs quotidiens actifs. Son utilisation est gratuite, mais vous devez payer 20 $ \/ mois pour acc\u00e9der \u00e0 des fonctionnalit\u00e9s premium telles que des messages et des correspondances illimit\u00e9s.<\/p>\n<p>Le site offre plusieurs fa\u00e7ons diff\u00e9rentes de se connecter avec les gens, y compris <a href=\"http:\/\/therifles.net\/how-hookup-apps-work-finding-the-right-type-of-dating-app\/\">la navigation dans les profils<\/a>, la recherche d\u2019amis, la cr\u00e9ation de groupes et le chat avec d\u2019autres personnes par SMS, appels vocaux, chats vid\u00e9o et messagerie instantan\u00e9e. Vous pouvez m\u00eame envoyer des cadeaux \u00e0 quelqu\u2019un qui vous int\u00e9resse. La messagerie gratuite est disponible pour tous les utilisateurs. Si vous souhaitez entrer en contact avec un autre membre, appuyez simplement sur sa photo. \u00c0 partir de l\u00e0, vous pouvez choisir d\u2019envoyer un message rapide, de demander ce qu\u2019ils font ou de discuter de tout ce qui vous int\u00e9resse.<\/p>\n<p>Vous pouvez \u00e9galement parcourir les photos d\u2019autres utilisateurs et lire leur biographie. De cette fa\u00e7on, vous pouvez en apprendre davantage sur la personne avant de d\u00e9cider si vous voulez ou non commencer \u00e0 communiquer.<\/p>\n<h2>FAQ<\/h2>\n<h3>Quel est le meilleur site de rencontre pour trouver une petite amie?<\/h3>\n<p>La meilleure fa\u00e7on de trouver une petite amie est de passer par des sites de rencontres en ligne tels que Match.com, eHarmony, PlentyOfFish, Zoosk, OkCupid et Tinder. Les sites de rencontres en ligne permettent aux utilisateurs de rechercher des correspondances potentielles en fonction de l\u2019\u00e2ge, de l\u2019emplacement, des int\u00e9r\u00eats, des passe-temps, du statut de la relation et d\u2019autres crit\u00e8res. La plupart des sites de rencontres en ligne offrent \u00e9galement des salles de discussion o\u00f9 les membres peuvent rencontrer de nouvelles personnes.<\/p>\n<h3>Quels sont les meilleurs sites de rencontres 100% gratuits en 2022?<\/h3>\n<p>Le meilleur site de rencontre 100% gratuit en 2022 est Plenty Of Fish. Ce site Web a des millions d\u2019utilisateurs du monde entier, et ils recherchent l\u2019amour tout comme vous! Si vous voulez rencontrer de nouvelles personnes, alors POF est certainement le bon endroit pour commencer.<\/p>\n<h3>Existe-t-il un site de rencontre pour c\u00e9libataires aux \u00c9tats-Unis?<\/h3>\n<p>Oui, il existe un site de rencontres appel\u00e9 Zoosk qui a \u00e9t\u00e9 sp\u00e9cialement con\u00e7u pour les hommes et les femmes c\u00e9libataires \u00e0 la recherche de l\u2019amour \u00e0 New York. Le service permet aux utilisateurs de rechercher dans les profils d\u2019autres membres en fonction de l\u2019\u00e2ge, de l\u2019emplacement, des int\u00e9r\u00eats et du statut de la relation. Les utilisateurs peuvent \u00e9galement s\u2019envoyer des messages directement depuis le site.<\/p>\n","protected":false},"excerpt":{"rendered":"<p>Si vous cherchez quelque chose de plus s\u00e9rieux, nous avons deux des meilleures recommandations pour vous ici. Ces deux sites<\/p>\n","protected":false},"author":1,"featured_media":173,"parent":0,"menu_order":0,"comment_status":"closed","ping_status":"closed","template":"","meta":[],"yoast_head":"<!-- This site is optimized with the Yoast SEO plugin v17.7.1 - https:\/\/yoast.com\/wordpress\/plugins\/seo\/ -->\n<title>Meilleures applications pour trouver une relation s\u00e9rieuse - Guide de connexion moderne<\/title>\n<meta name=\"robots\" content=\"index, follow, max-snippet:-1, max-image-preview:large, max-video-preview:-1\" \/>\n<link rel=\"canonical\" href=\"https:\/\/therifles.net\/fr\/meilleures-applications-pour-trouver-une-relation-serieuse\/\" \/>\n<meta property=\"og:locale\" content=\"fr_FR\" \/>\n<meta property=\"og:type\" content=\"article\" \/>\n<meta property=\"og:title\" content=\"Meilleures applications pour trouver une relation s\u00e9rieuse - Guide de connexion moderne\" \/>\n<meta property=\"og:description\" content=\"Si vous cherchez quelque chose de plus s\u00e9rieux, nous avons deux des meilleures recommandations pour vous ici. Ces deux sites\" \/>\n<meta property=\"og:url\" content=\"https:\/\/therifles.net\/fr\/meilleures-applications-pour-trouver-une-relation-serieuse\/\" \/>\n<meta property=\"og:site_name\" content=\"Guide de connexion moderne\" \/>\n<meta property=\"article:modified_time\" content=\"2022-08-05T13:32:31+00:00\" \/>\n<meta property=\"og:image\" content=\"https:\/\/therifles.net\/wp-content\/uploads\/2022\/08\/real-dating.jpeg\" \/>\n\t<meta property=\"og:image:width\" content=\"1125\" \/>\n\t<meta property=\"og:image:height\" content=\"750\" \/>\n<meta name=\"twitter:card\" content=\"summary_large_image\" \/>\n<meta name=\"twitter:label1\" content=\"Dur\u00e9e de lecture estim\u00e9e\" \/>\n\t<meta name=\"twitter:data1\" content=\"4 minutes\" \/>\n<script type=\"application\/ld+json\" class=\"yoast-schema-graph\">{\"@context\":\"https:\/\/schema.org\",\"@graph\":[{\"@type\":\"WebSite\",\"@id\":\"http:\/\/therifles.net\/#website\",\"url\":\"http:\/\/therifles.net\/\",\"name\":\"Guide de connexion moderne\",\"description\":\"Conseiller personnel\",\"potentialAction\":[{\"@type\":\"SearchAction\",\"target\":{\"@type\":\"EntryPoint\",\"urlTemplate\":\"http:\/\/therifles.net\/?s={search_term_string}\"},\"query-input\":\"required name=search_term_string\"}],\"inLanguage\":\"fr-FR\"},{\"@type\":\"ImageObject\",\"@id\":\"https:\/\/therifles.net\/fr\/meilleures-applications-pour-trouver-une-relation-serieuse\/#primaryimage\",\"inLanguage\":\"fr-FR\",\"url\":\"https:\/\/therifles.net\/wp-content\/uploads\/2022\/08\/real-dating.jpeg\",\"contentUrl\":\"https:\/\/therifles.net\/wp-content\/uploads\/2022\/08\/real-dating.jpeg\",\"width\":1125,\"height\":750},{\"@type\":\"WebPage\",\"@id\":\"https:\/\/therifles.net\/fr\/meilleures-applications-pour-trouver-une-relation-serieuse\/#webpage\",\"url\":\"https:\/\/therifles.net\/fr\/meilleures-applications-pour-trouver-une-relation-serieuse\/\",\"name\":\"Meilleures applications pour trouver une relation s\\u00e9rieuse - Guide de connexion moderne\",\"isPartOf\":{\"@id\":\"http:\/\/therifles.net\/#website\"},\"primaryImageOfPage\":{\"@id\":\"https:\/\/therifles.net\/fr\/meilleures-applications-pour-trouver-une-relation-serieuse\/#primaryimage\"},\"datePublished\":\"2022-08-05T12:45:29+00:00\",\"dateModified\":\"2022-08-05T13:32:31+00:00\",\"breadcrumb\":{\"@id\":\"https:\/\/therifles.net\/fr\/meilleures-applications-pour-trouver-une-relation-serieuse\/#breadcrumb\"},\"inLanguage\":\"fr-FR\",\"potentialAction\":[{\"@type\":\"ReadAction\",\"target\":[\"https:\/\/therifles.net\/fr\/meilleures-applications-pour-trouver-une-relation-serieuse\/\"]}]},{\"@type\":\"BreadcrumbList\",\"@id\":\"https:\/\/therifles.net\/fr\/meilleures-applications-pour-trouver-une-relation-serieuse\/#breadcrumb\",\"itemListElement\":[{\"@type\":\"ListItem\",\"position\":1,\"name\":\"Home\",\"item\":\"https:\/\/therifles.net\/fr\/\"},{\"@type\":\"ListItem\",\"position\":2,\"name\":\"Meilleures applications pour trouver une relation s\\u00e9rieuse\"}]}]}<\/script>\n<!-- \/ Yoast SEO plugin. -->","yoast_head_json":{"title":"Meilleures applications pour trouver une relation s\u00e9rieuse - Guide de connexion moderne","robots":{"index":"index","follow":"follow","max-snippet":"max-snippet:-1","max-image-preview":"max-image-preview:large","max-video-preview":"max-video-preview:-1"},"canonical":"https:\/\/therifles.net\/fr\/meilleures-applications-pour-trouver-une-relation-serieuse\/","og_locale":"fr_FR","og_type":"article","og_title":"Meilleures applications pour trouver une relation s\u00e9rieuse - Guide de connexion moderne","og_description":"Si vous cherchez quelque chose de plus s\u00e9rieux, nous avons deux des meilleures recommandations pour vous ici. Ces deux sites","og_url":"https:\/\/therifles.net\/fr\/meilleures-applications-pour-trouver-une-relation-serieuse\/","og_site_name":"Guide de connexion moderne","article_modified_time":"2022-08-05T13:32:31+00:00","og_image":[{"width":1125,"height":750,"url":"https:\/\/therifles.net\/wp-content\/uploads\/2022\/08\/real-dating.jpeg","type":"image\/jpeg"}],"twitter_card":"summary_large_image","twitter_misc":{"Dur\u00e9e de lecture estim\u00e9e":"4 minutes"},"schema":{"@context":"https:\/\/schema.org","@graph":[{"@type":"WebSite","@id":"http:\/\/therifles.net\/#website","url":"http:\/\/therifles.net\/","name":"Guide de connexion moderne","description":"Conseiller personnel","potentialAction":[{"@type":"SearchAction","target":{"@type":"EntryPoint","urlTemplate":"http:\/\/therifles.net\/?s={search_term_string}"},"query-input":"required name=search_term_string"}],"inLanguage":"fr-FR"},{"@type":"ImageObject","@id":"https:\/\/therifles.net\/fr\/meilleures-applications-pour-trouver-une-relation-serieuse\/#primaryimage","inLanguage":"fr-FR","url":"https:\/\/therifles.net\/wp-content\/uploads\/2022\/08\/real-dating.jpeg","contentUrl":"https:\/\/therifles.net\/wp-content\/uploads\/2022\/08\/real-dating.jpeg","width":1125,"height":750},{"@type":"WebPage","@id":"https:\/\/therifles.net\/fr\/meilleures-applications-pour-trouver-une-relation-serieuse\/#webpage","url":"https:\/\/therifles.net\/fr\/meilleures-applications-pour-trouver-une-relation-serieuse\/","name":"Meilleures applications pour trouver une relation s\u00e9rieuse - Guide de connexion moderne","isPartOf":{"@id":"http:\/\/therifles.net\/#website"},"primaryImageOfPage":{"@id":"https:\/\/therifles.net\/fr\/meilleures-applications-pour-trouver-une-relation-serieuse\/#primaryimage"},"datePublished":"2022-08-05T12:45:29+00:00","dateModified":"2022-08-05T13:32:31+00:00","breadcrumb":{"@id":"https:\/\/therifles.net\/fr\/meilleures-applications-pour-trouver-une-relation-serieuse\/#breadcrumb"},"inLanguage":"fr-FR","potentialAction":[{"@type":"ReadAction","target":["https:\/\/therifles.net\/fr\/meilleures-applications-pour-trouver-une-relation-serieuse\/"]}]},{"@type":"BreadcrumbList","@id":"https:\/\/therifles.net\/fr\/meilleures-applications-pour-trouver-une-relation-serieuse\/#breadcrumb","itemListElement":[{"@type":"ListItem","position":1,"name":"Home","item":"https:\/\/therifles.net\/fr\/"},{"@type":"ListItem","position":2,"name":"Meilleures applications pour trouver une relation s\u00e9rieuse"}]}]}},"_links":{"self":[{"href":"https:\/\/therifles.net\/fr\/wp-json\/wp\/v2\/pages\/232"}],"collection":[{"href":"https:\/\/therifles.net\/fr\/wp-json\/wp\/v2\/pages"}],"about":[{"href":"https:\/\/therifles.net\/fr\/wp-json\/wp\/v2\/types\/page"}],"author":[{"embeddable":true,"href":"https:\/\/therifles.net\/fr\/wp-json\/wp\/v2\/users\/1"}],"replies":[{"embeddable":true,"href":"https:\/\/therifles.net\/fr\/wp-json\/wp\/v2\/comments?post=232"}],"version-history":[{"count":1,"href":"https:\/\/therifles.net\/fr\/wp-json\/wp\/v2\/pages\/232\/revisions"}],"predecessor-version":[{"id":237,"href":"https:\/\/therifles.net\/fr\/wp-json\/wp\/v2\/pages\/232\/revisions\/237"}],"wp:featuredmedia":[{"embeddable":true,"href":"https:\/\/therifles.net\/fr\/wp-json\/wp\/v2\/media\/173"}],"wp:attachment":[{"href":"https:\/\/therifles.net\/fr\/wp-json\/wp\/v2\/media?parent=232"}],"curies":[{"name":"wp","href":"https:\/\/api.w.org\/{rel}","templated":true}]}}