{"id":210,"date":"2022-08-05T13:38:51","date_gmt":"2022-08-05T12:38:51","guid":{"rendered":"http:\/\/therifles.net\/comment-fonctionnent-les-applications-de-connexion-trouver-le-bon-type-dapplication-de-rencontres\/"},"modified":"2022-08-05T14:32:31","modified_gmt":"2022-08-05T13:32:31","slug":"comment-fonctionnent-les-applications-de-connexion-trouver-le-bon-type-dapplication-de-rencontres","status":"publish","type":"page","link":"https:\/\/therifles.net\/fr\/comment-fonctionnent-les-applications-de-connexion-trouver-le-bon-type-dapplication-de-rencontres\/","title":{"rendered":"Comment fonctionnent les applications de connexion: trouver le bon type d\u2019application de rencontres"},"content":{"rendered":"<p>Trouver les sites de connexion occasionnels parfaits pour vous est facile. Tout ce que vous devez savoir, c\u2019est quelles sont vos pr\u00e9f\u00e9rences. Si vous recherchez un site g\u00e9n\u00e9ral de rencontres \/ rencontres o\u00f9 vous obtenez un peu de tout, nous vous recommandons Bumble, Tinder ou Hinge.<\/p>\n<p>Si vous cherchez \u00e0 trouver facilement une <a href=\"http:\/\/therifles.net\/fr\/?p=217\">connexion sexy<\/a> sans avoir besoin de recherches rigoureuses et de suggestions de couplage, des applications telles que Adult Friend Finder, No Strings Attached et Seeking sont parfaites. Si vous cherchez \u00e0 trouver des connexions de niche, consultez Alt, SilverSingles ou Kinky Dates. Le fait est que vous avez juste besoin de savoir quel type de foule un site de connexion donn\u00e9 offre et de d\u00e9terminer s\u2019ils correspondent \u00e0 vos besoins.<\/p>\n<h2>Qu\u2019est-ce qui vous convient le mieux?<\/h2>\n<p>Cette <a href=\"http:\/\/therifles.net\/fr\/?page_id=322\">application de rencontres<\/a> donne aux femmes plus de pouvoir sur la conversation, car ce sont elles qui initient le contact avec des rendez-vous potentiels. En fait, c\u2019est \u00e0 peu pr\u00e8s le contraire de Tinder, qui permet aux gars de faire le premier pas. D\u2019un autre c\u00f4t\u00e9, cependant, Bumble ne permet pas aux gars d\u2019envoyer des messages sans avoir d\u2019abord initi\u00e9 le contact. Donc, si vous cherchez un gars qui n\u2019a pas peur de vous demander de sortir, alors cela pourrait \u00eatre le site pour vous.<\/p>\n<h3>Gond<\/h3>\n<p>Hinge est un service de rencontres en ligne qui permet aux utilisateurs de se connecter avec d\u2019autres c\u00e9libataires gr\u00e2ce \u00e0 la correspondance de photos et \u00e0 des questions. Il est disponible sur les appareils iOS et Android. L\u2019application encourage \u00e9galement les utilisateurs \u00e0 \u00e9crire des invites les uns pour les autres. Ces invites permettent aux deux parties de mieux se conna\u00eetre. Les utilisateurs peuvent \u00e9galement ajouter des enregistrements audio \u00e0 leur profil, ce qui permet de mieux se comprendre.<\/p>\n<p>Mais l\u2019application est limit\u00e9e \u00e0 seulement 12 likes par jour. Si vous en cherchez plus, vous devrez payer 29,99 $ par mois. Ou vous pouvez acheter un abonnement annuel pour 399,99 $. Mais si vous n\u2019utilisez pas Facebook Ads, vous ne b\u00e9n\u00e9ficierez d\u2019aucune de ces options.<\/p>\n<h3>Pof<\/h3>\n<p>Plenty Of Fish n\u2019a peut-\u00eatre pas le m\u00eame public que d\u2019autres applications de rencontres comme Tinder et Bumble. Mais c\u2019est toujours un choix tr\u00e8s populaire &#8211; et il a l\u2019avantage qu\u2019il est gratuit. Vous pouvez \u00e9galement obtenir un abonnement moins cher si vous souhaitez payer pour une p\u00e9riode plus longue. Si vous recherchez une relation \u00e0 long terme, Plenty of Fish est un excellent point de d\u00e9part.<\/p>\n<h3>Allumette<\/h3>\n<p>Match est un endroit id\u00e9al pour rencontrer des gens si vous cherchez quelque chose de s\u00e9rieux. C\u2019est aussi un endroit id\u00e9al pour jouer et voir quel genre de connexions vous pourriez faire. Si vous \u00eates int\u00e9ress\u00e9 \u00e0 rencontrer quelqu\u2019un, vous devriez certainement consulter Match.com. Il existe de nombreuses autres options disponibles, comme OKCupid ou PlentyOfFish, mais Match est le meilleur choix global.<\/p>\n<h3>eHarmonie<\/h3>\n<p>eHarmony est un service de rencontres en ligne gratuit appartenant \u00e0 Match Group. Elle est active depuis 2001 et a eu de nombreuses publicit\u00e9s t\u00e9l\u00e9vis\u00e9es. Les membres peuvent payer pour un abonnement premium pour obtenir des fonctionnalit\u00e9s suppl\u00e9mentaires telles que le chat vid\u00e9o, les rappels de messages et les messages illimit\u00e9s. Le site permet \u00e9galement aux membres de rechercher des correspondances en fonction de l\u2019emplacement, de l\u2019\u00e2ge et du sexe.<\/p>\n<h3>Le caf\u00e9 rencontre Bagel<\/h3>\n<p>Coffee Meets Bagel convient mieux \u00e0 ceux qui recherchent des relations, mais ne sont pas encore pr\u00eats \u00e0 s\u2019engager. L\u2019algorithme de CMB d\u00e9termine qui vous convient et sugg\u00e8re une s\u00e9lection de correspondances potentielles chaque jour. Si vous ne v\u00e9rifiez pas vos suggestions pendant une journ\u00e9e, vous risquez de manquer l\u2019occasion d\u2019aimer quelqu\u2019un d\u2019autre s\u2019il vous est sugg\u00e9r\u00e9 plus tard.<\/p>\n<h3>Amadou<\/h3>\n<p>Tinder est devenu l\u2019une des applications de rencontres les plus populaires au monde. Mais il n\u2019est pas rare de sentir qu\u2019il est temps de passer \u00e0 autre chose. Peut-\u00eatre que vous \u00eates fatigu\u00e9 de voir les m\u00eames personnes ou de ne pas avoir de correspondances. Heureusement, il existe de nombreuses autres applications de rencontres. Nous avons trouv\u00e9 les meilleurs pour vous. On ne sait jamais, peut-\u00eatre que votre v\u00e9ritable amour vous attendra.<\/p>\n<h2>Conclusion<\/h2>\n<p>Si vous \u00eates une femme qui cherche \u00e0 rencontrer quelqu\u2019un pour s\u2019amuser, il existe de nombreuses applications qui vous permettent de le faire. Mais qu\u2019en est-il de ces moments o\u00f9 vous voulez aller \u00e0 un vrai rendez-vous, mais ne connaissez vraiment personne? Ou peut-\u00eatre \u00eates-vous c\u00e9libataire depuis un certain temps et aimeriez-vous essayer quelque chose de diff\u00e9rent? Eh bien, si vous \u00eates int\u00e9ress\u00e9 \u00e0 trouver un bon rendez-vous d\u00e9contract\u00e9, alors vous voudrez peut-\u00eatre essayer Bumble.<\/p>\n","protected":false},"excerpt":{"rendered":"<p>Trouver les sites de connexion occasionnels parfaits pour vous est facile. Tout ce que vous devez savoir, c\u2019est quelles sont<\/p>\n","protected":false},"author":1,"featured_media":162,"parent":0,"menu_order":0,"comment_status":"closed","ping_status":"closed","template":"","meta":[],"yoast_head":"<!-- This site is optimized with the Yoast SEO plugin v17.7.1 - https:\/\/yoast.com\/wordpress\/plugins\/seo\/ -->\n<title>Comment fonctionnent les applications de connexion: trouver le bon type d\u2019application de rencontres - Guide de connexion moderne<\/title>\n<meta name=\"robots\" content=\"index, follow, max-snippet:-1, max-image-preview:large, max-video-preview:-1\" \/>\n<link rel=\"canonical\" href=\"https:\/\/therifles.net\/fr\/comment-fonctionnent-les-applications-de-connexion-trouver-le-bon-type-dapplication-de-rencontres\/\" \/>\n<meta property=\"og:locale\" content=\"fr_FR\" \/>\n<meta property=\"og:type\" content=\"article\" \/>\n<meta property=\"og:title\" content=\"Comment fonctionnent les applications de connexion: trouver le bon type d\u2019application de rencontres - Guide de connexion moderne\" \/>\n<meta property=\"og:description\" content=\"Trouver les sites de connexion occasionnels parfaits pour vous est facile. Tout ce que vous devez savoir, c\u2019est quelles sont\" \/>\n<meta property=\"og:url\" content=\"https:\/\/therifles.net\/fr\/comment-fonctionnent-les-applications-de-connexion-trouver-le-bon-type-dapplication-de-rencontres\/\" \/>\n<meta property=\"og:site_name\" content=\"Guide de connexion moderne\" \/>\n<meta property=\"article:modified_time\" content=\"2022-08-05T13:32:31+00:00\" \/>\n<meta name=\"twitter:card\" content=\"summary_large_image\" \/>\n<meta name=\"twitter:image\" content=\"https:\/\/therifles.net\/wp-content\/uploads\/2022\/08\/sex-hookups.webp\" \/>\n<meta name=\"twitter:label1\" content=\"Dur\u00e9e de lecture estim\u00e9e\" \/>\n\t<meta name=\"twitter:data1\" content=\"4 minutes\" \/>\n<script type=\"application\/ld+json\" class=\"yoast-schema-graph\">{\"@context\":\"https:\/\/schema.org\",\"@graph\":[{\"@type\":\"WebSite\",\"@id\":\"https:\/\/therifles.net\/#website\",\"url\":\"https:\/\/therifles.net\/\",\"name\":\"Guide de connexion moderne\",\"description\":\"Conseiller personnel\",\"potentialAction\":[{\"@type\":\"SearchAction\",\"target\":{\"@type\":\"EntryPoint\",\"urlTemplate\":\"https:\/\/therifles.net\/?s={search_term_string}\"},\"query-input\":\"required name=search_term_string\"}],\"inLanguage\":\"fr-FR\"},{\"@type\":\"ImageObject\",\"@id\":\"https:\/\/therifles.net\/fr\/comment-fonctionnent-les-applications-de-connexion-trouver-le-bon-type-dapplication-de-rencontres\/#primaryimage\",\"inLanguage\":\"fr-FR\",\"url\":\"https:\/\/therifles.net\/wp-content\/uploads\/2022\/08\/sex-hookups.webp\",\"contentUrl\":\"https:\/\/therifles.net\/wp-content\/uploads\/2022\/08\/sex-hookups.webp\",\"width\":1125,\"height\":750},{\"@type\":\"WebPage\",\"@id\":\"https:\/\/therifles.net\/fr\/comment-fonctionnent-les-applications-de-connexion-trouver-le-bon-type-dapplication-de-rencontres\/#webpage\",\"url\":\"https:\/\/therifles.net\/fr\/comment-fonctionnent-les-applications-de-connexion-trouver-le-bon-type-dapplication-de-rencontres\/\",\"name\":\"Comment fonctionnent les applications de connexion: trouver le bon type d\\u2019application de rencontres - Guide de connexion moderne\",\"isPartOf\":{\"@id\":\"https:\/\/therifles.net\/#website\"},\"primaryImageOfPage\":{\"@id\":\"https:\/\/therifles.net\/fr\/comment-fonctionnent-les-applications-de-connexion-trouver-le-bon-type-dapplication-de-rencontres\/#primaryimage\"},\"datePublished\":\"2022-08-05T12:38:51+00:00\",\"dateModified\":\"2022-08-05T13:32:31+00:00\",\"breadcrumb\":{\"@id\":\"https:\/\/therifles.net\/fr\/comment-fonctionnent-les-applications-de-connexion-trouver-le-bon-type-dapplication-de-rencontres\/#breadcrumb\"},\"inLanguage\":\"fr-FR\",\"potentialAction\":[{\"@type\":\"ReadAction\",\"target\":[\"https:\/\/therifles.net\/fr\/comment-fonctionnent-les-applications-de-connexion-trouver-le-bon-type-dapplication-de-rencontres\/\"]}]},{\"@type\":\"BreadcrumbList\",\"@id\":\"https:\/\/therifles.net\/fr\/comment-fonctionnent-les-applications-de-connexion-trouver-le-bon-type-dapplication-de-rencontres\/#breadcrumb\",\"itemListElement\":[{\"@type\":\"ListItem\",\"position\":1,\"name\":\"Home\",\"item\":\"https:\/\/therifles.net\/fr\/\"},{\"@type\":\"ListItem\",\"position\":2,\"name\":\"Comment fonctionnent les applications de connexion: trouver le bon type d\\u2019application de rencontres\"}]}]}<\/script>\n<!-- \/ Yoast SEO plugin. -->","yoast_head_json":{"title":"Comment fonctionnent les applications de connexion: trouver le bon type d\u2019application de rencontres - Guide de connexion moderne","robots":{"index":"index","follow":"follow","max-snippet":"max-snippet:-1","max-image-preview":"max-image-preview:large","max-video-preview":"max-video-preview:-1"},"canonical":"https:\/\/therifles.net\/fr\/comment-fonctionnent-les-applications-de-connexion-trouver-le-bon-type-dapplication-de-rencontres\/","og_locale":"fr_FR","og_type":"article","og_title":"Comment fonctionnent les applications de connexion: trouver le bon type d\u2019application de rencontres - Guide de connexion moderne","og_description":"Trouver les sites de connexion occasionnels parfaits pour vous est facile. Tout ce que vous devez savoir, c\u2019est quelles sont","og_url":"https:\/\/therifles.net\/fr\/comment-fonctionnent-les-applications-de-connexion-trouver-le-bon-type-dapplication-de-rencontres\/","og_site_name":"Guide de connexion moderne","article_modified_time":"2022-08-05T13:32:31+00:00","twitter_card":"summary_large_image","twitter_image":"https:\/\/therifles.net\/wp-content\/uploads\/2022\/08\/sex-hookups.webp","twitter_misc":{"Dur\u00e9e de lecture estim\u00e9e":"4 minutes"},"schema":{"@context":"https:\/\/schema.org","@graph":[{"@type":"WebSite","@id":"https:\/\/therifles.net\/#website","url":"https:\/\/therifles.net\/","name":"Guide de connexion moderne","description":"Conseiller personnel","potentialAction":[{"@type":"SearchAction","target":{"@type":"EntryPoint","urlTemplate":"https:\/\/therifles.net\/?s={search_term_string}"},"query-input":"required name=search_term_string"}],"inLanguage":"fr-FR"},{"@type":"ImageObject","@id":"https:\/\/therifles.net\/fr\/comment-fonctionnent-les-applications-de-connexion-trouver-le-bon-type-dapplication-de-rencontres\/#primaryimage","inLanguage":"fr-FR","url":"https:\/\/therifles.net\/wp-content\/uploads\/2022\/08\/sex-hookups.webp","contentUrl":"https:\/\/therifles.net\/wp-content\/uploads\/2022\/08\/sex-hookups.webp","width":1125,"height":750},{"@type":"WebPage","@id":"https:\/\/therifles.net\/fr\/comment-fonctionnent-les-applications-de-connexion-trouver-le-bon-type-dapplication-de-rencontres\/#webpage","url":"https:\/\/therifles.net\/fr\/comment-fonctionnent-les-applications-de-connexion-trouver-le-bon-type-dapplication-de-rencontres\/","name":"Comment fonctionnent les applications de connexion: trouver le bon type d\u2019application de rencontres - Guide de connexion moderne","isPartOf":{"@id":"https:\/\/therifles.net\/#website"},"primaryImageOfPage":{"@id":"https:\/\/therifles.net\/fr\/comment-fonctionnent-les-applications-de-connexion-trouver-le-bon-type-dapplication-de-rencontres\/#primaryimage"},"datePublished":"2022-08-05T12:38:51+00:00","dateModified":"2022-08-05T13:32:31+00:00","breadcrumb":{"@id":"https:\/\/therifles.net\/fr\/comment-fonctionnent-les-applications-de-connexion-trouver-le-bon-type-dapplication-de-rencontres\/#breadcrumb"},"inLanguage":"fr-FR","potentialAction":[{"@type":"ReadAction","target":["https:\/\/therifles.net\/fr\/comment-fonctionnent-les-applications-de-connexion-trouver-le-bon-type-dapplication-de-rencontres\/"]}]},{"@type":"BreadcrumbList","@id":"https:\/\/therifles.net\/fr\/comment-fonctionnent-les-applications-de-connexion-trouver-le-bon-type-dapplication-de-rencontres\/#breadcrumb","itemListElement":[{"@type":"ListItem","position":1,"name":"Home","item":"https:\/\/therifles.net\/fr\/"},{"@type":"ListItem","position":2,"name":"Comment fonctionnent les applications de connexion: trouver le bon type d\u2019application de rencontres"}]}]}},"_links":{"self":[{"href":"https:\/\/therifles.net\/fr\/wp-json\/wp\/v2\/pages\/210"}],"collection":[{"href":"https:\/\/therifles.net\/fr\/wp-json\/wp\/v2\/pages"}],"about":[{"href":"https:\/\/therifles.net\/fr\/wp-json\/wp\/v2\/types\/page"}],"author":[{"embeddable":true,"href":"https:\/\/therifles.net\/fr\/wp-json\/wp\/v2\/users\/1"}],"replies":[{"embeddable":true,"href":"https:\/\/therifles.net\/fr\/wp-json\/wp\/v2\/comments?post=210"}],"version-history":[{"count":1,"href":"https:\/\/therifles.net\/fr\/wp-json\/wp\/v2\/pages\/210\/revisions"}],"predecessor-version":[{"id":214,"href":"https:\/\/therifles.net\/fr\/wp-json\/wp\/v2\/pages\/210\/revisions\/214"}],"wp:featuredmedia":[{"embeddable":true,"href":"https:\/\/therifles.net\/fr\/wp-json\/wp\/v2\/media\/162"}],"wp:attachment":[{"href":"https:\/\/therifles.net\/fr\/wp-json\/wp\/v2\/media?parent=210"}],"curies":[{"name":"wp","href":"https:\/\/api.w.org\/{rel}","templated":true}]}}