{"id":356,"date":"2022-08-05T11:21:13","date_gmt":"2022-08-05T10:21:13","guid":{"rendered":"http:\/\/therifles.net\/oikeat-treffisovellukset-sinkuille-jotka-haluavat-rakkautta\/"},"modified":"2022-08-05T14:33:10","modified_gmt":"2022-08-05T13:33:10","slug":"oikeat-treffisovellukset-sinkuille-jotka-haluavat-rakkautta","status":"publish","type":"page","link":"https:\/\/therifles.net\/fi\/","title":{"rendered":"Oikeat treffisovellukset sinkuille, jotka haluavat rakkautta"},"content":{"rendered":"<p>Onko sinulla vaikeuksia l\u00f6yt\u00e4\u00e4 rakkautta tai samanhenkisi\u00e4 naisia?<\/p>\n<p>Saatat ajatella, ett\u00e4 rakkauden l\u00f6yt\u00e4minen on tarpeeksi vaikeaa ilman, ett\u00e4 sinun tarvitsee etsi\u00e4 sit\u00e4 verkosta. Mutta aikuisten treffisivustot helpottavat asioita, koska voit suodattaa j\u00e4seni\u00e4 i\u00e4n, sukupuolen, sijainnin, kiinnostuksen kohteiden, etnisen alkuper\u00e4n, uskonnon, kehon tyypin, seksuaalisen suuntautumisen, el\u00e4m\u00e4ntapavalintojen, parisuhteen tilan jne. Sinun ei tarvitse edes menn\u00e4 ulos ja l\u00f6yt\u00e4\u00e4 niit\u00e4. Sinun tarvitsee vain rekister\u00f6ity\u00e4 verkossa. Kun olet tehnyt sen, voit selata profiileja ja l\u00e4hett\u00e4\u00e4 viestej\u00e4 mahdollisille otteluille.<\/p>\n<p>Parasta aikuisten treffisovelluksissa on, ett\u00e4 voit vapaasti ilmaista itse\u00e4si. Ei ole s\u00e4\u00e4nt\u00f6j\u00e4 tai m\u00e4\u00e4r\u00e4yksi\u00e4 &#8211; vain ihmiset, jotka etsiv\u00e4t rakkautta. Ja koska mik\u00e4\u00e4n ei est\u00e4 sinua olemasta rehellinen, avoin ja l\u00e4pin\u00e4kyv\u00e4, voit kertoa tarkalleen, mit\u00e4 haluat kumppanilta.<\/p>\n<p><img loading=\"lazy\" class=\"aligncenter wp-image-35\" src=\"http:\/\/therifles.net\/wp-content\/uploads\/2022\/08\/tinder-app-1024x683.jpeg\" alt=\"\" width=\"633\" height=\"422\" srcset=\"https:\/\/therifles.net\/wp-content\/uploads\/2022\/08\/tinder-app-1024x683.jpeg 1024w, https:\/\/therifles.net\/wp-content\/uploads\/2022\/08\/tinder-app-300x200.jpeg 300w, https:\/\/therifles.net\/wp-content\/uploads\/2022\/08\/tinder-app-768x512.jpeg 768w, https:\/\/therifles.net\/wp-content\/uploads\/2022\/08\/tinder-app-120x80.jpeg 120w, https:\/\/therifles.net\/wp-content\/uploads\/2022\/08\/tinder-app.jpeg 1125w\" sizes=\"(max-width: 633px) 100vw, 633px\" \/><\/p>\n<h2>Teht\u00e4v\u00e4mme<\/h2>\n<p>Olemme online-treffien arvostelusivusto, jossa sinun ei tarvitse antaa oikeaa nime\u00e4si, s\u00e4hk\u00f6postiosoitettasi tai edes luottokorttisi numeroa. Voit selata profiileja, l\u00e4hett\u00e4\u00e4 viestej\u00e4, katsella valokuvia ja videoita ja jopa saada yst\u00e4vi\u00e4 turvallisella sivustollamme.<\/p>\n<p>Jos etsit rakkautta, romantiikkaa, yst\u00e4vyytt\u00e4 tai seksi\u00e4, olet tullut oikeaan paikkaan. Tarjoamme t\u00e4ysin nimett\u00f6m\u00e4n kokemuksen, jossa kukaan ei tied\u00e4 sinusta mit\u00e4\u00e4n, joten voit liitty\u00e4 parhaisiin kytkent\u00e4sovelluksiin rakkauden l\u00f6yt\u00e4miseksi ja paljon muuta. Rekister\u00f6ityminen kest\u00e4\u00e4 alle 5 minuuttia ja voit liitty\u00e4 heti.<\/p>\n<p>Tuhannet aikuiset k\u00e4ytt\u00e4v\u00e4t sivustoamme jo l\u00f6yt\u00e4\u00e4kseen rakkautta, ja monet n\u00e4ist\u00e4 ihmisist\u00e4 etsiv\u00e4t satunnaisia kohtaamisia. Jos olet kiinnostunut l\u00f6yt\u00e4m\u00e4\u00e4n jonkun erityisen, miksi et kokeilisi n\u00e4it\u00e4 sivustoja t\u00e4n\u00e4\u00e4n?<\/p>\n<h2>4 parasta valintaamme<\/h2>\n<h3>\u00c4nkytt\u00e4\u00e4<\/h3>\n<p>Bumble on samanlainen kuin Tinder, paitsi ett\u00e4 miesten ei tarvitse aloittaa yhteytt\u00e4. Naiset tekev\u00e4t. Jos nainen haluaa sopia miehen kanssa, h\u00e4nen on l\u00e4hetett\u00e4v\u00e4 h\u00e4nelle pyynt\u00f6. H\u00e4nen ei tarvitse odottaa, ett\u00e4 h\u00e4n tavoittaa h\u00e4net. Sen sijaan h\u00e4n voi yksinkertaisesti pyyhk\u00e4ist\u00e4 vasemmalle, jos h\u00e4n ei ole kiinnostunut, tai pyyhk\u00e4ist\u00e4 oikealle, jos h\u00e4n on.<\/p>\n<p>Rennon seurustelun lis\u00e4ksi Bumblea voidaan k\u00e4ytt\u00e4\u00e4 my\u00f6s vakavan suhteen l\u00f6yt\u00e4miseen. Profiilin luomisen j\u00e4lkeen voi kirjoittaa itsest\u00e4\u00e4n ja sis\u00e4llytt\u00e4\u00e4 asioita, kuten harrastuksia, uratavoitteita jne. He voivat my\u00f6s kirjoittaa jotain ihanteellisesta kumppanistaan, mukaan lukien fyysiset piirteet, persoonallisuus jne.<\/p>\n<h3>Kasual<\/h3>\n<p>Kasual on ilmainen treffisovellus, joka helpottaa rakkauden l\u00f6yt\u00e4mist\u00e4. Ihmiset yritt\u00e4v\u00e4t l\u00f6yt\u00e4\u00e4 jonkun erityisen, ja he etsiv\u00e4t tapoja tehd\u00e4 se nimett\u00f6m\u00e4sti. Sovellus toimii kuten Tinder, jossa pyyhk\u00e4iset vasemmalle, jos et pid\u00e4 n\u00e4kem\u00e4st\u00e4si, tai heti, jos pid\u00e4t. Mutta toisin kuin Tinder, ei ole mit\u00e4\u00e4n keinoa l\u00e4hett\u00e4\u00e4 viestej\u00e4 muille. Sen sijaan pyyhk\u00e4iset vain oikealle, jos luulet ly\u00f6v\u00e4si sen toisen henkil\u00f6n kanssa. Voit h\u00e4m\u00e4rt\u00e4\u00e4 kasvosi ja lis\u00e4t\u00e4 muutamia hymi\u00f6it\u00e4 saadaksesi itsesi n\u00e4ytt\u00e4m\u00e4\u00e4n s\u00f6p\u00f6lt\u00e4. Ja koska sovellus ei ker\u00e4\u00e4 mit\u00e4\u00e4n tietoja, se ei n\u00e4y hauissa.<\/p>\n<h3>Ole tuhma<\/h3>\n<p>BeNaughty on online-matchmaking-sovellus, jonka avulla voit tavata ihmisi\u00e4 sijainnin ja kiinnostuksen kohteiden perusteella. Se on ilmainen ladata ja k\u00e4ytt\u00e4\u00e4, mutta se vaatii sinulta v\u00e4h\u00e4n vaivaa. Et halua olla yksi niist\u00e4 ihmisist\u00e4, joiden mielest\u00e4 online-treffisivustolle rekister\u00f6ityminen on liikaa ty\u00f6t\u00e4. Mit\u00e4 oikein odotat? Lataa BeNaughty nyt ja katso, miten se toimii.<\/p>\n<h3>Taula<\/h3>\n<p>Tinder on maailman tunnetuin treffisovellus \u2013 eik\u00e4 ihme. Se on ilmainen, helppok\u00e4ytt\u00f6inen ja viel\u00e4 helpompi unohtaa, kun tapaat jonkun. Jos haluat olla yhteydess\u00e4 johonkin, pyyhk\u00e4ise vain vasemmalle tai oikealle jokaiselle alueesi henkil\u00f6lle. Ja jos et n\u00e4e ket\u00e4\u00e4n mielenkiintoista, siell\u00e4 on paljon muita odottamassa sinua. Tinder ei ole t\u00e4ydellinen, mutta se on ehdottomasti tutustumisen arvoinen.<\/p>\n<p><img loading=\"lazy\" class=\"aligncenter wp-image-36\" src=\"http:\/\/therifles.net\/wp-content\/uploads\/2022\/08\/bench-dating.jpeg\" alt=\"\" width=\"580\" height=\"435\" srcset=\"https:\/\/therifles.net\/wp-content\/uploads\/2022\/08\/bench-dating.jpeg 1000w, https:\/\/therifles.net\/wp-content\/uploads\/2022\/08\/bench-dating-300x225.jpeg 300w, https:\/\/therifles.net\/wp-content\/uploads\/2022\/08\/bench-dating-768x576.jpeg 768w, https:\/\/therifles.net\/wp-content\/uploads\/2022\/08\/bench-dating-880x660.jpeg 880w\" sizes=\"(max-width: 580px) 100vw, 580px\" \/><\/p>\n<h2>Parhaan hy\u00f6dyn saaminen treffisovelluksista<\/h2>\n<p>Ymm\u00e4rr\u00e4mme, kuinka turhauttavaa voi olla yritt\u00e4\u00e4 l\u00f6yt\u00e4\u00e4 joku yhteensopiva. Joten rakensimme arvostelumme auttaaksemme sinua olemaan yhteydess\u00e4 muihin treffisivustoilla henkil\u00f6kohtaisten mieltymystesi perusteella. Sinun ei tarvitse huolehtia siit\u00e4, ett\u00e4 j\u00e4\u00e4t jumiin treffeille, jotka eiv\u00e4t sovi el\u00e4m\u00e4ntyyliisi. Ja tied\u00e4t aina, mit\u00e4 odottaa, koska varmistamme, ett\u00e4 jokainen profiili vastaa odotuksiasi.<\/p>\n<p>Olipa kyseess\u00e4 rento seksi tai vakavat suhteet, on paljon mahdollisuuksia tavata joku erityinen. Mutta parhaan tavan l\u00f6yt\u00e4minen olla yhteydess\u00e4 ihmisiin voi olla vaikeaa. Jos haluat alkaa tavata samanhenkisi\u00e4 aikuisia, joilla on samanlaisia kiinnostuksen kohteita.<\/p>\n<p>1. Ole oma itsesi &#8211; \u00c4l\u00e4 yrit\u00e4 teeskennell\u00e4 olevasi joku muu. Jos etsit vakavaa suhdetta, \u00e4l\u00e4 liity sivustoon, jossa kaikilla on vain hauskaa. Ihmiset haluavat tiet\u00e4\u00e4, mik\u00e4 saa sinut tikitt\u00e4m\u00e4\u00e4n. Joten kerro meille itsest\u00e4si. Kerro meille, mit\u00e4 haluat tehd\u00e4, kuinka paljon rahaa ansaitset, harrastukset jne. T\u00e4m\u00e4 auttaa meit\u00e4 yhdist\u00e4m\u00e4\u00e4n sinut muihin, joilla on samanlaisia piirteit\u00e4. Autamme sinua l\u00f6yt\u00e4m\u00e4\u00e4n henkil\u00f6n, joka jakaa arvosi ja persoonallisuutesi.<\/p>\n<p>2. Yhdist\u00e4 profiilisi siihen, mit\u00e4 haluat kumppaniltasi &#8211; Mieti, mit\u00e4 ominaisuuksia haluat kumppanilta.<\/p>\n<ul>\n<li>Onko h\u00e4n hauska?<\/li>\n<li>Fiksu?<\/li>\n<li>Urheilullinen?<\/li>\n<li>Nauttiiko h\u00e4n ulkoilusta?<\/li>\n<\/ul>\n<p>N\u00e4m\u00e4 asiat voivat auttaa sinua kaventamaan mahdollisten otteluiden kentt\u00e4\u00e4. Jos et esimerkiksi halua urheilusta tykk\u00e4\u00e4v\u00e4\u00e4 henkil\u00f6\u00e4, et n\u00e4e ket\u00e4\u00e4n, joka pelaa koripalloa eHarmony.com kaltaisilla sivustoilla. Tai jos haluat jonkun, joka nauttii hengailusta.<\/p>\n<h3>LGBT+ Inklusiivinen<\/h3>\n<p>Online-treffien maailma on valtava. Kun siell\u00e4 on satoja sivustoja, tarpeisiisi sopivan l\u00f6yt\u00e4minen on helpommin sanottu kuin tehty. Jos kuitenkin etsit jotain erityist\u00e4, olemme koonneet t\u00e4ydellisen luettelon luokista, jotka kattavat koko seksuaalisen suuntautumisen kirjon, mukaan lukien hetero, homo, bi, trans ja kaikki muu silt\u00e4 v\u00e4lilt\u00e4.<\/p>\n","protected":false},"excerpt":{"rendered":"<p>Onko sinulla vaikeuksia l\u00f6yt\u00e4\u00e4 rakkautta tai samanhenkisi\u00e4 naisia? Saatat ajatella, ett\u00e4 rakkauden l\u00f6yt\u00e4minen on tarpeeksi vaikeaa ilman, ett\u00e4 sinun tarvitsee<\/p>\n","protected":false},"author":1,"featured_media":0,"parent":0,"menu_order":0,"comment_status":"closed","ping_status":"closed","template":"","meta":[],"yoast_head":"<!-- This site is optimized with the Yoast SEO plugin v17.7.1 - https:\/\/yoast.com\/wordpress\/plugins\/seo\/ -->\n<title>Oikeat treffisovellukset sinkuille, jotka haluavat rakkautta - Moderni kytkent\u00e4opas<\/title>\n<meta name=\"robots\" content=\"index, follow, max-snippet:-1, max-image-preview:large, max-video-preview:-1\" \/>\n<link rel=\"canonical\" href=\"https:\/\/therifles.net\/fi\/\" \/>\n<meta property=\"og:locale\" content=\"fi_FI\" \/>\n<meta property=\"og:type\" content=\"article\" \/>\n<meta property=\"og:title\" content=\"Oikeat treffisovellukset sinkuille, jotka haluavat rakkautta - Moderni kytkent\u00e4opas\" \/>\n<meta property=\"og:description\" content=\"Onko sinulla vaikeuksia l\u00f6yt\u00e4\u00e4 rakkautta tai samanhenkisi\u00e4 naisia? Saatat ajatella, ett\u00e4 rakkauden l\u00f6yt\u00e4minen on tarpeeksi vaikeaa ilman, ett\u00e4 sinun tarvitsee\" \/>\n<meta property=\"og:url\" content=\"https:\/\/therifles.net\/fi\/\" \/>\n<meta property=\"og:site_name\" content=\"Moderni kytkent\u00e4opas\" \/>\n<meta property=\"article:modified_time\" content=\"2022-08-05T13:33:10+00:00\" \/>\n<meta property=\"og:image\" content=\"http:\/\/therifles.net\/wp-content\/uploads\/2022\/08\/tinder-app-1024x683.jpeg\" \/>\n<meta name=\"twitter:card\" content=\"summary_large_image\" \/>\n<meta name=\"twitter:label1\" content=\"Arvioitu lukuaika\" \/>\n\t<meta name=\"twitter:data1\" content=\"4 minuuttia\" \/>\n<script type=\"application\/ld+json\" class=\"yoast-schema-graph\">{\"@context\":\"https:\/\/schema.org\",\"@graph\":[{\"@type\":\"WebSite\",\"@id\":\"https:\/\/therifles.net\/#website\",\"url\":\"https:\/\/therifles.net\/\",\"name\":\"Moderni kytkent\\u00e4opas\",\"description\":\"Henkil\\u00f6kohtainen neuvonantaja\",\"potentialAction\":[{\"@type\":\"SearchAction\",\"target\":{\"@type\":\"EntryPoint\",\"urlTemplate\":\"https:\/\/therifles.net\/?s={search_term_string}\"},\"query-input\":\"required name=search_term_string\"}],\"inLanguage\":\"fi\"},{\"@type\":\"ImageObject\",\"@id\":\"https:\/\/therifles.net\/fi\/#primaryimage\",\"inLanguage\":\"fi\",\"url\":\"http:\/\/therifles.net\/wp-content\/uploads\/2022\/08\/tinder-app-1024x683.jpeg\",\"contentUrl\":\"http:\/\/therifles.net\/wp-content\/uploads\/2022\/08\/tinder-app-1024x683.jpeg\"},{\"@type\":\"WebPage\",\"@id\":\"https:\/\/therifles.net\/fi\/#webpage\",\"url\":\"https:\/\/therifles.net\/fi\/\",\"name\":\"Oikeat treffisovellukset sinkuille, jotka haluavat rakkautta - Moderni kytkent\\u00e4opas\",\"isPartOf\":{\"@id\":\"https:\/\/therifles.net\/#website\"},\"primaryImageOfPage\":{\"@id\":\"https:\/\/therifles.net\/fi\/#primaryimage\"},\"datePublished\":\"2022-08-05T10:21:13+00:00\",\"dateModified\":\"2022-08-05T13:33:10+00:00\",\"breadcrumb\":{\"@id\":\"https:\/\/therifles.net\/fi\/#breadcrumb\"},\"inLanguage\":\"fi\",\"potentialAction\":[{\"@type\":\"ReadAction\",\"target\":[\"https:\/\/therifles.net\/fi\/\"]}]},{\"@type\":\"BreadcrumbList\",\"@id\":\"https:\/\/therifles.net\/fi\/#breadcrumb\",\"itemListElement\":[{\"@type\":\"ListItem\",\"position\":1,\"name\":\"Home\",\"item\":\"http:\/\/therifles.net\/fi\/\"},{\"@type\":\"ListItem\",\"position\":2,\"name\":\"Oikeat treffisovellukset sinkuille, jotka haluavat rakkautta\"}]}]}<\/script>\n<!-- \/ Yoast SEO plugin. -->","yoast_head_json":{"title":"Oikeat treffisovellukset sinkuille, jotka haluavat rakkautta - Moderni kytkent\u00e4opas","robots":{"index":"index","follow":"follow","max-snippet":"max-snippet:-1","max-image-preview":"max-image-preview:large","max-video-preview":"max-video-preview:-1"},"canonical":"https:\/\/therifles.net\/fi\/","og_locale":"fi_FI","og_type":"article","og_title":"Oikeat treffisovellukset sinkuille, jotka haluavat rakkautta - Moderni kytkent\u00e4opas","og_description":"Onko sinulla vaikeuksia l\u00f6yt\u00e4\u00e4 rakkautta tai samanhenkisi\u00e4 naisia? Saatat ajatella, ett\u00e4 rakkauden l\u00f6yt\u00e4minen on tarpeeksi vaikeaa ilman, ett\u00e4 sinun tarvitsee","og_url":"https:\/\/therifles.net\/fi\/","og_site_name":"Moderni kytkent\u00e4opas","article_modified_time":"2022-08-05T13:33:10+00:00","og_image":[{"url":"http:\/\/therifles.net\/wp-content\/uploads\/2022\/08\/tinder-app-1024x683.jpeg"}],"twitter_card":"summary_large_image","twitter_misc":{"Arvioitu lukuaika":"4 minuuttia"},"schema":{"@context":"https:\/\/schema.org","@graph":[{"@type":"WebSite","@id":"https:\/\/therifles.net\/#website","url":"https:\/\/therifles.net\/","name":"Moderni kytkent\u00e4opas","description":"Henkil\u00f6kohtainen neuvonantaja","potentialAction":[{"@type":"SearchAction","target":{"@type":"EntryPoint","urlTemplate":"https:\/\/therifles.net\/?s={search_term_string}"},"query-input":"required name=search_term_string"}],"inLanguage":"fi"},{"@type":"ImageObject","@id":"https:\/\/therifles.net\/fi\/#primaryimage","inLanguage":"fi","url":"http:\/\/therifles.net\/wp-content\/uploads\/2022\/08\/tinder-app-1024x683.jpeg","contentUrl":"http:\/\/therifles.net\/wp-content\/uploads\/2022\/08\/tinder-app-1024x683.jpeg"},{"@type":"WebPage","@id":"https:\/\/therifles.net\/fi\/#webpage","url":"https:\/\/therifles.net\/fi\/","name":"Oikeat treffisovellukset sinkuille, jotka haluavat rakkautta - Moderni kytkent\u00e4opas","isPartOf":{"@id":"https:\/\/therifles.net\/#website"},"primaryImageOfPage":{"@id":"https:\/\/therifles.net\/fi\/#primaryimage"},"datePublished":"2022-08-05T10:21:13+00:00","dateModified":"2022-08-05T13:33:10+00:00","breadcrumb":{"@id":"https:\/\/therifles.net\/fi\/#breadcrumb"},"inLanguage":"fi","potentialAction":[{"@type":"ReadAction","target":["https:\/\/therifles.net\/fi\/"]}]},{"@type":"BreadcrumbList","@id":"https:\/\/therifles.net\/fi\/#breadcrumb","itemListElement":[{"@type":"ListItem","position":1,"name":"Home","item":"http:\/\/therifles.net\/fi\/"},{"@type":"ListItem","position":2,"name":"Oikeat treffisovellukset sinkuille, jotka haluavat rakkautta"}]}]}},"_links":{"self":[{"href":"https:\/\/therifles.net\/fi\/wp-json\/wp\/v2\/pages\/356"}],"collection":[{"href":"https:\/\/therifles.net\/fi\/wp-json\/wp\/v2\/pages"}],"about":[{"href":"https:\/\/therifles.net\/fi\/wp-json\/wp\/v2\/types\/page"}],"author":[{"embeddable":true,"href":"https:\/\/therifles.net\/fi\/wp-json\/wp\/v2\/users\/1"}],"replies":[{"embeddable":true,"href":"https:\/\/therifles.net\/fi\/wp-json\/wp\/v2\/comments?post=356"}],"version-history":[{"count":1,"href":"https:\/\/therifles.net\/fi\/wp-json\/wp\/v2\/pages\/356\/revisions"}],"predecessor-version":[{"id":358,"href":"https:\/\/therifles.net\/fi\/wp-json\/wp\/v2\/pages\/356\/revisions\/358"}],"wp:attachment":[{"href":"https:\/\/therifles.net\/fi\/wp-json\/wp\/v2\/media?parent=356"}],"curies":[{"name":"wp","href":"https:\/\/api.w.org\/{rel}","templated":true}]}}