{"id":308,"date":"2022-08-05T13:12:16","date_gmt":"2022-08-05T12:12:16","guid":{"rendered":"http:\/\/therifles.net\/onko-online-treffit-mita-tarvitset\/"},"modified":"2022-08-05T14:32:47","modified_gmt":"2022-08-05T13:32:47","slug":"onko-online-treffit-mita-tarvitset","status":"publish","type":"page","link":"https:\/\/therifles.net\/fi\/onko-online-treffit-mita-tarvitset\/","title":{"rendered":"Onko online-treffit mit\u00e4 tarvitset?"},"content":{"rendered":"<p>Ajatus siit\u00e4, ett\u00e4 voisit l\u00f6yt\u00e4\u00e4 &#8221;yhden&#8221; istuessasi yksin tietokoneen n\u00e4yt\u00f6n edess\u00e4, saattaa tuntua joltakin elokuvalta, mutta \u00e4skett\u00e4isen tutkimuksen mukaan noin puolet amerikkalaisista sanoo tehneens\u00e4 juuri niin.<\/p>\n<p>Itse asiassa tutkijat havaitsivat, ett\u00e4 <a href=\"http:\/\/therifles.net\/texting-with-your-partner\/\">online-treffisivustoja<\/a> k\u00e4ytt\u00e4v\u00e4t ihmiset ovat yleens\u00e4 vanhempia ja varakkaampia kuin ne, jotka eiv\u00e4t, ja ett\u00e4 ihmiset, jotka seurustelevat verkossa, p\u00e4\u00e4tyv\u00e4t paljon todenn\u00e4k\u00f6isemmin naimisiin kesken\u00e4\u00e4n.<\/p>\n<p>Jos olet ajatellut kokeilla online-treffailua, t\u00e4ss\u00e4 on joitain syit\u00e4, miksi sinun ei pit\u00e4isi viel\u00e4 maksaa liittymisest\u00e4 sivustoon.<\/p>\n<h2>J\u00e4\u00e4t paitsi upeista treffeist\u00e4<\/h2>\n<p>Siell\u00e4 on paljon ilmaisia treffisivustoja, ja vaikka ne eiv\u00e4t aina ole paras vaihtoehto, ne tarjoavat yleens\u00e4 hyv\u00e4n l\u00e4ht\u00f6kohdan. Jos kuitenkin etsit jotain erityist\u00e4, sinun kannattaa harkita premium-j\u00e4senyyden maksamista. T\u00e4ll\u00e4 tavalla sinun ei tarvitse huolehtia siit\u00e4, ett\u00e4 sinut sovitetaan yhteen kenenk\u00e4\u00e4n kanssa, joka ei t\u00e4yt\u00e4 standardejasi.<\/p>\n<h2>Tuhlaat v\u00e4hemm\u00e4n aikaa<\/h2>\n<p>Kun k\u00e4yt\u00e4t maksullista palvelua, voit suodattaa mahdolliset osumasi sijainnin, ik\u00e4ryhm\u00e4n, parisuhteen tilan ja jopa harrastusten perusteella. T\u00e4m\u00e4 helpottaa sellaisen henkil\u00f6n l\u00f6yt\u00e4mist\u00e4, jolla on samanlaiset kiinnostuksen kohteet. Ja koska voit selata profiileja ilmaiseksi, et viet\u00e4 tuntikausia pyyhk\u00e4isem\u00e4ll\u00e4 vasemmalle ja oikealle.<\/p>\n<h2>S\u00e4\u00e4st\u00e4t rahaa<\/h2>\n<p>Tied\u00e4tk\u00f6 ne kalliit kuukausitilaukset? Ne t\u00e4sm\u00e4\u00e4v\u00e4t nopeasti. Ilmainen palvelu on usein my\u00f6s halvempaa, varsinkin jos rekister\u00f6idyt useille tileille. Esimerkiksi Match.com tarjoaa kolme erilaista suunnitelmaa: 9.99 dollaria kuukaudessa perusk\u00e4yt\u00f6st\u00e4; 19.95 dollaria kuukaudessa rajoittamattomasta viestinn\u00e4st\u00e4; ja 29.95 dollaria kuukaudessa premium-ominaisuuksista, kuten videokeskustelusta.<\/p>\n<h2>Suosittu valinta kokeilla rentoa seksi\u00e4 &#8211; Ashely Madison<\/h2>\n<p>Ashley Madison on niin suosittu, ett\u00e4 monet ihmiset tiet\u00e4v\u00e4t siit\u00e4. T\u00e4m\u00e4 online-treffi- ja suhdesivusto on ollut aktiivinen vuodesta 2002 ja tarjoaa maksullisia j\u00e4senyyksi\u00e4 niille, jotka etsiv\u00e4t jotain vakavaa. Jopa satunnaiset k\u00e4ytt\u00e4j\u00e4t voivat kuitenkin l\u00f6yt\u00e4\u00e4 sivustolta jonkun erityisen. Yli 20 miljoonalla rekister\u00f6ityneell\u00e4 j\u00e4senell\u00e4 ymp\u00e4ri maailmaa on paljon mahdollisuuksia tavata joku, jonka kanssa haluat seurustella.<\/p>\n<p>Sivusto keskittyy p\u00e4\u00e4asiassa auttamaan naimisissa olevia ihmisi\u00e4 huijaamaan, mutta se sopii erinomaisesti my\u00f6s naimattomille miehille ja naisille, jotka etsiv\u00e4t rentoa seksi\u00e4. Ik\u00e4\u00e4 tai sukupuolta ei ole rajoitettu, ja voit tehd\u00e4 mit\u00e4 haluat huolehtimatta kiinni j\u00e4\u00e4misest\u00e4. Voit jopa l\u00e4hett\u00e4\u00e4 rahaa PayPal kautta maksaaksesi lis\u00e4ominaisuuksista, kuten live-cam-malleista, puhelinseksist\u00e4 ja rajoittamattomista s\u00e4hk\u00f6posteista.<\/p>\n<p>Sinun ei tarvitse huolehtia siit\u00e4, ett\u00e4 sinut l\u00f6ydet\u00e4\u00e4n, koska sivusto k\u00e4ytt\u00e4\u00e4 salaustekniikkaa pit\u00e4\u00e4kseen henkil\u00f6kohtaiset tietosi turvassa. Itse asiassa sivusto ylpeilee, ett\u00e4 &#8221;yksityisyydell\u00e4si on merkityst\u00e4&#8221;.<\/p>\n","protected":false},"excerpt":{"rendered":"<p>Ajatus siit\u00e4, ett\u00e4 voisit l\u00f6yt\u00e4\u00e4 &#8221;yhden&#8221; istuessasi yksin tietokoneen n\u00e4yt\u00f6n edess\u00e4, saattaa tuntua joltakin elokuvalta, mutta \u00e4skett\u00e4isen tutkimuksen mukaan noin<\/p>\n","protected":false},"author":1,"featured_media":117,"parent":0,"menu_order":0,"comment_status":"closed","ping_status":"closed","template":"","meta":[],"yoast_head":"<!-- This site is optimized with the Yoast SEO plugin v17.7.1 - https:\/\/yoast.com\/wordpress\/plugins\/seo\/ -->\n<title>Onko online-treffit mit\u00e4 tarvitset? - Moderni kytkent\u00e4opas<\/title>\n<meta name=\"robots\" content=\"index, follow, max-snippet:-1, max-image-preview:large, max-video-preview:-1\" \/>\n<link rel=\"canonical\" href=\"https:\/\/therifles.net\/fi\/onko-online-treffit-mita-tarvitset\/\" \/>\n<meta property=\"og:locale\" content=\"fi_FI\" \/>\n<meta property=\"og:type\" content=\"article\" \/>\n<meta property=\"og:title\" content=\"Onko online-treffit mit\u00e4 tarvitset? - Moderni kytkent\u00e4opas\" \/>\n<meta property=\"og:description\" content=\"Ajatus siit\u00e4, ett\u00e4 voisit l\u00f6yt\u00e4\u00e4 &#8221;yhden&#8221; istuessasi yksin tietokoneen n\u00e4yt\u00f6n edess\u00e4, saattaa tuntua joltakin elokuvalta, mutta \u00e4skett\u00e4isen tutkimuksen mukaan noin\" \/>\n<meta property=\"og:url\" content=\"https:\/\/therifles.net\/fi\/onko-online-treffit-mita-tarvitset\/\" \/>\n<meta property=\"og:site_name\" content=\"Moderni kytkent\u00e4opas\" \/>\n<meta property=\"article:modified_time\" content=\"2022-08-05T13:32:47+00:00\" \/>\n<meta property=\"og:image\" content=\"https:\/\/therifles.net\/wp-content\/uploads\/2022\/08\/dating-list.jpeg\" \/>\n\t<meta property=\"og:image:width\" content=\"1125\" \/>\n\t<meta property=\"og:image:height\" content=\"750\" \/>\n<meta name=\"twitter:card\" content=\"summary_large_image\" \/>\n<meta name=\"twitter:label1\" content=\"Arvioitu lukuaika\" \/>\n\t<meta name=\"twitter:data1\" content=\"2 minuuttia\" \/>\n<script type=\"application\/ld+json\" class=\"yoast-schema-graph\">{\"@context\":\"https:\/\/schema.org\",\"@graph\":[{\"@type\":\"WebSite\",\"@id\":\"https:\/\/therifles.net\/#website\",\"url\":\"https:\/\/therifles.net\/\",\"name\":\"Moderni kytkent\\u00e4opas\",\"description\":\"Henkil\\u00f6kohtainen neuvonantaja\",\"potentialAction\":[{\"@type\":\"SearchAction\",\"target\":{\"@type\":\"EntryPoint\",\"urlTemplate\":\"https:\/\/therifles.net\/?s={search_term_string}\"},\"query-input\":\"required name=search_term_string\"}],\"inLanguage\":\"fi\"},{\"@type\":\"ImageObject\",\"@id\":\"https:\/\/therifles.net\/fi\/onko-online-treffit-mita-tarvitset\/#primaryimage\",\"inLanguage\":\"fi\",\"url\":\"https:\/\/therifles.net\/wp-content\/uploads\/2022\/08\/dating-list.jpeg\",\"contentUrl\":\"https:\/\/therifles.net\/wp-content\/uploads\/2022\/08\/dating-list.jpeg\",\"width\":1125,\"height\":750},{\"@type\":\"WebPage\",\"@id\":\"https:\/\/therifles.net\/fi\/onko-online-treffit-mita-tarvitset\/#webpage\",\"url\":\"https:\/\/therifles.net\/fi\/onko-online-treffit-mita-tarvitset\/\",\"name\":\"Onko online-treffit mit\\u00e4 tarvitset? - Moderni kytkent\\u00e4opas\",\"isPartOf\":{\"@id\":\"https:\/\/therifles.net\/#website\"},\"primaryImageOfPage\":{\"@id\":\"https:\/\/therifles.net\/fi\/onko-online-treffit-mita-tarvitset\/#primaryimage\"},\"datePublished\":\"2022-08-05T12:12:16+00:00\",\"dateModified\":\"2022-08-05T13:32:47+00:00\",\"breadcrumb\":{\"@id\":\"https:\/\/therifles.net\/fi\/onko-online-treffit-mita-tarvitset\/#breadcrumb\"},\"inLanguage\":\"fi\",\"potentialAction\":[{\"@type\":\"ReadAction\",\"target\":[\"https:\/\/therifles.net\/fi\/onko-online-treffit-mita-tarvitset\/\"]}]},{\"@type\":\"BreadcrumbList\",\"@id\":\"https:\/\/therifles.net\/fi\/onko-online-treffit-mita-tarvitset\/#breadcrumb\",\"itemListElement\":[{\"@type\":\"ListItem\",\"position\":1,\"name\":\"Home\",\"item\":\"http:\/\/therifles.net\/fi\/\"},{\"@type\":\"ListItem\",\"position\":2,\"name\":\"Onko online-treffit mit\\u00e4 tarvitset?\"}]}]}<\/script>\n<!-- \/ Yoast SEO plugin. -->","yoast_head_json":{"title":"Onko online-treffit mit\u00e4 tarvitset? - Moderni kytkent\u00e4opas","robots":{"index":"index","follow":"follow","max-snippet":"max-snippet:-1","max-image-preview":"max-image-preview:large","max-video-preview":"max-video-preview:-1"},"canonical":"https:\/\/therifles.net\/fi\/onko-online-treffit-mita-tarvitset\/","og_locale":"fi_FI","og_type":"article","og_title":"Onko online-treffit mit\u00e4 tarvitset? - Moderni kytkent\u00e4opas","og_description":"Ajatus siit\u00e4, ett\u00e4 voisit l\u00f6yt\u00e4\u00e4 &#8221;yhden&#8221; istuessasi yksin tietokoneen n\u00e4yt\u00f6n edess\u00e4, saattaa tuntua joltakin elokuvalta, mutta \u00e4skett\u00e4isen tutkimuksen mukaan noin","og_url":"https:\/\/therifles.net\/fi\/onko-online-treffit-mita-tarvitset\/","og_site_name":"Moderni kytkent\u00e4opas","article_modified_time":"2022-08-05T13:32:47+00:00","og_image":[{"width":1125,"height":750,"url":"https:\/\/therifles.net\/wp-content\/uploads\/2022\/08\/dating-list.jpeg","type":"image\/jpeg"}],"twitter_card":"summary_large_image","twitter_misc":{"Arvioitu lukuaika":"2 minuuttia"},"schema":{"@context":"https:\/\/schema.org","@graph":[{"@type":"WebSite","@id":"https:\/\/therifles.net\/#website","url":"https:\/\/therifles.net\/","name":"Moderni kytkent\u00e4opas","description":"Henkil\u00f6kohtainen neuvonantaja","potentialAction":[{"@type":"SearchAction","target":{"@type":"EntryPoint","urlTemplate":"https:\/\/therifles.net\/?s={search_term_string}"},"query-input":"required name=search_term_string"}],"inLanguage":"fi"},{"@type":"ImageObject","@id":"https:\/\/therifles.net\/fi\/onko-online-treffit-mita-tarvitset\/#primaryimage","inLanguage":"fi","url":"https:\/\/therifles.net\/wp-content\/uploads\/2022\/08\/dating-list.jpeg","contentUrl":"https:\/\/therifles.net\/wp-content\/uploads\/2022\/08\/dating-list.jpeg","width":1125,"height":750},{"@type":"WebPage","@id":"https:\/\/therifles.net\/fi\/onko-online-treffit-mita-tarvitset\/#webpage","url":"https:\/\/therifles.net\/fi\/onko-online-treffit-mita-tarvitset\/","name":"Onko online-treffit mit\u00e4 tarvitset? - Moderni kytkent\u00e4opas","isPartOf":{"@id":"https:\/\/therifles.net\/#website"},"primaryImageOfPage":{"@id":"https:\/\/therifles.net\/fi\/onko-online-treffit-mita-tarvitset\/#primaryimage"},"datePublished":"2022-08-05T12:12:16+00:00","dateModified":"2022-08-05T13:32:47+00:00","breadcrumb":{"@id":"https:\/\/therifles.net\/fi\/onko-online-treffit-mita-tarvitset\/#breadcrumb"},"inLanguage":"fi","potentialAction":[{"@type":"ReadAction","target":["https:\/\/therifles.net\/fi\/onko-online-treffit-mita-tarvitset\/"]}]},{"@type":"BreadcrumbList","@id":"https:\/\/therifles.net\/fi\/onko-online-treffit-mita-tarvitset\/#breadcrumb","itemListElement":[{"@type":"ListItem","position":1,"name":"Home","item":"http:\/\/therifles.net\/fi\/"},{"@type":"ListItem","position":2,"name":"Onko online-treffit mit\u00e4 tarvitset?"}]}]}},"_links":{"self":[{"href":"https:\/\/therifles.net\/fi\/wp-json\/wp\/v2\/pages\/308"}],"collection":[{"href":"https:\/\/therifles.net\/fi\/wp-json\/wp\/v2\/pages"}],"about":[{"href":"https:\/\/therifles.net\/fi\/wp-json\/wp\/v2\/types\/page"}],"author":[{"embeddable":true,"href":"https:\/\/therifles.net\/fi\/wp-json\/wp\/v2\/users\/1"}],"replies":[{"embeddable":true,"href":"https:\/\/therifles.net\/fi\/wp-json\/wp\/v2\/comments?post=308"}],"version-history":[{"count":1,"href":"https:\/\/therifles.net\/fi\/wp-json\/wp\/v2\/pages\/308\/revisions"}],"predecessor-version":[{"id":312,"href":"https:\/\/therifles.net\/fi\/wp-json\/wp\/v2\/pages\/308\/revisions\/312"}],"wp:featuredmedia":[{"embeddable":true,"href":"https:\/\/therifles.net\/fi\/wp-json\/wp\/v2\/media\/117"}],"wp:attachment":[{"href":"https:\/\/therifles.net\/fi\/wp-json\/wp\/v2\/media?parent=308"}],"curies":[{"name":"wp","href":"https:\/\/api.w.org\/{rel}","templated":true}]}}