{"id":302,"date":"2022-08-05T13:38:51","date_gmt":"2022-08-05T12:38:51","guid":{"rendered":"http:\/\/therifles.net\/kuinka-kytkentasovellukset-toimivat-oikean-tyyppisen-treffisovelluksen-loytaminen\/"},"modified":"2022-08-05T14:32:47","modified_gmt":"2022-08-05T13:32:47","slug":"kuinka-kytkentasovellukset-toimivat-oikean-tyyppisen-treffisovelluksen-loytaminen","status":"publish","type":"page","link":"https:\/\/therifles.net\/fi\/kuinka-kytkentasovellukset-toimivat-oikean-tyyppisen-treffisovelluksen-loytaminen\/","title":{"rendered":"Kuinka kytkent\u00e4sovellukset toimivat: Oikean tyyppisen treffisovelluksen l\u00f6yt\u00e4minen"},"content":{"rendered":"<p>T\u00e4ydellisen rennon kytkent\u00e4sivuston l\u00f6yt\u00e4minen sinulle on helppoa. Sinun tarvitsee vain tiet\u00e4\u00e4, mitk\u00e4 ovat mieltymyksesi. Jos etsit yleist\u00e4 treffi-\/yhteyssivustoa, josta saat v\u00e4h\u00e4n kaikkea, suosittelemme Bumblea, Tinderi\u00e4 tai Hingea.<\/p>\n<p>Jos haluat l\u00f6yt\u00e4\u00e4 <a href=\"http:\/\/therifles.net\/texting-with-your-partner\/\">seksikk\u00e4\u00e4n yhteyden helposti<\/a> ilman tiukkoja hakuja ja pariliitosehdotuksia, sovellukset, kuten Adult Friend Finder, No Strings Attached ja Seeking, ovat t\u00e4ydellisi\u00e4. Jos etsit niche-kytkent\u00f6jen l\u00f6yt\u00e4mist\u00e4, tutustu Altiin, SilverSinglesiin tai Kinky Datesiin. Asia on, ett\u00e4 sinun tarvitsee vain tiet\u00e4\u00e4, millaista yleis\u00f6\u00e4 mik\u00e4\u00e4n kytkent\u00e4sivusto tarjoaa, ja m\u00e4\u00e4ritt\u00e4\u00e4, vastaavatko ne tarpeitasi.<\/p>\n<h2>Mik\u00e4 sopii sinulle parhaiten?<\/h2>\n<p>T\u00e4m\u00e4 <a href=\"http:\/\/therifles.net\/is-online-dating-what-you-need\/\">treffisovellus<\/a> antaa naisille enemm\u00e4n valtaa keskusteluun, koska he ovat niit\u00e4, jotka aloittavat yhteyden mahdollisiin treffeihin. Itse asiassa se on melkein p\u00e4invastainen kuin Tinder, jonka avulla kaverit voivat tehd\u00e4 ensimm\u00e4isen liikkeen. K\u00e4\u00e4nt\u00f6puolella Bumble ei kuitenkaan salli kavereiden l\u00e4hett\u00e4\u00e4 viestej\u00e4 aloittamatta ensin yhteydenottoa. Joten jos etsit kaveria, joka ei pelk\u00e4\u00e4 pyyt\u00e4\u00e4 sinua ulos, t\u00e4m\u00e4 voi olla sivusto sinulle.<\/p>\n<h3>Sarana<\/h3>\n<p>Hinge on online-treffipalvelu, jonka avulla k\u00e4ytt\u00e4j\u00e4t voivat olla yhteydess\u00e4 muihin sinkkuihin valokuvien vastaavuuden ja kysymysten kautta. Se on saatavana iOS- ja Android-laitteille. Sovellus kannustaa my\u00f6s k\u00e4ytt\u00e4ji\u00e4 kirjoittamaan kehotteita toisilleen. N\u00e4iden kehotteiden avulla molemmat osapuolet voivat tutustua toisiinsa paremmin. K\u00e4ytt\u00e4j\u00e4t voivat my\u00f6s lis\u00e4t\u00e4 \u00e4\u00e4nitallenteita profiiliinsa, mik\u00e4 auttaa ymm\u00e4rt\u00e4m\u00e4\u00e4n toisiaan paremmin.<\/p>\n<p>Mutta sovellus on rajoitettu vain 12 tykk\u00e4ykseen p\u00e4iv\u00e4ss\u00e4. Jos etsit lis\u00e4\u00e4, sinun on maksettava 29.99 dollaria kuukaudessa. Tai voit ostaa vuositilauksen hintaan 399.99 dollaria. Mutta jos et k\u00e4yt\u00e4 Facebook-mainoksia, et hy\u00f6dy mist\u00e4\u00e4n n\u00e4ist\u00e4 vaihtoehdoista.<\/p>\n<h3>Pof<\/h3>\n<p>Monilla kaloilla ei ehk\u00e4 ole samaa yleis\u00f6\u00e4 kuin muilla treffisovelluksilla, kuten Tinderill\u00e4 ja Bumblella. Mutta se on edelleen eritt\u00e4in suosittu valinta &#8211; ja sill\u00e4 on se etu, ett\u00e4 se on ilmainen. Voit my\u00f6s saada halvemman tilauksen, jos haluat maksaa pidemm\u00e4n ajan. Jos etsit pitk\u00e4aikaista suhdetta, Plenty of Fish on erinomainen paikka aloittaa.<\/p>\n<h3>Tulitikku<\/h3>\n<p>Match on loistava paikka tavata ihmisi\u00e4, jos etsit jotain vakavaa. Se on my\u00f6s loistava paikka leikki\u00e4 ja n\u00e4hd\u00e4, millaisia yhteyksi\u00e4 saatat luoda. Jos olet kiinnostunut tapaamaan jonkun, sinun kannattaa ehdottomasti tarkistaa Match.com. Saatavilla on paljon muita vaihtoehtoja &#8211; kuten OKCupid tai PlentyOfFish &#8211; mutta Match on paras yleinen valinta.<\/p>\n<h3>eHarmony<\/h3>\n<p>eHarmony on ilmainen online-treffipalvelu, jonka omistaa Match Group. Se on ollut aktiivinen vuodesta 2001 ja sill\u00e4 on ollut monia televisiomainoksia. J\u00e4senet voivat maksaa premium-tilauksesta saadakseen lis\u00e4ominaisuuksia, kuten videokeskustelun, viestimuistutuksia ja rajoittamattomia viestej\u00e4. Sivuston avulla j\u00e4senet voivat my\u00f6s etsi\u00e4 osumia sijainnin, i\u00e4n ja sukupuolen perusteella.<\/p>\n<h3>Kahvi kohtaa Bagelin<\/h3>\n<p>Coffee Meets Bagel sopii parhaiten niille, jotka etsiv\u00e4t suhteita, mutta eiv\u00e4t ole viel\u00e4 valmiita sitoutumaan. CMB:n algoritmi selvitt\u00e4\u00e4, kuka sopii sinulle, ja ehdottaa valikoimaa mahdollisia otteluita joka p\u00e4iv\u00e4. Jos et tarkista ehdotuksiasi p\u00e4iv\u00e4ksi, saatat menett\u00e4\u00e4 mahdollisuuden tyk\u00e4t\u00e4 jostakusta toisesta, jos h\u00e4nt\u00e4 ehdotetaan sinulle my\u00f6hemmin.<\/p>\n<h3>Taula<\/h3>\n<p>Tinderist\u00e4 on tullut yksi maailman suosituimmista treffisovelluksista. Mutta ei ole harvinaista tuntea, ett\u00e4 on aika siirty\u00e4 johonkin muuhun. Ehk\u00e4 olet kyll\u00e4stynyt n\u00e4kem\u00e4\u00e4n samoja ihmisi\u00e4 tai olemaan saamatta otteluita. Onneksi siell\u00e4 on paljon muita treffisovelluksia. Olemme l\u00f6yt\u00e4neet sinulle parhaat. Et koskaan tied\u00e4, ehk\u00e4 todellinen rakkautesi odottaa sinua.<\/p>\n<h2>Johtop\u00e4\u00e4t\u00f6s<\/h2>\n<p>Jos olet nainen, joka haluaa tavata jonkun huvin vuoksi, siell\u00e4 on paljon sovelluksia, joiden avulla voit tehd\u00e4 juuri niin. Mutta ent\u00e4 ne ajat, jolloin haluat menn\u00e4 todellisille treffeille, mutta et todellakaan tunne ket\u00e4\u00e4n? Tai ehk\u00e4 olet ollut sinkku jonkin aikaa ja haluaisit kokeilla jotain erilaista? No, jos olet kiinnostunut l\u00f6yt\u00e4m\u00e4\u00e4n mukavan rennon p\u00e4iv\u00e4m\u00e4\u00e4r\u00e4n, sinun kannattaa ehk\u00e4 kokeilla Bumblea.<\/p>\n","protected":false},"excerpt":{"rendered":"<p>T\u00e4ydellisen rennon kytkent\u00e4sivuston l\u00f6yt\u00e4minen sinulle on helppoa. Sinun tarvitsee vain tiet\u00e4\u00e4, mitk\u00e4 ovat mieltymyksesi. Jos etsit yleist\u00e4 treffi-\/yhteyssivustoa, josta saat<\/p>\n","protected":false},"author":1,"featured_media":161,"parent":0,"menu_order":0,"comment_status":"closed","ping_status":"closed","template":"","meta":[],"yoast_head":"<!-- This site is optimized with the Yoast SEO plugin v17.7.1 - https:\/\/yoast.com\/wordpress\/plugins\/seo\/ -->\n<title>Kuinka kytkent\u00e4sovellukset toimivat: Oikean tyyppisen treffisovelluksen l\u00f6yt\u00e4minen - Moderni kytkent\u00e4opas<\/title>\n<meta name=\"robots\" content=\"index, follow, max-snippet:-1, max-image-preview:large, max-video-preview:-1\" \/>\n<link rel=\"canonical\" href=\"https:\/\/therifles.net\/fi\/kuinka-kytkentasovellukset-toimivat-oikean-tyyppisen-treffisovelluksen-loytaminen\/\" \/>\n<meta property=\"og:locale\" content=\"fi_FI\" \/>\n<meta property=\"og:type\" content=\"article\" \/>\n<meta property=\"og:title\" content=\"Kuinka kytkent\u00e4sovellukset toimivat: Oikean tyyppisen treffisovelluksen l\u00f6yt\u00e4minen - Moderni kytkent\u00e4opas\" \/>\n<meta property=\"og:description\" content=\"T\u00e4ydellisen rennon kytkent\u00e4sivuston l\u00f6yt\u00e4minen sinulle on helppoa. Sinun tarvitsee vain tiet\u00e4\u00e4, mitk\u00e4 ovat mieltymyksesi. Jos etsit yleist\u00e4 treffi-\/yhteyssivustoa, josta saat\" \/>\n<meta property=\"og:url\" content=\"https:\/\/therifles.net\/fi\/kuinka-kytkentasovellukset-toimivat-oikean-tyyppisen-treffisovelluksen-loytaminen\/\" \/>\n<meta property=\"og:site_name\" content=\"Moderni kytkent\u00e4opas\" \/>\n<meta property=\"article:modified_time\" content=\"2022-08-05T13:32:47+00:00\" \/>\n<meta name=\"twitter:card\" content=\"summary_large_image\" \/>\n<meta name=\"twitter:image\" content=\"https:\/\/therifles.net\/wp-content\/uploads\/2022\/08\/sex-hookups.webp\" \/>\n<meta name=\"twitter:label1\" content=\"Arvioitu lukuaika\" \/>\n\t<meta name=\"twitter:data1\" content=\"3 minuuttia\" \/>\n<script type=\"application\/ld+json\" class=\"yoast-schema-graph\">{\"@context\":\"https:\/\/schema.org\",\"@graph\":[{\"@type\":\"WebSite\",\"@id\":\"https:\/\/therifles.net\/#website\",\"url\":\"https:\/\/therifles.net\/\",\"name\":\"Moderni kytkent\\u00e4opas\",\"description\":\"Henkil\\u00f6kohtainen neuvonantaja\",\"potentialAction\":[{\"@type\":\"SearchAction\",\"target\":{\"@type\":\"EntryPoint\",\"urlTemplate\":\"https:\/\/therifles.net\/?s={search_term_string}\"},\"query-input\":\"required name=search_term_string\"}],\"inLanguage\":\"fi\"},{\"@type\":\"ImageObject\",\"@id\":\"https:\/\/therifles.net\/fi\/kuinka-kytkentasovellukset-toimivat-oikean-tyyppisen-treffisovelluksen-loytaminen\/#primaryimage\",\"inLanguage\":\"fi\",\"url\":\"https:\/\/therifles.net\/wp-content\/uploads\/2022\/08\/sex-hookups.webp\",\"contentUrl\":\"https:\/\/therifles.net\/wp-content\/uploads\/2022\/08\/sex-hookups.webp\",\"width\":1125,\"height\":750},{\"@type\":\"WebPage\",\"@id\":\"https:\/\/therifles.net\/fi\/kuinka-kytkentasovellukset-toimivat-oikean-tyyppisen-treffisovelluksen-loytaminen\/#webpage\",\"url\":\"https:\/\/therifles.net\/fi\/kuinka-kytkentasovellukset-toimivat-oikean-tyyppisen-treffisovelluksen-loytaminen\/\",\"name\":\"Kuinka kytkent\\u00e4sovellukset toimivat: Oikean tyyppisen treffisovelluksen l\\u00f6yt\\u00e4minen - Moderni kytkent\\u00e4opas\",\"isPartOf\":{\"@id\":\"https:\/\/therifles.net\/#website\"},\"primaryImageOfPage\":{\"@id\":\"https:\/\/therifles.net\/fi\/kuinka-kytkentasovellukset-toimivat-oikean-tyyppisen-treffisovelluksen-loytaminen\/#primaryimage\"},\"datePublished\":\"2022-08-05T12:38:51+00:00\",\"dateModified\":\"2022-08-05T13:32:47+00:00\",\"breadcrumb\":{\"@id\":\"https:\/\/therifles.net\/fi\/kuinka-kytkentasovellukset-toimivat-oikean-tyyppisen-treffisovelluksen-loytaminen\/#breadcrumb\"},\"inLanguage\":\"fi\",\"potentialAction\":[{\"@type\":\"ReadAction\",\"target\":[\"https:\/\/therifles.net\/fi\/kuinka-kytkentasovellukset-toimivat-oikean-tyyppisen-treffisovelluksen-loytaminen\/\"]}]},{\"@type\":\"BreadcrumbList\",\"@id\":\"https:\/\/therifles.net\/fi\/kuinka-kytkentasovellukset-toimivat-oikean-tyyppisen-treffisovelluksen-loytaminen\/#breadcrumb\",\"itemListElement\":[{\"@type\":\"ListItem\",\"position\":1,\"name\":\"Home\",\"item\":\"http:\/\/therifles.net\/fi\/\"},{\"@type\":\"ListItem\",\"position\":2,\"name\":\"Kuinka kytkent\\u00e4sovellukset toimivat: Oikean tyyppisen treffisovelluksen l\\u00f6yt\\u00e4minen\"}]}]}<\/script>\n<!-- \/ Yoast SEO plugin. -->","yoast_head_json":{"title":"Kuinka kytkent\u00e4sovellukset toimivat: Oikean tyyppisen treffisovelluksen l\u00f6yt\u00e4minen - Moderni kytkent\u00e4opas","robots":{"index":"index","follow":"follow","max-snippet":"max-snippet:-1","max-image-preview":"max-image-preview:large","max-video-preview":"max-video-preview:-1"},"canonical":"https:\/\/therifles.net\/fi\/kuinka-kytkentasovellukset-toimivat-oikean-tyyppisen-treffisovelluksen-loytaminen\/","og_locale":"fi_FI","og_type":"article","og_title":"Kuinka kytkent\u00e4sovellukset toimivat: Oikean tyyppisen treffisovelluksen l\u00f6yt\u00e4minen - Moderni kytkent\u00e4opas","og_description":"T\u00e4ydellisen rennon kytkent\u00e4sivuston l\u00f6yt\u00e4minen sinulle on helppoa. Sinun tarvitsee vain tiet\u00e4\u00e4, mitk\u00e4 ovat mieltymyksesi. Jos etsit yleist\u00e4 treffi-\/yhteyssivustoa, josta saat","og_url":"https:\/\/therifles.net\/fi\/kuinka-kytkentasovellukset-toimivat-oikean-tyyppisen-treffisovelluksen-loytaminen\/","og_site_name":"Moderni kytkent\u00e4opas","article_modified_time":"2022-08-05T13:32:47+00:00","twitter_card":"summary_large_image","twitter_image":"https:\/\/therifles.net\/wp-content\/uploads\/2022\/08\/sex-hookups.webp","twitter_misc":{"Arvioitu lukuaika":"3 minuuttia"},"schema":{"@context":"https:\/\/schema.org","@graph":[{"@type":"WebSite","@id":"https:\/\/therifles.net\/#website","url":"https:\/\/therifles.net\/","name":"Moderni kytkent\u00e4opas","description":"Henkil\u00f6kohtainen neuvonantaja","potentialAction":[{"@type":"SearchAction","target":{"@type":"EntryPoint","urlTemplate":"https:\/\/therifles.net\/?s={search_term_string}"},"query-input":"required name=search_term_string"}],"inLanguage":"fi"},{"@type":"ImageObject","@id":"https:\/\/therifles.net\/fi\/kuinka-kytkentasovellukset-toimivat-oikean-tyyppisen-treffisovelluksen-loytaminen\/#primaryimage","inLanguage":"fi","url":"https:\/\/therifles.net\/wp-content\/uploads\/2022\/08\/sex-hookups.webp","contentUrl":"https:\/\/therifles.net\/wp-content\/uploads\/2022\/08\/sex-hookups.webp","width":1125,"height":750},{"@type":"WebPage","@id":"https:\/\/therifles.net\/fi\/kuinka-kytkentasovellukset-toimivat-oikean-tyyppisen-treffisovelluksen-loytaminen\/#webpage","url":"https:\/\/therifles.net\/fi\/kuinka-kytkentasovellukset-toimivat-oikean-tyyppisen-treffisovelluksen-loytaminen\/","name":"Kuinka kytkent\u00e4sovellukset toimivat: Oikean tyyppisen treffisovelluksen l\u00f6yt\u00e4minen - Moderni kytkent\u00e4opas","isPartOf":{"@id":"https:\/\/therifles.net\/#website"},"primaryImageOfPage":{"@id":"https:\/\/therifles.net\/fi\/kuinka-kytkentasovellukset-toimivat-oikean-tyyppisen-treffisovelluksen-loytaminen\/#primaryimage"},"datePublished":"2022-08-05T12:38:51+00:00","dateModified":"2022-08-05T13:32:47+00:00","breadcrumb":{"@id":"https:\/\/therifles.net\/fi\/kuinka-kytkentasovellukset-toimivat-oikean-tyyppisen-treffisovelluksen-loytaminen\/#breadcrumb"},"inLanguage":"fi","potentialAction":[{"@type":"ReadAction","target":["https:\/\/therifles.net\/fi\/kuinka-kytkentasovellukset-toimivat-oikean-tyyppisen-treffisovelluksen-loytaminen\/"]}]},{"@type":"BreadcrumbList","@id":"https:\/\/therifles.net\/fi\/kuinka-kytkentasovellukset-toimivat-oikean-tyyppisen-treffisovelluksen-loytaminen\/#breadcrumb","itemListElement":[{"@type":"ListItem","position":1,"name":"Home","item":"http:\/\/therifles.net\/fi\/"},{"@type":"ListItem","position":2,"name":"Kuinka kytkent\u00e4sovellukset toimivat: Oikean tyyppisen treffisovelluksen l\u00f6yt\u00e4minen"}]}]}},"_links":{"self":[{"href":"https:\/\/therifles.net\/fi\/wp-json\/wp\/v2\/pages\/302"}],"collection":[{"href":"https:\/\/therifles.net\/fi\/wp-json\/wp\/v2\/pages"}],"about":[{"href":"https:\/\/therifles.net\/fi\/wp-json\/wp\/v2\/types\/page"}],"author":[{"embeddable":true,"href":"https:\/\/therifles.net\/fi\/wp-json\/wp\/v2\/users\/1"}],"replies":[{"embeddable":true,"href":"https:\/\/therifles.net\/fi\/wp-json\/wp\/v2\/comments?post=302"}],"version-history":[{"count":1,"href":"https:\/\/therifles.net\/fi\/wp-json\/wp\/v2\/pages\/302\/revisions"}],"predecessor-version":[{"id":306,"href":"https:\/\/therifles.net\/fi\/wp-json\/wp\/v2\/pages\/302\/revisions\/306"}],"wp:featuredmedia":[{"embeddable":true,"href":"https:\/\/therifles.net\/fi\/wp-json\/wp\/v2\/media\/161"}],"wp:attachment":[{"href":"https:\/\/therifles.net\/fi\/wp-json\/wp\/v2\/media?parent=302"}],"curies":[{"name":"wp","href":"https:\/\/api.w.org\/{rel}","templated":true}]}}