{"id":298,"date":"2022-08-05T13:22:17","date_gmt":"2022-08-05T12:22:17","guid":{"rendered":"http:\/\/therifles.net\/sexting\/"},"modified":"2022-08-05T14:32:46","modified_gmt":"2022-08-05T13:32:46","slug":"sexting","status":"publish","type":"page","link":"https:\/\/therifles.net\/fi\/sexting\/","title":{"rendered":"Sexting"},"content":{"rendered":"<p>Seksi\u00e4 ymp\u00e4r\u00f6iv\u00e4 kytkent\u00e4kulttuuri ei ole mit\u00e4\u00e4n uutta, mutta sosiaalisen median, mobiiliteknologian ja online-treffisovellusten, kuten Tinderin, Grindrin, Bumblen ja muiden, nousun ansiosta on tullut paljon helpompaa l\u00f6yt\u00e4\u00e4 joku, johon olla yhteydess\u00e4. Kaikkien n\u00e4iden sovellusten kanssa voi kuitenkin olla vaikea l\u00f6yt\u00e4\u00e4, mik\u00e4 niist\u00e4 tulee olemaan sinulle paras.<\/p>\n<h2>Mit\u00e4 sovellusta kokeilla?<\/h2>\n<p>Olemme menneet viel\u00e4 pidemm\u00e4lle ja tehneet luettelon parhaista sexting-sivustoista.<\/p>\n<p>L\u00f6yd\u00e4t kaiken ilmaisista <a href=\"http:\/\/therifles.net\/texting-with-your-partner\/\">tekstiviestisovelluksista<\/a> premium-aikuisten treffialustoihin, mik\u00e4 antaa sinulle p\u00e4\u00e4syn tuhansiin <a href=\"http:\/\/therifles.net\/is-online-dating-what-you-need\/\">seksikk\u00e4isiin sinkkuihin ymp\u00e4ri maailmaa<\/a>. Joten jos haluat kokeilla sextingi\u00e4 itse, t\u00e4ss\u00e4 on parhaat paikat aloittaa.<\/p>\n<p>Joten miksi mielest\u00e4mme n\u00e4m\u00e4 sivustot ovat parhaita? No, t\u00e4ss\u00e4 on kymmenen parasta luetteloa online-sexting-verkkosivustoista:<\/p>\n<h3>JerkMate<\/h3>\n<p>Jerkmate on yksi parhaista ilmaisista sexting-sivustoista, koska se tarjoaa paljon ominaisuuksia. On monia luokkia, kuten verkkokameran chat-huoneet, tuhma tytt\u00f6, amat\u00f6\u00f6rimallit ja paljon muuta. L\u00f6yd\u00e4t kaiken haluamasi t\u00e4\u00e4lt\u00e4. T\u00e4t\u00e4 sivustoa on eritt\u00e4in helppo k\u00e4ytt\u00e4\u00e4 ja navigoida.<\/p>\n<h3>Kik<\/h3>\n<p>Kik on yksi <a href=\"http:\/\/therifles.net\/how-hookup-apps-work-finding-the-right-type-of-dating-app\/\">vanhimmista treffialustoista verkossa<\/a>. Se on ollut olemassa vuodesta 2005, ja sit\u00e4 k\u00e4ytt\u00e4v\u00e4t miljoonat ihmiset ymp\u00e4ri maailmaa. Se on suunniteltu erityisesti teini-ik\u00e4isille ja nuorille aikuisille, mutta kuka tahansa voi k\u00e4ytt\u00e4\u00e4 sit\u00e4.<\/p>\n<h3>Omegle<\/h3>\n<p>Jos et ole koskaan kuullut Omeglesta, se johtuu todenn\u00e4k\u00f6isesti siit\u00e4, ett\u00e4 se ei ole kovin tunnettu. T\u00e4m\u00e4n sivuston avulla voit olla satunnaisesti yhteydess\u00e4 toiseen henkil\u00f6\u00f6n. Voit puhua kenen kanssa haluat, riippumatta siit\u00e4, kuinka vanhoja he ovat. Muista vain, ett\u00e4 useimmat ihmiset eiv\u00e4t ole kiinnostuneita puhumaan jonkun kanssa, jonka he tapasivat verkossa.<\/p>\n<h3>Chatroulette<\/h3>\n<p>Kuten nimest\u00e4 voi p\u00e4\u00e4tell\u00e4, Chatroulette antaa sinun tavata satunnaisia ihmisi\u00e4 ja alkaa keskustella heid\u00e4n kanssaan. Se on samanlainen kuin Omegle, paitsi ett\u00e4 sen sijaan, ett\u00e4 olisit yhteydess\u00e4 jo tuntemiisi ihmisiin, olet yhteydess\u00e4 t\u00e4ysin tuntemattomiin.<\/p>\n<h3>Niska<\/h3>\n<p>Scruff on hieman erilainen kuin muut treffisivustot. Sen sijaan, ett\u00e4 yhdist\u00e4isit sinut mahdollisiin p\u00e4iv\u00e4m\u00e4\u00e4riin mieltymystesi perusteella, se vastaa sinua sijaintisi perusteella. Joten jos olet New Yorkissa ja tapaat jonkun l\u00e4hell\u00e4 olevan henkil\u00f6n kanssa, voit j\u00e4rjest\u00e4\u00e4 hengailun yhdess\u00e4.<\/p>\n<h3>BeNaughty<\/h3>\n<p>BeNaughty on j\u00e4lleen yksi ilmainen treffisovellus, jonka avulla ihmiset voivat olla yhteydess\u00e4 muihin seksuaalisten kiinnostuksen kohteiden perusteella. Kuten monet sen kaltaiset sivustot, se on suunniteltu helpottamaan kytkent\u00f6j\u00e4, etenkin ihmisille, jotka haluavat tavata ilman, ett\u00e4 heid\u00e4n tarvitsee maksaa juomista tai illallisesta. Mutta toisin kuin muut sovellukset, BeNaughty ei vain anna sinun pyyhk\u00e4ist\u00e4 vasemmalle tai oikealle n\u00e4hd\u00e4ksesi, kuka muu pit\u00e4\u00e4 siit\u00e4, mit\u00e4 teet; sen avulla voit itse asiassa l\u00e4hett\u00e4\u00e4 alastomia valokuvia ja videoita suoraan toisillesi. Sinun ei my\u00f6sk\u00e4\u00e4n tarvitse huolehtia kiinnij\u00e4\u00e4misest\u00e4, koska sovellus pit\u00e4\u00e4 kaiken t\u00e4ysin nimett\u00f6m\u00e4n\u00e4. Ja koska se on t\u00e4ysin ilmainen, sinun ei tarvitse k\u00e4ytt\u00e4\u00e4 penni\u00e4k\u00e4\u00e4n kokeillaksesi sit\u00e4.<\/p>\n<h2>Onko Sexting sinulle?<\/h2>\n<ul>\n<li>Ole turvassa: T\u00e4m\u00e4 n\u00e4ytt\u00e4\u00e4 ilmeiselt\u00e4, mutta se kest\u00e4\u00e4 toistoa. \u00c4l\u00e4 l\u00e4het\u00e4 mit\u00e4\u00e4n, mit\u00e4 et haluaisi jonkun muun n\u00e4kev\u00e4n. Et koskaan tied\u00e4, mihin viestisi saattavat p\u00e4\u00e4ty\u00e4.<\/li>\n<li>Ole huomaamaton: Muista, ett\u00e4 vaikka et tapaa kasvokkain, kommunikoit silti tekstiviestill\u00e4. Pid\u00e4 asiat kevyin\u00e4 ja flirttailevina; V\u00e4lt\u00e4 l\u00e4hett\u00e4m\u00e4st\u00e4 liikaa tietoa henkil\u00f6kohtaisesta el\u00e4m\u00e4st\u00e4si.<\/li>\n<li>Tunne rajasi: Vaikka on okei antaa toisinaan kiusaukselle, varmista, ettet liioittele sit\u00e4. Aseta rajoituksia sille, kuinka usein haluat vastaanottaa tekstej\u00e4, ja pid\u00e4 niist\u00e4 kiinni.<\/li>\n<li>Ajattele ennen l\u00e4hett\u00e4mist\u00e4si: Vaikka saatat ajatella olevasi hauska tai s\u00f6p\u00f6, on todenn\u00e4k\u00f6ist\u00e4, ett\u00e4 et ole. Mieti, onko jokin, mit\u00e4 aiot sanoa, sopivaa.<\/li>\n<\/ul>\n","protected":false},"excerpt":{"rendered":"<p>Seksi\u00e4 ymp\u00e4r\u00f6iv\u00e4 kytkent\u00e4kulttuuri ei ole mit\u00e4\u00e4n uutta, mutta sosiaalisen median, mobiiliteknologian ja online-treffisovellusten, kuten Tinderin, Grindrin, Bumblen ja muiden, nousun<\/p>\n","protected":false},"author":1,"featured_media":128,"parent":0,"menu_order":0,"comment_status":"closed","ping_status":"closed","template":"","meta":[],"yoast_head":"<!-- This site is optimized with the Yoast SEO plugin v17.7.1 - https:\/\/yoast.com\/wordpress\/plugins\/seo\/ -->\n<title>Sexting - Moderni kytkent\u00e4opas<\/title>\n<meta name=\"robots\" content=\"index, follow, max-snippet:-1, max-image-preview:large, max-video-preview:-1\" \/>\n<link rel=\"canonical\" href=\"https:\/\/therifles.net\/fi\/sexting\/\" \/>\n<meta property=\"og:locale\" content=\"fi_FI\" \/>\n<meta property=\"og:type\" content=\"article\" \/>\n<meta property=\"og:title\" content=\"Sexting - Moderni kytkent\u00e4opas\" \/>\n<meta property=\"og:description\" content=\"Seksi\u00e4 ymp\u00e4r\u00f6iv\u00e4 kytkent\u00e4kulttuuri ei ole mit\u00e4\u00e4n uutta, mutta sosiaalisen median, mobiiliteknologian ja online-treffisovellusten, kuten Tinderin, Grindrin, Bumblen ja muiden, nousun\" \/>\n<meta property=\"og:url\" content=\"https:\/\/therifles.net\/fi\/sexting\/\" \/>\n<meta property=\"og:site_name\" content=\"Moderni kytkent\u00e4opas\" \/>\n<meta property=\"article:modified_time\" content=\"2022-08-05T13:32:46+00:00\" \/>\n<meta name=\"twitter:card\" content=\"summary_large_image\" \/>\n<meta name=\"twitter:image\" content=\"https:\/\/therifles.net\/wp-content\/uploads\/2022\/08\/dating.webp\" \/>\n<meta name=\"twitter:label1\" content=\"Arvioitu lukuaika\" \/>\n\t<meta name=\"twitter:data1\" content=\"3 minuuttia\" \/>\n<script type=\"application\/ld+json\" class=\"yoast-schema-graph\">{\"@context\":\"https:\/\/schema.org\",\"@graph\":[{\"@type\":\"WebSite\",\"@id\":\"https:\/\/therifles.net\/#website\",\"url\":\"https:\/\/therifles.net\/\",\"name\":\"Moderni kytkent\\u00e4opas\",\"description\":\"Henkil\\u00f6kohtainen neuvonantaja\",\"potentialAction\":[{\"@type\":\"SearchAction\",\"target\":{\"@type\":\"EntryPoint\",\"urlTemplate\":\"https:\/\/therifles.net\/?s={search_term_string}\"},\"query-input\":\"required name=search_term_string\"}],\"inLanguage\":\"fi\"},{\"@type\":\"ImageObject\",\"@id\":\"https:\/\/therifles.net\/fi\/sexting\/#primaryimage\",\"inLanguage\":\"fi\",\"url\":\"https:\/\/therifles.net\/wp-content\/uploads\/2022\/08\/dating.webp\",\"contentUrl\":\"https:\/\/therifles.net\/wp-content\/uploads\/2022\/08\/dating.webp\",\"width\":539,\"height\":750},{\"@type\":\"WebPage\",\"@id\":\"https:\/\/therifles.net\/fi\/sexting\/#webpage\",\"url\":\"https:\/\/therifles.net\/fi\/sexting\/\",\"name\":\"Sexting - Moderni kytkent\\u00e4opas\",\"isPartOf\":{\"@id\":\"https:\/\/therifles.net\/#website\"},\"primaryImageOfPage\":{\"@id\":\"https:\/\/therifles.net\/fi\/sexting\/#primaryimage\"},\"datePublished\":\"2022-08-05T12:22:17+00:00\",\"dateModified\":\"2022-08-05T13:32:46+00:00\",\"breadcrumb\":{\"@id\":\"https:\/\/therifles.net\/fi\/sexting\/#breadcrumb\"},\"inLanguage\":\"fi\",\"potentialAction\":[{\"@type\":\"ReadAction\",\"target\":[\"https:\/\/therifles.net\/fi\/sexting\/\"]}]},{\"@type\":\"BreadcrumbList\",\"@id\":\"https:\/\/therifles.net\/fi\/sexting\/#breadcrumb\",\"itemListElement\":[{\"@type\":\"ListItem\",\"position\":1,\"name\":\"Home\",\"item\":\"http:\/\/therifles.net\/fi\/\"},{\"@type\":\"ListItem\",\"position\":2,\"name\":\"Sexting\"}]}]}<\/script>\n<!-- \/ Yoast SEO plugin. -->","yoast_head_json":{"title":"Sexting - Moderni kytkent\u00e4opas","robots":{"index":"index","follow":"follow","max-snippet":"max-snippet:-1","max-image-preview":"max-image-preview:large","max-video-preview":"max-video-preview:-1"},"canonical":"https:\/\/therifles.net\/fi\/sexting\/","og_locale":"fi_FI","og_type":"article","og_title":"Sexting - Moderni kytkent\u00e4opas","og_description":"Seksi\u00e4 ymp\u00e4r\u00f6iv\u00e4 kytkent\u00e4kulttuuri ei ole mit\u00e4\u00e4n uutta, mutta sosiaalisen median, mobiiliteknologian ja online-treffisovellusten, kuten Tinderin, Grindrin, Bumblen ja muiden, nousun","og_url":"https:\/\/therifles.net\/fi\/sexting\/","og_site_name":"Moderni kytkent\u00e4opas","article_modified_time":"2022-08-05T13:32:46+00:00","twitter_card":"summary_large_image","twitter_image":"https:\/\/therifles.net\/wp-content\/uploads\/2022\/08\/dating.webp","twitter_misc":{"Arvioitu lukuaika":"3 minuuttia"},"schema":{"@context":"https:\/\/schema.org","@graph":[{"@type":"WebSite","@id":"https:\/\/therifles.net\/#website","url":"https:\/\/therifles.net\/","name":"Moderni kytkent\u00e4opas","description":"Henkil\u00f6kohtainen neuvonantaja","potentialAction":[{"@type":"SearchAction","target":{"@type":"EntryPoint","urlTemplate":"https:\/\/therifles.net\/?s={search_term_string}"},"query-input":"required name=search_term_string"}],"inLanguage":"fi"},{"@type":"ImageObject","@id":"https:\/\/therifles.net\/fi\/sexting\/#primaryimage","inLanguage":"fi","url":"https:\/\/therifles.net\/wp-content\/uploads\/2022\/08\/dating.webp","contentUrl":"https:\/\/therifles.net\/wp-content\/uploads\/2022\/08\/dating.webp","width":539,"height":750},{"@type":"WebPage","@id":"https:\/\/therifles.net\/fi\/sexting\/#webpage","url":"https:\/\/therifles.net\/fi\/sexting\/","name":"Sexting - Moderni kytkent\u00e4opas","isPartOf":{"@id":"https:\/\/therifles.net\/#website"},"primaryImageOfPage":{"@id":"https:\/\/therifles.net\/fi\/sexting\/#primaryimage"},"datePublished":"2022-08-05T12:22:17+00:00","dateModified":"2022-08-05T13:32:46+00:00","breadcrumb":{"@id":"https:\/\/therifles.net\/fi\/sexting\/#breadcrumb"},"inLanguage":"fi","potentialAction":[{"@type":"ReadAction","target":["https:\/\/therifles.net\/fi\/sexting\/"]}]},{"@type":"BreadcrumbList","@id":"https:\/\/therifles.net\/fi\/sexting\/#breadcrumb","itemListElement":[{"@type":"ListItem","position":1,"name":"Home","item":"http:\/\/therifles.net\/fi\/"},{"@type":"ListItem","position":2,"name":"Sexting"}]}]}},"_links":{"self":[{"href":"https:\/\/therifles.net\/fi\/wp-json\/wp\/v2\/pages\/298"}],"collection":[{"href":"https:\/\/therifles.net\/fi\/wp-json\/wp\/v2\/pages"}],"about":[{"href":"https:\/\/therifles.net\/fi\/wp-json\/wp\/v2\/types\/page"}],"author":[{"embeddable":true,"href":"https:\/\/therifles.net\/fi\/wp-json\/wp\/v2\/users\/1"}],"replies":[{"embeddable":true,"href":"https:\/\/therifles.net\/fi\/wp-json\/wp\/v2\/comments?post=298"}],"version-history":[{"count":1,"href":"https:\/\/therifles.net\/fi\/wp-json\/wp\/v2\/pages\/298\/revisions"}],"predecessor-version":[{"id":301,"href":"https:\/\/therifles.net\/fi\/wp-json\/wp\/v2\/pages\/298\/revisions\/301"}],"wp:featuredmedia":[{"embeddable":true,"href":"https:\/\/therifles.net\/fi\/wp-json\/wp\/v2\/media\/128"}],"wp:attachment":[{"href":"https:\/\/therifles.net\/fi\/wp-json\/wp\/v2\/media?parent=298"}],"curies":[{"name":"wp","href":"https:\/\/api.w.org\/{rel}","templated":true}]}}