{"id":254,"date":"2022-08-05T13:26:39","date_gmt":"2022-08-05T12:26:39","guid":{"rendered":"http:\/\/therifles.net\/aisankannattaja\/"},"modified":"2022-08-05T14:32:33","modified_gmt":"2022-08-05T13:32:33","slug":"aisankannattaja","status":"publish","type":"page","link":"https:\/\/therifles.net\/fi\/aisankannattaja\/","title":{"rendered":"Aisankannattaja"},"content":{"rendered":"<p>On monia eri syit\u00e4, miksi miehet haluavat katsella vaimojensa pett\u00e4v\u00e4n heit\u00e4. Jotkut ihmiset nauttivat j\u00e4nnityksest\u00e4 katsella kumppaniensa naivan jotakuta muuta, kun taas toiset yksinkertaisesti haluavat n\u00e4hd\u00e4 vaimonsa \/ tytt\u00f6yst\u00e4v\u00e4ns\u00e4 pit\u00e4v\u00e4n hauskaa. Olipa syy mik\u00e4 tahansa, jos etsit <a href=\"http:\/\/therifles.net\/sexting\/\">hotwife-kytkent\u00e4sivustoa<\/a>, olemme saaneet sinut kattamaan.<\/p>\n<p>Olemme kokeilleet melkein kaikkia sivustoja ja sovelluksia, ja t\u00e4ss\u00e4 ovat ne, jotka toimivat meille parhaiten. Jos etsit jotain erilaista, kerro siit\u00e4 meille kommenttiosassa.<\/p>\n<p>T\u00e4ss\u00e4 on 4 parasta aisankannattaja-treffisivustoa t\u00e4n\u00e4\u00e4n:<\/p>\n<h3>Ota se k\u00e4ytt\u00f6\u00f6n<\/h3>\n<p>GetItOn.com on #1 aikuisten treffiyhteis\u00f6 ihmisille, jotka haluavat huijata puolisoaan. Autamme miehi\u00e4 ja naisia tapaamaan toisiaan verkossa huvin, yst\u00e4vyyden ja mahdollisesti avioliiton vuoksi. J\u00e4seniimme kuuluu naimisissa olevia, naimattomia ja leski\u00e4 aikuisia, jotka haluavat tutkia huijaamisen maailmaa. Olitpa nainen, joka etsii miest\u00e4, jonka kanssa huijata, tai mies, joka etsii kuumaa vaimoa, olemme peitt\u00e4neet sinut.<\/p>\n<h3>3Sum<\/h3>\n<p>3Sum on #1 kolmen kimppa treffisovellukset ihmisille, jotka haluavat tavata muita pariskuntia. Etsitp\u00e4 sitten yhden y\u00f6n juttua tai jotain pitk\u00e4aikaista, me autamme sinua. Teemme paikallisten seksitreffien l\u00f6yt\u00e4misest\u00e4 nopeaa ja helppoa riippumatta siit\u00e4, etsitk\u00f6 rentoja kohtaamisia, heiluvia juhlia tai jopa t\u00e4ytt\u00e4 kolmikkoa. J\u00e4seniin kuuluu sek\u00e4 hetero- ett\u00e4 bi-pariskuntia sek\u00e4 BDSM:st\u00e4 kiinnostuneita. Voit selata profiilejamme sijainnin, i\u00e4n, kiinnostuksen kohteiden, parisuhteen tilan ja seksuaalisen suuntautumisen perusteella.<\/p>\n<p>Tarjoamme kattavimman verkkokokemuksen tavata muita, jotka pit\u00e4v\u00e4t samoista asioista kuin sin\u00e4. Yli 2 miljoonalla aktiivisella k\u00e4ytt\u00e4j\u00e4ll\u00e4 olemme varmoja, ett\u00e4 siell\u00e4 on joku kaikille. Liity nyt ja aloita yst\u00e4vystyminen jo t\u00e4n\u00e4\u00e4n!<\/p>\n<h3>Alt<\/h3>\n<p>Alt on yksi suurimmista aikuisten online-treffisivustoista, joka tarjoaa tuhansia ihmisi\u00e4, jotka etsiv\u00e4t huomaamattomia suhteita, satunnaisia kohtaamisia, ilman ehtoja seksi\u00e4 tai vain yst\u00e4vi\u00e4, joilla on etuja. Etsitp\u00e4 sitten kumppania, yst\u00e4v\u00e4\u00e4 tai rakastajaa, Alt tarjoaa turvallisen ymp\u00e4rist\u00f6n, jossa kaikki voivat olla yhteydess\u00e4 muihin, joilla on samanlaisia kiinnostuksen kohteita. Altilla on yli 10 miljoonaa rekister\u00f6itynytt\u00e4 k\u00e4ytt\u00e4j\u00e4\u00e4 ymp\u00e4ri maailmaa, ja se tarjoaa aikuisille turvallisen tilan tutkia seksuaalisuuttaan tuomitsematta.<\/p>\n<h3>Aff<\/h3>\n<p>Jos etsit paikkaa, josta l\u00f6yd\u00e4t paljon kuumia miehi\u00e4, jotka haluavat <a href=\"http:\/\/therifles.net\/best-apps-for-finding-a-serious-relationship\/\">liitty\u00e4 verkkoon<\/a>, Adult Friend Finder saattaa olla paras vaihtoehto siell\u00e4. Mutta ei ole mik\u00e4\u00e4n salaisuus, ett\u00e4 AFF ei ole t\u00e4ydellinen. Itse asiassa on monia syit\u00e4, miksi se on yksi kiistanalaisimmista sivustoista. Ja vaikka on ehdottomasti totta, ett\u00e4 AFF tarjoaa joitain ainutlaatuisia ominaisuuksia, on my\u00f6s syyt\u00e4 huomata, ett\u00e4 siell\u00e4 on my\u00f6s paljon muita vaihtoehtoja.<\/p>\n<p>Tietenkin sinun on maksettava premium-j\u00e4senyydest\u00e4, mutta se on valinnaista. Jos p\u00e4\u00e4t\u00e4t p\u00e4ivitt\u00e4\u00e4, saat k\u00e4ytt\u00f6\u00f6si lukuisia lis\u00e4ominaisuuksia, kuten videokeskusteluja, verkkokamerasy\u00f6tteit\u00e4, pikaviestej\u00e4, s\u00e4hk\u00f6postia, mobiilisovelluksia ja paljon muuta.<\/p>\n<h2>Ominaisuuksien tyypit<\/h2>\n<h3>Hyv\u00e4 k\u00e4ytt\u00f6kokemus<\/h3>\n<p>Et todenn\u00e4k\u00f6isesti v\u00e4lit\u00e4 siit\u00e4, kuinka kauniilta sivusto n\u00e4ytt\u00e4\u00e4. Mutta sill\u00e4 on v\u00e4li\u00e4, l\u00f6yt\u00e4v\u00e4tk\u00f6 ihmiset etsim\u00e4ns\u00e4 nopeasti ja helposti. Sinun ei pit\u00e4isi joutua viett\u00e4m\u00e4\u00e4n tuntikausia etsim\u00e4ll\u00e4 jotakuta, jolle puhua. Jos sivustosi ei lataudu tarpeeksi nopeasti, ihmiset pomppivat pois.<\/p>\n<h3>Helppo navigointi<\/h3>\n<p>Jos et tarjoa helppoa navigointia, ihmiset eiv\u00e4t tied\u00e4 minne menn\u00e4 laskeutuessaan. He saattavat jopa ajatella, ett\u00e4 huijaat heit\u00e4. Tee sivustollasi liikkumisesta helppoa ja haluamasi l\u00f6yt\u00e4misest\u00e4.<\/p>\n<h3>Paljon vaihtoehtoja<\/h3>\n<p>Mik\u00e4\u00e4n ei ole pahempaa kuin rekister\u00f6ity\u00e4 kytkent\u00e4sivustolle ja huomata, ett\u00e4 vaihtoehtoja ei ole paljon. \u00c4l\u00e4 anna sen tapahtua sinulle. Pit\u00e4isi olla monia tapoja olla yhteydess\u00e4 erityyppisiin ihmisiin.<\/p>\n","protected":false},"excerpt":{"rendered":"<p>On monia eri syit\u00e4, miksi miehet haluavat katsella vaimojensa pett\u00e4v\u00e4n heit\u00e4. Jotkut ihmiset nauttivat j\u00e4nnityksest\u00e4 katsella kumppaniensa naivan jotakuta muuta,<\/p>\n","protected":false},"author":1,"featured_media":139,"parent":0,"menu_order":0,"comment_status":"closed","ping_status":"closed","template":"","meta":[],"yoast_head":"<!-- This site is optimized with the Yoast SEO plugin v17.7.1 - https:\/\/yoast.com\/wordpress\/plugins\/seo\/ -->\n<title>Aisankannattaja - Moderni kytkent\u00e4opas<\/title>\n<meta name=\"robots\" content=\"index, follow, max-snippet:-1, max-image-preview:large, max-video-preview:-1\" \/>\n<link rel=\"canonical\" href=\"https:\/\/therifles.net\/fi\/aisankannattaja\/\" \/>\n<meta property=\"og:locale\" content=\"fi_FI\" \/>\n<meta property=\"og:type\" content=\"article\" \/>\n<meta property=\"og:title\" content=\"Aisankannattaja - Moderni kytkent\u00e4opas\" \/>\n<meta property=\"og:description\" content=\"On monia eri syit\u00e4, miksi miehet haluavat katsella vaimojensa pett\u00e4v\u00e4n heit\u00e4. Jotkut ihmiset nauttivat j\u00e4nnityksest\u00e4 katsella kumppaniensa naivan jotakuta muuta,\" \/>\n<meta property=\"og:url\" content=\"https:\/\/therifles.net\/fi\/aisankannattaja\/\" \/>\n<meta property=\"og:site_name\" content=\"Moderni kytkent\u00e4opas\" \/>\n<meta property=\"article:modified_time\" content=\"2022-08-05T13:32:33+00:00\" \/>\n<meta name=\"twitter:card\" content=\"summary_large_image\" \/>\n<meta name=\"twitter:image\" content=\"https:\/\/therifles.net\/wp-content\/uploads\/2022\/08\/real-sex-apps.webp\" \/>\n<meta name=\"twitter:label1\" content=\"Arvioitu lukuaika\" \/>\n\t<meta name=\"twitter:data1\" content=\"3 minuuttia\" \/>\n<script type=\"application\/ld+json\" class=\"yoast-schema-graph\">{\"@context\":\"https:\/\/schema.org\",\"@graph\":[{\"@type\":\"WebSite\",\"@id\":\"http:\/\/therifles.net\/#website\",\"url\":\"http:\/\/therifles.net\/\",\"name\":\"Moderni kytkent\\u00e4opas\",\"description\":\"Henkil\\u00f6kohtainen neuvonantaja\",\"potentialAction\":[{\"@type\":\"SearchAction\",\"target\":{\"@type\":\"EntryPoint\",\"urlTemplate\":\"http:\/\/therifles.net\/?s={search_term_string}\"},\"query-input\":\"required name=search_term_string\"}],\"inLanguage\":\"fi\"},{\"@type\":\"ImageObject\",\"@id\":\"https:\/\/therifles.net\/fi\/aisankannattaja\/#primaryimage\",\"inLanguage\":\"fi\",\"url\":\"https:\/\/therifles.net\/wp-content\/uploads\/2022\/08\/real-sex-apps.webp\",\"contentUrl\":\"https:\/\/therifles.net\/wp-content\/uploads\/2022\/08\/real-sex-apps.webp\",\"width\":1125,\"height\":750},{\"@type\":\"WebPage\",\"@id\":\"https:\/\/therifles.net\/fi\/aisankannattaja\/#webpage\",\"url\":\"https:\/\/therifles.net\/fi\/aisankannattaja\/\",\"name\":\"Aisankannattaja - Moderni kytkent\\u00e4opas\",\"isPartOf\":{\"@id\":\"http:\/\/therifles.net\/#website\"},\"primaryImageOfPage\":{\"@id\":\"https:\/\/therifles.net\/fi\/aisankannattaja\/#primaryimage\"},\"datePublished\":\"2022-08-05T12:26:39+00:00\",\"dateModified\":\"2022-08-05T13:32:33+00:00\",\"breadcrumb\":{\"@id\":\"https:\/\/therifles.net\/fi\/aisankannattaja\/#breadcrumb\"},\"inLanguage\":\"fi\",\"potentialAction\":[{\"@type\":\"ReadAction\",\"target\":[\"https:\/\/therifles.net\/fi\/aisankannattaja\/\"]}]},{\"@type\":\"BreadcrumbList\",\"@id\":\"https:\/\/therifles.net\/fi\/aisankannattaja\/#breadcrumb\",\"itemListElement\":[{\"@type\":\"ListItem\",\"position\":1,\"name\":\"Home\",\"item\":\"http:\/\/therifles.net\/fi\/\"},{\"@type\":\"ListItem\",\"position\":2,\"name\":\"Aisankannattaja\"}]}]}<\/script>\n<!-- \/ Yoast SEO plugin. -->","yoast_head_json":{"title":"Aisankannattaja - Moderni kytkent\u00e4opas","robots":{"index":"index","follow":"follow","max-snippet":"max-snippet:-1","max-image-preview":"max-image-preview:large","max-video-preview":"max-video-preview:-1"},"canonical":"https:\/\/therifles.net\/fi\/aisankannattaja\/","og_locale":"fi_FI","og_type":"article","og_title":"Aisankannattaja - Moderni kytkent\u00e4opas","og_description":"On monia eri syit\u00e4, miksi miehet haluavat katsella vaimojensa pett\u00e4v\u00e4n heit\u00e4. Jotkut ihmiset nauttivat j\u00e4nnityksest\u00e4 katsella kumppaniensa naivan jotakuta muuta,","og_url":"https:\/\/therifles.net\/fi\/aisankannattaja\/","og_site_name":"Moderni kytkent\u00e4opas","article_modified_time":"2022-08-05T13:32:33+00:00","twitter_card":"summary_large_image","twitter_image":"https:\/\/therifles.net\/wp-content\/uploads\/2022\/08\/real-sex-apps.webp","twitter_misc":{"Arvioitu lukuaika":"3 minuuttia"},"schema":{"@context":"https:\/\/schema.org","@graph":[{"@type":"WebSite","@id":"http:\/\/therifles.net\/#website","url":"http:\/\/therifles.net\/","name":"Moderni kytkent\u00e4opas","description":"Henkil\u00f6kohtainen neuvonantaja","potentialAction":[{"@type":"SearchAction","target":{"@type":"EntryPoint","urlTemplate":"http:\/\/therifles.net\/?s={search_term_string}"},"query-input":"required name=search_term_string"}],"inLanguage":"fi"},{"@type":"ImageObject","@id":"https:\/\/therifles.net\/fi\/aisankannattaja\/#primaryimage","inLanguage":"fi","url":"https:\/\/therifles.net\/wp-content\/uploads\/2022\/08\/real-sex-apps.webp","contentUrl":"https:\/\/therifles.net\/wp-content\/uploads\/2022\/08\/real-sex-apps.webp","width":1125,"height":750},{"@type":"WebPage","@id":"https:\/\/therifles.net\/fi\/aisankannattaja\/#webpage","url":"https:\/\/therifles.net\/fi\/aisankannattaja\/","name":"Aisankannattaja - Moderni kytkent\u00e4opas","isPartOf":{"@id":"http:\/\/therifles.net\/#website"},"primaryImageOfPage":{"@id":"https:\/\/therifles.net\/fi\/aisankannattaja\/#primaryimage"},"datePublished":"2022-08-05T12:26:39+00:00","dateModified":"2022-08-05T13:32:33+00:00","breadcrumb":{"@id":"https:\/\/therifles.net\/fi\/aisankannattaja\/#breadcrumb"},"inLanguage":"fi","potentialAction":[{"@type":"ReadAction","target":["https:\/\/therifles.net\/fi\/aisankannattaja\/"]}]},{"@type":"BreadcrumbList","@id":"https:\/\/therifles.net\/fi\/aisankannattaja\/#breadcrumb","itemListElement":[{"@type":"ListItem","position":1,"name":"Home","item":"http:\/\/therifles.net\/fi\/"},{"@type":"ListItem","position":2,"name":"Aisankannattaja"}]}]}},"_links":{"self":[{"href":"https:\/\/therifles.net\/fi\/wp-json\/wp\/v2\/pages\/254"}],"collection":[{"href":"https:\/\/therifles.net\/fi\/wp-json\/wp\/v2\/pages"}],"about":[{"href":"https:\/\/therifles.net\/fi\/wp-json\/wp\/v2\/types\/page"}],"author":[{"embeddable":true,"href":"https:\/\/therifles.net\/fi\/wp-json\/wp\/v2\/users\/1"}],"replies":[{"embeddable":true,"href":"https:\/\/therifles.net\/fi\/wp-json\/wp\/v2\/comments?post=254"}],"version-history":[{"count":1,"href":"https:\/\/therifles.net\/fi\/wp-json\/wp\/v2\/pages\/254\/revisions"}],"predecessor-version":[{"id":256,"href":"https:\/\/therifles.net\/fi\/wp-json\/wp\/v2\/pages\/254\/revisions\/256"}],"wp:featuredmedia":[{"embeddable":true,"href":"https:\/\/therifles.net\/fi\/wp-json\/wp\/v2\/media\/139"}],"wp:attachment":[{"href":"https:\/\/therifles.net\/fi\/wp-json\/wp\/v2\/media?parent=254"}],"curies":[{"name":"wp","href":"https:\/\/api.w.org\/{rel}","templated":true}]}}