{"id":239,"date":"2022-08-05T13:34:04","date_gmt":"2022-08-05T12:34:04","guid":{"rendered":"http:\/\/therifles.net\/online-treffien-turvallisuusohjeet\/"},"modified":"2022-09-08T19:34:30","modified_gmt":"2022-09-08T18:34:30","slug":"online-treffien-turvallisuusohjeet","status":"publish","type":"page","link":"https:\/\/therifles.net\/fi\/online-treffien-turvallisuusohjeet\/","title":{"rendered":"Online-treffien turvallisuusohjeet"},"content":{"rendered":"<h2>Oikean sovelluksen valitseminen<\/h2>\n<h3>Onko se ilmainen?<\/h3>\n<p>On paljon sivustoja, jotka veloittavat rahaa etuk\u00e4teen, mutta monet <a href=\"http:\/\/therifles.net\/best-apps-for-finding-a-serious-relationship\/\">muut tarjoavat ilmaisia kokeiluja<\/a>. Voit yleens\u00e4 kertoa, onko kokeilu oikeutettu, koska se ei vaadi maksutietoja etuk\u00e4teen. Sen sijaan sinua pyydet\u00e4\u00e4n antamaan kelvollinen s\u00e4hk\u00f6postiosoite.<\/p>\n<h3>Onko sill\u00e4 tietosuojak\u00e4yt\u00e4nt\u00f6?<\/h3>\n<p>Monet yritykset v\u00e4itt\u00e4v\u00e4t kunnioittavansa yksityisyytt\u00e4si, mutta he eiv\u00e4t todellakaan kerro sinulle mit\u00e4\u00e4n. He yritt\u00e4v\u00e4t vain pelotella sinua rekister\u00f6itym\u00e4\u00e4n. Etsi selke\u00e4 lausunto siit\u00e4, mit\u00e4 tietoja he ker\u00e4\u00e4v\u00e4t ja miten he k\u00e4ytt\u00e4v\u00e4t niit\u00e4.<\/p>\n<h3>Mit\u00e4 se sanoo sivustosta?<\/h3>\n<p>Jotkut sivustot ylpeilev\u00e4t olevansa vain j\u00e4seni\u00e4, kun taas toiset lupaavat harkintaa. Ja jotkut yritt\u00e4v\u00e4t jopa huijata sinut ajattelemaan, ett\u00e4 heit\u00e4 johtavat ammattilaiset. \u00c4l\u00e4 lankea siihen.<\/p>\n<h3>Kuka sit\u00e4 johtaa?<\/h3>\n<p>Monet sivustot luettelevat joukon erilaisia nimi\u00e4, mukaan lukien sen <a href=\"http:\/\/www.sex-chat-rooms.com\/fi\/isan-yhteys\/\">sugardaddy suomi<\/a> omistavan henkil\u00f6n nimi. T\u00e4m\u00e4 saattaa tuntua punaiselta lipulta, mutta se voi tarkoittaa yksinkertaisesti sit\u00e4, ett\u00e4 omistaja haluaa suojella henkil\u00f6llisyytt\u00e4\u00e4n. Loppujen lopuksi, miksi antaa henkil\u00f6kohtaisia tietojasi, jos sinun ei tarvitse?<\/p>\n<h3>Kuinka kauan se on ollut olemassa?<\/h3>\n<p>Sivustot, jotka ovat olleet olemassa jo jonkin aikaa, ovat yleens\u00e4 <a href=\"http:\/\/therifles.net\/cuckold\/\">luotettavampia<\/a> kuin ne, jotka ilmestyiv\u00e4t yhdess\u00e4 y\u00f6ss\u00e4. My\u00f6s pidemp\u00e4\u00e4n olemassa olleilla sivustoilla on usein parempi maine alan asiantuntijoiden keskuudessa.<\/p>\n<h3>Ovatko arvostelut positiivisia?<\/h3>\n<p>Arvostelut ovat hienoja, varsinkin kun ne tulevat luotettavista l\u00e4hteist\u00e4. Siell\u00e4 on kuitenkin paljon v\u00e4\u00e4rennettyj\u00e4 arvosteluja. Muista tarkistaa arvostelusivustot, kuten Yelp, Trustpilot ja ConsumerAffairs, n\u00e4hd\u00e4ksesi, onko sivustolla ollut negatiivisten arvostelujen julkaisemista.<\/p>\n<h2>Varo huijareita<\/h2>\n<p>Jos olet etsinyt rakkautta verkosta, tied\u00e4t kuinka vaikeaa voi olla erottaa tosiasiat fiktiosta. Mutta on olemassa tapoja suojautua huijaukselta tai huijaukselta. T\u00e4ss\u00e4 on muutamia vinkkej\u00e4, joiden avulla voit pit\u00e4\u00e4 sinut turvassa, kun tapaat ihmisi\u00e4 verkossa.<\/p>\n<ul>\n<li>\u00c4l\u00e4 anna liikaa henkil\u00f6kohtaisia tietoja.<\/li>\n<li>Ole varovainen kaikkia kohtaan, jotka pyyt\u00e4v\u00e4t sinua l\u00e4hett\u00e4m\u00e4\u00e4n rahaa Western Unionin tai MoneyGramin kautta. Huijarit k\u00e4ytt\u00e4v\u00e4t n\u00e4it\u00e4 yrityksi\u00e4 usein varastettujen varojen pesemiseen.<\/li>\n<li>\u00c4l\u00e4 koskaan maksa mist\u00e4\u00e4n etuk\u00e4teen. Et en\u00e4\u00e4 koskaan n\u00e4e kohdetta.<\/li>\n<li>Etsi punaisia lippuja. Huijarit saattavat yritt\u00e4\u00e4 vakuuttaa sinut siit\u00e4, ett\u00e4 he ovat todellisia ihmisi\u00e4 v\u00e4itt\u00e4m\u00e4ll\u00e4 menett\u00e4neens\u00e4 perheenj\u00e4seni\u00e4 tai yst\u00e4vi\u00e4. He voisivat jopa v\u00e4itt\u00e4\u00e4 ty\u00f6skentelev\u00e4ns\u00e4 lainvalvonnassa.<\/li>\n<li>Varo ihmisi\u00e4, jotka pyyt\u00e4v\u00e4t sinua tapaamaan julkisilla paikoilla, kuten kahviloissa tai ravintoloissa.<\/li>\n<li>Varo ihmisi\u00e4, jotka n\u00e4ytt\u00e4v\u00e4t ep\u00e4toivoisilta saada huomiota. Huijari saattaa kertoa sinulle, ett\u00e4 h\u00e4n tarvitsee apua el\u00e4m\u00e4ns\u00e4 kokoamisessa tai ett\u00e4 h\u00e4nell\u00e4 on sy\u00f6p\u00e4.<\/li>\n<\/ul>\n<p>Kun olet sopinut mahdolliseen p\u00e4iv\u00e4m\u00e4\u00e4r\u00e4\u00e4n ja keskustellut, ajoita <a href=\"http:\/\/wank.io\/sv\/gay-hookup-webbplatser\/gay-cam-webbplatser\/\">gaycam<\/a> videokeskustelu heid\u00e4n kanssaan. Monet ihmiset ep\u00e4r\u00f6iv\u00e4t t\u00e4m\u00e4n tekemist\u00e4, koska heid\u00e4n mielest\u00e4\u00e4n se saa heid\u00e4t n\u00e4ytt\u00e4m\u00e4\u00e4n tarvitsevilta. Mutta kun olet tavannut henkil\u00f6kohtaisesti, ei ole mit\u00e4\u00e4n pahempaa kuin selvitt\u00e4\u00e4, ett\u00e4 treffisi ei ole se, mit\u00e4 he sanovat olevansa. Joten, ryhdy varotoimiin t\u00e4\u00e4ll\u00e4.<\/p>\n<p>Jos he vastustavat voimakkaasti videopuhelua, se voi olla punainen lippu. Se voi tarkoittaa, ett\u00e4 he eiv\u00e4t halua tulla n\u00e4hdyiksi verkossa tai ett\u00e4 he saattavat piilottaa jotain.<\/p>\n","protected":false},"excerpt":{"rendered":"<p>Oikean sovelluksen valitseminen Onko se ilmainen? On paljon sivustoja, jotka veloittavat rahaa etuk\u00e4teen, mutta monet muut tarjoavat ilmaisia kokeiluja. Voit<\/p>\n","protected":false},"author":1,"featured_media":150,"parent":0,"menu_order":0,"comment_status":"closed","ping_status":"closed","template":"","meta":[],"yoast_head":"<!-- This site is optimized with the Yoast SEO plugin v17.7.1 - https:\/\/yoast.com\/wordpress\/plugins\/seo\/ -->\n<title>Online-treffien turvallisuusohjeet - Moderni kytkent\u00e4opas<\/title>\n<meta name=\"robots\" content=\"index, follow, max-snippet:-1, max-image-preview:large, max-video-preview:-1\" \/>\n<link rel=\"canonical\" href=\"https:\/\/therifles.net\/fi\/online-treffien-turvallisuusohjeet\/\" \/>\n<meta property=\"og:locale\" content=\"fi_FI\" \/>\n<meta property=\"og:type\" content=\"article\" \/>\n<meta property=\"og:title\" content=\"Online-treffien turvallisuusohjeet - Moderni kytkent\u00e4opas\" \/>\n<meta property=\"og:description\" content=\"Oikean sovelluksen valitseminen Onko se ilmainen? On paljon sivustoja, jotka veloittavat rahaa etuk\u00e4teen, mutta monet muut tarjoavat ilmaisia kokeiluja. Voit\" \/>\n<meta property=\"og:url\" content=\"https:\/\/therifles.net\/fi\/online-treffien-turvallisuusohjeet\/\" \/>\n<meta property=\"og:site_name\" content=\"Moderni kytkent\u00e4opas\" \/>\n<meta property=\"article:modified_time\" content=\"2022-09-08T18:34:30+00:00\" \/>\n<meta name=\"twitter:card\" content=\"summary_large_image\" \/>\n<meta name=\"twitter:image\" content=\"https:\/\/therifles.net\/wp-content\/uploads\/2022\/08\/unnamed-file.webp\" \/>\n<meta name=\"twitter:label1\" content=\"Arvioitu lukuaika\" \/>\n\t<meta name=\"twitter:data1\" content=\"3 minuuttia\" \/>\n<script type=\"application\/ld+json\" class=\"yoast-schema-graph\">{\"@context\":\"https:\/\/schema.org\",\"@graph\":[{\"@type\":\"WebSite\",\"@id\":\"http:\/\/therifles.net\/#website\",\"url\":\"http:\/\/therifles.net\/\",\"name\":\"Moderni kytkent\\u00e4opas\",\"description\":\"Henkil\\u00f6kohtainen neuvonantaja\",\"potentialAction\":[{\"@type\":\"SearchAction\",\"target\":{\"@type\":\"EntryPoint\",\"urlTemplate\":\"http:\/\/therifles.net\/?s={search_term_string}\"},\"query-input\":\"required name=search_term_string\"}],\"inLanguage\":\"fi\"},{\"@type\":\"ImageObject\",\"@id\":\"https:\/\/therifles.net\/fi\/online-treffien-turvallisuusohjeet\/#primaryimage\",\"inLanguage\":\"fi\",\"url\":\"https:\/\/therifles.net\/wp-content\/uploads\/2022\/08\/unnamed-file.webp\",\"contentUrl\":\"https:\/\/therifles.net\/wp-content\/uploads\/2022\/08\/unnamed-file.webp\",\"width\":500,\"height\":750},{\"@type\":\"WebPage\",\"@id\":\"https:\/\/therifles.net\/fi\/online-treffien-turvallisuusohjeet\/#webpage\",\"url\":\"https:\/\/therifles.net\/fi\/online-treffien-turvallisuusohjeet\/\",\"name\":\"Online-treffien turvallisuusohjeet - Moderni kytkent\\u00e4opas\",\"isPartOf\":{\"@id\":\"http:\/\/therifles.net\/#website\"},\"primaryImageOfPage\":{\"@id\":\"https:\/\/therifles.net\/fi\/online-treffien-turvallisuusohjeet\/#primaryimage\"},\"datePublished\":\"2022-08-05T12:34:04+00:00\",\"dateModified\":\"2022-09-08T18:34:30+00:00\",\"breadcrumb\":{\"@id\":\"https:\/\/therifles.net\/fi\/online-treffien-turvallisuusohjeet\/#breadcrumb\"},\"inLanguage\":\"fi\",\"potentialAction\":[{\"@type\":\"ReadAction\",\"target\":[\"https:\/\/therifles.net\/fi\/online-treffien-turvallisuusohjeet\/\"]}]},{\"@type\":\"BreadcrumbList\",\"@id\":\"https:\/\/therifles.net\/fi\/online-treffien-turvallisuusohjeet\/#breadcrumb\",\"itemListElement\":[{\"@type\":\"ListItem\",\"position\":1,\"name\":\"Home\",\"item\":\"http:\/\/therifles.net\/fi\/\"},{\"@type\":\"ListItem\",\"position\":2,\"name\":\"Online-treffien turvallisuusohjeet\"}]}]}<\/script>\n<!-- \/ Yoast SEO plugin. -->","yoast_head_json":{"title":"Online-treffien turvallisuusohjeet - Moderni kytkent\u00e4opas","robots":{"index":"index","follow":"follow","max-snippet":"max-snippet:-1","max-image-preview":"max-image-preview:large","max-video-preview":"max-video-preview:-1"},"canonical":"https:\/\/therifles.net\/fi\/online-treffien-turvallisuusohjeet\/","og_locale":"fi_FI","og_type":"article","og_title":"Online-treffien turvallisuusohjeet - Moderni kytkent\u00e4opas","og_description":"Oikean sovelluksen valitseminen Onko se ilmainen? On paljon sivustoja, jotka veloittavat rahaa etuk\u00e4teen, mutta monet muut tarjoavat ilmaisia kokeiluja. Voit","og_url":"https:\/\/therifles.net\/fi\/online-treffien-turvallisuusohjeet\/","og_site_name":"Moderni kytkent\u00e4opas","article_modified_time":"2022-09-08T18:34:30+00:00","twitter_card":"summary_large_image","twitter_image":"https:\/\/therifles.net\/wp-content\/uploads\/2022\/08\/unnamed-file.webp","twitter_misc":{"Arvioitu lukuaika":"3 minuuttia"},"schema":{"@context":"https:\/\/schema.org","@graph":[{"@type":"WebSite","@id":"http:\/\/therifles.net\/#website","url":"http:\/\/therifles.net\/","name":"Moderni kytkent\u00e4opas","description":"Henkil\u00f6kohtainen neuvonantaja","potentialAction":[{"@type":"SearchAction","target":{"@type":"EntryPoint","urlTemplate":"http:\/\/therifles.net\/?s={search_term_string}"},"query-input":"required name=search_term_string"}],"inLanguage":"fi"},{"@type":"ImageObject","@id":"https:\/\/therifles.net\/fi\/online-treffien-turvallisuusohjeet\/#primaryimage","inLanguage":"fi","url":"https:\/\/therifles.net\/wp-content\/uploads\/2022\/08\/unnamed-file.webp","contentUrl":"https:\/\/therifles.net\/wp-content\/uploads\/2022\/08\/unnamed-file.webp","width":500,"height":750},{"@type":"WebPage","@id":"https:\/\/therifles.net\/fi\/online-treffien-turvallisuusohjeet\/#webpage","url":"https:\/\/therifles.net\/fi\/online-treffien-turvallisuusohjeet\/","name":"Online-treffien turvallisuusohjeet - Moderni kytkent\u00e4opas","isPartOf":{"@id":"http:\/\/therifles.net\/#website"},"primaryImageOfPage":{"@id":"https:\/\/therifles.net\/fi\/online-treffien-turvallisuusohjeet\/#primaryimage"},"datePublished":"2022-08-05T12:34:04+00:00","dateModified":"2022-09-08T18:34:30+00:00","breadcrumb":{"@id":"https:\/\/therifles.net\/fi\/online-treffien-turvallisuusohjeet\/#breadcrumb"},"inLanguage":"fi","potentialAction":[{"@type":"ReadAction","target":["https:\/\/therifles.net\/fi\/online-treffien-turvallisuusohjeet\/"]}]},{"@type":"BreadcrumbList","@id":"https:\/\/therifles.net\/fi\/online-treffien-turvallisuusohjeet\/#breadcrumb","itemListElement":[{"@type":"ListItem","position":1,"name":"Home","item":"http:\/\/therifles.net\/fi\/"},{"@type":"ListItem","position":2,"name":"Online-treffien turvallisuusohjeet"}]}]}},"_links":{"self":[{"href":"https:\/\/therifles.net\/fi\/wp-json\/wp\/v2\/pages\/239"}],"collection":[{"href":"https:\/\/therifles.net\/fi\/wp-json\/wp\/v2\/pages"}],"about":[{"href":"https:\/\/therifles.net\/fi\/wp-json\/wp\/v2\/types\/page"}],"author":[{"embeddable":true,"href":"https:\/\/therifles.net\/fi\/wp-json\/wp\/v2\/users\/1"}],"replies":[{"embeddable":true,"href":"https:\/\/therifles.net\/fi\/wp-json\/wp\/v2\/comments?post=239"}],"version-history":[{"count":2,"href":"https:\/\/therifles.net\/fi\/wp-json\/wp\/v2\/pages\/239\/revisions"}],"predecessor-version":[{"id":405,"href":"https:\/\/therifles.net\/fi\/wp-json\/wp\/v2\/pages\/239\/revisions\/405"}],"wp:featuredmedia":[{"embeddable":true,"href":"https:\/\/therifles.net\/fi\/wp-json\/wp\/v2\/media\/150"}],"wp:attachment":[{"href":"https:\/\/therifles.net\/fi\/wp-json\/wp\/v2\/media?parent=239"}],"curies":[{"name":"wp","href":"https:\/\/api.w.org\/{rel}","templated":true}]}}