{"id":222,"date":"2022-08-05T13:45:29","date_gmt":"2022-08-05T12:45:29","guid":{"rendered":"http:\/\/therifles.net\/parhaat-sovellukset-vakavan-suhteen-loytamiseen\/"},"modified":"2022-08-05T14:32:31","modified_gmt":"2022-08-05T13:32:31","slug":"parhaat-sovellukset-vakavan-suhteen-loytamiseen","status":"publish","type":"page","link":"https:\/\/therifles.net\/fi\/parhaat-sovellukset-vakavan-suhteen-loytamiseen\/","title":{"rendered":"Parhaat sovellukset vakavan suhteen l\u00f6yt\u00e4miseen"},"content":{"rendered":"<p>Jos etsit jotain vakavampaa, meill\u00e4 on kaksi parasta suositusta sinulle t\u00e4\u00e4ll\u00e4.<\/p>\n<p>N\u00e4m\u00e4 kaksi sivustoa ovat parhaita, jos etsit pitk\u00e4aikaista suhdetta pelk\u00e4n <a href=\"http:\/\/therifles.net\/sexting\/\">rennon fingin<\/a> sijaan. Jos rekister\u00f6idyt n\u00e4ille sivustoille, huomaa, ett\u00e4 ne ovat molemmat ilmaisia k\u00e4ytt\u00e4\u00e4, mutta maksu perit\u00e4\u00e4n, jos haluat k\u00e4ytt\u00e4\u00e4 premium-ominaisuuksia.<\/p>\n<h3>Tulitikku<\/h3>\n<p>Match on online-treffisivusto, joka on suunniteltu erityisesti rakkautta etsiville. Olipa kyseess\u00e4 pitk\u00e4aikainen suhde tai jotain rentoa, Match tarjoaa ainutlaatuisen kokemuksen, jonka avulla ihmiset voivat l\u00f6yt\u00e4\u00e4 rakkauden sen perusteella, mit\u00e4 he todella haluavat el\u00e4m\u00e4lt\u00e4. Voit my\u00f6s luoda oman tilisi, jotta voit seurata toimintaasi. Ja jos olet kiinnostunut tapaamaan jonkun toisen, voit tehd\u00e4 sen my\u00f6s. J\u00e4senet voivat luoda kaveriporukan, joka auttaa toisiaan l\u00f6yt\u00e4m\u00e4\u00e4n yhteensopivia kumppaneita.<\/p>\n<p>Sivusto voi vapaasti liitty\u00e4 ja selata profiileja, l\u00e4hett\u00e4\u00e4 viestej\u00e4 ja jopa tavata jonkun erityisen. Jos p\u00e4\u00e4t\u00e4t vied\u00e4 asioita pidemm\u00e4lle, ei ole kustannuksia maksaa siit\u00e4, ett\u00e4 n\u00e4et enemm\u00e4n potentiaalisia otteluita. Voit joko k\u00e4ytt\u00e4\u00e4 sivuston premium-tilausmallia tai valita ilmaisen version. Jos p\u00e4\u00e4t\u00e4t p\u00e4ivitt\u00e4\u00e4, saat rajoittamattoman p\u00e4\u00e4syn sivuston moniin ominaisuuksiin, mukaan lukien mahdollisuuden tarkastella suurta m\u00e4\u00e4r\u00e4\u00e4 otteluita. On my\u00f6s monia tapoja olla yhteydess\u00e4 muihin j\u00e4seniin. Voit esimerkiksi kommunikoida tekstiviestill\u00e4, s\u00e4hk\u00f6postilla, puheluilla, videopuheluilla ja jopa k\u00e4yd\u00e4 virtuaalitreffeill\u00e4.<\/p>\n<p>Joten etsitp\u00e4 sitten vakavaa suhdetta tai vain v\u00e4h\u00e4n hauskaa, Match on oikea paikka aloittaa.<\/p>\n<h3>OKCupid<\/h3>\n<p>OkCupid on yksi maailman suosituimmista online-treffisivustoista. Vuonna 2004 lanseeratulla sivustolla on yli 10 miljoonaa aktiivista p\u00e4ivitt\u00e4ist\u00e4 k\u00e4ytt\u00e4j\u00e4\u00e4. Se on ilmainen k\u00e4ytt\u00e4\u00e4, mutta sinun on maksettava 20 dollaria kuukaudessa p\u00e4\u00e4st\u00e4ksesi premium-ominaisuuksiin, kuten rajoittamattomiin viesteihin ja otteluihin.<\/p>\n<p>Sivusto tarjoaa useita eri tapoja olla yhteydess\u00e4 ihmisiin, mukaan lukien <a href=\"http:\/\/therifles.net\/how-hookup-apps-work-finding-the-right-type-of-dating-app\/\">profiilien selaaminen<\/a>, yst\u00e4vien l\u00f6yt\u00e4minen, ryhmien luominen ja keskustelu muiden kanssa tekstiviestin, \u00e4\u00e4nipuheluiden, videopuheluiden, videopuheluiden ja pikaviestien kautta. Voit jopa l\u00e4hett\u00e4\u00e4 lahjoja jollekin, josta olet kiinnostunut. Ilmaiset viestit ovat kaikkien k\u00e4ytt\u00e4jien k\u00e4ytett\u00e4viss\u00e4. Jos haluat aloittaa yhteydenpidon toiseen j\u00e4seneen, napauta vain h\u00e4nen valokuvaansa. Sielt\u00e4 voit l\u00e4hett\u00e4\u00e4 nopean viestin, kysy\u00e4, mit\u00e4 he tekev\u00e4t, tai keskustella kaikesta muusta, mik\u00e4 kiinnostaa sinua.<\/p>\n<p>Voit my\u00f6s selata muiden k\u00e4ytt\u00e4jien valokuvia ja lukea heid\u00e4n biojaan. N\u00e4in voit oppia lis\u00e4\u00e4 henkil\u00f6st\u00e4 ennen kuin p\u00e4\u00e4t\u00e4t, haluatko aloittaa kommunikoinnin vai et.<\/p>\n<h2>UKK<\/h2>\n<h3>Mik\u00e4 on paras treffisivusto tytt\u00f6yst\u00e4v\u00e4n l\u00f6yt\u00e4miseksi?<\/h3>\n<p>Paras tapa l\u00f6yt\u00e4\u00e4 tytt\u00f6yst\u00e4v\u00e4 on online-treffisivustojen, kuten Match.com, eHarmony, PlentyOfFish, Zoosk, OkCupid ja Tinder, kautta. Online-treffisivustojen avulla k\u00e4ytt\u00e4j\u00e4t voivat etsi\u00e4 mahdollisia osumia i\u00e4n, sijainnin, kiinnostuksen kohteiden, harrastusten, parisuhteen tilan ja muiden kriteerien perusteella. Useimmat online-treffisivustot tarjoavat my\u00f6s chat-huoneita, joissa j\u00e4senet voivat tavata uusia ihmisi\u00e4.<\/p>\n<h3>Mitk\u00e4 ovat parhaat 100% ilmaiset treffisivustot vuonna 2022?<\/h3>\n<p>Paras 100-prosenttisesti ilmainen treffisivusto vuonna 2022 on Plenty Of Fish. T\u00e4ll\u00e4 verkkosivustolla on miljoonia k\u00e4ytt\u00e4ji\u00e4 ymp\u00e4ri maailmaa, ja he etsiv\u00e4t rakkautta aivan kuten sin\u00e4! Jos haluat tavata uusia ihmisi\u00e4, POF on ehdottomasti oikea paikka aloittaa.<\/p>\n<h3>Onko Yhdysvalloissa sinkkujen treffisivustoa?<\/h3>\n<p>Kyll\u00e4, on olemassa treffisivusto nimelt\u00e4 Zoosk, joka on suunniteltu erityisesti naimattomille miehille ja naisille, jotka etsiv\u00e4t rakkautta New Yorkista. Palvelun avulla k\u00e4ytt\u00e4j\u00e4t voivat etsi\u00e4 muiden j\u00e4senten profiileista i\u00e4n, sijainnin, kiinnostuksen kohteiden ja parisuhteen tilan perusteella. K\u00e4ytt\u00e4j\u00e4t voivat my\u00f6s l\u00e4hett\u00e4\u00e4 viestej\u00e4 toisilleen suoraan sivustolta.<\/p>\n","protected":false},"excerpt":{"rendered":"<p>Jos etsit jotain vakavampaa, meill\u00e4 on kaksi parasta suositusta sinulle t\u00e4\u00e4ll\u00e4. N\u00e4m\u00e4 kaksi sivustoa ovat parhaita, jos etsit pitk\u00e4aikaista suhdetta<\/p>\n","protected":false},"author":1,"featured_media":172,"parent":0,"menu_order":0,"comment_status":"closed","ping_status":"closed","template":"","meta":[],"yoast_head":"<!-- This site is optimized with the Yoast SEO plugin v17.7.1 - https:\/\/yoast.com\/wordpress\/plugins\/seo\/ -->\n<title>Parhaat sovellukset vakavan suhteen l\u00f6yt\u00e4miseen - Moderni kytkent\u00e4opas<\/title>\n<meta name=\"robots\" content=\"index, follow, max-snippet:-1, max-image-preview:large, max-video-preview:-1\" \/>\n<link rel=\"canonical\" href=\"https:\/\/therifles.net\/fi\/parhaat-sovellukset-vakavan-suhteen-loytamiseen\/\" \/>\n<meta property=\"og:locale\" content=\"fi_FI\" \/>\n<meta property=\"og:type\" content=\"article\" \/>\n<meta property=\"og:title\" content=\"Parhaat sovellukset vakavan suhteen l\u00f6yt\u00e4miseen - Moderni kytkent\u00e4opas\" \/>\n<meta property=\"og:description\" content=\"Jos etsit jotain vakavampaa, meill\u00e4 on kaksi parasta suositusta sinulle t\u00e4\u00e4ll\u00e4. N\u00e4m\u00e4 kaksi sivustoa ovat parhaita, jos etsit pitk\u00e4aikaista suhdetta\" \/>\n<meta property=\"og:url\" content=\"https:\/\/therifles.net\/fi\/parhaat-sovellukset-vakavan-suhteen-loytamiseen\/\" \/>\n<meta property=\"og:site_name\" content=\"Moderni kytkent\u00e4opas\" \/>\n<meta property=\"article:modified_time\" content=\"2022-08-05T13:32:31+00:00\" \/>\n<meta property=\"og:image\" content=\"https:\/\/therifles.net\/wp-content\/uploads\/2022\/08\/real-dating.jpeg\" \/>\n\t<meta property=\"og:image:width\" content=\"1125\" \/>\n\t<meta property=\"og:image:height\" content=\"750\" \/>\n<meta name=\"twitter:card\" content=\"summary_large_image\" \/>\n<meta name=\"twitter:label1\" content=\"Arvioitu lukuaika\" \/>\n\t<meta name=\"twitter:data1\" content=\"3 minuuttia\" \/>\n<script type=\"application\/ld+json\" class=\"yoast-schema-graph\">{\"@context\":\"https:\/\/schema.org\",\"@graph\":[{\"@type\":\"WebSite\",\"@id\":\"https:\/\/therifles.net\/#website\",\"url\":\"https:\/\/therifles.net\/\",\"name\":\"Moderni kytkent\\u00e4opas\",\"description\":\"Henkil\\u00f6kohtainen neuvonantaja\",\"potentialAction\":[{\"@type\":\"SearchAction\",\"target\":{\"@type\":\"EntryPoint\",\"urlTemplate\":\"https:\/\/therifles.net\/?s={search_term_string}\"},\"query-input\":\"required name=search_term_string\"}],\"inLanguage\":\"fi\"},{\"@type\":\"ImageObject\",\"@id\":\"https:\/\/therifles.net\/fi\/parhaat-sovellukset-vakavan-suhteen-loytamiseen\/#primaryimage\",\"inLanguage\":\"fi\",\"url\":\"https:\/\/therifles.net\/wp-content\/uploads\/2022\/08\/real-dating.jpeg\",\"contentUrl\":\"https:\/\/therifles.net\/wp-content\/uploads\/2022\/08\/real-dating.jpeg\",\"width\":1125,\"height\":750},{\"@type\":\"WebPage\",\"@id\":\"https:\/\/therifles.net\/fi\/parhaat-sovellukset-vakavan-suhteen-loytamiseen\/#webpage\",\"url\":\"https:\/\/therifles.net\/fi\/parhaat-sovellukset-vakavan-suhteen-loytamiseen\/\",\"name\":\"Parhaat sovellukset vakavan suhteen l\\u00f6yt\\u00e4miseen - Moderni kytkent\\u00e4opas\",\"isPartOf\":{\"@id\":\"https:\/\/therifles.net\/#website\"},\"primaryImageOfPage\":{\"@id\":\"https:\/\/therifles.net\/fi\/parhaat-sovellukset-vakavan-suhteen-loytamiseen\/#primaryimage\"},\"datePublished\":\"2022-08-05T12:45:29+00:00\",\"dateModified\":\"2022-08-05T13:32:31+00:00\",\"breadcrumb\":{\"@id\":\"https:\/\/therifles.net\/fi\/parhaat-sovellukset-vakavan-suhteen-loytamiseen\/#breadcrumb\"},\"inLanguage\":\"fi\",\"potentialAction\":[{\"@type\":\"ReadAction\",\"target\":[\"https:\/\/therifles.net\/fi\/parhaat-sovellukset-vakavan-suhteen-loytamiseen\/\"]}]},{\"@type\":\"BreadcrumbList\",\"@id\":\"https:\/\/therifles.net\/fi\/parhaat-sovellukset-vakavan-suhteen-loytamiseen\/#breadcrumb\",\"itemListElement\":[{\"@type\":\"ListItem\",\"position\":1,\"name\":\"Home\",\"item\":\"http:\/\/therifles.net\/fi\/\"},{\"@type\":\"ListItem\",\"position\":2,\"name\":\"Parhaat sovellukset vakavan suhteen l\\u00f6yt\\u00e4miseen\"}]}]}<\/script>\n<!-- \/ Yoast SEO plugin. -->","yoast_head_json":{"title":"Parhaat sovellukset vakavan suhteen l\u00f6yt\u00e4miseen - Moderni kytkent\u00e4opas","robots":{"index":"index","follow":"follow","max-snippet":"max-snippet:-1","max-image-preview":"max-image-preview:large","max-video-preview":"max-video-preview:-1"},"canonical":"https:\/\/therifles.net\/fi\/parhaat-sovellukset-vakavan-suhteen-loytamiseen\/","og_locale":"fi_FI","og_type":"article","og_title":"Parhaat sovellukset vakavan suhteen l\u00f6yt\u00e4miseen - Moderni kytkent\u00e4opas","og_description":"Jos etsit jotain vakavampaa, meill\u00e4 on kaksi parasta suositusta sinulle t\u00e4\u00e4ll\u00e4. N\u00e4m\u00e4 kaksi sivustoa ovat parhaita, jos etsit pitk\u00e4aikaista suhdetta","og_url":"https:\/\/therifles.net\/fi\/parhaat-sovellukset-vakavan-suhteen-loytamiseen\/","og_site_name":"Moderni kytkent\u00e4opas","article_modified_time":"2022-08-05T13:32:31+00:00","og_image":[{"width":1125,"height":750,"url":"https:\/\/therifles.net\/wp-content\/uploads\/2022\/08\/real-dating.jpeg","type":"image\/jpeg"}],"twitter_card":"summary_large_image","twitter_misc":{"Arvioitu lukuaika":"3 minuuttia"},"schema":{"@context":"https:\/\/schema.org","@graph":[{"@type":"WebSite","@id":"https:\/\/therifles.net\/#website","url":"https:\/\/therifles.net\/","name":"Moderni kytkent\u00e4opas","description":"Henkil\u00f6kohtainen neuvonantaja","potentialAction":[{"@type":"SearchAction","target":{"@type":"EntryPoint","urlTemplate":"https:\/\/therifles.net\/?s={search_term_string}"},"query-input":"required name=search_term_string"}],"inLanguage":"fi"},{"@type":"ImageObject","@id":"https:\/\/therifles.net\/fi\/parhaat-sovellukset-vakavan-suhteen-loytamiseen\/#primaryimage","inLanguage":"fi","url":"https:\/\/therifles.net\/wp-content\/uploads\/2022\/08\/real-dating.jpeg","contentUrl":"https:\/\/therifles.net\/wp-content\/uploads\/2022\/08\/real-dating.jpeg","width":1125,"height":750},{"@type":"WebPage","@id":"https:\/\/therifles.net\/fi\/parhaat-sovellukset-vakavan-suhteen-loytamiseen\/#webpage","url":"https:\/\/therifles.net\/fi\/parhaat-sovellukset-vakavan-suhteen-loytamiseen\/","name":"Parhaat sovellukset vakavan suhteen l\u00f6yt\u00e4miseen - Moderni kytkent\u00e4opas","isPartOf":{"@id":"https:\/\/therifles.net\/#website"},"primaryImageOfPage":{"@id":"https:\/\/therifles.net\/fi\/parhaat-sovellukset-vakavan-suhteen-loytamiseen\/#primaryimage"},"datePublished":"2022-08-05T12:45:29+00:00","dateModified":"2022-08-05T13:32:31+00:00","breadcrumb":{"@id":"https:\/\/therifles.net\/fi\/parhaat-sovellukset-vakavan-suhteen-loytamiseen\/#breadcrumb"},"inLanguage":"fi","potentialAction":[{"@type":"ReadAction","target":["https:\/\/therifles.net\/fi\/parhaat-sovellukset-vakavan-suhteen-loytamiseen\/"]}]},{"@type":"BreadcrumbList","@id":"https:\/\/therifles.net\/fi\/parhaat-sovellukset-vakavan-suhteen-loytamiseen\/#breadcrumb","itemListElement":[{"@type":"ListItem","position":1,"name":"Home","item":"http:\/\/therifles.net\/fi\/"},{"@type":"ListItem","position":2,"name":"Parhaat sovellukset vakavan suhteen l\u00f6yt\u00e4miseen"}]}]}},"_links":{"self":[{"href":"https:\/\/therifles.net\/fi\/wp-json\/wp\/v2\/pages\/222"}],"collection":[{"href":"https:\/\/therifles.net\/fi\/wp-json\/wp\/v2\/pages"}],"about":[{"href":"https:\/\/therifles.net\/fi\/wp-json\/wp\/v2\/types\/page"}],"author":[{"embeddable":true,"href":"https:\/\/therifles.net\/fi\/wp-json\/wp\/v2\/users\/1"}],"replies":[{"embeddable":true,"href":"https:\/\/therifles.net\/fi\/wp-json\/wp\/v2\/comments?post=222"}],"version-history":[{"count":1,"href":"https:\/\/therifles.net\/fi\/wp-json\/wp\/v2\/pages\/222\/revisions"}],"predecessor-version":[{"id":227,"href":"https:\/\/therifles.net\/fi\/wp-json\/wp\/v2\/pages\/222\/revisions\/227"}],"wp:featuredmedia":[{"embeddable":true,"href":"https:\/\/therifles.net\/fi\/wp-json\/wp\/v2\/media\/172"}],"wp:attachment":[{"href":"https:\/\/therifles.net\/fi\/wp-json\/wp\/v2\/media?parent=222"}],"curies":[{"name":"wp","href":"https:\/\/api.w.org\/{rel}","templated":true}]}}