{"id":366,"date":"2022-08-05T11:21:13","date_gmt":"2022-08-05T10:21:13","guid":{"rendered":"http:\/\/therifles.net\/aplicaciones-de-citas-reales-para-solteros-que-desean-amor\/"},"modified":"2022-08-15T17:41:17","modified_gmt":"2022-08-15T16:41:17","slug":"aplicaciones-de-citas-reales-para-solteros-que-desean-amor","status":"publish","type":"page","link":"https:\/\/therifles.net\/es\/","title":{"rendered":"Aplicaciones de citas reales para solteros que desean amor"},"content":{"rendered":"<p>\u00bfLuchando por encontrar el amor o mujeres de ideas afines?<\/p>\n<p>Podr\u00edas pensar que encontrar el amor es bastante dif\u00edcil sin tener que buscarlo en l\u00ednea. Pero los sitios de <a href=\"https:\/\/www.hotsexychat.net\/es\/juegos-sexuales-para-android\/\">juego sexo android<\/a> para adultos facilitan las cosas porque puede filtrar a los miembros seg\u00fan la edad, el g\u00e9nero, la ubicaci\u00f3n, los intereses, el origen \u00e9tnico, la religi\u00f3n, el tipo de cuerpo, la orientaci\u00f3n sexual, las opciones de estilo de vida, el estado de la relaci\u00f3n, etc. Ni siquiera necesitas salir a buscarlos. Todo lo que necesita hacer es registrarse en l\u00ednea. Una vez que haya hecho eso, podr\u00e1 navegar por los perfiles y enviar mensajes a posibles coincidencias.<\/p>\n<p>La mejor parte de las aplicaciones de citas para adultos es que eres libre de expresarte. No hay reglas ni regulaciones, solo personas que buscan amor. Y como no hay nada que te impida ser honesto, abierto y transparente, puedes decir exactamente lo que quieres de un compa\u00f1ero.<\/p>\n<p><img loading=\"lazy\" class=\"aligncenter wp-image-35\" src=\"http:\/\/therifles.net\/wp-content\/uploads\/2022\/08\/tinder-app-1024x683.jpeg\" alt=\"\" width=\"633\" height=\"422\" srcset=\"https:\/\/therifles.net\/wp-content\/uploads\/2022\/08\/tinder-app-1024x683.jpeg 1024w, https:\/\/therifles.net\/wp-content\/uploads\/2022\/08\/tinder-app-300x200.jpeg 300w, https:\/\/therifles.net\/wp-content\/uploads\/2022\/08\/tinder-app-768x512.jpeg 768w, https:\/\/therifles.net\/wp-content\/uploads\/2022\/08\/tinder-app-120x80.jpeg 120w, https:\/\/therifles.net\/wp-content\/uploads\/2022\/08\/tinder-app.jpeg 1125w\" sizes=\"(max-width: 633px) 100vw, 633px\" \/><\/p>\n<h2>Nuestra Misi\u00f3n<\/h2>\n<p>Somos un sitio de revisi\u00f3n de citas en l\u00ednea donde no tiene que proporcionar su nombre real, direcci\u00f3n de correo electr\u00f3nico o incluso n\u00famero de tarjeta de cr\u00e9dito. Puede navegar por perfiles, enviar mensajes, ver fotos y videos e incluso hacer amigos en nuestro sitio seguro y protegido.<\/p>\n<p>Si est\u00e1s buscando amor, romance, amistad o sexo, has venido al lugar correcto. Ofrecemos una experiencia completamente an\u00f3nima donde nadie sabe nada sobre ti para que puedas unirte a las mejores aplicaciones de conexi\u00f3n para encontrar el amor y m\u00e1s. Registrarse toma menos de 5 minutos y puede unirse de inmediato.<\/p>\n<p>Hay miles de adultos que ya usan nuestro sitio para encontrar el amor y muchas de esas personas est\u00e1n buscando <a href=\"https:\/\/www.fucksites.net\/es\/sexting-gratis-cerca-de-mi\/\">sexting gratis<\/a>. Si est\u00e1 interesado en encontrar a alguien especial, \u00bfpor qu\u00e9 no probar estos sitios hoy?<\/p>\n<h2>Nuestras 4 mejores selecciones<\/h2>\n<h3>Bumble<\/h3>\n<p>Bumble es similar a Tinder, excepto que los hombres no tienen que iniciar el contacto. Las mujeres s\u00ed. Si una mujer quiere coincidir con un hombre, tiene que enviarle una solicitud. Ella no tiene que esperar a que \u00e9l se acerque a ella. En cambio, ella puede simplemente deslizar hacia la izquierda si \u00e9l no est\u00e1 interesado o deslizar hacia la derecha si lo est\u00e1.<\/p>\n<p>Adem\u00e1s de las citas casuales, Bumble tambi\u00e9n se puede utilizar para <a href=\"https:\/\/www.adultsexsites.org\/es\/sitios-de-conexion-gratuitos-sin-tarjeta-de-credito\/\">citas sexuales gratis<\/a> una relaci\u00f3n seria. Despu\u00e9s de crear un perfil, uno puede escribir sobre s\u00ed mismo e incluir cosas como pasatiempos, objetivos profesionales, etc. Tambi\u00e9n pueden escribir algo sobre su pareja ideal, incluidos los rasgos f\u00edsicos, la personalidad, etc.<\/p>\n<h3>Kasual<\/h3>\n<p>Kasual es una aplicaci\u00f3n de citas gratuita que facilita la b\u00fasqueda del amor. La gente est\u00e1 tratando de encontrar a alguien especial, y est\u00e1n buscando formas de hacerlo de forma an\u00f3nima. La aplicaci\u00f3n funciona como Tinder, donde deslizas el dedo hacia la izquierda si no te gusta lo que ves, o hacia la derecha si lo haces. Pero a diferencia de Tinder, no hay forma de enviar mensajes a los dem\u00e1s. En su lugar, simplemente desliza el dedo hacia la derecha si crees que lo har\u00edas con otra persona. Puedes difuminar tu cara y agregar algunos emojis para que te veas lindo. Y debido a que la aplicaci\u00f3n no recopila ning\u00fan dato, no aparecer\u00e1 en las b\u00fasquedas.<\/p>\n<h3>S\u00e9 travieso<\/h3>\n<p>BeNaughty es una aplicaci\u00f3n de emparejamiento en l\u00ednea que le permite conocer gente en funci\u00f3n de la ubicaci\u00f3n y los intereses. Es gratis para descargar y usar, pero requiere un esfuerzo m\u00ednimo de su parte. No querr\u00e1s ser una de esas personas que piensa que registrarse en un sitio de citas en l\u00ednea es demasiado trabajo. Entonces, \u00bfa qu\u00e9 est\u00e1s esperando? Descargue BeNaughty ahora y vea c\u00f3mo funciona.<\/p>\n<h3>Yesca<\/h3>\n<p>Tinder es la aplicaci\u00f3n de citas m\u00e1s famosa del mundo, y no es de extra\u00f1ar. Es gratis, f\u00e1cil de usar y a\u00fan m\u00e1s f\u00e1cil de olvidar una vez que conoces a alguien. Si desea conectarse con alguien, simplemente deslice el dedo hacia la izquierda o hacia la derecha en cada persona en su \u00e1rea. Y si no ves a nadie interesante, hay muchos otros esper\u00e1ndote. Tinder no es perfecto, pero definitivamente vale la pena echarle un vistazo.<\/p>\n<p><img loading=\"lazy\" class=\"aligncenter wp-image-36\" src=\"http:\/\/therifles.net\/wp-content\/uploads\/2022\/08\/bench-dating.jpeg\" alt=\"\" width=\"580\" height=\"435\" srcset=\"https:\/\/therifles.net\/wp-content\/uploads\/2022\/08\/bench-dating.jpeg 1000w, https:\/\/therifles.net\/wp-content\/uploads\/2022\/08\/bench-dating-300x225.jpeg 300w, https:\/\/therifles.net\/wp-content\/uploads\/2022\/08\/bench-dating-768x576.jpeg 768w, https:\/\/therifles.net\/wp-content\/uploads\/2022\/08\/bench-dating-880x660.jpeg 880w\" sizes=\"(max-width: 580px) 100vw, 580px\" \/><\/p>\n<h2>Sacar lo mejor de las aplicaciones de citas<\/h2>\n<p>Entendemos lo frustrante que puede ser tratar de encontrar a alguien compatible. As\u00ed que creamos nuestras rese\u00f1as para ayudarlo a conectarse con otros en sitios de citas seg\u00fan sus preferencias personales. No tiene que preocuparse por quedarse atascado con una cita que no se ajusta a su estilo de vida. Y siempre sabr\u00e1 qu\u00e9 esperar porque nos aseguramos de que cada perfil coincida con sus expectativas.<\/p>\n<p>Ya sea que se trate de <a href=\"https:\/\/www.sexting-sites.com\/es\/\">paginas de sexting<\/a> o relaciones serias, hay muchas oportunidades para conocer a alguien especial. Pero encontrar la mejor manera de conectarse con las personas puede ser dif\u00edcil. Si quieres empezar a conocer a adultos de ideas afines que comparten intereses similares.<\/p>\n<p>1. S\u00e9 t\u00fa mismo &#8211; No trates de fingir ser otra persona. Si est\u00e1 buscando una relaci\u00f3n seria, no se una a un sitio donde todos se diviertan. La gente quiere saber qu\u00e9 te hace funcionar. Entonces, cu\u00e9ntanos sobre ti. Cu\u00e9ntanos qu\u00e9 te gusta hacer, cu\u00e1nto dinero ganas, pasatiempos, etc. Esto nos ayuda a emparejarlo con otros que comparten rasgos similares. Te ayudaremos a encontrar a alguien que comparta tus valores y personalidad.<\/p>\n<p>2. Haga coincidir su perfil con lo que quiere en una pareja: piense en las cualidades que desea en una pareja.<\/p>\n<ul>\n<li>\u00bfEs gracioso?<\/li>\n<li>\u00bfInteligente?<\/li>\n<li>\u00bfAtl\u00e9tico?<\/li>\n<li>\u00bfLe gusta pasar tiempo al aire libre?<\/li>\n<\/ul>\n<p>Estas cosas pueden ayudarte a reducir el campo de posibles coincidencias. Por ejemplo, si no quieres a alguien a quien le gusten los deportes, no ver\u00e1s a nadie que juegue al baloncesto en sitios como eHarmony.com. O, si quieres a alguien que disfrute pasar el rato.<\/p>\n<h3>LGBT+ Inclusivo<\/h3>\n<p>El mundo de las citas en l\u00ednea es vasto. Con cientos de sitios por ah\u00ed, encontrar uno que se adapte a sus necesidades es m\u00e1s f\u00e1cil decirlo que hacerlo. Sin embargo, si est\u00e1 buscando algo espec\u00edfico, hemos compilado una lista completa de categor\u00edas que abarcan todo el espectro de la orientaci\u00f3n sexual, incluidos heterosexuales, gays, bisexuales, trans y todo lo dem\u00e1s.<\/p>\n","protected":false},"excerpt":{"rendered":"<p>\u00bfLuchando por encontrar el amor o mujeres de ideas afines? Podr\u00edas pensar que encontrar el amor es bastante dif\u00edcil sin<\/p>\n","protected":false},"author":1,"featured_media":0,"parent":0,"menu_order":0,"comment_status":"closed","ping_status":"closed","template":"","meta":[],"yoast_head":"<!-- This site is optimized with the Yoast SEO plugin v17.7.1 - https:\/\/yoast.com\/wordpress\/plugins\/seo\/ -->\n<title>Aplicaciones de citas reales para solteros que desean amor - Gu\u00eda de conexi\u00f3n moderna<\/title>\n<meta name=\"robots\" content=\"index, follow, max-snippet:-1, max-image-preview:large, max-video-preview:-1\" \/>\n<link rel=\"canonical\" href=\"https:\/\/therifles.net\/es\/\" \/>\n<meta property=\"og:locale\" content=\"es_ES\" \/>\n<meta property=\"og:type\" content=\"article\" \/>\n<meta property=\"og:title\" content=\"Aplicaciones de citas reales para solteros que desean amor - Gu\u00eda de conexi\u00f3n moderna\" \/>\n<meta property=\"og:description\" content=\"\u00bfLuchando por encontrar el amor o mujeres de ideas afines? Podr\u00edas pensar que encontrar el amor es bastante dif\u00edcil sin\" \/>\n<meta property=\"og:url\" content=\"https:\/\/therifles.net\/es\/\" \/>\n<meta property=\"og:site_name\" content=\"Gu\u00eda de conexi\u00f3n moderna\" \/>\n<meta property=\"article:modified_time\" content=\"2022-08-15T16:41:17+00:00\" \/>\n<meta property=\"og:image\" content=\"http:\/\/therifles.net\/wp-content\/uploads\/2022\/08\/tinder-app-1024x683.jpeg\" \/>\n<meta name=\"twitter:card\" content=\"summary_large_image\" \/>\n<meta name=\"twitter:label1\" content=\"Tiempo de lectura\" \/>\n\t<meta name=\"twitter:data1\" content=\"5 minutos\" \/>\n<script type=\"application\/ld+json\" class=\"yoast-schema-graph\">{\"@context\":\"https:\/\/schema.org\",\"@graph\":[{\"@type\":\"WebSite\",\"@id\":\"https:\/\/therifles.net\/#website\",\"url\":\"https:\/\/therifles.net\/\",\"name\":\"Gu\\u00eda de conexi\\u00f3n moderna\",\"description\":\"Asesor Personal\",\"potentialAction\":[{\"@type\":\"SearchAction\",\"target\":{\"@type\":\"EntryPoint\",\"urlTemplate\":\"https:\/\/therifles.net\/?s={search_term_string}\"},\"query-input\":\"required name=search_term_string\"}],\"inLanguage\":\"es\"},{\"@type\":\"ImageObject\",\"@id\":\"https:\/\/therifles.net\/es\/#primaryimage\",\"inLanguage\":\"es\",\"url\":\"http:\/\/therifles.net\/wp-content\/uploads\/2022\/08\/tinder-app-1024x683.jpeg\",\"contentUrl\":\"http:\/\/therifles.net\/wp-content\/uploads\/2022\/08\/tinder-app-1024x683.jpeg\"},{\"@type\":\"WebPage\",\"@id\":\"https:\/\/therifles.net\/es\/#webpage\",\"url\":\"https:\/\/therifles.net\/es\/\",\"name\":\"Aplicaciones de citas reales para solteros que desean amor - Gu\\u00eda de conexi\\u00f3n moderna\",\"isPartOf\":{\"@id\":\"https:\/\/therifles.net\/#website\"},\"primaryImageOfPage\":{\"@id\":\"https:\/\/therifles.net\/es\/#primaryimage\"},\"datePublished\":\"2022-08-05T10:21:13+00:00\",\"dateModified\":\"2022-08-15T16:41:17+00:00\",\"breadcrumb\":{\"@id\":\"https:\/\/therifles.net\/es\/#breadcrumb\"},\"inLanguage\":\"es\",\"potentialAction\":[{\"@type\":\"ReadAction\",\"target\":[\"https:\/\/therifles.net\/es\/\"]}]},{\"@type\":\"BreadcrumbList\",\"@id\":\"https:\/\/therifles.net\/es\/#breadcrumb\",\"itemListElement\":[{\"@type\":\"ListItem\",\"position\":1,\"name\":\"Home\",\"item\":\"https:\/\/therifles.net\/es\/\"},{\"@type\":\"ListItem\",\"position\":2,\"name\":\"Aplicaciones de citas reales para solteros que desean amor\"}]}]}<\/script>\n<!-- \/ Yoast SEO plugin. -->","yoast_head_json":{"title":"Aplicaciones de citas reales para solteros que desean amor - Gu\u00eda de conexi\u00f3n moderna","robots":{"index":"index","follow":"follow","max-snippet":"max-snippet:-1","max-image-preview":"max-image-preview:large","max-video-preview":"max-video-preview:-1"},"canonical":"https:\/\/therifles.net\/es\/","og_locale":"es_ES","og_type":"article","og_title":"Aplicaciones de citas reales para solteros que desean amor - Gu\u00eda de conexi\u00f3n moderna","og_description":"\u00bfLuchando por encontrar el amor o mujeres de ideas afines? Podr\u00edas pensar que encontrar el amor es bastante dif\u00edcil sin","og_url":"https:\/\/therifles.net\/es\/","og_site_name":"Gu\u00eda de conexi\u00f3n moderna","article_modified_time":"2022-08-15T16:41:17+00:00","og_image":[{"url":"http:\/\/therifles.net\/wp-content\/uploads\/2022\/08\/tinder-app-1024x683.jpeg"}],"twitter_card":"summary_large_image","twitter_misc":{"Tiempo de lectura":"5 minutos"},"schema":{"@context":"https:\/\/schema.org","@graph":[{"@type":"WebSite","@id":"https:\/\/therifles.net\/#website","url":"https:\/\/therifles.net\/","name":"Gu\u00eda de conexi\u00f3n moderna","description":"Asesor Personal","potentialAction":[{"@type":"SearchAction","target":{"@type":"EntryPoint","urlTemplate":"https:\/\/therifles.net\/?s={search_term_string}"},"query-input":"required name=search_term_string"}],"inLanguage":"es"},{"@type":"ImageObject","@id":"https:\/\/therifles.net\/es\/#primaryimage","inLanguage":"es","url":"http:\/\/therifles.net\/wp-content\/uploads\/2022\/08\/tinder-app-1024x683.jpeg","contentUrl":"http:\/\/therifles.net\/wp-content\/uploads\/2022\/08\/tinder-app-1024x683.jpeg"},{"@type":"WebPage","@id":"https:\/\/therifles.net\/es\/#webpage","url":"https:\/\/therifles.net\/es\/","name":"Aplicaciones de citas reales para solteros que desean amor - Gu\u00eda de conexi\u00f3n moderna","isPartOf":{"@id":"https:\/\/therifles.net\/#website"},"primaryImageOfPage":{"@id":"https:\/\/therifles.net\/es\/#primaryimage"},"datePublished":"2022-08-05T10:21:13+00:00","dateModified":"2022-08-15T16:41:17+00:00","breadcrumb":{"@id":"https:\/\/therifles.net\/es\/#breadcrumb"},"inLanguage":"es","potentialAction":[{"@type":"ReadAction","target":["https:\/\/therifles.net\/es\/"]}]},{"@type":"BreadcrumbList","@id":"https:\/\/therifles.net\/es\/#breadcrumb","itemListElement":[{"@type":"ListItem","position":1,"name":"Home","item":"https:\/\/therifles.net\/es\/"},{"@type":"ListItem","position":2,"name":"Aplicaciones de citas reales para solteros que desean amor"}]}]}},"_links":{"self":[{"href":"https:\/\/therifles.net\/es\/wp-json\/wp\/v2\/pages\/366"}],"collection":[{"href":"https:\/\/therifles.net\/es\/wp-json\/wp\/v2\/pages"}],"about":[{"href":"https:\/\/therifles.net\/es\/wp-json\/wp\/v2\/types\/page"}],"author":[{"embeddable":true,"href":"https:\/\/therifles.net\/es\/wp-json\/wp\/v2\/users\/1"}],"replies":[{"embeddable":true,"href":"https:\/\/therifles.net\/es\/wp-json\/wp\/v2\/comments?post=366"}],"version-history":[{"count":2,"href":"https:\/\/therifles.net\/es\/wp-json\/wp\/v2\/pages\/366\/revisions"}],"predecessor-version":[{"id":381,"href":"https:\/\/therifles.net\/es\/wp-json\/wp\/v2\/pages\/366\/revisions\/381"}],"wp:attachment":[{"href":"https:\/\/therifles.net\/es\/wp-json\/wp\/v2\/media?parent=366"}],"curies":[{"name":"wp","href":"https:\/\/api.w.org\/{rel}","templated":true}]}}