{"id":334,"date":"2022-08-05T13:12:16","date_gmt":"2022-08-05T12:12:16","guid":{"rendered":"http:\/\/therifles.net\/son-las-citas-en-linea-lo-que-necesitas\/"},"modified":"2022-08-05T14:32:47","modified_gmt":"2022-08-05T13:32:47","slug":"son-las-citas-en-linea-lo-que-necesitas","status":"publish","type":"page","link":"https:\/\/therifles.net\/es\/son-las-citas-en-linea-lo-que-necesitas\/","title":{"rendered":"\u00bfSon las citas en l\u00ednea lo que necesitas?"},"content":{"rendered":"<p>La idea de que podr\u00edas encontrar \u00abel uno\u00bb mientras est\u00e1s sentado solo frente a la pantalla de tu computadora puede parecer algo sacado de una pel\u00edcula, pero seg\u00fan una encuesta reciente realizada por, aproximadamente la mitad de los estadounidenses dicen que han hecho precisamente eso.<\/p>\n<p>De hecho, los investigadores encontraron que las personas que usan sitios <a href=\"http:\/\/therifles.net\/texting-with-your-partner\/\">de citas en l\u00ednea<\/a> tienden a ser mayores y m\u00e1s ricas que las que no lo hacen, y que las personas que salen en l\u00ednea tienen muchas m\u00e1s probabilidades de terminar cas\u00e1ndose entre s\u00ed.<\/p>\n<p>Si ha estado pensando en probar las citas en l\u00ednea, aqu\u00ed hay algunas razones por las que a\u00fan no debe pagar para unirse a un sitio.<\/p>\n<h2>Te perder\u00e1s grandes citas<\/h2>\n<p>Hay muchos sitios de citas gratuitos por ah\u00ed, y aunque no siempre son la mejor opci\u00f3n, por lo general proporcionan un buen lugar de partida. Sin embargo, si est\u00e1 buscando algo especial, es posible que desee considerar pagar una membres\u00eda premium. De esta manera, no tendr\u00e1 que preocuparse por ser emparejado con nadie que no cumpla con sus est\u00e1ndares.<\/p>\n<h2>Perder\u00e1s menos tiempo<\/h2>\n<p>Cuando usas un servicio de pago, podr\u00e1s filtrar tus posibles coincidencias en funci\u00f3n de cosas como la ubicaci\u00f3n, el rango de edad, el estado de la relaci\u00f3n e incluso los pasatiempos. Esto hace que sea m\u00e1s f\u00e1cil encontrar a alguien que comparta intereses similares. Y debido a que puede navegar por los perfiles de forma gratuita, no pasar\u00e1 horas deslizando hacia la izquierda y hacia la derecha.<\/p>\n<h2>Ahorrar\u00e1s dinero<\/h2>\n<p>\u00bfConoces esas costosas tarifas de suscripci\u00f3n mensual? Se suman r\u00e1pido. Un servicio gratuito a menudo tambi\u00e9n es m\u00e1s barato, especialmente si se est\u00e1 registrando para obtener varias cuentas. Por ejemplo, Match.com ofrece tres planes diferentes: $ 9.99 por mes para acceso b\u00e1sico; $ 19.95 por mes para mensajes ilimitados; y $ 29.95 por mes para funciones premium como video chat.<\/p>\n<h2>Opci\u00f3n popular para probar el sexo casual &#8211; Ashely Madison<\/h2>\n<p>Ashley Madison es tan popular que mucha gente lo sabe. Este sitio de citas y aventuras en l\u00ednea ha estado activo desde 2002 y ofrece membres\u00edas pagas para aquellos que buscan algo serio. Sin embargo, incluso los usuarios ocasionales pueden encontrar a alguien especial en el sitio. Con m\u00e1s de 20 millones de miembros registrados en todo el mundo, hay muchas oportunidades para conocer a alguien con quien desea salir.<\/p>\n<p>El sitio se centra principalmente en ayudar a las personas casadas a hacer trampa, pero tambi\u00e9n es ideal para hombres y mujeres solteros que buscan sexo casual. No hay restricciones de edad o g\u00e9nero, y puedes hacer lo que quieras sin preocuparte por ser atrapado. Incluso puede enviar dinero a trav\u00e9s de PayPal para pagar funciones adicionales como modelos de c\u00e1maras en vivo, sexo telef\u00f3nico y correos electr\u00f3nicos ilimitados.<\/p>\n<p>No tiene que preocuparse por ser descubierto porque el sitio utiliza tecnolog\u00eda de cifrado para mantener su informaci\u00f3n personal segura. De hecho, el sitio se jacta de que \u00absu privacidad importa\u00bb.<\/p>\n","protected":false},"excerpt":{"rendered":"<p>La idea de que podr\u00edas encontrar \u00abel uno\u00bb mientras est\u00e1s sentado solo frente a la pantalla de tu computadora puede<\/p>\n","protected":false},"author":1,"featured_media":124,"parent":0,"menu_order":0,"comment_status":"closed","ping_status":"closed","template":"","meta":[],"yoast_head":"<!-- This site is optimized with the Yoast SEO plugin v17.7.1 - https:\/\/yoast.com\/wordpress\/plugins\/seo\/ -->\n<title>\u00bfSon las citas en l\u00ednea lo que necesitas? - Gu\u00eda de conexi\u00f3n moderna<\/title>\n<meta name=\"robots\" content=\"index, follow, max-snippet:-1, max-image-preview:large, max-video-preview:-1\" \/>\n<link rel=\"canonical\" href=\"https:\/\/therifles.net\/es\/son-las-citas-en-linea-lo-que-necesitas\/\" \/>\n<meta property=\"og:locale\" content=\"es_ES\" \/>\n<meta property=\"og:type\" content=\"article\" \/>\n<meta property=\"og:title\" content=\"\u00bfSon las citas en l\u00ednea lo que necesitas? - Gu\u00eda de conexi\u00f3n moderna\" \/>\n<meta property=\"og:description\" content=\"La idea de que podr\u00edas encontrar \u00abel uno\u00bb mientras est\u00e1s sentado solo frente a la pantalla de tu computadora puede\" \/>\n<meta property=\"og:url\" content=\"https:\/\/therifles.net\/es\/son-las-citas-en-linea-lo-que-necesitas\/\" \/>\n<meta property=\"og:site_name\" content=\"Gu\u00eda de conexi\u00f3n moderna\" \/>\n<meta property=\"article:modified_time\" content=\"2022-08-05T13:32:47+00:00\" \/>\n<meta property=\"og:image\" content=\"https:\/\/therifles.net\/wp-content\/uploads\/2022\/08\/dating-list.jpeg\" \/>\n\t<meta property=\"og:image:width\" content=\"1125\" \/>\n\t<meta property=\"og:image:height\" content=\"750\" \/>\n<meta name=\"twitter:card\" content=\"summary_large_image\" \/>\n<meta name=\"twitter:label1\" content=\"Tiempo de lectura\" \/>\n\t<meta name=\"twitter:data1\" content=\"3 minutos\" \/>\n<script type=\"application\/ld+json\" class=\"yoast-schema-graph\">{\"@context\":\"https:\/\/schema.org\",\"@graph\":[{\"@type\":\"WebSite\",\"@id\":\"https:\/\/therifles.net\/#website\",\"url\":\"https:\/\/therifles.net\/\",\"name\":\"Gu\\u00eda de conexi\\u00f3n moderna\",\"description\":\"Asesor Personal\",\"potentialAction\":[{\"@type\":\"SearchAction\",\"target\":{\"@type\":\"EntryPoint\",\"urlTemplate\":\"https:\/\/therifles.net\/?s={search_term_string}\"},\"query-input\":\"required name=search_term_string\"}],\"inLanguage\":\"es\"},{\"@type\":\"ImageObject\",\"@id\":\"https:\/\/therifles.net\/es\/son-las-citas-en-linea-lo-que-necesitas\/#primaryimage\",\"inLanguage\":\"es\",\"url\":\"https:\/\/therifles.net\/wp-content\/uploads\/2022\/08\/dating-list.jpeg\",\"contentUrl\":\"https:\/\/therifles.net\/wp-content\/uploads\/2022\/08\/dating-list.jpeg\",\"width\":1125,\"height\":750},{\"@type\":\"WebPage\",\"@id\":\"https:\/\/therifles.net\/es\/son-las-citas-en-linea-lo-que-necesitas\/#webpage\",\"url\":\"https:\/\/therifles.net\/es\/son-las-citas-en-linea-lo-que-necesitas\/\",\"name\":\"\\u00bfSon las citas en l\\u00ednea lo que necesitas? - Gu\\u00eda de conexi\\u00f3n moderna\",\"isPartOf\":{\"@id\":\"https:\/\/therifles.net\/#website\"},\"primaryImageOfPage\":{\"@id\":\"https:\/\/therifles.net\/es\/son-las-citas-en-linea-lo-que-necesitas\/#primaryimage\"},\"datePublished\":\"2022-08-05T12:12:16+00:00\",\"dateModified\":\"2022-08-05T13:32:47+00:00\",\"breadcrumb\":{\"@id\":\"https:\/\/therifles.net\/es\/son-las-citas-en-linea-lo-que-necesitas\/#breadcrumb\"},\"inLanguage\":\"es\",\"potentialAction\":[{\"@type\":\"ReadAction\",\"target\":[\"https:\/\/therifles.net\/es\/son-las-citas-en-linea-lo-que-necesitas\/\"]}]},{\"@type\":\"BreadcrumbList\",\"@id\":\"https:\/\/therifles.net\/es\/son-las-citas-en-linea-lo-que-necesitas\/#breadcrumb\",\"itemListElement\":[{\"@type\":\"ListItem\",\"position\":1,\"name\":\"Home\",\"item\":\"http:\/\/therifles.net\/es\/\"},{\"@type\":\"ListItem\",\"position\":2,\"name\":\"\\u00bfSon las citas en l\\u00ednea lo que necesitas?\"}]}]}<\/script>\n<!-- \/ Yoast SEO plugin. -->","yoast_head_json":{"title":"\u00bfSon las citas en l\u00ednea lo que necesitas? - Gu\u00eda de conexi\u00f3n moderna","robots":{"index":"index","follow":"follow","max-snippet":"max-snippet:-1","max-image-preview":"max-image-preview:large","max-video-preview":"max-video-preview:-1"},"canonical":"https:\/\/therifles.net\/es\/son-las-citas-en-linea-lo-que-necesitas\/","og_locale":"es_ES","og_type":"article","og_title":"\u00bfSon las citas en l\u00ednea lo que necesitas? - Gu\u00eda de conexi\u00f3n moderna","og_description":"La idea de que podr\u00edas encontrar \u00abel uno\u00bb mientras est\u00e1s sentado solo frente a la pantalla de tu computadora puede","og_url":"https:\/\/therifles.net\/es\/son-las-citas-en-linea-lo-que-necesitas\/","og_site_name":"Gu\u00eda de conexi\u00f3n moderna","article_modified_time":"2022-08-05T13:32:47+00:00","og_image":[{"width":1125,"height":750,"url":"https:\/\/therifles.net\/wp-content\/uploads\/2022\/08\/dating-list.jpeg","type":"image\/jpeg"}],"twitter_card":"summary_large_image","twitter_misc":{"Tiempo de lectura":"3 minutos"},"schema":{"@context":"https:\/\/schema.org","@graph":[{"@type":"WebSite","@id":"https:\/\/therifles.net\/#website","url":"https:\/\/therifles.net\/","name":"Gu\u00eda de conexi\u00f3n moderna","description":"Asesor Personal","potentialAction":[{"@type":"SearchAction","target":{"@type":"EntryPoint","urlTemplate":"https:\/\/therifles.net\/?s={search_term_string}"},"query-input":"required name=search_term_string"}],"inLanguage":"es"},{"@type":"ImageObject","@id":"https:\/\/therifles.net\/es\/son-las-citas-en-linea-lo-que-necesitas\/#primaryimage","inLanguage":"es","url":"https:\/\/therifles.net\/wp-content\/uploads\/2022\/08\/dating-list.jpeg","contentUrl":"https:\/\/therifles.net\/wp-content\/uploads\/2022\/08\/dating-list.jpeg","width":1125,"height":750},{"@type":"WebPage","@id":"https:\/\/therifles.net\/es\/son-las-citas-en-linea-lo-que-necesitas\/#webpage","url":"https:\/\/therifles.net\/es\/son-las-citas-en-linea-lo-que-necesitas\/","name":"\u00bfSon las citas en l\u00ednea lo que necesitas? - Gu\u00eda de conexi\u00f3n moderna","isPartOf":{"@id":"https:\/\/therifles.net\/#website"},"primaryImageOfPage":{"@id":"https:\/\/therifles.net\/es\/son-las-citas-en-linea-lo-que-necesitas\/#primaryimage"},"datePublished":"2022-08-05T12:12:16+00:00","dateModified":"2022-08-05T13:32:47+00:00","breadcrumb":{"@id":"https:\/\/therifles.net\/es\/son-las-citas-en-linea-lo-que-necesitas\/#breadcrumb"},"inLanguage":"es","potentialAction":[{"@type":"ReadAction","target":["https:\/\/therifles.net\/es\/son-las-citas-en-linea-lo-que-necesitas\/"]}]},{"@type":"BreadcrumbList","@id":"https:\/\/therifles.net\/es\/son-las-citas-en-linea-lo-que-necesitas\/#breadcrumb","itemListElement":[{"@type":"ListItem","position":1,"name":"Home","item":"http:\/\/therifles.net\/es\/"},{"@type":"ListItem","position":2,"name":"\u00bfSon las citas en l\u00ednea lo que necesitas?"}]}]}},"_links":{"self":[{"href":"https:\/\/therifles.net\/es\/wp-json\/wp\/v2\/pages\/334"}],"collection":[{"href":"https:\/\/therifles.net\/es\/wp-json\/wp\/v2\/pages"}],"about":[{"href":"https:\/\/therifles.net\/es\/wp-json\/wp\/v2\/types\/page"}],"author":[{"embeddable":true,"href":"https:\/\/therifles.net\/es\/wp-json\/wp\/v2\/users\/1"}],"replies":[{"embeddable":true,"href":"https:\/\/therifles.net\/es\/wp-json\/wp\/v2\/comments?post=334"}],"version-history":[{"count":1,"href":"https:\/\/therifles.net\/es\/wp-json\/wp\/v2\/pages\/334\/revisions"}],"predecessor-version":[{"id":337,"href":"https:\/\/therifles.net\/es\/wp-json\/wp\/v2\/pages\/334\/revisions\/337"}],"wp:featuredmedia":[{"embeddable":true,"href":"https:\/\/therifles.net\/es\/wp-json\/wp\/v2\/media\/124"}],"wp:attachment":[{"href":"https:\/\/therifles.net\/es\/wp-json\/wp\/v2\/media?parent=334"}],"curies":[{"name":"wp","href":"https:\/\/api.w.org\/{rel}","templated":true}]}}