{"id":332,"date":"2022-08-05T13:22:17","date_gmt":"2022-08-05T12:22:17","guid":{"rendered":"http:\/\/therifles.net\/sexting\/"},"modified":"2022-08-05T14:32:47","modified_gmt":"2022-08-05T13:32:47","slug":"sexting","status":"publish","type":"page","link":"https:\/\/therifles.net\/es\/sexting\/","title":{"rendered":"Sexting"},"content":{"rendered":"<p>La cultura de conexi\u00f3n que rodea al sexo no es nada nuevo, pero gracias a las redes sociales, la tecnolog\u00eda m\u00f3vil y el aumento de las aplicaciones de citas en l\u00ednea como Tinder, Grindr, Bumble y otras, se ha vuelto mucho m\u00e1s f\u00e1cil encontrar a alguien con quien conectarse. Sin embargo, con todas estas aplicaciones puede ser dif\u00edcil encontrar cu\u00e1l va a ser la mejor para usted.<\/p>\n<h2>\u00bfQu\u00e9 aplicaci\u00f3n probar?<\/h2>\n<p>Hemos ido a\u00fan m\u00e1s lejos y hemos hecho una lista de los mejores sitios de sexting.<\/p>\n<p>Encontrar\u00e1s de todo, desde aplicaciones gratuitas de <a href=\"http:\/\/therifles.net\/texting-with-your-partner\/\">mensajer\u00eda de texto<\/a> hasta plataformas premium de citas para adultos, que te dan acceso a miles de <a href=\"http:\/\/therifles.net\/is-online-dating-what-you-need\/\">solteros sexys en todo el mundo<\/a>. Entonces, si quieres probar el sexting por ti mismo, aqu\u00ed est\u00e1n los mejores lugares para comenzar.<\/p>\n<p>Entonces, \u00bfpor qu\u00e9 creemos que estos sitios son los mejores? Bueno, aqu\u00ed est\u00e1 nuestra lista de los diez mejores sitios web de sexting en l\u00ednea:<\/p>\n<h3>JerkMate<\/h3>\n<p>Jerkmate es uno de los mejores sitios de sexting gratuitos en general porque ofrece muchas caracter\u00edsticas. Hay muchas categor\u00edas, como salas de chat con c\u00e1mara web, chicas traviesas, modelos aficionados y mucho m\u00e1s. Puedes encontrar todo lo que quieras aqu\u00ed. Este sitio es muy f\u00e1cil de usar y navegar.<\/p>\n<h3>Kik<\/h3>\n<p>Kik es una de las <a href=\"http:\/\/therifles.net\/how-hookup-apps-work-finding-the-right-type-of-dating-app\/\">plataformas de citas m\u00e1s antiguas de la web<\/a>. Ha existido desde 2005, y es utilizado por millones de personas en todo el mundo. Est\u00e1 dise\u00f1ado espec\u00edficamente para adolescentes y adultos j\u00f3venes, pero cualquiera puede usarlo.<\/p>\n<h3>Omegle<\/h3>\n<p>Si nunca has o\u00eddo hablar de Omegle, probablemente sea porque no es muy conocido. Este sitio le permite conectarse aleatoriamente con otra persona. Puedes hablar con quien quieras, sin importar la edad que tengan. Solo tenga en cuenta que la mayor\u00eda de las personas no est\u00e1n interesadas en hablar con alguien que conocieron en l\u00ednea.<\/p>\n<h3>Chatroulette<\/h3>\n<p>Como su nombre indica, Chatroulette te permite conocer gente al azar y comenzar a chatear con ellos. Es similar a Omegle, excepto que en lugar de conectarte con personas que ya conoces, te conectas con extra\u00f1os totales.<\/p>\n<h3>Pescuezo<\/h3>\n<p>Scruff es un poco diferente de otros sitios de citas. En lugar de emparejarlo con fechas potenciales seg\u00fan sus preferencias, lo empareja en funci\u00f3n de su ubicaci\u00f3n. Entonces, si est\u00e1s en la ciudad de Nueva York y te emparejas con alguien cercano, puedes hacer arreglos para pasar el rato juntos.<\/p>\n<h3>Travieso<\/h3>\n<p>BeNaughty es otra aplicaci\u00f3n de citas gratuita que permite a las personas conectarse con otros en funci\u00f3n de sus intereses sexuales. Al igual que muchos sitios como este, est\u00e1 dise\u00f1ado para facilitar las conexiones, especialmente para las personas que desean reunirse sin tener que pagar por bebidas o cenas. Pero a diferencia de otras aplicaciones, BeNaughty no solo te permite deslizar hacia la izquierda o hacia la derecha para ver a qui\u00e9n m\u00e1s le gusta lo que haces; en realidad, te permite enviar fotos y videos desnudos directamente entre s\u00ed. Tampoco tiene que preocuparse por ser atrapado porque la aplicaci\u00f3n mantiene todo completamente an\u00f3nimo. Y como es totalmente gratis, no tendr\u00e1s que gastar ni un centavo para probarlo.<\/p>\n<h2>\u00bfEs el sexting para ti?<\/h2>\n<ul>\n<li>Est\u00e9 seguro: Este parece obvio, pero vale la pena repetirlo. No env\u00edes nada que no quieras que otra persona vea. Nunca se sabe d\u00f3nde pueden terminar sus mensajes.<\/li>\n<li>S\u00e9 discreto: Recuerda que aunque no te encuentres cara a cara, seguir\u00e1s comunic\u00e1ndote a trav\u00e9s de mensajes de texto. Mantenga las cosas alegres y coquetas; evite enviar demasiada informaci\u00f3n sobre su vida personal.<\/li>\n<li>Conozca sus l\u00edmites: Si bien est\u00e1 bien ceder ocasionalmente a la tentaci\u00f3n, aseg\u00farese de no exagerar. Establezca l\u00edmites sobre la frecuencia con la que desea recibir mensajes de texto y ap\u00e9guese a ellos.<\/li>\n<li>Piensa antes de enviar: Aunque pienses que est\u00e1s siendo divertido o lindo, lo m\u00e1s probable es que no lo seas. Considera si algo que est\u00e1s pensando decir es apropiado.<\/li>\n<\/ul>\n","protected":false},"excerpt":{"rendered":"<p>La cultura de conexi\u00f3n que rodea al sexo no es nada nuevo, pero gracias a las redes sociales, la tecnolog\u00eda<\/p>\n","protected":false},"author":1,"featured_media":135,"parent":0,"menu_order":0,"comment_status":"closed","ping_status":"closed","template":"","meta":[],"yoast_head":"<!-- This site is optimized with the Yoast SEO plugin v17.7.1 - https:\/\/yoast.com\/wordpress\/plugins\/seo\/ -->\n<title>Sexting - Gu\u00eda de conexi\u00f3n moderna<\/title>\n<meta name=\"robots\" content=\"index, follow, max-snippet:-1, max-image-preview:large, max-video-preview:-1\" \/>\n<link rel=\"canonical\" href=\"https:\/\/therifles.net\/es\/sexting\/\" \/>\n<meta property=\"og:locale\" content=\"es_ES\" \/>\n<meta property=\"og:type\" content=\"article\" \/>\n<meta property=\"og:title\" content=\"Sexting - Gu\u00eda de conexi\u00f3n moderna\" \/>\n<meta property=\"og:description\" content=\"La cultura de conexi\u00f3n que rodea al sexo no es nada nuevo, pero gracias a las redes sociales, la tecnolog\u00eda\" \/>\n<meta property=\"og:url\" content=\"https:\/\/therifles.net\/es\/sexting\/\" \/>\n<meta property=\"og:site_name\" content=\"Gu\u00eda de conexi\u00f3n moderna\" \/>\n<meta property=\"article:modified_time\" content=\"2022-08-05T13:32:47+00:00\" \/>\n<meta name=\"twitter:card\" content=\"summary_large_image\" \/>\n<meta name=\"twitter:image\" content=\"https:\/\/therifles.net\/wp-content\/uploads\/2022\/08\/dating.webp\" \/>\n<meta name=\"twitter:label1\" content=\"Tiempo de lectura\" \/>\n\t<meta name=\"twitter:data1\" content=\"3 minutos\" \/>\n<script type=\"application\/ld+json\" class=\"yoast-schema-graph\">{\"@context\":\"https:\/\/schema.org\",\"@graph\":[{\"@type\":\"WebSite\",\"@id\":\"https:\/\/therifles.net\/#website\",\"url\":\"https:\/\/therifles.net\/\",\"name\":\"Gu\\u00eda de conexi\\u00f3n moderna\",\"description\":\"Asesor Personal\",\"potentialAction\":[{\"@type\":\"SearchAction\",\"target\":{\"@type\":\"EntryPoint\",\"urlTemplate\":\"https:\/\/therifles.net\/?s={search_term_string}\"},\"query-input\":\"required name=search_term_string\"}],\"inLanguage\":\"es\"},{\"@type\":\"ImageObject\",\"@id\":\"https:\/\/therifles.net\/es\/sexting\/#primaryimage\",\"inLanguage\":\"es\",\"url\":\"https:\/\/therifles.net\/wp-content\/uploads\/2022\/08\/dating.webp\",\"contentUrl\":\"https:\/\/therifles.net\/wp-content\/uploads\/2022\/08\/dating.webp\",\"width\":539,\"height\":750},{\"@type\":\"WebPage\",\"@id\":\"https:\/\/therifles.net\/es\/sexting\/#webpage\",\"url\":\"https:\/\/therifles.net\/es\/sexting\/\",\"name\":\"Sexting - Gu\\u00eda de conexi\\u00f3n moderna\",\"isPartOf\":{\"@id\":\"https:\/\/therifles.net\/#website\"},\"primaryImageOfPage\":{\"@id\":\"https:\/\/therifles.net\/es\/sexting\/#primaryimage\"},\"datePublished\":\"2022-08-05T12:22:17+00:00\",\"dateModified\":\"2022-08-05T13:32:47+00:00\",\"breadcrumb\":{\"@id\":\"https:\/\/therifles.net\/es\/sexting\/#breadcrumb\"},\"inLanguage\":\"es\",\"potentialAction\":[{\"@type\":\"ReadAction\",\"target\":[\"https:\/\/therifles.net\/es\/sexting\/\"]}]},{\"@type\":\"BreadcrumbList\",\"@id\":\"https:\/\/therifles.net\/es\/sexting\/#breadcrumb\",\"itemListElement\":[{\"@type\":\"ListItem\",\"position\":1,\"name\":\"Home\",\"item\":\"http:\/\/therifles.net\/es\/\"},{\"@type\":\"ListItem\",\"position\":2,\"name\":\"Sexting\"}]}]}<\/script>\n<!-- \/ Yoast SEO plugin. -->","yoast_head_json":{"title":"Sexting - Gu\u00eda de conexi\u00f3n moderna","robots":{"index":"index","follow":"follow","max-snippet":"max-snippet:-1","max-image-preview":"max-image-preview:large","max-video-preview":"max-video-preview:-1"},"canonical":"https:\/\/therifles.net\/es\/sexting\/","og_locale":"es_ES","og_type":"article","og_title":"Sexting - Gu\u00eda de conexi\u00f3n moderna","og_description":"La cultura de conexi\u00f3n que rodea al sexo no es nada nuevo, pero gracias a las redes sociales, la tecnolog\u00eda","og_url":"https:\/\/therifles.net\/es\/sexting\/","og_site_name":"Gu\u00eda de conexi\u00f3n moderna","article_modified_time":"2022-08-05T13:32:47+00:00","twitter_card":"summary_large_image","twitter_image":"https:\/\/therifles.net\/wp-content\/uploads\/2022\/08\/dating.webp","twitter_misc":{"Tiempo de lectura":"3 minutos"},"schema":{"@context":"https:\/\/schema.org","@graph":[{"@type":"WebSite","@id":"https:\/\/therifles.net\/#website","url":"https:\/\/therifles.net\/","name":"Gu\u00eda de conexi\u00f3n moderna","description":"Asesor Personal","potentialAction":[{"@type":"SearchAction","target":{"@type":"EntryPoint","urlTemplate":"https:\/\/therifles.net\/?s={search_term_string}"},"query-input":"required name=search_term_string"}],"inLanguage":"es"},{"@type":"ImageObject","@id":"https:\/\/therifles.net\/es\/sexting\/#primaryimage","inLanguage":"es","url":"https:\/\/therifles.net\/wp-content\/uploads\/2022\/08\/dating.webp","contentUrl":"https:\/\/therifles.net\/wp-content\/uploads\/2022\/08\/dating.webp","width":539,"height":750},{"@type":"WebPage","@id":"https:\/\/therifles.net\/es\/sexting\/#webpage","url":"https:\/\/therifles.net\/es\/sexting\/","name":"Sexting - Gu\u00eda de conexi\u00f3n moderna","isPartOf":{"@id":"https:\/\/therifles.net\/#website"},"primaryImageOfPage":{"@id":"https:\/\/therifles.net\/es\/sexting\/#primaryimage"},"datePublished":"2022-08-05T12:22:17+00:00","dateModified":"2022-08-05T13:32:47+00:00","breadcrumb":{"@id":"https:\/\/therifles.net\/es\/sexting\/#breadcrumb"},"inLanguage":"es","potentialAction":[{"@type":"ReadAction","target":["https:\/\/therifles.net\/es\/sexting\/"]}]},{"@type":"BreadcrumbList","@id":"https:\/\/therifles.net\/es\/sexting\/#breadcrumb","itemListElement":[{"@type":"ListItem","position":1,"name":"Home","item":"http:\/\/therifles.net\/es\/"},{"@type":"ListItem","position":2,"name":"Sexting"}]}]}},"_links":{"self":[{"href":"https:\/\/therifles.net\/es\/wp-json\/wp\/v2\/pages\/332"}],"collection":[{"href":"https:\/\/therifles.net\/es\/wp-json\/wp\/v2\/pages"}],"about":[{"href":"https:\/\/therifles.net\/es\/wp-json\/wp\/v2\/types\/page"}],"author":[{"embeddable":true,"href":"https:\/\/therifles.net\/es\/wp-json\/wp\/v2\/users\/1"}],"replies":[{"embeddable":true,"href":"https:\/\/therifles.net\/es\/wp-json\/wp\/v2\/comments?post=332"}],"version-history":[{"count":1,"href":"https:\/\/therifles.net\/es\/wp-json\/wp\/v2\/pages\/332\/revisions"}],"predecessor-version":[{"id":338,"href":"https:\/\/therifles.net\/es\/wp-json\/wp\/v2\/pages\/332\/revisions\/338"}],"wp:featuredmedia":[{"embeddable":true,"href":"https:\/\/therifles.net\/es\/wp-json\/wp\/v2\/media\/135"}],"wp:attachment":[{"href":"https:\/\/therifles.net\/es\/wp-json\/wp\/v2\/media?parent=332"}],"curies":[{"name":"wp","href":"https:\/\/api.w.org\/{rel}","templated":true}]}}