{"id":315,"date":"2022-08-05T13:26:39","date_gmt":"2022-08-05T12:26:39","guid":{"rendered":"http:\/\/therifles.net\/cuckold\/"},"modified":"2022-08-05T14:32:47","modified_gmt":"2022-08-05T13:32:47","slug":"cuckold","status":"publish","type":"page","link":"https:\/\/therifles.net\/es\/cuckold\/","title":{"rendered":"Cuckold"},"content":{"rendered":"<p>Hay muchas razones diferentes por las que los hombres quieren ver a sus esposas enga\u00f1arlos. Algunas personas disfrutan de la emoci\u00f3n de ver a sus parejas follar a otra persona, mientras que a otras simplemente les gusta ver a su esposa \/ novias divirti\u00e9ndose. Cualquiera que sea la raz\u00f3n, si est\u00e1 buscando un <a href=\"http:\/\/therifles.net\/sexting\/\">sitio de conexi\u00f3n hotwife<\/a>, lo tenemos cubierto.<\/p>\n<p>Hemos probado casi todos los sitios y aplicaciones que hay y aqu\u00ed est\u00e1n los que funcionan mejor para nosotros. Si est\u00e1 buscando algo diferente, h\u00e1ganoslo saber en la secci\u00f3n de comentarios.<\/p>\n<p>Aqu\u00ed hay 4 de los mejores sitios de citas de en la actualidad:<\/p>\n<h3>Cons\u00edguelo<\/h3>\n<p>GetItOn.com es la comunidad de citas para adultos # 1 para personas que desean enga\u00f1ar a su c\u00f3nyuge. Ayudamos a hombres y mujeres a conocerse en l\u00ednea por diversi\u00f3n, amistad y posiblemente matrimonio. Nuestros miembros incluyen adultos casados, solteros y viudos que desean explorar el mundo de las trampas. Ya sea que seas una mujer que busca un hombre con quien enga\u00f1ar, o un hombre que busca una esposa caliente, te tenemos cubierto.<\/p>\n<h3>3Suma<\/h3>\n<p>3Sum es la aplicaci\u00f3n de citas de tr\u00edo # 1 para personas que desean reunirse con otras parejas. Ya sea que est\u00e9 buscando una aventura de una noche o algo a largo plazo, lo tenemos cubierto. Hacemos que encontrar citas de sexo locales sea r\u00e1pido y f\u00e1cil, ya sea que est\u00e9 buscando encuentros casuales, fiestas de swing o incluso un tr\u00edo en toda regla. Nuestros miembros incluyen parejas heterosexuales y bi, as\u00ed como aquellos interesados en BDSM. Puede navegar por nuestros perfiles en funci\u00f3n de la ubicaci\u00f3n, la edad, los intereses, el estado civil y la orientaci\u00f3n sexual.<\/p>\n<p>Proporcionamos la experiencia en l\u00ednea m\u00e1s completa para conocer a otras personas que est\u00e1n en las mismas cosas que usted. Con m\u00e1s de 2 millones de usuarios activos, estamos seguros de que hay alguien para todos. \u00a1\u00danete ahora y comienza a hacer amigos hoy!<\/p>\n<h3>Alt<\/h3>\n<p>Alt es uno de los sitios de citas para adultos en l\u00ednea m\u00e1s grandes, que ofrece miles de personas que buscan relaciones discretas, encuentros casuales, sexo sin condiciones o simplemente amigos con beneficios. Ya sea que est\u00e9 buscando una pareja, un amigo o un amante, Alt ofrece un entorno seguro donde todos pueden conectarse con otros que comparten intereses similares. Con m\u00e1s de 10 millones de usuarios registrados en todo el mundo, Alt proporciona un espacio seguro para que los adultos exploren su sexualidad sin juzgar.<\/p>\n<h3>Aff<\/h3>\n<p>Si est\u00e1 buscando un lugar donde encontrar\u00e1 muchos hombres calientes que quieran <a href=\"http:\/\/therifles.net\/best-apps-for-finding-a-serious-relationship\/\">conectarse en l\u00ednea<\/a>, Adult Friend Finder podr\u00eda ser la mejor opci\u00f3n que existe. Pero no es ning\u00fan secreto que AFF no es perfecto. De hecho, hay muchas razones por las que es uno de los sitios m\u00e1s controvertidos. Y aunque definitivamente es cierto que AFF ofrece algunas caracter\u00edsticas \u00fanicas, tambi\u00e9n vale la pena se\u00f1alar que tambi\u00e9n hay toneladas de otras opciones.<\/p>\n<p>Por supuesto, tiene que pagar por la membres\u00eda premium, pero eso es opcional. Si decide actualizar, obtendr\u00e1 acceso a muchas funciones adicionales, incluidos chats de video, fuentes de c\u00e1mara web, mensajer\u00eda instant\u00e1nea, correo electr\u00f3nico, aplicaciones m\u00f3viles y mucho m\u00e1s.<\/p>\n<h2>Tipos de caracter\u00edsticas<\/h2>\n<h3>Una buena experiencia de usuario<\/h3>\n<p>Probablemente no te importe lo bonito que se ve el sitio. Pero s\u00ed importa si las personas pueden encontrar lo que est\u00e1n buscando r\u00e1pida y f\u00e1cilmente. No deber\u00edas tener que pasar horas buscando a alguien con quien hablar. Si su sitio no se carga lo suficientemente r\u00e1pido, las personas rebotar\u00e1n.<\/p>\n<h3>Navegaci\u00f3n sencilla<\/h3>\n<p>Si no ofrece una navegaci\u00f3n f\u00e1cil, las personas no sabr\u00e1n a d\u00f3nde ir una vez que aterricen. Incluso podr\u00edan pensar que los est\u00e1s estafando. Haga que sea f\u00e1cil navegar por su sitio y encontrar lo que desea.<\/p>\n<h3>Un mont\u00f3n de opciones<\/h3>\n<p>No hay nada peor que registrarse en un sitio de conexi\u00f3n y descubrir que no hay muchas opciones. No dejes que eso te suceda a ti. Debe haber muchas maneras de conectarse con diferentes tipos de personas.<\/p>\n","protected":false},"excerpt":{"rendered":"<p>Hay muchas razones diferentes por las que los hombres quieren ver a sus esposas enga\u00f1arlos. Algunas personas disfrutan de la<\/p>\n","protected":false},"author":1,"featured_media":146,"parent":0,"menu_order":0,"comment_status":"closed","ping_status":"closed","template":"","meta":[],"yoast_head":"<!-- This site is optimized with the Yoast SEO plugin v17.7.1 - https:\/\/yoast.com\/wordpress\/plugins\/seo\/ -->\n<title>Cuckold - Gu\u00eda de conexi\u00f3n moderna<\/title>\n<meta name=\"robots\" content=\"index, follow, max-snippet:-1, max-image-preview:large, max-video-preview:-1\" \/>\n<link rel=\"canonical\" href=\"https:\/\/therifles.net\/es\/cuckold\/\" \/>\n<meta property=\"og:locale\" content=\"es_ES\" \/>\n<meta property=\"og:type\" content=\"article\" \/>\n<meta property=\"og:title\" content=\"Cuckold - Gu\u00eda de conexi\u00f3n moderna\" \/>\n<meta property=\"og:description\" content=\"Hay muchas razones diferentes por las que los hombres quieren ver a sus esposas enga\u00f1arlos. Algunas personas disfrutan de la\" \/>\n<meta property=\"og:url\" content=\"https:\/\/therifles.net\/es\/cuckold\/\" \/>\n<meta property=\"og:site_name\" content=\"Gu\u00eda de conexi\u00f3n moderna\" \/>\n<meta property=\"article:modified_time\" content=\"2022-08-05T13:32:47+00:00\" \/>\n<meta name=\"twitter:card\" content=\"summary_large_image\" \/>\n<meta name=\"twitter:image\" content=\"https:\/\/therifles.net\/wp-content\/uploads\/2022\/08\/real-sex-apps.webp\" \/>\n<meta name=\"twitter:label1\" content=\"Tiempo de lectura\" \/>\n\t<meta name=\"twitter:data1\" content=\"4 minutos\" \/>\n<script type=\"application\/ld+json\" class=\"yoast-schema-graph\">{\"@context\":\"https:\/\/schema.org\",\"@graph\":[{\"@type\":\"WebSite\",\"@id\":\"https:\/\/therifles.net\/fr\/#website\",\"url\":\"https:\/\/therifles.net\/fr\/\",\"name\":\"Gu\\u00eda de conexi\\u00f3n moderna\",\"description\":\"Asesor Personal\",\"potentialAction\":[{\"@type\":\"SearchAction\",\"target\":{\"@type\":\"EntryPoint\",\"urlTemplate\":\"https:\/\/therifles.net\/fr\/?s={search_term_string}\"},\"query-input\":\"required name=search_term_string\"}],\"inLanguage\":\"es\"},{\"@type\":\"ImageObject\",\"@id\":\"https:\/\/therifles.net\/es\/cuckold\/#primaryimage\",\"inLanguage\":\"es\",\"url\":\"https:\/\/therifles.net\/wp-content\/uploads\/2022\/08\/real-sex-apps.webp\",\"contentUrl\":\"https:\/\/therifles.net\/wp-content\/uploads\/2022\/08\/real-sex-apps.webp\",\"width\":1125,\"height\":750},{\"@type\":\"WebPage\",\"@id\":\"https:\/\/therifles.net\/es\/cuckold\/#webpage\",\"url\":\"https:\/\/therifles.net\/es\/cuckold\/\",\"name\":\"Cuckold - Gu\\u00eda de conexi\\u00f3n moderna\",\"isPartOf\":{\"@id\":\"https:\/\/therifles.net\/fr\/#website\"},\"primaryImageOfPage\":{\"@id\":\"https:\/\/therifles.net\/es\/cuckold\/#primaryimage\"},\"datePublished\":\"2022-08-05T12:26:39+00:00\",\"dateModified\":\"2022-08-05T13:32:47+00:00\",\"breadcrumb\":{\"@id\":\"https:\/\/therifles.net\/es\/cuckold\/#breadcrumb\"},\"inLanguage\":\"es\",\"potentialAction\":[{\"@type\":\"ReadAction\",\"target\":[\"https:\/\/therifles.net\/es\/cuckold\/\"]}]},{\"@type\":\"BreadcrumbList\",\"@id\":\"https:\/\/therifles.net\/es\/cuckold\/#breadcrumb\",\"itemListElement\":[{\"@type\":\"ListItem\",\"position\":1,\"name\":\"Home\",\"item\":\"https:\/\/therifles.net\/es\/\"},{\"@type\":\"ListItem\",\"position\":2,\"name\":\"Cuckold\"}]}]}<\/script>\n<!-- \/ Yoast SEO plugin. -->","yoast_head_json":{"title":"Cuckold - Gu\u00eda de conexi\u00f3n moderna","robots":{"index":"index","follow":"follow","max-snippet":"max-snippet:-1","max-image-preview":"max-image-preview:large","max-video-preview":"max-video-preview:-1"},"canonical":"https:\/\/therifles.net\/es\/cuckold\/","og_locale":"es_ES","og_type":"article","og_title":"Cuckold - Gu\u00eda de conexi\u00f3n moderna","og_description":"Hay muchas razones diferentes por las que los hombres quieren ver a sus esposas enga\u00f1arlos. Algunas personas disfrutan de la","og_url":"https:\/\/therifles.net\/es\/cuckold\/","og_site_name":"Gu\u00eda de conexi\u00f3n moderna","article_modified_time":"2022-08-05T13:32:47+00:00","twitter_card":"summary_large_image","twitter_image":"https:\/\/therifles.net\/wp-content\/uploads\/2022\/08\/real-sex-apps.webp","twitter_misc":{"Tiempo de lectura":"4 minutos"},"schema":{"@context":"https:\/\/schema.org","@graph":[{"@type":"WebSite","@id":"https:\/\/therifles.net\/fr\/#website","url":"https:\/\/therifles.net\/fr\/","name":"Gu\u00eda de conexi\u00f3n moderna","description":"Asesor Personal","potentialAction":[{"@type":"SearchAction","target":{"@type":"EntryPoint","urlTemplate":"https:\/\/therifles.net\/fr\/?s={search_term_string}"},"query-input":"required name=search_term_string"}],"inLanguage":"es"},{"@type":"ImageObject","@id":"https:\/\/therifles.net\/es\/cuckold\/#primaryimage","inLanguage":"es","url":"https:\/\/therifles.net\/wp-content\/uploads\/2022\/08\/real-sex-apps.webp","contentUrl":"https:\/\/therifles.net\/wp-content\/uploads\/2022\/08\/real-sex-apps.webp","width":1125,"height":750},{"@type":"WebPage","@id":"https:\/\/therifles.net\/es\/cuckold\/#webpage","url":"https:\/\/therifles.net\/es\/cuckold\/","name":"Cuckold - Gu\u00eda de conexi\u00f3n moderna","isPartOf":{"@id":"https:\/\/therifles.net\/fr\/#website"},"primaryImageOfPage":{"@id":"https:\/\/therifles.net\/es\/cuckold\/#primaryimage"},"datePublished":"2022-08-05T12:26:39+00:00","dateModified":"2022-08-05T13:32:47+00:00","breadcrumb":{"@id":"https:\/\/therifles.net\/es\/cuckold\/#breadcrumb"},"inLanguage":"es","potentialAction":[{"@type":"ReadAction","target":["https:\/\/therifles.net\/es\/cuckold\/"]}]},{"@type":"BreadcrumbList","@id":"https:\/\/therifles.net\/es\/cuckold\/#breadcrumb","itemListElement":[{"@type":"ListItem","position":1,"name":"Home","item":"https:\/\/therifles.net\/es\/"},{"@type":"ListItem","position":2,"name":"Cuckold"}]}]}},"_links":{"self":[{"href":"https:\/\/therifles.net\/es\/wp-json\/wp\/v2\/pages\/315"}],"collection":[{"href":"https:\/\/therifles.net\/es\/wp-json\/wp\/v2\/pages"}],"about":[{"href":"https:\/\/therifles.net\/es\/wp-json\/wp\/v2\/types\/page"}],"author":[{"embeddable":true,"href":"https:\/\/therifles.net\/es\/wp-json\/wp\/v2\/users\/1"}],"replies":[{"embeddable":true,"href":"https:\/\/therifles.net\/es\/wp-json\/wp\/v2\/comments?post=315"}],"version-history":[{"count":1,"href":"https:\/\/therifles.net\/es\/wp-json\/wp\/v2\/pages\/315\/revisions"}],"predecessor-version":[{"id":319,"href":"https:\/\/therifles.net\/es\/wp-json\/wp\/v2\/pages\/315\/revisions\/319"}],"wp:featuredmedia":[{"embeddable":true,"href":"https:\/\/therifles.net\/es\/wp-json\/wp\/v2\/media\/146"}],"wp:attachment":[{"href":"https:\/\/therifles.net\/es\/wp-json\/wp\/v2\/media?parent=315"}],"curies":[{"name":"wp","href":"https:\/\/api.w.org\/{rel}","templated":true}]}}