{"id":262,"date":"2022-08-05T13:34:04","date_gmt":"2022-08-05T12:34:04","guid":{"rendered":"http:\/\/therifles.net\/consejos-de-seguridad-para-citas-en-linea\/"},"modified":"2022-08-05T14:32:33","modified_gmt":"2022-08-05T13:32:33","slug":"consejos-de-seguridad-para-citas-en-linea","status":"publish","type":"page","link":"https:\/\/therifles.net\/es\/consejos-de-seguridad-para-citas-en-linea\/","title":{"rendered":"Consejos de seguridad para citas en l\u00ednea"},"content":{"rendered":"<h2>Elegir la aplicaci\u00f3n correcta<\/h2>\n<h3>\u00bfEs gratis?<\/h3>\n<p>Hay muchos sitios que cobran dinero por adelantado, pero muchos <a href=\"http:\/\/therifles.net\/best-apps-for-finding-a-serious-relationship\/\">otros ofrecen pruebas gratuitas<\/a>. Por lo general, puede saber si una prueba es leg\u00edtima porque no requerir\u00e1 informaci\u00f3n de pago por adelantado. En su lugar, se te pedir\u00e1 que proporciones una direcci\u00f3n de correo electr\u00f3nico v\u00e1lida.<\/p>\n<h3>\u00bfTiene una pol\u00edtica de privacidad?<\/h3>\n<p>Muchas empresas afirmar\u00e1n que respetan su privacidad, pero realmente no le est\u00e1n diciendo nada. Solo est\u00e1n tratando de asustarte para que te registres. Busque una declaraci\u00f3n clara sobre qu\u00e9 datos recopilan y c\u00f3mo los usan.<\/p>\n<h3>\u00bfQu\u00e9 dice sobre el sitio?<\/h3>\n<p>Algunos sitios se jactar\u00e1n de ser solo para miembros, mientras que otros prometer\u00e1n discreci\u00f3n. Y algunos incluso intentar\u00e1n enga\u00f1arte para que pienses que est\u00e1n dirigidos por profesionales. No caigas en la trampa.<\/p>\n<h3>\u00bfQui\u00e9n lo dirige?<\/h3>\n<p>Muchos sitios enumerar\u00e1n un mont\u00f3n de nombres diferentes, incluido el nombre de la persona que lo posee. Esto puede parecer una se\u00f1al de alerta, pero podr\u00eda significar simplemente que el propietario quiere proteger su identidad. Despu\u00e9s de todo, \u00bfpor qu\u00e9 regalar su informaci\u00f3n personal si no tiene que hacerlo?<\/p>\n<h3>\u00bfCu\u00e1nto tiempo ha existido?<\/h3>\n<p>Los sitios que han existido por un tiempo tienden a ser m\u00e1s <a href=\"http:\/\/therifles.net\/cuckold\/\">confiables<\/a> que los que aparecieron de la noche a la ma\u00f1ana. Adem\u00e1s, los sitios que han existido por m\u00e1s tiempo a menudo tienen una mejor reputaci\u00f3n entre los expertos en el campo.<\/p>\n<h3>\u00bfLas cr\u00edticas son positivas?<\/h3>\n<p>Las rese\u00f1as son excelentes, especialmente cuando provienen de fuentes confiables. Sin embargo, hay muchas rese\u00f1as falsas por ah\u00ed. Aseg\u00farese de consultar sitios de rese\u00f1as como Yelp, Trustpilot y ConsumerAffairs para ver si el sitio tiene un historial de publicaci\u00f3n de rese\u00f1as negativas.<\/p>\n<h2>Cuidado con los estafadores<\/h2>\n<p>Si has estado buscando amor en l\u00ednea, sabes lo dif\u00edcil que puede ser separar la realidad de la ficci\u00f3n. Pero hay maneras de protegerse de ser estafado o enga\u00f1ado. Aqu\u00ed hay algunos consejos para mantenerte seguro mientras conoces gente en l\u00ednea.<\/p>\n<ul>\n<li>No des demasiada informaci\u00f3n personal.<\/li>\n<li>Tenga cuidado con cualquier persona que le pida que env\u00ede dinero a trav\u00e9s de Western Union o MoneyGram. Estas compa\u00f1\u00edas a menudo son utilizadas por estafadores para lavar fondos robados.<\/li>\n<li>Nunca pagues por nada por adelantado. Nunca volver\u00e1s a ver el elemento.<\/li>\n<li>Busque banderas rojas. Los estafadores pueden tratar de convencerte de que son personas reales afirmando haber perdido a familiares o amigos. Incluso podr\u00edan afirmar que trabajan para la aplicaci\u00f3n de la ley.<\/li>\n<li>Tenga cuidado con las personas que le piden que se re\u00fana en lugares p\u00fablicos como cafeter\u00edas o restaurantes.<\/li>\n<li>Tenga cuidado con las personas que parecen desesperadas por la atenci\u00f3n. Un estafador podr\u00eda decirle que necesita ayuda para arreglar su vida o que tiene c\u00e1ncer.<\/li>\n<\/ul>\n<p>Una vez que haya coincidido con una posible cita y chateado, programe un chat de video con ellos. Muchas personas dudan en hacer esto porque piensan que los hace parecer necesitados. Pero, una vez que te has conocido en persona, no hay nada peor que descubrir que tu cita no es quien dicen ser. Por lo tanto, tome algunas precauciones aqu\u00ed.<\/p>\n<p>Si se resisten fuertemente a un chat de video, eso podr\u00eda ser una se\u00f1al de alerta. Podr\u00eda significar que no quieren ser vistos en l\u00ednea, o que podr\u00edan estar ocultando algo.<\/p>\n","protected":false},"excerpt":{"rendered":"<p>Elegir la aplicaci\u00f3n correcta \u00bfEs gratis? Hay muchos sitios que cobran dinero por adelantado, pero muchos otros ofrecen pruebas gratuitas.<\/p>\n","protected":false},"author":1,"featured_media":157,"parent":0,"menu_order":0,"comment_status":"closed","ping_status":"closed","template":"","meta":[],"yoast_head":"<!-- This site is optimized with the Yoast SEO plugin v17.7.1 - https:\/\/yoast.com\/wordpress\/plugins\/seo\/ -->\n<title>Consejos de seguridad para citas en l\u00ednea - Gu\u00eda de conexi\u00f3n moderna<\/title>\n<meta name=\"robots\" content=\"index, follow, max-snippet:-1, max-image-preview:large, max-video-preview:-1\" \/>\n<link rel=\"canonical\" href=\"https:\/\/therifles.net\/es\/consejos-de-seguridad-para-citas-en-linea\/\" \/>\n<meta property=\"og:locale\" content=\"es_ES\" \/>\n<meta property=\"og:type\" content=\"article\" \/>\n<meta property=\"og:title\" content=\"Consejos de seguridad para citas en l\u00ednea - Gu\u00eda de conexi\u00f3n moderna\" \/>\n<meta property=\"og:description\" content=\"Elegir la aplicaci\u00f3n correcta \u00bfEs gratis? Hay muchos sitios que cobran dinero por adelantado, pero muchos otros ofrecen pruebas gratuitas.\" \/>\n<meta property=\"og:url\" content=\"https:\/\/therifles.net\/es\/consejos-de-seguridad-para-citas-en-linea\/\" \/>\n<meta property=\"og:site_name\" content=\"Gu\u00eda de conexi\u00f3n moderna\" \/>\n<meta property=\"article:modified_time\" content=\"2022-08-05T13:32:33+00:00\" \/>\n<meta name=\"twitter:card\" content=\"summary_large_image\" \/>\n<meta name=\"twitter:image\" content=\"https:\/\/therifles.net\/wp-content\/uploads\/2022\/08\/unnamed-file.webp\" \/>\n<meta name=\"twitter:label1\" content=\"Tiempo de lectura\" \/>\n\t<meta name=\"twitter:data1\" content=\"3 minutos\" \/>\n<script type=\"application\/ld+json\" class=\"yoast-schema-graph\">{\"@context\":\"https:\/\/schema.org\",\"@graph\":[{\"@type\":\"WebSite\",\"@id\":\"http:\/\/therifles.net\/#website\",\"url\":\"http:\/\/therifles.net\/\",\"name\":\"Gu\\u00eda de conexi\\u00f3n moderna\",\"description\":\"Asesor Personal\",\"potentialAction\":[{\"@type\":\"SearchAction\",\"target\":{\"@type\":\"EntryPoint\",\"urlTemplate\":\"http:\/\/therifles.net\/?s={search_term_string}\"},\"query-input\":\"required name=search_term_string\"}],\"inLanguage\":\"es\"},{\"@type\":\"ImageObject\",\"@id\":\"https:\/\/therifles.net\/es\/consejos-de-seguridad-para-citas-en-linea\/#primaryimage\",\"inLanguage\":\"es\",\"url\":\"https:\/\/therifles.net\/wp-content\/uploads\/2022\/08\/unnamed-file.webp\",\"contentUrl\":\"https:\/\/therifles.net\/wp-content\/uploads\/2022\/08\/unnamed-file.webp\",\"width\":500,\"height\":750},{\"@type\":\"WebPage\",\"@id\":\"https:\/\/therifles.net\/es\/consejos-de-seguridad-para-citas-en-linea\/#webpage\",\"url\":\"https:\/\/therifles.net\/es\/consejos-de-seguridad-para-citas-en-linea\/\",\"name\":\"Consejos de seguridad para citas en l\\u00ednea - Gu\\u00eda de conexi\\u00f3n moderna\",\"isPartOf\":{\"@id\":\"http:\/\/therifles.net\/#website\"},\"primaryImageOfPage\":{\"@id\":\"https:\/\/therifles.net\/es\/consejos-de-seguridad-para-citas-en-linea\/#primaryimage\"},\"datePublished\":\"2022-08-05T12:34:04+00:00\",\"dateModified\":\"2022-08-05T13:32:33+00:00\",\"breadcrumb\":{\"@id\":\"https:\/\/therifles.net\/es\/consejos-de-seguridad-para-citas-en-linea\/#breadcrumb\"},\"inLanguage\":\"es\",\"potentialAction\":[{\"@type\":\"ReadAction\",\"target\":[\"https:\/\/therifles.net\/es\/consejos-de-seguridad-para-citas-en-linea\/\"]}]},{\"@type\":\"BreadcrumbList\",\"@id\":\"https:\/\/therifles.net\/es\/consejos-de-seguridad-para-citas-en-linea\/#breadcrumb\",\"itemListElement\":[{\"@type\":\"ListItem\",\"position\":1,\"name\":\"Home\",\"item\":\"https:\/\/therifles.net\/es\/\"},{\"@type\":\"ListItem\",\"position\":2,\"name\":\"Consejos de seguridad para citas en l\\u00ednea\"}]}]}<\/script>\n<!-- \/ Yoast SEO plugin. -->","yoast_head_json":{"title":"Consejos de seguridad para citas en l\u00ednea - Gu\u00eda de conexi\u00f3n moderna","robots":{"index":"index","follow":"follow","max-snippet":"max-snippet:-1","max-image-preview":"max-image-preview:large","max-video-preview":"max-video-preview:-1"},"canonical":"https:\/\/therifles.net\/es\/consejos-de-seguridad-para-citas-en-linea\/","og_locale":"es_ES","og_type":"article","og_title":"Consejos de seguridad para citas en l\u00ednea - Gu\u00eda de conexi\u00f3n moderna","og_description":"Elegir la aplicaci\u00f3n correcta \u00bfEs gratis? Hay muchos sitios que cobran dinero por adelantado, pero muchos otros ofrecen pruebas gratuitas.","og_url":"https:\/\/therifles.net\/es\/consejos-de-seguridad-para-citas-en-linea\/","og_site_name":"Gu\u00eda de conexi\u00f3n moderna","article_modified_time":"2022-08-05T13:32:33+00:00","twitter_card":"summary_large_image","twitter_image":"https:\/\/therifles.net\/wp-content\/uploads\/2022\/08\/unnamed-file.webp","twitter_misc":{"Tiempo de lectura":"3 minutos"},"schema":{"@context":"https:\/\/schema.org","@graph":[{"@type":"WebSite","@id":"http:\/\/therifles.net\/#website","url":"http:\/\/therifles.net\/","name":"Gu\u00eda de conexi\u00f3n moderna","description":"Asesor Personal","potentialAction":[{"@type":"SearchAction","target":{"@type":"EntryPoint","urlTemplate":"http:\/\/therifles.net\/?s={search_term_string}"},"query-input":"required name=search_term_string"}],"inLanguage":"es"},{"@type":"ImageObject","@id":"https:\/\/therifles.net\/es\/consejos-de-seguridad-para-citas-en-linea\/#primaryimage","inLanguage":"es","url":"https:\/\/therifles.net\/wp-content\/uploads\/2022\/08\/unnamed-file.webp","contentUrl":"https:\/\/therifles.net\/wp-content\/uploads\/2022\/08\/unnamed-file.webp","width":500,"height":750},{"@type":"WebPage","@id":"https:\/\/therifles.net\/es\/consejos-de-seguridad-para-citas-en-linea\/#webpage","url":"https:\/\/therifles.net\/es\/consejos-de-seguridad-para-citas-en-linea\/","name":"Consejos de seguridad para citas en l\u00ednea - Gu\u00eda de conexi\u00f3n moderna","isPartOf":{"@id":"http:\/\/therifles.net\/#website"},"primaryImageOfPage":{"@id":"https:\/\/therifles.net\/es\/consejos-de-seguridad-para-citas-en-linea\/#primaryimage"},"datePublished":"2022-08-05T12:34:04+00:00","dateModified":"2022-08-05T13:32:33+00:00","breadcrumb":{"@id":"https:\/\/therifles.net\/es\/consejos-de-seguridad-para-citas-en-linea\/#breadcrumb"},"inLanguage":"es","potentialAction":[{"@type":"ReadAction","target":["https:\/\/therifles.net\/es\/consejos-de-seguridad-para-citas-en-linea\/"]}]},{"@type":"BreadcrumbList","@id":"https:\/\/therifles.net\/es\/consejos-de-seguridad-para-citas-en-linea\/#breadcrumb","itemListElement":[{"@type":"ListItem","position":1,"name":"Home","item":"https:\/\/therifles.net\/es\/"},{"@type":"ListItem","position":2,"name":"Consejos de seguridad para citas en l\u00ednea"}]}]}},"_links":{"self":[{"href":"https:\/\/therifles.net\/es\/wp-json\/wp\/v2\/pages\/262"}],"collection":[{"href":"https:\/\/therifles.net\/es\/wp-json\/wp\/v2\/pages"}],"about":[{"href":"https:\/\/therifles.net\/es\/wp-json\/wp\/v2\/types\/page"}],"author":[{"embeddable":true,"href":"https:\/\/therifles.net\/es\/wp-json\/wp\/v2\/users\/1"}],"replies":[{"embeddable":true,"href":"https:\/\/therifles.net\/es\/wp-json\/wp\/v2\/comments?post=262"}],"version-history":[{"count":1,"href":"https:\/\/therifles.net\/es\/wp-json\/wp\/v2\/pages\/262\/revisions"}],"predecessor-version":[{"id":264,"href":"https:\/\/therifles.net\/es\/wp-json\/wp\/v2\/pages\/262\/revisions\/264"}],"wp:featuredmedia":[{"embeddable":true,"href":"https:\/\/therifles.net\/es\/wp-json\/wp\/v2\/media\/157"}],"wp:attachment":[{"href":"https:\/\/therifles.net\/es\/wp-json\/wp\/v2\/media?parent=262"}],"curies":[{"name":"wp","href":"https:\/\/api.w.org\/{rel}","templated":true}]}}