{"id":229,"date":"2022-08-05T13:45:29","date_gmt":"2022-08-05T12:45:29","guid":{"rendered":"http:\/\/therifles.net\/las-mejores-aplicaciones-para-encontrar-una-relacion-seria\/"},"modified":"2022-08-05T14:32:31","modified_gmt":"2022-08-05T13:32:31","slug":"las-mejores-aplicaciones-para-encontrar-una-relacion-seria","status":"publish","type":"page","link":"https:\/\/therifles.net\/es\/las-mejores-aplicaciones-para-encontrar-una-relacion-seria\/","title":{"rendered":"Las mejores aplicaciones para encontrar una relaci\u00f3n seria"},"content":{"rendered":"<p>Si buscas algo m\u00e1s serio, aqu\u00ed mismo tenemos dos de las mejores recomendaciones para ti.<\/p>\n<p>Estos dos sitios son los mejores si est\u00e1 buscando una relaci\u00f3n a largo plazo, en lugar de solo una <a href=\"http:\/\/therifles.net\/sexting\/\">pelea casual<\/a>. Si se registra en estos sitios, tenga en cuenta que ambos son de uso gratuito, sin embargo, hay una tarifa si desea utilizar las funciones premium.<\/p>\n<h3>Cerilla<\/h3>\n<p>Match es un sitio de citas en l\u00ednea dise\u00f1ado espec\u00edficamente para aquellos que buscan amor. Ya sea una relaci\u00f3n a largo plazo o algo casual, Match ofrece una experiencia \u00fanica que permite a las personas encontrar el amor basado en lo que realmente quieren de la vida. Tambi\u00e9n puede configurar su propia cuenta para realizar un seguimiento de su actividad. Y si est\u00e1s interesado en conocer a otra persona, tambi\u00e9n puedes hacerlo. Los miembros pueden crear grupos de amigos para ayudarse mutuamente a encontrar socios compatibles.<\/p>\n<p>El sitio es gratuito para unirse y navegar por perfiles, enviar mensajes e incluso conocer a alguien especial. Si decide llevar las cosas m\u00e1s lejos, no hay costo que pagar para ver m\u00e1s coincidencias potenciales. Puede utilizar el modelo de suscripci\u00f3n premium del sitio u optar por la versi\u00f3n gratuita. Si elige actualizar, recibir\u00e1 acceso ilimitado a las muchas funciones del sitio, incluida la capacidad de ver una gran cantidad de coincidencias. Tambi\u00e9n hay muchas maneras de conectarse con otros miembros. Por ejemplo, puede comunicarse a trav\u00e9s de mensajes de texto, correo electr\u00f3nico, llamadas telef\u00f3nicas, chats de video e incluso tener citas virtuales.<\/p>\n<p>Entonces, ya sea que est\u00e9 buscando una relaci\u00f3n seria o simplemente un poco divertida, Match es el lugar para comenzar.<\/p>\n<h3>OKCupid<\/h3>\n<p>OkCupid es uno de los sitios de citas en l\u00ednea m\u00e1s populares del mundo. Lanzado en 2004, el sitio cuenta con m\u00e1s de 10 millones de usuarios activos diarios. Es de uso gratuito, pero tiene que pagar $ 20 \/ mes para acceder a funciones premium como mensajes y coincidencias ilimitados.<\/p>\n<p>El sitio ofrece varias formas diferentes de conectarse con las personas, <a href=\"http:\/\/therifles.net\/how-hookup-apps-work-finding-the-right-type-of-dating-app\/\">incluidos los perfiles de navegaci\u00f3n<\/a>, la b\u00fasqueda de amigos, la creaci\u00f3n de grupos y el chat con otros a trav\u00e9s de texto, llamadas de voz, chats de video y mensajer\u00eda instant\u00e1nea. Incluso puedes enviar regalos a alguien que te interese. La mensajer\u00eda gratuita est\u00e1 disponible para todos los usuarios. Si desea iniciar el contacto con otro miembro, simplemente toque su foto. A partir de ah\u00ed, puede optar por enviar un mensaje r\u00e1pido, preguntar sobre lo que est\u00e1n haciendo o chatear sobre cualquier otra cosa que le interese.<\/p>\n<p>Tambi\u00e9n puede navegar por las fotos de otros usuarios y leer sus biograf\u00edas. De esta manera, puede aprender m\u00e1s sobre la persona antes de decidir si desea o no comenzar a comunicarse.<\/p>\n<h2>PREGUNTAS M\u00c1S FRECUENTES<\/h2>\n<h3>\u00bfCu\u00e1l es el mejor sitio de citas para encontrar novia?<\/h3>\n<p>La mejor manera de encontrar una novia es a trav\u00e9s de sitios de citas en l\u00ednea como Match.com, eHarmony, PlentyOfFish, Zoosk, OkCupid y Tinder. Los sitios de citas en l\u00ednea permiten a los usuarios buscar posibles coincidencias en funci\u00f3n de la edad, la ubicaci\u00f3n, los intereses, los pasatiempos, el estado de la relaci\u00f3n y otros criterios. La mayor\u00eda de los sitios de citas en l\u00ednea tambi\u00e9n ofrecen salas de chat donde los miembros pueden conocer gente nueva.<\/p>\n<h3>\u00bfCu\u00e1les son los mejores sitios de citas 100% gratuitos en 2022?<\/h3>\n<p>El mejor sitio de citas 100 por ciento gratuito en 2022 es Plenty Of Fish. Este sitio web tiene millones de usuarios de todo el mundo, \u00a1y est\u00e1n buscando el amor como t\u00fa! Si quieres conocer gente nueva, entonces POF es definitivamente el lugar adecuado para comenzar.<\/p>\n<h3>\u00bfHay un sitio de citas para solteros en los Estados Unidos?<\/h3>\n<p>S\u00ed, hay un sitio web de citas llamado Zoosk que ha sido dise\u00f1ado espec\u00edficamente para hombres y mujeres solteros que buscan amor en Nueva York. El servicio permite a los usuarios buscar a trav\u00e9s de perfiles de otros miembros en funci\u00f3n de la edad, la ubicaci\u00f3n, los intereses y el estado de la relaci\u00f3n. Los usuarios tambi\u00e9n pueden enviarse mensajes entre s\u00ed directamente desde el sitio.<\/p>\n","protected":false},"excerpt":{"rendered":"<p>Si buscas algo m\u00e1s serio, aqu\u00ed mismo tenemos dos de las mejores recomendaciones para ti. Estos dos sitios son los<\/p>\n","protected":false},"author":1,"featured_media":179,"parent":0,"menu_order":0,"comment_status":"closed","ping_status":"closed","template":"","meta":[],"yoast_head":"<!-- This site is optimized with the Yoast SEO plugin v17.7.1 - https:\/\/yoast.com\/wordpress\/plugins\/seo\/ -->\n<title>Las mejores aplicaciones para encontrar una relaci\u00f3n seria - Gu\u00eda de conexi\u00f3n moderna<\/title>\n<meta name=\"robots\" content=\"index, follow, max-snippet:-1, max-image-preview:large, max-video-preview:-1\" \/>\n<link rel=\"canonical\" href=\"https:\/\/therifles.net\/es\/las-mejores-aplicaciones-para-encontrar-una-relacion-seria\/\" \/>\n<meta property=\"og:locale\" content=\"es_ES\" \/>\n<meta property=\"og:type\" content=\"article\" \/>\n<meta property=\"og:title\" content=\"Las mejores aplicaciones para encontrar una relaci\u00f3n seria - Gu\u00eda de conexi\u00f3n moderna\" \/>\n<meta property=\"og:description\" content=\"Si buscas algo m\u00e1s serio, aqu\u00ed mismo tenemos dos de las mejores recomendaciones para ti. Estos dos sitios son los\" \/>\n<meta property=\"og:url\" content=\"https:\/\/therifles.net\/es\/las-mejores-aplicaciones-para-encontrar-una-relacion-seria\/\" \/>\n<meta property=\"og:site_name\" content=\"Gu\u00eda de conexi\u00f3n moderna\" \/>\n<meta property=\"article:modified_time\" content=\"2022-08-05T13:32:31+00:00\" \/>\n<meta property=\"og:image\" content=\"https:\/\/therifles.net\/wp-content\/uploads\/2022\/08\/real-dating.jpeg\" \/>\n\t<meta property=\"og:image:width\" content=\"1125\" \/>\n\t<meta property=\"og:image:height\" content=\"750\" \/>\n<meta name=\"twitter:card\" content=\"summary_large_image\" \/>\n<meta name=\"twitter:label1\" content=\"Tiempo de lectura\" \/>\n\t<meta name=\"twitter:data1\" content=\"4 minutos\" \/>\n<script type=\"application\/ld+json\" class=\"yoast-schema-graph\">{\"@context\":\"https:\/\/schema.org\",\"@graph\":[{\"@type\":\"WebSite\",\"@id\":\"https:\/\/therifles.net\/#website\",\"url\":\"https:\/\/therifles.net\/\",\"name\":\"Gu\\u00eda de conexi\\u00f3n moderna\",\"description\":\"Asesor Personal\",\"potentialAction\":[{\"@type\":\"SearchAction\",\"target\":{\"@type\":\"EntryPoint\",\"urlTemplate\":\"https:\/\/therifles.net\/?s={search_term_string}\"},\"query-input\":\"required name=search_term_string\"}],\"inLanguage\":\"es\"},{\"@type\":\"ImageObject\",\"@id\":\"https:\/\/therifles.net\/es\/las-mejores-aplicaciones-para-encontrar-una-relacion-seria\/#primaryimage\",\"inLanguage\":\"es\",\"url\":\"https:\/\/therifles.net\/wp-content\/uploads\/2022\/08\/real-dating.jpeg\",\"contentUrl\":\"https:\/\/therifles.net\/wp-content\/uploads\/2022\/08\/real-dating.jpeg\",\"width\":1125,\"height\":750},{\"@type\":\"WebPage\",\"@id\":\"https:\/\/therifles.net\/es\/las-mejores-aplicaciones-para-encontrar-una-relacion-seria\/#webpage\",\"url\":\"https:\/\/therifles.net\/es\/las-mejores-aplicaciones-para-encontrar-una-relacion-seria\/\",\"name\":\"Las mejores aplicaciones para encontrar una relaci\\u00f3n seria - Gu\\u00eda de conexi\\u00f3n moderna\",\"isPartOf\":{\"@id\":\"https:\/\/therifles.net\/#website\"},\"primaryImageOfPage\":{\"@id\":\"https:\/\/therifles.net\/es\/las-mejores-aplicaciones-para-encontrar-una-relacion-seria\/#primaryimage\"},\"datePublished\":\"2022-08-05T12:45:29+00:00\",\"dateModified\":\"2022-08-05T13:32:31+00:00\",\"breadcrumb\":{\"@id\":\"https:\/\/therifles.net\/es\/las-mejores-aplicaciones-para-encontrar-una-relacion-seria\/#breadcrumb\"},\"inLanguage\":\"es\",\"potentialAction\":[{\"@type\":\"ReadAction\",\"target\":[\"https:\/\/therifles.net\/es\/las-mejores-aplicaciones-para-encontrar-una-relacion-seria\/\"]}]},{\"@type\":\"BreadcrumbList\",\"@id\":\"https:\/\/therifles.net\/es\/las-mejores-aplicaciones-para-encontrar-una-relacion-seria\/#breadcrumb\",\"itemListElement\":[{\"@type\":\"ListItem\",\"position\":1,\"name\":\"Home\",\"item\":\"https:\/\/therifles.net\/es\/\"},{\"@type\":\"ListItem\",\"position\":2,\"name\":\"Las mejores aplicaciones para encontrar una relaci\\u00f3n seria\"}]}]}<\/script>\n<!-- \/ Yoast SEO plugin. -->","yoast_head_json":{"title":"Las mejores aplicaciones para encontrar una relaci\u00f3n seria - Gu\u00eda de conexi\u00f3n moderna","robots":{"index":"index","follow":"follow","max-snippet":"max-snippet:-1","max-image-preview":"max-image-preview:large","max-video-preview":"max-video-preview:-1"},"canonical":"https:\/\/therifles.net\/es\/las-mejores-aplicaciones-para-encontrar-una-relacion-seria\/","og_locale":"es_ES","og_type":"article","og_title":"Las mejores aplicaciones para encontrar una relaci\u00f3n seria - Gu\u00eda de conexi\u00f3n moderna","og_description":"Si buscas algo m\u00e1s serio, aqu\u00ed mismo tenemos dos de las mejores recomendaciones para ti. Estos dos sitios son los","og_url":"https:\/\/therifles.net\/es\/las-mejores-aplicaciones-para-encontrar-una-relacion-seria\/","og_site_name":"Gu\u00eda de conexi\u00f3n moderna","article_modified_time":"2022-08-05T13:32:31+00:00","og_image":[{"width":1125,"height":750,"url":"https:\/\/therifles.net\/wp-content\/uploads\/2022\/08\/real-dating.jpeg","type":"image\/jpeg"}],"twitter_card":"summary_large_image","twitter_misc":{"Tiempo de lectura":"4 minutos"},"schema":{"@context":"https:\/\/schema.org","@graph":[{"@type":"WebSite","@id":"https:\/\/therifles.net\/#website","url":"https:\/\/therifles.net\/","name":"Gu\u00eda de conexi\u00f3n moderna","description":"Asesor Personal","potentialAction":[{"@type":"SearchAction","target":{"@type":"EntryPoint","urlTemplate":"https:\/\/therifles.net\/?s={search_term_string}"},"query-input":"required name=search_term_string"}],"inLanguage":"es"},{"@type":"ImageObject","@id":"https:\/\/therifles.net\/es\/las-mejores-aplicaciones-para-encontrar-una-relacion-seria\/#primaryimage","inLanguage":"es","url":"https:\/\/therifles.net\/wp-content\/uploads\/2022\/08\/real-dating.jpeg","contentUrl":"https:\/\/therifles.net\/wp-content\/uploads\/2022\/08\/real-dating.jpeg","width":1125,"height":750},{"@type":"WebPage","@id":"https:\/\/therifles.net\/es\/las-mejores-aplicaciones-para-encontrar-una-relacion-seria\/#webpage","url":"https:\/\/therifles.net\/es\/las-mejores-aplicaciones-para-encontrar-una-relacion-seria\/","name":"Las mejores aplicaciones para encontrar una relaci\u00f3n seria - Gu\u00eda de conexi\u00f3n moderna","isPartOf":{"@id":"https:\/\/therifles.net\/#website"},"primaryImageOfPage":{"@id":"https:\/\/therifles.net\/es\/las-mejores-aplicaciones-para-encontrar-una-relacion-seria\/#primaryimage"},"datePublished":"2022-08-05T12:45:29+00:00","dateModified":"2022-08-05T13:32:31+00:00","breadcrumb":{"@id":"https:\/\/therifles.net\/es\/las-mejores-aplicaciones-para-encontrar-una-relacion-seria\/#breadcrumb"},"inLanguage":"es","potentialAction":[{"@type":"ReadAction","target":["https:\/\/therifles.net\/es\/las-mejores-aplicaciones-para-encontrar-una-relacion-seria\/"]}]},{"@type":"BreadcrumbList","@id":"https:\/\/therifles.net\/es\/las-mejores-aplicaciones-para-encontrar-una-relacion-seria\/#breadcrumb","itemListElement":[{"@type":"ListItem","position":1,"name":"Home","item":"https:\/\/therifles.net\/es\/"},{"@type":"ListItem","position":2,"name":"Las mejores aplicaciones para encontrar una relaci\u00f3n seria"}]}]}},"_links":{"self":[{"href":"https:\/\/therifles.net\/es\/wp-json\/wp\/v2\/pages\/229"}],"collection":[{"href":"https:\/\/therifles.net\/es\/wp-json\/wp\/v2\/pages"}],"about":[{"href":"https:\/\/therifles.net\/es\/wp-json\/wp\/v2\/types\/page"}],"author":[{"embeddable":true,"href":"https:\/\/therifles.net\/es\/wp-json\/wp\/v2\/users\/1"}],"replies":[{"embeddable":true,"href":"https:\/\/therifles.net\/es\/wp-json\/wp\/v2\/comments?post=229"}],"version-history":[{"count":1,"href":"https:\/\/therifles.net\/es\/wp-json\/wp\/v2\/pages\/229\/revisions"}],"predecessor-version":[{"id":234,"href":"https:\/\/therifles.net\/es\/wp-json\/wp\/v2\/pages\/229\/revisions\/234"}],"wp:featuredmedia":[{"embeddable":true,"href":"https:\/\/therifles.net\/es\/wp-json\/wp\/v2\/media\/179"}],"wp:attachment":[{"href":"https:\/\/therifles.net\/es\/wp-json\/wp\/v2\/media?parent=229"}],"curies":[{"name":"wp","href":"https:\/\/api.w.org\/{rel}","templated":true}]}}