{"id":207,"date":"2022-08-05T13:38:51","date_gmt":"2022-08-05T12:38:51","guid":{"rendered":"http:\/\/therifles.net\/como-funcionan-las-aplicaciones-de-conexion-encontrar-el-tipo-correcto-de-aplicacion-de-citas\/"},"modified":"2022-08-05T14:32:31","modified_gmt":"2022-08-05T13:32:31","slug":"como-funcionan-las-aplicaciones-de-conexion-encontrar-el-tipo-correcto-de-aplicacion-de-citas","status":"publish","type":"page","link":"https:\/\/therifles.net\/es\/como-funcionan-las-aplicaciones-de-conexion-encontrar-el-tipo-correcto-de-aplicacion-de-citas\/","title":{"rendered":"C\u00f3mo funcionan las aplicaciones de conexi\u00f3n: encontrar el tipo correcto de aplicaci\u00f3n de citas"},"content":{"rendered":"<p>Encontrar los sitios de conexi\u00f3n casual perfectos para usted es f\u00e1cil. Todo lo que necesita saber es cu\u00e1les son sus preferencias. Si est\u00e1 buscando un sitio general de citas \/ conexi\u00f3n donde obtenga un poco de todo, le recomendamos Bumble, Tinder o Hinge.<\/p>\n<p>Si est\u00e1 buscando encontrar una <a href=\"http:\/\/therifles.net\/es\/?p=247\">conexi\u00f3n sexy f\u00e1cilmente<\/a> sin la necesidad de b\u00fasquedas rigurosas y sugerencias de emparejamiento, entonces aplicaciones como Adult Friend Finder, No Strings Attached y Seeking son perfectas. Si est\u00e1 buscando encontrar conexiones de nicho, consulte Alt, SilverSingles o Kinky Dates. El punto es que solo necesita saber qu\u00e9 tipo de multitud ofrece un sitio de conexi\u00f3n determinado y determinar si coinciden con sus necesidades.<\/p>\n<h2>\u00bfCu\u00e1l es el mejor para ti?<\/h2>\n<p>Esta <a href=\"http:\/\/therifles.net\/es\/?page_id=334\">aplicaci\u00f3n de citas<\/a> les da a las mujeres m\u00e1s poder sobre la conversaci\u00f3n, ya que son ellas las que inician el contacto con posibles citas. De hecho, es m\u00e1s o menos lo contrario de Tinder, que permite a los chicos hacer el primer movimiento. Por otro lado, sin embargo, Bumble no permite que los chicos env\u00eden mensajes sin haber iniciado el contacto primero. Entonces, si est\u00e1 buscando un tipo que no tenga miedo de invitarlo a salir, entonces este podr\u00eda ser el sitio para usted.<\/p>\n<h3>Bisagra<\/h3>\n<p>Hinge es un servicio de citas en l\u00ednea que permite a los usuarios conectarse con otros solteros a trav\u00e9s de la coincidencia de fotos y preguntas. Est\u00e1 disponible en dispositivos iOS y Android. La aplicaci\u00f3n tambi\u00e9n alienta a los usuarios a escribir indicaciones entre s\u00ed. Estas indicaciones permiten que ambas partes se conozcan mejor. Los usuarios tambi\u00e9n pueden agregar grabaciones de audio a su perfil, lo que ayuda a comprenderse mejor.<\/p>\n<p>Pero la aplicaci\u00f3n est\u00e1 limitada a solo 12 me gusta por d\u00eda. Si est\u00e1 buscando m\u00e1s, deber\u00e1 pagar $ 29.99 al mes. O puede comprar una suscripci\u00f3n anual por $ 399.99. Pero si no est\u00e1s usando Facebook Ads, no te beneficiar\u00e1s de ninguna de estas opciones.<\/p>\n<h3>Pof<\/h3>\n<p>Plenty Of Fish puede no tener la misma audiencia que otras aplicaciones de citas como Tinder y Bumble. Pero sigue siendo una opci\u00f3n muy popular, y tiene la ventaja de que es gratuita. Tambi\u00e9n puede obtener una suscripci\u00f3n m\u00e1s barata si desea pagar por un per\u00edodo de tiempo m\u00e1s largo. Si est\u00e1 buscando una relaci\u00f3n a largo plazo, entonces Plenty of Fish es un excelente lugar para comenzar.<\/p>\n<h3>Cerilla<\/h3>\n<p>Match es un gran lugar para conocer gente si est\u00e1s buscando algo serio. Tambi\u00e9n es un gran lugar para jugar y ver qu\u00e9 tipo de conexiones podr\u00edas hacer. Si est\u00e1s interesado en conocer a alguien, definitivamente deber\u00edas echar un vistazo a Match.com. Hay muchas otras opciones disponibles, como OKCupid o PlentyOfFish, pero Match es la mejor opci\u00f3n general.<\/p>\n<h3>eHarmony<\/h3>\n<p>eHarmony es un servicio gratuito de citas en l\u00ednea propiedad de Match Group. Ha estado activo desde 2001 y ha tenido muchos anuncios de televisi\u00f3n. Los miembros pueden pagar una suscripci\u00f3n premium para obtener funciones adicionales como chat de video, recordatorios de mensajes y mensajes ilimitados. El sitio tambi\u00e9n permite a los miembros buscar coincidencias basadas en la ubicaci\u00f3n, la edad y el g\u00e9nero.<\/p>\n<h3>El caf\u00e9 se encuentra con el bagel<\/h3>\n<p>Coffee Meets Bagel se adapta mejor a aquellos que buscan relaciones, pero a\u00fan no est\u00e1n listos para comprometerse. El algoritmo de CMB determina qui\u00e9n es adecuado para usted y sugiere una selecci\u00f3n de posibles coincidencias todos los d\u00edas. Si no revisas tus sugerencias durante un d\u00eda, es posible que pierdas la oportunidad de que te guste otra persona si te las sugieren m\u00e1s tarde.<\/p>\n<h3>Yesca<\/h3>\n<p>Tinder se ha convertido en una de las aplicaciones de citas m\u00e1s populares del mundo. Pero no es raro sentir que es hora de pasar a otra cosa. Tal vez est\u00e9s cansado de ver a las mismas personas, o de no tener coincidencias. Afortunadamente, hay muchas otras aplicaciones de citas por ah\u00ed. Hemos encontrado los mejores para ti. Nunca se sabe, tal vez tu verdadero amor te estar\u00e1 esperando.<\/p>\n<h2>Conclusi\u00f3n<\/h2>\n<p>Si eres una mujer que busca reunirse con alguien para divertirse, hay muchas aplicaciones que te permiten hacer precisamente eso. Pero, \u00bfqu\u00e9 pasa con esos momentos en los que quieres ir a una cita real, pero realmente no conoces a nadie? \u00bfO tal vez has estado soltero por un tiempo y te gustar\u00eda probar algo diferente? Bueno, si est\u00e1s interesado en encontrar una buena cita casual, entonces es posible que desees darle una oportunidad a Bumble.<\/p>\n","protected":false},"excerpt":{"rendered":"<p>Encontrar los sitios de conexi\u00f3n casual perfectos para usted es f\u00e1cil. Todo lo que necesita saber es cu\u00e1les son sus<\/p>\n","protected":false},"author":1,"featured_media":168,"parent":0,"menu_order":0,"comment_status":"closed","ping_status":"closed","template":"","meta":[],"yoast_head":"<!-- This site is optimized with the Yoast SEO plugin v17.7.1 - https:\/\/yoast.com\/wordpress\/plugins\/seo\/ -->\n<title>C\u00f3mo funcionan las aplicaciones de conexi\u00f3n: encontrar el tipo correcto de aplicaci\u00f3n de citas - Gu\u00eda de conexi\u00f3n moderna<\/title>\n<meta name=\"robots\" content=\"index, follow, max-snippet:-1, max-image-preview:large, max-video-preview:-1\" \/>\n<link rel=\"canonical\" href=\"https:\/\/therifles.net\/es\/como-funcionan-las-aplicaciones-de-conexion-encontrar-el-tipo-correcto-de-aplicacion-de-citas\/\" \/>\n<meta property=\"og:locale\" content=\"es_ES\" \/>\n<meta property=\"og:type\" content=\"article\" \/>\n<meta property=\"og:title\" content=\"C\u00f3mo funcionan las aplicaciones de conexi\u00f3n: encontrar el tipo correcto de aplicaci\u00f3n de citas - Gu\u00eda de conexi\u00f3n moderna\" \/>\n<meta property=\"og:description\" content=\"Encontrar los sitios de conexi\u00f3n casual perfectos para usted es f\u00e1cil. Todo lo que necesita saber es cu\u00e1les son sus\" \/>\n<meta property=\"og:url\" content=\"https:\/\/therifles.net\/es\/como-funcionan-las-aplicaciones-de-conexion-encontrar-el-tipo-correcto-de-aplicacion-de-citas\/\" \/>\n<meta property=\"og:site_name\" content=\"Gu\u00eda de conexi\u00f3n moderna\" \/>\n<meta property=\"article:modified_time\" content=\"2022-08-05T13:32:31+00:00\" \/>\n<meta name=\"twitter:card\" content=\"summary_large_image\" \/>\n<meta name=\"twitter:image\" content=\"https:\/\/therifles.net\/wp-content\/uploads\/2022\/08\/sex-hookups.webp\" \/>\n<meta name=\"twitter:label1\" content=\"Tiempo de lectura\" \/>\n\t<meta name=\"twitter:data1\" content=\"4 minutos\" \/>\n<script type=\"application\/ld+json\" class=\"yoast-schema-graph\">{\"@context\":\"https:\/\/schema.org\",\"@graph\":[{\"@type\":\"WebSite\",\"@id\":\"https:\/\/therifles.net\/#website\",\"url\":\"https:\/\/therifles.net\/\",\"name\":\"Gu\\u00eda de conexi\\u00f3n moderna\",\"description\":\"Asesor Personal\",\"potentialAction\":[{\"@type\":\"SearchAction\",\"target\":{\"@type\":\"EntryPoint\",\"urlTemplate\":\"https:\/\/therifles.net\/?s={search_term_string}\"},\"query-input\":\"required name=search_term_string\"}],\"inLanguage\":\"es\"},{\"@type\":\"ImageObject\",\"@id\":\"https:\/\/therifles.net\/es\/como-funcionan-las-aplicaciones-de-conexion-encontrar-el-tipo-correcto-de-aplicacion-de-citas\/#primaryimage\",\"inLanguage\":\"es\",\"url\":\"https:\/\/therifles.net\/wp-content\/uploads\/2022\/08\/sex-hookups.webp\",\"contentUrl\":\"https:\/\/therifles.net\/wp-content\/uploads\/2022\/08\/sex-hookups.webp\",\"width\":1125,\"height\":750},{\"@type\":\"WebPage\",\"@id\":\"https:\/\/therifles.net\/es\/como-funcionan-las-aplicaciones-de-conexion-encontrar-el-tipo-correcto-de-aplicacion-de-citas\/#webpage\",\"url\":\"https:\/\/therifles.net\/es\/como-funcionan-las-aplicaciones-de-conexion-encontrar-el-tipo-correcto-de-aplicacion-de-citas\/\",\"name\":\"C\\u00f3mo funcionan las aplicaciones de conexi\\u00f3n: encontrar el tipo correcto de aplicaci\\u00f3n de citas - Gu\\u00eda de conexi\\u00f3n moderna\",\"isPartOf\":{\"@id\":\"https:\/\/therifles.net\/#website\"},\"primaryImageOfPage\":{\"@id\":\"https:\/\/therifles.net\/es\/como-funcionan-las-aplicaciones-de-conexion-encontrar-el-tipo-correcto-de-aplicacion-de-citas\/#primaryimage\"},\"datePublished\":\"2022-08-05T12:38:51+00:00\",\"dateModified\":\"2022-08-05T13:32:31+00:00\",\"breadcrumb\":{\"@id\":\"https:\/\/therifles.net\/es\/como-funcionan-las-aplicaciones-de-conexion-encontrar-el-tipo-correcto-de-aplicacion-de-citas\/#breadcrumb\"},\"inLanguage\":\"es\",\"potentialAction\":[{\"@type\":\"ReadAction\",\"target\":[\"https:\/\/therifles.net\/es\/como-funcionan-las-aplicaciones-de-conexion-encontrar-el-tipo-correcto-de-aplicacion-de-citas\/\"]}]},{\"@type\":\"BreadcrumbList\",\"@id\":\"https:\/\/therifles.net\/es\/como-funcionan-las-aplicaciones-de-conexion-encontrar-el-tipo-correcto-de-aplicacion-de-citas\/#breadcrumb\",\"itemListElement\":[{\"@type\":\"ListItem\",\"position\":1,\"name\":\"Home\",\"item\":\"http:\/\/therifles.net\/es\/\"},{\"@type\":\"ListItem\",\"position\":2,\"name\":\"C\\u00f3mo funcionan las aplicaciones de conexi\\u00f3n: encontrar el tipo correcto de aplicaci\\u00f3n de citas\"}]}]}<\/script>\n<!-- \/ Yoast SEO plugin. -->","yoast_head_json":{"title":"C\u00f3mo funcionan las aplicaciones de conexi\u00f3n: encontrar el tipo correcto de aplicaci\u00f3n de citas - Gu\u00eda de conexi\u00f3n moderna","robots":{"index":"index","follow":"follow","max-snippet":"max-snippet:-1","max-image-preview":"max-image-preview:large","max-video-preview":"max-video-preview:-1"},"canonical":"https:\/\/therifles.net\/es\/como-funcionan-las-aplicaciones-de-conexion-encontrar-el-tipo-correcto-de-aplicacion-de-citas\/","og_locale":"es_ES","og_type":"article","og_title":"C\u00f3mo funcionan las aplicaciones de conexi\u00f3n: encontrar el tipo correcto de aplicaci\u00f3n de citas - Gu\u00eda de conexi\u00f3n moderna","og_description":"Encontrar los sitios de conexi\u00f3n casual perfectos para usted es f\u00e1cil. Todo lo que necesita saber es cu\u00e1les son sus","og_url":"https:\/\/therifles.net\/es\/como-funcionan-las-aplicaciones-de-conexion-encontrar-el-tipo-correcto-de-aplicacion-de-citas\/","og_site_name":"Gu\u00eda de conexi\u00f3n moderna","article_modified_time":"2022-08-05T13:32:31+00:00","twitter_card":"summary_large_image","twitter_image":"https:\/\/therifles.net\/wp-content\/uploads\/2022\/08\/sex-hookups.webp","twitter_misc":{"Tiempo de lectura":"4 minutos"},"schema":{"@context":"https:\/\/schema.org","@graph":[{"@type":"WebSite","@id":"https:\/\/therifles.net\/#website","url":"https:\/\/therifles.net\/","name":"Gu\u00eda de conexi\u00f3n moderna","description":"Asesor Personal","potentialAction":[{"@type":"SearchAction","target":{"@type":"EntryPoint","urlTemplate":"https:\/\/therifles.net\/?s={search_term_string}"},"query-input":"required name=search_term_string"}],"inLanguage":"es"},{"@type":"ImageObject","@id":"https:\/\/therifles.net\/es\/como-funcionan-las-aplicaciones-de-conexion-encontrar-el-tipo-correcto-de-aplicacion-de-citas\/#primaryimage","inLanguage":"es","url":"https:\/\/therifles.net\/wp-content\/uploads\/2022\/08\/sex-hookups.webp","contentUrl":"https:\/\/therifles.net\/wp-content\/uploads\/2022\/08\/sex-hookups.webp","width":1125,"height":750},{"@type":"WebPage","@id":"https:\/\/therifles.net\/es\/como-funcionan-las-aplicaciones-de-conexion-encontrar-el-tipo-correcto-de-aplicacion-de-citas\/#webpage","url":"https:\/\/therifles.net\/es\/como-funcionan-las-aplicaciones-de-conexion-encontrar-el-tipo-correcto-de-aplicacion-de-citas\/","name":"C\u00f3mo funcionan las aplicaciones de conexi\u00f3n: encontrar el tipo correcto de aplicaci\u00f3n de citas - Gu\u00eda de conexi\u00f3n moderna","isPartOf":{"@id":"https:\/\/therifles.net\/#website"},"primaryImageOfPage":{"@id":"https:\/\/therifles.net\/es\/como-funcionan-las-aplicaciones-de-conexion-encontrar-el-tipo-correcto-de-aplicacion-de-citas\/#primaryimage"},"datePublished":"2022-08-05T12:38:51+00:00","dateModified":"2022-08-05T13:32:31+00:00","breadcrumb":{"@id":"https:\/\/therifles.net\/es\/como-funcionan-las-aplicaciones-de-conexion-encontrar-el-tipo-correcto-de-aplicacion-de-citas\/#breadcrumb"},"inLanguage":"es","potentialAction":[{"@type":"ReadAction","target":["https:\/\/therifles.net\/es\/como-funcionan-las-aplicaciones-de-conexion-encontrar-el-tipo-correcto-de-aplicacion-de-citas\/"]}]},{"@type":"BreadcrumbList","@id":"https:\/\/therifles.net\/es\/como-funcionan-las-aplicaciones-de-conexion-encontrar-el-tipo-correcto-de-aplicacion-de-citas\/#breadcrumb","itemListElement":[{"@type":"ListItem","position":1,"name":"Home","item":"http:\/\/therifles.net\/es\/"},{"@type":"ListItem","position":2,"name":"C\u00f3mo funcionan las aplicaciones de conexi\u00f3n: encontrar el tipo correcto de aplicaci\u00f3n de citas"}]}]}},"_links":{"self":[{"href":"https:\/\/therifles.net\/es\/wp-json\/wp\/v2\/pages\/207"}],"collection":[{"href":"https:\/\/therifles.net\/es\/wp-json\/wp\/v2\/pages"}],"about":[{"href":"https:\/\/therifles.net\/es\/wp-json\/wp\/v2\/types\/page"}],"author":[{"embeddable":true,"href":"https:\/\/therifles.net\/es\/wp-json\/wp\/v2\/users\/1"}],"replies":[{"embeddable":true,"href":"https:\/\/therifles.net\/es\/wp-json\/wp\/v2\/comments?post=207"}],"version-history":[{"count":1,"href":"https:\/\/therifles.net\/es\/wp-json\/wp\/v2\/pages\/207\/revisions"}],"predecessor-version":[{"id":209,"href":"https:\/\/therifles.net\/es\/wp-json\/wp\/v2\/pages\/207\/revisions\/209"}],"wp:featuredmedia":[{"embeddable":true,"href":"https:\/\/therifles.net\/es\/wp-json\/wp\/v2\/media\/168"}],"wp:attachment":[{"href":"https:\/\/therifles.net\/es\/wp-json\/wp\/v2\/media?parent=207"}],"curies":[{"name":"wp","href":"https:\/\/api.w.org\/{rel}","templated":true}]}}