{"id":364,"date":"2022-08-05T11:21:13","date_gmt":"2022-08-05T10:21:13","guid":{"rendered":"http:\/\/therifles.net\/echte-dating-apps-fuer-singles-die-liebe-wollen\/"},"modified":"2022-08-15T19:48:45","modified_gmt":"2022-08-15T18:48:45","slug":"echte-dating-apps-fuer-singles-die-liebe-wollen","status":"publish","type":"page","link":"https:\/\/therifles.net\/de\/","title":{"rendered":"Echte Dating-Apps f\u00fcr Singles, die Liebe wollen"},"content":{"rendered":"<p>Haben Sie Schwierigkeiten, Liebe oder gleichgesinnte Frauen zu finden?<\/p>\n<p>Du denkst vielleicht, dass es schwer genug ist, Liebe zu finden, ohne online danach suchen zu m\u00fcssen. Aber <a href=\"https:\/\/www.hotsexychat.net\/de\/android-sexspiele\/\">sexy android games<\/a> f\u00fcr Erwachsene machen die Dinge einfacher, weil Sie Mitglieder nach Alter, Geschlecht, Standort, Interessen, ethnischer Zugeh\u00f6rigkeit, Religion, K\u00f6rpertyp, sexueller Orientierung, Lebensstilwahl, Beziehungsstatus usw. filtern k\u00f6nnen. Sie m\u00fcssen nicht einmal rausgehen und sie finden. Alles, was Sie tun m\u00fcssen, ist sich online zu registrieren. Sobald Sie dies getan haben, k\u00f6nnen Sie Profile durchsuchen und Nachrichten an potenzielle \u00dcbereinstimmungen senden.<\/p>\n<p>Das Beste an Dating-Apps f\u00fcr Erwachsene ist, dass Sie sich frei ausdr\u00fccken k\u00f6nnen. Es gibt keine Regeln oder Vorschriften &#8211; nur Menschen, die nach Liebe suchen. Und da es nichts gibt, was Sie davon abh\u00e4lt, ehrlich, offen und transparent zu sein, k\u00f6nnen Sie genau sagen, was Sie von einem Partner erwarten.<\/p>\n<p><img loading=\"lazy\" class=\"aligncenter wp-image-35\" src=\"http:\/\/therifles.net\/wp-content\/uploads\/2022\/08\/tinder-app-1024x683.jpeg\" alt=\"\" width=\"633\" height=\"422\" srcset=\"https:\/\/therifles.net\/wp-content\/uploads\/2022\/08\/tinder-app-1024x683.jpeg 1024w, https:\/\/therifles.net\/wp-content\/uploads\/2022\/08\/tinder-app-300x200.jpeg 300w, https:\/\/therifles.net\/wp-content\/uploads\/2022\/08\/tinder-app-768x512.jpeg 768w, https:\/\/therifles.net\/wp-content\/uploads\/2022\/08\/tinder-app-120x80.jpeg 120w, https:\/\/therifles.net\/wp-content\/uploads\/2022\/08\/tinder-app.jpeg 1125w\" sizes=\"(max-width: 633px) 100vw, 633px\" \/><\/p>\n<h2>Unsere Mission<\/h2>\n<p>Wir sind eine Online-Dating-Bewertungsseite, auf der Sie nicht Ihren richtigen Namen, Ihre E-Mail-Adresse oder sogar Ihre Kreditkartennummer angeben m\u00fcssen. Sie k\u00f6nnen Profile durchsuchen, Nachrichten senden, Fotos und Videos ansehen und sogar Freunde auf unserer sicheren Website finden.<\/p>\n<p>Wenn Sie auf der Suche nach Liebe, Romantik, Freundschaft oder Sex sind <a href=\"https:\/\/www.fuck-buddies.net\/de\/kostenlose-sex-kontaktanzeigen\/\">sexanzeigen kostenlos<\/a>, sind Sie bei uns genau richtig. Wir bieten eine v\u00f6llig anonyme Erfahrung, bei der niemand etwas \u00fcber Sie wei\u00df, damit Sie sich den besten Anschluss-Apps anschlie\u00dfen k\u00f6nnen, um Liebe und mehr zu finden. Die Anmeldung dauert weniger als 5 Minuten und Sie k\u00f6nnen sofort beitreten.<\/p>\n<p>Es gibt Tausende von Erwachsenen, die unsere Website bereits nutzen, um Liebe zu finden, und viele dieser Menschen suchen nach zuf\u00e4lligen Begegnungen. Wenn Sie daran interessiert sind, jemanden Besonderen zu finden, warum probieren Sie diese Seiten nicht noch heute aus?<\/p>\n<h2>Unsere Top 4 Picks<\/h2>\n<h3>Wichtigtuer<\/h3>\n<p>Bumble \u00e4hnelt Tinder, au\u00dfer dass M\u00e4nner keinen Kontakt aufnehmen m\u00fcssen. Frauen tun es. Wenn eine Frau mit einem Mann \u00fcbereinstimmen m\u00f6chte, muss sie ihm eine Anfrage senden. Sie muss nicht darauf warten, dass er sich an sie wendet. Stattdessen kann sie einfach nach links wischen, wenn er nicht interessiert ist, oder nach rechts wischen, wenn er es ist.<\/p>\n<p>Neben Casual Dating kann Bumble auch verwendet werden, um eine ernsthafte Beziehung zu finden. Nachdem man ein Profil erstellt hat, kann man \u00fcber sich selbst schreiben und Dinge wie Hobbys, Karriereziele usw. einbeziehen. Sie k\u00f6nnen auch etwas \u00fcber ihren idealen Partner schreiben, einschlie\u00dflich k\u00f6rperlicher Eigenschaften, Pers\u00f6nlichkeit usw.<\/p>\n<h3>Kasual<\/h3>\n<p>Kasual ist eine kostenlose <a href=\"https:\/\/www.jerkoffforme.com\/de\/lesbian-cam-seiten\/\">lesbian cam live<\/a>, die es einfacher macht, Liebe zu finden. Die Leute versuchen, jemanden Besonderen zu finden, und sie suchen nach M\u00f6glichkeiten, dies anonym zu tun. Die App funktioniert wie Tinder, wo Sie nach links wischen, wenn Ihnen nicht gef\u00e4llt, was Sie sehen, oder nach rechts, wenn Sie es tun. Aber im Gegensatz zu Tinder gibt es keine M\u00f6glichkeit, Nachrichten an andere zu senden. Stattdessen wischst du einfach nach rechts, wenn du denkst, dass du es mit einer anderen Person schaffen w\u00fcrdest. Sie k\u00f6nnen Ihr Gesicht verwischen und ein paar Emojis hinzuf\u00fcgen, um sich s\u00fc\u00df aussehen zu lassen. Und weil die App keine Daten sammelt, wird sie nicht in Suchanfragen angezeigt.<\/p>\n<h3>Sei unartig<\/h3>\n<p>BeNaughty ist eine Online-Matchmaking-App, mit der Sie Menschen basierend auf Standort und Interessen treffen k\u00f6nnen. Es ist kostenlos herunterzuladen und zu verwenden, aber es erfordert einen minimalen Aufwand von Ihrer Seite. Sie m\u00f6chten nicht zu den Leuten geh\u00f6ren, die denken, dass die Anmeldung f\u00fcr eine Online-Dating-Site zu viel Arbeit ist. Worauf warten Sie also noch? Laden Sie BeNaughty jetzt herunter und sehen Sie, wie es funktioniert.<\/p>\n<h3>Zunder<\/h3>\n<p>Tinder ist die ber\u00fchmteste Dating-App der Welt \u2013 kein Wunder. Es ist kostenlos <a href=\"https:\/\/www.sexting-sites.com\/de\/\">nacktbilder seiten<\/a>, einfach zu bedienen und noch einfacher zu vergessen, sobald Sie jemanden treffen. Wenn Sie sich mit jemandem verbinden m\u00f6chten, wischen Sie einfach bei jeder einzelnen Person in Ihrer N\u00e4he nach links oder rechts. Und wenn Sie niemanden sehen, der interessant ist, gibt es viele andere, die auf Sie warten. Tinder ist nicht perfekt, aber es ist definitiv einen Besuch wert.<\/p>\n<p><img loading=\"lazy\" class=\"aligncenter wp-image-36\" src=\"http:\/\/therifles.net\/wp-content\/uploads\/2022\/08\/bench-dating.jpeg\" alt=\"\" width=\"580\" height=\"435\" srcset=\"https:\/\/therifles.net\/wp-content\/uploads\/2022\/08\/bench-dating.jpeg 1000w, https:\/\/therifles.net\/wp-content\/uploads\/2022\/08\/bench-dating-300x225.jpeg 300w, https:\/\/therifles.net\/wp-content\/uploads\/2022\/08\/bench-dating-768x576.jpeg 768w, https:\/\/therifles.net\/wp-content\/uploads\/2022\/08\/bench-dating-880x660.jpeg 880w\" sizes=\"(max-width: 580px) 100vw, 580px\" \/><\/p>\n<h2>Holen Sie das Beste aus Dating-Apps heraus<\/h2>\n<p>Wir verstehen, wie frustrierend es sein kann, jemanden zu finden, der kompatibel ist. Deshalb haben wir unsere Bewertungen erstellt, um Ihnen zu helfen, sich mit anderen auf Dating-Sites zu verbinden, basierend auf Ihren pers\u00f6nlichen Vorlieben. Sie m\u00fcssen sich keine Sorgen machen, dass Sie mit einem Date stecken bleiben, das nicht zu Ihrem Lebensstil passt. Und Sie wissen immer, was Sie erwartet, denn wir stellen sicher, dass jedes Profil Ihren Erwartungen entspricht.<\/p>\n<p>Egal, ob es sich um Gelegenheitssex oder ernsthafte Beziehungen handelt, es gibt viele M\u00f6glichkeiten, jemanden zu treffen, der etwas Besonderes ist. Aber den besten Weg zu finden, um mit Menschen in Kontakt zu treten, kann schwierig sein. Wenn Sie anfangen m\u00f6chten, gleichgesinnte Erwachsene zu treffen, die \u00e4hnliche Interessen teilen.<\/p>\n<p>1. Sei du selbst &#8211; Versuche nicht, so zu tun, als w\u00e4rst du jemand anderes. Wenn Sie nach einer ernsthaften Beziehung suchen, treten Sie nicht einer Website bei, auf der jeder nur Spa\u00df hat. Die Leute wollen wissen, wie man tickt. Erz\u00e4hlen Sie uns also von sich. Sagen Sie uns, was Sie gerne tun, wie viel Geld Sie verdienen, Hobbys usw. Dies hilft uns, Sie mit anderen zusammenzubringen, die \u00e4hnliche Eigenschaften teilen. Wir helfen Ihnen, jemanden zu finden, der Ihre Werte und Ihre Pers\u00f6nlichkeit teilt.<\/p>\n<p>2. Passen Sie Ihr Profil mit dem ab, was Sie von einem Partner erwarten &#8211; Denken Sie dar\u00fcber nach, welche Qualit\u00e4ten Sie von einem Partner erwarten.<\/p>\n<ul>\n<li>Ist er\/sie lustig?<\/li>\n<li>Schlau?<\/li>\n<li>Athletisch?<\/li>\n<li>Verbringt er\/sie gerne Zeit im Freien?<\/li>\n<\/ul>\n<p>Diese Dinge k\u00f6nnen Ihnen helfen, das Feld potenzieller \u00dcbereinstimmungen einzugrenzen. Wenn Sie beispielsweise niemanden wollen, der Sport mag, werden Sie niemanden sehen, der auf Websites wie eHarmony.com Basketball spielt. Oder, wenn Sie jemanden wollen, der gerne rumh\u00e4ngt.<\/p>\n<h3>LGBT+ Inklusive<\/h3>\n<p>Die Welt des Online-Datings ist riesig. Mit Hunderten von Websites ist es leichter gesagt als getan, eine zu finden, die Ihren Bed\u00fcrfnissen entspricht. Wenn Sie jedoch nach etwas Bestimmtem suchen, haben wir eine vollst\u00e4ndige Liste von Kategorien zusammengestellt, die sich \u00fcber das gesamte Spektrum der sexuellen Orientierung erstrecken, einschlie\u00dflich heterosexuell, schwul, bi, trans und alles andere dazwischen.<\/p>\n","protected":false},"excerpt":{"rendered":"<p>Haben Sie Schwierigkeiten, Liebe oder gleichgesinnte Frauen zu finden? Du denkst vielleicht, dass es schwer genug ist, Liebe zu finden,<\/p>\n","protected":false},"author":1,"featured_media":0,"parent":0,"menu_order":0,"comment_status":"closed","ping_status":"closed","template":"","meta":[],"yoast_head":"<!-- This site is optimized with the Yoast SEO plugin v17.7.1 - https:\/\/yoast.com\/wordpress\/plugins\/seo\/ -->\n<title>Echte Dating-Apps f\u00fcr Singles, die Liebe wollen - Moderner Anschlussleitfaden<\/title>\n<meta name=\"robots\" content=\"index, follow, max-snippet:-1, max-image-preview:large, max-video-preview:-1\" \/>\n<link rel=\"canonical\" href=\"https:\/\/therifles.net\/de\/\" \/>\n<meta property=\"og:locale\" content=\"de_DE\" \/>\n<meta property=\"og:type\" content=\"article\" \/>\n<meta property=\"og:title\" content=\"Echte Dating-Apps f\u00fcr Singles, die Liebe wollen - Moderner Anschlussleitfaden\" \/>\n<meta property=\"og:description\" content=\"Haben Sie Schwierigkeiten, Liebe oder gleichgesinnte Frauen zu finden? Du denkst vielleicht, dass es schwer genug ist, Liebe zu finden,\" \/>\n<meta property=\"og:url\" content=\"https:\/\/therifles.net\/de\/\" \/>\n<meta property=\"og:site_name\" content=\"Moderner Anschlussleitfaden\" \/>\n<meta property=\"article:modified_time\" content=\"2022-08-15T18:48:45+00:00\" \/>\n<meta property=\"og:image\" content=\"http:\/\/therifles.net\/wp-content\/uploads\/2022\/08\/tinder-app-1024x683.jpeg\" \/>\n<meta name=\"twitter:card\" content=\"summary_large_image\" \/>\n<meta name=\"twitter:label1\" content=\"Gesch\u00e4tzte Lesezeit\" \/>\n\t<meta name=\"twitter:data1\" content=\"5\u00a0Minuten\" \/>\n<script type=\"application\/ld+json\" class=\"yoast-schema-graph\">{\"@context\":\"https:\/\/schema.org\",\"@graph\":[{\"@type\":\"WebSite\",\"@id\":\"https:\/\/therifles.net\/#website\",\"url\":\"https:\/\/therifles.net\/\",\"name\":\"Moderner Anschlussleitfaden\",\"description\":\"Personalberater\",\"potentialAction\":[{\"@type\":\"SearchAction\",\"target\":{\"@type\":\"EntryPoint\",\"urlTemplate\":\"https:\/\/therifles.net\/?s={search_term_string}\"},\"query-input\":\"required name=search_term_string\"}],\"inLanguage\":\"de\"},{\"@type\":\"ImageObject\",\"@id\":\"https:\/\/therifles.net\/de\/#primaryimage\",\"inLanguage\":\"de\",\"url\":\"http:\/\/therifles.net\/wp-content\/uploads\/2022\/08\/tinder-app-1024x683.jpeg\",\"contentUrl\":\"http:\/\/therifles.net\/wp-content\/uploads\/2022\/08\/tinder-app-1024x683.jpeg\"},{\"@type\":\"WebPage\",\"@id\":\"https:\/\/therifles.net\/de\/#webpage\",\"url\":\"https:\/\/therifles.net\/de\/\",\"name\":\"Echte Dating-Apps f\\u00fcr Singles, die Liebe wollen - Moderner Anschlussleitfaden\",\"isPartOf\":{\"@id\":\"https:\/\/therifles.net\/#website\"},\"primaryImageOfPage\":{\"@id\":\"https:\/\/therifles.net\/de\/#primaryimage\"},\"datePublished\":\"2022-08-05T10:21:13+00:00\",\"dateModified\":\"2022-08-15T18:48:45+00:00\",\"breadcrumb\":{\"@id\":\"https:\/\/therifles.net\/de\/#breadcrumb\"},\"inLanguage\":\"de\",\"potentialAction\":[{\"@type\":\"ReadAction\",\"target\":[\"https:\/\/therifles.net\/de\/\"]}]},{\"@type\":\"BreadcrumbList\",\"@id\":\"https:\/\/therifles.net\/de\/#breadcrumb\",\"itemListElement\":[{\"@type\":\"ListItem\",\"position\":1,\"name\":\"Home\",\"item\":\"http:\/\/therifles.net\/de\/\"},{\"@type\":\"ListItem\",\"position\":2,\"name\":\"Echte Dating-Apps f\\u00fcr Singles, die Liebe wollen\"}]}]}<\/script>\n<!-- \/ Yoast SEO plugin. -->","yoast_head_json":{"title":"Echte Dating-Apps f\u00fcr Singles, die Liebe wollen - Moderner Anschlussleitfaden","robots":{"index":"index","follow":"follow","max-snippet":"max-snippet:-1","max-image-preview":"max-image-preview:large","max-video-preview":"max-video-preview:-1"},"canonical":"https:\/\/therifles.net\/de\/","og_locale":"de_DE","og_type":"article","og_title":"Echte Dating-Apps f\u00fcr Singles, die Liebe wollen - Moderner Anschlussleitfaden","og_description":"Haben Sie Schwierigkeiten, Liebe oder gleichgesinnte Frauen zu finden? Du denkst vielleicht, dass es schwer genug ist, Liebe zu finden,","og_url":"https:\/\/therifles.net\/de\/","og_site_name":"Moderner Anschlussleitfaden","article_modified_time":"2022-08-15T18:48:45+00:00","og_image":[{"url":"http:\/\/therifles.net\/wp-content\/uploads\/2022\/08\/tinder-app-1024x683.jpeg"}],"twitter_card":"summary_large_image","twitter_misc":{"Gesch\u00e4tzte Lesezeit":"5\u00a0Minuten"},"schema":{"@context":"https:\/\/schema.org","@graph":[{"@type":"WebSite","@id":"https:\/\/therifles.net\/#website","url":"https:\/\/therifles.net\/","name":"Moderner Anschlussleitfaden","description":"Personalberater","potentialAction":[{"@type":"SearchAction","target":{"@type":"EntryPoint","urlTemplate":"https:\/\/therifles.net\/?s={search_term_string}"},"query-input":"required name=search_term_string"}],"inLanguage":"de"},{"@type":"ImageObject","@id":"https:\/\/therifles.net\/de\/#primaryimage","inLanguage":"de","url":"http:\/\/therifles.net\/wp-content\/uploads\/2022\/08\/tinder-app-1024x683.jpeg","contentUrl":"http:\/\/therifles.net\/wp-content\/uploads\/2022\/08\/tinder-app-1024x683.jpeg"},{"@type":"WebPage","@id":"https:\/\/therifles.net\/de\/#webpage","url":"https:\/\/therifles.net\/de\/","name":"Echte Dating-Apps f\u00fcr Singles, die Liebe wollen - Moderner Anschlussleitfaden","isPartOf":{"@id":"https:\/\/therifles.net\/#website"},"primaryImageOfPage":{"@id":"https:\/\/therifles.net\/de\/#primaryimage"},"datePublished":"2022-08-05T10:21:13+00:00","dateModified":"2022-08-15T18:48:45+00:00","breadcrumb":{"@id":"https:\/\/therifles.net\/de\/#breadcrumb"},"inLanguage":"de","potentialAction":[{"@type":"ReadAction","target":["https:\/\/therifles.net\/de\/"]}]},{"@type":"BreadcrumbList","@id":"https:\/\/therifles.net\/de\/#breadcrumb","itemListElement":[{"@type":"ListItem","position":1,"name":"Home","item":"http:\/\/therifles.net\/de\/"},{"@type":"ListItem","position":2,"name":"Echte Dating-Apps f\u00fcr Singles, die Liebe wollen"}]}]}},"_links":{"self":[{"href":"https:\/\/therifles.net\/de\/wp-json\/wp\/v2\/pages\/364"}],"collection":[{"href":"https:\/\/therifles.net\/de\/wp-json\/wp\/v2\/pages"}],"about":[{"href":"https:\/\/therifles.net\/de\/wp-json\/wp\/v2\/types\/page"}],"author":[{"embeddable":true,"href":"https:\/\/therifles.net\/de\/wp-json\/wp\/v2\/users\/1"}],"replies":[{"embeddable":true,"href":"https:\/\/therifles.net\/de\/wp-json\/wp\/v2\/comments?post=364"}],"version-history":[{"count":2,"href":"https:\/\/therifles.net\/de\/wp-json\/wp\/v2\/pages\/364\/revisions"}],"predecessor-version":[{"id":382,"href":"https:\/\/therifles.net\/de\/wp-json\/wp\/v2\/pages\/364\/revisions\/382"}],"wp:attachment":[{"href":"https:\/\/therifles.net\/de\/wp-json\/wp\/v2\/media?parent=364"}],"curies":[{"name":"wp","href":"https:\/\/api.w.org\/{rel}","templated":true}]}}