{"id":333,"date":"2022-08-05T13:12:16","date_gmt":"2022-08-05T12:12:16","guid":{"rendered":"http:\/\/therifles.net\/ist-online-dating-das-was-sie-brauchen\/"},"modified":"2022-08-05T14:32:47","modified_gmt":"2022-08-05T13:32:47","slug":"ist-online-dating-das-was-sie-brauchen","status":"publish","type":"page","link":"https:\/\/therifles.net\/de\/ist-online-dating-das-was-sie-brauchen\/","title":{"rendered":"Ist Online-Dating das, was Sie brauchen?"},"content":{"rendered":"<p>Die Idee, dass Sie &#8222;den Einen&#8220; finden k\u00f6nnten, w\u00e4hrend Sie allein vor Ihrem Computerbildschirm sitzen, mag wie etwas aus einem Film erscheinen, aber laut einer k\u00fcrzlich durchgef\u00fchrten Umfrage von etwa der H\u00e4lfte der Amerikaner sagt, dass sie genau das getan haben.<\/p>\n<p>Tats\u00e4chlich fanden Forscher heraus, dass Menschen, die <a href=\"http:\/\/therifles.net\/texting-with-your-partner\/\">Online-Dating-Sites<\/a> nutzen, tendenziell \u00e4lter und wohlhabender sind als diejenigen, die dies nicht tun, und dass Menschen, die sich online verabreden, viel eher heiraten.<\/p>\n<p>Wenn Sie dar\u00fcber nachgedacht haben, Online-Dating auszuprobieren, finden Sie hier einige Gr\u00fcnde, warum Sie noch nicht daf\u00fcr bezahlen sollten, einer Website beizutreten.<\/p>\n<h2>Sie werden tolle Termine verpassen<\/h2>\n<p>Es gibt viele kostenlose Dating-Sites, und obwohl sie nicht immer die beste Option sind, bieten sie normalerweise einen guten Ausgangspunkt. Wenn Sie jedoch nach etwas Besonderem suchen, sollten Sie in Betracht ziehen, f\u00fcr eine Premium-Mitgliedschaft zu bezahlen. Auf diese Weise m\u00fcssen Sie sich keine Sorgen machen, mit jemandem abgeglichen zu werden, der Ihre Standards nicht erf\u00fcllt.<\/p>\n<h2>Sie verschwenden weniger Zeit<\/h2>\n<p>Wenn Sie einen kostenpflichtigen Dienst nutzen, k\u00f6nnen Sie Ihre potenziellen \u00dcbereinstimmungen basierend auf Dingen wie Standort, Altersgruppe, Beziehungsstatus und sogar Hobbys filtern. Dies macht es einfacher, jemanden zu finden, der \u00e4hnliche Interessen teilt. Und da Sie Profile kostenlos durchsuchen k\u00f6nnen, werden Sie nicht stundenlang nach links und rechts wischen.<\/p>\n<h2>Sie sparen Geld<\/h2>\n<p>Sie kennen die teuren monatlichen Abonnementgeb\u00fchren? Sie summieren sich schnell. Ein kostenloser Service ist oft auch billiger, besonders wenn Sie sich f\u00fcr mehrere Konten anmelden. Zum Beispiel bietet Match.com drei verschiedene Pl\u00e4ne an: $ 9.99 pro Monat f\u00fcr den grundlegenden Zugriff; $ 19.95 pro Monat f\u00fcr unbegrenztes Messaging; und $ 29.95 pro Monat f\u00fcr Premium-Funktionen wie Video-Chat.<\/p>\n<h2>Beliebte Wahl, um f\u00fcr Gelegenheitssex zu versuchen &#8211; Ashely Madison<\/h2>\n<p>Ashley Madison ist so beliebt, dass viele Leute davon wissen. Diese Online-Dating- und Aff\u00e4renseite ist seit 2002 aktiv und bietet kostenpflichtige Mitgliedschaften f\u00fcr diejenigen, die etwas Ernstes suchen. Aber auch Gelegenheitsnutzer k\u00f6nnen auf der Website jemanden finden, der etwas Besonderes ist. Mit \u00fcber 20 Millionen registrierten Mitgliedern weltweit gibt es viele M\u00f6glichkeiten, jemanden zu treffen, mit dem Sie ausgehen m\u00f6chten.<\/p>\n<p>Die Seite konzentriert sich haupts\u00e4chlich darauf, verheirateten Menschen beim Betr\u00fcgen zu helfen, aber sie ist auch ideal f\u00fcr alleinstehende M\u00e4nner und Frauen, die nach Gelegenheitssex suchen. Es gibt keine Alters- oder Geschlechtsbeschr\u00e4nkungen, und Sie k\u00f6nnen tun, was Sie wollen, ohne sich Sorgen machen zu m\u00fcssen, erwischt zu werden. Sie k\u00f6nnen sogar Geld \u00fcber PayPal senden, um f\u00fcr zus\u00e4tzliche Funktionen wie Live-Cam-Modelle, Telefonsex und unbegrenzte E-Mails zu bezahlen.<\/p>\n<p>Sie m\u00fcssen sich keine Sorgen machen, dass Sie herausgefunden werden, da die Website Verschl\u00fcsselungstechnologie verwendet, um Ihre pers\u00f6nlichen Daten zu sch\u00fctzen. Tats\u00e4chlich r\u00fchmt sich die Website, dass &#8222;Ihre Privatsph\u00e4re wichtig ist&#8220;.<\/p>\n","protected":false},"excerpt":{"rendered":"<p>Die Idee, dass Sie &#8222;den Einen&#8220; finden k\u00f6nnten, w\u00e4hrend Sie allein vor Ihrem Computerbildschirm sitzen, mag wie etwas aus einem<\/p>\n","protected":false},"author":1,"featured_media":119,"parent":0,"menu_order":0,"comment_status":"closed","ping_status":"closed","template":"","meta":[],"yoast_head":"<!-- This site is optimized with the Yoast SEO plugin v17.7.1 - https:\/\/yoast.com\/wordpress\/plugins\/seo\/ -->\n<title>Ist Online-Dating das, was Sie brauchen? - Moderner Anschlussleitfaden<\/title>\n<meta name=\"robots\" content=\"index, follow, max-snippet:-1, max-image-preview:large, max-video-preview:-1\" \/>\n<link rel=\"canonical\" href=\"https:\/\/therifles.net\/de\/ist-online-dating-das-was-sie-brauchen\/\" \/>\n<meta property=\"og:locale\" content=\"de_DE\" \/>\n<meta property=\"og:type\" content=\"article\" \/>\n<meta property=\"og:title\" content=\"Ist Online-Dating das, was Sie brauchen? - Moderner Anschlussleitfaden\" \/>\n<meta property=\"og:description\" content=\"Die Idee, dass Sie &#8222;den Einen&#8220; finden k\u00f6nnten, w\u00e4hrend Sie allein vor Ihrem Computerbildschirm sitzen, mag wie etwas aus einem\" \/>\n<meta property=\"og:url\" content=\"https:\/\/therifles.net\/de\/ist-online-dating-das-was-sie-brauchen\/\" \/>\n<meta property=\"og:site_name\" content=\"Moderner Anschlussleitfaden\" \/>\n<meta property=\"article:modified_time\" content=\"2022-08-05T13:32:47+00:00\" \/>\n<meta property=\"og:image\" content=\"https:\/\/therifles.net\/wp-content\/uploads\/2022\/08\/dating-list.jpeg\" \/>\n\t<meta property=\"og:image:width\" content=\"1125\" \/>\n\t<meta property=\"og:image:height\" content=\"750\" \/>\n<meta name=\"twitter:card\" content=\"summary_large_image\" \/>\n<meta name=\"twitter:label1\" content=\"Gesch\u00e4tzte Lesezeit\" \/>\n\t<meta name=\"twitter:data1\" content=\"2\u00a0Minuten\" \/>\n<script type=\"application\/ld+json\" class=\"yoast-schema-graph\">{\"@context\":\"https:\/\/schema.org\",\"@graph\":[{\"@type\":\"WebSite\",\"@id\":\"https:\/\/therifles.net\/#website\",\"url\":\"https:\/\/therifles.net\/\",\"name\":\"Moderner Anschlussleitfaden\",\"description\":\"Personalberater\",\"potentialAction\":[{\"@type\":\"SearchAction\",\"target\":{\"@type\":\"EntryPoint\",\"urlTemplate\":\"https:\/\/therifles.net\/?s={search_term_string}\"},\"query-input\":\"required name=search_term_string\"}],\"inLanguage\":\"de\"},{\"@type\":\"ImageObject\",\"@id\":\"https:\/\/therifles.net\/de\/ist-online-dating-das-was-sie-brauchen\/#primaryimage\",\"inLanguage\":\"de\",\"url\":\"https:\/\/therifles.net\/wp-content\/uploads\/2022\/08\/dating-list.jpeg\",\"contentUrl\":\"https:\/\/therifles.net\/wp-content\/uploads\/2022\/08\/dating-list.jpeg\",\"width\":1125,\"height\":750},{\"@type\":\"WebPage\",\"@id\":\"https:\/\/therifles.net\/de\/ist-online-dating-das-was-sie-brauchen\/#webpage\",\"url\":\"https:\/\/therifles.net\/de\/ist-online-dating-das-was-sie-brauchen\/\",\"name\":\"Ist Online-Dating das, was Sie brauchen? - Moderner Anschlussleitfaden\",\"isPartOf\":{\"@id\":\"https:\/\/therifles.net\/#website\"},\"primaryImageOfPage\":{\"@id\":\"https:\/\/therifles.net\/de\/ist-online-dating-das-was-sie-brauchen\/#primaryimage\"},\"datePublished\":\"2022-08-05T12:12:16+00:00\",\"dateModified\":\"2022-08-05T13:32:47+00:00\",\"breadcrumb\":{\"@id\":\"https:\/\/therifles.net\/de\/ist-online-dating-das-was-sie-brauchen\/#breadcrumb\"},\"inLanguage\":\"de\",\"potentialAction\":[{\"@type\":\"ReadAction\",\"target\":[\"https:\/\/therifles.net\/de\/ist-online-dating-das-was-sie-brauchen\/\"]}]},{\"@type\":\"BreadcrumbList\",\"@id\":\"https:\/\/therifles.net\/de\/ist-online-dating-das-was-sie-brauchen\/#breadcrumb\",\"itemListElement\":[{\"@type\":\"ListItem\",\"position\":1,\"name\":\"Home\",\"item\":\"http:\/\/therifles.net\/de\/\"},{\"@type\":\"ListItem\",\"position\":2,\"name\":\"Ist Online-Dating das, was Sie brauchen?\"}]}]}<\/script>\n<!-- \/ Yoast SEO plugin. -->","yoast_head_json":{"title":"Ist Online-Dating das, was Sie brauchen? - Moderner Anschlussleitfaden","robots":{"index":"index","follow":"follow","max-snippet":"max-snippet:-1","max-image-preview":"max-image-preview:large","max-video-preview":"max-video-preview:-1"},"canonical":"https:\/\/therifles.net\/de\/ist-online-dating-das-was-sie-brauchen\/","og_locale":"de_DE","og_type":"article","og_title":"Ist Online-Dating das, was Sie brauchen? - Moderner Anschlussleitfaden","og_description":"Die Idee, dass Sie &#8222;den Einen&#8220; finden k\u00f6nnten, w\u00e4hrend Sie allein vor Ihrem Computerbildschirm sitzen, mag wie etwas aus einem","og_url":"https:\/\/therifles.net\/de\/ist-online-dating-das-was-sie-brauchen\/","og_site_name":"Moderner Anschlussleitfaden","article_modified_time":"2022-08-05T13:32:47+00:00","og_image":[{"width":1125,"height":750,"url":"https:\/\/therifles.net\/wp-content\/uploads\/2022\/08\/dating-list.jpeg","type":"image\/jpeg"}],"twitter_card":"summary_large_image","twitter_misc":{"Gesch\u00e4tzte Lesezeit":"2\u00a0Minuten"},"schema":{"@context":"https:\/\/schema.org","@graph":[{"@type":"WebSite","@id":"https:\/\/therifles.net\/#website","url":"https:\/\/therifles.net\/","name":"Moderner Anschlussleitfaden","description":"Personalberater","potentialAction":[{"@type":"SearchAction","target":{"@type":"EntryPoint","urlTemplate":"https:\/\/therifles.net\/?s={search_term_string}"},"query-input":"required name=search_term_string"}],"inLanguage":"de"},{"@type":"ImageObject","@id":"https:\/\/therifles.net\/de\/ist-online-dating-das-was-sie-brauchen\/#primaryimage","inLanguage":"de","url":"https:\/\/therifles.net\/wp-content\/uploads\/2022\/08\/dating-list.jpeg","contentUrl":"https:\/\/therifles.net\/wp-content\/uploads\/2022\/08\/dating-list.jpeg","width":1125,"height":750},{"@type":"WebPage","@id":"https:\/\/therifles.net\/de\/ist-online-dating-das-was-sie-brauchen\/#webpage","url":"https:\/\/therifles.net\/de\/ist-online-dating-das-was-sie-brauchen\/","name":"Ist Online-Dating das, was Sie brauchen? - Moderner Anschlussleitfaden","isPartOf":{"@id":"https:\/\/therifles.net\/#website"},"primaryImageOfPage":{"@id":"https:\/\/therifles.net\/de\/ist-online-dating-das-was-sie-brauchen\/#primaryimage"},"datePublished":"2022-08-05T12:12:16+00:00","dateModified":"2022-08-05T13:32:47+00:00","breadcrumb":{"@id":"https:\/\/therifles.net\/de\/ist-online-dating-das-was-sie-brauchen\/#breadcrumb"},"inLanguage":"de","potentialAction":[{"@type":"ReadAction","target":["https:\/\/therifles.net\/de\/ist-online-dating-das-was-sie-brauchen\/"]}]},{"@type":"BreadcrumbList","@id":"https:\/\/therifles.net\/de\/ist-online-dating-das-was-sie-brauchen\/#breadcrumb","itemListElement":[{"@type":"ListItem","position":1,"name":"Home","item":"http:\/\/therifles.net\/de\/"},{"@type":"ListItem","position":2,"name":"Ist Online-Dating das, was Sie brauchen?"}]}]}},"_links":{"self":[{"href":"https:\/\/therifles.net\/de\/wp-json\/wp\/v2\/pages\/333"}],"collection":[{"href":"https:\/\/therifles.net\/de\/wp-json\/wp\/v2\/pages"}],"about":[{"href":"https:\/\/therifles.net\/de\/wp-json\/wp\/v2\/types\/page"}],"author":[{"embeddable":true,"href":"https:\/\/therifles.net\/de\/wp-json\/wp\/v2\/users\/1"}],"replies":[{"embeddable":true,"href":"https:\/\/therifles.net\/de\/wp-json\/wp\/v2\/comments?post=333"}],"version-history":[{"count":1,"href":"https:\/\/therifles.net\/de\/wp-json\/wp\/v2\/pages\/333\/revisions"}],"predecessor-version":[{"id":336,"href":"https:\/\/therifles.net\/de\/wp-json\/wp\/v2\/pages\/333\/revisions\/336"}],"wp:featuredmedia":[{"embeddable":true,"href":"https:\/\/therifles.net\/de\/wp-json\/wp\/v2\/media\/119"}],"wp:attachment":[{"href":"https:\/\/therifles.net\/de\/wp-json\/wp\/v2\/media?parent=333"}],"curies":[{"name":"wp","href":"https:\/\/api.w.org\/{rel}","templated":true}]}}