{"id":316,"date":"2022-08-05T13:22:17","date_gmt":"2022-08-05T12:22:17","guid":{"rendered":"http:\/\/therifles.net\/sexting\/"},"modified":"2022-08-05T14:32:47","modified_gmt":"2022-08-05T13:32:47","slug":"sexting","status":"publish","type":"page","link":"https:\/\/therifles.net\/de\/sexting\/","title":{"rendered":"Sexting"},"content":{"rendered":"<p>Die Hookup-Kultur rund um Sex ist nichts Neues, aber dank Social Media, mobiler Technologie und dem Aufstieg von Online-Dating-Apps wie Tinder, Grindr, Bumble und anderen ist es viel einfacher geworden, jemanden zu finden, mit dem man sich verbinden kann. Bei all diesen Apps kann es jedoch schwierig sein, herauszufinden, welche f\u00fcr Sie die beste ist.<\/p>\n<h2>Welche App soll ich ausprobieren?<\/h2>\n<p>Wir sind sogar noch weiter gegangen und haben eine Liste der besten Sexting-Sites erstellt.<\/p>\n<p>Sie finden alles von kostenlosen <a href=\"http:\/\/therifles.net\/texting-with-your-partner\/\">Textnachrichten-Apps<\/a> bis hin zu Premium-Dating-Plattformen f\u00fcr Erwachsene, die Ihnen Zugang zu Tausenden von <a href=\"http:\/\/therifles.net\/is-online-dating-what-you-need\/\">sexy Singles auf der ganzen Welt<\/a> bieten. Wenn Sie also Sexting f\u00fcr sich selbst ausprobieren m\u00f6chten, finden Sie hier die besten Ausgangspunkte.<\/p>\n<p>Warum denken wir, dass diese Seiten die besten sind? Nun, hier ist unsere Top-Ten-Liste der Online-Sexting-Websites:<\/p>\n<h3>JerkMate<\/h3>\n<p>Jerkmate ist eine der besten kostenlosen Sexting-Sites insgesamt, da sie viele Funktionen bietet. Es gibt viele Kategorien wie Webcam-Chatrooms, freche M\u00e4dchen, Amateurmodels und vieles mehr. Hier finden Sie alles, was Sie wollen. Diese Seite ist sehr einfach zu bedienen und zu navigieren.<\/p>\n<h3>Katrin<\/h3>\n<p>Kik ist eine der \u00e4ltesten <a href=\"http:\/\/therifles.net\/how-hookup-apps-work-finding-the-right-type-of-dating-app\/\">Dating-Plattformen im Internet<\/a>. Es gibt es seit 2005 und es wird von Millionen von Menschen weltweit genutzt. Es wurde speziell f\u00fcr Jugendliche und junge Erwachsene entwickelt, aber jeder kann es verwenden.<\/p>\n<h3>Omegle<\/h3>\n<p>Wenn Sie noch nie von Omegle geh\u00f6rt haben, liegt das wahrscheinlich daran, dass es nicht sehr bekannt ist. Diese Website erm\u00f6glicht es Ihnen, sich zuf\u00e4llig mit einer anderen Person zu verbinden. Sie k\u00f6nnen mit jedem sprechen, den Sie wollen, egal wie alt sie sind. Denken Sie daran, dass die meisten Menschen nicht daran interessiert sind, mit jemandem zu sprechen, den sie online getroffen haben.<\/p>\n<h3>Chatroulette<\/h3>\n<p>Wie der Name schon sagt, k\u00f6nnen Sie mit Chatroulette zuf\u00e4llige Personen treffen und mit ihnen chatten. Es ist \u00e4hnlich wie Omegle, au\u00dfer dass Sie, anstatt sich mit Menschen zu verbinden, die Sie bereits kennen, sich mit v\u00f6llig Fremden verbinden.<\/p>\n<h3>Nacken<\/h3>\n<p>Scruff unterscheidet sich ein wenig von anderen Dating-Sites. Anstatt Sie mit potenziellen Daten basierend auf Ihren Pr\u00e4ferenzen abzugleichen, werden Sie basierend auf Ihrem Standort abgeglichen. Wenn Sie also in New York City sind und mit jemandem in der N\u00e4he zusammenpassen, k\u00f6nnen Sie arrangieren, dass Sie zusammen abh\u00e4ngen.<\/p>\n<h3>BeNaughty<\/h3>\n<p>BeNaughty ist eine weitere kostenlose Dating-App, mit der sich Menschen aufgrund sexueller Interessen mit anderen verbinden k\u00f6nnen. Wie viele \u00e4hnliche Websites wurde es entwickelt, um die Anschl\u00fcsse zu erleichtern, insbesondere f\u00fcr Menschen, die sich treffen m\u00f6chten, ohne f\u00fcr Getr\u00e4nke oder Abendessen bezahlen zu m\u00fcssen. Aber im Gegensatz zu anderen Apps k\u00f6nnen Sie bei BeNaughty nicht nur nach links oder rechts wischen, um zu sehen, wem sonst noch gef\u00e4llt, was Sie tun. Sie k\u00f6nnen tats\u00e4chlich Nacktfotos und Videos direkt aneinander senden. Sie m\u00fcssen sich auch keine Sorgen machen, erwischt zu werden, da die App alles v\u00f6llig anonym h\u00e4lt. Und da es v\u00f6llig kostenlos ist, m\u00fcssen Sie keinen Cent ausgeben, um es auszuprobieren.<\/p>\n<h2>Ist Sexting etwas f\u00fcr dich?<\/h2>\n<ul>\n<li>Seien Sie sicher: Dies scheint offensichtlich zu sein, aber es lohnt sich, es zu wiederholen. Senden Sie nichts, was Sie nicht m\u00f6chten, dass jemand anderes es sieht. Sie wissen nie, wo Ihre Nachrichten landen k\u00f6nnten.<\/li>\n<li>Seien Sie diskret: Denken Sie daran, dass Sie, obwohl Sie sich nicht von Angesicht zu Angesicht treffen werden, immer noch per Text kommunizieren werden. Halten Sie die Dinge unbeschwert und flirty; Vermeiden Sie es, zu viele Informationen \u00fcber Ihr pers\u00f6nliches Leben zu senden.<\/li>\n<li>Kenne deine Grenzen: W\u00e4hrend es in Ordnung ist, gelegentlich der Versuchung nachzugeben, stellen Sie sicher, dass Sie es nicht \u00fcbertreiben. Setzen Sie Grenzen, wie oft Sie Texte erhalten m\u00f6chten, und halten Sie sich daran.<\/li>\n<li>Denken Sie nach, bevor Sie senden: Auch wenn Sie vielleicht denken, dass Sie lustig oder s\u00fc\u00df sind, stehen die Chancen gut, dass Sie es nicht sind. \u00dcberlegen Sie, ob etwas, das Sie sagen m\u00f6chten, angemessen ist.<\/li>\n<\/ul>\n","protected":false},"excerpt":{"rendered":"<p>Die Hookup-Kultur rund um Sex ist nichts Neues, aber dank Social Media, mobiler Technologie und dem Aufstieg von Online-Dating-Apps wie<\/p>\n","protected":false},"author":1,"featured_media":130,"parent":0,"menu_order":0,"comment_status":"closed","ping_status":"closed","template":"","meta":[],"yoast_head":"<!-- This site is optimized with the Yoast SEO plugin v17.7.1 - https:\/\/yoast.com\/wordpress\/plugins\/seo\/ -->\n<title>Sexting - Moderner Anschlussleitfaden<\/title>\n<meta name=\"robots\" content=\"index, follow, max-snippet:-1, max-image-preview:large, max-video-preview:-1\" \/>\n<link rel=\"canonical\" href=\"https:\/\/therifles.net\/de\/sexting\/\" \/>\n<meta property=\"og:locale\" content=\"de_DE\" \/>\n<meta property=\"og:type\" content=\"article\" \/>\n<meta property=\"og:title\" content=\"Sexting - Moderner Anschlussleitfaden\" \/>\n<meta property=\"og:description\" content=\"Die Hookup-Kultur rund um Sex ist nichts Neues, aber dank Social Media, mobiler Technologie und dem Aufstieg von Online-Dating-Apps wie\" \/>\n<meta property=\"og:url\" content=\"https:\/\/therifles.net\/de\/sexting\/\" \/>\n<meta property=\"og:site_name\" content=\"Moderner Anschlussleitfaden\" \/>\n<meta property=\"article:modified_time\" content=\"2022-08-05T13:32:47+00:00\" \/>\n<meta name=\"twitter:card\" content=\"summary_large_image\" \/>\n<meta name=\"twitter:image\" content=\"https:\/\/therifles.net\/wp-content\/uploads\/2022\/08\/dating.webp\" \/>\n<meta name=\"twitter:label1\" content=\"Gesch\u00e4tzte Lesezeit\" \/>\n\t<meta name=\"twitter:data1\" content=\"3\u00a0Minuten\" \/>\n<script type=\"application\/ld+json\" class=\"yoast-schema-graph\">{\"@context\":\"https:\/\/schema.org\",\"@graph\":[{\"@type\":\"WebSite\",\"@id\":\"https:\/\/therifles.net\/#website\",\"url\":\"https:\/\/therifles.net\/\",\"name\":\"Moderner Anschlussleitfaden\",\"description\":\"Personalberater\",\"potentialAction\":[{\"@type\":\"SearchAction\",\"target\":{\"@type\":\"EntryPoint\",\"urlTemplate\":\"https:\/\/therifles.net\/?s={search_term_string}\"},\"query-input\":\"required name=search_term_string\"}],\"inLanguage\":\"de\"},{\"@type\":\"ImageObject\",\"@id\":\"https:\/\/therifles.net\/de\/sexting\/#primaryimage\",\"inLanguage\":\"de\",\"url\":\"https:\/\/therifles.net\/wp-content\/uploads\/2022\/08\/dating.webp\",\"contentUrl\":\"https:\/\/therifles.net\/wp-content\/uploads\/2022\/08\/dating.webp\",\"width\":539,\"height\":750},{\"@type\":\"WebPage\",\"@id\":\"https:\/\/therifles.net\/de\/sexting\/#webpage\",\"url\":\"https:\/\/therifles.net\/de\/sexting\/\",\"name\":\"Sexting - Moderner Anschlussleitfaden\",\"isPartOf\":{\"@id\":\"https:\/\/therifles.net\/#website\"},\"primaryImageOfPage\":{\"@id\":\"https:\/\/therifles.net\/de\/sexting\/#primaryimage\"},\"datePublished\":\"2022-08-05T12:22:17+00:00\",\"dateModified\":\"2022-08-05T13:32:47+00:00\",\"breadcrumb\":{\"@id\":\"https:\/\/therifles.net\/de\/sexting\/#breadcrumb\"},\"inLanguage\":\"de\",\"potentialAction\":[{\"@type\":\"ReadAction\",\"target\":[\"https:\/\/therifles.net\/de\/sexting\/\"]}]},{\"@type\":\"BreadcrumbList\",\"@id\":\"https:\/\/therifles.net\/de\/sexting\/#breadcrumb\",\"itemListElement\":[{\"@type\":\"ListItem\",\"position\":1,\"name\":\"Home\",\"item\":\"https:\/\/therifles.net\/de\/\"},{\"@type\":\"ListItem\",\"position\":2,\"name\":\"Sexting\"}]}]}<\/script>\n<!-- \/ Yoast SEO plugin. -->","yoast_head_json":{"title":"Sexting - Moderner Anschlussleitfaden","robots":{"index":"index","follow":"follow","max-snippet":"max-snippet:-1","max-image-preview":"max-image-preview:large","max-video-preview":"max-video-preview:-1"},"canonical":"https:\/\/therifles.net\/de\/sexting\/","og_locale":"de_DE","og_type":"article","og_title":"Sexting - Moderner Anschlussleitfaden","og_description":"Die Hookup-Kultur rund um Sex ist nichts Neues, aber dank Social Media, mobiler Technologie und dem Aufstieg von Online-Dating-Apps wie","og_url":"https:\/\/therifles.net\/de\/sexting\/","og_site_name":"Moderner Anschlussleitfaden","article_modified_time":"2022-08-05T13:32:47+00:00","twitter_card":"summary_large_image","twitter_image":"https:\/\/therifles.net\/wp-content\/uploads\/2022\/08\/dating.webp","twitter_misc":{"Gesch\u00e4tzte Lesezeit":"3\u00a0Minuten"},"schema":{"@context":"https:\/\/schema.org","@graph":[{"@type":"WebSite","@id":"https:\/\/therifles.net\/#website","url":"https:\/\/therifles.net\/","name":"Moderner Anschlussleitfaden","description":"Personalberater","potentialAction":[{"@type":"SearchAction","target":{"@type":"EntryPoint","urlTemplate":"https:\/\/therifles.net\/?s={search_term_string}"},"query-input":"required name=search_term_string"}],"inLanguage":"de"},{"@type":"ImageObject","@id":"https:\/\/therifles.net\/de\/sexting\/#primaryimage","inLanguage":"de","url":"https:\/\/therifles.net\/wp-content\/uploads\/2022\/08\/dating.webp","contentUrl":"https:\/\/therifles.net\/wp-content\/uploads\/2022\/08\/dating.webp","width":539,"height":750},{"@type":"WebPage","@id":"https:\/\/therifles.net\/de\/sexting\/#webpage","url":"https:\/\/therifles.net\/de\/sexting\/","name":"Sexting - Moderner Anschlussleitfaden","isPartOf":{"@id":"https:\/\/therifles.net\/#website"},"primaryImageOfPage":{"@id":"https:\/\/therifles.net\/de\/sexting\/#primaryimage"},"datePublished":"2022-08-05T12:22:17+00:00","dateModified":"2022-08-05T13:32:47+00:00","breadcrumb":{"@id":"https:\/\/therifles.net\/de\/sexting\/#breadcrumb"},"inLanguage":"de","potentialAction":[{"@type":"ReadAction","target":["https:\/\/therifles.net\/de\/sexting\/"]}]},{"@type":"BreadcrumbList","@id":"https:\/\/therifles.net\/de\/sexting\/#breadcrumb","itemListElement":[{"@type":"ListItem","position":1,"name":"Home","item":"https:\/\/therifles.net\/de\/"},{"@type":"ListItem","position":2,"name":"Sexting"}]}]}},"_links":{"self":[{"href":"https:\/\/therifles.net\/de\/wp-json\/wp\/v2\/pages\/316"}],"collection":[{"href":"https:\/\/therifles.net\/de\/wp-json\/wp\/v2\/pages"}],"about":[{"href":"https:\/\/therifles.net\/de\/wp-json\/wp\/v2\/types\/page"}],"author":[{"embeddable":true,"href":"https:\/\/therifles.net\/de\/wp-json\/wp\/v2\/users\/1"}],"replies":[{"embeddable":true,"href":"https:\/\/therifles.net\/de\/wp-json\/wp\/v2\/comments?post=316"}],"version-history":[{"count":1,"href":"https:\/\/therifles.net\/de\/wp-json\/wp\/v2\/pages\/316\/revisions"}],"predecessor-version":[{"id":320,"href":"https:\/\/therifles.net\/de\/wp-json\/wp\/v2\/pages\/316\/revisions\/320"}],"wp:featuredmedia":[{"embeddable":true,"href":"https:\/\/therifles.net\/de\/wp-json\/wp\/v2\/media\/130"}],"wp:attachment":[{"href":"https:\/\/therifles.net\/de\/wp-json\/wp\/v2\/media?parent=316"}],"curies":[{"name":"wp","href":"https:\/\/api.w.org\/{rel}","templated":true}]}}