{"id":274,"date":"2022-08-05T13:34:04","date_gmt":"2022-08-05T12:34:04","guid":{"rendered":"http:\/\/therifles.net\/online-dating-sicherheitshinweise\/"},"modified":"2022-09-08T14:04:06","modified_gmt":"2022-09-08T13:04:06","slug":"online-dating-sicherheitshinweise","status":"publish","type":"page","link":"https:\/\/therifles.net\/de\/online-dating-sicherheitshinweise\/","title":{"rendered":"Online-Dating-Sicherheitshinweise"},"content":{"rendered":"<h2>Die richtige App ausw\u00e4hlen<\/h2>\n<h3>Ist hier frei?<\/h3>\n<p>Es gibt viele Websites, die im Voraus Geld verlangen, aber viele <a href=\"http:\/\/therifles.net\/best-apps-for-finding-a-serious-relationship\/\">andere bieten kostenlose Testversionen an<\/a>. Sie k\u00f6nnen in der Regel feststellen, ob eine Testversion legitim ist, da sie keine Zahlungsinformationen im Voraus erfordert. Stattdessen werden Sie aufgefordert, eine g\u00fcltige E-Mail-Adresse anzugeben.<\/p>\n<h3>Gibt es eine Datenschutzerkl\u00e4rung?<\/h3>\n<p>Viele Unternehmen werden behaupten, dass sie Ihre Privatsph\u00e4re respektieren <a href=\"https:\/\/p5.uk\/de\/fussfetisch-dating\/\">fussfetisch dating<\/a>, aber sie sagen Ihnen wirklich nichts. Sie versuchen nur, Sie zu erschrecken, damit Sie sich anmelden. Suchen Sie nach einer klaren Aussage dar\u00fcber, welche Daten sie sammeln und wie sie sie verwenden.<\/p>\n<h3>Was sagt das \u00fcber die Seite aus?<\/h3>\n<p>Einige Websites werden sich r\u00fchmen, nur Mitglieder zu sein, w\u00e4hrend andere Diskretion versprechen. Und einige werden sogar versuchen, Sie dazu zu bringen, zu denken, dass sie von Profis gef\u00fchrt werden. Fallen Sie nicht darauf herein.<\/p>\n<h3>Wer betreibt es?<\/h3>\n<p>Viele Websites listen eine Reihe <a href=\"https:\/\/www.hookup-now.com\/de\/sexspiele-keine-anmeldung\/\">sexspiel ohne anmeldung<\/a> verschiedener Namen auf, einschlie\u00dflich des Namens der Person, die sie besitzt. Dies mag wie eine rote Flagge erscheinen, aber es k\u00f6nnte einfach bedeuten, dass der Eigent\u00fcmer seine Identit\u00e4t sch\u00fctzen m\u00f6chte. Warum sollten Sie Ihre pers\u00f6nlichen Daten preisgeben, wenn Sie es nicht m\u00fcssen?<\/p>\n<h3>Wie lange gibt es das schon?<\/h3>\n<p>Websites, die es schon eine Weile gibt, sind in der Regel <a href=\"http:\/\/therifles.net\/cuckold\/\">vertrauensw\u00fcrdiger<\/a> als solche, die \u00fcber Nacht aufgetaucht sind. Auch Websites, die es schon l\u00e4nger gibt, haben oft einen besseren Ruf bei Experten auf diesem Gebiet.<\/p>\n<h3>Sind Bewertungen positiv?<\/h3>\n<p>Bewertungen sind gro\u00dfartig, besonders wenn sie aus vertrauensw\u00fcrdigen Quellen stammen. Es gibt jedoch viele gef\u00e4lschte Bewertungen. Schauen Sie sich unbedingt Bewertungsseiten wie Yelp, Trustpilot und ConsumerAffairs an, um zu sehen, ob die Website in der Vergangenheit negative Bewertungen ver\u00f6ffentlicht hat.<\/p>\n<h2>Vorsicht vor Betr\u00fcgern<\/h2>\n<p>Wenn Sie online nach Liebe gesucht haben, wissen Sie, wie schwierig es sein kann, Fakten von Fiktion zu trennen. Aber es gibt M\u00f6glichkeiten, sich davor zu sch\u00fctzen, betrogen oder betrogen zu werden. Hier sind einige Tipps, um Sie zu sch\u00fctzen, w\u00e4hrend Sie Leute online treffen.<\/p>\n<ul>\n<li>Geben Sie nicht zu viele pers\u00f6nliche Informationen heraus.<\/li>\n<li>Seien Sie vorsichtig bei jedem, der Sie bittet, Geld \u00fcber Western Union oder MoneyGram zu senden. Diese Unternehmen werden oft von Betr\u00fcgern benutzt, um gestohlene Gelder zu waschen.<\/li>\n<li>Zahlen Sie niemals f\u00fcr etwas im Voraus. Sie werden das Element nie wieder sehen.<\/li>\n<li>Suchen Sie nach roten Flaggen. Betr\u00fcger k\u00f6nnten versuchen, Sie davon zu \u00fcberzeugen, dass sie echte Menschen sind, indem sie behaupten, Familienmitglieder oder Freunde verloren zu haben. Sie k\u00f6nnten sogar behaupten, f\u00fcr die Strafverfolgung zu arbeiten.<\/li>\n<li>Achten Sie auf Menschen, die Sie bitten, sich an \u00f6ffentlichen Orten wie Caf\u00e9s oder Restaurants zu treffen.<\/li>\n<li>H\u00fcten Sie sich vor Menschen, die verzweifelt nach Aufmerksamkeit zu suchen scheinen. Ein Betr\u00fcger k\u00f6nnte Ihnen sagen, dass er Hilfe braucht, um sein Leben in Ordnung zu bringen oder dass er Krebs hat.<\/li>\n<\/ul>\n<p>Sobald Sie sich mit einem m\u00f6glichen Datum abgeglichen <a href=\"https:\/\/www.thedatingadvisor.com\/de\/wie-viele-likes-pro-tag-bekommst-du-auf-tinder-bumble-hinge\/\">tinder 3+ likes<\/a> und gechattet haben, planen Sie einen Video-Chat mit ihnen. Viele Leute z\u00f6gern, dies zu tun, weil sie denken, dass es sie bed\u00fcrftig aussehen l\u00e4sst. Aber sobald Sie sich pers\u00f6nlich getroffen haben, gibt es nichts Schlimmeres, als herauszufinden, dass Ihr Date nicht das ist, was sie sagen, dass sie sind. Also, treffen Sie hier einige Vorsichtsma\u00dfnahmen.<\/p>\n<p>Wenn sie sich einem Video-Chat stark widersetzen, k\u00f6nnte das eine rote Fahne sein. Es k\u00f6nnte bedeuten, dass sie nicht online gesehen werden wollen oder dass sie etwas verbergen.<\/p>\n","protected":false},"excerpt":{"rendered":"<p>Die richtige App ausw\u00e4hlen Ist hier frei? Es gibt viele Websites, die im Voraus Geld verlangen, aber viele andere bieten<\/p>\n","protected":false},"author":1,"featured_media":152,"parent":0,"menu_order":0,"comment_status":"closed","ping_status":"closed","template":"","meta":[],"yoast_head":"<!-- This site is optimized with the Yoast SEO plugin v17.7.1 - https:\/\/yoast.com\/wordpress\/plugins\/seo\/ -->\n<title>Online-Dating-Sicherheitshinweise - Moderner Anschlussleitfaden<\/title>\n<meta name=\"robots\" content=\"index, follow, max-snippet:-1, max-image-preview:large, max-video-preview:-1\" \/>\n<link rel=\"canonical\" href=\"https:\/\/therifles.net\/de\/online-dating-sicherheitshinweise\/\" \/>\n<meta property=\"og:locale\" content=\"de_DE\" \/>\n<meta property=\"og:type\" content=\"article\" \/>\n<meta property=\"og:title\" content=\"Online-Dating-Sicherheitshinweise - Moderner Anschlussleitfaden\" \/>\n<meta property=\"og:description\" content=\"Die richtige App ausw\u00e4hlen Ist hier frei? Es gibt viele Websites, die im Voraus Geld verlangen, aber viele andere bieten\" \/>\n<meta property=\"og:url\" content=\"https:\/\/therifles.net\/de\/online-dating-sicherheitshinweise\/\" \/>\n<meta property=\"og:site_name\" content=\"Moderner Anschlussleitfaden\" \/>\n<meta property=\"article:modified_time\" content=\"2022-09-08T13:04:06+00:00\" \/>\n<meta name=\"twitter:card\" content=\"summary_large_image\" \/>\n<meta name=\"twitter:image\" content=\"https:\/\/therifles.net\/wp-content\/uploads\/2022\/08\/unnamed-file.webp\" \/>\n<meta name=\"twitter:label1\" content=\"Gesch\u00e4tzte Lesezeit\" \/>\n\t<meta name=\"twitter:data1\" content=\"3\u00a0Minuten\" \/>\n<script type=\"application\/ld+json\" class=\"yoast-schema-graph\">{\"@context\":\"https:\/\/schema.org\",\"@graph\":[{\"@type\":\"WebSite\",\"@id\":\"https:\/\/therifles.net\/#website\",\"url\":\"https:\/\/therifles.net\/\",\"name\":\"Moderner Anschlussleitfaden\",\"description\":\"Personalberater\",\"potentialAction\":[{\"@type\":\"SearchAction\",\"target\":{\"@type\":\"EntryPoint\",\"urlTemplate\":\"https:\/\/therifles.net\/?s={search_term_string}\"},\"query-input\":\"required name=search_term_string\"}],\"inLanguage\":\"de\"},{\"@type\":\"ImageObject\",\"@id\":\"https:\/\/therifles.net\/de\/online-dating-sicherheitshinweise\/#primaryimage\",\"inLanguage\":\"de\",\"url\":\"https:\/\/therifles.net\/wp-content\/uploads\/2022\/08\/unnamed-file.webp\",\"contentUrl\":\"https:\/\/therifles.net\/wp-content\/uploads\/2022\/08\/unnamed-file.webp\",\"width\":500,\"height\":750},{\"@type\":\"WebPage\",\"@id\":\"https:\/\/therifles.net\/de\/online-dating-sicherheitshinweise\/#webpage\",\"url\":\"https:\/\/therifles.net\/de\/online-dating-sicherheitshinweise\/\",\"name\":\"Online-Dating-Sicherheitshinweise - Moderner Anschlussleitfaden\",\"isPartOf\":{\"@id\":\"https:\/\/therifles.net\/#website\"},\"primaryImageOfPage\":{\"@id\":\"https:\/\/therifles.net\/de\/online-dating-sicherheitshinweise\/#primaryimage\"},\"datePublished\":\"2022-08-05T12:34:04+00:00\",\"dateModified\":\"2022-09-08T13:04:06+00:00\",\"breadcrumb\":{\"@id\":\"https:\/\/therifles.net\/de\/online-dating-sicherheitshinweise\/#breadcrumb\"},\"inLanguage\":\"de\",\"potentialAction\":[{\"@type\":\"ReadAction\",\"target\":[\"https:\/\/therifles.net\/de\/online-dating-sicherheitshinweise\/\"]}]},{\"@type\":\"BreadcrumbList\",\"@id\":\"https:\/\/therifles.net\/de\/online-dating-sicherheitshinweise\/#breadcrumb\",\"itemListElement\":[{\"@type\":\"ListItem\",\"position\":1,\"name\":\"Home\",\"item\":\"https:\/\/therifles.net\/de\/\"},{\"@type\":\"ListItem\",\"position\":2,\"name\":\"Online-Dating-Sicherheitshinweise\"}]}]}<\/script>\n<!-- \/ Yoast SEO plugin. -->","yoast_head_json":{"title":"Online-Dating-Sicherheitshinweise - Moderner Anschlussleitfaden","robots":{"index":"index","follow":"follow","max-snippet":"max-snippet:-1","max-image-preview":"max-image-preview:large","max-video-preview":"max-video-preview:-1"},"canonical":"https:\/\/therifles.net\/de\/online-dating-sicherheitshinweise\/","og_locale":"de_DE","og_type":"article","og_title":"Online-Dating-Sicherheitshinweise - Moderner Anschlussleitfaden","og_description":"Die richtige App ausw\u00e4hlen Ist hier frei? Es gibt viele Websites, die im Voraus Geld verlangen, aber viele andere bieten","og_url":"https:\/\/therifles.net\/de\/online-dating-sicherheitshinweise\/","og_site_name":"Moderner Anschlussleitfaden","article_modified_time":"2022-09-08T13:04:06+00:00","twitter_card":"summary_large_image","twitter_image":"https:\/\/therifles.net\/wp-content\/uploads\/2022\/08\/unnamed-file.webp","twitter_misc":{"Gesch\u00e4tzte Lesezeit":"3\u00a0Minuten"},"schema":{"@context":"https:\/\/schema.org","@graph":[{"@type":"WebSite","@id":"https:\/\/therifles.net\/#website","url":"https:\/\/therifles.net\/","name":"Moderner Anschlussleitfaden","description":"Personalberater","potentialAction":[{"@type":"SearchAction","target":{"@type":"EntryPoint","urlTemplate":"https:\/\/therifles.net\/?s={search_term_string}"},"query-input":"required name=search_term_string"}],"inLanguage":"de"},{"@type":"ImageObject","@id":"https:\/\/therifles.net\/de\/online-dating-sicherheitshinweise\/#primaryimage","inLanguage":"de","url":"https:\/\/therifles.net\/wp-content\/uploads\/2022\/08\/unnamed-file.webp","contentUrl":"https:\/\/therifles.net\/wp-content\/uploads\/2022\/08\/unnamed-file.webp","width":500,"height":750},{"@type":"WebPage","@id":"https:\/\/therifles.net\/de\/online-dating-sicherheitshinweise\/#webpage","url":"https:\/\/therifles.net\/de\/online-dating-sicherheitshinweise\/","name":"Online-Dating-Sicherheitshinweise - Moderner Anschlussleitfaden","isPartOf":{"@id":"https:\/\/therifles.net\/#website"},"primaryImageOfPage":{"@id":"https:\/\/therifles.net\/de\/online-dating-sicherheitshinweise\/#primaryimage"},"datePublished":"2022-08-05T12:34:04+00:00","dateModified":"2022-09-08T13:04:06+00:00","breadcrumb":{"@id":"https:\/\/therifles.net\/de\/online-dating-sicherheitshinweise\/#breadcrumb"},"inLanguage":"de","potentialAction":[{"@type":"ReadAction","target":["https:\/\/therifles.net\/de\/online-dating-sicherheitshinweise\/"]}]},{"@type":"BreadcrumbList","@id":"https:\/\/therifles.net\/de\/online-dating-sicherheitshinweise\/#breadcrumb","itemListElement":[{"@type":"ListItem","position":1,"name":"Home","item":"https:\/\/therifles.net\/de\/"},{"@type":"ListItem","position":2,"name":"Online-Dating-Sicherheitshinweise"}]}]}},"_links":{"self":[{"href":"https:\/\/therifles.net\/de\/wp-json\/wp\/v2\/pages\/274"}],"collection":[{"href":"https:\/\/therifles.net\/de\/wp-json\/wp\/v2\/pages"}],"about":[{"href":"https:\/\/therifles.net\/de\/wp-json\/wp\/v2\/types\/page"}],"author":[{"embeddable":true,"href":"https:\/\/therifles.net\/de\/wp-json\/wp\/v2\/users\/1"}],"replies":[{"embeddable":true,"href":"https:\/\/therifles.net\/de\/wp-json\/wp\/v2\/comments?post=274"}],"version-history":[{"count":2,"href":"https:\/\/therifles.net\/de\/wp-json\/wp\/v2\/pages\/274\/revisions"}],"predecessor-version":[{"id":386,"href":"https:\/\/therifles.net\/de\/wp-json\/wp\/v2\/pages\/274\/revisions\/386"}],"wp:featuredmedia":[{"embeddable":true,"href":"https:\/\/therifles.net\/de\/wp-json\/wp\/v2\/media\/152"}],"wp:attachment":[{"href":"https:\/\/therifles.net\/de\/wp-json\/wp\/v2\/media?parent=274"}],"curies":[{"name":"wp","href":"https:\/\/api.w.org\/{rel}","templated":true}]}}