{"id":263,"date":"2022-08-05T13:26:39","date_gmt":"2022-08-05T12:26:39","guid":{"rendered":"http:\/\/therifles.net\/hahnrei\/"},"modified":"2022-09-08T14:05:27","modified_gmt":"2022-09-08T13:05:27","slug":"hahnrei","status":"publish","type":"page","link":"https:\/\/therifles.net\/de\/hahnrei\/","title":{"rendered":"Hahnrei"},"content":{"rendered":"<p>Es gibt viele verschiedene Gr\u00fcnde, warum M\u00e4nner zusehen wollen, wie ihre Frauen sie betr\u00fcgen. Manche Leute genie\u00dfen den Nervenkitzel, wenn sie ihren Partnern dabei zusehen, wie sie jemand anderen ficken, w\u00e4hrend andere es einfach m\u00f6gen, ihre Frau \/ Freundinnen zu sehen, die Spa\u00df haben. Was auch immer der Grund ist, wenn Sie nach einer <a href=\"http:\/\/therifles.net\/sexting\/\">Hotwife-Hookup-Site<\/a> suchen, haben wir Sie abgedeckt.<\/p>\n<p>Wir haben so ziemlich jede Website und App ausprobiert, die es gibt, und hier sind diejenigen <a href=\"https:\/\/www.fuck-buddies.net\/de\/die-besten-spiele-fuer-erwachsene-auf-patreon\/\">patreon porngames<\/a>, die f\u00fcr uns am besten funktionieren. Wenn Sie nach etwas anderem suchen, lassen Sie es uns im Kommentarbereich wissen.<\/p>\n<p>Hier sind 4 der besten Cuckolding-Dating-Sites, die es heute gibt:<\/p>\n<h3>Holen Sie es sich<\/h3>\n<p>GetItOn.com ist die # 1 Adult Dating Community f\u00fcr Leute, die ihren Ehepartner betr\u00fcgen wollen. Wir helfen M\u00e4nnern und Frauen, sich online zum Spa\u00df, zur Freundschaft und m\u00f6glicherweise zur Ehe zu treffen. Zu unseren Mitgliedern geh\u00f6ren verheiratete, alleinstehende und verwitwete Erwachsene, die die Welt des Betrugs erkunden m\u00f6chten. Egal, ob Sie eine Frau sind, die einen Mann sucht, mit dem sie betr\u00fcgen kann, oder ein Mann, der nach einer hei\u00dfen Frau sucht, wir haben alles f\u00fcr Sie.<\/p>\n<h3>3Summe<\/h3>\n<p>3Sum ist die # 1 Dreier-Dating-Apps f\u00fcr Leute, die sich mit anderen Paaren treffen m\u00f6chten. Egal, ob Sie nach einem One-Night-Stand oder etwas Langfristigem suchen, wir haben alles f\u00fcr Sie. Wir machen es Ihnen leicht, lokale Sex-Dates zu finden, egal ob Sie nach zuf\u00e4lligen Begegnungen, Swing-Partys oder sogar einem ausgewachsenen Dreier suchen. Zu unseren Mitgliedern geh\u00f6ren sowohl heterosexuelle als auch bisexuelle Paare sowie solche, die sich f\u00fcr BDSM interessieren. Sie k\u00f6nnen unsere Profile nach Standort, Alter, Interessen, Beziehungsstatus und sexueller Orientierung durchsuchen.<\/p>\n<p>Wir bieten die umfassendste Online-Erfahrung, um andere zu treffen <a href=\"http:\/\/www.nosignupporngames.net\/de\/\">porn games ohne anmeldung<\/a>, die sich f\u00fcr die gleichen Dinge interessieren wie Sie. Mit \u00fcber 2 Millionen aktiven Nutzern sind wir sicher, dass es f\u00fcr jeden jemanden gibt. Melden Sie sich jetzt an und fangen Sie noch heute an, Freunde zu finden!<\/p>\n<h3>Alt<\/h3>\n<p>Alt ist eine der gr\u00f6\u00dften Online-Dating-Sites f\u00fcr Erwachsene und bietet Tausenden von Menschen, die diskrete Beziehungen, zuf\u00e4llige Begegnungen, unverbindlichen Sex oder einfach nur Freunde mit Vorteilen suchen. Egal, ob Sie nach einem Partner, einem Freund oder einem Liebhaber suchen, Alt bietet eine sichere Umgebung, in der sich jeder mit anderen verbinden kann, die \u00e4hnliche Interessen teilen. Mit \u00fcber 10 Millionen registrierten Nutzern weltweit bietet Alt einen sicheren Raum f\u00fcr Erwachsene, um ihre Sexualit\u00e4t ohne Urteil zu erforschen.<\/p>\n<h3>Aff<\/h3>\n<p>Wenn Sie nach einem Ort suchen, an dem Sie viele hei\u00dfe M\u00e4nner finden, die <a href=\"http:\/\/therifles.net\/best-apps-for-finding-a-serious-relationship\/\">sich online verbinden<\/a> m\u00f6chten, ist Adult Friend Finder m\u00f6glicherweise die beste Option. Aber es ist kein Geheimnis, dass AFF nicht perfekt ist. In der Tat gibt es viele Gr\u00fcnde, warum es eine der umstrittensten Seiten ist. Und obwohl es definitiv wahr ist, dass AFF einige einzigartige Funktionen bietet, ist es auch erw\u00e4hnenswert, dass es auch Tonnen anderer Optionen gibt.<\/p>\n<p>Nat\u00fcrlich m\u00fcssen Sie f\u00fcr die Premium-Mitgliedschaft bezahlen, aber das ist optional. Wenn Sie sich f\u00fcr ein Upgrade entscheiden, erhalten Sie Zugriff auf viele zus\u00e4tzliche Funktionen, darunter Video-Chats, Webcam-Feeds, Instant Messaging, E-Mailing, mobile Apps und vieles mehr.<\/p>\n<h2>Arten von Funktionen<\/h2>\n<h3>Eine gute Benutzererfahrung<\/h3>\n<p>Es ist Ihnen wahrscheinlich egal, wie h\u00fcbsch die <a href=\"https:\/\/www.free-adult-cams.com\/de\/beste-kostenlose-sex-cams\/\">kostenlose sex webcam<\/a> aussieht. Aber es spielt eine Rolle, ob Menschen schnell und einfach finden, wonach sie suchen. Sie sollten nicht stundenlang nach jemandem suchen m\u00fcssen, mit dem Sie sprechen k\u00f6nnen. Wenn Ihre Website nicht schnell genug geladen wird, werden die Leute abprallen.<\/p>\n<h3>Einfache Navigation<\/h3>\n<p>Wenn Sie keine einfache Navigation anbieten, werden die Leute nicht wissen, wohin sie gehen sollen, sobald sie gelandet sind. Sie denken vielleicht sogar, dass du sie betr\u00fcgst. Machen Sie es einfach, auf Ihrer Website zu navigieren und das zu finden, was Sie wollen.<\/p>\n<h3>Viele Optionen<\/h3>\n<p>Es gibt nichts Schlimmeres, als sich f\u00fcr eine Hookup-Site anzumelden und festzustellen, dass es nicht viele Optionen gibt. Lass dir das nicht passieren. Es sollte viele M\u00f6glichkeiten geben, sich mit verschiedenen Arten von Menschen zu verbinden.<\/p>\n","protected":false},"excerpt":{"rendered":"<p>Es gibt viele verschiedene Gr\u00fcnde, warum M\u00e4nner zusehen wollen, wie ihre Frauen sie betr\u00fcgen. Manche Leute genie\u00dfen den Nervenkitzel, wenn<\/p>\n","protected":false},"author":1,"featured_media":141,"parent":0,"menu_order":0,"comment_status":"closed","ping_status":"closed","template":"","meta":[],"yoast_head":"<!-- This site is optimized with the Yoast SEO plugin v17.7.1 - https:\/\/yoast.com\/wordpress\/plugins\/seo\/ -->\n<title>Hahnrei - Moderner Anschlussleitfaden<\/title>\n<meta name=\"robots\" content=\"index, follow, max-snippet:-1, max-image-preview:large, max-video-preview:-1\" \/>\n<link rel=\"canonical\" href=\"https:\/\/therifles.net\/de\/hahnrei\/\" \/>\n<meta property=\"og:locale\" content=\"de_DE\" \/>\n<meta property=\"og:type\" content=\"article\" \/>\n<meta property=\"og:title\" content=\"Hahnrei - Moderner Anschlussleitfaden\" \/>\n<meta property=\"og:description\" content=\"Es gibt viele verschiedene Gr\u00fcnde, warum M\u00e4nner zusehen wollen, wie ihre Frauen sie betr\u00fcgen. Manche Leute genie\u00dfen den Nervenkitzel, wenn\" \/>\n<meta property=\"og:url\" content=\"https:\/\/therifles.net\/de\/hahnrei\/\" \/>\n<meta property=\"og:site_name\" content=\"Moderner Anschlussleitfaden\" \/>\n<meta property=\"article:modified_time\" content=\"2022-09-08T13:05:27+00:00\" \/>\n<meta name=\"twitter:card\" content=\"summary_large_image\" \/>\n<meta name=\"twitter:image\" content=\"https:\/\/therifles.net\/wp-content\/uploads\/2022\/08\/real-sex-apps.webp\" \/>\n<meta name=\"twitter:label1\" content=\"Gesch\u00e4tzte Lesezeit\" \/>\n\t<meta name=\"twitter:data1\" content=\"3\u00a0Minuten\" \/>\n<script type=\"application\/ld+json\" class=\"yoast-schema-graph\">{\"@context\":\"https:\/\/schema.org\",\"@graph\":[{\"@type\":\"WebSite\",\"@id\":\"http:\/\/therifles.net\/#website\",\"url\":\"http:\/\/therifles.net\/\",\"name\":\"Moderner Anschlussleitfaden\",\"description\":\"Personalberater\",\"potentialAction\":[{\"@type\":\"SearchAction\",\"target\":{\"@type\":\"EntryPoint\",\"urlTemplate\":\"http:\/\/therifles.net\/?s={search_term_string}\"},\"query-input\":\"required name=search_term_string\"}],\"inLanguage\":\"de\"},{\"@type\":\"ImageObject\",\"@id\":\"https:\/\/therifles.net\/de\/hahnrei\/#primaryimage\",\"inLanguage\":\"de\",\"url\":\"https:\/\/therifles.net\/wp-content\/uploads\/2022\/08\/real-sex-apps.webp\",\"contentUrl\":\"https:\/\/therifles.net\/wp-content\/uploads\/2022\/08\/real-sex-apps.webp\",\"width\":1125,\"height\":750},{\"@type\":\"WebPage\",\"@id\":\"https:\/\/therifles.net\/de\/hahnrei\/#webpage\",\"url\":\"https:\/\/therifles.net\/de\/hahnrei\/\",\"name\":\"Hahnrei - Moderner Anschlussleitfaden\",\"isPartOf\":{\"@id\":\"http:\/\/therifles.net\/#website\"},\"primaryImageOfPage\":{\"@id\":\"https:\/\/therifles.net\/de\/hahnrei\/#primaryimage\"},\"datePublished\":\"2022-08-05T12:26:39+00:00\",\"dateModified\":\"2022-09-08T13:05:27+00:00\",\"breadcrumb\":{\"@id\":\"https:\/\/therifles.net\/de\/hahnrei\/#breadcrumb\"},\"inLanguage\":\"de\",\"potentialAction\":[{\"@type\":\"ReadAction\",\"target\":[\"https:\/\/therifles.net\/de\/hahnrei\/\"]}]},{\"@type\":\"BreadcrumbList\",\"@id\":\"https:\/\/therifles.net\/de\/hahnrei\/#breadcrumb\",\"itemListElement\":[{\"@type\":\"ListItem\",\"position\":1,\"name\":\"Home\",\"item\":\"http:\/\/therifles.net\/de\/\"},{\"@type\":\"ListItem\",\"position\":2,\"name\":\"Hahnrei\"}]}]}<\/script>\n<!-- \/ Yoast SEO plugin. -->","yoast_head_json":{"title":"Hahnrei - Moderner Anschlussleitfaden","robots":{"index":"index","follow":"follow","max-snippet":"max-snippet:-1","max-image-preview":"max-image-preview:large","max-video-preview":"max-video-preview:-1"},"canonical":"https:\/\/therifles.net\/de\/hahnrei\/","og_locale":"de_DE","og_type":"article","og_title":"Hahnrei - Moderner Anschlussleitfaden","og_description":"Es gibt viele verschiedene Gr\u00fcnde, warum M\u00e4nner zusehen wollen, wie ihre Frauen sie betr\u00fcgen. Manche Leute genie\u00dfen den Nervenkitzel, wenn","og_url":"https:\/\/therifles.net\/de\/hahnrei\/","og_site_name":"Moderner Anschlussleitfaden","article_modified_time":"2022-09-08T13:05:27+00:00","twitter_card":"summary_large_image","twitter_image":"https:\/\/therifles.net\/wp-content\/uploads\/2022\/08\/real-sex-apps.webp","twitter_misc":{"Gesch\u00e4tzte Lesezeit":"3\u00a0Minuten"},"schema":{"@context":"https:\/\/schema.org","@graph":[{"@type":"WebSite","@id":"http:\/\/therifles.net\/#website","url":"http:\/\/therifles.net\/","name":"Moderner Anschlussleitfaden","description":"Personalberater","potentialAction":[{"@type":"SearchAction","target":{"@type":"EntryPoint","urlTemplate":"http:\/\/therifles.net\/?s={search_term_string}"},"query-input":"required name=search_term_string"}],"inLanguage":"de"},{"@type":"ImageObject","@id":"https:\/\/therifles.net\/de\/hahnrei\/#primaryimage","inLanguage":"de","url":"https:\/\/therifles.net\/wp-content\/uploads\/2022\/08\/real-sex-apps.webp","contentUrl":"https:\/\/therifles.net\/wp-content\/uploads\/2022\/08\/real-sex-apps.webp","width":1125,"height":750},{"@type":"WebPage","@id":"https:\/\/therifles.net\/de\/hahnrei\/#webpage","url":"https:\/\/therifles.net\/de\/hahnrei\/","name":"Hahnrei - Moderner Anschlussleitfaden","isPartOf":{"@id":"http:\/\/therifles.net\/#website"},"primaryImageOfPage":{"@id":"https:\/\/therifles.net\/de\/hahnrei\/#primaryimage"},"datePublished":"2022-08-05T12:26:39+00:00","dateModified":"2022-09-08T13:05:27+00:00","breadcrumb":{"@id":"https:\/\/therifles.net\/de\/hahnrei\/#breadcrumb"},"inLanguage":"de","potentialAction":[{"@type":"ReadAction","target":["https:\/\/therifles.net\/de\/hahnrei\/"]}]},{"@type":"BreadcrumbList","@id":"https:\/\/therifles.net\/de\/hahnrei\/#breadcrumb","itemListElement":[{"@type":"ListItem","position":1,"name":"Home","item":"http:\/\/therifles.net\/de\/"},{"@type":"ListItem","position":2,"name":"Hahnrei"}]}]}},"_links":{"self":[{"href":"https:\/\/therifles.net\/de\/wp-json\/wp\/v2\/pages\/263"}],"collection":[{"href":"https:\/\/therifles.net\/de\/wp-json\/wp\/v2\/pages"}],"about":[{"href":"https:\/\/therifles.net\/de\/wp-json\/wp\/v2\/types\/page"}],"author":[{"embeddable":true,"href":"https:\/\/therifles.net\/de\/wp-json\/wp\/v2\/users\/1"}],"replies":[{"embeddable":true,"href":"https:\/\/therifles.net\/de\/wp-json\/wp\/v2\/comments?post=263"}],"version-history":[{"count":2,"href":"https:\/\/therifles.net\/de\/wp-json\/wp\/v2\/pages\/263\/revisions"}],"predecessor-version":[{"id":389,"href":"https:\/\/therifles.net\/de\/wp-json\/wp\/v2\/pages\/263\/revisions\/389"}],"wp:featuredmedia":[{"embeddable":true,"href":"https:\/\/therifles.net\/de\/wp-json\/wp\/v2\/media\/141"}],"wp:attachment":[{"href":"https:\/\/therifles.net\/de\/wp-json\/wp\/v2\/media?parent=263"}],"curies":[{"name":"wp","href":"https:\/\/api.w.org\/{rel}","templated":true}]}}