{"id":246,"date":"2022-08-05T13:45:29","date_gmt":"2022-08-05T12:45:29","guid":{"rendered":"http:\/\/therifles.net\/beste-apps-um-eine-ernsthafte-beziehung-zu-finden\/"},"modified":"2022-08-05T14:32:32","modified_gmt":"2022-08-05T13:32:32","slug":"beste-apps-um-eine-ernsthafte-beziehung-zu-finden","status":"publish","type":"page","link":"https:\/\/therifles.net\/de\/beste-apps-um-eine-ernsthafte-beziehung-zu-finden\/","title":{"rendered":"Beste Apps, um eine ernsthafte Beziehung zu finden"},"content":{"rendered":"<p>Wenn Sie auf der Suche nach etwas Ernsterem sind, haben wir hier zwei der besten Empfehlungen f\u00fcr Sie.<\/p>\n<p>Diese beiden Seiten sind die besten, wenn Sie nach einer langfristigen Beziehung suchen, anstatt nur nach einem <a href=\"http:\/\/therifles.net\/sexting\/\">gelegentlichen Fing<\/a>. Wenn Sie sich bei diesen Websites anmelden, beachten Sie bitte, dass beide kostenlos genutzt werden k\u00f6nnen, es f\u00e4llt jedoch eine Geb\u00fchr an, wenn Sie die Premium-Funktionen nutzen m\u00f6chten.<\/p>\n<h3>Streichholz<\/h3>\n<p>Match ist eine Online-Dating-Site, die speziell f\u00fcr diejenigen entwickelt wurde, die nach Liebe suchen. Egal, ob es sich um eine langfristige Beziehung oder etwas L\u00e4ssiges handelt, Match bietet eine einzigartige Erfahrung, die es den Menschen erm\u00f6glicht, Liebe zu finden, basierend auf dem, was sie wirklich vom Leben wollen. Sie k\u00f6nnen auch Ihr eigenes Konto einrichten, um Ihre Aktivit\u00e4ten zu verfolgen. Und wenn Sie daran interessiert sind, jemand anderen zu treffen, k\u00f6nnen Sie das auch tun. Mitglieder k\u00f6nnen Gruppen von Freunden erstellen, um sich gegenseitig bei der Suche nach kompatiblen Partnern zu helfen.<\/p>\n<p>Die Website ist kostenlos, um Profilen beizutreten und sie zu durchsuchen, Nachrichten zu senden und sogar jemanden zu treffen, der etwas Besonderes ist. Wenn Sie sich entscheiden, die Dinge weiter zu treiben, gibt es keine Kosten zu zahlen, um mehr potenzielle \u00dcbereinstimmungen zu sehen. Sie k\u00f6nnen entweder das Premium-Abonnementmodell der Website verwenden oder sich f\u00fcr die kostenlose Version entscheiden. Wenn Sie sich f\u00fcr ein Upgrade entscheiden, erhalten Sie unbegrenzten Zugriff auf die vielen Funktionen der Website, einschlie\u00dflich der M\u00f6glichkeit, eine gro\u00dfe Anzahl von \u00dcbereinstimmungen anzuzeigen. Es gibt auch viele M\u00f6glichkeiten, sich mit anderen Mitgliedern zu verbinden. Zum Beispiel k\u00f6nnen Sie per Text, E-Mail, Telefonanrufe, Video-Chats kommunizieren und sogar virtuelle Dates machen.<\/p>\n<p>Egal, ob Sie nach einer ernsthaften Beziehung oder einfach nur nach ein wenig Spa\u00df suchen, Match ist der richtige Ort, um anzufangen.<\/p>\n<h3>OKCupid<\/h3>\n<p>OkCupid ist eine der beliebtesten Online-Dating-Sites der Welt. Die 2004 gestartete Website verf\u00fcgt \u00fcber mehr als 10 Millionen aktive t\u00e4gliche Nutzer. Es ist kostenlos zu benutzen, aber Sie m\u00fcssen $ 20 \/ Monat bezahlen, um auf Premium-Funktionen wie unbegrenzte Nachrichten und \u00dcbereinstimmungen zuzugreifen.<\/p>\n<p>Die Website bietet verschiedene M\u00f6glichkeiten, sich mit Menschen zu verbinden, einschlie\u00dflich des <a href=\"http:\/\/therifles.net\/how-hookup-apps-work-finding-the-right-type-of-dating-app\/\">Durchsuchens von Profilen<\/a>, des Findens von Freunden, des Erstellens von Gruppen und des Chattens mit anderen \u00fcber Text, Sprachanrufe, Video-Chats und IM. Sie k\u00f6nnen sogar Geschenke an jemanden senden, an dem Sie interessiert sind. Kostenloses Messaging steht allen Benutzern zur Verf\u00fcgung. Wenn Sie Kontakt mit einem anderen Mitglied aufnehmen m\u00f6chten, tippen Sie einfach auf dessen Foto. Von dort aus k\u00f6nnen Sie eine kurze Nachricht senden, fragen, was sie tun, oder \u00fcber alles andere chatten, was Sie interessiert.<\/p>\n<p>Sie k\u00f6nnen auch die Fotos anderer Benutzer durchsuchen und deren Biografien lesen. Auf diese Weise k\u00f6nnen Sie mehr \u00fcber die Person erfahren, bevor Sie entscheiden, ob Sie mit der Kommunikation beginnen m\u00f6chten oder nicht.<\/p>\n<h2>H\u00c4UFIG GESTELLTE FRAGEN<\/h2>\n<h3>Was ist die beste Dating-Site, um eine Freundin zu finden?<\/h3>\n<p>Der beste Weg, eine Freundin zu finden, ist \u00fcber Online-Dating-Sites wie Match.com, eHarmony, PlentyOfFish, Zoosk, OkCupid und Tinder. Online-Dating-Sites erm\u00f6glichen es Benutzern, nach potenziellen \u00dcbereinstimmungen basierend auf Alter, Standort, Interessen, Hobbys, Beziehungsstatus und anderen Kriterien zu suchen. Die meisten Online-Dating-Sites bieten auch Chatrooms an, in denen Mitglieder neue Leute kennenlernen k\u00f6nnen.<\/p>\n<h3>Was sind die besten 100% kostenlosen Dating-Sites im Jahr 2022?<\/h3>\n<p>Die beste 100-prozentige kostenlose Dating-Site im Jahr 2022 ist Plenty Of Fish. Diese Website hat Millionen von Nutzern aus der ganzen Welt, und sie suchen nach Liebe, genau wie Sie! Wenn Sie neue Leute kennenlernen m\u00f6chten, dann ist POF definitiv der richtige Ort, um anzufangen.<\/p>\n<h3>Gibt es eine Dating-Site f\u00fcr Singles in den USA?<\/h3>\n<p>Ja, es gibt eine Dating-Website namens Zoosk, die speziell f\u00fcr alleinstehende M\u00e4nner und Frauen auf der Suche nach Liebe in New York entwickelt wurde. Der Dienst erm\u00f6glicht es Benutzern, Profile anderer Mitglieder basierend auf Alter, Standort, Interessen und Beziehungsstatus zu durchsuchen. Benutzer k\u00f6nnen sich auch direkt von der Website aus Nachrichten senden.<\/p>\n","protected":false},"excerpt":{"rendered":"<p>Wenn Sie auf der Suche nach etwas Ernsterem sind, haben wir hier zwei der besten Empfehlungen f\u00fcr Sie. Diese beiden<\/p>\n","protected":false},"author":1,"featured_media":174,"parent":0,"menu_order":0,"comment_status":"closed","ping_status":"closed","template":"","meta":[],"yoast_head":"<!-- This site is optimized with the Yoast SEO plugin v17.7.1 - https:\/\/yoast.com\/wordpress\/plugins\/seo\/ -->\n<title>Beste Apps, um eine ernsthafte Beziehung zu finden - Moderner Anschlussleitfaden<\/title>\n<meta name=\"robots\" content=\"index, follow, max-snippet:-1, max-image-preview:large, max-video-preview:-1\" \/>\n<link rel=\"canonical\" href=\"https:\/\/therifles.net\/de\/beste-apps-um-eine-ernsthafte-beziehung-zu-finden\/\" \/>\n<meta property=\"og:locale\" content=\"de_DE\" \/>\n<meta property=\"og:type\" content=\"article\" \/>\n<meta property=\"og:title\" content=\"Beste Apps, um eine ernsthafte Beziehung zu finden - Moderner Anschlussleitfaden\" \/>\n<meta property=\"og:description\" content=\"Wenn Sie auf der Suche nach etwas Ernsterem sind, haben wir hier zwei der besten Empfehlungen f\u00fcr Sie. Diese beiden\" \/>\n<meta property=\"og:url\" content=\"https:\/\/therifles.net\/de\/beste-apps-um-eine-ernsthafte-beziehung-zu-finden\/\" \/>\n<meta property=\"og:site_name\" content=\"Moderner Anschlussleitfaden\" \/>\n<meta property=\"article:modified_time\" content=\"2022-08-05T13:32:32+00:00\" \/>\n<meta property=\"og:image\" content=\"https:\/\/therifles.net\/wp-content\/uploads\/2022\/08\/real-dating.jpeg\" \/>\n\t<meta property=\"og:image:width\" content=\"1125\" \/>\n\t<meta property=\"og:image:height\" content=\"750\" \/>\n<meta name=\"twitter:card\" content=\"summary_large_image\" \/>\n<meta name=\"twitter:label1\" content=\"Gesch\u00e4tzte Lesezeit\" \/>\n\t<meta name=\"twitter:data1\" content=\"3\u00a0Minuten\" \/>\n<script type=\"application\/ld+json\" class=\"yoast-schema-graph\">{\"@context\":\"https:\/\/schema.org\",\"@graph\":[{\"@type\":\"WebSite\",\"@id\":\"http:\/\/therifles.net\/#website\",\"url\":\"http:\/\/therifles.net\/\",\"name\":\"Moderner Anschlussleitfaden\",\"description\":\"Personalberater\",\"potentialAction\":[{\"@type\":\"SearchAction\",\"target\":{\"@type\":\"EntryPoint\",\"urlTemplate\":\"http:\/\/therifles.net\/?s={search_term_string}\"},\"query-input\":\"required name=search_term_string\"}],\"inLanguage\":\"de\"},{\"@type\":\"ImageObject\",\"@id\":\"https:\/\/therifles.net\/de\/beste-apps-um-eine-ernsthafte-beziehung-zu-finden\/#primaryimage\",\"inLanguage\":\"de\",\"url\":\"https:\/\/therifles.net\/wp-content\/uploads\/2022\/08\/real-dating.jpeg\",\"contentUrl\":\"https:\/\/therifles.net\/wp-content\/uploads\/2022\/08\/real-dating.jpeg\",\"width\":1125,\"height\":750},{\"@type\":\"WebPage\",\"@id\":\"https:\/\/therifles.net\/de\/beste-apps-um-eine-ernsthafte-beziehung-zu-finden\/#webpage\",\"url\":\"https:\/\/therifles.net\/de\/beste-apps-um-eine-ernsthafte-beziehung-zu-finden\/\",\"name\":\"Beste Apps, um eine ernsthafte Beziehung zu finden - Moderner Anschlussleitfaden\",\"isPartOf\":{\"@id\":\"http:\/\/therifles.net\/#website\"},\"primaryImageOfPage\":{\"@id\":\"https:\/\/therifles.net\/de\/beste-apps-um-eine-ernsthafte-beziehung-zu-finden\/#primaryimage\"},\"datePublished\":\"2022-08-05T12:45:29+00:00\",\"dateModified\":\"2022-08-05T13:32:32+00:00\",\"breadcrumb\":{\"@id\":\"https:\/\/therifles.net\/de\/beste-apps-um-eine-ernsthafte-beziehung-zu-finden\/#breadcrumb\"},\"inLanguage\":\"de\",\"potentialAction\":[{\"@type\":\"ReadAction\",\"target\":[\"https:\/\/therifles.net\/de\/beste-apps-um-eine-ernsthafte-beziehung-zu-finden\/\"]}]},{\"@type\":\"BreadcrumbList\",\"@id\":\"https:\/\/therifles.net\/de\/beste-apps-um-eine-ernsthafte-beziehung-zu-finden\/#breadcrumb\",\"itemListElement\":[{\"@type\":\"ListItem\",\"position\":1,\"name\":\"Home\",\"item\":\"http:\/\/therifles.net\/de\/\"},{\"@type\":\"ListItem\",\"position\":2,\"name\":\"Beste Apps, um eine ernsthafte Beziehung zu finden\"}]}]}<\/script>\n<!-- \/ Yoast SEO plugin. -->","yoast_head_json":{"title":"Beste Apps, um eine ernsthafte Beziehung zu finden - Moderner Anschlussleitfaden","robots":{"index":"index","follow":"follow","max-snippet":"max-snippet:-1","max-image-preview":"max-image-preview:large","max-video-preview":"max-video-preview:-1"},"canonical":"https:\/\/therifles.net\/de\/beste-apps-um-eine-ernsthafte-beziehung-zu-finden\/","og_locale":"de_DE","og_type":"article","og_title":"Beste Apps, um eine ernsthafte Beziehung zu finden - Moderner Anschlussleitfaden","og_description":"Wenn Sie auf der Suche nach etwas Ernsterem sind, haben wir hier zwei der besten Empfehlungen f\u00fcr Sie. Diese beiden","og_url":"https:\/\/therifles.net\/de\/beste-apps-um-eine-ernsthafte-beziehung-zu-finden\/","og_site_name":"Moderner Anschlussleitfaden","article_modified_time":"2022-08-05T13:32:32+00:00","og_image":[{"width":1125,"height":750,"url":"https:\/\/therifles.net\/wp-content\/uploads\/2022\/08\/real-dating.jpeg","type":"image\/jpeg"}],"twitter_card":"summary_large_image","twitter_misc":{"Gesch\u00e4tzte Lesezeit":"3\u00a0Minuten"},"schema":{"@context":"https:\/\/schema.org","@graph":[{"@type":"WebSite","@id":"http:\/\/therifles.net\/#website","url":"http:\/\/therifles.net\/","name":"Moderner Anschlussleitfaden","description":"Personalberater","potentialAction":[{"@type":"SearchAction","target":{"@type":"EntryPoint","urlTemplate":"http:\/\/therifles.net\/?s={search_term_string}"},"query-input":"required name=search_term_string"}],"inLanguage":"de"},{"@type":"ImageObject","@id":"https:\/\/therifles.net\/de\/beste-apps-um-eine-ernsthafte-beziehung-zu-finden\/#primaryimage","inLanguage":"de","url":"https:\/\/therifles.net\/wp-content\/uploads\/2022\/08\/real-dating.jpeg","contentUrl":"https:\/\/therifles.net\/wp-content\/uploads\/2022\/08\/real-dating.jpeg","width":1125,"height":750},{"@type":"WebPage","@id":"https:\/\/therifles.net\/de\/beste-apps-um-eine-ernsthafte-beziehung-zu-finden\/#webpage","url":"https:\/\/therifles.net\/de\/beste-apps-um-eine-ernsthafte-beziehung-zu-finden\/","name":"Beste Apps, um eine ernsthafte Beziehung zu finden - Moderner Anschlussleitfaden","isPartOf":{"@id":"http:\/\/therifles.net\/#website"},"primaryImageOfPage":{"@id":"https:\/\/therifles.net\/de\/beste-apps-um-eine-ernsthafte-beziehung-zu-finden\/#primaryimage"},"datePublished":"2022-08-05T12:45:29+00:00","dateModified":"2022-08-05T13:32:32+00:00","breadcrumb":{"@id":"https:\/\/therifles.net\/de\/beste-apps-um-eine-ernsthafte-beziehung-zu-finden\/#breadcrumb"},"inLanguage":"de","potentialAction":[{"@type":"ReadAction","target":["https:\/\/therifles.net\/de\/beste-apps-um-eine-ernsthafte-beziehung-zu-finden\/"]}]},{"@type":"BreadcrumbList","@id":"https:\/\/therifles.net\/de\/beste-apps-um-eine-ernsthafte-beziehung-zu-finden\/#breadcrumb","itemListElement":[{"@type":"ListItem","position":1,"name":"Home","item":"http:\/\/therifles.net\/de\/"},{"@type":"ListItem","position":2,"name":"Beste Apps, um eine ernsthafte Beziehung zu finden"}]}]}},"_links":{"self":[{"href":"https:\/\/therifles.net\/de\/wp-json\/wp\/v2\/pages\/246"}],"collection":[{"href":"https:\/\/therifles.net\/de\/wp-json\/wp\/v2\/pages"}],"about":[{"href":"https:\/\/therifles.net\/de\/wp-json\/wp\/v2\/types\/page"}],"author":[{"embeddable":true,"href":"https:\/\/therifles.net\/de\/wp-json\/wp\/v2\/users\/1"}],"replies":[{"embeddable":true,"href":"https:\/\/therifles.net\/de\/wp-json\/wp\/v2\/comments?post=246"}],"version-history":[{"count":1,"href":"https:\/\/therifles.net\/de\/wp-json\/wp\/v2\/pages\/246\/revisions"}],"predecessor-version":[{"id":248,"href":"https:\/\/therifles.net\/de\/wp-json\/wp\/v2\/pages\/246\/revisions\/248"}],"wp:featuredmedia":[{"embeddable":true,"href":"https:\/\/therifles.net\/de\/wp-json\/wp\/v2\/media\/174"}],"wp:attachment":[{"href":"https:\/\/therifles.net\/de\/wp-json\/wp\/v2\/media?parent=246"}],"curies":[{"name":"wp","href":"https:\/\/api.w.org\/{rel}","templated":true}]}}