{"id":221,"date":"2022-08-05T13:38:51","date_gmt":"2022-08-05T12:38:51","guid":{"rendered":"http:\/\/therifles.net\/wie-hookup-apps-funktionieren-finden-sie-die-richtige-art-von-dating-app\/"},"modified":"2022-08-05T14:32:31","modified_gmt":"2022-08-05T13:32:31","slug":"wie-hookup-apps-funktionieren-finden-sie-die-richtige-art-von-dating-app","status":"publish","type":"page","link":"https:\/\/therifles.net\/de\/wie-hookup-apps-funktionieren-finden-sie-die-richtige-art-von-dating-app\/","title":{"rendered":"Wie Hookup-Apps funktionieren: Finden Sie die richtige Art von Dating-App"},"content":{"rendered":"<p>Es ist einfach, die perfekten Casual-Hookup-Sites f\u00fcr Sie zu finden. Alles, was Sie wissen m\u00fcssen, ist, was Ihre Vorlieben sind. Wenn Sie nach einer allgemeinen Dating- \/ Hookup-Site suchen, auf der Sie von allem etwas bekommen, empfehlen wir Bumble, Tinder oder Hinge.<\/p>\n<p>Wenn Sie auf der Suche nach einem <a href=\"http:\/\/therifles.net\/texting-with-your-partner\/\">sexy Hookup sind<\/a> , ohne dass Sie rigorose Suchen und Paarungsvorschl\u00e4ge ben\u00f6tigen, dann sind Apps wie Adult Friend Finder, No Strings Attached und Seeking perfekt. Wenn Sie Nischenverbindungen finden m\u00f6chten, schauen Sie sich Alt, SilverSingles oder Kinky Dates an. Der Punkt ist, dass Sie nur wissen m\u00fcssen, welche Art von Crowd eine bestimmte Hookup-Site bietet, und feststellen m\u00fcssen, ob sie Ihren Bed\u00fcrfnissen entsprechen.<\/p>\n<h2>Welches ist das Beste f\u00fcr Sie?<\/h2>\n<p>Diese <a href=\"http:\/\/therifles.net\/is-online-dating-what-you-need\/\">Dating-App<\/a> gibt Frauen mehr Macht \u00fcber das Gespr\u00e4ch, da sie diejenigen sind, die Kontakt mit potenziellen Dates aufnehmen. Tats\u00e4chlich ist es so ziemlich das Gegenteil von Tinder, was es den Jungs erm\u00f6glicht, den ersten Schritt zu machen. Auf der anderen Seite erlaubt Bumble jedoch nicht, dass Jungs Nachrichten senden, ohne zuerst einen Kontakt initiiert zu haben. Wenn Sie also nach einem Mann suchen, der keine Angst hat, Sie zu fragen, dann k\u00f6nnte dies die richtige Seite f\u00fcr Sie sein.<\/p>\n<h3>Scharnier<\/h3>\n<p>Hinge ist ein Online-Dating-Service, der es Benutzern erm\u00f6glicht, sich mit anderen Singles durch Foto-Matching und Fragen zu verbinden. Es ist auf iOS- und Android-Ger\u00e4ten verf\u00fcgbar. Die App ermutigt die Benutzer auch, sich gegenseitig Eingabeaufforderungen zu schreiben. Diese Eingabeaufforderungen erm\u00f6glichen es beiden Parteien, sich besser kennenzulernen. Benutzer k\u00f6nnen ihrem Profil auch Audioaufnahmen hinzuf\u00fcgen, um sich gegenseitig besser zu verstehen.<\/p>\n<p>Aber die App ist auf nur 12 Likes pro Tag beschr\u00e4nkt. Wenn Sie nach mehr suchen, m\u00fcssen Sie $ 29.99 pro Monat bezahlen. Oder Sie k\u00f6nnten ein Jahresabonnement f\u00fcr $ 399.99 kaufen. Wenn du jedoch keine Facebook-Werbeanzeigen verwendest, profitierst du von keiner dieser Optionen.<\/p>\n<h3>Pof<\/h3>\n<p>Plenty Of Fish hat m\u00f6glicherweise nicht das gleiche Publikum wie andere Dating-Apps wie Tinder und Bumble. Aber es ist immer noch eine sehr beliebte Wahl &#8211; und es hat den Vorteil, dass es kostenlos ist. Sie k\u00f6nnen auch ein g\u00fcnstigeres Abonnement erhalten, wenn Sie f\u00fcr einen l\u00e4ngeren Zeitraum bezahlen m\u00f6chten. Wenn Sie nach einer langfristigen Beziehung suchen, dann ist Plenty of Fish ein ausgezeichneter Ausgangspunkt.<\/p>\n<h3>Streichholz<\/h3>\n<p>Match ist ein gro\u00dfartiger Ort, um Leute zu treffen, wenn Sie nach etwas Ernstem suchen. Es ist auch ein gro\u00dfartiger Ort, um herumzuspielen und zu sehen, welche Art von Verbindungen Sie herstellen k\u00f6nnten. Wenn Sie daran interessiert sind, jemanden zu treffen, sollten Sie unbedingt Match.com lesen. Es gibt viele andere Optionen &#8211; wie OKCupid oder PlentyOfFish -, aber Match ist die beste Wahl.<\/p>\n<h3>eHarmony<\/h3>\n<p>eHarmony ist ein kostenloser Online-Dating-Service im Besitz der Match Group. Es ist seit 2001 aktiv und hatte viele Fernsehwerbung. Mitglieder k\u00f6nnen f\u00fcr ein Premium-Abonnement bezahlen, um zus\u00e4tzliche Funktionen wie Video-Chat, Nachrichtenerinnerungen und unbegrenzte Nachrichten zu erhalten. Die Website erm\u00f6glicht es Mitgliedern auch, nach \u00dcbereinstimmungen basierend auf Standort, Alter und Geschlecht zu suchen.<\/p>\n<h3>Kaffee trifft Bagel<\/h3>\n<p>Coffee Meets Bagel passt am besten zu denen, die nach Beziehungen suchen, aber noch nicht bereit sind, sich zu verpflichten. Der Algorithmus von CMB findet heraus, wer f\u00fcr Sie geeignet ist, und schl\u00e4gt jeden Tag eine Auswahl potenzieller \u00dcbereinstimmungen vor. Wenn Sie Ihre Vorschl\u00e4ge einen Tag lang nicht \u00fcberpr\u00fcfen, verpassen Sie m\u00f6glicherweise die Chance, jemand anderen zu m\u00f6gen, wenn er Ihnen sp\u00e4ter vorgeschlagen wird.<\/p>\n<h3>Zunder<\/h3>\n<p>Tinder hat sich zu einer der beliebtesten Dating-Apps der Welt entwickelt. Aber es ist nicht ungew\u00f6hnlich, das Gef\u00fchl zu haben, dass es Zeit ist, zu etwas anderem \u00fcberzugehen. Vielleicht sind Sie es leid, die gleichen Leute zu sehen oder keine \u00dcbereinstimmungen zu bekommen. Gl\u00fccklicherweise gibt es viele andere Dating-Apps. Wir haben die besten f\u00fcr Sie gefunden. Du wei\u00dft nie, vielleicht wartet deine wahre Liebe auf dich.<\/p>\n<h2>Schlussfolgerung<\/h2>\n<p>Wenn Sie eine Frau sind, die sich mit jemandem zum Spa\u00df treffen m\u00f6chte, gibt es viele Apps, mit denen Sie genau das tun k\u00f6nnen. Aber was ist mit den Zeiten, in denen du auf ein richtiges Date gehen willst, aber niemanden wirklich kennst? Oder vielleicht bist du schon eine Weile Single und m\u00f6chtest etwas anderes ausprobieren? Nun, wenn Sie daran interessiert sind, ein sch\u00f6nes Casual Date zu finden, dann m\u00f6chten Sie vielleicht Bumble eine Chance geben.<\/p>\n","protected":false},"excerpt":{"rendered":"<p>Es ist einfach, die perfekten Casual-Hookup-Sites f\u00fcr Sie zu finden. Alles, was Sie wissen m\u00fcssen, ist, was Ihre Vorlieben sind.<\/p>\n","protected":false},"author":1,"featured_media":163,"parent":0,"menu_order":0,"comment_status":"closed","ping_status":"closed","template":"","meta":[],"yoast_head":"<!-- This site is optimized with the Yoast SEO plugin v17.7.1 - https:\/\/yoast.com\/wordpress\/plugins\/seo\/ -->\n<title>Wie Hookup-Apps funktionieren: Finden Sie die richtige Art von Dating-App - Moderner Anschlussleitfaden<\/title>\n<meta name=\"robots\" content=\"index, follow, max-snippet:-1, max-image-preview:large, max-video-preview:-1\" \/>\n<link rel=\"canonical\" href=\"https:\/\/therifles.net\/de\/wie-hookup-apps-funktionieren-finden-sie-die-richtige-art-von-dating-app\/\" \/>\n<meta property=\"og:locale\" content=\"de_DE\" \/>\n<meta property=\"og:type\" content=\"article\" \/>\n<meta property=\"og:title\" content=\"Wie Hookup-Apps funktionieren: Finden Sie die richtige Art von Dating-App - Moderner Anschlussleitfaden\" \/>\n<meta property=\"og:description\" content=\"Es ist einfach, die perfekten Casual-Hookup-Sites f\u00fcr Sie zu finden. Alles, was Sie wissen m\u00fcssen, ist, was Ihre Vorlieben sind.\" \/>\n<meta property=\"og:url\" content=\"https:\/\/therifles.net\/de\/wie-hookup-apps-funktionieren-finden-sie-die-richtige-art-von-dating-app\/\" \/>\n<meta property=\"og:site_name\" content=\"Moderner Anschlussleitfaden\" \/>\n<meta property=\"article:modified_time\" content=\"2022-08-05T13:32:31+00:00\" \/>\n<meta name=\"twitter:card\" content=\"summary_large_image\" \/>\n<meta name=\"twitter:image\" content=\"https:\/\/therifles.net\/wp-content\/uploads\/2022\/08\/sex-hookups.webp\" \/>\n<meta name=\"twitter:label1\" content=\"Gesch\u00e4tzte Lesezeit\" \/>\n\t<meta name=\"twitter:data1\" content=\"4\u00a0Minuten\" \/>\n<script type=\"application\/ld+json\" class=\"yoast-schema-graph\">{\"@context\":\"https:\/\/schema.org\",\"@graph\":[{\"@type\":\"WebSite\",\"@id\":\"https:\/\/therifles.net\/#website\",\"url\":\"https:\/\/therifles.net\/\",\"name\":\"Moderner Anschlussleitfaden\",\"description\":\"Personalberater\",\"potentialAction\":[{\"@type\":\"SearchAction\",\"target\":{\"@type\":\"EntryPoint\",\"urlTemplate\":\"https:\/\/therifles.net\/?s={search_term_string}\"},\"query-input\":\"required name=search_term_string\"}],\"inLanguage\":\"de\"},{\"@type\":\"ImageObject\",\"@id\":\"https:\/\/therifles.net\/de\/wie-hookup-apps-funktionieren-finden-sie-die-richtige-art-von-dating-app\/#primaryimage\",\"inLanguage\":\"de\",\"url\":\"https:\/\/therifles.net\/wp-content\/uploads\/2022\/08\/sex-hookups.webp\",\"contentUrl\":\"https:\/\/therifles.net\/wp-content\/uploads\/2022\/08\/sex-hookups.webp\",\"width\":1125,\"height\":750},{\"@type\":\"WebPage\",\"@id\":\"https:\/\/therifles.net\/de\/wie-hookup-apps-funktionieren-finden-sie-die-richtige-art-von-dating-app\/#webpage\",\"url\":\"https:\/\/therifles.net\/de\/wie-hookup-apps-funktionieren-finden-sie-die-richtige-art-von-dating-app\/\",\"name\":\"Wie Hookup-Apps funktionieren: Finden Sie die richtige Art von Dating-App - Moderner Anschlussleitfaden\",\"isPartOf\":{\"@id\":\"https:\/\/therifles.net\/#website\"},\"primaryImageOfPage\":{\"@id\":\"https:\/\/therifles.net\/de\/wie-hookup-apps-funktionieren-finden-sie-die-richtige-art-von-dating-app\/#primaryimage\"},\"datePublished\":\"2022-08-05T12:38:51+00:00\",\"dateModified\":\"2022-08-05T13:32:31+00:00\",\"breadcrumb\":{\"@id\":\"https:\/\/therifles.net\/de\/wie-hookup-apps-funktionieren-finden-sie-die-richtige-art-von-dating-app\/#breadcrumb\"},\"inLanguage\":\"de\",\"potentialAction\":[{\"@type\":\"ReadAction\",\"target\":[\"https:\/\/therifles.net\/de\/wie-hookup-apps-funktionieren-finden-sie-die-richtige-art-von-dating-app\/\"]}]},{\"@type\":\"BreadcrumbList\",\"@id\":\"https:\/\/therifles.net\/de\/wie-hookup-apps-funktionieren-finden-sie-die-richtige-art-von-dating-app\/#breadcrumb\",\"itemListElement\":[{\"@type\":\"ListItem\",\"position\":1,\"name\":\"Home\",\"item\":\"https:\/\/therifles.net\/de\/\"},{\"@type\":\"ListItem\",\"position\":2,\"name\":\"Wie Hookup-Apps funktionieren: Finden Sie die richtige Art von Dating-App\"}]}]}<\/script>\n<!-- \/ Yoast SEO plugin. -->","yoast_head_json":{"title":"Wie Hookup-Apps funktionieren: Finden Sie die richtige Art von Dating-App - Moderner Anschlussleitfaden","robots":{"index":"index","follow":"follow","max-snippet":"max-snippet:-1","max-image-preview":"max-image-preview:large","max-video-preview":"max-video-preview:-1"},"canonical":"https:\/\/therifles.net\/de\/wie-hookup-apps-funktionieren-finden-sie-die-richtige-art-von-dating-app\/","og_locale":"de_DE","og_type":"article","og_title":"Wie Hookup-Apps funktionieren: Finden Sie die richtige Art von Dating-App - Moderner Anschlussleitfaden","og_description":"Es ist einfach, die perfekten Casual-Hookup-Sites f\u00fcr Sie zu finden. Alles, was Sie wissen m\u00fcssen, ist, was Ihre Vorlieben sind.","og_url":"https:\/\/therifles.net\/de\/wie-hookup-apps-funktionieren-finden-sie-die-richtige-art-von-dating-app\/","og_site_name":"Moderner Anschlussleitfaden","article_modified_time":"2022-08-05T13:32:31+00:00","twitter_card":"summary_large_image","twitter_image":"https:\/\/therifles.net\/wp-content\/uploads\/2022\/08\/sex-hookups.webp","twitter_misc":{"Gesch\u00e4tzte Lesezeit":"4\u00a0Minuten"},"schema":{"@context":"https:\/\/schema.org","@graph":[{"@type":"WebSite","@id":"https:\/\/therifles.net\/#website","url":"https:\/\/therifles.net\/","name":"Moderner Anschlussleitfaden","description":"Personalberater","potentialAction":[{"@type":"SearchAction","target":{"@type":"EntryPoint","urlTemplate":"https:\/\/therifles.net\/?s={search_term_string}"},"query-input":"required name=search_term_string"}],"inLanguage":"de"},{"@type":"ImageObject","@id":"https:\/\/therifles.net\/de\/wie-hookup-apps-funktionieren-finden-sie-die-richtige-art-von-dating-app\/#primaryimage","inLanguage":"de","url":"https:\/\/therifles.net\/wp-content\/uploads\/2022\/08\/sex-hookups.webp","contentUrl":"https:\/\/therifles.net\/wp-content\/uploads\/2022\/08\/sex-hookups.webp","width":1125,"height":750},{"@type":"WebPage","@id":"https:\/\/therifles.net\/de\/wie-hookup-apps-funktionieren-finden-sie-die-richtige-art-von-dating-app\/#webpage","url":"https:\/\/therifles.net\/de\/wie-hookup-apps-funktionieren-finden-sie-die-richtige-art-von-dating-app\/","name":"Wie Hookup-Apps funktionieren: Finden Sie die richtige Art von Dating-App - Moderner Anschlussleitfaden","isPartOf":{"@id":"https:\/\/therifles.net\/#website"},"primaryImageOfPage":{"@id":"https:\/\/therifles.net\/de\/wie-hookup-apps-funktionieren-finden-sie-die-richtige-art-von-dating-app\/#primaryimage"},"datePublished":"2022-08-05T12:38:51+00:00","dateModified":"2022-08-05T13:32:31+00:00","breadcrumb":{"@id":"https:\/\/therifles.net\/de\/wie-hookup-apps-funktionieren-finden-sie-die-richtige-art-von-dating-app\/#breadcrumb"},"inLanguage":"de","potentialAction":[{"@type":"ReadAction","target":["https:\/\/therifles.net\/de\/wie-hookup-apps-funktionieren-finden-sie-die-richtige-art-von-dating-app\/"]}]},{"@type":"BreadcrumbList","@id":"https:\/\/therifles.net\/de\/wie-hookup-apps-funktionieren-finden-sie-die-richtige-art-von-dating-app\/#breadcrumb","itemListElement":[{"@type":"ListItem","position":1,"name":"Home","item":"https:\/\/therifles.net\/de\/"},{"@type":"ListItem","position":2,"name":"Wie Hookup-Apps funktionieren: Finden Sie die richtige Art von Dating-App"}]}]}},"_links":{"self":[{"href":"https:\/\/therifles.net\/de\/wp-json\/wp\/v2\/pages\/221"}],"collection":[{"href":"https:\/\/therifles.net\/de\/wp-json\/wp\/v2\/pages"}],"about":[{"href":"https:\/\/therifles.net\/de\/wp-json\/wp\/v2\/types\/page"}],"author":[{"embeddable":true,"href":"https:\/\/therifles.net\/de\/wp-json\/wp\/v2\/users\/1"}],"replies":[{"embeddable":true,"href":"https:\/\/therifles.net\/de\/wp-json\/wp\/v2\/comments?post=221"}],"version-history":[{"count":1,"href":"https:\/\/therifles.net\/de\/wp-json\/wp\/v2\/pages\/221\/revisions"}],"predecessor-version":[{"id":226,"href":"https:\/\/therifles.net\/de\/wp-json\/wp\/v2\/pages\/221\/revisions\/226"}],"wp:featuredmedia":[{"embeddable":true,"href":"https:\/\/therifles.net\/de\/wp-json\/wp\/v2\/media\/163"}],"wp:attachment":[{"href":"https:\/\/therifles.net\/de\/wp-json\/wp\/v2\/media?parent=221"}],"curies":[{"name":"wp","href":"https:\/\/api.w.org\/{rel}","templated":true}]}}