{"id":346,"date":"2022-08-05T11:21:13","date_gmt":"2022-08-05T10:21:13","guid":{"rendered":"http:\/\/therifles.net\/rigtige-dating-apps-til-singler-der-oensker-kaerlighed\/"},"modified":"2022-08-05T14:33:09","modified_gmt":"2022-08-05T13:33:09","slug":"rigtige-dating-apps-til-singler-der-oensker-kaerlighed","status":"publish","type":"page","link":"https:\/\/therifles.net\/da\/","title":{"rendered":"Rigtige dating apps til singler, der \u00f8nsker k\u00e6rlighed"},"content":{"rendered":"<p>K\u00e6mper du for at finde k\u00e6rlighed eller ligesindede kvinder?<\/p>\n<p>Du tror m\u00e5ske, at det er sv\u00e6rt nok at finde k\u00e6rligheden uden at skulle lede efter den online. Men datingsider for voksne g\u00f8r tingene lettere, fordi du kan filtrere medlemmer baseret p\u00e5 alder, k\u00f8n, placering, interesser, etnicitet, religion, kropstype, seksuel orientering, livsstilsvalg, forholdsstatus osv. Du beh\u00f8ver ikke engang at g\u00e5 ud og finde dem. Alt du skal g\u00f8re er at registrere dig online. N\u00e5r du har gjort det, kan du gennemse profiler og sende beskeder til potentielle matches.<\/p>\n<p>Det bedste ved datingapps for voksne er, at du er fri til at udtrykke dig selv. Der er ingen regler eller forskrifter &#8211; bare folk, der leder efter k\u00e6rlighed. Og da der ikke er noget, der forhindrer dig i at v\u00e6re \u00e6rlig, \u00e5ben og gennemsigtig, kan du fort\u00e6lle pr\u00e6cis, hvad du vil have fra en partner.<\/p>\n<p><img loading=\"lazy\" class=\"aligncenter wp-image-35\" src=\"http:\/\/therifles.net\/wp-content\/uploads\/2022\/08\/tinder-app-1024x683.jpeg\" alt=\"\" width=\"633\" height=\"422\" srcset=\"https:\/\/therifles.net\/wp-content\/uploads\/2022\/08\/tinder-app-1024x683.jpeg 1024w, https:\/\/therifles.net\/wp-content\/uploads\/2022\/08\/tinder-app-300x200.jpeg 300w, https:\/\/therifles.net\/wp-content\/uploads\/2022\/08\/tinder-app-768x512.jpeg 768w, https:\/\/therifles.net\/wp-content\/uploads\/2022\/08\/tinder-app-120x80.jpeg 120w, https:\/\/therifles.net\/wp-content\/uploads\/2022\/08\/tinder-app.jpeg 1125w\" sizes=\"(max-width: 633px) 100vw, 633px\" \/><\/p>\n<h2>Vores mission<\/h2>\n<p>Vi er en online dating anmeldelse site, hvor du ikke beh\u00f8ver at give dit rigtige navn, e-mail-adresse eller endda kreditkort nummer. Du kan gennemse profiler, sende beskeder, se fotos og videoer og endda f\u00e5 venner p\u00e5 vores sikre og sikre side.<\/p>\n<p>Hvis du leder efter k\u00e6rlighed, romantik, venskab eller sex, er du kommet til det rigtige sted. Vi tilbyder en helt anonym oplevelse, hvor ingen ved noget om dig, s\u00e5 du kan deltage i de bedste tilslutningsapps til at finde k\u00e6rlighed og mere. Tilmelding tager mindre end 5 minutter, og du kan tilmelde dig med det samme.<\/p>\n<p>Der er tusindvis af voksne, der allerede bruger vores hjemmeside til at finde k\u00e6rlighed, og mange af disse mennesker s\u00f8ger afslappede m\u00f8der. Hvis du er interesseret i at finde nogen speciel, hvorfor ikke pr\u00f8ve disse websteder i dag?<\/p>\n<h2>Vores top 4 favoritter<\/h2>\n<h3>Bumble<\/h3>\n<p>Bumble ligner Tinder, bortset fra at m\u00e6nd ikke beh\u00f8ver at indlede kontakt. Det g\u00f8r kvinder. Hvis en kvinde \u00f8nsker at matche med en mand, skal hun sende ham en anmodning. Hun beh\u00f8ver ikke at vente p\u00e5, at han r\u00e6kker ud til hende. I stedet kan hun blot stryge til venstre, hvis han ikke er interesseret, eller stryge til h\u00f8jre, hvis han er.<\/p>\n<p>Ud over casual dating kan Bumble ogs\u00e5 bruges til at finde et seri\u00f8st forhold. N\u00e5r man har oprettet en profil, kan man skrive om sig selv og inkludere ting som hobbyer, karrierem\u00e5l osv. De kan ogs\u00e5 skrive noget om deres ideelle partner, herunder fysiske tr\u00e6k, personlighed osv.<\/p>\n<h3>Kasual<\/h3>\n<p>Kasual er en gratis datingapplikation, der g\u00f8r det lettere at finde k\u00e6rlighed. Folk fors\u00f8ger at finde nogen speciel, og de leder efter m\u00e5der at g\u00f8re det anonymt p\u00e5. Appen fungerer som Tinder, hvor du stryger til venstre, hvis du ikke kan lide det, du ser, eller til h\u00f8jre, hvis du g\u00f8r det. Men i mods\u00e6tning til Tinder er der ingen m\u00e5de at sende beskeder til andre p\u00e5. I stedet stryger du bare til h\u00f8jre, hvis du tror, du ville sl\u00e5 det af med en anden person. Du kan sl\u00f8re dit ansigt og tilf\u00f8je et par emojis for at f\u00e5 dig selv til at se s\u00f8d ud. Og fordi appen ikke indsamler nogen data, vises den ikke i s\u00f8gninger.<\/p>\n<h3>V\u00e6r fr\u00e6k<\/h3>\n<p>BeNaughty er en online matchmaking-app, der giver dig mulighed for at m\u00f8de mennesker baseret p\u00e5 placering og interesser. Det er gratis at downloade og bruge, men det kr\u00e6ver en minimal indsats fra din side. Du \u00f8nsker ikke at v\u00e6re en af de mennesker, der synes, at tilmelding til en online datingside er for meget arbejde. S\u00e5 hvad venter du p\u00e5? Download BeNaughty nu og se, hvordan det fungerer.<\/p>\n<h3>Fyrsvamp<\/h3>\n<p>Tinder er den mest ber\u00f8mte datingapp i verden &#8211; og ikke underligt. Det er gratis, let at bruge og endnu lettere at glemme, n\u00e5r du m\u00f8der nogen. Hvis du vil tilslutte dig nogen, skal du bare stryge til venstre eller h\u00f8jre p\u00e5 hver enkelt person i dit omr\u00e5de. Og hvis du ikke ser nogen interessant, er der masser af andre derude, der venter p\u00e5 dig. Tinder er ikke perfekt, men det er bestemt v\u00e6rd at tjekke ud.<\/p>\n<p><img loading=\"lazy\" class=\"aligncenter wp-image-36\" src=\"http:\/\/therifles.net\/wp-content\/uploads\/2022\/08\/bench-dating.jpeg\" alt=\"\" width=\"580\" height=\"435\" srcset=\"https:\/\/therifles.net\/wp-content\/uploads\/2022\/08\/bench-dating.jpeg 1000w, https:\/\/therifles.net\/wp-content\/uploads\/2022\/08\/bench-dating-300x225.jpeg 300w, https:\/\/therifles.net\/wp-content\/uploads\/2022\/08\/bench-dating-768x576.jpeg 768w, https:\/\/therifles.net\/wp-content\/uploads\/2022\/08\/bench-dating-880x660.jpeg 880w\" sizes=\"(max-width: 580px) 100vw, 580px\" \/><\/p>\n<h2>F\u00e5 det bedste ud af datingapps<\/h2>\n<p>Vi forst\u00e5r, hvor frustrerende det kan v\u00e6re at pr\u00f8ve at finde nogen kompatibel. S\u00e5 vi har bygget vores anmeldelser for at hj\u00e6lpe dig med at f\u00e5 kontakt til andre p\u00e5 datingsider baseret p\u00e5 dine personlige pr\u00e6ferencer. Du beh\u00f8ver ikke bekymre dig om at sidde fast med en dato, der ikke passer til din livsstil. Og du ved altid, hvad du kan forvente, fordi vi s\u00f8rger for, at hver profil matcher dine forventninger.<\/p>\n<p>Uanset om det er afslappet sex eller seri\u00f8se forhold, er der masser af muligheder for at m\u00f8de nogen speciel. Men det kan v\u00e6re sv\u00e6rt at finde den bedste m\u00e5de at komme i kontakt med mennesker p\u00e5. Hvis du vil begynde at m\u00f8de ligesindede voksne, der deler lignende interesser.<\/p>\n<p>1. V\u00e6r dig selv &#8211; Fors\u00f8g ikke at foregive at v\u00e6re en anden. Hvis du leder efter et seri\u00f8st forhold, skal du ikke deltage i et websted, hvor alle bare har det sjovt. Folk vil gerne vide, hvad der f\u00e5r dig til at krydse. S\u00e5 fort\u00e6l os om dig selv. Fort\u00e6l os, hvad du kan lide at g\u00f8re, hvor mange penge du tjener, hobbyer osv. Dette hj\u00e6lper os med at matche dig med andre, der deler lignende tr\u00e6k. Vi hj\u00e6lper dig med at finde nogen, der deler dine v\u00e6rdier og personlighed.<\/p>\n<p>2. Match din profil med, hvad du vil have i en partner &#8211; T\u00e6nk over, hvilke kvaliteter du vil have i en partner.<\/p>\n<ul>\n<li>Er han\/hun sjov?<\/li>\n<li>Smart?<\/li>\n<li>Atletisk?<\/li>\n<li>Nyder hun\/han at tilbringe tid udend\u00f8rs?<\/li>\n<\/ul>\n<p>Disse ting kan hj\u00e6lpe dig med at indsn\u00e6vre feltet af potentielle kampe. For eksempel, hvis du ikke vil have nogen, der kan lide sport, vil du ikke se nogen, der spiller basketball p\u00e5 websteder som eHarmony.com. Eller hvis du vil have nogen, der nyder at h\u00e6nge ud.<\/p>\n<h3>LGBT+ Inklusiv<\/h3>\n<p>Verden af online dating er enorm. Med hundredvis af websteder derude er det lettere sagt end gjort at finde en, der passer til dine behov. Men hvis du leder efter noget specifikt, har vi samlet en komplet liste over kategorier, der sp\u00e6nder over hele spektret af seksuel orientering, herunder lige, homoseksuel, bi, trans og alt andet derimellem.<\/p>\n","protected":false},"excerpt":{"rendered":"<p>K\u00e6mper du for at finde k\u00e6rlighed eller ligesindede kvinder? Du tror m\u00e5ske, at det er sv\u00e6rt nok at finde k\u00e6rligheden<\/p>\n","protected":false},"author":1,"featured_media":0,"parent":0,"menu_order":0,"comment_status":"closed","ping_status":"closed","template":"","meta":[],"yoast_head":"<!-- This site is optimized with the Yoast SEO plugin v17.7.1 - https:\/\/yoast.com\/wordpress\/plugins\/seo\/ -->\n<title>Rigtige dating apps til singler, der \u00f8nsker k\u00e6rlighed - Moderne tilslutningsguide<\/title>\n<meta name=\"robots\" content=\"index, follow, max-snippet:-1, max-image-preview:large, max-video-preview:-1\" \/>\n<link rel=\"canonical\" href=\"https:\/\/therifles.net\/da\/\" \/>\n<meta property=\"og:locale\" content=\"da_DK\" \/>\n<meta property=\"og:type\" content=\"article\" \/>\n<meta property=\"og:title\" content=\"Rigtige dating apps til singler, der \u00f8nsker k\u00e6rlighed - Moderne tilslutningsguide\" \/>\n<meta property=\"og:description\" content=\"K\u00e6mper du for at finde k\u00e6rlighed eller ligesindede kvinder? Du tror m\u00e5ske, at det er sv\u00e6rt nok at finde k\u00e6rligheden\" \/>\n<meta property=\"og:url\" content=\"https:\/\/therifles.net\/da\/\" \/>\n<meta property=\"og:site_name\" content=\"Moderne tilslutningsguide\" \/>\n<meta property=\"article:modified_time\" content=\"2022-08-05T13:33:09+00:00\" \/>\n<meta property=\"og:image\" content=\"http:\/\/therifles.net\/wp-content\/uploads\/2022\/08\/tinder-app-1024x683.jpeg\" \/>\n<meta name=\"twitter:card\" content=\"summary_large_image\" \/>\n<meta name=\"twitter:label1\" content=\"Estimeret l\u00e6setid\" \/>\n\t<meta name=\"twitter:data1\" content=\"6 minutter\" \/>\n<script type=\"application\/ld+json\" class=\"yoast-schema-graph\">{\"@context\":\"https:\/\/schema.org\",\"@graph\":[{\"@type\":\"WebSite\",\"@id\":\"https:\/\/therifles.net\/#website\",\"url\":\"https:\/\/therifles.net\/\",\"name\":\"Moderne tilslutningsguide\",\"description\":\"Kontaktpersonlighed R\\u00e5dgiver\",\"potentialAction\":[{\"@type\":\"SearchAction\",\"target\":{\"@type\":\"EntryPoint\",\"urlTemplate\":\"https:\/\/therifles.net\/?s={search_term_string}\"},\"query-input\":\"required name=search_term_string\"}],\"inLanguage\":\"da-DK\"},{\"@type\":\"ImageObject\",\"@id\":\"https:\/\/therifles.net\/da\/#primaryimage\",\"inLanguage\":\"da-DK\",\"url\":\"http:\/\/therifles.net\/wp-content\/uploads\/2022\/08\/tinder-app-1024x683.jpeg\",\"contentUrl\":\"http:\/\/therifles.net\/wp-content\/uploads\/2022\/08\/tinder-app-1024x683.jpeg\"},{\"@type\":\"WebPage\",\"@id\":\"https:\/\/therifles.net\/da\/#webpage\",\"url\":\"https:\/\/therifles.net\/da\/\",\"name\":\"Rigtige dating apps til singler, der \\u00f8nsker k\\u00e6rlighed - Moderne tilslutningsguide\",\"isPartOf\":{\"@id\":\"https:\/\/therifles.net\/#website\"},\"primaryImageOfPage\":{\"@id\":\"https:\/\/therifles.net\/da\/#primaryimage\"},\"datePublished\":\"2022-08-05T10:21:13+00:00\",\"dateModified\":\"2022-08-05T13:33:09+00:00\",\"breadcrumb\":{\"@id\":\"https:\/\/therifles.net\/da\/#breadcrumb\"},\"inLanguage\":\"da-DK\",\"potentialAction\":[{\"@type\":\"ReadAction\",\"target\":[\"https:\/\/therifles.net\/da\/\"]}]},{\"@type\":\"BreadcrumbList\",\"@id\":\"https:\/\/therifles.net\/da\/#breadcrumb\",\"itemListElement\":[{\"@type\":\"ListItem\",\"position\":1,\"name\":\"Home\",\"item\":\"http:\/\/therifles.net\/da\/\"},{\"@type\":\"ListItem\",\"position\":2,\"name\":\"Rigtige dating apps til singler, der \\u00f8nsker k\\u00e6rlighed\"}]}]}<\/script>\n<!-- \/ Yoast SEO plugin. -->","yoast_head_json":{"title":"Rigtige dating apps til singler, der \u00f8nsker k\u00e6rlighed - Moderne tilslutningsguide","robots":{"index":"index","follow":"follow","max-snippet":"max-snippet:-1","max-image-preview":"max-image-preview:large","max-video-preview":"max-video-preview:-1"},"canonical":"https:\/\/therifles.net\/da\/","og_locale":"da_DK","og_type":"article","og_title":"Rigtige dating apps til singler, der \u00f8nsker k\u00e6rlighed - Moderne tilslutningsguide","og_description":"K\u00e6mper du for at finde k\u00e6rlighed eller ligesindede kvinder? Du tror m\u00e5ske, at det er sv\u00e6rt nok at finde k\u00e6rligheden","og_url":"https:\/\/therifles.net\/da\/","og_site_name":"Moderne tilslutningsguide","article_modified_time":"2022-08-05T13:33:09+00:00","og_image":[{"url":"http:\/\/therifles.net\/wp-content\/uploads\/2022\/08\/tinder-app-1024x683.jpeg"}],"twitter_card":"summary_large_image","twitter_misc":{"Estimeret l\u00e6setid":"6 minutter"},"schema":{"@context":"https:\/\/schema.org","@graph":[{"@type":"WebSite","@id":"https:\/\/therifles.net\/#website","url":"https:\/\/therifles.net\/","name":"Moderne tilslutningsguide","description":"Kontaktpersonlighed R\u00e5dgiver","potentialAction":[{"@type":"SearchAction","target":{"@type":"EntryPoint","urlTemplate":"https:\/\/therifles.net\/?s={search_term_string}"},"query-input":"required name=search_term_string"}],"inLanguage":"da-DK"},{"@type":"ImageObject","@id":"https:\/\/therifles.net\/da\/#primaryimage","inLanguage":"da-DK","url":"http:\/\/therifles.net\/wp-content\/uploads\/2022\/08\/tinder-app-1024x683.jpeg","contentUrl":"http:\/\/therifles.net\/wp-content\/uploads\/2022\/08\/tinder-app-1024x683.jpeg"},{"@type":"WebPage","@id":"https:\/\/therifles.net\/da\/#webpage","url":"https:\/\/therifles.net\/da\/","name":"Rigtige dating apps til singler, der \u00f8nsker k\u00e6rlighed - Moderne tilslutningsguide","isPartOf":{"@id":"https:\/\/therifles.net\/#website"},"primaryImageOfPage":{"@id":"https:\/\/therifles.net\/da\/#primaryimage"},"datePublished":"2022-08-05T10:21:13+00:00","dateModified":"2022-08-05T13:33:09+00:00","breadcrumb":{"@id":"https:\/\/therifles.net\/da\/#breadcrumb"},"inLanguage":"da-DK","potentialAction":[{"@type":"ReadAction","target":["https:\/\/therifles.net\/da\/"]}]},{"@type":"BreadcrumbList","@id":"https:\/\/therifles.net\/da\/#breadcrumb","itemListElement":[{"@type":"ListItem","position":1,"name":"Home","item":"http:\/\/therifles.net\/da\/"},{"@type":"ListItem","position":2,"name":"Rigtige dating apps til singler, der \u00f8nsker k\u00e6rlighed"}]}]}},"_links":{"self":[{"href":"https:\/\/therifles.net\/da\/wp-json\/wp\/v2\/pages\/346"}],"collection":[{"href":"https:\/\/therifles.net\/da\/wp-json\/wp\/v2\/pages"}],"about":[{"href":"https:\/\/therifles.net\/da\/wp-json\/wp\/v2\/types\/page"}],"author":[{"embeddable":true,"href":"https:\/\/therifles.net\/da\/wp-json\/wp\/v2\/users\/1"}],"replies":[{"embeddable":true,"href":"https:\/\/therifles.net\/da\/wp-json\/wp\/v2\/comments?post=346"}],"version-history":[{"count":1,"href":"https:\/\/therifles.net\/da\/wp-json\/wp\/v2\/pages\/346\/revisions"}],"predecessor-version":[{"id":347,"href":"https:\/\/therifles.net\/da\/wp-json\/wp\/v2\/pages\/346\/revisions\/347"}],"wp:attachment":[{"href":"https:\/\/therifles.net\/da\/wp-json\/wp\/v2\/media?parent=346"}],"curies":[{"name":"wp","href":"https:\/\/api.w.org\/{rel}","templated":true}]}}