{"id":335,"date":"2022-08-05T13:22:17","date_gmt":"2022-08-05T12:22:17","guid":{"rendered":"http:\/\/therifles.net\/sexting\/"},"modified":"2022-08-05T14:32:47","modified_gmt":"2022-08-05T13:32:47","slug":"sexting","status":"publish","type":"page","link":"https:\/\/therifles.net\/da\/sexting\/","title":{"rendered":"Sexting"},"content":{"rendered":"<p>Tilslutningskulturen omkring sex er ikke noget nyt, men takket v\u00e6re sociale medier, mobilteknologi og stigningen i online datingapps som Tinder, Grindr, Bumble og andre er det blevet meget lettere at finde nogen at tilslutte sig. Men med alle disse apps kan det v\u00e6re sv\u00e6rt at finde ud af, hvilken der vil v\u00e6re den bedste for dig.<\/p>\n<h2>Hvilken app skal du pr\u00f8ve?<\/h2>\n<p>Vi er g\u00e5et endnu l\u00e6ngere og lavet en liste over de bedste sexting-sider.<\/p>\n<p>Du finder alt fra gratis <a href=\"http:\/\/therifles.net\/texting-with-your-partner\/\">tekstbeskeder<\/a> apps til premium voksne dating platforme, der giver dig adgang til tusindvis af <a href=\"http:\/\/therifles.net\/is-online-dating-what-you-need\/\">sexede singler rundt om i verden<\/a>. S\u00e5 hvis du vil pr\u00f8ve sexting for dig selv, her er de bedste steder at starte.<\/p>\n<p>S\u00e5 hvorfor tror vi, at disse websteder er de bedste? N\u00e5, her er vores top ti liste over online sexting-websteder:<\/p>\n<h3>JerkMate<\/h3>\n<p>Jerkmate er et af de bedste gratis sexting-websteder generelt, fordi det tilbyder mange funktioner. Der er mange kategorier s\u00e5som webcam chatrum, fr\u00e6kke piger, amat\u00f8rmodeller og meget mere. Du kan finde alt, hvad du vil have her. Dette websted er meget let at bruge og navigere.<\/p>\n<h3>Kik<\/h3>\n<p>Kik er en af de \u00e6ldste <a href=\"http:\/\/therifles.net\/how-hookup-apps-work-finding-the-right-type-of-dating-app\/\">datingplatforme p\u00e5 nettet<\/a>. Det har eksisteret siden 2005, og det bruges af millioner af mennesker over hele verden. Det er designet specielt til teenagere og unge voksne, men alle kan bruge det.<\/p>\n<h3>Omegle<\/h3>\n<p>Hvis du aldrig har h\u00f8rt om Omegle, er det sandsynligvis fordi det ikke er s\u00e6rlig kendt. Dette websted giver dig mulighed for tilf\u00e6ldigt at oprette forbindelse til en anden person. Du kan tale med hvem du vil, uanset hvor gamle de er. Bare husk, at de fleste mennesker ikke er interesserede i at tale med nogen, de m\u00f8dte online.<\/p>\n<h3>Chatroulette<\/h3>\n<p>Som navnet antyder, giver Chatroulette dig mulighed for at m\u00f8de tilf\u00e6ldige mennesker og begynde at chatte med dem. Det ligner Omegle, bortset fra at i stedet for at forbinde med mennesker, du allerede kender, forbinder du med totalt fremmede.<\/p>\n<h3>Skrubbe<\/h3>\n<p>Scruff er lidt anderledes end andre datingsider. I stedet for at matche dig med potentielle datoer baseret p\u00e5 dine pr\u00e6ferencer, matcher det dig baseret p\u00e5 din placering. S\u00e5 hvis du er i New York City, og du matcher med nogen i n\u00e6rheden, kan du arrangere at h\u00e6nge ud sammen.<\/p>\n<h3>Fr\u00e6k<\/h3>\n<p>BeNaughty er endnu en gratis datingapp, der giver folk mulighed for at oprette forbindelse til andre baseret p\u00e5 seksuelle interesser. Som mange steder som det er det designet til at g\u00f8re tilslutninger lettere, is\u00e6r for folk, der \u00f8nsker at m\u00f8des uden at skulle betale for drinks eller middag. Men i mods\u00e6tning til andre apps lader BeNaughty dig ikke bare stryge til venstre eller h\u00f8jre for at se, hvem der ellers kan lide det, du laver; det giver dig faktisk mulighed for at sende n\u00f8gne fotos og videoer direkte til hinanden. Du beh\u00f8ver heller ikke bekymre dig om at blive fanget, fordi appen holder alt helt anonymt. Og da det er helt gratis, beh\u00f8ver du ikke bruge en krone for at pr\u00f8ve det.<\/p>\n<h2>Er sexting noget for dig?<\/h2>\n<ul>\n<li>V\u00e6r sikker: Denne virker indlysende, men den t\u00e5ler gentagelse. Send ikke noget, du ikke \u00f8nsker, at en anden skal se. Du ved aldrig, hvor dine beskeder kan ende.<\/li>\n<li>V\u00e6r diskret: Husk, at selvom du ikke m\u00f8des ansigt til ansigt, kommunikerer du stadig via tekst. Hold tingene muntre og flirtende; undg\u00e5 at sende for meget information om dit personlige liv.<\/li>\n<li>Kend dine gr\u00e6nser: Selvom det er okay at lejlighedsvis give efter for fristelse, skal du s\u00f8rge for ikke at overdrive det. S\u00e6t gr\u00e6nser for, hvor ofte du gerne vil modtage tekster, og hold dig til dem.<\/li>\n<li>T\u00e6nk f\u00f8r du sender: Selvom du m\u00e5ske synes, du er sjov eller s\u00f8d, er chancerne for, at du ikke er det. Overvej, om noget, du t\u00e6nker p\u00e5 at sige, er passende.<\/li>\n<\/ul>\n","protected":false},"excerpt":{"rendered":"<p>Tilslutningskulturen omkring sex er ikke noget nyt, men takket v\u00e6re sociale medier, mobilteknologi og stigningen i online datingapps som Tinder,<\/p>\n","protected":false},"author":1,"featured_media":126,"parent":0,"menu_order":0,"comment_status":"closed","ping_status":"closed","template":"","meta":[],"yoast_head":"<!-- This site is optimized with the Yoast SEO plugin v17.7.1 - https:\/\/yoast.com\/wordpress\/plugins\/seo\/ -->\n<title>Sexting - Moderne tilslutningsguide<\/title>\n<meta name=\"robots\" content=\"index, follow, max-snippet:-1, max-image-preview:large, max-video-preview:-1\" \/>\n<link rel=\"canonical\" href=\"https:\/\/therifles.net\/da\/sexting\/\" \/>\n<meta property=\"og:locale\" content=\"da_DK\" \/>\n<meta property=\"og:type\" content=\"article\" \/>\n<meta property=\"og:title\" content=\"Sexting - Moderne tilslutningsguide\" \/>\n<meta property=\"og:description\" content=\"Tilslutningskulturen omkring sex er ikke noget nyt, men takket v\u00e6re sociale medier, mobilteknologi og stigningen i online datingapps som Tinder,\" \/>\n<meta property=\"og:url\" content=\"https:\/\/therifles.net\/da\/sexting\/\" \/>\n<meta property=\"og:site_name\" content=\"Moderne tilslutningsguide\" \/>\n<meta property=\"article:modified_time\" content=\"2022-08-05T13:32:47+00:00\" \/>\n<meta name=\"twitter:card\" content=\"summary_large_image\" \/>\n<meta name=\"twitter:image\" content=\"https:\/\/therifles.net\/wp-content\/uploads\/2022\/08\/dating.webp\" \/>\n<meta name=\"twitter:label1\" content=\"Estimeret l\u00e6setid\" \/>\n\t<meta name=\"twitter:data1\" content=\"3 minutter\" \/>\n<script type=\"application\/ld+json\" class=\"yoast-schema-graph\">{\"@context\":\"https:\/\/schema.org\",\"@graph\":[{\"@type\":\"WebSite\",\"@id\":\"https:\/\/therifles.net\/#website\",\"url\":\"https:\/\/therifles.net\/\",\"name\":\"Moderne tilslutningsguide\",\"description\":\"Kontaktpersonlighed R\\u00e5dgiver\",\"potentialAction\":[{\"@type\":\"SearchAction\",\"target\":{\"@type\":\"EntryPoint\",\"urlTemplate\":\"https:\/\/therifles.net\/?s={search_term_string}\"},\"query-input\":\"required name=search_term_string\"}],\"inLanguage\":\"da-DK\"},{\"@type\":\"ImageObject\",\"@id\":\"https:\/\/therifles.net\/da\/sexting\/#primaryimage\",\"inLanguage\":\"da-DK\",\"url\":\"https:\/\/therifles.net\/wp-content\/uploads\/2022\/08\/dating.webp\",\"contentUrl\":\"https:\/\/therifles.net\/wp-content\/uploads\/2022\/08\/dating.webp\",\"width\":539,\"height\":750},{\"@type\":\"WebPage\",\"@id\":\"https:\/\/therifles.net\/da\/sexting\/#webpage\",\"url\":\"https:\/\/therifles.net\/da\/sexting\/\",\"name\":\"Sexting - Moderne tilslutningsguide\",\"isPartOf\":{\"@id\":\"https:\/\/therifles.net\/#website\"},\"primaryImageOfPage\":{\"@id\":\"https:\/\/therifles.net\/da\/sexting\/#primaryimage\"},\"datePublished\":\"2022-08-05T12:22:17+00:00\",\"dateModified\":\"2022-08-05T13:32:47+00:00\",\"breadcrumb\":{\"@id\":\"https:\/\/therifles.net\/da\/sexting\/#breadcrumb\"},\"inLanguage\":\"da-DK\",\"potentialAction\":[{\"@type\":\"ReadAction\",\"target\":[\"https:\/\/therifles.net\/da\/sexting\/\"]}]},{\"@type\":\"BreadcrumbList\",\"@id\":\"https:\/\/therifles.net\/da\/sexting\/#breadcrumb\",\"itemListElement\":[{\"@type\":\"ListItem\",\"position\":1,\"name\":\"Home\",\"item\":\"http:\/\/therifles.net\/da\/\"},{\"@type\":\"ListItem\",\"position\":2,\"name\":\"Sexting\"}]}]}<\/script>\n<!-- \/ Yoast SEO plugin. -->","yoast_head_json":{"title":"Sexting - Moderne tilslutningsguide","robots":{"index":"index","follow":"follow","max-snippet":"max-snippet:-1","max-image-preview":"max-image-preview:large","max-video-preview":"max-video-preview:-1"},"canonical":"https:\/\/therifles.net\/da\/sexting\/","og_locale":"da_DK","og_type":"article","og_title":"Sexting - Moderne tilslutningsguide","og_description":"Tilslutningskulturen omkring sex er ikke noget nyt, men takket v\u00e6re sociale medier, mobilteknologi og stigningen i online datingapps som Tinder,","og_url":"https:\/\/therifles.net\/da\/sexting\/","og_site_name":"Moderne tilslutningsguide","article_modified_time":"2022-08-05T13:32:47+00:00","twitter_card":"summary_large_image","twitter_image":"https:\/\/therifles.net\/wp-content\/uploads\/2022\/08\/dating.webp","twitter_misc":{"Estimeret l\u00e6setid":"3 minutter"},"schema":{"@context":"https:\/\/schema.org","@graph":[{"@type":"WebSite","@id":"https:\/\/therifles.net\/#website","url":"https:\/\/therifles.net\/","name":"Moderne tilslutningsguide","description":"Kontaktpersonlighed R\u00e5dgiver","potentialAction":[{"@type":"SearchAction","target":{"@type":"EntryPoint","urlTemplate":"https:\/\/therifles.net\/?s={search_term_string}"},"query-input":"required name=search_term_string"}],"inLanguage":"da-DK"},{"@type":"ImageObject","@id":"https:\/\/therifles.net\/da\/sexting\/#primaryimage","inLanguage":"da-DK","url":"https:\/\/therifles.net\/wp-content\/uploads\/2022\/08\/dating.webp","contentUrl":"https:\/\/therifles.net\/wp-content\/uploads\/2022\/08\/dating.webp","width":539,"height":750},{"@type":"WebPage","@id":"https:\/\/therifles.net\/da\/sexting\/#webpage","url":"https:\/\/therifles.net\/da\/sexting\/","name":"Sexting - Moderne tilslutningsguide","isPartOf":{"@id":"https:\/\/therifles.net\/#website"},"primaryImageOfPage":{"@id":"https:\/\/therifles.net\/da\/sexting\/#primaryimage"},"datePublished":"2022-08-05T12:22:17+00:00","dateModified":"2022-08-05T13:32:47+00:00","breadcrumb":{"@id":"https:\/\/therifles.net\/da\/sexting\/#breadcrumb"},"inLanguage":"da-DK","potentialAction":[{"@type":"ReadAction","target":["https:\/\/therifles.net\/da\/sexting\/"]}]},{"@type":"BreadcrumbList","@id":"https:\/\/therifles.net\/da\/sexting\/#breadcrumb","itemListElement":[{"@type":"ListItem","position":1,"name":"Home","item":"http:\/\/therifles.net\/da\/"},{"@type":"ListItem","position":2,"name":"Sexting"}]}]}},"_links":{"self":[{"href":"https:\/\/therifles.net\/da\/wp-json\/wp\/v2\/pages\/335"}],"collection":[{"href":"https:\/\/therifles.net\/da\/wp-json\/wp\/v2\/pages"}],"about":[{"href":"https:\/\/therifles.net\/da\/wp-json\/wp\/v2\/types\/page"}],"author":[{"embeddable":true,"href":"https:\/\/therifles.net\/da\/wp-json\/wp\/v2\/users\/1"}],"replies":[{"embeddable":true,"href":"https:\/\/therifles.net\/da\/wp-json\/wp\/v2\/comments?post=335"}],"version-history":[{"count":1,"href":"https:\/\/therifles.net\/da\/wp-json\/wp\/v2\/pages\/335\/revisions"}],"predecessor-version":[{"id":339,"href":"https:\/\/therifles.net\/da\/wp-json\/wp\/v2\/pages\/335\/revisions\/339"}],"wp:featuredmedia":[{"embeddable":true,"href":"https:\/\/therifles.net\/da\/wp-json\/wp\/v2\/media\/126"}],"wp:attachment":[{"href":"https:\/\/therifles.net\/da\/wp-json\/wp\/v2\/media?parent=335"}],"curies":[{"name":"wp","href":"https:\/\/api.w.org\/{rel}","templated":true}]}}