{"id":272,"date":"2022-08-05T13:26:39","date_gmt":"2022-08-05T12:26:39","guid":{"rendered":"http:\/\/therifles.net\/hanrej\/"},"modified":"2022-08-05T14:32:33","modified_gmt":"2022-08-05T13:32:33","slug":"hanrej","status":"publish","type":"page","link":"https:\/\/therifles.net\/da\/hanrej\/","title":{"rendered":"Hanrej"},"content":{"rendered":"<p>Der er mange forskellige grunde til, at m\u00e6nd \u00f8nsker at se deres koner snyde dem. Nogle mennesker nyder sp\u00e6ndingen ved at se deres partnere kneppe en anden, mens andre simpelthen kan lide at se deres kone \/ veninder have det sjovt. Uanset \u00e5rsagen, hvis du leder efter et <a href=\"http:\/\/therifles.net\/sexting\/\">hotwife-tilslutningssted<\/a>, har vi d\u00e6kket dig.<\/p>\n<p>Vi har pr\u00f8vet stort set alle websteder og apps, der findes, og her er dem, der fungerer bedst for os. Hvis du leder efter noget andet, s\u00e5 lad os det vide i kommentarfeltet.<\/p>\n<p>Her er 4 af de bedste datingsider for hanrej i dag:<\/p>\n<h3>F\u00e5 det p\u00e5<\/h3>\n<p>GetItOn.com er # 1 Adult Dating Community for folk, der \u00f8nsker at snyde deres \u00e6gtef\u00e6lle. Vi hj\u00e6lper m\u00e6nd og kvinder med at m\u00f8de hinanden online for sjov, venskab og muligvis \u00e6gteskab. Vores medlemmer omfatter gifte, enlige og enke voksne, der \u00f8nsker at udforske en verden af snyd. Uanset om du er en kvinde, der s\u00f8ger en mand at snyde med, eller en mand, der leder efter en varm kone, har vi d\u00e6kket dig.<\/p>\n<h3>3Summer<\/h3>\n<p>3Sum er # 1 trekant dating apps for folk, der \u00f8nsker at m\u00f8des med andre par. Uanset om du leder efter et one night stand eller noget langsigtet, har vi d\u00e6kket dig. Vi g\u00f8r det hurtigt og nemt at finde lokale sexdatoer, uanset om du leder efter afslappede m\u00f8der, svingende fester eller endda en fuldbl\u00e6st trekant. Vores medlemmer omfatter b\u00e5de heteroseksuelle og bi-par samt dem, der er interesserede i BDSM. Du kan gennemse vores profiler baseret p\u00e5 placering, alder, interesser, forholdsstatus og seksuel orientering.<\/p>\n<p>Vi tilbyder den mest omfattende online oplevelse til at m\u00f8de andre, der er i de samme ting, som du er. Med over 2 millioner aktive brugere er vi sikre p\u00e5, at der er nogen derude for alle. Tilmeld dig nu, og begynd at f\u00e5 venner i dag!<\/p>\n<h3>Alt<\/h3>\n<p>Alt er et af de st\u00f8rste online datingsider for voksne, der tilbyder tusindvis af mennesker, der s\u00f8ger diskrete forhold, afslappede m\u00f8der, uforpligtende knyttet sex eller bare venner med fordele. Uanset om det er p\u00e5 udkig efter en partner, en ven eller en elsker, tilbyder Alt et sikkert milj\u00f8, hvor alle kan oprette forbindelse til andre, der deler lignende interesser. Med over 10 millioner registrerede brugere over hele verden giver Alt et sikkert sted for voksne at udforske deres seksualitet uden at d\u00f8mme.<\/p>\n<h3>AFF<\/h3>\n<p>Hvis du leder efter et sted, hvor du finder masser af varme m\u00e6nd, der \u00f8nsker at <a href=\"http:\/\/therifles.net\/best-apps-for-finding-a-serious-relationship\/\">tilslutte sig online<\/a>, kan Adult Friend Finder v\u00e6re den bedste mulighed derude. Men det er ingen hemmelighed, at AFF ikke er perfekt. Faktisk er der masser af grunde til, at det er et af de mest kontroversielle steder rundt. Og selvom det helt sikkert er rigtigt, at AFF tilbyder nogle unikke funktioner, er det ogs\u00e5 v\u00e6rd at bem\u00e6rke, at der ogs\u00e5 er masser af andre muligheder derude.<\/p>\n<p>Selvf\u00f8lgelig skal du betale for premiummedlemskab, men det er valgfrit. Hvis du beslutter dig for at opgradere, f\u00e5r du adgang til masser af ekstra funktioner, herunder videochats, webcam-feeds, instant messaging, e-mail, mobilapps og meget mere.<\/p>\n<h2>Typer af funktioner<\/h2>\n<h3>En god brugeroplevelse<\/h3>\n<p>Du er sandsynligvis ligeglad med, hvor smukt webstedet ser ud. Men det betyder noget, om folk hurtigt og nemt kan finde det, de leder efter. Du skal ikke bruge timer p\u00e5 at lede efter nogen at tale med. Hvis dit websted ikke indl\u00e6ses hurtigt nok, hopper folk af.<\/p>\n<h3>Nem navigation<\/h3>\n<p>Hvis du ikke tilbyder nem navigation, ved folk ikke, hvor de skal hen, n\u00e5r de lander. De tror m\u00e5ske endda, at du snyder dem. G\u00f8r det nemt at navigere rundt p\u00e5 dit websted og finde det, du \u00f8nsker.<\/p>\n<h3>Masser af muligheder<\/h3>\n<p>Der er ikke noget v\u00e6rre end at tilmelde sig et tilslutningssted og finde ud af, at der ikke er mange muligheder. Lad det ikke ske for dig. Der b\u00f8r v\u00e6re mange m\u00e5der at forbinde med forskellige typer mennesker.<\/p>\n","protected":false},"excerpt":{"rendered":"<p>Der er mange forskellige grunde til, at m\u00e6nd \u00f8nsker at se deres koner snyde dem. Nogle mennesker nyder sp\u00e6ndingen ved<\/p>\n","protected":false},"author":1,"featured_media":137,"parent":0,"menu_order":0,"comment_status":"closed","ping_status":"closed","template":"","meta":[],"yoast_head":"<!-- This site is optimized with the Yoast SEO plugin v17.7.1 - https:\/\/yoast.com\/wordpress\/plugins\/seo\/ -->\n<title>Hanrej - Moderne tilslutningsguide<\/title>\n<meta name=\"robots\" content=\"index, follow, max-snippet:-1, max-image-preview:large, max-video-preview:-1\" \/>\n<link rel=\"canonical\" href=\"https:\/\/therifles.net\/da\/hanrej\/\" \/>\n<meta property=\"og:locale\" content=\"da_DK\" \/>\n<meta property=\"og:type\" content=\"article\" \/>\n<meta property=\"og:title\" content=\"Hanrej - Moderne tilslutningsguide\" \/>\n<meta property=\"og:description\" content=\"Der er mange forskellige grunde til, at m\u00e6nd \u00f8nsker at se deres koner snyde dem. Nogle mennesker nyder sp\u00e6ndingen ved\" \/>\n<meta property=\"og:url\" content=\"https:\/\/therifles.net\/da\/hanrej\/\" \/>\n<meta property=\"og:site_name\" content=\"Moderne tilslutningsguide\" \/>\n<meta property=\"article:modified_time\" content=\"2022-08-05T13:32:33+00:00\" \/>\n<meta name=\"twitter:card\" content=\"summary_large_image\" \/>\n<meta name=\"twitter:image\" content=\"https:\/\/therifles.net\/wp-content\/uploads\/2022\/08\/real-sex-apps.webp\" \/>\n<meta name=\"twitter:label1\" content=\"Estimeret l\u00e6setid\" \/>\n\t<meta name=\"twitter:data1\" content=\"3 minutter\" \/>\n<script type=\"application\/ld+json\" class=\"yoast-schema-graph\">{\"@context\":\"https:\/\/schema.org\",\"@graph\":[{\"@type\":\"WebSite\",\"@id\":\"http:\/\/therifles.net\/#website\",\"url\":\"http:\/\/therifles.net\/\",\"name\":\"Moderne tilslutningsguide\",\"description\":\"Kontaktpersonlighed R\\u00e5dgiver\",\"potentialAction\":[{\"@type\":\"SearchAction\",\"target\":{\"@type\":\"EntryPoint\",\"urlTemplate\":\"http:\/\/therifles.net\/?s={search_term_string}\"},\"query-input\":\"required name=search_term_string\"}],\"inLanguage\":\"da-DK\"},{\"@type\":\"ImageObject\",\"@id\":\"https:\/\/therifles.net\/da\/hanrej\/#primaryimage\",\"inLanguage\":\"da-DK\",\"url\":\"https:\/\/therifles.net\/wp-content\/uploads\/2022\/08\/real-sex-apps.webp\",\"contentUrl\":\"https:\/\/therifles.net\/wp-content\/uploads\/2022\/08\/real-sex-apps.webp\",\"width\":1125,\"height\":750},{\"@type\":\"WebPage\",\"@id\":\"https:\/\/therifles.net\/da\/hanrej\/#webpage\",\"url\":\"https:\/\/therifles.net\/da\/hanrej\/\",\"name\":\"Hanrej - Moderne tilslutningsguide\",\"isPartOf\":{\"@id\":\"http:\/\/therifles.net\/#website\"},\"primaryImageOfPage\":{\"@id\":\"https:\/\/therifles.net\/da\/hanrej\/#primaryimage\"},\"datePublished\":\"2022-08-05T12:26:39+00:00\",\"dateModified\":\"2022-08-05T13:32:33+00:00\",\"breadcrumb\":{\"@id\":\"https:\/\/therifles.net\/da\/hanrej\/#breadcrumb\"},\"inLanguage\":\"da-DK\",\"potentialAction\":[{\"@type\":\"ReadAction\",\"target\":[\"https:\/\/therifles.net\/da\/hanrej\/\"]}]},{\"@type\":\"BreadcrumbList\",\"@id\":\"https:\/\/therifles.net\/da\/hanrej\/#breadcrumb\",\"itemListElement\":[{\"@type\":\"ListItem\",\"position\":1,\"name\":\"Home\",\"item\":\"https:\/\/therifles.net\/da\/\"},{\"@type\":\"ListItem\",\"position\":2,\"name\":\"Hanrej\"}]}]}<\/script>\n<!-- \/ Yoast SEO plugin. -->","yoast_head_json":{"title":"Hanrej - Moderne tilslutningsguide","robots":{"index":"index","follow":"follow","max-snippet":"max-snippet:-1","max-image-preview":"max-image-preview:large","max-video-preview":"max-video-preview:-1"},"canonical":"https:\/\/therifles.net\/da\/hanrej\/","og_locale":"da_DK","og_type":"article","og_title":"Hanrej - Moderne tilslutningsguide","og_description":"Der er mange forskellige grunde til, at m\u00e6nd \u00f8nsker at se deres koner snyde dem. Nogle mennesker nyder sp\u00e6ndingen ved","og_url":"https:\/\/therifles.net\/da\/hanrej\/","og_site_name":"Moderne tilslutningsguide","article_modified_time":"2022-08-05T13:32:33+00:00","twitter_card":"summary_large_image","twitter_image":"https:\/\/therifles.net\/wp-content\/uploads\/2022\/08\/real-sex-apps.webp","twitter_misc":{"Estimeret l\u00e6setid":"3 minutter"},"schema":{"@context":"https:\/\/schema.org","@graph":[{"@type":"WebSite","@id":"http:\/\/therifles.net\/#website","url":"http:\/\/therifles.net\/","name":"Moderne tilslutningsguide","description":"Kontaktpersonlighed R\u00e5dgiver","potentialAction":[{"@type":"SearchAction","target":{"@type":"EntryPoint","urlTemplate":"http:\/\/therifles.net\/?s={search_term_string}"},"query-input":"required name=search_term_string"}],"inLanguage":"da-DK"},{"@type":"ImageObject","@id":"https:\/\/therifles.net\/da\/hanrej\/#primaryimage","inLanguage":"da-DK","url":"https:\/\/therifles.net\/wp-content\/uploads\/2022\/08\/real-sex-apps.webp","contentUrl":"https:\/\/therifles.net\/wp-content\/uploads\/2022\/08\/real-sex-apps.webp","width":1125,"height":750},{"@type":"WebPage","@id":"https:\/\/therifles.net\/da\/hanrej\/#webpage","url":"https:\/\/therifles.net\/da\/hanrej\/","name":"Hanrej - Moderne tilslutningsguide","isPartOf":{"@id":"http:\/\/therifles.net\/#website"},"primaryImageOfPage":{"@id":"https:\/\/therifles.net\/da\/hanrej\/#primaryimage"},"datePublished":"2022-08-05T12:26:39+00:00","dateModified":"2022-08-05T13:32:33+00:00","breadcrumb":{"@id":"https:\/\/therifles.net\/da\/hanrej\/#breadcrumb"},"inLanguage":"da-DK","potentialAction":[{"@type":"ReadAction","target":["https:\/\/therifles.net\/da\/hanrej\/"]}]},{"@type":"BreadcrumbList","@id":"https:\/\/therifles.net\/da\/hanrej\/#breadcrumb","itemListElement":[{"@type":"ListItem","position":1,"name":"Home","item":"https:\/\/therifles.net\/da\/"},{"@type":"ListItem","position":2,"name":"Hanrej"}]}]}},"_links":{"self":[{"href":"https:\/\/therifles.net\/da\/wp-json\/wp\/v2\/pages\/272"}],"collection":[{"href":"https:\/\/therifles.net\/da\/wp-json\/wp\/v2\/pages"}],"about":[{"href":"https:\/\/therifles.net\/da\/wp-json\/wp\/v2\/types\/page"}],"author":[{"embeddable":true,"href":"https:\/\/therifles.net\/da\/wp-json\/wp\/v2\/users\/1"}],"replies":[{"embeddable":true,"href":"https:\/\/therifles.net\/da\/wp-json\/wp\/v2\/comments?post=272"}],"version-history":[{"count":1,"href":"https:\/\/therifles.net\/da\/wp-json\/wp\/v2\/pages\/272\/revisions"}],"predecessor-version":[{"id":273,"href":"https:\/\/therifles.net\/da\/wp-json\/wp\/v2\/pages\/272\/revisions\/273"}],"wp:featuredmedia":[{"embeddable":true,"href":"https:\/\/therifles.net\/da\/wp-json\/wp\/v2\/media\/137"}],"wp:attachment":[{"href":"https:\/\/therifles.net\/da\/wp-json\/wp\/v2\/media?parent=272"}],"curies":[{"name":"wp","href":"https:\/\/api.w.org\/{rel}","templated":true}]}}